{"id":1920,"date":"2025-01-02T16:08:00","date_gmt":"2025-01-02T14:08:00","guid":{"rendered":"https:\/\/opus-folyoirat.sk\/?page_id=1920"},"modified":"2025-09-23T08:38:20","modified_gmt":"2025-09-23T06:38:20","slug":"1920-2","status":"publish","type":"page","link":"https:\/\/opus-folyoirat.sk\/?page_id=1920","title":{"rendered":"Balogh Ildik\u00f3"},"content":{"rendered":"<div class=\"wp-block-post-date\"><time datetime=\"2025-01-02T16:08:00+02:00\">2025-01-02<\/time><\/div>\n\n\n<p><\/p>\n\n\n\n<div class=\"wp-block-group is-vertical is-layout-flex wp-container-core-group-is-layout-8cf370e7 wp-block-group-is-layout-flex\">\n<p class=\"has-medium-font-size\"><strong>Szerelmes dal ismeretlen nyelven \u00e9s annak \u201eford\u00edt\u00e1sa\u201d<\/strong><\/p>\n\n\n\n<p class=\"has-text-align-right\"><em>We\u00f6res S\u00e1ndor: Barb\u00e1r dal c\u00edm\u0171 m\u0171ve nyom\u00e1n<\/em><\/p>\n\n\n\n<p class=\"has-text-align-right\"><\/p>\n\n\n\n<pre class=\"wp-block-preformatted\">Om halik\u00fc kerem \nHambal hentaid\u00fc \nHalik\u00fc nom keram \nPer arota mi\u00fc\n\nOm halik\u00fcm karem \nFanno beragid\u00fc\nMo halira fered\nEn maro hener\u00fc\n\n*\n\nHa szerelmed voln\u00e9k \nL\u00e1gyan simogatn\u00e1l \nSzerelmed nem vagyok \nKezed \u00fcgy\u00e9ben bot.\n\nHa szerelmem lenn\u00e9l \nCs\u00f3kom r\u00e1d leheln\u00e9m \nDe szerelem elker\u00fcl \n\u00cdgy \u00e9n messze menn\u00e9k<\/pre>\n<\/div>\n\n\n\n<p class=\"has-text-align-right\"><em>A vers megjelent a 2024\/1-es Opusban<\/em><\/p>\n","protected":false},"excerpt":{"rendered":"<p>Szerelmes dal ismeretlen nyelven \u00e9s annak \u201eford\u00edt\u00e1sa\u201d We\u00f6res S\u00e1ndor: Barb\u00e1r dal c\u00edm\u0171 m\u0171ve nyom\u00e1n Om halik\u00fc kerem Hambal hentaid\u00fc Halik\u00fc nom keram Per arota mi\u00fc Om halik\u00fcm karem Fanno beragid\u00fc Mo halira fered En maro hener\u00fc * Ha szerelmed voln\u00e9k &hellip; <a href=\"https:\/\/opus-folyoirat.sk\/?page_id=1920\">Egy kattint\u00e1s ide a folytat\u00e1shoz&#8230;. <span class=\"meta-nav\">&rarr;<\/span><\/a><\/p>\n","protected":false},"author":4,"featured_media":0,"parent":20,"menu_order":0,"comment_status":"closed","ping_status":"closed","template":"","meta":{"footnotes":""},"class_list":["post-1920","page","type-page","status-publish","hentry"],"_links":{"self":[{"href":"https:\/\/opus-folyoirat.sk\/index.php?rest_route=\/wp\/v2\/pages\/1920","targetHints":{"allow":["GET"]}}],"collection":[{"href":"https:\/\/opus-folyoirat.sk\/index.php?rest_route=\/wp\/v2\/pages"}],"about":[{"href":"https:\/\/opus-folyoirat.sk\/index.php?rest_route=\/wp\/v2\/types\/page"}],"author":[{"embeddable":true,"href":"https:\/\/opus-folyoirat.sk\/index.php?rest_route=\/wp\/v2\/users\/4"}],"replies":[{"embeddable":true,"href":"https:\/\/opus-folyoirat.sk\/index.php?rest_route=%2Fwp%2Fv2%2Fcomments&post=1920"}],"version-history":[{"count":6,"href":"https:\/\/opus-folyoirat.sk\/index.php?rest_route=\/wp\/v2\/pages\/1920\/revisions"}],"predecessor-version":[{"id":2688,"href":"https:\/\/opus-folyoirat.sk\/index.php?rest_route=\/wp\/v2\/pages\/1920\/revisions\/2688"}],"up":[{"embeddable":true,"href":"https:\/\/opus-folyoirat.sk\/index.php?rest_route=\/wp\/v2\/pages\/20"}],"wp:attachment":[{"href":"https:\/\/opus-folyoirat.sk\/index.php?rest_route=%2Fwp%2Fv2%2Fmedia&parent=1920"}],"curies":[{"name":"wp","href":"https:\/\/api.w.org\/{rel}","templated":true}]}}