{"id":1928,"date":"2025-01-01T16:16:00","date_gmt":"2025-01-01T14:16:00","guid":{"rendered":"https:\/\/opus-folyoirat.sk\/?page_id=1928"},"modified":"2025-09-23T08:37:19","modified_gmt":"2025-09-23T06:37:19","slug":"1928-2","status":"publish","type":"page","link":"https:\/\/opus-folyoirat.sk\/?page_id=1928","title":{"rendered":"Z. N\u00e9meth Istv\u00e1n"},"content":{"rendered":"<div class=\"wp-block-post-date\"><time datetime=\"2025-01-01T16:16:00+02:00\">2025-01-01<\/time><\/div>\n\n\n<p class=\"has-medium-font-size\"><strong>\u00d6narck\u00e9p l\u00e1ngokban&nbsp;<\/strong><\/p>\n\n\n\n<p>Legyen mondjuk egy hegy, <br>a hegyen szamarak.<br>Sz\u00e9l borzolja a sz\u0151r\u00fcket, <br>ahogy lemegy a nap.<br><br>Az \u00e9jszaka van\u00edlia legyen,<br>a hold pedig narancs.<br>A szamarak n\u00e9m\u00e1n legeljenek, <br>fej\u00fck\u00f6n agancs. <br><br>Azt\u00e1n a pill\u00e1juk rezd\u00fcl\u00e9se<br>\u00e1ll\u00edtsa meg a szelet.<br>L\u00e1ssam, ahogy angyalok sz\u00e1llnak <br>a b\u00fazaf\u00f6ldek felett. <\/p>\n\n\n\n<p class=\"has-text-align-right\"><em>A vers megjelent az Opus 2023\/5-\u00f6s sz\u00e1m\u00e1ban.<\/em><br><\/p>\n\n\n\n<p><\/p>\n","protected":false},"excerpt":{"rendered":"<p>\u00d6narck\u00e9p l\u00e1ngokban&nbsp; Legyen mondjuk egy hegy, a hegyen szamarak.Sz\u00e9l borzolja a sz\u0151r\u00fcket, ahogy lemegy a nap. Az \u00e9jszaka van\u00edlia legyen,a hold pedig narancs.A szamarak n\u00e9m\u00e1n legeljenek, fej\u00fck\u00f6n agancs. Azt\u00e1n a pill\u00e1juk rezd\u00fcl\u00e9se\u00e1ll\u00edtsa meg a szelet.L\u00e1ssam, ahogy angyalok sz\u00e1llnak a b\u00fazaf\u00f6ldek &hellip; <a href=\"https:\/\/opus-folyoirat.sk\/?page_id=1928\">Egy kattint\u00e1s ide a folytat\u00e1shoz&#8230;. <span class=\"meta-nav\">&rarr;<\/span><\/a><\/p>\n","protected":false},"author":4,"featured_media":0,"parent":20,"menu_order":0,"comment_status":"closed","ping_status":"closed","template":"","meta":{"footnotes":""},"class_list":["post-1928","page","type-page","status-publish","hentry"],"_links":{"self":[{"href":"https:\/\/opus-folyoirat.sk\/index.php?rest_route=\/wp\/v2\/pages\/1928","targetHints":{"allow":["GET"]}}],"collection":[{"href":"https:\/\/opus-folyoirat.sk\/index.php?rest_route=\/wp\/v2\/pages"}],"about":[{"href":"https:\/\/opus-folyoirat.sk\/index.php?rest_route=\/wp\/v2\/types\/page"}],"author":[{"embeddable":true,"href":"https:\/\/opus-folyoirat.sk\/index.php?rest_route=\/wp\/v2\/users\/4"}],"replies":[{"embeddable":true,"href":"https:\/\/opus-folyoirat.sk\/index.php?rest_route=%2Fwp%2Fv2%2Fcomments&post=1928"}],"version-history":[{"count":4,"href":"https:\/\/opus-folyoirat.sk\/index.php?rest_route=\/wp\/v2\/pages\/1928\/revisions"}],"predecessor-version":[{"id":2687,"href":"https:\/\/opus-folyoirat.sk\/index.php?rest_route=\/wp\/v2\/pages\/1928\/revisions\/2687"}],"up":[{"embeddable":true,"href":"https:\/\/opus-folyoirat.sk\/index.php?rest_route=\/wp\/v2\/pages\/20"}],"wp:attachment":[{"href":"https:\/\/opus-folyoirat.sk\/index.php?rest_route=%2Fwp%2Fv2%2Fmedia&parent=1928"}],"curies":[{"name":"wp","href":"https:\/\/api.w.org\/{rel}","templated":true}]}}