{"id":1942,"date":"2025-02-11T16:38:02","date_gmt":"2025-02-11T14:38:02","guid":{"rendered":"https:\/\/opus-folyoirat.sk\/?page_id=1942"},"modified":"2025-02-11T17:03:08","modified_gmt":"2025-02-11T15:03:08","slug":"1942-2","status":"publish","type":"page","link":"https:\/\/opus-folyoirat.sk\/?page_id=1942","title":{"rendered":"G\u00e9czi J\u00e1nos k\u00e9pz\u0151m\u0171v\u00e9szete a 91-es Opusban"},"content":{"rendered":"\n<figure class=\"wp-block-image size-full\"><img loading=\"lazy\" decoding=\"async\" width=\"795\" height=\"800\" src=\"https:\/\/opus-folyoirat.sk\/wp-content\/uploads\/2024\/10\/Geczi_Janos_kolto.jpeg\" alt=\"\" class=\"wp-image-1425\" srcset=\"https:\/\/opus-folyoirat.sk\/wp-content\/uploads\/2024\/10\/Geczi_Janos_kolto.jpeg 795w, https:\/\/opus-folyoirat.sk\/wp-content\/uploads\/2024\/10\/Geczi_Janos_kolto-298x300.jpeg 298w, https:\/\/opus-folyoirat.sk\/wp-content\/uploads\/2024\/10\/Geczi_Janos_kolto-150x150.jpeg 150w, https:\/\/opus-folyoirat.sk\/wp-content\/uploads\/2024\/10\/Geczi_Janos_kolto-768x773.jpeg 768w\" sizes=\"auto, (max-width: 795px) 100vw, 795px\" \/><\/figure>\n\n\n\n<p><strong>G\u00e9czi J\u00e1nos<\/strong>&nbsp;J\u00f3zsef Attila-d\u00edjas&nbsp;\u00edr\u00f3 \u00e9s k\u00e9pz\u0151m\u0171v\u00e9sz, egyetemi oktat\u00f3 Monostorp\u00e1lyiban sz\u00fcletett 1954-ben. Az \u00e1ltal\u00e1nos iskola elv\u00e9gz\u00e9se ut\u00e1n a debreceni T\u00f3th \u00c1rp\u00e1d Gimn\u00e1zium biol\u00f3gia-k\u00e9mia tagozat\u00e1ra j\u00e1rt, ahol&nbsp;1972-ben szerzett \u00e9retts\u00e9git, majd sikeres felv\u00e9telit nyert a&nbsp;J\u00f3zsef Attila Tudom\u00e1nyegyetem&nbsp;(ma:&nbsp;Szegedi Tudom\u00e1nyegyetem) kutat\u00f3 biol\u00f3gus szak\u00e1ra. Harmad\u00e9ves kor\u00e1t\u00f3l az Antropol\u00f3gia Tansz\u00e9ken tev\u00e9kenykedett&nbsp;Farkas Gyula&nbsp;vezet\u00e9se mellett.&nbsp;1978-ban szerzett biol\u00f3gia-szakos diplom\u00e1t.<\/p>\n\n\n\n<div class=\"wp-block-columns is-layout-flex wp-container-core-columns-is-layout-9d6595d7 wp-block-columns-is-layout-flex\">\n<div class=\"wp-block-column is-layout-flow wp-block-column-is-layout-flow\">\n<figure class=\"wp-block-image size-large\"><a href=\"https:\/\/opus-folyoirat.sk\/wp-content\/uploads\/2024\/10\/Geczinagykollazs2023-15-scaled.jpg\"><img loading=\"lazy\" decoding=\"async\" width=\"1024\" height=\"624\" src=\"http:\/\/opus-folyoirat.sk\/wp-content\/uploads\/2024\/10\/Geczinagykollazs2023-15-1024x624.jpg\" alt=\"\" class=\"wp-image-1373\" srcset=\"https:\/\/opus-folyoirat.sk\/wp-content\/uploads\/2024\/10\/Geczinagykollazs2023-15-1024x624.jpg 1024w, https:\/\/opus-folyoirat.sk\/wp-content\/uploads\/2024\/10\/Geczinagykollazs2023-15-300x183.jpg 300w, https:\/\/opus-folyoirat.sk\/wp-content\/uploads\/2024\/10\/Geczinagykollazs2023-15-768x468.jpg 768w, https:\/\/opus-folyoirat.sk\/wp-content\/uploads\/2024\/10\/Geczinagykollazs2023-15-1536x935.jpg 1536w, https:\/\/opus-folyoirat.sk\/wp-content\/uploads\/2024\/10\/Geczinagykollazs2023-15-2048x1247.jpg 2048w, https:\/\/opus-folyoirat.sk\/wp-content\/uploads\/2024\/10\/Geczinagykollazs2023-15-493x300.jpg 493w\" sizes=\"auto, (max-width: 1024px) 100vw, 1024px\" \/><\/a><\/figure>\n<\/div>\n\n\n\n<div class=\"wp-block-column is-layout-flow wp-block-column-is-layout-flow\">\n<figure class=\"wp-block-image size-large\"><a href=\"https:\/\/opus-folyoirat.sk\/wp-content\/uploads\/2024\/10\/Geczinagykollazs2023-13-scaled.jpg\"><img loading=\"lazy\" decoding=\"async\" width=\"1024\" height=\"640\" src=\"http:\/\/opus-folyoirat.sk\/wp-content\/uploads\/2024\/10\/Geczinagykollazs2023-13-1024x640.jpg\" alt=\"\" class=\"wp-image-1372\" srcset=\"https:\/\/opus-folyoirat.sk\/wp-content\/uploads\/2024\/10\/Geczinagykollazs2023-13-1024x640.jpg 1024w, https:\/\/opus-folyoirat.sk\/wp-content\/uploads\/2024\/10\/Geczinagykollazs2023-13-300x187.jpg 300w, https:\/\/opus-folyoirat.sk\/wp-content\/uploads\/2024\/10\/Geczinagykollazs2023-13-768x480.jpg 768w, https:\/\/opus-folyoirat.sk\/wp-content\/uploads\/2024\/10\/Geczinagykollazs2023-13-1536x960.jpg 1536w, https:\/\/opus-folyoirat.sk\/wp-content\/uploads\/2024\/10\/Geczinagykollazs2023-13-2048x1280.jpg 2048w, https:\/\/opus-folyoirat.sk\/wp-content\/uploads\/2024\/10\/Geczinagykollazs2023-13-480x300.jpg 480w\" sizes=\"auto, (max-width: 1024px) 100vw, 1024px\" \/><\/a><\/figure>\n<\/div>\n\n\n\n<div class=\"wp-block-column is-layout-flow wp-block-column-is-layout-flow\">\n<figure class=\"wp-block-image size-large\"><a href=\"https:\/\/opus-folyoirat.sk\/wp-content\/uploads\/2024\/10\/Geczinagykollazs2023-12-scaled.jpg\"><img loading=\"lazy\" decoding=\"async\" width=\"1024\" height=\"639\" src=\"http:\/\/opus-folyoirat.sk\/wp-content\/uploads\/2024\/10\/Geczinagykollazs2023-12-1024x639.jpg\" alt=\"\" class=\"wp-image-1371\" srcset=\"https:\/\/opus-folyoirat.sk\/wp-content\/uploads\/2024\/10\/Geczinagykollazs2023-12-1024x639.jpg 1024w, https:\/\/opus-folyoirat.sk\/wp-content\/uploads\/2024\/10\/Geczinagykollazs2023-12-300x187.jpg 300w, https:\/\/opus-folyoirat.sk\/wp-content\/uploads\/2024\/10\/Geczinagykollazs2023-12-768x479.jpg 768w, https:\/\/opus-folyoirat.sk\/wp-content\/uploads\/2024\/10\/Geczinagykollazs2023-12-1536x958.jpg 1536w, https:\/\/opus-folyoirat.sk\/wp-content\/uploads\/2024\/10\/Geczinagykollazs2023-12-2048x1278.jpg 2048w, https:\/\/opus-folyoirat.sk\/wp-content\/uploads\/2024\/10\/Geczinagykollazs2023-12-481x300.jpg 481w\" sizes=\"auto, (max-width: 1024px) 100vw, 1024px\" \/><\/a><\/figure>\n<\/div>\n<\/div>\n\n\n\n<div class=\"wp-block-columns is-layout-flex wp-container-core-columns-is-layout-9d6595d7 wp-block-columns-is-layout-flex\">\n<div class=\"wp-block-column is-layout-flow wp-block-column-is-layout-flow\">\n<figure class=\"wp-block-image size-large\"><a href=\"https:\/\/opus-folyoirat.sk\/wp-content\/uploads\/2024\/10\/Geczinagykollazs2023-11-scaled.jpg\"><img loading=\"lazy\" decoding=\"async\" width=\"1024\" height=\"642\" src=\"http:\/\/opus-folyoirat.sk\/wp-content\/uploads\/2024\/10\/Geczinagykollazs2023-11-1024x642.jpg\" alt=\"\" class=\"wp-image-1370\" srcset=\"https:\/\/opus-folyoirat.sk\/wp-content\/uploads\/2024\/10\/Geczinagykollazs2023-11-1024x642.jpg 1024w, https:\/\/opus-folyoirat.sk\/wp-content\/uploads\/2024\/10\/Geczinagykollazs2023-11-300x188.jpg 300w, https:\/\/opus-folyoirat.sk\/wp-content\/uploads\/2024\/10\/Geczinagykollazs2023-11-768x482.jpg 768w, https:\/\/opus-folyoirat.sk\/wp-content\/uploads\/2024\/10\/Geczinagykollazs2023-11-1536x964.jpg 1536w, https:\/\/opus-folyoirat.sk\/wp-content\/uploads\/2024\/10\/Geczinagykollazs2023-11-2048x1285.jpg 2048w, https:\/\/opus-folyoirat.sk\/wp-content\/uploads\/2024\/10\/Geczinagykollazs2023-11-478x300.jpg 478w\" sizes=\"auto, (max-width: 1024px) 100vw, 1024px\" \/><\/a><\/figure>\n<\/div>\n\n\n\n<div class=\"wp-block-column is-layout-flow wp-block-column-is-layout-flow\">\n<figure class=\"wp-block-image size-large\"><a href=\"https:\/\/opus-folyoirat.sk\/wp-content\/uploads\/2024\/10\/Geczinagykollazs2023-9-scaled.jpg\"><img loading=\"lazy\" decoding=\"async\" width=\"1024\" height=\"640\" src=\"http:\/\/opus-folyoirat.sk\/wp-content\/uploads\/2024\/10\/Geczinagykollazs2023-9-1024x640.jpg\" alt=\"\" class=\"wp-image-1369\" srcset=\"https:\/\/opus-folyoirat.sk\/wp-content\/uploads\/2024\/10\/Geczinagykollazs2023-9-1024x640.jpg 1024w, https:\/\/opus-folyoirat.sk\/wp-content\/uploads\/2024\/10\/Geczinagykollazs2023-9-300x188.jpg 300w, https:\/\/opus-folyoirat.sk\/wp-content\/uploads\/2024\/10\/Geczinagykollazs2023-9-768x480.jpg 768w, https:\/\/opus-folyoirat.sk\/wp-content\/uploads\/2024\/10\/Geczinagykollazs2023-9-1536x961.jpg 1536w, https:\/\/opus-folyoirat.sk\/wp-content\/uploads\/2024\/10\/Geczinagykollazs2023-9-2048x1281.jpg 2048w, https:\/\/opus-folyoirat.sk\/wp-content\/uploads\/2024\/10\/Geczinagykollazs2023-9-480x300.jpg 480w\" sizes=\"auto, (max-width: 1024px) 100vw, 1024px\" \/><\/a><\/figure>\n<\/div>\n\n\n\n<div class=\"wp-block-column is-layout-flow wp-block-column-is-layout-flow\">\n<figure class=\"wp-block-image size-large\"><a href=\"https:\/\/opus-folyoirat.sk\/wp-content\/uploads\/2024\/10\/Geczinagykollazs2023-8-scaled.jpg\"><img loading=\"lazy\" decoding=\"async\" width=\"1024\" height=\"640\" src=\"http:\/\/opus-folyoirat.sk\/wp-content\/uploads\/2024\/10\/Geczinagykollazs2023-8-1024x640.jpg\" alt=\"\" class=\"wp-image-1368\" srcset=\"https:\/\/opus-folyoirat.sk\/wp-content\/uploads\/2024\/10\/Geczinagykollazs2023-8-1024x640.jpg 1024w, https:\/\/opus-folyoirat.sk\/wp-content\/uploads\/2024\/10\/Geczinagykollazs2023-8-300x188.jpg 300w, https:\/\/opus-folyoirat.sk\/wp-content\/uploads\/2024\/10\/Geczinagykollazs2023-8-768x480.jpg 768w, https:\/\/opus-folyoirat.sk\/wp-content\/uploads\/2024\/10\/Geczinagykollazs2023-8-1536x961.jpg 1536w, https:\/\/opus-folyoirat.sk\/wp-content\/uploads\/2024\/10\/Geczinagykollazs2023-8-2048x1281.jpg 2048w, https:\/\/opus-folyoirat.sk\/wp-content\/uploads\/2024\/10\/Geczinagykollazs2023-8-480x300.jpg 480w\" sizes=\"auto, (max-width: 1024px) 100vw, 1024px\" \/><\/a><\/figure>\n<\/div>\n<\/div>\n\n\n\n<p>1979-1988&nbsp;k\u00f6z\u00f6tt a veszpr\u00e9mi Orsz\u00e1gos Oktat\u00e1stechnikai K\u00f6zpontban volt a biol\u00f3gia tant\u00e1rgyi szerkeszt\u0151je. 1988 \u00e9s 1999&nbsp;k\u00f6z\u00f6tt az Oktat\u00e1skutat\u00f3 Int\u00e9zet k\u00f6nyvkiad\u00f3j\u00e1t vezette.&nbsp;1990-t\u0151l az&nbsp;Iskolakult\u00fara&nbsp;szerkeszt\u0151je. K\u00f6zben 1991 \u00e9s 1996&nbsp;k\u00f6z\u00f6tt az Orsz\u00e1gos K\u00f6zoktat\u00e1si Int\u00e9zet munkat\u00e1rsa.&nbsp;1993-2000 k\u00f6z\u00f6tt a&nbsp;V\u00e1r ucca 17&nbsp;szerkeszt\u0151je. 1995-t\u0151l a p\u00e9csi Janus Pannonius (ut\u00f3bb: P\u00e9csi Tudom\u00e1nyegyetem) teljes, majd f\u00e9l\u00e1ll\u00e1s\u00fa oktat\u00f3ja, habilit\u00e1lt docens, majd 2003-t\u00f3l 2017-ig a veszpr\u00e9mi Pannon Egyetem munkat\u00e1rsa, az MFTK Filoz\u00f3fia, T\u00f6rt\u00e9nelemtudom\u00e1ny \u00e9s Antropol\u00f3gia int\u00e9zet vezet\u0151je, az utols\u00f3 7 \u00e9vben a kar strat\u00e9giai d\u00e9k\u00e1nhelyettese. 2021 \u00f3ta az&nbsp;MTA doktora.<\/p>\n\n\n\n<div class=\"wp-block-columns is-layout-flex wp-container-core-columns-is-layout-9d6595d7 wp-block-columns-is-layout-flex\">\n<div class=\"wp-block-column is-layout-flow wp-block-column-is-layout-flow\">\n<figure class=\"wp-block-image size-large\"><a href=\"https:\/\/opus-folyoirat.sk\/wp-content\/uploads\/2024\/10\/Geczinagykollazs2023-7-scaled.jpg\"><img loading=\"lazy\" decoding=\"async\" width=\"1024\" height=\"636\" src=\"http:\/\/opus-folyoirat.sk\/wp-content\/uploads\/2024\/10\/Geczinagykollazs2023-7-1024x636.jpg\" alt=\"\" class=\"wp-image-1367\" srcset=\"https:\/\/opus-folyoirat.sk\/wp-content\/uploads\/2024\/10\/Geczinagykollazs2023-7-1024x636.jpg 1024w, https:\/\/opus-folyoirat.sk\/wp-content\/uploads\/2024\/10\/Geczinagykollazs2023-7-300x186.jpg 300w, https:\/\/opus-folyoirat.sk\/wp-content\/uploads\/2024\/10\/Geczinagykollazs2023-7-768x477.jpg 768w, https:\/\/opus-folyoirat.sk\/wp-content\/uploads\/2024\/10\/Geczinagykollazs2023-7-1536x955.jpg 1536w, https:\/\/opus-folyoirat.sk\/wp-content\/uploads\/2024\/10\/Geczinagykollazs2023-7-2048x1273.jpg 2048w, https:\/\/opus-folyoirat.sk\/wp-content\/uploads\/2024\/10\/Geczinagykollazs2023-7-483x300.jpg 483w\" sizes=\"auto, (max-width: 1024px) 100vw, 1024px\" \/><\/a><\/figure>\n<\/div>\n\n\n\n<div class=\"wp-block-column is-layout-flow wp-block-column-is-layout-flow\">\n<figure class=\"wp-block-image size-large\"><a href=\"https:\/\/opus-folyoirat.sk\/wp-content\/uploads\/2024\/10\/Geczinagykollazs2023-6-scaled.jpg\"><img loading=\"lazy\" decoding=\"async\" width=\"1024\" height=\"637\" src=\"http:\/\/opus-folyoirat.sk\/wp-content\/uploads\/2024\/10\/Geczinagykollazs2023-6-1024x637.jpg\" alt=\"\" class=\"wp-image-1366\" srcset=\"https:\/\/opus-folyoirat.sk\/wp-content\/uploads\/2024\/10\/Geczinagykollazs2023-6-1024x637.jpg 1024w, https:\/\/opus-folyoirat.sk\/wp-content\/uploads\/2024\/10\/Geczinagykollazs2023-6-300x187.jpg 300w, https:\/\/opus-folyoirat.sk\/wp-content\/uploads\/2024\/10\/Geczinagykollazs2023-6-768x477.jpg 768w, https:\/\/opus-folyoirat.sk\/wp-content\/uploads\/2024\/10\/Geczinagykollazs2023-6-1536x955.jpg 1536w, https:\/\/opus-folyoirat.sk\/wp-content\/uploads\/2024\/10\/Geczinagykollazs2023-6-2048x1273.jpg 2048w, https:\/\/opus-folyoirat.sk\/wp-content\/uploads\/2024\/10\/Geczinagykollazs2023-6-483x300.jpg 483w\" sizes=\"auto, (max-width: 1024px) 100vw, 1024px\" \/><\/a><\/figure>\n<\/div>\n<\/div>\n\n\n\n<p>Tagja volt a nagysiker\u0171&nbsp;100 sz\u00f3ban Veszpr\u00e9m&nbsp;t\u00f6rt\u00e9net\u00edr\u00f3 p\u00e1ly\u00e1zat zs\u0171rij\u00e9nek, melyet 2022-ben a vil\u00e1gon els\u0151 alkalommal hirdettek meg k\u00f6z\u00e9pv\u00e1rosban.<\/p>\n\n\n\n<p>1980 \u00f3ta szerepel ki\u00e1ll\u00edt\u00e1sokon, k\u00e9pz\u0151m\u0171v\u00e9szk\u00e9nt val\u00f3 elismerts\u00e9ge m\u00e9gis k\u00e9s\u0151i. Pedig folyamatosan mutatja be koll\u00e1zsait, dekoll\u00e1zsait, elektrografik\u00e1it, digit\u00e1lis fot\u00f3it, k\u00e9pverseit kollekt\u00edv t\u00e1rlatokon \u00e9s egy\u00e9ni ki\u00e1ll\u00edt\u00e1sokon. Budapesten, Veszpr\u00e9mben, Kaposv\u00e1ron, Szegeden, Debrecenben \u00e9s m\u00e1sutt.<\/p>\n\n\n\n<div class=\"wp-block-columns is-layout-flex wp-container-core-columns-is-layout-9d6595d7 wp-block-columns-is-layout-flex\">\n<div class=\"wp-block-column is-layout-flow wp-block-column-is-layout-flow\">\n<figure class=\"wp-block-image size-large\"><a href=\"https:\/\/opus-folyoirat.sk\/wp-content\/uploads\/2024\/10\/Geczinagykollazs2023-5-scaled.jpg\"><img loading=\"lazy\" decoding=\"async\" width=\"1024\" height=\"654\" src=\"http:\/\/opus-folyoirat.sk\/wp-content\/uploads\/2024\/10\/Geczinagykollazs2023-5-1024x654.jpg\" alt=\"\" class=\"wp-image-1365\" srcset=\"https:\/\/opus-folyoirat.sk\/wp-content\/uploads\/2024\/10\/Geczinagykollazs2023-5-1024x654.jpg 1024w, https:\/\/opus-folyoirat.sk\/wp-content\/uploads\/2024\/10\/Geczinagykollazs2023-5-300x191.jpg 300w, https:\/\/opus-folyoirat.sk\/wp-content\/uploads\/2024\/10\/Geczinagykollazs2023-5-768x490.jpg 768w, https:\/\/opus-folyoirat.sk\/wp-content\/uploads\/2024\/10\/Geczinagykollazs2023-5-1536x980.jpg 1536w, https:\/\/opus-folyoirat.sk\/wp-content\/uploads\/2024\/10\/Geczinagykollazs2023-5-2048x1307.jpg 2048w, https:\/\/opus-folyoirat.sk\/wp-content\/uploads\/2024\/10\/Geczinagykollazs2023-5-470x300.jpg 470w\" sizes=\"auto, (max-width: 1024px) 100vw, 1024px\" \/><\/a><\/figure>\n<\/div>\n\n\n\n<div class=\"wp-block-column is-layout-flow wp-block-column-is-layout-flow\">\n<figure class=\"wp-block-image size-large\"><a href=\"https:\/\/opus-folyoirat.sk\/wp-content\/uploads\/2024\/10\/Geczinagykollazs2023-41-scaled.jpg\"><img loading=\"lazy\" decoding=\"async\" width=\"1024\" height=\"639\" src=\"http:\/\/opus-folyoirat.sk\/wp-content\/uploads\/2024\/10\/Geczinagykollazs2023-41-1024x639.jpg\" alt=\"\" class=\"wp-image-1364\" srcset=\"https:\/\/opus-folyoirat.sk\/wp-content\/uploads\/2024\/10\/Geczinagykollazs2023-41-1024x639.jpg 1024w, https:\/\/opus-folyoirat.sk\/wp-content\/uploads\/2024\/10\/Geczinagykollazs2023-41-300x187.jpg 300w, https:\/\/opus-folyoirat.sk\/wp-content\/uploads\/2024\/10\/Geczinagykollazs2023-41-768x479.jpg 768w, https:\/\/opus-folyoirat.sk\/wp-content\/uploads\/2024\/10\/Geczinagykollazs2023-41-1536x959.jpg 1536w, https:\/\/opus-folyoirat.sk\/wp-content\/uploads\/2024\/10\/Geczinagykollazs2023-41-2048x1278.jpg 2048w, https:\/\/opus-folyoirat.sk\/wp-content\/uploads\/2024\/10\/Geczinagykollazs2023-41-481x300.jpg 481w\" sizes=\"auto, (max-width: 1024px) 100vw, 1024px\" \/><\/a><\/figure>\n<\/div>\n<\/div>\n\n\n\n<p><strong><\/strong>2001-ben mutatt\u00e1k be az \u00cdr\u00f3k Boltj\u00e1ban a&nbsp;<em>Sz\u00f6veg-T\u00e9r-K\u00e9p<\/em>&nbsp;\u2013&nbsp;<em>\u00cdr\u00e1sok G\u00e9czi J\u00e1nos m\u0171veir\u0151l<\/em>&nbsp;c\u00edm\u0171 k\u00f6tetet. Ut\u00e1na indult el az a lass\u00fa folyamat, amelynek k\u00f6vetkezt\u00e9ben elkezd\u0151d\u00f6tt a sz\u00e9p\u00edr\u00f3 \u00e9s tud\u00f3s mellett a k\u00e9pz\u0151m\u0171v\u00e9sz G\u00e9czi J\u00e1nos felfedez\u00e9se. Vizu\u00e1lis munk\u00e1i legal\u00e1bb annyira szokatlannak bizonyultak, mint terjedelmes, sok r\u00e9teg\u0171, sok jelent\u00e9s\u0171 \u00edr\u00e1sos tev\u00e9kenys\u00e9ge.<\/p>\n\n\n\n<div class=\"wp-block-columns is-layout-flex wp-container-core-columns-is-layout-9d6595d7 wp-block-columns-is-layout-flex\">\n<div class=\"wp-block-column is-layout-flow wp-block-column-is-layout-flow\">\n<figure class=\"wp-block-image size-large\"><a href=\"https:\/\/opus-folyoirat.sk\/wp-content\/uploads\/2024\/10\/GecziIMG_3676.jpeg\"><img loading=\"lazy\" decoding=\"async\" width=\"1018\" height=\"1024\" src=\"http:\/\/opus-folyoirat.sk\/wp-content\/uploads\/2024\/10\/GecziIMG_3676-1018x1024.jpeg\" alt=\"\" class=\"wp-image-1363\" srcset=\"https:\/\/opus-folyoirat.sk\/wp-content\/uploads\/2024\/10\/GecziIMG_3676-1018x1024.jpeg 1018w, https:\/\/opus-folyoirat.sk\/wp-content\/uploads\/2024\/10\/GecziIMG_3676-298x300.jpeg 298w, https:\/\/opus-folyoirat.sk\/wp-content\/uploads\/2024\/10\/GecziIMG_3676-150x150.jpeg 150w, https:\/\/opus-folyoirat.sk\/wp-content\/uploads\/2024\/10\/GecziIMG_3676-768x773.jpeg 768w, https:\/\/opus-folyoirat.sk\/wp-content\/uploads\/2024\/10\/GecziIMG_3676-1526x1536.jpeg 1526w, https:\/\/opus-folyoirat.sk\/wp-content\/uploads\/2024\/10\/GecziIMG_3676-2035x2048.jpeg 2035w\" sizes=\"auto, (max-width: 1018px) 100vw, 1018px\" \/><\/a><\/figure>\n<\/div>\n\n\n\n<div class=\"wp-block-column is-layout-flow wp-block-column-is-layout-flow\">\n<figure class=\"wp-block-image size-large\"><a href=\"https:\/\/opus-folyoirat.sk\/wp-content\/uploads\/2024\/10\/GecziIMG_3674.jpeg\"><img loading=\"lazy\" decoding=\"async\" width=\"1024\" height=\"1018\" src=\"http:\/\/opus-folyoirat.sk\/wp-content\/uploads\/2024\/10\/GecziIMG_3674-1024x1018.jpeg\" alt=\"\" class=\"wp-image-1362\" srcset=\"https:\/\/opus-folyoirat.sk\/wp-content\/uploads\/2024\/10\/GecziIMG_3674-1024x1018.jpeg 1024w, https:\/\/opus-folyoirat.sk\/wp-content\/uploads\/2024\/10\/GecziIMG_3674-300x298.jpeg 300w, https:\/\/opus-folyoirat.sk\/wp-content\/uploads\/2024\/10\/GecziIMG_3674-150x150.jpeg 150w, https:\/\/opus-folyoirat.sk\/wp-content\/uploads\/2024\/10\/GecziIMG_3674-768x764.jpeg 768w, https:\/\/opus-folyoirat.sk\/wp-content\/uploads\/2024\/10\/GecziIMG_3674-1536x1528.jpeg 1536w, https:\/\/opus-folyoirat.sk\/wp-content\/uploads\/2024\/10\/GecziIMG_3674-2048x2037.jpeg 2048w, https:\/\/opus-folyoirat.sk\/wp-content\/uploads\/2024\/10\/GecziIMG_3674-302x300.jpeg 302w\" sizes=\"auto, (max-width: 1024px) 100vw, 1024px\" \/><\/a><\/figure>\n<\/div>\n<\/div>\n\n\n\n<p>Az \u00e1tt\u00f6r\u00e9st, a k\u00e9pz\u0151m\u0171v\u00e9sz G\u00e9czi J\u00e1nos el\u0151t\u00e9rbe ker\u00fcl\u00e9s\u00e9t a 2023-ban Veszpr\u00e9mben, Eur\u00f3pa Kultur\u00e1lis F\u0151v\u00e1ros\u00e1ban, a M\u0171v\u00e9szetek H\u00e1za n\u00e9ven m\u0171k\u00f6d\u0151 Dubniczay-palot\u00e1ban B\u00e1n Andr\u00e1s \u00e1ltal szakszer\u0171en rendezett ki\u00e1ll\u00edt\u00e1s v\u00e1ltotta ki.<\/p>\n","protected":false},"excerpt":{"rendered":"<p>G\u00e9czi J\u00e1nos&nbsp;J\u00f3zsef Attila-d\u00edjas&nbsp;\u00edr\u00f3 \u00e9s k\u00e9pz\u0151m\u0171v\u00e9sz, egyetemi oktat\u00f3 Monostorp\u00e1lyiban sz\u00fcletett 1954-ben. Az \u00e1ltal\u00e1nos iskola elv\u00e9gz\u00e9se ut\u00e1n a debreceni T\u00f3th \u00c1rp\u00e1d Gimn\u00e1zium biol\u00f3gia-k\u00e9mia tagozat\u00e1ra j\u00e1rt, ahol&nbsp;1972-ben szerzett \u00e9retts\u00e9git, majd sikeres felv\u00e9telit nyert a&nbsp;J\u00f3zsef Attila Tudom\u00e1nyegyetem&nbsp;(ma:&nbsp;Szegedi Tudom\u00e1nyegyetem) kutat\u00f3 biol\u00f3gus szak\u00e1ra. Harmad\u00e9ves kor\u00e1t\u00f3l az &hellip; <a href=\"https:\/\/opus-folyoirat.sk\/?page_id=1942\">Egy kattint\u00e1s ide a folytat\u00e1shoz&#8230;. <span class=\"meta-nav\">&rarr;<\/span><\/a><\/p>\n","protected":false},"author":4,"featured_media":0,"parent":948,"menu_order":0,"comment_status":"closed","ping_status":"closed","template":"","meta":{"footnotes":""},"class_list":["post-1942","page","type-page","status-publish","hentry"],"_links":{"self":[{"href":"https:\/\/opus-folyoirat.sk\/index.php?rest_route=\/wp\/v2\/pages\/1942","targetHints":{"allow":["GET"]}}],"collection":[{"href":"https:\/\/opus-folyoirat.sk\/index.php?rest_route=\/wp\/v2\/pages"}],"about":[{"href":"https:\/\/opus-folyoirat.sk\/index.php?rest_route=\/wp\/v2\/types\/page"}],"author":[{"embeddable":true,"href":"https:\/\/opus-folyoirat.sk\/index.php?rest_route=\/wp\/v2\/users\/4"}],"replies":[{"embeddable":true,"href":"https:\/\/opus-folyoirat.sk\/index.php?rest_route=%2Fwp%2Fv2%2Fcomments&post=1942"}],"version-history":[{"count":5,"href":"https:\/\/opus-folyoirat.sk\/index.php?rest_route=\/wp\/v2\/pages\/1942\/revisions"}],"predecessor-version":[{"id":1970,"href":"https:\/\/opus-folyoirat.sk\/index.php?rest_route=\/wp\/v2\/pages\/1942\/revisions\/1970"}],"up":[{"embeddable":true,"href":"https:\/\/opus-folyoirat.sk\/index.php?rest_route=\/wp\/v2\/pages\/948"}],"wp:attachment":[{"href":"https:\/\/opus-folyoirat.sk\/index.php?rest_route=%2Fwp%2Fv2%2Fmedia&parent=1942"}],"curies":[{"name":"wp","href":"https:\/\/api.w.org\/{rel}","templated":true}]}}