{"id":1947,"date":"2025-02-11T16:47:11","date_gmt":"2025-02-11T14:47:11","guid":{"rendered":"https:\/\/opus-folyoirat.sk\/?page_id=1947"},"modified":"2025-02-11T17:02:22","modified_gmt":"2025-02-11T15:02:22","slug":"1947-2","status":"publish","type":"page","link":"https:\/\/opus-folyoirat.sk\/?page_id=1947","title":{"rendered":"M. Kiss M\u00e1rta az Opus 90. sz\u00e1m\u00e1ban"},"content":{"rendered":"\n<p>M. Kiss M\u00e1rta \u00edzig-v\u00e9rig csall\u00f3k\u00f6zi fest\u0151, s\u0151t m\u0171v\u00e9sz, azaz fest\u0151m\u0171v\u00e9sz, aki sz\u00f3 szerint sz\u00fcl\u0151f\u00f6ldj\u00e9t haszn\u00e1lja a k\u00e9pei elk\u00e9sz\u00edt\u00e9s\u00e9hez. &#8222;<strong>Sz\u00edv\u00e9b\u0151l \u00e9s ecsetj\u00e9b\u0151l a term\u00e9szet der\u0171je \u00e1rad. Lehengerl\u0151 k\u00f6zvetlens\u00e9ggel adja \u00e1t k\u00e9pekben \u00e9s szavakban, hogy milyen p\u00e1ratlan adotts\u00e1gok k\u00f6z\u00f6tt \u00e9l. Pedig els\u0151 r\u00e1n\u00e9z\u00e9sre nincs ott semmi szemf\u00e9nyveszt\u00e9s, puszt\u00e1n a csall\u00f3k\u00f6zi mindennapok csod\u00e1ja. Mindaz, ami v\u00e1szonra val\u00f3.<\/strong>&#8221; \u2014 \u00edrta r\u00f3la Sipos T\u00fcnde 2023. j\u00falius 21-\u00e9n a <a href=\"https:\/\/kultura.hu\/penteki-kulturrandi-m-kiss-marti-festomuvesszel\/\" data-type=\"link\" data-id=\"https:\/\/kultura.hu\/penteki-kulturrandi-m-kiss-marti-festomuvesszel\/\">kultura.hu<\/a> oldalon. Tal\u00e1n enn\u00e9l szebben \u00e9s jobban nem is lehetne jellemezni az alkot\u00e1sait. <br>     M\u00e1rti szeret k\u00eds\u00e9rletezni, jelenlegi (monument\u00e1lis) munk\u00e1ihoz sz\u00edvesen haszn\u00e1lja a sarat, mint fest\u0151eszk\u00f6zt, vagy fest\u00e9ket, amit ragaszt\u00f3val keverve visz fel a v\u00e1szonra, \u00edgy marad tart\u00f3s az anyag. M. Kiss M\u00e1rta a sz\u00fcl\u0151f\u00f6ld fest\u0151je, akire \u00e9rdemes odafigyelni, hiszen minden bizonnyal tal\u00e1lkozunk m\u00e9g a nev\u00e9vel. De most l\u00e1ssuk azokat az alkot\u00e1sokat, amelyekb\u0151l a 90. Opus k\u00e9panyag\u00e1t \u00e1ll\u00edtottuk \u00f6ssze.<\/p>\n\n\n\n<div class=\"wp-block-columns is-layout-flex wp-container-core-columns-is-layout-9d6595d7 wp-block-columns-is-layout-flex\">\n<div class=\"wp-block-column is-layout-flow wp-block-column-is-layout-flow\">\n<figure class=\"wp-block-gallery has-nested-images columns-default is-cropped wp-block-gallery-1 is-layout-flex wp-block-gallery-is-layout-flex\">\n<figure class=\"wp-block-image size-large\"><a href=\"https:\/\/opus-folyoirat.sk\/wp-content\/uploads\/2024\/08\/Cipok-Szihalman-1-2023-sar-pigmentek-enyv-olaj-vasznon-120x100cm-scaled.jpg\"><img loading=\"lazy\" decoding=\"async\" width=\"838\" height=\"1024\" data-id=\"1333\" src=\"https:\/\/opus-folyoirat.sk\/wp-content\/uploads\/2024\/08\/Cipok-Szihalman-1-2023-sar-pigmentek-enyv-olaj-vasznon-120x100cm-838x1024.jpg\" alt=\"\" class=\"wp-image-1333\" srcset=\"https:\/\/opus-folyoirat.sk\/wp-content\/uploads\/2024\/08\/Cipok-Szihalman-1-2023-sar-pigmentek-enyv-olaj-vasznon-120x100cm-838x1024.jpg 838w, https:\/\/opus-folyoirat.sk\/wp-content\/uploads\/2024\/08\/Cipok-Szihalman-1-2023-sar-pigmentek-enyv-olaj-vasznon-120x100cm-246x300.jpg 246w, https:\/\/opus-folyoirat.sk\/wp-content\/uploads\/2024\/08\/Cipok-Szihalman-1-2023-sar-pigmentek-enyv-olaj-vasznon-120x100cm-768x938.jpg 768w, https:\/\/opus-folyoirat.sk\/wp-content\/uploads\/2024\/08\/Cipok-Szihalman-1-2023-sar-pigmentek-enyv-olaj-vasznon-120x100cm-1258x1536.jpg 1258w, https:\/\/opus-folyoirat.sk\/wp-content\/uploads\/2024\/08\/Cipok-Szihalman-1-2023-sar-pigmentek-enyv-olaj-vasznon-120x100cm-1677x2048.jpg 1677w\" sizes=\"auto, (max-width: 838px) 100vw, 838px\" \/><\/a><\/figure>\n<\/figure>\n<\/div>\n\n\n\n<div class=\"wp-block-column is-layout-flow wp-block-column-is-layout-flow\">\n<figure class=\"wp-block-gallery has-nested-images columns-default is-cropped wp-block-gallery-2 is-layout-flex wp-block-gallery-is-layout-flex\">\n<figure class=\"wp-block-image size-large\"><a href=\"https:\/\/opus-folyoirat.sk\/wp-content\/uploads\/2024\/08\/Cipok-Szihalman-2-2023-sar-pigmentek-enyv-olaj-vasznon-120x100cm-scaled.jpg\"><img loading=\"lazy\" decoding=\"async\" width=\"838\" height=\"1024\" data-id=\"1334\" src=\"https:\/\/opus-folyoirat.sk\/wp-content\/uploads\/2024\/08\/Cipok-Szihalman-2-2023-sar-pigmentek-enyv-olaj-vasznon-120x100cm-838x1024.jpg\" alt=\"\" class=\"wp-image-1334\" srcset=\"https:\/\/opus-folyoirat.sk\/wp-content\/uploads\/2024\/08\/Cipok-Szihalman-2-2023-sar-pigmentek-enyv-olaj-vasznon-120x100cm-838x1024.jpg 838w, https:\/\/opus-folyoirat.sk\/wp-content\/uploads\/2024\/08\/Cipok-Szihalman-2-2023-sar-pigmentek-enyv-olaj-vasznon-120x100cm-246x300.jpg 246w, https:\/\/opus-folyoirat.sk\/wp-content\/uploads\/2024\/08\/Cipok-Szihalman-2-2023-sar-pigmentek-enyv-olaj-vasznon-120x100cm-768x938.jpg 768w, https:\/\/opus-folyoirat.sk\/wp-content\/uploads\/2024\/08\/Cipok-Szihalman-2-2023-sar-pigmentek-enyv-olaj-vasznon-120x100cm-1257x1536.jpg 1257w, https:\/\/opus-folyoirat.sk\/wp-content\/uploads\/2024\/08\/Cipok-Szihalman-2-2023-sar-pigmentek-enyv-olaj-vasznon-120x100cm-1676x2048.jpg 1676w\" sizes=\"auto, (max-width: 838px) 100vw, 838px\" \/><\/a><\/figure>\n<\/figure>\n<\/div>\n<\/div>\n\n\n\n<figure class=\"wp-block-gallery has-nested-images columns-default is-cropped wp-block-gallery-3 is-layout-flex wp-block-gallery-is-layout-flex\">\n<figure class=\"wp-block-image size-large\"><a href=\"https:\/\/opus-folyoirat.sk\/wp-content\/uploads\/2024\/08\/Helyet-foglalsz_-2023-scaled.jpg\"><img loading=\"lazy\" decoding=\"async\" width=\"1024\" height=\"509\" data-id=\"1337\" src=\"https:\/\/opus-folyoirat.sk\/wp-content\/uploads\/2024\/08\/Helyet-foglalsz_-2023-1024x509.jpg\" alt=\"\" class=\"wp-image-1337\" srcset=\"https:\/\/opus-folyoirat.sk\/wp-content\/uploads\/2024\/08\/Helyet-foglalsz_-2023-1024x509.jpg 1024w, https:\/\/opus-folyoirat.sk\/wp-content\/uploads\/2024\/08\/Helyet-foglalsz_-2023-300x149.jpg 300w, https:\/\/opus-folyoirat.sk\/wp-content\/uploads\/2024\/08\/Helyet-foglalsz_-2023-768x381.jpg 768w, https:\/\/opus-folyoirat.sk\/wp-content\/uploads\/2024\/08\/Helyet-foglalsz_-2023-1536x763.jpg 1536w, https:\/\/opus-folyoirat.sk\/wp-content\/uploads\/2024\/08\/Helyet-foglalsz_-2023-2048x1017.jpg 2048w, https:\/\/opus-folyoirat.sk\/wp-content\/uploads\/2024\/08\/Helyet-foglalsz_-2023-500x248.jpg 500w\" sizes=\"auto, (max-width: 1024px) 100vw, 1024px\" \/><\/a><\/figure>\n<\/figure>\n\n\n\n<div class=\"wp-block-columns is-layout-flex wp-container-core-columns-is-layout-9d6595d7 wp-block-columns-is-layout-flex\">\n<div class=\"wp-block-column is-layout-flow wp-block-column-is-layout-flow\">\n<figure class=\"wp-block-gallery has-nested-images columns-default is-cropped wp-block-gallery-4 is-layout-flex wp-block-gallery-is-layout-flex\">\n<figure class=\"wp-block-image size-large\"><a href=\"https:\/\/opus-folyoirat.sk\/wp-content\/uploads\/2024\/08\/M.-Kiss-MartiCickafarka-1-2023-sar-pigmentek-enyv-olaj-vasznon-100x100cm-scaled.jpg\"><img loading=\"lazy\" decoding=\"async\" width=\"1022\" height=\"1024\" data-id=\"1335\" src=\"https:\/\/opus-folyoirat.sk\/wp-content\/uploads\/2024\/08\/M.-Kiss-MartiCickafarka-1-2023-sar-pigmentek-enyv-olaj-vasznon-100x100cm-1022x1024.jpg\" alt=\"\" class=\"wp-image-1335\" srcset=\"https:\/\/opus-folyoirat.sk\/wp-content\/uploads\/2024\/08\/M.-Kiss-MartiCickafarka-1-2023-sar-pigmentek-enyv-olaj-vasznon-100x100cm-1022x1024.jpg 1022w, https:\/\/opus-folyoirat.sk\/wp-content\/uploads\/2024\/08\/M.-Kiss-MartiCickafarka-1-2023-sar-pigmentek-enyv-olaj-vasznon-100x100cm-300x300.jpg 300w, https:\/\/opus-folyoirat.sk\/wp-content\/uploads\/2024\/08\/M.-Kiss-MartiCickafarka-1-2023-sar-pigmentek-enyv-olaj-vasznon-100x100cm-150x150.jpg 150w, https:\/\/opus-folyoirat.sk\/wp-content\/uploads\/2024\/08\/M.-Kiss-MartiCickafarka-1-2023-sar-pigmentek-enyv-olaj-vasznon-100x100cm-768x770.jpg 768w, https:\/\/opus-folyoirat.sk\/wp-content\/uploads\/2024\/08\/M.-Kiss-MartiCickafarka-1-2023-sar-pigmentek-enyv-olaj-vasznon-100x100cm-1533x1536.jpg 1533w, https:\/\/opus-folyoirat.sk\/wp-content\/uploads\/2024\/08\/M.-Kiss-MartiCickafarka-1-2023-sar-pigmentek-enyv-olaj-vasznon-100x100cm-2044x2048.jpg 2044w, https:\/\/opus-folyoirat.sk\/wp-content\/uploads\/2024\/08\/M.-Kiss-MartiCickafarka-1-2023-sar-pigmentek-enyv-olaj-vasznon-100x100cm-299x300.jpg 299w\" sizes=\"auto, (max-width: 1022px) 100vw, 1022px\" \/><\/a><\/figure>\n<\/figure>\n<\/div>\n\n\n\n<div class=\"wp-block-column is-layout-flow wp-block-column-is-layout-flow\">\n<figure class=\"wp-block-gallery has-nested-images columns-default is-cropped wp-block-gallery-5 is-layout-flex wp-block-gallery-is-layout-flex\">\n<figure class=\"wp-block-image size-large\"><a href=\"https:\/\/opus-folyoirat.sk\/wp-content\/uploads\/2024\/08\/M.-Kiss-Marti-Cickafarka-2-2023-sar-pigmentek-enyv-olaj-vasznon-100x100cm-scaled.jpg\"><img loading=\"lazy\" decoding=\"async\" width=\"1015\" height=\"1024\" data-id=\"1336\" src=\"https:\/\/opus-folyoirat.sk\/wp-content\/uploads\/2024\/08\/M.-Kiss-Marti-Cickafarka-2-2023-sar-pigmentek-enyv-olaj-vasznon-100x100cm-1015x1024.jpg\" alt=\"\" class=\"wp-image-1336\" srcset=\"https:\/\/opus-folyoirat.sk\/wp-content\/uploads\/2024\/08\/M.-Kiss-Marti-Cickafarka-2-2023-sar-pigmentek-enyv-olaj-vasznon-100x100cm-1015x1024.jpg 1015w, https:\/\/opus-folyoirat.sk\/wp-content\/uploads\/2024\/08\/M.-Kiss-Marti-Cickafarka-2-2023-sar-pigmentek-enyv-olaj-vasznon-100x100cm-297x300.jpg 297w, https:\/\/opus-folyoirat.sk\/wp-content\/uploads\/2024\/08\/M.-Kiss-Marti-Cickafarka-2-2023-sar-pigmentek-enyv-olaj-vasznon-100x100cm-150x150.jpg 150w, https:\/\/opus-folyoirat.sk\/wp-content\/uploads\/2024\/08\/M.-Kiss-Marti-Cickafarka-2-2023-sar-pigmentek-enyv-olaj-vasznon-100x100cm-768x775.jpg 768w, https:\/\/opus-folyoirat.sk\/wp-content\/uploads\/2024\/08\/M.-Kiss-Marti-Cickafarka-2-2023-sar-pigmentek-enyv-olaj-vasznon-100x100cm-1522x1536.jpg 1522w, https:\/\/opus-folyoirat.sk\/wp-content\/uploads\/2024\/08\/M.-Kiss-Marti-Cickafarka-2-2023-sar-pigmentek-enyv-olaj-vasznon-100x100cm-2030x2048.jpg 2030w\" sizes=\"auto, (max-width: 1015px) 100vw, 1015px\" \/><\/a><\/figure>\n<\/figure>\n<\/div>\n<\/div>\n\n\n\n<figure class=\"wp-block-gallery has-nested-images columns-default is-cropped wp-block-gallery-6 is-layout-flex wp-block-gallery-is-layout-flex\">\n<figure class=\"wp-block-image size-large\"><a href=\"https:\/\/opus-folyoirat.sk\/wp-content\/uploads\/2024\/08\/Pottyos-masni-2021-200cmx160cm-vegyes-technika.jpg\"><img loading=\"lazy\" decoding=\"async\" width=\"1024\" height=\"634\" data-id=\"1338\" src=\"https:\/\/opus-folyoirat.sk\/wp-content\/uploads\/2024\/08\/Pottyos-masni-2021-200cmx160cm-vegyes-technika-1024x634.jpg\" alt=\"\" class=\"wp-image-1338\" srcset=\"https:\/\/opus-folyoirat.sk\/wp-content\/uploads\/2024\/08\/Pottyos-masni-2021-200cmx160cm-vegyes-technika-1024x634.jpg 1024w, https:\/\/opus-folyoirat.sk\/wp-content\/uploads\/2024\/08\/Pottyos-masni-2021-200cmx160cm-vegyes-technika-300x186.jpg 300w, https:\/\/opus-folyoirat.sk\/wp-content\/uploads\/2024\/08\/Pottyos-masni-2021-200cmx160cm-vegyes-technika-768x475.jpg 768w, https:\/\/opus-folyoirat.sk\/wp-content\/uploads\/2024\/08\/Pottyos-masni-2021-200cmx160cm-vegyes-technika-1536x951.jpg 1536w, https:\/\/opus-folyoirat.sk\/wp-content\/uploads\/2024\/08\/Pottyos-masni-2021-200cmx160cm-vegyes-technika-485x300.jpg 485w, https:\/\/opus-folyoirat.sk\/wp-content\/uploads\/2024\/08\/Pottyos-masni-2021-200cmx160cm-vegyes-technika.jpg 1756w\" sizes=\"auto, (max-width: 1024px) 100vw, 1024px\" \/><\/a><\/figure>\n<\/figure>\n\n\n\n<div class=\"wp-block-columns is-layout-flex wp-container-core-columns-is-layout-9d6595d7 wp-block-columns-is-layout-flex\">\n<div class=\"wp-block-column is-layout-flow wp-block-column-is-layout-flow\">\n<figure class=\"wp-block-gallery has-nested-images columns-default is-cropped wp-block-gallery-7 is-layout-flex wp-block-gallery-is-layout-flex\">\n<figure class=\"wp-block-image size-large\"><a href=\"https:\/\/opus-folyoirat.sk\/wp-content\/uploads\/2024\/08\/Dinnye-eves-papa-es-Balint.jpg\"><img loading=\"lazy\" decoding=\"async\" width=\"1024\" height=\"758\" data-id=\"1339\" src=\"https:\/\/opus-folyoirat.sk\/wp-content\/uploads\/2024\/08\/Dinnye-eves-papa-es-Balint-1024x758.jpg\" alt=\"\" class=\"wp-image-1339\" srcset=\"https:\/\/opus-folyoirat.sk\/wp-content\/uploads\/2024\/08\/Dinnye-eves-papa-es-Balint-1024x758.jpg 1024w, https:\/\/opus-folyoirat.sk\/wp-content\/uploads\/2024\/08\/Dinnye-eves-papa-es-Balint-300x222.jpg 300w, https:\/\/opus-folyoirat.sk\/wp-content\/uploads\/2024\/08\/Dinnye-eves-papa-es-Balint-768x568.jpg 768w, https:\/\/opus-folyoirat.sk\/wp-content\/uploads\/2024\/08\/Dinnye-eves-papa-es-Balint-1536x1136.jpg 1536w, https:\/\/opus-folyoirat.sk\/wp-content\/uploads\/2024\/08\/Dinnye-eves-papa-es-Balint-405x300.jpg 405w, https:\/\/opus-folyoirat.sk\/wp-content\/uploads\/2024\/08\/Dinnye-eves-papa-es-Balint.jpg 1995w\" sizes=\"auto, (max-width: 1024px) 100vw, 1024px\" \/><\/a><\/figure>\n<\/figure>\n<\/div>\n\n\n\n<div class=\"wp-block-column is-layout-flow wp-block-column-is-layout-flow\">\n<figure class=\"wp-block-gallery has-nested-images columns-default is-cropped wp-block-gallery-8 is-layout-flex wp-block-gallery-is-layout-flex\">\n<figure class=\"wp-block-image size-large\"><a href=\"https:\/\/opus-folyoirat.sk\/wp-content\/uploads\/2024\/08\/M.-Kiss-Marta-Csloodottsag-2023.jpg\"><img loading=\"lazy\" decoding=\"async\" width=\"1024\" height=\"760\" data-id=\"1340\" src=\"https:\/\/opus-folyoirat.sk\/wp-content\/uploads\/2024\/08\/M.-Kiss-Marta-Csloodottsag-2023-1024x760.jpg\" alt=\"\" class=\"wp-image-1340\" srcset=\"https:\/\/opus-folyoirat.sk\/wp-content\/uploads\/2024\/08\/M.-Kiss-Marta-Csloodottsag-2023-1024x760.jpg 1024w, https:\/\/opus-folyoirat.sk\/wp-content\/uploads\/2024\/08\/M.-Kiss-Marta-Csloodottsag-2023-300x223.jpg 300w, https:\/\/opus-folyoirat.sk\/wp-content\/uploads\/2024\/08\/M.-Kiss-Marta-Csloodottsag-2023-768x570.jpg 768w, https:\/\/opus-folyoirat.sk\/wp-content\/uploads\/2024\/08\/M.-Kiss-Marta-Csloodottsag-2023-1536x1140.jpg 1536w, https:\/\/opus-folyoirat.sk\/wp-content\/uploads\/2024\/08\/M.-Kiss-Marta-Csloodottsag-2023-404x300.jpg 404w, https:\/\/opus-folyoirat.sk\/wp-content\/uploads\/2024\/08\/M.-Kiss-Marta-Csloodottsag-2023.jpg 1750w\" sizes=\"auto, (max-width: 1024px) 100vw, 1024px\" \/><\/a><\/figure>\n<\/figure>\n<\/div>\n<\/div>\n\n\n\n<div class=\"wp-block-columns is-layout-flex wp-container-core-columns-is-layout-9d6595d7 wp-block-columns-is-layout-flex\">\n<div class=\"wp-block-column is-layout-flow wp-block-column-is-layout-flow\">\n<figure class=\"wp-block-gallery has-nested-images columns-default is-cropped wp-block-gallery-9 is-layout-flex wp-block-gallery-is-layout-flex\">\n<figure class=\"wp-block-image size-large\"><a href=\"https:\/\/opus-folyoirat.sk\/wp-content\/uploads\/2024\/08\/Szaraz-nyomok-2022-200x270cm_-sar-enyv-pigment-olaj.jpg\"><img loading=\"lazy\" decoding=\"async\" width=\"1024\" height=\"751\" data-id=\"1341\" src=\"https:\/\/opus-folyoirat.sk\/wp-content\/uploads\/2024\/08\/Szaraz-nyomok-2022-200x270cm_-sar-enyv-pigment-olaj-1024x751.jpg\" alt=\"\" class=\"wp-image-1341\" srcset=\"https:\/\/opus-folyoirat.sk\/wp-content\/uploads\/2024\/08\/Szaraz-nyomok-2022-200x270cm_-sar-enyv-pigment-olaj-1024x751.jpg 1024w, https:\/\/opus-folyoirat.sk\/wp-content\/uploads\/2024\/08\/Szaraz-nyomok-2022-200x270cm_-sar-enyv-pigment-olaj-300x220.jpg 300w, https:\/\/opus-folyoirat.sk\/wp-content\/uploads\/2024\/08\/Szaraz-nyomok-2022-200x270cm_-sar-enyv-pigment-olaj-768x563.jpg 768w, https:\/\/opus-folyoirat.sk\/wp-content\/uploads\/2024\/08\/Szaraz-nyomok-2022-200x270cm_-sar-enyv-pigment-olaj-409x300.jpg 409w, https:\/\/opus-folyoirat.sk\/wp-content\/uploads\/2024\/08\/Szaraz-nyomok-2022-200x270cm_-sar-enyv-pigment-olaj.jpg 1200w\" sizes=\"auto, (max-width: 1024px) 100vw, 1024px\" \/><\/a><\/figure>\n<\/figure>\n<\/div>\n\n\n\n<div class=\"wp-block-column is-layout-flow wp-block-column-is-layout-flow\">\n<figure class=\"wp-block-gallery has-nested-images columns-default is-cropped wp-block-gallery-10 is-layout-flex wp-block-gallery-is-layout-flex\">\n<figure class=\"wp-block-image size-large\"><a href=\"https:\/\/opus-folyoirat.sk\/wp-content\/uploads\/2024\/08\/Klimavaltozasok-2-2024-scaled.jpg\"><img loading=\"lazy\" decoding=\"async\" width=\"1024\" height=\"741\" data-id=\"1343\" src=\"https:\/\/opus-folyoirat.sk\/wp-content\/uploads\/2024\/08\/Klimavaltozasok-2-2024-1024x741.jpg\" alt=\"\" class=\"wp-image-1343\" srcset=\"https:\/\/opus-folyoirat.sk\/wp-content\/uploads\/2024\/08\/Klimavaltozasok-2-2024-1024x741.jpg 1024w, https:\/\/opus-folyoirat.sk\/wp-content\/uploads\/2024\/08\/Klimavaltozasok-2-2024-300x217.jpg 300w, https:\/\/opus-folyoirat.sk\/wp-content\/uploads\/2024\/08\/Klimavaltozasok-2-2024-768x556.jpg 768w, https:\/\/opus-folyoirat.sk\/wp-content\/uploads\/2024\/08\/Klimavaltozasok-2-2024-1536x1112.jpg 1536w, https:\/\/opus-folyoirat.sk\/wp-content\/uploads\/2024\/08\/Klimavaltozasok-2-2024-2048x1483.jpg 2048w, https:\/\/opus-folyoirat.sk\/wp-content\/uploads\/2024\/08\/Klimavaltozasok-2-2024-414x300.jpg 414w\" sizes=\"auto, (max-width: 1024px) 100vw, 1024px\" \/><\/a><\/figure>\n<\/figure>\n<\/div>\n<\/div>\n\n\n\n<figure class=\"wp-block-gallery has-nested-images columns-default is-cropped wp-block-gallery-11 is-layout-flex wp-block-gallery-is-layout-flex\">\n<figure class=\"wp-block-image size-large\"><a href=\"https:\/\/opus-folyoirat.sk\/wp-content\/uploads\/2024\/08\/Humanizmus-destabilizalodasa-kiserleti-portrek-2023.jpg\"><img loading=\"lazy\" decoding=\"async\" width=\"1024\" height=\"319\" data-id=\"1344\" src=\"https:\/\/opus-folyoirat.sk\/wp-content\/uploads\/2024\/08\/Humanizmus-destabilizalodasa-kiserleti-portrek-2023-1024x319.jpg\" alt=\"\" class=\"wp-image-1344\" srcset=\"https:\/\/opus-folyoirat.sk\/wp-content\/uploads\/2024\/08\/Humanizmus-destabilizalodasa-kiserleti-portrek-2023-1024x319.jpg 1024w, https:\/\/opus-folyoirat.sk\/wp-content\/uploads\/2024\/08\/Humanizmus-destabilizalodasa-kiserleti-portrek-2023-300x93.jpg 300w, https:\/\/opus-folyoirat.sk\/wp-content\/uploads\/2024\/08\/Humanizmus-destabilizalodasa-kiserleti-portrek-2023-768x239.jpg 768w, https:\/\/opus-folyoirat.sk\/wp-content\/uploads\/2024\/08\/Humanizmus-destabilizalodasa-kiserleti-portrek-2023-1536x479.jpg 1536w, https:\/\/opus-folyoirat.sk\/wp-content\/uploads\/2024\/08\/Humanizmus-destabilizalodasa-kiserleti-portrek-2023-2048x638.jpg 2048w, https:\/\/opus-folyoirat.sk\/wp-content\/uploads\/2024\/08\/Humanizmus-destabilizalodasa-kiserleti-portrek-2023-500x156.jpg 500w\" sizes=\"auto, (max-width: 1024px) 100vw, 1024px\" \/><\/a><\/figure>\n<\/figure>\n","protected":false},"excerpt":{"rendered":"<p>M. Kiss M\u00e1rta \u00edzig-v\u00e9rig csall\u00f3k\u00f6zi fest\u0151, s\u0151t m\u0171v\u00e9sz, azaz fest\u0151m\u0171v\u00e9sz, aki sz\u00f3 szerint sz\u00fcl\u0151f\u00f6ldj\u00e9t haszn\u00e1lja a k\u00e9pei elk\u00e9sz\u00edt\u00e9s\u00e9hez. &#8222;Sz\u00edv\u00e9b\u0151l \u00e9s ecsetj\u00e9b\u0151l a term\u00e9szet der\u0171je \u00e1rad. Lehengerl\u0151 k\u00f6zvetlens\u00e9ggel adja \u00e1t k\u00e9pekben \u00e9s szavakban, hogy milyen p\u00e1ratlan adotts\u00e1gok k\u00f6z\u00f6tt \u00e9l. Pedig els\u0151 &hellip; <a href=\"https:\/\/opus-folyoirat.sk\/?page_id=1947\">Egy kattint\u00e1s ide a folytat\u00e1shoz&#8230;. <span class=\"meta-nav\">&rarr;<\/span><\/a><\/p>\n","protected":false},"author":4,"featured_media":0,"parent":948,"menu_order":0,"comment_status":"closed","ping_status":"closed","template":"","meta":{"footnotes":""},"class_list":["post-1947","page","type-page","status-publish","hentry"],"_links":{"self":[{"href":"https:\/\/opus-folyoirat.sk\/index.php?rest_route=\/wp\/v2\/pages\/1947","targetHints":{"allow":["GET"]}}],"collection":[{"href":"https:\/\/opus-folyoirat.sk\/index.php?rest_route=\/wp\/v2\/pages"}],"about":[{"href":"https:\/\/opus-folyoirat.sk\/index.php?rest_route=\/wp\/v2\/types\/page"}],"author":[{"embeddable":true,"href":"https:\/\/opus-folyoirat.sk\/index.php?rest_route=\/wp\/v2\/users\/4"}],"replies":[{"embeddable":true,"href":"https:\/\/opus-folyoirat.sk\/index.php?rest_route=%2Fwp%2Fv2%2Fcomments&post=1947"}],"version-history":[{"count":5,"href":"https:\/\/opus-folyoirat.sk\/index.php?rest_route=\/wp\/v2\/pages\/1947\/revisions"}],"predecessor-version":[{"id":1969,"href":"https:\/\/opus-folyoirat.sk\/index.php?rest_route=\/wp\/v2\/pages\/1947\/revisions\/1969"}],"up":[{"embeddable":true,"href":"https:\/\/opus-folyoirat.sk\/index.php?rest_route=\/wp\/v2\/pages\/948"}],"wp:attachment":[{"href":"https:\/\/opus-folyoirat.sk\/index.php?rest_route=%2Fwp%2Fv2%2Fmedia&parent=1947"}],"curies":[{"name":"wp","href":"https:\/\/api.w.org\/{rel}","templated":true}]}}