{"id":2017,"date":"2025-01-02T17:41:00","date_gmt":"2025-01-02T15:41:00","guid":{"rendered":"https:\/\/opus-folyoirat.sk\/?page_id=2017"},"modified":"2025-11-19T00:39:45","modified_gmt":"2025-11-18T22:39:45","slug":"kovacs-balazs","status":"publish","type":"page","link":"https:\/\/opus-folyoirat.sk\/?page_id=2017","title":{"rendered":"KOV\u00c1CS BAL\u00c1ZS"},"content":{"rendered":"\n<p class=\"has-medium-font-size\"><strong>Az egyszer\u0171s\u00e9g sz\u00e9ps\u00e9ge<\/strong><\/p>\n\n\n<div class=\"has-text-align-right wp-block-post-date\"><time datetime=\"2025-01-02T17:41:00+02:00\">2025-01-02<\/time><\/div>\n\n\n<p><\/p>\n\n\n<div class=\"wp-block-image\">\n<figure class=\"alignright is-resized\"><img loading=\"lazy\" decoding=\"async\" width=\"683\" height=\"1024\" src=\"http:\/\/opus-folyoirat.sk\/wp-content\/uploads\/2023\/12\/2023-01-25-ravasz-jozsef-05-683x1024.jpeg\" alt=\"\" class=\"wp-image-1060\" style=\"aspect-ratio:0.66796875;width:295px;height:auto\" srcset=\"https:\/\/opus-folyoirat.sk\/wp-content\/uploads\/2023\/12\/2023-01-25-ravasz-jozsef-05-683x1024.jpeg 683w, https:\/\/opus-folyoirat.sk\/wp-content\/uploads\/2023\/12\/2023-01-25-ravasz-jozsef-05-200x300.jpeg 200w, https:\/\/opus-folyoirat.sk\/wp-content\/uploads\/2023\/12\/2023-01-25-ravasz-jozsef-05-768x1152.jpeg 768w, https:\/\/opus-folyoirat.sk\/wp-content\/uploads\/2023\/12\/2023-01-25-ravasz-jozsef-05-1024x1536.jpeg 1024w, https:\/\/opus-folyoirat.sk\/wp-content\/uploads\/2023\/12\/2023-01-25-ravasz-jozsef-05-1365x2048.jpeg 1365w, https:\/\/opus-folyoirat.sk\/wp-content\/uploads\/2023\/12\/2023-01-25-ravasz-jozsef-05-scaled.jpeg 1707w\" sizes=\"auto, (max-width: 683px) 100vw, 683px\" \/><\/figure><\/div>\n\n\n<p>Ravasz J\u00f3zsefet biztosan sokan ismerik \u2013 ha szem\u00e9lyesen nem is, akkor szerte- \u00e1gaz\u00f3 tev\u00e9kenys\u00e9gei r\u00e9v\u00e9n, hiszen rengeteg politikai, illetve kultur\u00e1lis szervezet alap\u00edt\u00e1s\u00e1ban m\u0171k\u00f6d\u00f6tt k\u00f6zre. A teljess\u00e9g ig\u00e9nye n\u00e9lk\u00fcl, \u0151 a Roma Demokratikus Uni\u00f3 P\u00e1rt t\u00e1rsalap\u00edt\u00f3ja, a D\u00e9li H\u00edrlap, a Polg\u00e1r c\u00edm\u0171 hetilapok alap\u00edt\u00f3 f\u0151szerkeszt\u0151je, a Romol\u00f3giai Kutat\u00f3- \u00e9s M\u00f3dszertani Int\u00e9zet alap\u00edt\u00f3 eln\u00f6ke. Tan\u00e1csad\u00f3k\u00e9nt seg\u00edtette a Dunaszerdahelyi V\u00e1rosi Hivatal munk\u00e1j\u00e1t, az Oktat\u00e1s\u00fcgyi Miniszt\u00e9riumot Szlov\u00e1ki\u00e1ban. Strasbourgban az Eur\u00f3pai Uni\u00f3 Parlamentj\u00e9ben \u00e9vekig \u0151 volt a Rom\u00e1k Eur\u00f3pai F\u00f3rum\u00e1nak szlov\u00e1kiai szak\u00e9rt\u0151je, tov\u00e1bb\u00e1 docens a Szent Erzs\u00e9bet f\u0151iskol\u00e1n, a Csall\u00f3k\u00f6zi Rom\u00e1k N\u00e9prajzi M\u00fazeum\u00e1nak alap\u00edt\u00f3ja. S mind- ezek mellett rengeteg vers \u00e9s tanmese szerz\u0151je, de jelent meg szakirodalmi jel- leg\u0171 k\u00f6nyve a csall\u00f3k\u00f6zi rom\u00e1k identit\u00e1studat\u00e1r\u00f3l, illetve a dunaszerdahelyi pr\u00edm\u00e1sokr\u00f3l \u00e9s zen\u00e9szdinaszti\u00e1kr\u00f3l, p\u00e1r \u00e9ve pedig kiadott egy \u00e9letrajzi reg\u00e9nyt is <em>A csoda \u00e9n magam vagyok <\/em>c\u00edmmel. A most bemutat\u00e1sra ker\u00fcl\u0151 <em>Id<\/em><em>\u0151<\/em><em>k\u00e9plet <\/em>c\u00edm\u0171 verses- k\u00f6tet pedig a tizenhatodik \u00f6n\u00e1ll\u00f3 k\u00f6tete.<\/p>\n\n\n\n<p>Id\u0151k\u00e9plet. K\u00e9pleteket legink\u00e1bb k\u00fcl\u00f6nb\u00f6z\u0151 tudom\u00e1ny\u00e1gak alkalmaznak bizonyos \u00e1ltal\u00e1nos \u00e9rv\u00e9ny\u0171 \u00f6sszef\u00fcgg\u00e9sek, t\u00f6rv\u00e9nyszer\u0171s\u00e9gek, vegy\u00fcletek alkot\u00f3- r\u00e9szeinek le\u00edr\u00e1s\u00e1ra, de k\u00e9pleteket haszn\u00e1lunk a r\u00edmek, ritmusok lejegyz\u00e9s\u00e9re is. Ebb\u0151l kiindulva a vers is lehet egy k\u00e9plet. Lehet \u00e9rz\u00e9sek \u00e9s gondolatok k\u00e9plete. Val\u00f3s\u00e1g \u00e9s \u00e1lmok k\u00e9plete. A sz\u00e9ps\u00e9g, a f\u00e1jdalom k\u00e9plete. A hit \u00e9s a rem\u00e9ny k\u00e9plete. T\u00e1jak \u00e9s \u00e9vszakok k\u00e9plete. Egy pillanat, egy eml\u00e9k k\u00e9plete. \u201ePillang\u00f3sz\u00e1rny\u00fa \u00f6r\u00f6- m\u00f6k\u201d k\u00e9plete. \u201eCig\u00e1nyk\u00f6nnyek\u201d k\u00e9plete. A \u201emindens\u00e9g zsenialit\u00e1s\u00e1nak\u201d k\u00e9plete. A \u201ep\u00f6r\u00f6l\u0151 csend\u201d k\u00e9plete. Ez a k\u00f6tet pedig egy ember, egy \u201emegb\u00e9k\u00e9lt lelk\u0171 k\u00f6lt\u0151\u201d k\u00e9plete.<\/p>\n\n\n\n<p>\u201eAz egyszer\u0171s\u00e9g kell, hogy \u00e9let\u00fcnk legbens\u0151bb programja legyen\u201d \u2013 mondta Pilinszky J\u00e1nos. Olyan korban \u00e9l\u00fcnk, amikor egyre ink\u00e1bb kivesz\u0151ben van az egyszer\u0171s\u00e9g. Mintha nem lenne r\u00e1 ig\u00e9ny, s\u0151t, sokszor eg\u00e9szen pejorat\u00edv \u00e1thall\u00e1sa is szokott lenni. Gondoljunk csak arra, amikor egy csek\u00e9ly intellektu\u00e1lis k\u00e9pess\u00e9gekkel meg\u00e1ldott egy\u00e9nre \u00fagy hivatkozunk, hogy egyszer\u0171. Senki sem akar egy- szer\u0171 lenni. A k\u00f6r\u00fcl\u00f6tt\u00fcnk l\u00e9v\u0151 vil\u00e1g is azt hangoztatja, legy\u00fcnk eredetiek, egy\u00e9nis\u00e9gek, egyediek. S ez m\u00e9g nem is baj, s\u0151t, term\u00e9szetszer\u0171leg azok is vagyunk, viszont az egyszer\u0171s\u00e9g sz\u00e9ps\u00e9g\u00e9r\u0151l ritk\u00e1n esik sz\u00f3. Nehez\u00fcnkre esik kimondani olyan egyszer\u0171 szavakat, hogy szeretet vagy h\u00e1la. Ir\u00f3ni\u00e1val v\u00e9dekez\u00fcnk. Nem van\u00edli\u00e1s fagyit vesz\u00fcnk, hanem \u00e9des \u00e9s s\u00f3s pereccel \u00edzes\u00edtett sz\u00f3sz\u00f6rv\u00e9nyekkel \u00e9s kaka\u00f3s brownie s\u00fctem\u00e9nydarabokkal kevert f\u00f6ldimogyor\u00f3vajas j\u00e9gkr\u00e9met. \u00c9s ez az ir\u00e1ny nemcsak az \u00e9lelmiszerfogyaszt\u00e1sban van jelen, hanem p\u00e9ld\u00e1ul a l\u00edra f\u0151sodr\u00e1ban is. Hogy ez a tendencia egy\u00e1ltal\u00e1n pozit\u00edv vagy negat\u00edv, abba nem menn\u00e9k most bele, annyi bizonyos, hogy Ravasz J\u00f3zsef l\u00edr\u00e1ja az egyszer\u0171s\u00e9gre t\u00f6rekszik, s lehet, hogy \u00fagy t\u0171nik, de bizony egyszer\u0171nek lenni egy\u00e1ltal\u00e1n nem egyszer\u0171 v\u00e1llalkoz\u00e1s. Kosztol\u00e1nyi Dezs\u0151 \u00edrja Ady Endr\u00e9r\u0151l <em>Az \u00edr\u00e1studatlanok \u00e1rul\u00e1s\u00e1ban<\/em>: \u201eF\u00e9l az egyszer\u0171s\u00e9gt\u0151l. Att\u00f3l tart, hogy ezzel \u00fcress\u00e9 v\u00e1lik. Az egyszer\u0171s\u00e9g val\u00f3ban csak akkor tartalmas, ha m\u00f6g\u00f6tte van is valami. Ehhez igazs\u00e1g kell \u00e9s al\u00e1zat.\u201d<\/p>\n\n\n\n<p>Nos, nekem az a benyom\u00e1som, hogy Ravasz J\u00f3zsef nem f\u00e9l az egyszer\u0171s\u00e9gt\u0151l, mert \u0151 a \u201emadarakt\u00f3l tanult \u00e9nekelni\u201d. Ravasz J\u00f3zsef l\u00edr\u00e1ja a bonyolulton t\u00fali, fels\u0151fok\u00fa, nemes, letisztult egyszer\u0171s\u00e9g int\u00e9zm\u00e9nye.<\/p>\n\n\n\n<p>Ravasz J\u00f3zsef <em>Id<\/em><em>\u0151<\/em><em>k\u00e9plet<\/em>\u00e9nek legal\u00e1bb ennyire meghat\u00e1roz\u00f3 eleme az a kett\u0151s identit\u00e1studat, melyr\u0151l az el\u0151sz\u00f3ban \u00edgy vall: \u201eMagyar ajk\u00fa romak\u00e9nt gondolkodni egy olyan orsz\u00e1gban, ahol \u00e9lek, abszurdum. M\u00e1r lassan sz\u00e9tm\u00e1llik az a k\u00e9t k\u0151 is, amelyek k\u00f6z\u00f6tt \u0151rl\u0151d\u00f6m, tudatos\u00edtva, hogy az \u00e1ltalam d\u00e9delgetett nemzett\u00e1rsi st\u00e1tuszomban egyed\u00fcl maradtam. Ut\u00f3pisztikusnak v\u00e9lhet\u0151 gondolataimat, \u00e9letfiloz\u00f3fi\u00e1mat az ut\u00f3kor sz\u00e1m\u00e1ra a munk\u00e1ss\u00e1gom \u0151rzi majd.\u201d<\/p>\n\n\n\n<p>Ki\u00e1lt\u00e1snak sz\u00fcletett, \u00edrja k\u00e9t vers\u00e9ben is. \u00c9s ki\u00e1lt. Ki\u00e1ltja, hogy egyetlen ki\u00fat sem l\u00e9tezik, ami feloldozna az emberi el\u0151\u00edt\u00e9let al\u00f3l, ki\u00e1ltja, hogy mindent megtett a m\u00e1ss\u00e1g\u00e1ban rejtett titkok k\u00f6zz\u00e9t\u00e9tel\u00e9nek \u00e9rdek\u00e9ben, ki\u00e1ltja, hogy olyan versvil\u00e1got \u00e9p\u00edtett, melyben van Cig\u00e1nyorsz\u00e1g, ki\u00e1ltja, hogy cig\u00e1ny sors\u00e1nak sz\u00e9ps\u00e9ge a trag\u00e9di\u00e1kban rejlik, ki\u00e1ltja, hogy ismeretlen v\u00e9tkeivel \u00e9l, hogy \u00e9rthetetlens\u00e9gek \u00f6lelik, de legal\u00e1bb ilyen hangosan \u00e9s szenved\u00e9lyesen ki\u00e1ltja, hogy nincs p\u00e1rja, ahov\u00e1 sz\u00fcletett, hogy b\u00faza helyett szerelmet vet kora \u0151sszel, hogy l\u00e9lektiszt\u00edt\u00f3 \u00e1lmaiban fiatalodik, ki\u00e1ltja, hogy l\u00e1z\u00e1lm\u00e1ban k\u00e9kszem\u0171 angyal suttogta tele szob\u00e1j\u00e1t, hogy sz\u00edve tavaszkocsma, ki\u00e1ltja, hogy olyan sz\u00e9p e pillanatnyi minden.<\/p>\n\n\n\n<p>Hogy az egyszer\u0171s\u00e9g nem azonos felt\u00e9tlen\u00fcl az egyoldal\u00fas\u00e1ggal, azt j\u00f3l bizony\u00edtja az ambivalencia is, mely gyakran tetten \u00e9rhet\u0151 soraiban. Egyszerre jellemz\u0151 r\u00e1 az el\u00e9gedetts\u00e9g, illetve az elv\u00e1gy\u00f3d\u00e1s, m\u00e9g ink\u00e1bb a visszav\u00e1gy\u00f3d\u00e1s, a rem\u00e9ny \u00e9s a belet\u00f6r\u0151d\u00e9s, hogy semmi sincs rendben, \u00e9s hogy m\u00e9gis minden a hely\u00e9n van. Reggelente d\u00f6bbenett\u00e9 v\u00e1ltozik, azt\u00e1n par\u00e1nyi porszem, k\u00e9s\u0151bb es\u0151. Ravasz J\u00f3zsefben egy vil\u00e1g t\u00f6rp\u00fcl. Ravasz J\u00f3zsef sose sz\u00e9d\u00fcl el, \u0151 a sz\u00e9d\u00fcl\u00e9s. Ravasz J\u00f3zsef lenne heged\u0171, lenne embervers, lenne mad\u00e1rdalok karnagya, Ravasz J\u00f3zsef, ami nem lehet, az \u0151, sziklareped\u00e9s k\u00e9se, folytonos rem\u00e9nykeresked\u0151, \u00e9let- iskol\u00e1s hallgat\u00f3, Isten m\u0171ve, f\u00e9l\u00e1lomban hajnalv\u00e1r\u00f3, szerelmes riporter.<\/p>\n\n\n\n<p class=\"has-text-align-right\"><em>(Ravasz J\u00f3zsef: Id\u0151k\u00e9plet, Csall\u00f3k\u00f6zi Roma N\u00e9prajzi M\u00fazeum, 2022<\/em>)<\/p>\n","protected":false},"excerpt":{"rendered":"<p>Az egyszer\u0171s\u00e9g sz\u00e9ps\u00e9ge Ravasz J\u00f3zsefet biztosan sokan ismerik \u2013 ha szem\u00e9lyesen nem is, akkor szerte- \u00e1gaz\u00f3 tev\u00e9kenys\u00e9gei r\u00e9v\u00e9n, hiszen rengeteg politikai, illetve kultur\u00e1lis szervezet alap\u00edt\u00e1s\u00e1ban m\u0171k\u00f6d\u00f6tt k\u00f6zre. A teljess\u00e9g ig\u00e9nye n\u00e9lk\u00fcl, \u0151 a Roma Demokratikus Uni\u00f3 P\u00e1rt t\u00e1rsalap\u00edt\u00f3ja, a D\u00e9li &hellip; <a href=\"https:\/\/opus-folyoirat.sk\/?page_id=2017\">Egy kattint\u00e1s ide a folytat\u00e1shoz&#8230;. <span class=\"meta-nav\">&rarr;<\/span><\/a><\/p>\n","protected":false},"author":4,"featured_media":0,"parent":121,"menu_order":0,"comment_status":"closed","ping_status":"closed","template":"","meta":{"footnotes":""},"class_list":["post-2017","page","type-page","status-publish","hentry"],"_links":{"self":[{"href":"https:\/\/opus-folyoirat.sk\/index.php?rest_route=\/wp\/v2\/pages\/2017","targetHints":{"allow":["GET"]}}],"collection":[{"href":"https:\/\/opus-folyoirat.sk\/index.php?rest_route=\/wp\/v2\/pages"}],"about":[{"href":"https:\/\/opus-folyoirat.sk\/index.php?rest_route=\/wp\/v2\/types\/page"}],"author":[{"embeddable":true,"href":"https:\/\/opus-folyoirat.sk\/index.php?rest_route=\/wp\/v2\/users\/4"}],"replies":[{"embeddable":true,"href":"https:\/\/opus-folyoirat.sk\/index.php?rest_route=%2Fwp%2Fv2%2Fcomments&post=2017"}],"version-history":[{"count":3,"href":"https:\/\/opus-folyoirat.sk\/index.php?rest_route=\/wp\/v2\/pages\/2017\/revisions"}],"predecessor-version":[{"id":3071,"href":"https:\/\/opus-folyoirat.sk\/index.php?rest_route=\/wp\/v2\/pages\/2017\/revisions\/3071"}],"up":[{"embeddable":true,"href":"https:\/\/opus-folyoirat.sk\/index.php?rest_route=\/wp\/v2\/pages\/121"}],"wp:attachment":[{"href":"https:\/\/opus-folyoirat.sk\/index.php?rest_route=%2Fwp%2Fv2%2Fmedia&parent=2017"}],"curies":[{"name":"wp","href":"https:\/\/api.w.org\/{rel}","templated":true}]}}