{"id":2057,"date":"2025-02-11T18:22:27","date_gmt":"2025-02-11T16:22:27","guid":{"rendered":"https:\/\/opus-folyoirat.sk\/?page_id=2057"},"modified":"2026-01-29T17:27:35","modified_gmt":"2026-01-29T15:27:35","slug":"liszt-ferenccel-koszonti-2025-ot-az-opus","status":"publish","type":"page","link":"https:\/\/opus-folyoirat.sk\/?page_id=2057","title":{"rendered":"Liszt Ferenccel k\u00f6sz\u00f6nti 2025-\u00f6t az Opus!"},"content":{"rendered":"<div class=\"wp-block-post-date\"><time datetime=\"2025-02-11T18:22:27+02:00\">2025-02-11<\/time><\/div>\n\n\n<p><\/p>\n\n\n\n<p>Az Opus irodalmi \u00e9s m\u0171v\u00e9szeti foly\u00f3irat idei els\u0151 lapsz\u00e1m\u00e1nak k\u00f6z\u00e9ppontj\u00e1ban a <strong>Felvid\u00e9ki Magyar Irodalom Napja<\/strong> \u00e9s az <strong>\u0150szi \u00cdr\u00f3fesztiv\u00e1l<\/strong> \u00e1ll, melyek irodalmunk soksz\u00edn\u0171s\u00e9g\u00e9t \u00e9s \u00e9l\u0151 hagyom\u00e1nyait hivatottak bemutatni. Az irodalmi \u00e9s kritikai \u00edr\u00e1sok sz\u00e9les spektrumon mozognak: az essz\u00e9k, tanulm\u00e1nyok \u00e9s laud\u00e1ci\u00f3k kiemelked\u0151 alkot\u00f3k \u00e9letm\u0171v\u00e9t \u00e9s az irodalom eml\u00e9kezetform\u00e1l\u00f3 szerep\u00e9t j\u00e1rj\u00e1k k\u00f6r\u00fcl.&nbsp;<\/p>\n\n\n\n<figure class=\"wp-block-gallery has-nested-images columns-default is-cropped wp-block-gallery-1 is-layout-flex wp-block-gallery-is-layout-flex\">\n<figure class=\"wp-block-image size-large\"><img loading=\"lazy\" decoding=\"async\" width=\"768\" height=\"1024\" data-id=\"1888\" src=\"https:\/\/opus-folyoirat.sk\/wp-content\/uploads\/2025\/02\/C044A8AE-0E08-4BA6-A6B9-D33D54C8CB05_1_201_a-768x1024.jpeg\" alt=\"\" class=\"wp-image-1888\" srcset=\"https:\/\/opus-folyoirat.sk\/wp-content\/uploads\/2025\/02\/C044A8AE-0E08-4BA6-A6B9-D33D54C8CB05_1_201_a-768x1024.jpeg 768w, https:\/\/opus-folyoirat.sk\/wp-content\/uploads\/2025\/02\/C044A8AE-0E08-4BA6-A6B9-D33D54C8CB05_1_201_a-225x300.jpeg 225w, https:\/\/opus-folyoirat.sk\/wp-content\/uploads\/2025\/02\/C044A8AE-0E08-4BA6-A6B9-D33D54C8CB05_1_201_a-1152x1536.jpeg 1152w, https:\/\/opus-folyoirat.sk\/wp-content\/uploads\/2025\/02\/C044A8AE-0E08-4BA6-A6B9-D33D54C8CB05_1_201_a-1536x2048.jpeg 1536w, https:\/\/opus-folyoirat.sk\/wp-content\/uploads\/2025\/02\/C044A8AE-0E08-4BA6-A6B9-D33D54C8CB05_1_201_a-scaled.jpeg 1920w\" sizes=\"auto, (max-width: 768px) 100vw, 768px\" \/><\/figure>\n\n\n\n<figure class=\"wp-block-image size-large\"><img loading=\"lazy\" decoding=\"async\" width=\"768\" height=\"1024\" data-id=\"1887\" src=\"https:\/\/opus-folyoirat.sk\/wp-content\/uploads\/2025\/02\/BBF4D4B4-667F-448E-A918-50C4A02710FF_1_201_a-768x1024.jpeg\" alt=\"\" class=\"wp-image-1887\" srcset=\"https:\/\/opus-folyoirat.sk\/wp-content\/uploads\/2025\/02\/BBF4D4B4-667F-448E-A918-50C4A02710FF_1_201_a-768x1024.jpeg 768w, https:\/\/opus-folyoirat.sk\/wp-content\/uploads\/2025\/02\/BBF4D4B4-667F-448E-A918-50C4A02710FF_1_201_a-225x300.jpeg 225w, https:\/\/opus-folyoirat.sk\/wp-content\/uploads\/2025\/02\/BBF4D4B4-667F-448E-A918-50C4A02710FF_1_201_a-1152x1536.jpeg 1152w, https:\/\/opus-folyoirat.sk\/wp-content\/uploads\/2025\/02\/BBF4D4B4-667F-448E-A918-50C4A02710FF_1_201_a-1536x2048.jpeg 1536w, https:\/\/opus-folyoirat.sk\/wp-content\/uploads\/2025\/02\/BBF4D4B4-667F-448E-A918-50C4A02710FF_1_201_a-scaled.jpeg 1920w\" sizes=\"auto, (max-width: 768px) 100vw, 768px\" \/><\/figure>\n\n\n\n<figure class=\"wp-block-image size-large\"><img loading=\"lazy\" decoding=\"async\" width=\"768\" height=\"1024\" data-id=\"1886\" src=\"https:\/\/opus-folyoirat.sk\/wp-content\/uploads\/2025\/02\/ACCF6FE1-5DC1-4783-A37B-E7939F86BF4A_1_201_a-768x1024.jpeg\" alt=\"\" class=\"wp-image-1886\" srcset=\"https:\/\/opus-folyoirat.sk\/wp-content\/uploads\/2025\/02\/ACCF6FE1-5DC1-4783-A37B-E7939F86BF4A_1_201_a-768x1024.jpeg 768w, https:\/\/opus-folyoirat.sk\/wp-content\/uploads\/2025\/02\/ACCF6FE1-5DC1-4783-A37B-E7939F86BF4A_1_201_a-225x300.jpeg 225w, https:\/\/opus-folyoirat.sk\/wp-content\/uploads\/2025\/02\/ACCF6FE1-5DC1-4783-A37B-E7939F86BF4A_1_201_a-1152x1536.jpeg 1152w, https:\/\/opus-folyoirat.sk\/wp-content\/uploads\/2025\/02\/ACCF6FE1-5DC1-4783-A37B-E7939F86BF4A_1_201_a-1536x2048.jpeg 1536w, https:\/\/opus-folyoirat.sk\/wp-content\/uploads\/2025\/02\/ACCF6FE1-5DC1-4783-A37B-E7939F86BF4A_1_201_a-scaled.jpeg 1920w\" sizes=\"auto, (max-width: 768px) 100vw, 768px\" \/><\/figure>\n<\/figure>\n\n\n\n<p>Az essz\u00e9\u00edr\u00f3k sor\u00e1ban <strong>T\u00f3th L\u00e1szl\u00f3, Cs\u00e1ky P\u00e1l, Hogya Gy\u00f6rgy \u00e9s K\u00f6vesdi K\u00e1roly<\/strong> gondolatai r\u00e9v\u00e9n betekint\u00e9st nyerhet\u00fcnk az irodalom \u00e9s eml\u00e9kezet, az erk\u00f6lcsi \u00e9rt\u00e9kek \u00e9s a felvid\u00e9ki magyar \u00edr\u00f3k hagyat\u00e9k\u00e1nak k\u00e9rd\u00e9seibe. Az \u00edr\u00e1sok f\u0151szerepl\u0151je Dobos L\u00e1szl\u00f3, akir\u0151l a Szlov\u00e1kiai Magyar \u00cdr\u00f3k T\u00e1rsas\u00e1ga \u00e9letm\u0171d\u00edj\u00e1t is elnevezte, melyet tavaly els\u0151 \u00edzben adtak \u00e1t T\u00f3th L\u00e1szl\u00f3nak. Az \u0151t m\u00e9ltat\u00f3 besz\u00e9det Tam\u00e1si Orosz J\u00e1nos k\u00f6lt\u0151, szerkeszt\u0151 adja k\u00f6zre.&nbsp;<\/p>\n\n\n\n<p>A <strong>Sz\u00e9p\u00edr\u00e1s<\/strong> rovat a kort\u00e1rs pr\u00f3za \u00e9s k\u00f6lt\u00e9szet kiemelked\u0151 szerz\u0151it hozza el. <strong>T\u00fcske L\u00e1szl\u00f3, Z. N\u00e9meth Istv\u00e1n, Feh\u00e9r Kinga, Harmatos M\u00e1ria, Seres Rebeka, Jakubecz M\u00e1rta, R\u00f3zsa Bogl\u00e1rka, Csat\u00f3 Anita, Hajd\u00fa L\u00e1szl\u00f3 \u00e9s Farkas Arnold Levente<\/strong> versei, valamint novell\u00e1i a h\u00e9tk\u00f6znapi \u00e9let m\u00e9lys\u00e9geit, emberi kapcsolatokat \u00e9s bels\u0151 utaz\u00e1sokat t\u00e1rj\u00e1k el\u00e9nk.<\/p>\n\n\n\n<figure class=\"wp-block-gallery has-nested-images columns-default is-cropped wp-block-gallery-2 is-layout-flex wp-block-gallery-is-layout-flex\">\n<figure class=\"wp-block-image size-large\"><img loading=\"lazy\" decoding=\"async\" width=\"768\" height=\"1024\" data-id=\"1885\" src=\"https:\/\/opus-folyoirat.sk\/wp-content\/uploads\/2025\/02\/765B1DEA-D685-4B4F-850C-4FDB76D482D4_1_201_a-768x1024.jpeg\" alt=\"\" class=\"wp-image-1885\" srcset=\"https:\/\/opus-folyoirat.sk\/wp-content\/uploads\/2025\/02\/765B1DEA-D685-4B4F-850C-4FDB76D482D4_1_201_a-768x1024.jpeg 768w, https:\/\/opus-folyoirat.sk\/wp-content\/uploads\/2025\/02\/765B1DEA-D685-4B4F-850C-4FDB76D482D4_1_201_a-225x300.jpeg 225w, https:\/\/opus-folyoirat.sk\/wp-content\/uploads\/2025\/02\/765B1DEA-D685-4B4F-850C-4FDB76D482D4_1_201_a-1152x1536.jpeg 1152w, https:\/\/opus-folyoirat.sk\/wp-content\/uploads\/2025\/02\/765B1DEA-D685-4B4F-850C-4FDB76D482D4_1_201_a-1536x2048.jpeg 1536w, https:\/\/opus-folyoirat.sk\/wp-content\/uploads\/2025\/02\/765B1DEA-D685-4B4F-850C-4FDB76D482D4_1_201_a-scaled.jpeg 1920w\" sizes=\"auto, (max-width: 768px) 100vw, 768px\" \/><\/figure>\n\n\n\n<figure class=\"wp-block-image size-large\"><img loading=\"lazy\" decoding=\"async\" width=\"768\" height=\"1024\" data-id=\"1884\" src=\"https:\/\/opus-folyoirat.sk\/wp-content\/uploads\/2025\/02\/36D08E03-B1A7-4BCC-AE91-A1D084058349_1_201_a-768x1024.jpeg\" alt=\"\" class=\"wp-image-1884\" srcset=\"https:\/\/opus-folyoirat.sk\/wp-content\/uploads\/2025\/02\/36D08E03-B1A7-4BCC-AE91-A1D084058349_1_201_a-768x1024.jpeg 768w, https:\/\/opus-folyoirat.sk\/wp-content\/uploads\/2025\/02\/36D08E03-B1A7-4BCC-AE91-A1D084058349_1_201_a-225x300.jpeg 225w, https:\/\/opus-folyoirat.sk\/wp-content\/uploads\/2025\/02\/36D08E03-B1A7-4BCC-AE91-A1D084058349_1_201_a-1152x1536.jpeg 1152w, https:\/\/opus-folyoirat.sk\/wp-content\/uploads\/2025\/02\/36D08E03-B1A7-4BCC-AE91-A1D084058349_1_201_a-1536x2048.jpeg 1536w, https:\/\/opus-folyoirat.sk\/wp-content\/uploads\/2025\/02\/36D08E03-B1A7-4BCC-AE91-A1D084058349_1_201_a-scaled.jpeg 1920w\" sizes=\"auto, (max-width: 768px) 100vw, 768px\" \/><\/figure>\n<\/figure>\n\n\n\n<p>A <strong>L\u00e1that\u00e1r<\/strong> rovat betekint\u00e9st ny\u00fajt a szlov\u00e1k l\u00edr\u00e1ba, ugyanis a tavaly meghirdetett ford\u00edt\u00f3i p\u00e1ly\u00e1zatra be\u00e9rkezett m\u0171veket adjuk k\u00f6zre. T\u00f6bbek k\u00f6z\u00f6tt <strong>Milan Lasica, J\u00e1n \u0160trasser \u00e9s Boris Filan<\/strong> m\u0171vei magyar ford\u00edt\u00e1sban is olvashat\u00f3k Balogh Ildik\u00f3 \u00e9s \u010eurec Val\u00e9ria tolm\u00e1csol\u00e1s\u00e1ban.&nbsp;<\/p>\n\n\n\n<p>Az <strong>Opus-essz\u00e9 \u00e9s Opus-tanulm\u00e1ny<\/strong> rovatban m\u00e9lyebb elemz\u00e9sek kapnak helyet, olyan szerz\u0151k m\u0171veinek kontextus\u00e1t vizsg\u00e1lva, mint <strong>Kr\u00fady Gyula \u00e9s Victor Frankl vagy Olga Tokarczuk \u00e9s Buv\u00e1ri Tam\u00e1s<\/strong>.<\/p>\n\n\n\n<p>A k\u00f6nyvrecenzi\u00f3k a leg\u00fajabb irodalmi megjelen\u00e9sekre reflekt\u00e1lnak, ahol Hajnal \u00c9va \u00e9s Szoll\u00e1th Mih\u00e1ly friss k\u00f6teteit t\u00e1rgyaljuk, m\u00edg a <strong>K\u00fcsz\u00f6b<\/strong> rovatban fiatal alkot\u00f3k mutatkoznak be, friss \u00e9s lend\u00fcletes sz\u00f6vegeikkel.<\/p>\n\n\n\n<figure class=\"wp-block-gallery has-nested-images columns-default is-cropped wp-block-gallery-3 is-layout-flex wp-block-gallery-is-layout-flex\">\n<figure class=\"wp-block-image size-large\"><img loading=\"lazy\" decoding=\"async\" width=\"768\" height=\"1024\" data-id=\"1882\" src=\"https:\/\/opus-folyoirat.sk\/wp-content\/uploads\/2025\/02\/5E4B9DB0-D13B-4620-845A-F5B31F657D16_1_201_a-768x1024.jpeg\" alt=\"\" class=\"wp-image-1882\" srcset=\"https:\/\/opus-folyoirat.sk\/wp-content\/uploads\/2025\/02\/5E4B9DB0-D13B-4620-845A-F5B31F657D16_1_201_a-768x1024.jpeg 768w, https:\/\/opus-folyoirat.sk\/wp-content\/uploads\/2025\/02\/5E4B9DB0-D13B-4620-845A-F5B31F657D16_1_201_a-225x300.jpeg 225w, https:\/\/opus-folyoirat.sk\/wp-content\/uploads\/2025\/02\/5E4B9DB0-D13B-4620-845A-F5B31F657D16_1_201_a-1152x1536.jpeg 1152w, https:\/\/opus-folyoirat.sk\/wp-content\/uploads\/2025\/02\/5E4B9DB0-D13B-4620-845A-F5B31F657D16_1_201_a-1536x2048.jpeg 1536w, https:\/\/opus-folyoirat.sk\/wp-content\/uploads\/2025\/02\/5E4B9DB0-D13B-4620-845A-F5B31F657D16_1_201_a-scaled.jpeg 1920w\" sizes=\"auto, (max-width: 768px) 100vw, 768px\" \/><\/figure>\n\n\n\n<figure class=\"wp-block-image size-large\"><img loading=\"lazy\" decoding=\"async\" width=\"768\" height=\"1024\" data-id=\"1891\" src=\"https:\/\/opus-folyoirat.sk\/wp-content\/uploads\/2025\/02\/E8FD1459-F1DC-41C9-9580-498A29F1DECB_1_201_a-768x1024.jpeg\" alt=\"\" class=\"wp-image-1891\" srcset=\"https:\/\/opus-folyoirat.sk\/wp-content\/uploads\/2025\/02\/E8FD1459-F1DC-41C9-9580-498A29F1DECB_1_201_a-768x1024.jpeg 768w, https:\/\/opus-folyoirat.sk\/wp-content\/uploads\/2025\/02\/E8FD1459-F1DC-41C9-9580-498A29F1DECB_1_201_a-225x300.jpeg 225w, https:\/\/opus-folyoirat.sk\/wp-content\/uploads\/2025\/02\/E8FD1459-F1DC-41C9-9580-498A29F1DECB_1_201_a-1152x1536.jpeg 1152w, https:\/\/opus-folyoirat.sk\/wp-content\/uploads\/2025\/02\/E8FD1459-F1DC-41C9-9580-498A29F1DECB_1_201_a-1536x2048.jpeg 1536w, https:\/\/opus-folyoirat.sk\/wp-content\/uploads\/2025\/02\/E8FD1459-F1DC-41C9-9580-498A29F1DECB_1_201_a-scaled.jpeg 1920w\" sizes=\"auto, (max-width: 768px) 100vw, 768px\" \/><\/figure>\n<\/figure>\n\n\n\n<p>A lapsz\u00e1m v\u00e9g\u00e9n a szerkeszt\u0151s\u00e9g \u00e9s az SZM\u00cdT h\u00edrei, valamint a szerz\u0151i bemutatkoz\u00e1sok kapnak helyet. A kiadv\u00e1nyt <a href=\"http:\/\/praczky.com\" data-type=\"link\" data-id=\"praczky.com\">Pr\u00e1czky Istv\u00e1n<\/a> grafikus, tipogr\u00e1fus Lisztom\u00e1nia c\u00edm\u0171 munk\u00e1i d\u00edsz\u00edtik.<\/p>\n\n\n\n<p>(opus)<\/p>\n","protected":false},"excerpt":{"rendered":"<p>Az Opus irodalmi \u00e9s m\u0171v\u00e9szeti foly\u00f3irat idei els\u0151 lapsz\u00e1m\u00e1nak k\u00f6z\u00e9ppontj\u00e1ban a Felvid\u00e9ki Magyar Irodalom Napja \u00e9s az \u0150szi \u00cdr\u00f3fesztiv\u00e1l \u00e1ll, melyek irodalmunk soksz\u00edn\u0171s\u00e9g\u00e9t \u00e9s \u00e9l\u0151 hagyom\u00e1nyait hivatottak bemutatni. Az irodalmi \u00e9s kritikai \u00edr\u00e1sok sz\u00e9les spektrumon mozognak: az essz\u00e9k, tanulm\u00e1nyok \u00e9s &hellip; <a href=\"https:\/\/opus-folyoirat.sk\/?page_id=2057\">Egy kattint\u00e1s ide a folytat\u00e1shoz&#8230;. <span class=\"meta-nav\">&rarr;<\/span><\/a><\/p>\n","protected":false},"author":4,"featured_media":0,"parent":2055,"menu_order":0,"comment_status":"closed","ping_status":"closed","template":"","meta":{"footnotes":""},"class_list":["post-2057","page","type-page","status-publish","hentry"],"_links":{"self":[{"href":"https:\/\/opus-folyoirat.sk\/index.php?rest_route=\/wp\/v2\/pages\/2057","targetHints":{"allow":["GET"]}}],"collection":[{"href":"https:\/\/opus-folyoirat.sk\/index.php?rest_route=\/wp\/v2\/pages"}],"about":[{"href":"https:\/\/opus-folyoirat.sk\/index.php?rest_route=\/wp\/v2\/types\/page"}],"author":[{"embeddable":true,"href":"https:\/\/opus-folyoirat.sk\/index.php?rest_route=\/wp\/v2\/users\/4"}],"replies":[{"embeddable":true,"href":"https:\/\/opus-folyoirat.sk\/index.php?rest_route=%2Fwp%2Fv2%2Fcomments&post=2057"}],"version-history":[{"count":2,"href":"https:\/\/opus-folyoirat.sk\/index.php?rest_route=\/wp\/v2\/pages\/2057\/revisions"}],"predecessor-version":[{"id":4498,"href":"https:\/\/opus-folyoirat.sk\/index.php?rest_route=\/wp\/v2\/pages\/2057\/revisions\/4498"}],"up":[{"embeddable":true,"href":"https:\/\/opus-folyoirat.sk\/index.php?rest_route=\/wp\/v2\/pages\/2055"}],"wp:attachment":[{"href":"https:\/\/opus-folyoirat.sk\/index.php?rest_route=%2Fwp%2Fv2%2Fmedia&parent=2057"}],"curies":[{"name":"wp","href":"https:\/\/api.w.org\/{rel}","templated":true}]}}