{"id":2248,"date":"2025-01-30T20:59:00","date_gmt":"2025-01-30T18:59:00","guid":{"rendered":"https:\/\/opus-folyoirat.sk\/?page_id=2248"},"modified":"2025-11-19T00:33:26","modified_gmt":"2025-11-18T22:33:26","slug":"matus-norbert","status":"publish","type":"page","link":"https:\/\/opus-folyoirat.sk\/?page_id=2248","title":{"rendered":"Matus Norbert"},"content":{"rendered":"\n<p><strong>Most<\/strong><\/p>\n\n\n<div class=\"has-text-align-right wp-block-post-date\"><time datetime=\"2025-01-30T20:59:00+02:00\">2025-01-30<\/time><\/div>\n\n\n<p><\/p>\n\n\n\n<p>Most \u00fajra k\u00f6rbe\u00e9r <br>Visszatal\u00e1l hozz\u00e1d <br>K\u00e9p\u00e9ben egy r\u00e9gi c\u00e9l <br>Rejti m\u00e9lyen titk\u00e1t<\/p>\n\n\n\n<p>T\u00fal sok k\u00e9rd\u00e9s <br>V\u00e1lasz sehol<br>De \u00e9rzed valami f\u00e1j <br>Egy meg\u00e9rz\u00e9s<br>Ki tudja hol<br>Kattan m\u00e1r a z\u00e1r<\/p>\n\n\n\n<p>Felszakad<br>Fel\u00e9bred<br>A hossz\u00fa \u00e1lomb\u00f3l <br>Csak ez marad<br>Ha meg\u00e9red<br>A gy\u00f6ny\u00f6r\u0171 \u0151r\u00fclt k\u00f3r<\/p>\n\n\n\n<p>Nem hiszed<br>Hogy elb\u00edrod<br>De felveszed a terh\u00e9t <br>A v\u00e9gzeted<br>Most te \u00edrod<br>\u00c9lvezd minden perc\u00e9t<\/p>\n","protected":false},"excerpt":{"rendered":"<p>Most Most \u00fajra k\u00f6rbe\u00e9r Visszatal\u00e1l hozz\u00e1d K\u00e9p\u00e9ben egy r\u00e9gi c\u00e9l Rejti m\u00e9lyen titk\u00e1t T\u00fal sok k\u00e9rd\u00e9s V\u00e1lasz seholDe \u00e9rzed valami f\u00e1j Egy meg\u00e9rz\u00e9sKi tudja holKattan m\u00e1r a z\u00e1r FelszakadFel\u00e9bredA hossz\u00fa \u00e1lomb\u00f3l Csak ez maradHa meg\u00e9redA gy\u00f6ny\u00f6r\u0171 \u0151r\u00fclt k\u00f3r Nem hiszedHogy &hellip; <a href=\"https:\/\/opus-folyoirat.sk\/?page_id=2248\">Egy kattint\u00e1s ide a folytat\u00e1shoz&#8230;. <span class=\"meta-nav\">&rarr;<\/span><\/a><\/p>\n","protected":false},"author":4,"featured_media":0,"parent":20,"menu_order":0,"comment_status":"closed","ping_status":"closed","template":"","meta":{"footnotes":""},"class_list":["post-2248","page","type-page","status-publish","hentry"],"_links":{"self":[{"href":"https:\/\/opus-folyoirat.sk\/index.php?rest_route=\/wp\/v2\/pages\/2248","targetHints":{"allow":["GET"]}}],"collection":[{"href":"https:\/\/opus-folyoirat.sk\/index.php?rest_route=\/wp\/v2\/pages"}],"about":[{"href":"https:\/\/opus-folyoirat.sk\/index.php?rest_route=\/wp\/v2\/types\/page"}],"author":[{"embeddable":true,"href":"https:\/\/opus-folyoirat.sk\/index.php?rest_route=\/wp\/v2\/users\/4"}],"replies":[{"embeddable":true,"href":"https:\/\/opus-folyoirat.sk\/index.php?rest_route=%2Fwp%2Fv2%2Fcomments&post=2248"}],"version-history":[{"count":2,"href":"https:\/\/opus-folyoirat.sk\/index.php?rest_route=\/wp\/v2\/pages\/2248\/revisions"}],"predecessor-version":[{"id":2945,"href":"https:\/\/opus-folyoirat.sk\/index.php?rest_route=\/wp\/v2\/pages\/2248\/revisions\/2945"}],"up":[{"embeddable":true,"href":"https:\/\/opus-folyoirat.sk\/index.php?rest_route=\/wp\/v2\/pages\/20"}],"wp:attachment":[{"href":"https:\/\/opus-folyoirat.sk\/index.php?rest_route=%2Fwp%2Fv2%2Fmedia&parent=2248"}],"curies":[{"name":"wp","href":"https:\/\/api.w.org\/{rel}","templated":true}]}}