{"id":2258,"date":"2025-03-11T18:50:44","date_gmt":"2025-03-11T16:50:44","guid":{"rendered":"https:\/\/opus-folyoirat.sk\/?page_id=2258"},"modified":"2025-11-19T01:19:45","modified_gmt":"2025-11-18T23:19:45","slug":"praczky-istvan-es-liszt-ferenc","status":"publish","type":"page","link":"https:\/\/opus-folyoirat.sk\/?page_id=2258","title":{"rendered":"Pr\u00e1czky Istv\u00e1n \u00e9s Liszt Ferenc"},"content":{"rendered":"<div class=\"has-text-align-right wp-block-post-date\"><time datetime=\"2025-03-11T18:50:44+02:00\">2025-03-11<\/time><\/div>\n\n\n<figure class=\"wp-block-image\"><img loading=\"lazy\" decoding=\"async\" width=\"748\" height=\"1024\" src=\"https:\/\/opus-folyoirat.sk\/wp-content\/uploads\/2025\/03\/PraczkyIstvan-748x1024.jpg\" alt=\"\" class=\"wp-image-2259\" srcset=\"https:\/\/opus-folyoirat.sk\/wp-content\/uploads\/2025\/03\/PraczkyIstvan-748x1024.jpg 748w, https:\/\/opus-folyoirat.sk\/wp-content\/uploads\/2025\/03\/PraczkyIstvan-219x300.jpg 219w, https:\/\/opus-folyoirat.sk\/wp-content\/uploads\/2025\/03\/PraczkyIstvan-768x1052.jpg 768w, https:\/\/opus-folyoirat.sk\/wp-content\/uploads\/2025\/03\/PraczkyIstvan-1121x1536.jpg 1121w, https:\/\/opus-folyoirat.sk\/wp-content\/uploads\/2025\/03\/PraczkyIstvan-1495x2048.jpg 1495w, https:\/\/opus-folyoirat.sk\/wp-content\/uploads\/2025\/03\/PraczkyIstvan.jpg 1745w\" sizes=\"auto, (max-width: 748px) 100vw, 748px\" \/><\/figure>\n\n\n\n<p><strong>Pr\u00e1czky Istv\u00e1n <\/strong>grafikus \u00e9s tipogr\u00e1fus, aki 1986 \u00e9s 1990 k\u00f6z\u00f6tt Budapesten az Iparm\u0171v\u00e9szeti F\u0151iskol\u00e1n (ma Moholy-Nagy Iparm\u0171v\u00e9szeti Egyetem) tipogr\u00e1fia-grafika szakp\u00e1ron tanult. A rajz, a karikat\u00fara \u00e9s a k\u00e9preg\u00e9nyek szeretet\u00e9vel hamar megfert\u0151z\u0151d\u00f6tt, emellett gyerekkora \u00f3ta vonz\u00f3dik a bet\u0171kh\u00f6z. \u201eTanulm\u00e1nyaim mellett kezdtem el grafikusi p\u00e1lyafut\u00e1somat, di\u00e1k\u00e9veimben sz\u00e1llodai \u00e9s vend\u00e9gl\u00e1t\u00f3ipari apr\u00f3 munk\u00e1kb\u00f3l, k\u00e9s\u0151bb rekl\u00e1m\u00fcgyn\u00f6ks\u00e9gi feladatokb\u00f3l, illetve a Hungaroton lemezkiad\u00f3nak tervezett klasszikus zenei bor\u00edt\u00f3kb\u00f3l tartottam el magam. A klasszikus zene k\u00e9s\u0151bb \u00e9rdekl\u0151d\u00e9sem k\u00f6z\u00e9ppontj\u00e1ba ker\u00fclt, \u00e9s \u00edgy v\u00e9gigk\u00eds\u00e9rte a p\u00e1ly\u00e1mat: a Magyar \u00c1llami Operah\u00e1z, a M\u00dcPA, a Telekom Zenekar, a Traf\u00f3 vagy a Budapesti \u0150szi Fesztiv\u00e1l mind partnereim k\u00f6z\u00f6tt voltak\u201d \u2013 vallja mag\u00e1r\u00f3l a m\u0171v\u00e9sz. Mindezek mellett t\u00f6bb kultur\u00e1lis magazinnak is tervez\u0151je \u00e9s m\u0171v\u00e9szeti volt a vezet\u0151je. A 2010-es \u00e9vekben Budapest turisztikai arculat\u00e1nak alak\u00edt\u00e1s\u00e1ban is r\u00e9szt vett, ehhez kapcsol\u00f3d\u00f3an pedig m\u0171v\u00e9szeti vezet\u0151je volt a 7 \u00e9ven \u00e1t negyed\u00e9vente megjelen\u0151 f\u0151v\u00e1rosi turisztikai magazinnak, a Budapest&#8217;s Finest angol nyelv\u0171 kiadv\u00e1nynak.<\/p>\n\n\n\n<figure class=\"wp-block-gallery has-nested-images columns-4 is-cropped wp-block-gallery-1 is-layout-flex wp-block-gallery-is-layout-flex\">\n<figure class=\"wp-block-image size-large\"><a href=\"https:\/\/opus-folyoirat.sk\/wp-content\/uploads\/2025\/03\/Lisztomania_2024_PREZI-2.jpg\"><img loading=\"lazy\" decoding=\"async\" width=\"1024\" height=\"1024\" data-id=\"2274\" src=\"https:\/\/opus-folyoirat.sk\/wp-content\/uploads\/2025\/03\/Lisztomania_2024_PREZI-2-1024x1024.jpg\" alt=\"\" class=\"wp-image-2274\" srcset=\"https:\/\/opus-folyoirat.sk\/wp-content\/uploads\/2025\/03\/Lisztomania_2024_PREZI-2-1024x1024.jpg 1024w, https:\/\/opus-folyoirat.sk\/wp-content\/uploads\/2025\/03\/Lisztomania_2024_PREZI-2-300x300.jpg 300w, https:\/\/opus-folyoirat.sk\/wp-content\/uploads\/2025\/03\/Lisztomania_2024_PREZI-2-150x150.jpg 150w, https:\/\/opus-folyoirat.sk\/wp-content\/uploads\/2025\/03\/Lisztomania_2024_PREZI-2-768x768.jpg 768w, https:\/\/opus-folyoirat.sk\/wp-content\/uploads\/2025\/03\/Lisztomania_2024_PREZI-2-1536x1536.jpg 1536w, https:\/\/opus-folyoirat.sk\/wp-content\/uploads\/2025\/03\/Lisztomania_2024_PREZI-2-2048x2048.jpg 2048w\" sizes=\"auto, (max-width: 1024px) 100vw, 1024px\" \/><\/a><\/figure>\n\n\n\n<figure class=\"wp-block-image size-large\"><a href=\"https:\/\/opus-folyoirat.sk\/wp-content\/uploads\/2025\/03\/Lisztomania_2024_PREZI-3.jpg\"><img loading=\"lazy\" decoding=\"async\" width=\"768\" height=\"1024\" data-id=\"2270\" src=\"https:\/\/opus-folyoirat.sk\/wp-content\/uploads\/2025\/03\/Lisztomania_2024_PREZI-3-768x1024.jpg\" alt=\"\" class=\"wp-image-2270\" srcset=\"https:\/\/opus-folyoirat.sk\/wp-content\/uploads\/2025\/03\/Lisztomania_2024_PREZI-3-768x1024.jpg 768w, https:\/\/opus-folyoirat.sk\/wp-content\/uploads\/2025\/03\/Lisztomania_2024_PREZI-3-225x300.jpg 225w, https:\/\/opus-folyoirat.sk\/wp-content\/uploads\/2025\/03\/Lisztomania_2024_PREZI-3-1152x1536.jpg 1152w, https:\/\/opus-folyoirat.sk\/wp-content\/uploads\/2025\/03\/Lisztomania_2024_PREZI-3-1536x2048.jpg 1536w, https:\/\/opus-folyoirat.sk\/wp-content\/uploads\/2025\/03\/Lisztomania_2024_PREZI-3.jpg 1772w\" sizes=\"auto, (max-width: 768px) 100vw, 768px\" \/><\/a><\/figure>\n\n\n\n<figure class=\"wp-block-image size-large\"><a href=\"https:\/\/opus-folyoirat.sk\/wp-content\/uploads\/2025\/03\/Lisztomania_2024_PREZI-4.jpg\"><img loading=\"lazy\" decoding=\"async\" width=\"769\" height=\"1024\" data-id=\"2266\" src=\"https:\/\/opus-folyoirat.sk\/wp-content\/uploads\/2025\/03\/Lisztomania_2024_PREZI-4-769x1024.jpg\" alt=\"\" class=\"wp-image-2266\" srcset=\"https:\/\/opus-folyoirat.sk\/wp-content\/uploads\/2025\/03\/Lisztomania_2024_PREZI-4-769x1024.jpg 769w, https:\/\/opus-folyoirat.sk\/wp-content\/uploads\/2025\/03\/Lisztomania_2024_PREZI-4-225x300.jpg 225w, https:\/\/opus-folyoirat.sk\/wp-content\/uploads\/2025\/03\/Lisztomania_2024_PREZI-4-768x1023.jpg 768w, https:\/\/opus-folyoirat.sk\/wp-content\/uploads\/2025\/03\/Lisztomania_2024_PREZI-4-1153x1536.jpg 1153w, https:\/\/opus-folyoirat.sk\/wp-content\/uploads\/2025\/03\/Lisztomania_2024_PREZI-4-1537x2048.jpg 1537w, https:\/\/opus-folyoirat.sk\/wp-content\/uploads\/2025\/03\/Lisztomania_2024_PREZI-4.jpg 1773w\" sizes=\"auto, (max-width: 769px) 100vw, 769px\" \/><\/a><\/figure>\n\n\n\n<figure class=\"wp-block-image size-large\"><a href=\"https:\/\/opus-folyoirat.sk\/wp-content\/uploads\/2025\/03\/Lisztomania_2024_PREZI-5.jpg\"><img loading=\"lazy\" decoding=\"async\" width=\"763\" height=\"1024\" data-id=\"2271\" src=\"https:\/\/opus-folyoirat.sk\/wp-content\/uploads\/2025\/03\/Lisztomania_2024_PREZI-5-763x1024.jpg\" alt=\"\" class=\"wp-image-2271\" srcset=\"https:\/\/opus-folyoirat.sk\/wp-content\/uploads\/2025\/03\/Lisztomania_2024_PREZI-5-763x1024.jpg 763w, https:\/\/opus-folyoirat.sk\/wp-content\/uploads\/2025\/03\/Lisztomania_2024_PREZI-5-224x300.jpg 224w, https:\/\/opus-folyoirat.sk\/wp-content\/uploads\/2025\/03\/Lisztomania_2024_PREZI-5-768x1031.jpg 768w, https:\/\/opus-folyoirat.sk\/wp-content\/uploads\/2025\/03\/Lisztomania_2024_PREZI-5-1145x1536.jpg 1145w, https:\/\/opus-folyoirat.sk\/wp-content\/uploads\/2025\/03\/Lisztomania_2024_PREZI-5-1526x2048.jpg 1526w, https:\/\/opus-folyoirat.sk\/wp-content\/uploads\/2025\/03\/Lisztomania_2024_PREZI-5.jpg 1760w\" sizes=\"auto, (max-width: 763px) 100vw, 763px\" \/><\/a><\/figure>\n\n\n\n<figure class=\"wp-block-image size-large\"><a href=\"https:\/\/opus-folyoirat.sk\/wp-content\/uploads\/2025\/03\/Lisztomania_2024_PREZI-6.jpg\"><img loading=\"lazy\" decoding=\"async\" width=\"766\" height=\"1024\" data-id=\"2268\" src=\"https:\/\/opus-folyoirat.sk\/wp-content\/uploads\/2025\/03\/Lisztomania_2024_PREZI-6-766x1024.jpg\" alt=\"\" class=\"wp-image-2268\" srcset=\"https:\/\/opus-folyoirat.sk\/wp-content\/uploads\/2025\/03\/Lisztomania_2024_PREZI-6-766x1024.jpg 766w, https:\/\/opus-folyoirat.sk\/wp-content\/uploads\/2025\/03\/Lisztomania_2024_PREZI-6-225x300.jpg 225w, https:\/\/opus-folyoirat.sk\/wp-content\/uploads\/2025\/03\/Lisztomania_2024_PREZI-6-768x1026.jpg 768w, https:\/\/opus-folyoirat.sk\/wp-content\/uploads\/2025\/03\/Lisztomania_2024_PREZI-6-1150x1536.jpg 1150w, https:\/\/opus-folyoirat.sk\/wp-content\/uploads\/2025\/03\/Lisztomania_2024_PREZI-6-1533x2048.jpg 1533w, https:\/\/opus-folyoirat.sk\/wp-content\/uploads\/2025\/03\/Lisztomania_2024_PREZI-6.jpg 1768w\" sizes=\"auto, (max-width: 766px) 100vw, 766px\" \/><\/a><\/figure>\n\n\n\n<figure class=\"wp-block-image size-large\"><a href=\"https:\/\/opus-folyoirat.sk\/wp-content\/uploads\/2025\/03\/Lisztomania_2024_PREZI-7.jpg\"><img loading=\"lazy\" decoding=\"async\" width=\"767\" height=\"1024\" data-id=\"2275\" src=\"https:\/\/opus-folyoirat.sk\/wp-content\/uploads\/2025\/03\/Lisztomania_2024_PREZI-7-767x1024.jpg\" alt=\"\" class=\"wp-image-2275\" srcset=\"https:\/\/opus-folyoirat.sk\/wp-content\/uploads\/2025\/03\/Lisztomania_2024_PREZI-7-767x1024.jpg 767w, https:\/\/opus-folyoirat.sk\/wp-content\/uploads\/2025\/03\/Lisztomania_2024_PREZI-7-225x300.jpg 225w, https:\/\/opus-folyoirat.sk\/wp-content\/uploads\/2025\/03\/Lisztomania_2024_PREZI-7-768x1025.jpg 768w, https:\/\/opus-folyoirat.sk\/wp-content\/uploads\/2025\/03\/Lisztomania_2024_PREZI-7-1151x1536.jpg 1151w, https:\/\/opus-folyoirat.sk\/wp-content\/uploads\/2025\/03\/Lisztomania_2024_PREZI-7-1535x2048.jpg 1535w, https:\/\/opus-folyoirat.sk\/wp-content\/uploads\/2025\/03\/Lisztomania_2024_PREZI-7.jpg 1770w\" sizes=\"auto, (max-width: 767px) 100vw, 767px\" \/><\/a><\/figure>\n\n\n\n<figure class=\"wp-block-image size-large\"><a href=\"https:\/\/opus-folyoirat.sk\/wp-content\/uploads\/2025\/03\/Lisztomania_2024_PREZI-8.jpg\"><img loading=\"lazy\" decoding=\"async\" width=\"770\" height=\"1024\" data-id=\"2273\" src=\"https:\/\/opus-folyoirat.sk\/wp-content\/uploads\/2025\/03\/Lisztomania_2024_PREZI-8-770x1024.jpg\" alt=\"\" class=\"wp-image-2273\" srcset=\"https:\/\/opus-folyoirat.sk\/wp-content\/uploads\/2025\/03\/Lisztomania_2024_PREZI-8-770x1024.jpg 770w, https:\/\/opus-folyoirat.sk\/wp-content\/uploads\/2025\/03\/Lisztomania_2024_PREZI-8-226x300.jpg 226w, https:\/\/opus-folyoirat.sk\/wp-content\/uploads\/2025\/03\/Lisztomania_2024_PREZI-8-768x1021.jpg 768w, https:\/\/opus-folyoirat.sk\/wp-content\/uploads\/2025\/03\/Lisztomania_2024_PREZI-8-1155x1536.jpg 1155w, https:\/\/opus-folyoirat.sk\/wp-content\/uploads\/2025\/03\/Lisztomania_2024_PREZI-8-1540x2048.jpg 1540w, https:\/\/opus-folyoirat.sk\/wp-content\/uploads\/2025\/03\/Lisztomania_2024_PREZI-8.jpg 1776w\" sizes=\"auto, (max-width: 770px) 100vw, 770px\" \/><\/a><\/figure>\n\n\n\n<figure class=\"wp-block-image size-large\"><a href=\"https:\/\/opus-folyoirat.sk\/wp-content\/uploads\/2025\/03\/Lisztomania_2024_PREZI-9.jpg\"><img loading=\"lazy\" decoding=\"async\" width=\"781\" height=\"1024\" data-id=\"2269\" src=\"https:\/\/opus-folyoirat.sk\/wp-content\/uploads\/2025\/03\/Lisztomania_2024_PREZI-9-781x1024.jpg\" alt=\"\" class=\"wp-image-2269\" srcset=\"https:\/\/opus-folyoirat.sk\/wp-content\/uploads\/2025\/03\/Lisztomania_2024_PREZI-9-781x1024.jpg 781w, https:\/\/opus-folyoirat.sk\/wp-content\/uploads\/2025\/03\/Lisztomania_2024_PREZI-9-229x300.jpg 229w, https:\/\/opus-folyoirat.sk\/wp-content\/uploads\/2025\/03\/Lisztomania_2024_PREZI-9-768x1007.jpg 768w, https:\/\/opus-folyoirat.sk\/wp-content\/uploads\/2025\/03\/Lisztomania_2024_PREZI-9-1171x1536.jpg 1171w, https:\/\/opus-folyoirat.sk\/wp-content\/uploads\/2025\/03\/Lisztomania_2024_PREZI-9-1562x2048.jpg 1562w, https:\/\/opus-folyoirat.sk\/wp-content\/uploads\/2025\/03\/Lisztomania_2024_PREZI-9.jpg 1801w\" sizes=\"auto, (max-width: 781px) 100vw, 781px\" \/><\/a><\/figure>\n\n\n\n<figure class=\"wp-block-image size-large\"><a href=\"https:\/\/opus-folyoirat.sk\/wp-content\/uploads\/2025\/03\/Lisztomania_2024_PREZI-10.jpg\"><img loading=\"lazy\" decoding=\"async\" width=\"768\" height=\"1024\" data-id=\"2265\" src=\"https:\/\/opus-folyoirat.sk\/wp-content\/uploads\/2025\/03\/Lisztomania_2024_PREZI-10-768x1024.jpg\" alt=\"\" class=\"wp-image-2265\" srcset=\"https:\/\/opus-folyoirat.sk\/wp-content\/uploads\/2025\/03\/Lisztomania_2024_PREZI-10-768x1024.jpg 768w, https:\/\/opus-folyoirat.sk\/wp-content\/uploads\/2025\/03\/Lisztomania_2024_PREZI-10-225x300.jpg 225w, https:\/\/opus-folyoirat.sk\/wp-content\/uploads\/2025\/03\/Lisztomania_2024_PREZI-10-1152x1536.jpg 1152w, https:\/\/opus-folyoirat.sk\/wp-content\/uploads\/2025\/03\/Lisztomania_2024_PREZI-10-1536x2048.jpg 1536w, https:\/\/opus-folyoirat.sk\/wp-content\/uploads\/2025\/03\/Lisztomania_2024_PREZI-10.jpg 1772w\" sizes=\"auto, (max-width: 768px) 100vw, 768px\" \/><\/a><\/figure>\n\n\n\n<figure class=\"wp-block-image size-large\"><a href=\"https:\/\/opus-folyoirat.sk\/wp-content\/uploads\/2025\/03\/Lisztomania_2024_PREZI-11.jpg\"><img loading=\"lazy\" decoding=\"async\" width=\"767\" height=\"1024\" data-id=\"2260\" src=\"https:\/\/opus-folyoirat.sk\/wp-content\/uploads\/2025\/03\/Lisztomania_2024_PREZI-11-767x1024.jpg\" alt=\"\" class=\"wp-image-2260\" srcset=\"https:\/\/opus-folyoirat.sk\/wp-content\/uploads\/2025\/03\/Lisztomania_2024_PREZI-11-767x1024.jpg 767w, https:\/\/opus-folyoirat.sk\/wp-content\/uploads\/2025\/03\/Lisztomania_2024_PREZI-11-225x300.jpg 225w, https:\/\/opus-folyoirat.sk\/wp-content\/uploads\/2025\/03\/Lisztomania_2024_PREZI-11-768x1025.jpg 768w, https:\/\/opus-folyoirat.sk\/wp-content\/uploads\/2025\/03\/Lisztomania_2024_PREZI-11-1151x1536.jpg 1151w, https:\/\/opus-folyoirat.sk\/wp-content\/uploads\/2025\/03\/Lisztomania_2024_PREZI-11-1535x2048.jpg 1535w, https:\/\/opus-folyoirat.sk\/wp-content\/uploads\/2025\/03\/Lisztomania_2024_PREZI-11.jpg 1770w\" sizes=\"auto, (max-width: 767px) 100vw, 767px\" \/><\/a><\/figure>\n\n\n\n<figure class=\"wp-block-image size-large\"><a href=\"https:\/\/opus-folyoirat.sk\/wp-content\/uploads\/2025\/03\/Lisztomania_2024_PREZI-12.jpg\"><img loading=\"lazy\" decoding=\"async\" width=\"767\" height=\"1024\" data-id=\"2267\" src=\"https:\/\/opus-folyoirat.sk\/wp-content\/uploads\/2025\/03\/Lisztomania_2024_PREZI-12-767x1024.jpg\" alt=\"\" class=\"wp-image-2267\" srcset=\"https:\/\/opus-folyoirat.sk\/wp-content\/uploads\/2025\/03\/Lisztomania_2024_PREZI-12-767x1024.jpg 767w, https:\/\/opus-folyoirat.sk\/wp-content\/uploads\/2025\/03\/Lisztomania_2024_PREZI-12-225x300.jpg 225w, https:\/\/opus-folyoirat.sk\/wp-content\/uploads\/2025\/03\/Lisztomania_2024_PREZI-12-768x1025.jpg 768w, https:\/\/opus-folyoirat.sk\/wp-content\/uploads\/2025\/03\/Lisztomania_2024_PREZI-12-1151x1536.jpg 1151w, https:\/\/opus-folyoirat.sk\/wp-content\/uploads\/2025\/03\/Lisztomania_2024_PREZI-12-1535x2048.jpg 1535w, https:\/\/opus-folyoirat.sk\/wp-content\/uploads\/2025\/03\/Lisztomania_2024_PREZI-12.jpg 1770w\" sizes=\"auto, (max-width: 767px) 100vw, 767px\" \/><\/a><\/figure>\n\n\n\n<figure class=\"wp-block-image size-large\"><a href=\"https:\/\/opus-folyoirat.sk\/wp-content\/uploads\/2025\/03\/Lisztomania_2024_PREZI-13.jpg\"><img loading=\"lazy\" decoding=\"async\" width=\"767\" height=\"1024\" data-id=\"2263\" src=\"https:\/\/opus-folyoirat.sk\/wp-content\/uploads\/2025\/03\/Lisztomania_2024_PREZI-13-767x1024.jpg\" alt=\"\" class=\"wp-image-2263\" srcset=\"https:\/\/opus-folyoirat.sk\/wp-content\/uploads\/2025\/03\/Lisztomania_2024_PREZI-13-767x1024.jpg 767w, https:\/\/opus-folyoirat.sk\/wp-content\/uploads\/2025\/03\/Lisztomania_2024_PREZI-13-225x300.jpg 225w, https:\/\/opus-folyoirat.sk\/wp-content\/uploads\/2025\/03\/Lisztomania_2024_PREZI-13-768x1025.jpg 768w, https:\/\/opus-folyoirat.sk\/wp-content\/uploads\/2025\/03\/Lisztomania_2024_PREZI-13-1150x1536.jpg 1150w, https:\/\/opus-folyoirat.sk\/wp-content\/uploads\/2025\/03\/Lisztomania_2024_PREZI-13-1534x2048.jpg 1534w, https:\/\/opus-folyoirat.sk\/wp-content\/uploads\/2025\/03\/Lisztomania_2024_PREZI-13.jpg 1769w\" sizes=\"auto, (max-width: 767px) 100vw, 767px\" \/><\/a><\/figure>\n\n\n\n<figure class=\"wp-block-image size-large\"><a href=\"https:\/\/opus-folyoirat.sk\/wp-content\/uploads\/2025\/03\/Lisztomania_2024_PREZI-14.jpg\"><img loading=\"lazy\" decoding=\"async\" width=\"770\" height=\"1024\" data-id=\"2262\" src=\"https:\/\/opus-folyoirat.sk\/wp-content\/uploads\/2025\/03\/Lisztomania_2024_PREZI-14-770x1024.jpg\" alt=\"\" class=\"wp-image-2262\" srcset=\"https:\/\/opus-folyoirat.sk\/wp-content\/uploads\/2025\/03\/Lisztomania_2024_PREZI-14-770x1024.jpg 770w, https:\/\/opus-folyoirat.sk\/wp-content\/uploads\/2025\/03\/Lisztomania_2024_PREZI-14-225x300.jpg 225w, https:\/\/opus-folyoirat.sk\/wp-content\/uploads\/2025\/03\/Lisztomania_2024_PREZI-14-768x1022.jpg 768w, https:\/\/opus-folyoirat.sk\/wp-content\/uploads\/2025\/03\/Lisztomania_2024_PREZI-14-1154x1536.jpg 1154w, https:\/\/opus-folyoirat.sk\/wp-content\/uploads\/2025\/03\/Lisztomania_2024_PREZI-14-1539x2048.jpg 1539w, https:\/\/opus-folyoirat.sk\/wp-content\/uploads\/2025\/03\/Lisztomania_2024_PREZI-14.jpg 1775w\" sizes=\"auto, (max-width: 770px) 100vw, 770px\" \/><\/a><\/figure>\n\n\n\n<figure class=\"wp-block-image size-large\"><a href=\"https:\/\/opus-folyoirat.sk\/wp-content\/uploads\/2025\/03\/Lisztomania_2024_PREZI-15.jpg\"><img loading=\"lazy\" decoding=\"async\" width=\"770\" height=\"1024\" data-id=\"2272\" src=\"https:\/\/opus-folyoirat.sk\/wp-content\/uploads\/2025\/03\/Lisztomania_2024_PREZI-15-770x1024.jpg\" alt=\"\" class=\"wp-image-2272\" srcset=\"https:\/\/opus-folyoirat.sk\/wp-content\/uploads\/2025\/03\/Lisztomania_2024_PREZI-15-770x1024.jpg 770w, https:\/\/opus-folyoirat.sk\/wp-content\/uploads\/2025\/03\/Lisztomania_2024_PREZI-15-226x300.jpg 226w, https:\/\/opus-folyoirat.sk\/wp-content\/uploads\/2025\/03\/Lisztomania_2024_PREZI-15-768x1021.jpg 768w, https:\/\/opus-folyoirat.sk\/wp-content\/uploads\/2025\/03\/Lisztomania_2024_PREZI-15-1155x1536.jpg 1155w, https:\/\/opus-folyoirat.sk\/wp-content\/uploads\/2025\/03\/Lisztomania_2024_PREZI-15-1540x2048.jpg 1540w, https:\/\/opus-folyoirat.sk\/wp-content\/uploads\/2025\/03\/Lisztomania_2024_PREZI-15.jpg 1776w\" sizes=\"auto, (max-width: 770px) 100vw, 770px\" \/><\/a><\/figure>\n\n\n\n<figure class=\"wp-block-image size-large\"><a href=\"https:\/\/opus-folyoirat.sk\/wp-content\/uploads\/2025\/03\/Lisztomania_2024_PREZI-16.jpg\"><img loading=\"lazy\" decoding=\"async\" width=\"765\" height=\"1024\" data-id=\"2261\" src=\"https:\/\/opus-folyoirat.sk\/wp-content\/uploads\/2025\/03\/Lisztomania_2024_PREZI-16-765x1024.jpg\" alt=\"\" class=\"wp-image-2261\" srcset=\"https:\/\/opus-folyoirat.sk\/wp-content\/uploads\/2025\/03\/Lisztomania_2024_PREZI-16-765x1024.jpg 765w, https:\/\/opus-folyoirat.sk\/wp-content\/uploads\/2025\/03\/Lisztomania_2024_PREZI-16-224x300.jpg 224w, https:\/\/opus-folyoirat.sk\/wp-content\/uploads\/2025\/03\/Lisztomania_2024_PREZI-16-768x1028.jpg 768w, https:\/\/opus-folyoirat.sk\/wp-content\/uploads\/2025\/03\/Lisztomania_2024_PREZI-16-1148x1536.jpg 1148w, https:\/\/opus-folyoirat.sk\/wp-content\/uploads\/2025\/03\/Lisztomania_2024_PREZI-16-1530x2048.jpg 1530w, https:\/\/opus-folyoirat.sk\/wp-content\/uploads\/2025\/03\/Lisztomania_2024_PREZI-16.jpg 1765w\" sizes=\"auto, (max-width: 765px) 100vw, 765px\" \/><\/a><\/figure>\n\n\n\n<figure class=\"wp-block-image size-large\"><a href=\"https:\/\/opus-folyoirat.sk\/wp-content\/uploads\/2025\/03\/Lisztomania_2024_PREZI-17.jpg\"><img loading=\"lazy\" decoding=\"async\" width=\"770\" height=\"1024\" data-id=\"2264\" src=\"https:\/\/opus-folyoirat.sk\/wp-content\/uploads\/2025\/03\/Lisztomania_2024_PREZI-17-770x1024.jpg\" alt=\"\" class=\"wp-image-2264\" srcset=\"https:\/\/opus-folyoirat.sk\/wp-content\/uploads\/2025\/03\/Lisztomania_2024_PREZI-17-770x1024.jpg 770w, https:\/\/opus-folyoirat.sk\/wp-content\/uploads\/2025\/03\/Lisztomania_2024_PREZI-17-226x300.jpg 226w, https:\/\/opus-folyoirat.sk\/wp-content\/uploads\/2025\/03\/Lisztomania_2024_PREZI-17-768x1021.jpg 768w, https:\/\/opus-folyoirat.sk\/wp-content\/uploads\/2025\/03\/Lisztomania_2024_PREZI-17-1155x1536.jpg 1155w, https:\/\/opus-folyoirat.sk\/wp-content\/uploads\/2025\/03\/Lisztomania_2024_PREZI-17-1540x2048.jpg 1540w, https:\/\/opus-folyoirat.sk\/wp-content\/uploads\/2025\/03\/Lisztomania_2024_PREZI-17.jpg 1776w\" sizes=\"auto, (max-width: 770px) 100vw, 770px\" \/><\/a><\/figure>\n<\/figure>\n\n\n\n<p>Els\u0151 \u00f6n\u00e1ll\u00f3 ki\u00e1ll\u00edt\u00e1s\u00e1t 2022-ben rendezte, ahol az elm\u00falt \u00e9vtizedekben k\u00e9sz\u00fclt rajzaib\u00f3l \u00e9s festm\u00e9nyeib\u0151l mutatott be egy v\u00e1logat\u00e1st.<\/p>\n","protected":false},"excerpt":{"rendered":"<p>Pr\u00e1czky Istv\u00e1n grafikus \u00e9s tipogr\u00e1fus, aki 1986 \u00e9s 1990 k\u00f6z\u00f6tt Budapesten az Iparm\u0171v\u00e9szeti F\u0151iskol\u00e1n (ma Moholy-Nagy Iparm\u0171v\u00e9szeti Egyetem) tipogr\u00e1fia-grafika szakp\u00e1ron tanult. A rajz, a karikat\u00fara \u00e9s a k\u00e9preg\u00e9nyek szeretet\u00e9vel hamar megfert\u0151z\u0151d\u00f6tt, emellett gyerekkora \u00f3ta vonz\u00f3dik a bet\u0171kh\u00f6z. \u201eTanulm\u00e1nyaim mellett kezdtem &hellip; <a href=\"https:\/\/opus-folyoirat.sk\/?page_id=2258\">Egy kattint\u00e1s ide a folytat\u00e1shoz&#8230;. <span class=\"meta-nav\">&rarr;<\/span><\/a><\/p>\n","protected":false},"author":4,"featured_media":0,"parent":948,"menu_order":0,"comment_status":"closed","ping_status":"closed","template":"","meta":{"footnotes":""},"class_list":["post-2258","page","type-page","status-publish","hentry"],"_links":{"self":[{"href":"https:\/\/opus-folyoirat.sk\/index.php?rest_route=\/wp\/v2\/pages\/2258","targetHints":{"allow":["GET"]}}],"collection":[{"href":"https:\/\/opus-folyoirat.sk\/index.php?rest_route=\/wp\/v2\/pages"}],"about":[{"href":"https:\/\/opus-folyoirat.sk\/index.php?rest_route=\/wp\/v2\/types\/page"}],"author":[{"embeddable":true,"href":"https:\/\/opus-folyoirat.sk\/index.php?rest_route=\/wp\/v2\/users\/4"}],"replies":[{"embeddable":true,"href":"https:\/\/opus-folyoirat.sk\/index.php?rest_route=%2Fwp%2Fv2%2Fcomments&post=2258"}],"version-history":[{"count":2,"href":"https:\/\/opus-folyoirat.sk\/index.php?rest_route=\/wp\/v2\/pages\/2258\/revisions"}],"predecessor-version":[{"id":3114,"href":"https:\/\/opus-folyoirat.sk\/index.php?rest_route=\/wp\/v2\/pages\/2258\/revisions\/3114"}],"up":[{"embeddable":true,"href":"https:\/\/opus-folyoirat.sk\/index.php?rest_route=\/wp\/v2\/pages\/948"}],"wp:attachment":[{"href":"https:\/\/opus-folyoirat.sk\/index.php?rest_route=%2Fwp%2Fv2%2Fmedia&parent=2258"}],"curies":[{"name":"wp","href":"https:\/\/api.w.org\/{rel}","templated":true}]}}