{"id":2296,"date":"2025-04-29T19:59:18","date_gmt":"2025-04-29T17:59:18","guid":{"rendered":"https:\/\/opus-folyoirat.sk\/?page_id=2296"},"modified":"2026-01-29T17:28:13","modified_gmt":"2026-01-29T15:28:13","slug":"irodalom-hatarok-nelkul-itt-az-opus-idei-masodik-szama","status":"publish","type":"page","link":"https:\/\/opus-folyoirat.sk\/?page_id=2296","title":{"rendered":"Irodalom hat\u00e1rok n\u00e9lk\u00fcl \u2013 itt az Opus idei m\u00e1sodik sz\u00e1ma"},"content":{"rendered":"<div class=\"wp-block-post-date\"><time datetime=\"2025-04-29T19:59:18+02:00\">2025-04-29<\/time><\/div>\n\n\n<p><\/p>\n\n\n\n<p><em>A Szlov\u00e1kiai Magyar \u00cdr\u00f3k T\u00e1rsas\u00e1g\u00e1nak irodalmi lapja jelenleg az egyetlen nyomtatott form\u00e1ban megjelen\u0151 magyar irodalmi lap Szlov\u00e1ki\u00e1ban. S mint olyan, k\u00e9zbe vehet\u0151 \u00e9s fellapozhat\u00f3, \u00e9rezhet\u0151 \u00e9s megszagolhat\u00f3. Mindemellett pedig sz\u00e1mos \u00e9rdekes \u00edr\u00e1st t\u00e1r az olvas\u00f3 el\u00e9.&nbsp;<\/em><\/p>\n\n\n\n<figure class=\"wp-block-image size-large\"><a href=\"https:\/\/opus-folyoirat.sk\/wp-content\/uploads\/2025\/04\/IMG_1478.jpg\"><img loading=\"lazy\" decoding=\"async\" width=\"1024\" height=\"681\" src=\"http:\/\/opus-folyoirat.sk\/wp-content\/uploads\/2025\/04\/IMG_1478-1024x681.jpg\" alt=\"\" class=\"wp-image-2297\" srcset=\"https:\/\/opus-folyoirat.sk\/wp-content\/uploads\/2025\/04\/IMG_1478-1024x681.jpg 1024w, https:\/\/opus-folyoirat.sk\/wp-content\/uploads\/2025\/04\/IMG_1478-300x200.jpg 300w, https:\/\/opus-folyoirat.sk\/wp-content\/uploads\/2025\/04\/IMG_1478-768x511.jpg 768w, https:\/\/opus-folyoirat.sk\/wp-content\/uploads\/2025\/04\/IMG_1478-1536x1022.jpg 1536w, https:\/\/opus-folyoirat.sk\/wp-content\/uploads\/2025\/04\/IMG_1478-2048x1362.jpg 2048w, https:\/\/opus-folyoirat.sk\/wp-content\/uploads\/2025\/04\/IMG_1478-451x300.jpg 451w\" sizes=\"auto, (max-width: 1024px) 100vw, 1024px\" \/><\/a><\/figure>\n\n\n\n<p>A lapsz\u00e1m els\u0151 blokkj\u00e1t szok\u00e1sunkhoz h\u00edven a <strong>Sz\u00e9p\u00edr\u00e1s<\/strong> rovat t\u00f6lti ki, ahol l\u00edrai hangok \u00e9s pr\u00f3zai vil\u00e1gok tal\u00e1lkoznak. <em>Hodossy Gyula<\/em> A gy\u00f3n\u00e1s kikezdhetetlen titka c\u00edm\u0171 verse m\u00e9lyen l\u00edrai vallom\u00e1sk\u00e9nt nyitja a sz\u00e1mot, <em>Balizs D\u00e1niel<\/em> holdb\u00e9li v\u00edzi\u00f3ja modern l\u00e9tfiloz\u00f3fi\u00e1t bont ki, m\u00edg <em>Morva M\u00e1ty\u00e1s<\/em> sci-fi-be hajl\u00f3 novell\u00e1ja, a Nyolcvan pokr\u00f3c \u00e9s <em>Fiala Ilona <\/em>Azok a sz\u00edvtelen n\u0151k c\u00edm\u0171 pr\u00f3zai alkot\u00e1sa k\u00fcl\u00f6nleges sz\u00ednfoltok. A l\u00edrai felhozatalban helyet kap t\u00f6bbek k\u00f6zt <em>Bakonyi Istv\u00e1n, R\u00e1s\u00f3 Attila, Szegedi Csilla, Sz\u00e9kelyhidi Zsolt, Sz\u0171cs Bertalan, Hajnal \u00c9va<\/em> \u00e9s <em>Nagy Dorottya<\/em> is, ut\u00f3bbi k\u00f6lt\u00e9szete er\u0151s k\u00e9pekkel \u00e9s szem\u00e9lyes hangv\u00e9tellel ragadja meg az olvas\u00f3t.<\/p>\n\n\n\n<div class=\"wp-block-columns is-layout-flex wp-container-core-columns-is-layout-9d6595d7 wp-block-columns-is-layout-flex\">\n<div class=\"wp-block-column is-layout-flow wp-block-column-is-layout-flow\">\n<figure class=\"wp-block-image size-large\"><a href=\"https:\/\/opus-folyoirat.sk\/wp-content\/uploads\/2025\/04\/IMG_1451.jpg\"><img loading=\"lazy\" decoding=\"async\" width=\"682\" height=\"1024\" src=\"https:\/\/opus-folyoirat.sk\/wp-content\/uploads\/2025\/04\/IMG_1451-682x1024.jpg\" alt=\"\" class=\"wp-image-2298\" srcset=\"https:\/\/opus-folyoirat.sk\/wp-content\/uploads\/2025\/04\/IMG_1451-682x1024.jpg 682w, https:\/\/opus-folyoirat.sk\/wp-content\/uploads\/2025\/04\/IMG_1451-200x300.jpg 200w, https:\/\/opus-folyoirat.sk\/wp-content\/uploads\/2025\/04\/IMG_1451-768x1152.jpg 768w, https:\/\/opus-folyoirat.sk\/wp-content\/uploads\/2025\/04\/IMG_1451-1024x1536.jpg 1024w, https:\/\/opus-folyoirat.sk\/wp-content\/uploads\/2025\/04\/IMG_1451-1365x2048.jpg 1365w, https:\/\/opus-folyoirat.sk\/wp-content\/uploads\/2025\/04\/IMG_1451.jpg 1574w\" sizes=\"auto, (max-width: 682px) 100vw, 682px\" \/><\/a><\/figure>\n<\/div>\n\n\n\n<div class=\"wp-block-column is-layout-flow wp-block-column-is-layout-flow\">\n<figure class=\"wp-block-image size-large\"><a href=\"https:\/\/opus-folyoirat.sk\/wp-content\/uploads\/2025\/04\/IMG_1452.jpg\"><img loading=\"lazy\" decoding=\"async\" width=\"682\" height=\"1024\" src=\"https:\/\/opus-folyoirat.sk\/wp-content\/uploads\/2025\/04\/IMG_1452-682x1024.jpg\" alt=\"\" class=\"wp-image-2299\" srcset=\"https:\/\/opus-folyoirat.sk\/wp-content\/uploads\/2025\/04\/IMG_1452-682x1024.jpg 682w, https:\/\/opus-folyoirat.sk\/wp-content\/uploads\/2025\/04\/IMG_1452-200x300.jpg 200w, https:\/\/opus-folyoirat.sk\/wp-content\/uploads\/2025\/04\/IMG_1452-768x1152.jpg 768w, https:\/\/opus-folyoirat.sk\/wp-content\/uploads\/2025\/04\/IMG_1452-1024x1536.jpg 1024w, https:\/\/opus-folyoirat.sk\/wp-content\/uploads\/2025\/04\/IMG_1452-1365x2048.jpg 1365w, https:\/\/opus-folyoirat.sk\/wp-content\/uploads\/2025\/04\/IMG_1452.jpg 1574w\" sizes=\"auto, (max-width: 682px) 100vw, 682px\" \/><\/a><\/figure>\n<\/div>\n\n\n\n<div class=\"wp-block-column is-layout-flow wp-block-column-is-layout-flow\">\n<figure class=\"wp-block-image size-large\"><a href=\"https:\/\/opus-folyoirat.sk\/wp-content\/uploads\/2025\/04\/IMG_1453.jpg\"><img loading=\"lazy\" decoding=\"async\" width=\"682\" height=\"1024\" src=\"https:\/\/opus-folyoirat.sk\/wp-content\/uploads\/2025\/04\/IMG_1453-682x1024.jpg\" alt=\"\" class=\"wp-image-2300\" srcset=\"https:\/\/opus-folyoirat.sk\/wp-content\/uploads\/2025\/04\/IMG_1453-682x1024.jpg 682w, https:\/\/opus-folyoirat.sk\/wp-content\/uploads\/2025\/04\/IMG_1453-200x300.jpg 200w, https:\/\/opus-folyoirat.sk\/wp-content\/uploads\/2025\/04\/IMG_1453-768x1152.jpg 768w, https:\/\/opus-folyoirat.sk\/wp-content\/uploads\/2025\/04\/IMG_1453-1024x1536.jpg 1024w, https:\/\/opus-folyoirat.sk\/wp-content\/uploads\/2025\/04\/IMG_1453-1365x2048.jpg 1365w, https:\/\/opus-folyoirat.sk\/wp-content\/uploads\/2025\/04\/IMG_1453.jpg 1574w\" sizes=\"auto, (max-width: 682px) 100vw, 682px\" \/><\/a><\/figure>\n<\/div>\n<\/div>\n\n\n\n<p>A jubileumi r\u00e9szben a 2024-es <strong>Arany Opus D\u00edj<\/strong> elismert alkot\u00e1sait ismerhetj\u00fck meg. Els\u0151k\u00e9nt <em>Fellinger K\u00e1roly<\/em> Lombtalan\u00edt\u00e1s c. vers\u00e9ben mitikus \u00e9s bibliai utal\u00e1sokkal \u00e9p\u00edti fel az emberi sors \u00e9s k\u00f6lt\u00e9szet kapcsolat\u00e1t, m\u00edg <em>Hogya Gy\u00f6rgy<\/em> essz\u00e9je az alkot\u00e1s l\u00e9nyeg\u00e9t kutatja intellektu\u00e1lis m\u00e9lys\u00e9ggel. A mez\u0151nyr\u0151l \u00e9s a be\u00e9rkezett p\u00e1lyam\u0171vekr\u0151l <em>K\u00f6vesdi K\u00e1roly<\/em> \u201e\u00e9rt\u00e9kel\u00e9sf\u00e9le\u201d \u00edr\u00e1s\u00e1ban kapunk teljesebb k\u00e9pet.&nbsp;<\/p>\n\n\n\n<div class=\"wp-block-columns is-layout-flex wp-container-core-columns-is-layout-9d6595d7 wp-block-columns-is-layout-flex\">\n<div class=\"wp-block-column is-layout-flow wp-block-column-is-layout-flow\">\n<figure class=\"wp-block-image size-large\"><a href=\"https:\/\/opus-folyoirat.sk\/wp-content\/uploads\/2025\/04\/IMG_1454.jpg\"><img loading=\"lazy\" decoding=\"async\" width=\"682\" height=\"1024\" src=\"https:\/\/opus-folyoirat.sk\/wp-content\/uploads\/2025\/04\/IMG_1454-682x1024.jpg\" alt=\"\" class=\"wp-image-2301\" srcset=\"https:\/\/opus-folyoirat.sk\/wp-content\/uploads\/2025\/04\/IMG_1454-682x1024.jpg 682w, https:\/\/opus-folyoirat.sk\/wp-content\/uploads\/2025\/04\/IMG_1454-200x300.jpg 200w, https:\/\/opus-folyoirat.sk\/wp-content\/uploads\/2025\/04\/IMG_1454-768x1152.jpg 768w, https:\/\/opus-folyoirat.sk\/wp-content\/uploads\/2025\/04\/IMG_1454-1024x1536.jpg 1024w, https:\/\/opus-folyoirat.sk\/wp-content\/uploads\/2025\/04\/IMG_1454-1365x2048.jpg 1365w, https:\/\/opus-folyoirat.sk\/wp-content\/uploads\/2025\/04\/IMG_1454.jpg 1574w\" sizes=\"auto, (max-width: 682px) 100vw, 682px\" \/><\/a><\/figure>\n<\/div>\n\n\n\n<div class=\"wp-block-column is-layout-flow wp-block-column-is-layout-flow\">\n<figure class=\"wp-block-image size-large\"><a href=\"https:\/\/opus-folyoirat.sk\/wp-content\/uploads\/2025\/04\/IMG_1455.jpg\"><img loading=\"lazy\" decoding=\"async\" width=\"682\" height=\"1024\" src=\"https:\/\/opus-folyoirat.sk\/wp-content\/uploads\/2025\/04\/IMG_1455-682x1024.jpg\" alt=\"\" class=\"wp-image-2302\" srcset=\"https:\/\/opus-folyoirat.sk\/wp-content\/uploads\/2025\/04\/IMG_1455-682x1024.jpg 682w, https:\/\/opus-folyoirat.sk\/wp-content\/uploads\/2025\/04\/IMG_1455-200x300.jpg 200w, https:\/\/opus-folyoirat.sk\/wp-content\/uploads\/2025\/04\/IMG_1455-768x1152.jpg 768w, https:\/\/opus-folyoirat.sk\/wp-content\/uploads\/2025\/04\/IMG_1455-1024x1536.jpg 1024w, https:\/\/opus-folyoirat.sk\/wp-content\/uploads\/2025\/04\/IMG_1455-1365x2048.jpg 1365w, https:\/\/opus-folyoirat.sk\/wp-content\/uploads\/2025\/04\/IMG_1455.jpg 1574w\" sizes=\"auto, (max-width: 682px) 100vw, 682px\" \/><\/a><\/figure>\n<\/div>\n\n\n\n<div class=\"wp-block-column is-layout-flow wp-block-column-is-layout-flow\">\n<figure class=\"wp-block-image size-large\"><a href=\"https:\/\/opus-folyoirat.sk\/wp-content\/uploads\/2025\/04\/IMG_1456.jpg\"><img loading=\"lazy\" decoding=\"async\" width=\"682\" height=\"1024\" src=\"https:\/\/opus-folyoirat.sk\/wp-content\/uploads\/2025\/04\/IMG_1456-682x1024.jpg\" alt=\"\" class=\"wp-image-2303\" srcset=\"https:\/\/opus-folyoirat.sk\/wp-content\/uploads\/2025\/04\/IMG_1456-682x1024.jpg 682w, https:\/\/opus-folyoirat.sk\/wp-content\/uploads\/2025\/04\/IMG_1456-200x300.jpg 200w, https:\/\/opus-folyoirat.sk\/wp-content\/uploads\/2025\/04\/IMG_1456-768x1152.jpg 768w, https:\/\/opus-folyoirat.sk\/wp-content\/uploads\/2025\/04\/IMG_1456-1024x1536.jpg 1024w, https:\/\/opus-folyoirat.sk\/wp-content\/uploads\/2025\/04\/IMG_1456-1365x2048.jpg 1365w, https:\/\/opus-folyoirat.sk\/wp-content\/uploads\/2025\/04\/IMG_1456.jpg 1574w\" sizes=\"auto, (max-width: 682px) 100vw, 682px\" \/><\/a><\/figure>\n<\/div>\n<\/div>\n\n\n\n<p>A <strong>L\u00e1that\u00e1r<\/strong> rovat szlov\u00e1k k\u00f6lt\u0151k verseinek ford\u00edt\u00e1saival hidat k\u00e9pez a kult\u00far\u00e1k k\u00f6z\u00f6tt. <em>K\u00e1lnoky G\u00e9za<\/em> a keveset publik\u00e1lt \u00e9s szinte ismeretlen Lucia Bizarretov\u00e1 n\u00e9h\u00e1ny sz\u00e1mozott vers\u00e9t \u00fcltette \u00e1t magyarra, m\u00edg <em>T\u00f6r\u00f6k N\u00e1ndor<\/em> Juraj Kuniak \u00e9s Rudolf Jurolek verseivel ismerteti meg az olvas\u00f3t.&nbsp;<\/p>\n\n\n\n<p>Az <strong>Opus-eml\u00e9kez\u00e9s<\/strong> <em>Hermann Judit<\/em> Az \u00e1ld\u00e1s \u00edze c. \u00edr\u00e1s\u00e1t hozza el, m\u00edg az <strong>Opus-essz\u00e9<\/strong> rovatunkban Vasi Szab\u00f3 J\u00e1nos n\u00e9gy klasszikus sci-fit mutat be.&nbsp;<\/p>\n\n\n\n<p>Az <strong>Opus-tanulm\u00e1ny <\/strong><em>Dr. Kiss L\u00e1szl\u00f3<\/em> kimer\u00edt\u0151 \u00edr\u00e1s\u00e1t k\u00f6zli Ipolys\u00e1g fontos sz\u00fcl\u00f6tte, Farkas Istv\u00e1n \u00e9let\u00e9r\u0151l \u00e9s munk\u00e1ss\u00e1g\u00e1r\u00f3l.&nbsp;<\/p>\n\n\n\n<figure class=\"wp-block-gallery has-nested-images columns-6 is-cropped wp-block-gallery-1 is-layout-flex wp-block-gallery-is-layout-flex\">\n<figure class=\"wp-block-image size-large\"><a href=\"https:\/\/opus-folyoirat.sk\/wp-content\/uploads\/2025\/04\/IMG_1457.jpg\"><img loading=\"lazy\" decoding=\"async\" width=\"682\" height=\"1024\" data-id=\"2309\" src=\"https:\/\/opus-folyoirat.sk\/wp-content\/uploads\/2025\/04\/IMG_1457-682x1024.jpg\" alt=\"\" class=\"wp-image-2309\" srcset=\"https:\/\/opus-folyoirat.sk\/wp-content\/uploads\/2025\/04\/IMG_1457-682x1024.jpg 682w, https:\/\/opus-folyoirat.sk\/wp-content\/uploads\/2025\/04\/IMG_1457-200x300.jpg 200w, https:\/\/opus-folyoirat.sk\/wp-content\/uploads\/2025\/04\/IMG_1457-768x1152.jpg 768w, https:\/\/opus-folyoirat.sk\/wp-content\/uploads\/2025\/04\/IMG_1457-1024x1536.jpg 1024w, https:\/\/opus-folyoirat.sk\/wp-content\/uploads\/2025\/04\/IMG_1457-1365x2048.jpg 1365w, https:\/\/opus-folyoirat.sk\/wp-content\/uploads\/2025\/04\/IMG_1457.jpg 1574w\" sizes=\"auto, (max-width: 682px) 100vw, 682px\" \/><\/a><\/figure>\n\n\n\n<figure class=\"wp-block-image size-large\"><a href=\"https:\/\/opus-folyoirat.sk\/wp-content\/uploads\/2025\/04\/IMG_1458.jpg\"><img loading=\"lazy\" decoding=\"async\" width=\"682\" height=\"1024\" data-id=\"2311\" src=\"https:\/\/opus-folyoirat.sk\/wp-content\/uploads\/2025\/04\/IMG_1458-682x1024.jpg\" alt=\"\" class=\"wp-image-2311\" srcset=\"https:\/\/opus-folyoirat.sk\/wp-content\/uploads\/2025\/04\/IMG_1458-682x1024.jpg 682w, https:\/\/opus-folyoirat.sk\/wp-content\/uploads\/2025\/04\/IMG_1458-200x300.jpg 200w, https:\/\/opus-folyoirat.sk\/wp-content\/uploads\/2025\/04\/IMG_1458-768x1152.jpg 768w, https:\/\/opus-folyoirat.sk\/wp-content\/uploads\/2025\/04\/IMG_1458-1024x1536.jpg 1024w, https:\/\/opus-folyoirat.sk\/wp-content\/uploads\/2025\/04\/IMG_1458-1365x2048.jpg 1365w, https:\/\/opus-folyoirat.sk\/wp-content\/uploads\/2025\/04\/IMG_1458.jpg 1574w\" sizes=\"auto, (max-width: 682px) 100vw, 682px\" \/><\/a><\/figure>\n\n\n\n<figure class=\"wp-block-image size-large\"><a href=\"https:\/\/opus-folyoirat.sk\/wp-content\/uploads\/2025\/04\/IMG_1459.jpg\"><img loading=\"lazy\" decoding=\"async\" width=\"682\" height=\"1024\" data-id=\"2305\" src=\"https:\/\/opus-folyoirat.sk\/wp-content\/uploads\/2025\/04\/IMG_1459-682x1024.jpg\" alt=\"\" class=\"wp-image-2305\" srcset=\"https:\/\/opus-folyoirat.sk\/wp-content\/uploads\/2025\/04\/IMG_1459-682x1024.jpg 682w, https:\/\/opus-folyoirat.sk\/wp-content\/uploads\/2025\/04\/IMG_1459-200x300.jpg 200w, https:\/\/opus-folyoirat.sk\/wp-content\/uploads\/2025\/04\/IMG_1459-768x1152.jpg 768w, https:\/\/opus-folyoirat.sk\/wp-content\/uploads\/2025\/04\/IMG_1459-1024x1536.jpg 1024w, https:\/\/opus-folyoirat.sk\/wp-content\/uploads\/2025\/04\/IMG_1459-1365x2048.jpg 1365w, https:\/\/opus-folyoirat.sk\/wp-content\/uploads\/2025\/04\/IMG_1459.jpg 1574w\" sizes=\"auto, (max-width: 682px) 100vw, 682px\" \/><\/a><\/figure>\n\n\n\n<figure class=\"wp-block-image size-large\"><a href=\"https:\/\/opus-folyoirat.sk\/wp-content\/uploads\/2025\/04\/IMG_1460.jpg\"><img loading=\"lazy\" decoding=\"async\" width=\"682\" height=\"1024\" data-id=\"2306\" src=\"https:\/\/opus-folyoirat.sk\/wp-content\/uploads\/2025\/04\/IMG_1460-682x1024.jpg\" alt=\"\" class=\"wp-image-2306\" srcset=\"https:\/\/opus-folyoirat.sk\/wp-content\/uploads\/2025\/04\/IMG_1460-682x1024.jpg 682w, https:\/\/opus-folyoirat.sk\/wp-content\/uploads\/2025\/04\/IMG_1460-200x300.jpg 200w, https:\/\/opus-folyoirat.sk\/wp-content\/uploads\/2025\/04\/IMG_1460-768x1152.jpg 768w, https:\/\/opus-folyoirat.sk\/wp-content\/uploads\/2025\/04\/IMG_1460-1024x1536.jpg 1024w, https:\/\/opus-folyoirat.sk\/wp-content\/uploads\/2025\/04\/IMG_1460-1365x2048.jpg 1365w, https:\/\/opus-folyoirat.sk\/wp-content\/uploads\/2025\/04\/IMG_1460.jpg 1574w\" sizes=\"auto, (max-width: 682px) 100vw, 682px\" \/><\/a><\/figure>\n\n\n\n<figure class=\"wp-block-image size-large\"><a href=\"https:\/\/opus-folyoirat.sk\/wp-content\/uploads\/2025\/04\/IMG_1461.jpg\"><img loading=\"lazy\" decoding=\"async\" width=\"682\" height=\"1024\" data-id=\"2307\" src=\"https:\/\/opus-folyoirat.sk\/wp-content\/uploads\/2025\/04\/IMG_1461-682x1024.jpg\" alt=\"\" class=\"wp-image-2307\" srcset=\"https:\/\/opus-folyoirat.sk\/wp-content\/uploads\/2025\/04\/IMG_1461-682x1024.jpg 682w, https:\/\/opus-folyoirat.sk\/wp-content\/uploads\/2025\/04\/IMG_1461-200x300.jpg 200w, https:\/\/opus-folyoirat.sk\/wp-content\/uploads\/2025\/04\/IMG_1461-768x1152.jpg 768w, https:\/\/opus-folyoirat.sk\/wp-content\/uploads\/2025\/04\/IMG_1461-1024x1536.jpg 1024w, https:\/\/opus-folyoirat.sk\/wp-content\/uploads\/2025\/04\/IMG_1461-1365x2048.jpg 1365w, https:\/\/opus-folyoirat.sk\/wp-content\/uploads\/2025\/04\/IMG_1461.jpg 1574w\" sizes=\"auto, (max-width: 682px) 100vw, 682px\" \/><\/a><\/figure>\n\n\n\n<figure class=\"wp-block-image size-large\"><a href=\"https:\/\/opus-folyoirat.sk\/wp-content\/uploads\/2025\/04\/IMG_1462.jpg\"><img loading=\"lazy\" decoding=\"async\" width=\"682\" height=\"1024\" data-id=\"2308\" src=\"https:\/\/opus-folyoirat.sk\/wp-content\/uploads\/2025\/04\/IMG_1462-682x1024.jpg\" alt=\"\" class=\"wp-image-2308\" srcset=\"https:\/\/opus-folyoirat.sk\/wp-content\/uploads\/2025\/04\/IMG_1462-682x1024.jpg 682w, https:\/\/opus-folyoirat.sk\/wp-content\/uploads\/2025\/04\/IMG_1462-200x300.jpg 200w, https:\/\/opus-folyoirat.sk\/wp-content\/uploads\/2025\/04\/IMG_1462-768x1152.jpg 768w, https:\/\/opus-folyoirat.sk\/wp-content\/uploads\/2025\/04\/IMG_1462-1024x1536.jpg 1024w, https:\/\/opus-folyoirat.sk\/wp-content\/uploads\/2025\/04\/IMG_1462-1365x2048.jpg 1365w, https:\/\/opus-folyoirat.sk\/wp-content\/uploads\/2025\/04\/IMG_1462.jpg 1574w\" sizes=\"auto, (max-width: 682px) 100vw, 682px\" \/><\/a><\/figure>\n\n\n\n<figure class=\"wp-block-image size-large\"><a href=\"https:\/\/opus-folyoirat.sk\/wp-content\/uploads\/2025\/04\/IMG_1463.jpg\"><img loading=\"lazy\" decoding=\"async\" width=\"682\" height=\"1024\" data-id=\"2310\" src=\"https:\/\/opus-folyoirat.sk\/wp-content\/uploads\/2025\/04\/IMG_1463-682x1024.jpg\" alt=\"\" class=\"wp-image-2310\" srcset=\"https:\/\/opus-folyoirat.sk\/wp-content\/uploads\/2025\/04\/IMG_1463-682x1024.jpg 682w, https:\/\/opus-folyoirat.sk\/wp-content\/uploads\/2025\/04\/IMG_1463-200x300.jpg 200w, https:\/\/opus-folyoirat.sk\/wp-content\/uploads\/2025\/04\/IMG_1463-768x1152.jpg 768w, https:\/\/opus-folyoirat.sk\/wp-content\/uploads\/2025\/04\/IMG_1463-1024x1536.jpg 1024w, https:\/\/opus-folyoirat.sk\/wp-content\/uploads\/2025\/04\/IMG_1463-1365x2048.jpg 1365w, https:\/\/opus-folyoirat.sk\/wp-content\/uploads\/2025\/04\/IMG_1463.jpg 1574w\" sizes=\"auto, (max-width: 682px) 100vw, 682px\" \/><\/a><\/figure>\n\n\n\n<figure class=\"wp-block-image size-large\"><a href=\"https:\/\/opus-folyoirat.sk\/wp-content\/uploads\/2025\/04\/IMG_1464.jpg\"><img loading=\"lazy\" decoding=\"async\" width=\"682\" height=\"1024\" data-id=\"2315\" src=\"https:\/\/opus-folyoirat.sk\/wp-content\/uploads\/2025\/04\/IMG_1464-682x1024.jpg\" alt=\"\" class=\"wp-image-2315\" srcset=\"https:\/\/opus-folyoirat.sk\/wp-content\/uploads\/2025\/04\/IMG_1464-682x1024.jpg 682w, https:\/\/opus-folyoirat.sk\/wp-content\/uploads\/2025\/04\/IMG_1464-200x300.jpg 200w, https:\/\/opus-folyoirat.sk\/wp-content\/uploads\/2025\/04\/IMG_1464-768x1152.jpg 768w, https:\/\/opus-folyoirat.sk\/wp-content\/uploads\/2025\/04\/IMG_1464-1024x1536.jpg 1024w, https:\/\/opus-folyoirat.sk\/wp-content\/uploads\/2025\/04\/IMG_1464-1365x2048.jpg 1365w, https:\/\/opus-folyoirat.sk\/wp-content\/uploads\/2025\/04\/IMG_1464.jpg 1574w\" sizes=\"auto, (max-width: 682px) 100vw, 682px\" \/><\/a><\/figure>\n\n\n\n<figure class=\"wp-block-image size-large\"><a href=\"https:\/\/opus-folyoirat.sk\/wp-content\/uploads\/2025\/04\/IMG_1465.jpg\"><img loading=\"lazy\" decoding=\"async\" width=\"682\" height=\"1024\" data-id=\"2312\" src=\"https:\/\/opus-folyoirat.sk\/wp-content\/uploads\/2025\/04\/IMG_1465-682x1024.jpg\" alt=\"\" class=\"wp-image-2312\" srcset=\"https:\/\/opus-folyoirat.sk\/wp-content\/uploads\/2025\/04\/IMG_1465-682x1024.jpg 682w, https:\/\/opus-folyoirat.sk\/wp-content\/uploads\/2025\/04\/IMG_1465-200x300.jpg 200w, https:\/\/opus-folyoirat.sk\/wp-content\/uploads\/2025\/04\/IMG_1465-768x1152.jpg 768w, https:\/\/opus-folyoirat.sk\/wp-content\/uploads\/2025\/04\/IMG_1465-1024x1536.jpg 1024w, https:\/\/opus-folyoirat.sk\/wp-content\/uploads\/2025\/04\/IMG_1465-1365x2048.jpg 1365w, https:\/\/opus-folyoirat.sk\/wp-content\/uploads\/2025\/04\/IMG_1465.jpg 1574w\" sizes=\"auto, (max-width: 682px) 100vw, 682px\" \/><\/a><\/figure>\n\n\n\n<figure class=\"wp-block-image size-large\"><a href=\"https:\/\/opus-folyoirat.sk\/wp-content\/uploads\/2025\/04\/IMG_1466.jpg\"><img loading=\"lazy\" decoding=\"async\" width=\"682\" height=\"1024\" data-id=\"2314\" src=\"https:\/\/opus-folyoirat.sk\/wp-content\/uploads\/2025\/04\/IMG_1466-682x1024.jpg\" alt=\"\" class=\"wp-image-2314\" srcset=\"https:\/\/opus-folyoirat.sk\/wp-content\/uploads\/2025\/04\/IMG_1466-682x1024.jpg 682w, https:\/\/opus-folyoirat.sk\/wp-content\/uploads\/2025\/04\/IMG_1466-200x300.jpg 200w, https:\/\/opus-folyoirat.sk\/wp-content\/uploads\/2025\/04\/IMG_1466-768x1152.jpg 768w, https:\/\/opus-folyoirat.sk\/wp-content\/uploads\/2025\/04\/IMG_1466-1024x1536.jpg 1024w, https:\/\/opus-folyoirat.sk\/wp-content\/uploads\/2025\/04\/IMG_1466-1365x2048.jpg 1365w, https:\/\/opus-folyoirat.sk\/wp-content\/uploads\/2025\/04\/IMG_1466.jpg 1574w\" sizes=\"auto, (max-width: 682px) 100vw, 682px\" \/><\/a><\/figure>\n\n\n\n<figure class=\"wp-block-image size-large\"><a href=\"https:\/\/opus-folyoirat.sk\/wp-content\/uploads\/2025\/04\/IMG_1467.jpg\"><img loading=\"lazy\" decoding=\"async\" width=\"682\" height=\"1024\" data-id=\"2313\" src=\"https:\/\/opus-folyoirat.sk\/wp-content\/uploads\/2025\/04\/IMG_1467-682x1024.jpg\" alt=\"\" class=\"wp-image-2313\" srcset=\"https:\/\/opus-folyoirat.sk\/wp-content\/uploads\/2025\/04\/IMG_1467-682x1024.jpg 682w, https:\/\/opus-folyoirat.sk\/wp-content\/uploads\/2025\/04\/IMG_1467-200x300.jpg 200w, https:\/\/opus-folyoirat.sk\/wp-content\/uploads\/2025\/04\/IMG_1467-768x1152.jpg 768w, https:\/\/opus-folyoirat.sk\/wp-content\/uploads\/2025\/04\/IMG_1467-1024x1536.jpg 1024w, https:\/\/opus-folyoirat.sk\/wp-content\/uploads\/2025\/04\/IMG_1467-1365x2048.jpg 1365w, https:\/\/opus-folyoirat.sk\/wp-content\/uploads\/2025\/04\/IMG_1467.jpg 1574w\" sizes=\"auto, (max-width: 682px) 100vw, 682px\" \/><\/a><\/figure>\n\n\n\n<figure class=\"wp-block-image size-large\"><a href=\"https:\/\/opus-folyoirat.sk\/wp-content\/uploads\/2025\/04\/IMG_1468.jpg\"><img loading=\"lazy\" decoding=\"async\" width=\"682\" height=\"1024\" data-id=\"2304\" src=\"https:\/\/opus-folyoirat.sk\/wp-content\/uploads\/2025\/04\/IMG_1468-682x1024.jpg\" alt=\"\" class=\"wp-image-2304\" srcset=\"https:\/\/opus-folyoirat.sk\/wp-content\/uploads\/2025\/04\/IMG_1468-682x1024.jpg 682w, https:\/\/opus-folyoirat.sk\/wp-content\/uploads\/2025\/04\/IMG_1468-200x300.jpg 200w, https:\/\/opus-folyoirat.sk\/wp-content\/uploads\/2025\/04\/IMG_1468-768x1152.jpg 768w, https:\/\/opus-folyoirat.sk\/wp-content\/uploads\/2025\/04\/IMG_1468-1024x1536.jpg 1024w, https:\/\/opus-folyoirat.sk\/wp-content\/uploads\/2025\/04\/IMG_1468-1365x2048.jpg 1365w, https:\/\/opus-folyoirat.sk\/wp-content\/uploads\/2025\/04\/IMG_1468.jpg 1574w\" sizes=\"auto, (max-width: 682px) 100vw, 682px\" \/><\/a><\/figure>\n<\/figure>\n\n\n\n<p>A <strong>K\u00f6nyvek k\u00f6z\u00f6tt<\/strong> blokk h\u00e1rom kiadv\u00e1nnyal ismerteti meg az \u00e9rdekl\u0151d\u0151t: <em>Csehy Fl\u00f3ra<\/em> Sirokai M\u00e1ty\u00e1s Lomboldal c\u00edm\u0171 versesk\u00f6tet\u00e9t, <em>P\u00e9ntek Imre<\/em> Kili\u00e1n L\u00e1szl\u00f3 Az id\u0151 m\u00edtosza c. k\u00f6nyv\u00e9t, <em>Kov\u00e1cs Bal\u00e1zs<\/em> pedig Tam\u00e1si Orosz J\u00e1nos Ide kell sz\u00fcletnie tavaly \u00e9v v\u00e9g\u00e9n megjelent versesk\u00f6nyv\u00e9t mutatja be.&nbsp;<\/p>\n\n\n\n<p>A <strong>K\u00fcsz\u00f6b<\/strong> most k\u00e9t p\u00e1lyakezd\u0151 \u00edr\u00f3t\u00f3l k\u00e9t novell\u00e1t k\u00f6z\u00f6l, m\u00e9gpedig <em>Adam LaMerle<\/em> \u00e9s <em>M\u00e9sz\u00e1ros Emily<\/em> \u00edr\u00e1sait. V\u00e9g\u00fcl pedig az <strong>Opus-lekt\u0171r<\/strong> rovatban <em>Kerezsi Katalin<\/em> M\u0171feny\u0151 c\u00edm\u0171 \u00edr\u00e1sa olvashat\u00f3.&nbsp;<\/p>\n\n\n\n<p>A 2025\/2-es lapsz\u00e1mban Horkay Istv\u00e1n m\u0171v\u00e9szeti alkot\u00e1saiban gy\u00f6ny\u00f6rk\u00f6dhetnek, akik k\u00e9zbe veszik a lapot. Az Opus megrendelhet\u0151 a kiad\u00f3 c\u00edm\u00e9n, illetve beszerezhet\u0151 a k\u00f6vetkez\u0151 helyeken:&nbsp;<\/p>\n\n\n\n<div class=\"wp-block-group is-vertical is-layout-flex wp-container-core-group-is-layout-8cf370e7 wp-block-group-is-layout-flex\">\n<p><strong>Budapest:<\/strong> \u00cdr\u00f3k Boltja, Andr\u00e1ssy \u00fat 45.&nbsp;<\/p>\n\n\n\n<p><strong>Dunaszerdahely:<\/strong> Moln\u00e1r K\u00f6nyv, V\u00e1mb\u00e9ry t\u00e9r 14\/55&nbsp;<\/p>\n\n\n\n<p><strong>Dunaszerdahely: <\/strong>NFG Klub, Bart\u00f3k B. korz\u00f3 788\/1&nbsp;<\/p>\n\n\n\n<p><strong>\u00c9rsek\u00fajv\u00e1r:<\/strong> Kult\u00fara K\u00f6nyvesbolt, Mih\u00e1ly b\u00e1stya 4.&nbsp;<\/p>\n\n\n\n<p><strong>F\u00fclek:<\/strong> V\u00e1rosi k\u00f6nyvt\u00e1r, F\u0151 u. 14.<\/p>\n\n\n\n<p><strong>Gal\u00e1nta:<\/strong> Moln\u00e1r K\u00f6nyv, F\u0151 u. 918\/2<\/p>\n\n\n\n<p><strong>Ipolys\u00e1g:<\/strong> Litera K\u00f6nyvesbolt, Janko Kr\u00e1\u013e utca 46\/27&nbsp;<\/p>\n\n\n\n<p><strong>Kassa:<\/strong> Rov\u00e1s M\u0171v\u00e9szetek H\u00e1za, Kme\u0165ova 34.&nbsp;<\/p>\n\n\n\n<p><strong>Kir\u00e1lyhelmec:<\/strong> Region\u00e1lis k\u00f6nyvt\u00e1r, F\u0151 utca 72.&nbsp;<\/p>\n\n\n\n<p><strong>Kom\u00e1rom:<\/strong> Diderot K\u00f6nyvesbolt, L\u00fadpiac t\u00e9r 4810.&nbsp;<\/p>\n\n\n\n<p><strong>Nagykapos:<\/strong> Magyar K\u00f6z\u00f6ss\u00e9gi H\u00e1z, Csepely 64.&nbsp;<\/p>\n\n\n\n<p><strong>Pozsony:<\/strong> ArtForum, Kozia 611\/20&nbsp;<\/p>\n\n\n\n<p><strong>V\u00e1gsellye:<\/strong> Moln\u00e1r K\u00f6nyv, Doln\u00e1 524\/1&nbsp;<\/p>\n\n\n\n<p><strong>Zsel\u00edz:<\/strong> Magyar H\u00e1z, Schubert u. 26.&nbsp;<\/p>\n<\/div>\n","protected":false},"excerpt":{"rendered":"<p>A Szlov\u00e1kiai Magyar \u00cdr\u00f3k T\u00e1rsas\u00e1g\u00e1nak irodalmi lapja jelenleg az egyetlen nyomtatott form\u00e1ban megjelen\u0151 magyar irodalmi lap Szlov\u00e1ki\u00e1ban. S mint olyan, k\u00e9zbe vehet\u0151 \u00e9s fellapozhat\u00f3, \u00e9rezhet\u0151 \u00e9s megszagolhat\u00f3. Mindemellett pedig sz\u00e1mos \u00e9rdekes \u00edr\u00e1st t\u00e1r az olvas\u00f3 el\u00e9.&nbsp; A lapsz\u00e1m els\u0151 blokkj\u00e1t &hellip; <a href=\"https:\/\/opus-folyoirat.sk\/?page_id=2296\">Egy kattint\u00e1s ide a folytat\u00e1shoz&#8230;. <span class=\"meta-nav\">&rarr;<\/span><\/a><\/p>\n","protected":false},"author":4,"featured_media":0,"parent":0,"menu_order":0,"comment_status":"closed","ping_status":"closed","template":"","meta":{"footnotes":""},"class_list":["post-2296","page","type-page","status-publish","hentry"],"_links":{"self":[{"href":"https:\/\/opus-folyoirat.sk\/index.php?rest_route=\/wp\/v2\/pages\/2296","targetHints":{"allow":["GET"]}}],"collection":[{"href":"https:\/\/opus-folyoirat.sk\/index.php?rest_route=\/wp\/v2\/pages"}],"about":[{"href":"https:\/\/opus-folyoirat.sk\/index.php?rest_route=\/wp\/v2\/types\/page"}],"author":[{"embeddable":true,"href":"https:\/\/opus-folyoirat.sk\/index.php?rest_route=\/wp\/v2\/users\/4"}],"replies":[{"embeddable":true,"href":"https:\/\/opus-folyoirat.sk\/index.php?rest_route=%2Fwp%2Fv2%2Fcomments&post=2296"}],"version-history":[{"count":4,"href":"https:\/\/opus-folyoirat.sk\/index.php?rest_route=\/wp\/v2\/pages\/2296\/revisions"}],"predecessor-version":[{"id":4499,"href":"https:\/\/opus-folyoirat.sk\/index.php?rest_route=\/wp\/v2\/pages\/2296\/revisions\/4499"}],"wp:attachment":[{"href":"https:\/\/opus-folyoirat.sk\/index.php?rest_route=%2Fwp%2Fv2%2Fmedia&parent=2296"}],"curies":[{"name":"wp","href":"https:\/\/api.w.org\/{rel}","templated":true}]}}