{"id":2356,"date":"2025-06-13T09:07:22","date_gmt":"2025-06-13T07:07:22","guid":{"rendered":"https:\/\/opus-folyoirat.sk\/?page_id=2356"},"modified":"2026-01-29T17:28:45","modified_gmt":"2026-01-29T15:28:45","slug":"parizstol-argentinaig-repit-az-opus-idei-harmadik-szama","status":"publish","type":"page","link":"https:\/\/opus-folyoirat.sk\/?page_id=2356","title":{"rendered":"P\u00e1rizst\u00f3l Argent\u00edn\u00e1ig rep\u00edt az Opus idei harmadik sz\u00e1ma"},"content":{"rendered":"<div class=\"wp-block-post-date\"><time datetime=\"2025-06-13T09:07:22+02:00\">2025-06-13<\/time><\/div>\n\n\n<p><\/p>\n\n\n\n<p>Az <em>Opus<\/em> legfrissebb, 96. sz\u00e1ma igazi irodalmi utaz\u00e1s, szerz\u0151i nemcsak k\u00fcl\u00f6nb\u00f6z\u0151 st\u00edlusokkal \u00e9s t\u00e9m\u00e1kkal j\u00e1tszanak, hanem a h\u00e9tk\u00f6znapok \u00e9s a bels\u0151 vil\u00e1gok hat\u00e1rain is \u00e1tl\u00e9pnek, gyakran f\u00e1jdalmas, m\u00e1skor szel\u00edd ir\u00f3ni\u00e1val.<\/p>\n\n\n\n<p>A <strong>Sz\u00e9p\u00edr\u00e1s<\/strong> rovat r\u00f6gt\u00f6n egy mosolyra fakaszt\u00f3 verssel ind\u00edt: <strong>Zsille G\u00e1bor<\/strong> <em>Romantikus vers<\/em>e a modern \u201ec\u00e9ges szerelem\u201d par\u00f3di\u00e1jak\u00e9nt m\u0171k\u00f6dik frapp\u00e1ns nyelvi fordulatokkal. A humor ut\u00e1n viszont r\u00f6gt\u00f6n m\u00e9lyebb vizekre evez\u00fcnk: <strong>Z. N\u00e9meth Istv\u00e1n<\/strong> versei metafizikus \u00e9s nyelvi k\u00e9rd\u00e9seket bolygatnak. A szerz\u0151i paletta rendk\u00edv\u00fcl v\u00e1ltozatos: <strong>K\u00fcrti L\u00e1szl\u00f3<\/strong> \u00e9s <strong>Kartali Zsuzsanna<\/strong> l\u00edr\u00e1ja bens\u0151s\u00e9ges hangon sz\u00f3l a hi\u00e1nyr\u00f3l \u00e9s n\u0151i sorsokr\u00f3l, <strong>Lazarev Oleg<\/strong> <em>Felt\u00e1madunk?<\/em> c\u00edm\u0171 verse Budapest utc\u00e1ira vet\u00edti ki az elm\u00fal\u00e1s \u00e9s \u00fajrakezd\u00e9s k\u00e9rd\u00e9seit. <strong>Sajtos Orsi<\/strong> k\u00e9t verse k\u00fcl\u00f6n\u00f6sen eml\u00e9kezetes \u2013 spiritu\u00e1lis, t\u00f6rt\u00e9nelmi \u00e9s testi s\u00edkokat k\u00f6tnek \u00f6ssze l\u00e9legzetel\u00e1ll\u00edt\u00f3 s\u0171r\u0171s\u00e9ggel.<\/p>\n\n\n\n<figure class=\"wp-block-gallery has-nested-images columns-default is-cropped wp-block-gallery-1 is-layout-flex wp-block-gallery-is-layout-flex\">\n<figure class=\"wp-block-image size-large\"><a href=\"https:\/\/opus-folyoirat.sk\/wp-content\/uploads\/2025\/06\/IMG_1646.jpg\"><img loading=\"lazy\" decoding=\"async\" width=\"1024\" height=\"682\" data-id=\"2359\" src=\"https:\/\/opus-folyoirat.sk\/wp-content\/uploads\/2025\/06\/IMG_1646-1024x682.jpg\" alt=\"\" class=\"wp-image-2359\" srcset=\"https:\/\/opus-folyoirat.sk\/wp-content\/uploads\/2025\/06\/IMG_1646-1024x682.jpg 1024w, https:\/\/opus-folyoirat.sk\/wp-content\/uploads\/2025\/06\/IMG_1646-300x200.jpg 300w, https:\/\/opus-folyoirat.sk\/wp-content\/uploads\/2025\/06\/IMG_1646-768x512.jpg 768w, https:\/\/opus-folyoirat.sk\/wp-content\/uploads\/2025\/06\/IMG_1646-1536x1024.jpg 1536w, https:\/\/opus-folyoirat.sk\/wp-content\/uploads\/2025\/06\/IMG_1646-2048x1365.jpg 2048w, https:\/\/opus-folyoirat.sk\/wp-content\/uploads\/2025\/06\/IMG_1646-450x300.jpg 450w\" sizes=\"auto, (max-width: 1024px) 100vw, 1024px\" \/><\/a><\/figure>\n\n\n\n<figure class=\"wp-block-image size-large\"><a href=\"https:\/\/opus-folyoirat.sk\/wp-content\/uploads\/2025\/06\/IMG_1647.jpg\"><img loading=\"lazy\" decoding=\"async\" width=\"1024\" height=\"682\" data-id=\"2358\" src=\"https:\/\/opus-folyoirat.sk\/wp-content\/uploads\/2025\/06\/IMG_1647-1024x682.jpg\" alt=\"\" class=\"wp-image-2358\" srcset=\"https:\/\/opus-folyoirat.sk\/wp-content\/uploads\/2025\/06\/IMG_1647-1024x682.jpg 1024w, https:\/\/opus-folyoirat.sk\/wp-content\/uploads\/2025\/06\/IMG_1647-300x200.jpg 300w, https:\/\/opus-folyoirat.sk\/wp-content\/uploads\/2025\/06\/IMG_1647-768x512.jpg 768w, https:\/\/opus-folyoirat.sk\/wp-content\/uploads\/2025\/06\/IMG_1647-1536x1024.jpg 1536w, https:\/\/opus-folyoirat.sk\/wp-content\/uploads\/2025\/06\/IMG_1647-2048x1365.jpg 2048w, https:\/\/opus-folyoirat.sk\/wp-content\/uploads\/2025\/06\/IMG_1647-450x300.jpg 450w\" sizes=\"auto, (max-width: 1024px) 100vw, 1024px\" \/><\/a><\/figure>\n\n\n\n<figure class=\"wp-block-image size-large\"><a href=\"https:\/\/opus-folyoirat.sk\/wp-content\/uploads\/2025\/06\/IMG_1648.jpg\"><img loading=\"lazy\" decoding=\"async\" width=\"1024\" height=\"682\" data-id=\"2357\" src=\"https:\/\/opus-folyoirat.sk\/wp-content\/uploads\/2025\/06\/IMG_1648-1024x682.jpg\" alt=\"\" class=\"wp-image-2357\" srcset=\"https:\/\/opus-folyoirat.sk\/wp-content\/uploads\/2025\/06\/IMG_1648-1024x682.jpg 1024w, https:\/\/opus-folyoirat.sk\/wp-content\/uploads\/2025\/06\/IMG_1648-300x200.jpg 300w, https:\/\/opus-folyoirat.sk\/wp-content\/uploads\/2025\/06\/IMG_1648-768x512.jpg 768w, https:\/\/opus-folyoirat.sk\/wp-content\/uploads\/2025\/06\/IMG_1648-1536x1024.jpg 1536w, https:\/\/opus-folyoirat.sk\/wp-content\/uploads\/2025\/06\/IMG_1648-2048x1365.jpg 2048w, https:\/\/opus-folyoirat.sk\/wp-content\/uploads\/2025\/06\/IMG_1648-450x300.jpg 450w\" sizes=\"auto, (max-width: 1024px) 100vw, 1024px\" \/><\/a><\/figure>\n<\/figure>\n\n\n\n<p>Az egyik legmeghat\u00e1roz\u00f3bb olvasm\u00e1ny\u00e9lm\u00e9ny a lapsz\u00e1mban <strong>Klein T. L\u00e1szl\u00f3<\/strong> <em>Atala<\/em> c\u00edm\u0171, kisreg\u00e9nye (novell\u00e1ja?). A t\u00f6rt\u00e9net P\u00e1rizst\u00f3l Argent\u00edn\u00e1ig vezet, \u00e9s mik\u00f6zben madarakat keres\u00fcnk a f\u0151h\u0151ssel, gyermekkori traum\u00e1k, identit\u00e1skeres\u00e9s \u00e9s testv\u00e9ri szeretet k\u00e9rd\u00e9sei sejlenek fel. A pr\u00f3za l\u00edrai erej\u0171, finoman adagolt filoz\u00f3fi\u00e1val \u00e9s t\u00f6rt\u00e9nelmi r\u00e9tegekkel.<\/p>\n\n\n\n<p>A l\u00edrai mez\u0151nyben t\u00f6bb er\u0151s hang is megsz\u00f3lal: <strong>Szoll\u00e1th Mih\u00e1ly<\/strong>, <strong>Nyilas Atilla<\/strong>, <strong>Zirig \u00c1rp\u00e1d<\/strong>, <strong>T\u00f6r\u0151 Istv\u00e1n<\/strong>, <strong>Kov\u00e1cs Marianna<\/strong>, <strong>Szegedi Kov\u00e1cs Gy\u00f6rgy<\/strong> \u00e9s <strong>Cs\u00f3ka Zs\u00f3fia<\/strong> sz\u00f6vegei mind m\u00e1s-m\u00e1s \u00e9rz\u00e9kenys\u00e9ggel k\u00f6zel\u00edtenek az emberi l\u00e9t rezd\u00fcl\u00e9seihez. N\u00e9melyik groteszk, m\u00edg a m\u00e1sik minimalista, de k\u00f6z\u00f6s benn\u00fck az \u0151szintes\u00e9g.<\/p>\n\n\n\n<figure class=\"wp-block-gallery has-nested-images columns-default is-cropped wp-block-gallery-2 is-layout-flex wp-block-gallery-is-layout-flex\">\n<figure class=\"wp-block-image size-large\"><a href=\"https:\/\/opus-folyoirat.sk\/wp-content\/uploads\/2025\/06\/IMG_1649.jpg\"><img loading=\"lazy\" decoding=\"async\" width=\"1024\" height=\"682\" data-id=\"2360\" src=\"https:\/\/opus-folyoirat.sk\/wp-content\/uploads\/2025\/06\/IMG_1649-1024x682.jpg\" alt=\"\" class=\"wp-image-2360\" srcset=\"https:\/\/opus-folyoirat.sk\/wp-content\/uploads\/2025\/06\/IMG_1649-1024x682.jpg 1024w, https:\/\/opus-folyoirat.sk\/wp-content\/uploads\/2025\/06\/IMG_1649-300x200.jpg 300w, https:\/\/opus-folyoirat.sk\/wp-content\/uploads\/2025\/06\/IMG_1649-768x512.jpg 768w, https:\/\/opus-folyoirat.sk\/wp-content\/uploads\/2025\/06\/IMG_1649-1536x1024.jpg 1536w, https:\/\/opus-folyoirat.sk\/wp-content\/uploads\/2025\/06\/IMG_1649-2048x1365.jpg 2048w, https:\/\/opus-folyoirat.sk\/wp-content\/uploads\/2025\/06\/IMG_1649-450x300.jpg 450w\" sizes=\"auto, (max-width: 1024px) 100vw, 1024px\" \/><\/a><\/figure>\n\n\n\n<figure class=\"wp-block-image size-large\"><a href=\"https:\/\/opus-folyoirat.sk\/wp-content\/uploads\/2025\/06\/IMG_1650.jpg\"><img loading=\"lazy\" decoding=\"async\" width=\"1024\" height=\"682\" data-id=\"2362\" src=\"https:\/\/opus-folyoirat.sk\/wp-content\/uploads\/2025\/06\/IMG_1650-1024x682.jpg\" alt=\"\" class=\"wp-image-2362\" srcset=\"https:\/\/opus-folyoirat.sk\/wp-content\/uploads\/2025\/06\/IMG_1650-1024x682.jpg 1024w, https:\/\/opus-folyoirat.sk\/wp-content\/uploads\/2025\/06\/IMG_1650-300x200.jpg 300w, https:\/\/opus-folyoirat.sk\/wp-content\/uploads\/2025\/06\/IMG_1650-768x512.jpg 768w, https:\/\/opus-folyoirat.sk\/wp-content\/uploads\/2025\/06\/IMG_1650-1536x1024.jpg 1536w, https:\/\/opus-folyoirat.sk\/wp-content\/uploads\/2025\/06\/IMG_1650-2048x1365.jpg 2048w, https:\/\/opus-folyoirat.sk\/wp-content\/uploads\/2025\/06\/IMG_1650-450x300.jpg 450w\" sizes=\"auto, (max-width: 1024px) 100vw, 1024px\" \/><\/a><\/figure>\n\n\n\n<figure class=\"wp-block-image size-large\"><a href=\"https:\/\/opus-folyoirat.sk\/wp-content\/uploads\/2025\/06\/IMG_1651.jpg\"><img loading=\"lazy\" decoding=\"async\" width=\"1024\" height=\"682\" data-id=\"2361\" src=\"https:\/\/opus-folyoirat.sk\/wp-content\/uploads\/2025\/06\/IMG_1651-1024x682.jpg\" alt=\"\" class=\"wp-image-2361\" srcset=\"https:\/\/opus-folyoirat.sk\/wp-content\/uploads\/2025\/06\/IMG_1651-1024x682.jpg 1024w, https:\/\/opus-folyoirat.sk\/wp-content\/uploads\/2025\/06\/IMG_1651-300x200.jpg 300w, https:\/\/opus-folyoirat.sk\/wp-content\/uploads\/2025\/06\/IMG_1651-768x512.jpg 768w, https:\/\/opus-folyoirat.sk\/wp-content\/uploads\/2025\/06\/IMG_1651-1536x1024.jpg 1536w, https:\/\/opus-folyoirat.sk\/wp-content\/uploads\/2025\/06\/IMG_1651-2048x1365.jpg 2048w, https:\/\/opus-folyoirat.sk\/wp-content\/uploads\/2025\/06\/IMG_1651-450x300.jpg 450w\" sizes=\"auto, (max-width: 1024px) 100vw, 1024px\" \/><\/a><\/figure>\n<\/figure>\n\n\n\n<p>Az irodalmi blokkot gazdag\u00edtj\u00e1k <strong>Hajd\u00fa L\u00e1szl\u00f3<\/strong> \u00e9s <strong>F\u00fcl\u00f6p Antal<\/strong> novell\u00e1i, valamint <strong>Szab\u00f3 Zolt\u00e1n Attila<\/strong> elbesz\u00e9l\u00e9se, amelyekben a val\u00f3s\u00e1g \u00e9s k\u00e9pzelet hat\u00e1rai gyakran elmos\u00f3dnak. A <em>B\u00e9cs\u00fajhelyi tullianum<\/em> \u00e9s a <em>Maszlag<\/em> c\u00edm\u0171 pr\u00f3z\u00e1k k\u00fcl\u00f6n\u00f6sen er\u0151sek.<\/p>\n\n\n\n<figure class=\"wp-block-gallery has-nested-images columns-default is-cropped wp-block-gallery-3 is-layout-flex wp-block-gallery-is-layout-flex\">\n<figure class=\"wp-block-image size-large\"><a href=\"https:\/\/opus-folyoirat.sk\/wp-content\/uploads\/2025\/06\/IMG_1652.jpg\"><img loading=\"lazy\" decoding=\"async\" width=\"1024\" height=\"682\" data-id=\"2364\" src=\"https:\/\/opus-folyoirat.sk\/wp-content\/uploads\/2025\/06\/IMG_1652-1024x682.jpg\" alt=\"\" class=\"wp-image-2364\" srcset=\"https:\/\/opus-folyoirat.sk\/wp-content\/uploads\/2025\/06\/IMG_1652-1024x682.jpg 1024w, https:\/\/opus-folyoirat.sk\/wp-content\/uploads\/2025\/06\/IMG_1652-300x200.jpg 300w, https:\/\/opus-folyoirat.sk\/wp-content\/uploads\/2025\/06\/IMG_1652-768x512.jpg 768w, https:\/\/opus-folyoirat.sk\/wp-content\/uploads\/2025\/06\/IMG_1652-1536x1024.jpg 1536w, https:\/\/opus-folyoirat.sk\/wp-content\/uploads\/2025\/06\/IMG_1652-2048x1365.jpg 2048w, https:\/\/opus-folyoirat.sk\/wp-content\/uploads\/2025\/06\/IMG_1652-450x300.jpg 450w\" sizes=\"auto, (max-width: 1024px) 100vw, 1024px\" \/><\/a><\/figure>\n\n\n\n<figure class=\"wp-block-image size-large\"><a href=\"https:\/\/opus-folyoirat.sk\/wp-content\/uploads\/2025\/06\/IMG_1653.jpg\"><img loading=\"lazy\" decoding=\"async\" width=\"1024\" height=\"682\" data-id=\"2363\" src=\"https:\/\/opus-folyoirat.sk\/wp-content\/uploads\/2025\/06\/IMG_1653-1024x682.jpg\" alt=\"\" class=\"wp-image-2363\" srcset=\"https:\/\/opus-folyoirat.sk\/wp-content\/uploads\/2025\/06\/IMG_1653-1024x682.jpg 1024w, https:\/\/opus-folyoirat.sk\/wp-content\/uploads\/2025\/06\/IMG_1653-300x200.jpg 300w, https:\/\/opus-folyoirat.sk\/wp-content\/uploads\/2025\/06\/IMG_1653-768x512.jpg 768w, https:\/\/opus-folyoirat.sk\/wp-content\/uploads\/2025\/06\/IMG_1653-1536x1024.jpg 1536w, https:\/\/opus-folyoirat.sk\/wp-content\/uploads\/2025\/06\/IMG_1653-2048x1365.jpg 2048w, https:\/\/opus-folyoirat.sk\/wp-content\/uploads\/2025\/06\/IMG_1653-450x300.jpg 450w\" sizes=\"auto, (max-width: 1024px) 100vw, 1024px\" \/><\/a><\/figure>\n\n\n\n<figure class=\"wp-block-image size-large\"><a href=\"https:\/\/opus-folyoirat.sk\/wp-content\/uploads\/2025\/06\/IMG_1654.jpg\"><img loading=\"lazy\" decoding=\"async\" width=\"1024\" height=\"682\" data-id=\"2365\" src=\"https:\/\/opus-folyoirat.sk\/wp-content\/uploads\/2025\/06\/IMG_1654-1024x682.jpg\" alt=\"\" class=\"wp-image-2365\" srcset=\"https:\/\/opus-folyoirat.sk\/wp-content\/uploads\/2025\/06\/IMG_1654-1024x682.jpg 1024w, https:\/\/opus-folyoirat.sk\/wp-content\/uploads\/2025\/06\/IMG_1654-300x200.jpg 300w, https:\/\/opus-folyoirat.sk\/wp-content\/uploads\/2025\/06\/IMG_1654-768x512.jpg 768w, https:\/\/opus-folyoirat.sk\/wp-content\/uploads\/2025\/06\/IMG_1654-1536x1024.jpg 1536w, https:\/\/opus-folyoirat.sk\/wp-content\/uploads\/2025\/06\/IMG_1654-2048x1365.jpg 2048w, https:\/\/opus-folyoirat.sk\/wp-content\/uploads\/2025\/06\/IMG_1654-450x300.jpg 450w\" sizes=\"auto, (max-width: 1024px) 100vw, 1024px\" \/><\/a><\/figure>\n<\/figure>\n\n\n\n<p>A lapsz\u00e1m egyik k\u00fcl\u00f6nleges r\u00e9sze <strong>Grendel Lajos<\/strong> <em>\u00d6n\u00e9letrajzi t\u00f6red\u00e9kei<\/em>, mely szem\u00e9lyes, ugyanakkor t\u00f6rt\u00e9netileg is fontos sz\u00f6veg. Ezt k\u00f6veti a <strong>Opus\u2013napl\u00f3<\/strong> rovatban <strong>T\u00f3th L\u00e1szl\u00f3<\/strong> visszaeml\u00e9kez\u00e9sei, ez\u00fattal 1989 tavasz\u00e1r\u00f3l, a rendszerv\u00e1lt\u00f3 november el\u0151tti t\u00f6rt\u00e9n\u00e9seir\u0151l. Ebben a sz\u00e1munkban ism\u00e9t kiv\u00e1l\u00f3 essz\u00e9vel jelentkezik <strong>Vasv\u00e1ri Zolt\u00e1n, <\/strong>aki a <em>Mes\u00e9k \u00e9s mond\u00e1k az<\/em> <em>Als\u00f3-Ipoly ment\u00e9n <\/em>c\u00edm\u0171 \u00edr\u00e1s\u00e1val Magyar Zolt\u00e1n k\u00f6nyveit veszi g\u00f3rcs\u0151 al\u00e1. <strong>H\u00f6rcher Eszter<\/strong> <strong>Opus\u2013tanulm\u00e1ny<\/strong> rovatunkban <strong>Pet\u0151cz Andr\u00e1s<\/strong> k\u00f6lt\u00e9szet\u00e9r\u0151l \u00e9rtekezik a <em>Dadog <\/em>\u00e9s <em>Az any\u00e1\u00e9rt, aki alszik <\/em>c\u00edm\u0171 versesk\u00f6tetei kapcs\u00e1n.<\/p>\n\n\n\n<figure class=\"wp-block-gallery has-nested-images columns-default is-cropped wp-block-gallery-4 is-layout-flex wp-block-gallery-is-layout-flex\">\n<figure class=\"wp-block-image size-large\"><a href=\"https:\/\/opus-folyoirat.sk\/wp-content\/uploads\/2025\/06\/IMG_1655.jpg\"><img loading=\"lazy\" decoding=\"async\" width=\"1024\" height=\"682\" data-id=\"2369\" src=\"https:\/\/opus-folyoirat.sk\/wp-content\/uploads\/2025\/06\/IMG_1655-1024x682.jpg\" alt=\"\" class=\"wp-image-2369\" srcset=\"https:\/\/opus-folyoirat.sk\/wp-content\/uploads\/2025\/06\/IMG_1655-1024x682.jpg 1024w, https:\/\/opus-folyoirat.sk\/wp-content\/uploads\/2025\/06\/IMG_1655-300x200.jpg 300w, https:\/\/opus-folyoirat.sk\/wp-content\/uploads\/2025\/06\/IMG_1655-768x512.jpg 768w, https:\/\/opus-folyoirat.sk\/wp-content\/uploads\/2025\/06\/IMG_1655-1536x1024.jpg 1536w, https:\/\/opus-folyoirat.sk\/wp-content\/uploads\/2025\/06\/IMG_1655-2048x1365.jpg 2048w, https:\/\/opus-folyoirat.sk\/wp-content\/uploads\/2025\/06\/IMG_1655-450x300.jpg 450w\" sizes=\"auto, (max-width: 1024px) 100vw, 1024px\" \/><\/a><\/figure>\n\n\n\n<figure class=\"wp-block-image size-large\"><a href=\"https:\/\/opus-folyoirat.sk\/wp-content\/uploads\/2025\/06\/IMG_1656.jpg\"><img loading=\"lazy\" decoding=\"async\" width=\"1024\" height=\"682\" data-id=\"2366\" src=\"https:\/\/opus-folyoirat.sk\/wp-content\/uploads\/2025\/06\/IMG_1656-1024x682.jpg\" alt=\"\" class=\"wp-image-2366\" srcset=\"https:\/\/opus-folyoirat.sk\/wp-content\/uploads\/2025\/06\/IMG_1656-1024x682.jpg 1024w, https:\/\/opus-folyoirat.sk\/wp-content\/uploads\/2025\/06\/IMG_1656-300x200.jpg 300w, https:\/\/opus-folyoirat.sk\/wp-content\/uploads\/2025\/06\/IMG_1656-768x512.jpg 768w, https:\/\/opus-folyoirat.sk\/wp-content\/uploads\/2025\/06\/IMG_1656-1536x1024.jpg 1536w, https:\/\/opus-folyoirat.sk\/wp-content\/uploads\/2025\/06\/IMG_1656-2048x1365.jpg 2048w, https:\/\/opus-folyoirat.sk\/wp-content\/uploads\/2025\/06\/IMG_1656-450x300.jpg 450w\" sizes=\"auto, (max-width: 1024px) 100vw, 1024px\" \/><\/a><\/figure>\n\n\n\n<figure class=\"wp-block-image size-large\"><a href=\"https:\/\/opus-folyoirat.sk\/wp-content\/uploads\/2025\/06\/IMG_1657.jpg\"><img loading=\"lazy\" decoding=\"async\" width=\"1024\" height=\"682\" data-id=\"2368\" src=\"https:\/\/opus-folyoirat.sk\/wp-content\/uploads\/2025\/06\/IMG_1657-1024x682.jpg\" alt=\"\" class=\"wp-image-2368\" srcset=\"https:\/\/opus-folyoirat.sk\/wp-content\/uploads\/2025\/06\/IMG_1657-1024x682.jpg 1024w, https:\/\/opus-folyoirat.sk\/wp-content\/uploads\/2025\/06\/IMG_1657-300x200.jpg 300w, https:\/\/opus-folyoirat.sk\/wp-content\/uploads\/2025\/06\/IMG_1657-768x512.jpg 768w, https:\/\/opus-folyoirat.sk\/wp-content\/uploads\/2025\/06\/IMG_1657-1536x1024.jpg 1536w, https:\/\/opus-folyoirat.sk\/wp-content\/uploads\/2025\/06\/IMG_1657-2048x1365.jpg 2048w, https:\/\/opus-folyoirat.sk\/wp-content\/uploads\/2025\/06\/IMG_1657-450x300.jpg 450w\" sizes=\"auto, (max-width: 1024px) 100vw, 1024px\" \/><\/a><\/figure>\n<\/figure>\n\n\n\n<p>A <strong>K\u00f6nyvek k\u00f6z\u00f6tt<\/strong> rovatban <strong>R\u00e1s\u00f3 Attila<\/strong> kritik\u00e1ja <strong>Bartalos T\u00f3th Iveta<\/strong> <em>Hel\u00e9<\/em> c\u00edm\u0171 k\u00f6tet\u00e9r\u0151l \u00e9rz\u00e9kenyen k\u00f6zel\u00edt egy rendhagy\u00f3 n\u0151i t\u00f6rt\u00e9nethez. A <strong>K\u00fcsz\u00f6b<\/strong> rovat pedig ism\u00e9t \u00faj, sz\u00e1rnybontogat\u00f3 ifj\u00fa \u00edr\u00f3tehets\u00e9geket mutat be: <strong>Haver M\u00e1rta<\/strong> \u00e9s <strong>\u0160ere\u0161 Rebeka<\/strong> \u00edr\u00e1sai \u00edg\u00e9retesek \u2013 ut\u00f3bbi haikuiban k\u00fcl\u00f6n\u00f6sen figyelemre m\u00e9lt\u00f3 a koncentr\u00e1lt k\u00e9pis\u00e9g.<\/p>\n\n\n\n<p>V\u00e9g\u00fcl a lapsz\u00e1mot szok\u00e1s szerint a <strong>SZM\u00cdT<\/strong> h\u00edrei \u00e9s a <strong>szerz\u0151k list\u00e1ja<\/strong> z\u00e1rja.<\/p>\n","protected":false},"excerpt":{"rendered":"<p>Az Opus legfrissebb, 96. sz\u00e1ma igazi irodalmi utaz\u00e1s, szerz\u0151i nemcsak k\u00fcl\u00f6nb\u00f6z\u0151 st\u00edlusokkal \u00e9s t\u00e9m\u00e1kkal j\u00e1tszanak, hanem a h\u00e9tk\u00f6znapok \u00e9s a bels\u0151 vil\u00e1gok hat\u00e1rain is \u00e1tl\u00e9pnek, gyakran f\u00e1jdalmas, m\u00e1skor szel\u00edd ir\u00f3ni\u00e1val. A Sz\u00e9p\u00edr\u00e1s rovat r\u00f6gt\u00f6n egy mosolyra fakaszt\u00f3 verssel ind\u00edt: Zsille &hellip; <a href=\"https:\/\/opus-folyoirat.sk\/?page_id=2356\">Egy kattint\u00e1s ide a folytat\u00e1shoz&#8230;. <span class=\"meta-nav\">&rarr;<\/span><\/a><\/p>\n","protected":false},"author":4,"featured_media":0,"parent":0,"menu_order":0,"comment_status":"closed","ping_status":"closed","template":"","meta":{"footnotes":""},"class_list":["post-2356","page","type-page","status-publish","hentry"],"_links":{"self":[{"href":"https:\/\/opus-folyoirat.sk\/index.php?rest_route=\/wp\/v2\/pages\/2356","targetHints":{"allow":["GET"]}}],"collection":[{"href":"https:\/\/opus-folyoirat.sk\/index.php?rest_route=\/wp\/v2\/pages"}],"about":[{"href":"https:\/\/opus-folyoirat.sk\/index.php?rest_route=\/wp\/v2\/types\/page"}],"author":[{"embeddable":true,"href":"https:\/\/opus-folyoirat.sk\/index.php?rest_route=\/wp\/v2\/users\/4"}],"replies":[{"embeddable":true,"href":"https:\/\/opus-folyoirat.sk\/index.php?rest_route=%2Fwp%2Fv2%2Fcomments&post=2356"}],"version-history":[{"count":2,"href":"https:\/\/opus-folyoirat.sk\/index.php?rest_route=\/wp\/v2\/pages\/2356\/revisions"}],"predecessor-version":[{"id":4500,"href":"https:\/\/opus-folyoirat.sk\/index.php?rest_route=\/wp\/v2\/pages\/2356\/revisions\/4500"}],"wp:attachment":[{"href":"https:\/\/opus-folyoirat.sk\/index.php?rest_route=%2Fwp%2Fv2%2Fmedia&parent=2356"}],"curies":[{"name":"wp","href":"https:\/\/api.w.org\/{rel}","templated":true}]}}