{"id":2375,"date":"2025-01-24T19:06:00","date_gmt":"2025-01-24T17:06:00","guid":{"rendered":"https:\/\/opus-folyoirat.sk\/?page_id=2375"},"modified":"2025-11-19T00:43:31","modified_gmt":"2025-11-18T22:43:31","slug":"tamasi-orosz-janos","status":"publish","type":"page","link":"https:\/\/opus-folyoirat.sk\/?page_id=2375","title":{"rendered":"Tam\u00e1si Orosz J\u00e1nos"},"content":{"rendered":"\n<div class=\"wp-block-group is-vertical is-layout-flex wp-container-core-group-is-layout-8cf370e7 wp-block-group-is-layout-flex\">\n<p class=\"has-medium-font-size\"><strong>\u201e\u2026redurchmarsra nincs megb\u00edzhat\u00f3 tan\u00fa\u2026\u201d<\/strong><\/p>\n\n\n\n<p><em>\u00c1d\u00e1m Tam\u00e1s ballad\u00e1s szonettreg\u00e9ny\u00e9r\u0151l<\/em><\/p>\n<\/div>\n\n\n<div class=\"has-text-align-right wp-block-post-date\"><time datetime=\"2025-01-24T19:06:00+02:00\">2025-01-24<\/time><\/div>\n\n\n<p><br><em>\u00c1d\u00e1m Tam\u00e1s<\/em>ban nem tud megpihenni a k\u00f6lt\u0151. Mondom ezt amiatt, mert \u00faj k\u00f6tete l\u00e9nyeg\u00e9ben utaz\u00e1sok, tal\u00e1lkoz\u00e1sok, pillanatok, de els\u0151sorban m\u00e1mor\u00edt\u00f3 eml\u00e9kek lenyomatainak gy\u0171jtem\u00e9nye. Kicsit olyan, hogy azonnal egy t\u00e1voli asszoci\u00e1ci\u00f3val kezdjem, mint a Boschba \u00e9s Brueghelbe oltott Bansky, m\u00e1rmint korunk nagy ismeretlenj\u00e9nek kidolgozottabb munk\u00e1ira (Devolved Parliament, Keep it Spotless, Love Is In The Air, Barcode Leopard, Show me the Monet, stb, stb&#8230;) gondolva, no de m\u00e1ris \u00f6nellentmond\u00e1sba keveredtem, hiszen Banskyt tal\u00e1n \u00e9pp a (c\u00edmeket m\u00e1r mell\u0151zn\u00e9m) n\u00e9h\u00e1ny vonallal, p\u00e1r perc alatt falra \u201eskiccelt\u201d rezign\u00e1ltan szomor\u00fa \u201ebonmot-karikat\u00far\u00e1k\u201d tett\u00e9k s tartj\u00e1k naggy\u00e1, nem a gal\u00e9ri\u00e1k milli\u00f3kra taks\u00e1lt \u201eBansky-bizniszei\u201d (Amire persze \u0151 is csattan\u00f3s v\u00e1laszt adott, ama elh\u00edres\u00fclt \u2013 az aukci\u00f3 k\u00f6zben bez\u00fazott \u2013 \u00e1rver\u00e9si jelenettel.)&nbsp;<\/p>\n\n\n\n<p>No, t\u00e9nyleg kanyarg\u00f3sra vettem itt az \u00c1d\u00e1m-k\u00f6tetr\u0151l sz\u0151tt bekezd\u00e9seim, de a rend kedv\u00e9\u00e9rt m\u00e1ris visszacsatlakozom ahhoz, kiemelve a benne tal\u00e1lhat\u00f3 illusztr\u00e1ci\u00f3kat, amelyek \u2013 \u00e9pp \u00edgy \u2013 t\u00f6bbek a karikat\u00far\u00e1n\u00e1l, de nem t\u00f6rekednek az \u00e1rnyalt, sz\u00e9pen eldolgozott arcvon\u00e1sokra; az arc l\u00e9nyeg\u00e9t (s tal\u00e1n a pillanat\u00e9t) adj\u00e1k vissza, <em>Gerencs\u00e9r J\u00e1nos<\/em> rajzai b\u00e1rha konkr\u00e9t jelens\u00e9gek a cseh\u00f3k \u00e9s restik m\u00e9lyviz\u00e9b\u0151l, de lehetn\u00e9nek elk\u00e9pzelt arcok egy Hrabal, vagy Szomjas film forgat\u00f3k\u00f6nyve nyom\u00e1n. Ahogyan \u00c1d\u00e1m Tam\u00e1s \u00e1l- avagy szabadszonettjei is egyfajta \u00e1tmenetek \u2013 egy\u00e9rtelm\u0171en a val\u00f3s\u00e1gban gy\u00f6kereznek, \u00e1m a versek sorj\u00e1z\u00e1sa k\u00f6zben mintha m\u00e1r az elk\u00e9pzelt film peregne el\u0151tt\u00fcnk, egy nagy utaz\u00e1sr\u00f3l, lassan fakul\u00f3 eml\u00e9kek visszarebben\u00e9s\u00e9r\u0151l, a m\u00falt m\u00e9lyr\u00e9tegeibe pillant\u00e1sr\u00f3l \u2013 az \u00e9let, no nem annak h\u00eddj\u00e1r\u00f3l, hanem a <em>k\u00f6zben<\/em> lassan al\u00e1nk korhad\u00f3 l\u00e9tra fokair\u00f3l. Ama \u00f3r\u00e1kra, mikor az utaz\u00f3 megpihen, s bet\u00e9r az iv\u00f3ba, cs\u00e1rd\u00e1ba, kapelei\u00e1ba, avagy tavern\u00e1ba, esetleg, aff\u00e9le vil\u00e1gutaz\u00f3k\u00e9nt, a Pomme de Pin l\u00e1rm\u00e1j\u00e1ban b\u00fajik meg, ellesve-tanulva \u2013 ahogyan Villon tette valaha &#8211; a kagyl\u00f3sok szlengj\u00e9t.&nbsp;<\/p>\n\n\n\n<p>\u00cdgy utazik, eml\u00e9keit id\u00e9zve, vagy \u00e9pp friss \u00e9lm\u00e9nyek hangulat\u00e1t r\u00f6gz\u00edtve az olvas\u00f3, \u00c1d\u00e1m Tam\u00e1s kocsmaszonettjeit olvasva. Mert a szerz\u0151 \u00e1ltali m\u0171fajmeghat\u00e1roz\u00e1s szerint err\u0151l van sz\u00f3, s a versek val\u00f3ban a szonett megszokott form\u00e1j\u00e1t \u00f6ltik, de ritmusok, lejt\u00e9s\u00fck el-elt\u00e9r a klasszikus petrarca-i, avagy shakespeare-i po\u00e9ta-szolg\u00e1lati szab\u00e1lyzatt\u00f3l. A r\u00edmek v\u00e1ltoznak, ritk\u00e1san b\u00e1r, de felbukkan az asszon\u00e1nc \u201elett\u00e9l \/\/ kez\u00e9t \u2026 fel\u00e9t \/\/ csek\u00e9ly\u201d (Klub), a k\u00f6z\u00e9pr\u00edm (\u201erendk\u00edv\u00fcl illatos, k\u00f6lt\u0151nk m\u00e1snapos\u201d (Furmint), f\u00fcz\u00e9rr\u00edm (\u201e\u2026\u00e1s\u00edtozott a sov\u00e1ny \/ kult\u00farh\u00e1z, moh\u00e1s\u2026\u201d (Dobos), de a sorv\u00e9gi k\u00f6t\u00f6tt r\u00edmek is hol p\u00e1rosak, hol a bokorr\u00edm megold\u00e1s\u00e1val \u00e9lnek. Jellemz\u0151 a jambikus lejt\u00e9s megtart\u00e1sa, de \u00e9szrevehet\u0151en az\u00e9rt, mert szerz\u0151nk remek k\u00f6lt\u0151, t\u00f6bb \u00e9vtized \u201eszakmai\u201d gyakorlat\u00e1val, \u00edgy teh\u00e1t kisujj\u00e1ban \u2013 avagy klaviat\u00far\u00e1r\u00f3l l\u00e9v\u00e9n ma m\u00e1r sz\u00f3 \u2013 ujjbegyeiben van a szavak szonettbe terel\u00e9se.<\/p>\n\n\n\n<p>\u00c1m a nevezett forma m\u00e9gis m\u00e1sodlagos, \u00c1d\u00e1m \u00fagy dolgozik, mint az a szab\u00f3, aki m\u00e9rt\u00e9ket vesz a megrendel\u0151r\u0151l, majd l\u00e1tsz\u00f3lag engedi neki, hogy anyagot \u00e9s fazont v\u00e1lasszon, de m\u00e1r tudja, hogy val\u00f3j\u00e1ban mit s mib\u0151l fog r\u00e1szabni a kuncsaftra. Munka k\u00f6zben tal\u00e1n el-elm\u00e9l\u00e1zva az eml\u00e9keken: \u201e<em>Sk\u00f3ci\u00e1ban nem l\u00e1ttam almaf\u00e1t<\/em>\u201d (Cider) \u201e<em>Csak \u00e1lltam a Balti-tengerrel szemben<\/em>\u201d (Sz\u00e9p reggel), \u201e<em>P\u00e1r k\u00f6nnyed l\u00e9p\u00e9s csak a szlov\u00e1k hat\u00e1r<\/em>\u201d (Sztrapacska Gemerrel), \u201e<em>Katalinpuszt\u00e1n\u00e1l rendre v\u00e9tkezel<\/em>\u201d (Meg\u00e1ll\u00edt\u00f3). S el-elt\u0171n\u0151dve a r\u00e9g nem l\u00e1tott vend\u00e9gek sors\u00e1n, de: \u201e<em>mer\u00e9szs\u00e9g s\u00f6t\u00e9t felh\u0151kben kotorni<\/em>\u201d (\u00c1tellenben), \u201e<em>hirtelen j\u00f6tt a kasz\u00e1s, v\u00e1ratlanul<\/em>\u201d (Janika), \u201e<em>V\u00e9rz\u0151 gyomra jelzett, elmenet a falig<\/em>\u201d (Audis J\u00f3ska), \u201e<em>\u00e9szre sem vette, mikor lett koldus<\/em>\u201d (Huli). Igen, j\u00e1tszottam a sorokkal, eln\u00e9z\u00e9st, de ez tal\u00e1n jelzi azt, amire m\u00e1r utaltam: ez a k\u00f6tet val\u00f3j\u00e1ban amolyan szem\u00e9lyes kocsmab\u00e9deker, pontosabban porlepte beadekker, megism\u00e9telhetetlen tal\u00e1lkoz\u00e1sok, m\u00e1r csak eml\u00e9k\u00fckre koccinthatunk, vagy bez\u00e1rt kricsmik, puccos pressz\u00f3v\u00e1 glancolt, f\u00e9ny\u00e1rban \u00fasz\u00f3 helyek a Helyek helyett, m\u00e1r a romkocsm\u00e1k sem hajaznak a hatl\u00e9pcs\u0151sre, vagy \u00e9pp a csillagvizsg\u00e1l\u00f3kra, s hov\u00e1 t\u0171ntek az ifj\u00fas\u00e1g b\u00f6grecs\u00e1rd\u00e1i, hov\u00e1? Reg\u00e9nyt olvasunk, egy utaz\u00e1s\u00e9t, az ifj\u00fas\u00e1gt\u00f3l, amikor \u201e<em>er\u0151s\u00edt\u00e9snek j\u00f3l j\u00f6n p\u00e1r unikum<\/em>\u201d (Szertart\u00e1s) az \u00f6reged\u00e9s b\u00f6lcsess\u00e9g\u00e9ig \u2013 \u201e<em>most a leg\u00e9rt\u00e9kesebb a rebetli<\/em>\u201d (Ultiz\u00f3k) \u2013 tart\u00f3 der\u0171s szonettreg\u00e9nyt. Amelynek \u00edr\u00f3ja, \u00e9letszeret\u0151je, a sodr\u00f3d\u00e1sban is figyelmes utaz\u00f3ja pontosan tudja, hogy ezek a megpihen\u0151k s ezek a csaposok s ezek a l\u00e1nyok m\u00e1r sokezer \u00e9vvel ezel\u0151tt itt voltak, erre j\u00e1rtak, egy-egy alak mintha eleve r\u00e1n\u0151tt volna a pincefalra, ott a sarokban, n\u00e9zd, az csak egy Gerencs\u00e9r-rajz, nyugi, j\u00f3, akkor m\u00e9g maradunk kicsit, neveti ki \u00f6nmag\u00e1t a szerz\u0151, s majd, a szonett \u00edr\u00e1sakor, visszat\u00e9r benne a pillanat: s belopja soraiba Martialist, Villont, mind a boh\u00e9m sorokba rejtett b\u00e1natot, de \u00e1tsejlik e ballad\u00e1s szonetthangulaton olykor J\u00f3zsef Attila is (\u201et\u00f6rt sz\u00e1raz t\u00f3fen\u00e9k az arc, de ember. \/&#8230;\/ agy\u00e1n pihennek elf\u00e1radt borok.\u201d [Tanulm\u00e1nyfej])<\/p>\n\n\n\n<p>E J\u00f3zsef Attila-id\u00e9zet summ\u00e1zza bennem \u00c1d\u00e1m Tam\u00e1s k\u00f6nyv\u00e9nek \u00e9rt\u00e9k\u00e9t: er\u0151s sz\u00e1mvet\u00e9s, m\u00e9gis k\u00f6nnyed, a nagy mesterszonettekkel megkoron\u00e1zott monumentalit\u00e1st sz\u00e1nd\u00e9kosan nem imit\u00e1l\u00f3 szel\u00edd szabadszonettek ezek, olykor ballad\u00e1s zamatokkal; egy hatalmas Brueghel-pann\u00f3 m\u00e9gis, a klasszikus (sz\u00e1nd\u00e9kosan ezt eml\u00edtem) Carrying the cross (1564), Majewsky \u00e1ltal filmre \u00e1lmodott megelevened\u00e9se ez, ahogy a t\u00f6megben ott a m\u00falt, a jelen (\u201e<em>arcot v\u00e1ltottak, megmaradt kenyer\u00fck<\/em>\u201d [Aranykal\u00e1sz]) \u00e9s ott az el\u00e9rhetetlennek t\u0171n\u0151 krisztusi szeretet-j\u00f6v\u0151; a k\u00f6lt\u0151 csak annyit tehet, hogy feljegyzi, meg\u00f6r\u00f6k\u00edti \u00e9s \u00e1tadja a sokadik Golgota-testamentumok egyik\u00e9t. Vegye, vigye, aki \u201e\u2026<em>elhitte, hogy messze m\u00e9g a cs\u0151d<\/em>\u201d [Ivettke]).<\/p>\n\n\n\n<p><em>Tam\u00e1si Orosz J\u00e1nos<\/em><\/p>\n\n\n\n<p><strong>\u00c1d\u00e1m Tam\u00e1s: Kocsmadalok (szonettek). Hungarovox Kiad\u00f3, Budapest, 2025, 113.old.<\/strong><\/p>\n","protected":false},"excerpt":{"rendered":"<p>\u201e\u2026redurchmarsra nincs megb\u00edzhat\u00f3 tan\u00fa\u2026\u201d \u00c1d\u00e1m Tam\u00e1s ballad\u00e1s szonettreg\u00e9ny\u00e9r\u0151l \u00c1d\u00e1m Tam\u00e1sban nem tud megpihenni a k\u00f6lt\u0151. Mondom ezt amiatt, mert \u00faj k\u00f6tete l\u00e9nyeg\u00e9ben utaz\u00e1sok, tal\u00e1lkoz\u00e1sok, pillanatok, de els\u0151sorban m\u00e1mor\u00edt\u00f3 eml\u00e9kek lenyomatainak gy\u0171jtem\u00e9nye. Kicsit olyan, hogy azonnal egy t\u00e1voli asszoci\u00e1ci\u00f3val kezdjem, mint &hellip; <a href=\"https:\/\/opus-folyoirat.sk\/?page_id=2375\">Egy kattint\u00e1s ide a folytat\u00e1shoz&#8230;. <span class=\"meta-nav\">&rarr;<\/span><\/a><\/p>\n","protected":false},"author":4,"featured_media":0,"parent":17,"menu_order":0,"comment_status":"closed","ping_status":"closed","template":"","meta":{"footnotes":""},"class_list":["post-2375","page","type-page","status-publish","hentry"],"_links":{"self":[{"href":"https:\/\/opus-folyoirat.sk\/index.php?rest_route=\/wp\/v2\/pages\/2375","targetHints":{"allow":["GET"]}}],"collection":[{"href":"https:\/\/opus-folyoirat.sk\/index.php?rest_route=\/wp\/v2\/pages"}],"about":[{"href":"https:\/\/opus-folyoirat.sk\/index.php?rest_route=\/wp\/v2\/types\/page"}],"author":[{"embeddable":true,"href":"https:\/\/opus-folyoirat.sk\/index.php?rest_route=\/wp\/v2\/users\/4"}],"replies":[{"embeddable":true,"href":"https:\/\/opus-folyoirat.sk\/index.php?rest_route=%2Fwp%2Fv2%2Fcomments&post=2375"}],"version-history":[{"count":3,"href":"https:\/\/opus-folyoirat.sk\/index.php?rest_route=\/wp\/v2\/pages\/2375\/revisions"}],"predecessor-version":[{"id":3075,"href":"https:\/\/opus-folyoirat.sk\/index.php?rest_route=\/wp\/v2\/pages\/2375\/revisions\/3075"}],"up":[{"embeddable":true,"href":"https:\/\/opus-folyoirat.sk\/index.php?rest_route=\/wp\/v2\/pages\/17"}],"wp:attachment":[{"href":"https:\/\/opus-folyoirat.sk\/index.php?rest_route=%2Fwp%2Fv2%2Fmedia&parent=2375"}],"curies":[{"name":"wp","href":"https:\/\/api.w.org\/{rel}","templated":true}]}}