{"id":2543,"date":"2025-02-09T11:04:00","date_gmt":"2025-02-09T09:04:00","guid":{"rendered":"https:\/\/opus-folyoirat.sk\/?page_id=2543"},"modified":"2025-11-18T11:46:52","modified_gmt":"2025-11-18T09:46:52","slug":"kiss-balint-bela","status":"publish","type":"page","link":"https:\/\/opus-folyoirat.sk\/?page_id=2543","title":{"rendered":"Kiss B\u00e1lint B\u00e9la"},"content":{"rendered":"\n<p><strong>A n\u00e1polyi \u00e9jjeleken<\/strong><\/p>\n\n\n<div class=\"has-text-align-right wp-block-post-date\"><time datetime=\"2025-02-09T11:04:00+02:00\">2025-02-09<\/time><\/div>\n\n\n<div class=\"wp-block-group is-vertical is-layout-flex wp-container-core-group-is-layout-8cf370e7 wp-block-group-is-layout-flex\">\n<p>I.<\/p>\n\n\n\n<p>S\u00e1rg\u00e1ba mer\u00fcl a k\u00e1ba s\u00f6t\u00e9ts\u00e9g.<\/p>\n\n\n\n<p>Cs\u00f6p\u00f6gnek fejedre a kil\u00f3gatott feh\u00e9rnem\u0171k k\u00f6nnyei.<\/p>\n\n\n\n<p>Nincs hov\u00e1 menned, m\u00e9gis m\u00e9sz<\/p>\n\n\n\n<p>az utc\u00e1k k\u00f6vein.<\/p>\n\n\n\n<p>Tolongsz az izzadt t\u00f6megben.<\/p>\n\n\n\n<p>Sodor mag\u00e1val sok elb\u0171v\u00f6l\u0151 \u00e9s visszatasz\u00edt\u00f3 alak.<\/p>\n\n\n\n<p>Idegenek k\u00f6zt vagy idegen.<\/p>\n\n\n\n<p>Sz\u00f3tlanul haladsz.<\/p>\n\n\n\n<p>Elsuhannak melletted a robog\u00f3k.<\/p>\n\n\n\n<p>T\u00f6bb sz\u00e1z z\u00e1szl\u00f3r\u00f3l figyeli l\u00e9pteid Maradona.<\/p>\n\n\n\n<p>A s\u00f6t\u00e9tben v\u00edgan r\u00e1d mosolyog<\/p>\n\n\n\n<p>egy fitt madonna.<\/p>\n\n\n\n<p>Elt\u0171nik, t\u00e1n nem is l\u00e9tezett.<\/p>\n\n\n\n<p>Most egy r\u00e1ncos, v\u00e9n banya b\u00e1mul helyette.<\/p>\n\n\n\n<p>Mint aki bolond, \u00e9nekel,<\/p>\n\n\n\n<p>egy l\u00e9p\u00e9snyire melletted.<\/p>\n<\/div>\n\n\n\n<p><\/p>\n\n\n\n<div class=\"wp-block-group is-vertical is-layout-flex wp-container-core-group-is-layout-8cf370e7 wp-block-group-is-layout-flex\">\n<p>II.<\/p>\n\n\n\n<p>Visonganak, nevetg\u00e9lnek,<\/p>\n\n\n\n<p>sikoltoznak, csever\u00e9sznek.<\/p>\n\n\n\n<p>Egym\u00e1st kiab\u00e1lj\u00e1k t\u00fal a s\u00f6t\u00e9tb\u0151r\u0171 port\u00e9k\u00e1sok,<\/p>\n\n\n\n<p>a r\u00e9szeg k\u00f6z\u00e9piskol\u00e1sok,<\/p>\n\n\n\n<p>az \u00e1h\u00edtatos futballdrukkerek,<\/p>\n\n\n\n<p>az akaratos kisgyermekek,<\/p>\n\n\n\n<p>a motorok m\u00e9ly b\u00fag\u00e1sa,<\/p>\n\n\n\n<p>ev\u0151eszk\u00f6z\u00f6k csattog\u00e1sa,<\/p>\n\n\n\n<p>utcai zen\u00e9szek dobol\u00e1sa,<\/p>\n\n\n\n<p>git\u00e1rpenget\u00e9s ritmus\u00e1ra.<\/p>\n\n\n\n<p>ADHD, k\u00e1oszkoncert.<\/p>\n\n\n\n<p>Ezernyi hang m\u00e1s hangnemben,<\/p>\n\n\n\n<p>ki-ki saj\u00e1t dallam\u00e1ra<\/p>\n\n\n\n<p>v\u00e1g m\u00e1siknak a szav\u00e1ba,<\/p>\n\n\n\n<p>s a gondolatok elvesznek a hangzavarban.<\/p>\n<\/div>\n\n\n\n<p><\/p>\n\n\n\n<div class=\"wp-block-group is-vertical is-layout-flex wp-container-core-group-is-layout-8cf370e7 wp-block-group-is-layout-flex\">\n<p>III.<\/p>\n\n\n\n<p>Elr\u00e9vedt\u00e9l, h\u00fagyba l\u00e9pt\u00e9l,<\/p>\n\n\n\n<p>\u00e9rzed b\u0171z\u00e9t orrodban.<\/p>\n\n\n\n<p>Vegy\u00fcl mell\u00e9 s\u00fclt szalonna, rohadt gy\u00fcm\u00f6lcs meg f\u0171szag,<\/p>\n\n\n\n<p>izzadt h\u00f3nalj \u00e9s mos\u00f3szer, cigif\u00fcst, kis \u00e9gett pizza.<\/p>\n\n\n\n<p>Alkohol \u00e9s csokol\u00e1d\u00e9, m\u00e1ln\u00e1s vape meg \u00f6reg szem\u00e9t,&nbsp;<\/p>\n\n\n\n<p>a benzing\u0151zzel keveredik a vir\u00e1gosbolt, s az \u00fcr\u00fcl\u00e9k.<\/p>\n\n\n\n<p>Ott cs\u00fcng m\u00e9g az az \u00e9des, s\u00f3s, keser\u0171 \u00edz a nyelveden,<\/p>\n\n\n\n<p>ott f\u00fcgg az a boldog, szomor\u00fa \u00e9rz\u00e9s a sz\u00edvedben.<\/p>\n<\/div>\n\n\n\n<p><\/p>\n\n\n\n<div class=\"wp-block-group is-vertical is-layout-flex wp-container-core-group-is-layout-8cf370e7 wp-block-group-is-layout-flex\">\n<p>IV.<\/p>\n\n\n\n<p>A nagyv\u00e1ros feketes\u00e9g\u00e9t megt\u00f6ri&nbsp;<\/p>\n\n\n\n<p>az utcal\u00e1mp\u00e1k s\u00e1rg\u00e1ja, s a kisboltok neon f\u00e9nye.<\/p>\n\n\n\n<p>A romos falakon anarchista graffiti&nbsp;<\/p>\n\n\n\n<p>\u00e9s J\u00e9zus arck\u00e9pe.<\/p>\n\n\n\n<p>Egys\u00e1vos \u00faton k\u00e9tir\u00e1ny\u00fa utca.<\/p>\n\n\n\n<p>A zsibong\u00f3 t\u00f6meg a Vez\u00favval mit sem t\u00f6r\u0151dik.<\/p>\n\n\n\n<p>El\u00e9g, ha az embernek annyira futja,<\/p>\n\n\n\n<p>hogy az \u00e9jszak\u00e1t t\u00fal\u00e9li.<\/p>\n\n\n\n<p>Szemh\u00e9jad ragad, lassan elf\u00e1radsz.<\/p>\n\n\n\n<p>M\u00edg k\u00f6r\u00fcl\u00f6tted tombolnak, te indulsz a metr\u00f3ra,<\/p>\n\n\n\n<p>s a keletkezett \u00fcress\u00e9gben el\u00e1raszt<\/p>\n\n\n\n<p>a minden \u00e9s a semmi b\u00faja.<\/p>\n\n\n\n<p>P\u00e1r meg\u00e1ll\u00f3, lesz\u00e1llsz a Materdei-n.<\/p>\n\n\n\n<p>F\u00e9lsz, eml\u00e9keid elhalv\u00e1nyulnak, s elfelejted,&nbsp;<\/p>\n\n\n\n<p>hogy milyen volt itt s\u00e9t\u00e1lni<\/p>\n\n\n\n<p>a n\u00e1polyi \u00e9jjeleken.<\/p>\n<\/div>\n\n\n\n<p><\/p>\n\n\n\n<p><\/p>\n","protected":false},"excerpt":{"rendered":"<p>A n\u00e1polyi \u00e9jjeleken I. S\u00e1rg\u00e1ba mer\u00fcl a k\u00e1ba s\u00f6t\u00e9ts\u00e9g. Cs\u00f6p\u00f6gnek fejedre a kil\u00f3gatott feh\u00e9rnem\u0171k k\u00f6nnyei. Nincs hov\u00e1 menned, m\u00e9gis m\u00e9sz az utc\u00e1k k\u00f6vein. Tolongsz az izzadt t\u00f6megben. Sodor mag\u00e1val sok elb\u0171v\u00f6l\u0151 \u00e9s visszatasz\u00edt\u00f3 alak. Idegenek k\u00f6zt vagy idegen. Sz\u00f3tlanul haladsz. &hellip; <a href=\"https:\/\/opus-folyoirat.sk\/?page_id=2543\">Egy kattint\u00e1s ide a folytat\u00e1shoz&#8230;. <span class=\"meta-nav\">&rarr;<\/span><\/a><\/p>\n","protected":false},"author":4,"featured_media":0,"parent":0,"menu_order":0,"comment_status":"closed","ping_status":"closed","template":"","meta":{"footnotes":""},"class_list":["post-2543","page","type-page","status-publish","hentry"],"_links":{"self":[{"href":"https:\/\/opus-folyoirat.sk\/index.php?rest_route=\/wp\/v2\/pages\/2543","targetHints":{"allow":["GET"]}}],"collection":[{"href":"https:\/\/opus-folyoirat.sk\/index.php?rest_route=\/wp\/v2\/pages"}],"about":[{"href":"https:\/\/opus-folyoirat.sk\/index.php?rest_route=\/wp\/v2\/types\/page"}],"author":[{"embeddable":true,"href":"https:\/\/opus-folyoirat.sk\/index.php?rest_route=\/wp\/v2\/users\/4"}],"replies":[{"embeddable":true,"href":"https:\/\/opus-folyoirat.sk\/index.php?rest_route=%2Fwp%2Fv2%2Fcomments&post=2543"}],"version-history":[{"count":3,"href":"https:\/\/opus-folyoirat.sk\/index.php?rest_route=\/wp\/v2\/pages\/2543\/revisions"}],"predecessor-version":[{"id":2948,"href":"https:\/\/opus-folyoirat.sk\/index.php?rest_route=\/wp\/v2\/pages\/2543\/revisions\/2948"}],"wp:attachment":[{"href":"https:\/\/opus-folyoirat.sk\/index.php?rest_route=%2Fwp%2Fv2%2Fmedia&parent=2543"}],"curies":[{"name":"wp","href":"https:\/\/api.w.org\/{rel}","templated":true}]}}