{"id":2550,"date":"2025-02-12T14:55:00","date_gmt":"2025-02-12T12:55:00","guid":{"rendered":"https:\/\/opus-folyoirat.sk\/?page_id=2550"},"modified":"2025-11-19T00:35:38","modified_gmt":"2025-11-18T22:35:38","slug":"juhos-rebeka","status":"publish","type":"page","link":"https:\/\/opus-folyoirat.sk\/?page_id=2550","title":{"rendered":"Juhos Rebeka"},"content":{"rendered":"\n<p><strong>\u00c9n \u00e9s Ikarosz&nbsp;<\/strong><\/p>\n\n\n<div class=\"has-text-align-right wp-block-post-date\"><time datetime=\"2025-02-12T14:55:00+02:00\">2025-02-12<\/time><\/div>\n\n\n<div class=\"wp-block-group is-vertical is-layout-flex wp-container-core-group-is-layout-8cf370e7 wp-block-group-is-layout-flex\">\n<p>\u00dagy szerettem az embereket,<br>mint Ikarosz a napot.<br>S \u00fagy, ahogy \u0151<br>\u00e9n is zuhanni kezdtem.&nbsp;<\/p>\n\n\n\n<p>Sz\u00e1rnyaimat let\u00f6rt\u00e9k,<br>elfojtott\u00e1k a leveg\u0151t.<br>Nem k\u00e9rt\u00e9k, hogy figyeljek<br>\u00e9s velem sem t\u00f6r\u0151dtek.<\/p>\n\n\n\n<p>F\u00e9lek a tengert\u0151l, mely v\u00e1r.<br>Nincs Istens\u00e9g ki elnyelne,<br>szigetem sem lesz val\u00f3s.<br>Sosem tudj\u00e1k meg, ki lehettem.<\/p>\n<\/div>\n\n\n\n<p><\/p>\n\n\n\n<p><\/p>\n","protected":false},"excerpt":{"rendered":"<p>\u00c9n \u00e9s Ikarosz&nbsp; \u00dagy szerettem az embereket,mint Ikarosz a napot.S \u00fagy, ahogy \u0151\u00e9n is zuhanni kezdtem.&nbsp; Sz\u00e1rnyaimat let\u00f6rt\u00e9k,elfojtott\u00e1k a leveg\u0151t.Nem k\u00e9rt\u00e9k, hogy figyeljek\u00e9s velem sem t\u00f6r\u0151dtek. F\u00e9lek a tengert\u0151l, mely v\u00e1r.Nincs Istens\u00e9g ki elnyelne,szigetem sem lesz val\u00f3s.Sosem tudj\u00e1k meg, ki &hellip; <a href=\"https:\/\/opus-folyoirat.sk\/?page_id=2550\">Egy kattint\u00e1s ide a folytat\u00e1shoz&#8230;. <span class=\"meta-nav\">&rarr;<\/span><\/a><\/p>\n","protected":false},"author":4,"featured_media":0,"parent":0,"menu_order":0,"comment_status":"closed","ping_status":"closed","template":"","meta":{"footnotes":""},"class_list":["post-2550","page","type-page","status-publish","hentry"],"_links":{"self":[{"href":"https:\/\/opus-folyoirat.sk\/index.php?rest_route=\/wp\/v2\/pages\/2550","targetHints":{"allow":["GET"]}}],"collection":[{"href":"https:\/\/opus-folyoirat.sk\/index.php?rest_route=\/wp\/v2\/pages"}],"about":[{"href":"https:\/\/opus-folyoirat.sk\/index.php?rest_route=\/wp\/v2\/types\/page"}],"author":[{"embeddable":true,"href":"https:\/\/opus-folyoirat.sk\/index.php?rest_route=\/wp\/v2\/users\/4"}],"replies":[{"embeddable":true,"href":"https:\/\/opus-folyoirat.sk\/index.php?rest_route=%2Fwp%2Fv2%2Fcomments&post=2550"}],"version-history":[{"count":3,"href":"https:\/\/opus-folyoirat.sk\/index.php?rest_route=\/wp\/v2\/pages\/2550\/revisions"}],"predecessor-version":[{"id":2949,"href":"https:\/\/opus-folyoirat.sk\/index.php?rest_route=\/wp\/v2\/pages\/2550\/revisions\/2949"}],"wp:attachment":[{"href":"https:\/\/opus-folyoirat.sk\/index.php?rest_route=%2Fwp%2Fv2%2Fmedia&parent=2550"}],"curies":[{"name":"wp","href":"https:\/\/api.w.org\/{rel}","templated":true}]}}