{"id":2558,"date":"2025-09-07T15:06:26","date_gmt":"2025-09-07T13:06:26","guid":{"rendered":"https:\/\/opus-folyoirat.sk\/?page_id=2558"},"modified":"2025-09-07T15:06:27","modified_gmt":"2025-09-07T13:06:27","slug":"arany-opus-2025-felhivas","status":"publish","type":"page","link":"https:\/\/opus-folyoirat.sk\/?page_id=2558","title":{"rendered":"Arany Opus 2025 \u2013 Felh\u00edv\u00e1s"},"content":{"rendered":"\n<p>A Szlov\u00e1kiai Magyar \u00cdr\u00f3k T\u00e1rsas\u00e1ga Arany Opus D\u00edj c\u00edmmel sz\u00e9pirodalmi p\u00e1ly\u00e1zatot hirdet szlov\u00e1kiai magyar (\u00e1lland\u00f3 szlov\u00e1kiai lakhellyel rendelkez\u0151) szerz\u0151k sz\u00e1m\u00e1ra.<\/p>\n\n\n\n<figure class=\"wp-block-image size-full\"><img loading=\"lazy\" decoding=\"async\" width=\"768\" height=\"512\" src=\"https:\/\/opus-folyoirat.sk\/wp-content\/uploads\/2025\/09\/ChatGPT-Image-2025.-aug.-28.-10_07_17-768x512-1.png\" alt=\"\" class=\"wp-image-2559\" srcset=\"https:\/\/opus-folyoirat.sk\/wp-content\/uploads\/2025\/09\/ChatGPT-Image-2025.-aug.-28.-10_07_17-768x512-1.png 768w, https:\/\/opus-folyoirat.sk\/wp-content\/uploads\/2025\/09\/ChatGPT-Image-2025.-aug.-28.-10_07_17-768x512-1-300x200.png 300w, https:\/\/opus-folyoirat.sk\/wp-content\/uploads\/2025\/09\/ChatGPT-Image-2025.-aug.-28.-10_07_17-768x512-1-450x300.png 450w\" sizes=\"auto, (max-width: 768px) 100vw, 768px\" \/><\/figure>\n\n\n\n<p>A p\u00e1ly\u00e1zatra beny\u00fajthat\u00f3 minden olyan magyar nyelven \u00edrt sz\u00e9ppr\u00f3za (1db, max. 15 flekk) vagy vers (1 db), amely nyomtat\u00e1sban vagy internetes fel\u00fcleten m\u00e9g nem jelent meg, s amelynek k\u00f6zl\u00e9si jog\u00e1val a szerz\u0151 rendelkezik. Tematikai megk\u00f6t\u00e9s nincs. A p\u00e1lyamunk\u00e1t minden oldal\u00e1n jelig\u00e9vel ell\u00e1tva, k\u00e9rj\u00fck beny\u00fajtani a&nbsp;<strong><a href=\"mailto:szmit@szmit.sk\">szmit@szmit.sk<\/a>&nbsp;<\/strong>c\u00edmre. A p\u00e1lyam\u0171h\u00f6z k\u00fcl\u00f6n e-mailben csatoland\u00f3 szerz\u0151j\u00e9nek neve, email c\u00edme, telefonsz\u00e1ma, lakc\u00edme, p\u00e1ly\u00e1z\u00f3 jelig\u00e9je.<\/p>\n\n\n\n<p>Lev\u00e9lc\u00edm: Spolo\u010dnos\u0165 ma\u010farsk\u00fdch spisovate\u013eov na Slovensku, Galantsk\u00e1 cesta 658\/2F, 929 01 Dunajsk\u00e1 Streda (inform\u00e1ci\u00f3 \u2013 telefon:&nbsp;<strong>0911 239 479<\/strong>, e-mail:&nbsp;<strong>szmit@szmit.sk<\/strong>)<\/p>\n\n\n\n<p><strong>A p\u00e1ly\u00e1zatok be\u00e9rkez\u00e9si hat\u00e1rideje: 2025. szeptember 25.<\/strong><\/p>\n\n\n\n<p>P\u00e1lyad\u00edj mindk\u00e9t kateg\u00f3ri\u00e1ban: 300 \u20ac, valamint, Ferdics B\u00e9la grafikusm\u0171v\u00e9sz vegyes technik\u00e1val k\u00e9sz\u00fclt grafik\u00e1i.<\/p>\n\n\n\n<p>A p\u00e1ly\u00e1zatra beny\u00fajtott sz\u00e9pirodalmi alkot\u00e1sokat neves irodalm\u00e1rokb\u00f3l \u00e1ll\u00f3 zs\u0171ri b\u00edr\u00e1lja el. A zs\u0171ri tagjai: Hodossy Gyula J\u00f3zsef Attila-d\u00edjas k\u00f6lt\u0151, T\u00f3th L\u00e1szl\u00f3 J\u00f3zsef Attila-d\u00edjas, Dobos L\u00e1szl\u00f3-\u00e9letm\u0171d\u00edjas k\u00f6lt\u0151, \u00edr\u00f3, az MMA rendes tagja, K\u00f6vesdi K\u00e1roly Illy\u00e9s Gyula-d\u00edjas k\u00f6lt\u0151. A d\u00edjnyertes m\u0171vek els\u0151 felhaszn\u00e1l\u00e1si joga a Szlov\u00e1kiai Magyar \u00cdr\u00f3k T\u00e1rsas\u00e1g\u00e1t illeti meg, \u00e9s az Opus 2026\/1-es sz\u00e1mban jelennek meg.<\/p>\n\n\n\n<p>Az \u00fcnnep\u00e9lyes d\u00edj\u00e1tad\u00e1sra 2025. okt\u00f3ber 24-\u00e9n, Dunaszerdahelyen, a XX. \u0150szi \u00cdr\u00f3fesztiv\u00e1l keret\u00e9ben megrendezett m\u0171soros esten ker\u00fcl sor, ahol a nyertes p\u00e1lyam\u0171vek sz\u00ednm\u0171v\u00e9sz tolm\u00e1csol\u00e1s\u00e1ban hangzanak el.<\/p>\n\n\n\n<p>A nem d\u00edjazott sz\u00f6vegeket a p\u00e1ly\u00e1zat ki\u00edr\u00f3ja nem \u0151rzi meg \u00e9s nem k\u00fcldi vissza.<\/p>\n","protected":false},"excerpt":{"rendered":"<p>A Szlov\u00e1kiai Magyar \u00cdr\u00f3k T\u00e1rsas\u00e1ga Arany Opus D\u00edj c\u00edmmel sz\u00e9pirodalmi p\u00e1ly\u00e1zatot hirdet szlov\u00e1kiai magyar (\u00e1lland\u00f3 szlov\u00e1kiai lakhellyel rendelkez\u0151) szerz\u0151k sz\u00e1m\u00e1ra. A p\u00e1ly\u00e1zatra beny\u00fajthat\u00f3 minden olyan magyar nyelven \u00edrt sz\u00e9ppr\u00f3za (1db, max. 15 flekk) vagy vers (1 db), amely nyomtat\u00e1sban vagy &hellip; <a href=\"https:\/\/opus-folyoirat.sk\/?page_id=2558\">Egy kattint\u00e1s ide a folytat\u00e1shoz&#8230;. <span class=\"meta-nav\">&rarr;<\/span><\/a><\/p>\n","protected":false},"author":4,"featured_media":0,"parent":0,"menu_order":0,"comment_status":"closed","ping_status":"closed","template":"","meta":{"footnotes":""},"class_list":["post-2558","page","type-page","status-publish","hentry"],"_links":{"self":[{"href":"https:\/\/opus-folyoirat.sk\/index.php?rest_route=\/wp\/v2\/pages\/2558","targetHints":{"allow":["GET"]}}],"collection":[{"href":"https:\/\/opus-folyoirat.sk\/index.php?rest_route=\/wp\/v2\/pages"}],"about":[{"href":"https:\/\/opus-folyoirat.sk\/index.php?rest_route=\/wp\/v2\/types\/page"}],"author":[{"embeddable":true,"href":"https:\/\/opus-folyoirat.sk\/index.php?rest_route=\/wp\/v2\/users\/4"}],"replies":[{"embeddable":true,"href":"https:\/\/opus-folyoirat.sk\/index.php?rest_route=%2Fwp%2Fv2%2Fcomments&post=2558"}],"version-history":[{"count":1,"href":"https:\/\/opus-folyoirat.sk\/index.php?rest_route=\/wp\/v2\/pages\/2558\/revisions"}],"predecessor-version":[{"id":2560,"href":"https:\/\/opus-folyoirat.sk\/index.php?rest_route=\/wp\/v2\/pages\/2558\/revisions\/2560"}],"wp:attachment":[{"href":"https:\/\/opus-folyoirat.sk\/index.php?rest_route=%2Fwp%2Fv2%2Fmedia&parent=2558"}],"curies":[{"name":"wp","href":"https:\/\/api.w.org\/{rel}","templated":true}]}}