{"id":2603,"date":"2025-09-11T19:17:54","date_gmt":"2025-09-11T17:17:54","guid":{"rendered":"https:\/\/opus-folyoirat.sk\/?page_id=2603"},"modified":"2025-11-19T01:21:46","modified_gmt":"2025-11-18T23:21:46","slug":"tom-cruise-uj-szintre-emeli-a-lehetetlent","status":"publish","type":"page","link":"https:\/\/opus-folyoirat.sk\/?page_id=2603","title":{"rendered":"Tom Cruise \u00faj szintre emeli a lehetetlent!"},"content":{"rendered":"\n<p><strong>A <em>Mission: Impossible \u2013 A v\u00e9gs\u0151 lesz\u00e1mol\u00e1s<\/em> kritik\u00e1ja<\/strong><\/p>\n\n\n<div class=\"has-text-align-right wp-block-post-date\"><time datetime=\"2025-09-11T19:17:54+02:00\">2025-09-11<\/time><\/div>\n\n\n<p><\/p>\n\n\n\n<p>K\u00f6zel h\u00e1rom \u00e9vtizede annak, hogy megismerkedt\u00fcnk a legend\u00e1s titkos\u00fcgyn\u00f6k, Ethan Hunt k\u00fcl\u00f6nleges k\u00e9pess\u00e9geivel. Eddig h\u00e9t kultikus film, h\u00e9t vil\u00e1gmegment\u00e9s, \u00e9s tudtuk, hogy m\u00e9g messze nincs v\u00e9ge, elv\u00e9gre a meg\u00e1ll\u00edthatatlan szuperkatona nem karossz\u00e9kbe val\u00f3, hogy visszavonulva nyugd\u00edjas \u00e9veit olvasgat\u00e1ssal t\u00f6ltse. Azt viszont m\u00e1r az ezt megel\u0151z\u0151 r\u00e9szb\u0151l, \u00e9s az akci\u00f3thriller-sorozat idei fejezet\u00e9nek \u00edzel\u00edt\u0151ib\u0151l sejthett\u00fck, hogy ahogy semmi m\u00e1s sem az \u00e9letben, \u00fagy Hunt karrierje sem tarthat \u00f6r\u00f6kk\u00e9 \u2013 erre egy\u00e9rtelm\u0171en utal m\u00e1r a befejez\u0151 r\u00e9sz alc\u00edme is (<em>A v\u00e9gs\u0151 lesz\u00e1mol\u00e1s<\/em>).<\/p>\n\n\n\n<figure class=\"wp-block-image size-large\"><img loading=\"lazy\" decoding=\"async\" width=\"1024\" height=\"450\" src=\"https:\/\/opus-folyoirat.sk\/wp-content\/uploads\/2025\/09\/MI202-1024x450.jpeg\" alt=\"\" class=\"wp-image-2606\" srcset=\"https:\/\/opus-folyoirat.sk\/wp-content\/uploads\/2025\/09\/MI202-1024x450.jpeg 1024w, https:\/\/opus-folyoirat.sk\/wp-content\/uploads\/2025\/09\/MI202-300x132.jpeg 300w, https:\/\/opus-folyoirat.sk\/wp-content\/uploads\/2025\/09\/MI202-768x337.jpeg 768w, https:\/\/opus-folyoirat.sk\/wp-content\/uploads\/2025\/09\/MI202-1536x674.jpeg 1536w, https:\/\/opus-folyoirat.sk\/wp-content\/uploads\/2025\/09\/MI202-500x220.jpeg 500w, https:\/\/opus-folyoirat.sk\/wp-content\/uploads\/2025\/09\/MI202.jpeg 1920w\" sizes=\"auto, (max-width: 1024px) 100vw, 1024px\" \/><\/figure>\n\n\n\n<p>A franchise-z\u00e1r\u00f3 film szinte ott folytat\u00f3dik, ahol el\u0151dje abbamaradt: Ethannek \u00e9s profi csapat\u00e1nak \u2013 akiknek ez\u00fattal l\u00e9nyegesen t\u00f6bb szerep jut \u2013 szembe kell sz\u00e1llnia a vil\u00e1guralomra t\u00f6r\u0151 mesters\u00e9ges intelligenci\u00e1val, akit csak \u00fagy neveznek az Entit\u00e1s, melynek egyed\u00fcli c\u00e9lja teljesen a hatalma al\u00e1 vonni az eg\u00e9sz vil\u00e1got. Glob\u00e1lis atomkatasztr\u00f3f\u00e1val fenyeget, \u00edgy az IMF \u00fcgyn\u00f6keinek csup\u00e1n 3 napja van arra, hogy term\u00e9szetesen most is, szok\u00e1sukhoz h\u00edven megments\u00e9k a bolyg\u00f3t a teljes pusztul\u00e1st\u00f3l. Ahhoz, hogy a k\u00fcldet\u00e9s sikerrel j\u00e1rjon meg kell tal\u00e1lniuk a szuper-AI forr\u00e1sk\u00f3dj\u00e1t tartalmaz\u00f3 eszk\u00f6zt a m\u00e1r megszerzett kulccsal egy r\u00e9g els\u00fcllyedt orosz tengeralattj\u00e1r\u00f3 fed\u00e9lzet\u00e9r\u0151l valahol a jeges Bering-tenger m\u00e9ly\u00e9n. Ez a h\u00edrhedt Hunt \u00fcgyn\u00f6k v\u00e9gs\u0151, mindent eld\u00f6nt\u0151, \u00e9s nem mellesleg \u00f6ngyilkos bevet\u00e9se. Az els\u0151dleges c\u00e9l azonban most is a j\u00f3l ismert \u0151sellens\u00e9g, Gabriel, aki az Entit\u00e1s megsemmis\u00edt\u00e9s\u00e9re gy\u00e1rtott v\u00edrust kaparintja meg. Vagyis a hetedik r\u00e9sz hajsz\u00e1ja \u00e9s annak er\u0151s, digit\u00e1lis vil\u00e1ggal kapcsolatos szkeptikus \u00e9s \u00e9lesen b\u00edr\u00e1l\u00f3 \u00fczenete a film els\u0151 harmad\u00e1ban folytat\u00f3dik, ezzel n\u00e9mileg vontatott\u00e1 t\u00e9ve az eddig megszokott dinamik\u00e1t egy teljes \u00f3r\u00e1n \u00e1t. Mindezt a h\u00e1tra l\u00e9v\u0151 j\u00e1t\u00e9kid\u0151ben Cruise hajmereszt\u0151 akci\u00f3ival pr\u00f3b\u00e1lj\u00e1k kompenz\u00e1lni. K\u00e9t kiemelked\u0151 p\u00e9ld\u00e1ja ennek a t\u00fal\u00e9lhetetlen mer\u00fcl\u00e9s \u00e9s a rep\u00fcl\u0151g\u00e9pes nyakt\u00f6r\u0151 mutatv\u00e1ny, mely sor\u00e1n a kellet\u00e9n\u00e9l egy kicsit tov\u00e1bb lehet\u00fcnk szemtan\u00fai annak, f\u0151h\u0151s\u00fcnk hogyan k\u00e9pes felm\u00e1szni egy \u00e9ppen sz\u00e1ll\u00f3 rep\u00fcl\u0151g\u00e9p pil\u00f3ta\u00fcl\u00e9s\u00e9be. Hat\u00e1svad\u00e1szok, de k\u00e9ts\u00e9gk\u00edv\u00fcl a franchise akci\u00f3jeleneteinek dobog\u00f3sai, hiszen ezek n\u00e9lk\u00fcl a k\u00fcldet\u00e9s nem lenne lehetetlen!<\/p>\n\n\n\n<figure class=\"wp-block-gallery has-nested-images columns-default is-cropped wp-block-gallery-1 is-layout-flex wp-block-gallery-is-layout-flex\">\n<figure class=\"wp-block-image size-large\"><img loading=\"lazy\" decoding=\"async\" width=\"1024\" height=\"683\" data-id=\"2607\" src=\"https:\/\/opus-folyoirat.sk\/wp-content\/uploads\/2025\/09\/Mission-Impossible-The-Final-Reckoning-020525-1-ad8bec0545d1480f85a26e64510a1312-1024x683.jpeg\" alt=\"\" class=\"wp-image-2607\" srcset=\"https:\/\/opus-folyoirat.sk\/wp-content\/uploads\/2025\/09\/Mission-Impossible-The-Final-Reckoning-020525-1-ad8bec0545d1480f85a26e64510a1312-1024x683.jpeg 1024w, https:\/\/opus-folyoirat.sk\/wp-content\/uploads\/2025\/09\/Mission-Impossible-The-Final-Reckoning-020525-1-ad8bec0545d1480f85a26e64510a1312-300x200.jpeg 300w, https:\/\/opus-folyoirat.sk\/wp-content\/uploads\/2025\/09\/Mission-Impossible-The-Final-Reckoning-020525-1-ad8bec0545d1480f85a26e64510a1312-768x512.jpeg 768w, https:\/\/opus-folyoirat.sk\/wp-content\/uploads\/2025\/09\/Mission-Impossible-The-Final-Reckoning-020525-1-ad8bec0545d1480f85a26e64510a1312-450x300.jpeg 450w, https:\/\/opus-folyoirat.sk\/wp-content\/uploads\/2025\/09\/Mission-Impossible-The-Final-Reckoning-020525-1-ad8bec0545d1480f85a26e64510a1312.jpeg 1500w\" sizes=\"auto, (max-width: 1024px) 100vw, 1024px\" \/><\/figure>\n\n\n\n<figure class=\"wp-block-image size-large\"><img loading=\"lazy\" decoding=\"async\" width=\"1024\" height=\"576\" data-id=\"2608\" src=\"https:\/\/opus-folyoirat.sk\/wp-content\/uploads\/2025\/09\/TOM-CRUISE_CANNES-2025_MISSION-IMPOSSIBLE-THE-FINAL-RECKONING_-1024x576.jpeg\" alt=\"\" class=\"wp-image-2608\" srcset=\"https:\/\/opus-folyoirat.sk\/wp-content\/uploads\/2025\/09\/TOM-CRUISE_CANNES-2025_MISSION-IMPOSSIBLE-THE-FINAL-RECKONING_-1024x576.jpeg 1024w, https:\/\/opus-folyoirat.sk\/wp-content\/uploads\/2025\/09\/TOM-CRUISE_CANNES-2025_MISSION-IMPOSSIBLE-THE-FINAL-RECKONING_-300x169.jpeg 300w, https:\/\/opus-folyoirat.sk\/wp-content\/uploads\/2025\/09\/TOM-CRUISE_CANNES-2025_MISSION-IMPOSSIBLE-THE-FINAL-RECKONING_-768x432.jpeg 768w, https:\/\/opus-folyoirat.sk\/wp-content\/uploads\/2025\/09\/TOM-CRUISE_CANNES-2025_MISSION-IMPOSSIBLE-THE-FINAL-RECKONING_-500x281.jpeg 500w, https:\/\/opus-folyoirat.sk\/wp-content\/uploads\/2025\/09\/TOM-CRUISE_CANNES-2025_MISSION-IMPOSSIBLE-THE-FINAL-RECKONING_.jpeg 1440w\" sizes=\"auto, (max-width: 1024px) 100vw, 1024px\" \/><\/figure>\n\n\n\n<figure class=\"wp-block-image size-large\"><img loading=\"lazy\" decoding=\"async\" width=\"1024\" height=\"576\" data-id=\"2609\" src=\"https:\/\/opus-folyoirat.sk\/wp-content\/uploads\/2025\/09\/urpx6TkhjKRrDgFfMCVg2f-1024x576.jpeg\" alt=\"\" class=\"wp-image-2609\" srcset=\"https:\/\/opus-folyoirat.sk\/wp-content\/uploads\/2025\/09\/urpx6TkhjKRrDgFfMCVg2f-1024x576.jpeg 1024w, https:\/\/opus-folyoirat.sk\/wp-content\/uploads\/2025\/09\/urpx6TkhjKRrDgFfMCVg2f-300x169.jpeg 300w, https:\/\/opus-folyoirat.sk\/wp-content\/uploads\/2025\/09\/urpx6TkhjKRrDgFfMCVg2f-768x432.jpeg 768w, https:\/\/opus-folyoirat.sk\/wp-content\/uploads\/2025\/09\/urpx6TkhjKRrDgFfMCVg2f-1536x864.jpeg 1536w, https:\/\/opus-folyoirat.sk\/wp-content\/uploads\/2025\/09\/urpx6TkhjKRrDgFfMCVg2f-500x281.jpeg 500w, https:\/\/opus-folyoirat.sk\/wp-content\/uploads\/2025\/09\/urpx6TkhjKRrDgFfMCVg2f.jpeg 1920w\" sizes=\"auto, (max-width: 1024px) 100vw, 1024px\" \/><\/figure>\n<\/figure>\n\n\n\n<p>N\u00e9h\u00e1ny negat\u00edvum elhangzott ugyan, de semmi sem megy a film \u00e9lvezhet\u0151s\u00e9g\u00e9nek k\u00e1r\u00e1ra, kell\u0151k\u00e9ppen nosztalgikus, \u00e9lettel \u00e9s fesz\u00fclts\u00e9ggel teli, izgalmas alkot\u00e1s, az elv\u00e1r\u00e1soknak megfelelve l\u00e1tv\u00e1nyos, akci\u00f3d\u00fas, humorral f\u0171szerezett. Visszarep\u00edtik a n\u00e9z\u0151t eg\u00e9szen a kezdetekhez felvillantva az eddig l\u00e1tott r\u00e9szek legeml\u00e9kezetesebb pillanatait a m\u00faltid\u00e9z\u00e9s j\u00f3les\u0151 \u00e9rz\u00e9s\u00e9t keltve, mintha csak egy f\u00e9nyk\u00e9palbumot lapozgatna.<\/p>\n\n\n\n<figure class=\"wp-block-gallery has-nested-images columns-default is-cropped wp-block-gallery-2 is-layout-flex wp-block-gallery-is-layout-flex\">\n<figure class=\"wp-block-image size-large\"><img loading=\"lazy\" decoding=\"async\" width=\"1024\" height=\"576\" data-id=\"2611\" src=\"https:\/\/opus-folyoirat.sk\/wp-content\/uploads\/2025\/09\/EsarKKTRbyTekRkSU73yye-1024x576.jpeg\" alt=\"\" class=\"wp-image-2611\" srcset=\"https:\/\/opus-folyoirat.sk\/wp-content\/uploads\/2025\/09\/EsarKKTRbyTekRkSU73yye-1024x576.jpeg 1024w, https:\/\/opus-folyoirat.sk\/wp-content\/uploads\/2025\/09\/EsarKKTRbyTekRkSU73yye-300x169.jpeg 300w, https:\/\/opus-folyoirat.sk\/wp-content\/uploads\/2025\/09\/EsarKKTRbyTekRkSU73yye-768x432.jpeg 768w, https:\/\/opus-folyoirat.sk\/wp-content\/uploads\/2025\/09\/EsarKKTRbyTekRkSU73yye-1536x864.jpeg 1536w, https:\/\/opus-folyoirat.sk\/wp-content\/uploads\/2025\/09\/EsarKKTRbyTekRkSU73yye-2048x1152.jpeg 2048w, https:\/\/opus-folyoirat.sk\/wp-content\/uploads\/2025\/09\/EsarKKTRbyTekRkSU73yye-500x281.jpeg 500w\" sizes=\"auto, (max-width: 1024px) 100vw, 1024px\" \/><\/figure>\n\n\n\n<figure class=\"wp-block-image size-large\"><img loading=\"lazy\" decoding=\"async\" width=\"300\" height=\"168\" data-id=\"2610\" src=\"https:\/\/opus-folyoirat.sk\/wp-content\/uploads\/2025\/09\/images.jpeg\" alt=\"\" class=\"wp-image-2610\"\/><\/figure>\n<\/figure>\n\n\n\n<p>A lek\u00f6sz\u00f6n\u0151 csapat t\u00f6rt\u00e9net\u00e9r\u0151l \u00f6sszess\u00e9g\u00e9ben v\u00e9gs\u0151 konkl\u00fazi\u00f3t mondani nem egyszer\u0171, ugyanis sok m\u00e1s kor\u00e1bbi kasszasikerhez hasonl\u00f3an ezt a filmet is az el\u0151dj\u00e9vel kar\u00f6ltve \u00e9rdemes v\u00e9lem\u00e9nyezni. Tal\u00e1n egy n\u00e9mik\u00e9pp r\u00f6videbb v\u00e9gs\u0151 v\u00e1ltozat k\u00f6z\u00f6ns\u00e9gbar\u00e1tabb d\u00f6nt\u00e9s lett volna, de ez m\u00e1r csak szem\u00e9lyes v\u00e9lem\u00e9ny \u00e9s r\u00e9szletk\u00e9rd\u00e9s. Annyi biztos, hogy Tom Cruise 62 \u00e9vesen is legy\u0151zhetetlen, \u00e9s ez a Mission: Impossible-filmeknek k\u00f6sz\u00f6nhet\u0151en \u00f6r\u00f6kre \u00edgy is marad.<\/p>\n\n\n\n<figure class=\"wp-block-embed is-type-video is-provider-youtube wp-block-embed-youtube wp-embed-aspect-16-9 wp-has-aspect-ratio\"><div class=\"wp-block-embed__wrapper\">\n<iframe loading=\"lazy\" title=\"Mission: Impossible \u2013 A v\u00e9gs\u0151 lesz\u00e1mol\u00e1s \u2013 \u00daj, szinkronos el\u0151zetes (16E)\" width=\"584\" height=\"329\" src=\"https:\/\/www.youtube.com\/embed\/_EqWEQz3zUU?feature=oembed\" frameborder=\"0\" allow=\"accelerometer; autoplay; clipboard-write; encrypted-media; gyroscope; picture-in-picture; web-share\" referrerpolicy=\"strict-origin-when-cross-origin\" allowfullscreen><\/iframe>\n<\/div><\/figure>\n\n\n\n<div class=\"wp-block-group is-vertical is-layout-flex wp-container-core-group-is-layout-8cf370e7 wp-block-group-is-layout-flex\">\n<p>Forr\u00e1sok:<\/p>\n\n\n\n<div class=\"wp-block-group is-vertical is-layout-flex wp-container-core-group-is-layout-8cf370e7 wp-block-group-is-layout-flex\">\n<p><a href=\"https:\/\/port.hu\/cikk\/mozi\/soha-nem-latott-viz-alatti-akciojelenetet-iger-tom-cruise\/article-111901\">https:\/\/port.hu\/cikk\/mozi\/soha-nem-latott-viz-alatti-akciojelenetet-iger-tom-cruise\/article-111901<\/a><\/p>\n\n\n\n<p><a href=\"https:\/\/tozsdeforum.hu\/extra\/tom-cruise-repulogep-szarnyara-szallt-julianne-moore-demonna-valtozik-itt-a-heti-mozi-es-streaming-ajanlo\">https:\/\/tozsdeforum.hu\/extra\/tom-cruise-repulogep-szarnyara-szallt-julianne-moore-demonna-valtozik-itt-a-heti-mozi-es-streaming-ajanlo<\/a><\/p>\n\n\n\n<p><a href=\"https:\/\/www.theguardian.com\/film\/2025\/may\/14\/mission-impossible-the-final-reckoning-review-tom-cruise-wildly-entertaining-adventure\">https:\/\/www.theguardian.com\/film\/2025\/may\/14\/mission-impossible-the-final-reckoning-review-tom-cruise-wildly-entertaining-adventure<\/a><\/p>\n<\/div>\n<\/div>\n\n\n\n<p class=\"has-text-align-right\"><em>Fekete T\u00fcnde<\/em><\/p>\n\n\n\n<p><\/p>\n\n\n\n<p><\/p>\n","protected":false},"excerpt":{"rendered":"<p>A Mission: Impossible \u2013 A v\u00e9gs\u0151 lesz\u00e1mol\u00e1s kritik\u00e1ja K\u00f6zel h\u00e1rom \u00e9vtizede annak, hogy megismerkedt\u00fcnk a legend\u00e1s titkos\u00fcgyn\u00f6k, Ethan Hunt k\u00fcl\u00f6nleges k\u00e9pess\u00e9geivel. Eddig h\u00e9t kultikus film, h\u00e9t vil\u00e1gmegment\u00e9s, \u00e9s tudtuk, hogy m\u00e9g messze nincs v\u00e9ge, elv\u00e9gre a meg\u00e1ll\u00edthatatlan szuperkatona nem karossz\u00e9kbe &hellip; <a href=\"https:\/\/opus-folyoirat.sk\/?page_id=2603\">Egy kattint\u00e1s ide a folytat\u00e1shoz&#8230;. <span class=\"meta-nav\">&rarr;<\/span><\/a><\/p>\n","protected":false},"author":4,"featured_media":0,"parent":0,"menu_order":0,"comment_status":"closed","ping_status":"closed","template":"","meta":{"footnotes":""},"class_list":["post-2603","page","type-page","status-publish","hentry"],"_links":{"self":[{"href":"https:\/\/opus-folyoirat.sk\/index.php?rest_route=\/wp\/v2\/pages\/2603","targetHints":{"allow":["GET"]}}],"collection":[{"href":"https:\/\/opus-folyoirat.sk\/index.php?rest_route=\/wp\/v2\/pages"}],"about":[{"href":"https:\/\/opus-folyoirat.sk\/index.php?rest_route=\/wp\/v2\/types\/page"}],"author":[{"embeddable":true,"href":"https:\/\/opus-folyoirat.sk\/index.php?rest_route=\/wp\/v2\/users\/4"}],"replies":[{"embeddable":true,"href":"https:\/\/opus-folyoirat.sk\/index.php?rest_route=%2Fwp%2Fv2%2Fcomments&post=2603"}],"version-history":[{"count":5,"href":"https:\/\/opus-folyoirat.sk\/index.php?rest_route=\/wp\/v2\/pages\/2603\/revisions"}],"predecessor-version":[{"id":3116,"href":"https:\/\/opus-folyoirat.sk\/index.php?rest_route=\/wp\/v2\/pages\/2603\/revisions\/3116"}],"wp:attachment":[{"href":"https:\/\/opus-folyoirat.sk\/index.php?rest_route=%2Fwp%2Fv2%2Fmedia&parent=2603"}],"curies":[{"name":"wp","href":"https:\/\/api.w.org\/{rel}","templated":true}]}}