{"id":2802,"date":"2025-10-25T23:27:57","date_gmt":"2025-10-25T21:27:57","guid":{"rendered":"https:\/\/opus-folyoirat.sk\/?page_id=2802"},"modified":"2025-10-26T08:47:12","modified_gmt":"2025-10-26T06:47:12","slug":"elismeresek-es-vastaps-az-irofesztivalon","status":"publish","type":"page","link":"https:\/\/opus-folyoirat.sk\/?page_id=2802","title":{"rendered":"Elismer\u00e9sek \u00e9s vastaps az \u00edr\u00f3fesztiv\u00e1lon"},"content":{"rendered":"\n<p><strong>A Szlov\u00e1kiai Magyar \u00cdr\u00f3k T\u00e1rsas\u00e1ga szervez\u00e9s\u00e9ben a XX. \u0150szi \u00cdr\u00f3fesztiv\u00e1lon \u00fcnnep\u00e9lyes keretek k\u00f6z\u00f6tt \u00e1tad\u00e1sra ker\u00fclt az Arany Opus D\u00edj mindk\u00e9t kateg\u00f3ri\u00e1ban, a Forb\u00e1th- \u00e9s Turczel-d\u00edj.&nbsp;<\/strong><\/p>\n\n\n\n<p>Huszadik alkalommal \u00edrta ki a&nbsp;T\u00e1rsas\u00e1g az Arany&nbsp;Opus D\u00edj p\u00e1ly\u00e1zatot. A p\u00e1lyam\u0171veket id\u00e9n Hodossy Gyula&nbsp;J\u00f3zsef Attila-d\u00edjas k\u00f6lt\u0151, a SZM\u00cdT eln\u00f6ke, T\u00f3th L\u00e1szl\u00f3 J\u00f3zsef Attila-d\u00edjas k\u00f6lt\u0151, \u00edr\u00f3, az MMA rendes tagja \u00e9s K\u00f6vesdi K\u00e1roly Forb\u00e1th-d\u00edjas k\u00f6lt\u0151, szerkeszt\u0151 \u00e9rt\u00e9kelt\u00e9k. A&nbsp;d\u00edjjal egy\u00fctt j\u00e1r a&nbsp;p\u00e9nzjutalom \u00e9s oklev\u00e9l mellett mindk\u00e9t kateg\u00f3ri\u00e1ban egy k\u00e9pz\u0151m\u0171v\u00e9szeti alkot\u00e1s \u2013 ebben az \u00e9vben Ferdics B\u00e9la grafikusm\u0171v\u00e9sz nagylelk\u0171 felaj\u00e1nl\u00e1s\u00e1t vehett\u00e9k \u00e1t a&nbsp;d\u00edjazottak.&nbsp;<\/p>\n\n\n\n<div class=\"wp-block-group is-nowrap is-layout-flex wp-container-core-group-is-layout-ad2f72ca wp-block-group-is-layout-flex\">\n<p>T\u00f3th L\u00e1szl\u00f3 \u00e9rt\u00e9kel\u00e9s\u00e9ben elmondta, hogy \u201eFelt\u00e9tlen\u00fcl meg kell jegyeznem\/jegyezn\u00fcnk, hogy nyelv\u00fcnk, nyelvhaszn\u00e1latunk \u00e1ltal\u00e1nos, l\u00e9pten-nyomon tapasztalhat\u00f3 roml\u00e1s\u00e1val p\u00e1rhuzamosan az idei p\u00e1ly\u00e1zatunkra be\u00e9rkezett p\u00e1lyamunk\u00e1k nyelvi-stil\u00e1ris sz\u00ednvonala is nyelv\u00fcnk, nyelvhaszn\u00e1latunk eml\u00edtett elbizonytalanod\u00e1s\u00e1t t\u00fckr\u00f6zik. Ugyanis mind\u00f6ssze k\u00e9t olyan p\u00e1lyamunk\u00e1t tal\u00e1ltunk a be\u00e9rkezettek k\u00f6z\u00f6tt \u2013 egyet a vers \u00e9s egyet a pr\u00f3za kateg\u00f3ri\u00e1ban, amelyeket e szempontb\u00f3l (is) kifog\u00e1stalannak mondhatunk. Igaz, a t\u00f6bbiek, azaz a k\u00f6z\u00f6lhet\u0151s\u00e9g szintj\u00e9t el\u00e9r\u0151k k\u00f6zt is akad \u2013 mindk\u00e9t kateg\u00f3ri\u00e1ban \u2013 n\u00e9h\u00e1ny, amely enyh\u00e9bb szerkeszt\u0151i beavatkoz\u00e1sokkal nyelvileg is tiszt\u00e1ba tehet\u0151k, s \u00edgy e tekintetben sem vetnek majd \u00e1rny\u00e9kot szerz\u0151ik sz\u00e1nd\u00e9kaira, valamint \u00edr\u00e1sk\u00e9szs\u00e9g\u00e9re.\u201d&nbsp; &nbsp; &nbsp;<\/p>\n<\/div>\n\n\n\n<p><\/p>\n\n\n\n<figure class=\"wp-block-gallery has-nested-images columns-default is-cropped wp-block-gallery-1 is-layout-flex wp-block-gallery-is-layout-flex\">\n<figure class=\"wp-block-image size-large\"><img loading=\"lazy\" decoding=\"async\" width=\"771\" height=\"1024\" data-id=\"2813\" src=\"https:\/\/opus-folyoirat.sk\/wp-content\/uploads\/2025\/10\/2f0c778b-c6ef-496b-b440-5f63e082d732-1-771x1024.jpeg\" alt=\"\" class=\"wp-image-2813\" srcset=\"https:\/\/opus-folyoirat.sk\/wp-content\/uploads\/2025\/10\/2f0c778b-c6ef-496b-b440-5f63e082d732-1-771x1024.jpeg 771w, https:\/\/opus-folyoirat.sk\/wp-content\/uploads\/2025\/10\/2f0c778b-c6ef-496b-b440-5f63e082d732-1-226x300.jpeg 226w, https:\/\/opus-folyoirat.sk\/wp-content\/uploads\/2025\/10\/2f0c778b-c6ef-496b-b440-5f63e082d732-1-768x1020.jpeg 768w, https:\/\/opus-folyoirat.sk\/wp-content\/uploads\/2025\/10\/2f0c778b-c6ef-496b-b440-5f63e082d732-1-1157x1536.jpeg 1157w, https:\/\/opus-folyoirat.sk\/wp-content\/uploads\/2025\/10\/2f0c778b-c6ef-496b-b440-5f63e082d732-1-1542x2048.jpeg 1542w, https:\/\/opus-folyoirat.sk\/wp-content\/uploads\/2025\/10\/2f0c778b-c6ef-496b-b440-5f63e082d732-1.jpeg 1928w\" sizes=\"auto, (max-width: 771px) 100vw, 771px\" \/><\/figure>\n\n\n\n<figure class=\"wp-block-image size-large\"><img loading=\"lazy\" decoding=\"async\" width=\"771\" height=\"1024\" data-id=\"2814\" src=\"https:\/\/opus-folyoirat.sk\/wp-content\/uploads\/2025\/10\/e06e4e58-fb31-419f-88f5-1c8266053155-1-771x1024.jpeg\" alt=\"\" class=\"wp-image-2814\" srcset=\"https:\/\/opus-folyoirat.sk\/wp-content\/uploads\/2025\/10\/e06e4e58-fb31-419f-88f5-1c8266053155-1-771x1024.jpeg 771w, https:\/\/opus-folyoirat.sk\/wp-content\/uploads\/2025\/10\/e06e4e58-fb31-419f-88f5-1c8266053155-1-226x300.jpeg 226w, https:\/\/opus-folyoirat.sk\/wp-content\/uploads\/2025\/10\/e06e4e58-fb31-419f-88f5-1c8266053155-1-768x1020.jpeg 768w, https:\/\/opus-folyoirat.sk\/wp-content\/uploads\/2025\/10\/e06e4e58-fb31-419f-88f5-1c8266053155-1-1157x1536.jpeg 1157w, https:\/\/opus-folyoirat.sk\/wp-content\/uploads\/2025\/10\/e06e4e58-fb31-419f-88f5-1c8266053155-1-1542x2048.jpeg 1542w, https:\/\/opus-folyoirat.sk\/wp-content\/uploads\/2025\/10\/e06e4e58-fb31-419f-88f5-1c8266053155-1.jpeg 1626w\" sizes=\"auto, (max-width: 771px) 100vw, 771px\" \/><\/figure>\n<\/figure>\n\n\n\n<p>K\u00f6vesdi K\u00e1roly \u00e9rt\u00e9kel\u00e9s\u00e9ben kit\u00e9rt arra, hogy nem volt k\u00f6nny\u0171 helyzetben a b\u00edr\u00e1l\u00f3bizotts\u00e1g, hiszen az elt\u00e9r\u0151 v\u00e9lem\u00e9nyek dac\u00e1ra, amelyek tal\u00e1n csak \u00e1rnyalatnyi min\u0151s\u00e9gbeli kileng\u00e9st mutattak, legal\u00e1bb 3-4 elbesz\u00e9l\u00e9s is meg\u00e9rdemelte volna a legjobbnak vagy ahhoz k\u00f6zel j\u00e1r\u00f3 d\u00edjat. \u201eHogy k\u00f6z\u00fcl\u00fck m\u00e9gis a Sz\u00e9tt\u00e9pett r\u00f3zsaszirmok c\u00edm\u0171, P\u00f3da Erzs\u00e9bet \u00e1ltal \u00edrt elbesz\u00e9l\u00e9sre esett a v\u00e1laszt\u00e1sunk, az\u00e9rt lehet, mert ez a novella valamennyi k\u00f6z\u00fcl nyelvileg a legletisztultabb, formailag a legkerekebb t\u00f6rt\u00e9net. A Koncsol L\u00e1szl\u00f3 Kacsa, kacsa boszork\u00e1ny vagy! c\u00edm\u0171, csall\u00f3k\u00f6zi boszork\u00e1nyperek \u00e1ltal ihletett t\u00f6rt\u00e9net is azt bizony\u00edtja, mennyire k\u00e9pes megterm\u00e9keny\u00edteni a lev\u00e9lt\u00e1ri faktogr\u00e1fia az \u00edr\u00f3i fant\u00e1zi\u00e1t. T\u00f6bbek k\u00f6zt ez\u00e9rt is keltette fel a figyelm\u00fcnket a nem mindennapi, k\u00fcl\u00f6n\u00f6s t\u00e9ma, amilyenre a Felvid\u00e9ken tal\u00e1n csak Kov\u00e1cs Magda pr\u00f3z\u00e1j\u00e1ban tal\u00e1lunk rokoni sz\u00e1lakra. A pr\u00f3zai p\u00e1lyam\u0171vek k\u00f6z\u00fcl ez\u00e9rt is emelkedett ki \u2013 sportnyelven sz\u00f3lva \u2013 egy f\u00e9l karhossznyival.\u201d Kiemelte a Hogya Gy\u00f6rgy \u00e1ltal bek\u00fcld\u00f6tt Megvil\u00e1gosod\u00e1sunkr\u00f3l c\u00edm\u0171 elbesz\u00e9l\u00e9st, Kiss B\u00e1lint B\u00e9la Metron\u00f3mj\u00e1t, az \u00d3per mel\u00f3 c\u00edm\u0171 elbesz\u00e9l\u00e9s szerz\u0151j\u00e9t, Morva M\u00e1ty\u00e1st, de dics\u00e9retet \u00e9rdemelt F\u00fcssy Rafael A hallgat\u00e1s algoritmusa c\u00edm\u0171 elbesz\u00e9l\u00e9se, vagy Seres R\u00f3bertt\u0151l a Lez\u00e1r\u00e1s c\u00edm\u0171 reg\u00e9nyr\u00e9szlet is.&nbsp;<\/p>\n\n\n\n<p>A k\u00f6lt\u00e9szeti kateg\u00f3ri\u00e1ban K\u00f6vesdi szerint l\u00e9nyegesen k\u00f6nnyebb volt a zs\u0171ri dolga: \u201eZ. N\u00e9met Istv\u00e1n k\u00f6ltem\u00e9ny\u00e9r\u0151l, a T\u00e9rugr\u00e1sr\u00f3l els\u0151 olvasatban is kider\u00fcl, hogy befutott k\u00f6lt\u0151 \u00edrta, aki mestere a l\u00edrai form\u00e1knak; b\u00e1r engedtess\u00e9k meg egy kis fricska: Z. N\u00e9met \u00edrt m\u00e1r enn\u00e9l ki\u00e9rleltebb sorokat is. Maga a vers tal\u00e1n Z. N\u00e9mett\u0151l kiss\u00e9 meglep\u0151, egyfajta erk\u00f6lcsi vitairatk\u00e9nt is \u00e9rtelmezhet\u0151, szerencs\u00e9re nem klapanci\u00e1kkal, de sok ir\u00f3ni\u00e1val \u00e9s humoros k\u00e9ppel megt\u0171zdelve, ami k\u00fcl\u00f6nleges fesz\u00fclts\u00e9get ad a versnek. Lehet, hogy a k\u00f6lt\u0151 j\u00e1tszik vel\u00fcnk, gondoltam olvas\u00e1s k\u00f6zben, de az is lehet, hogy \u00faj dimenzi\u00f3kkal k\u00edv\u00e1nja meglepni a gyan\u00fatlan olvas\u00f3t (b\u00e1r ez eddig sem volt idegen t\u0151le). A 95 sor, mint az alc\u00edm jelzi, Szeber\u00e9nyi Zolt\u00e1n kilencven\u00f6t \u00e9v\u00e9nek k\u00f6sz\u00f6nt\u00e9se szolg\u00e1ltatott aprop\u00f3t. Formai szempontb\u00f3l tiszta szabadversr\u0151l van sz\u00f3.\u201d K\u00fcl\u00f6n\u00f6sen j\u00f3 p\u00e1lyamunk\u00e1nak tartja Fellinger K\u00e1roly k\u00f6ltem\u00e9ny\u00e9t, melyet Mittel \u00far jelig\u00e9vel k\u00fcld\u00f6tt be.&nbsp;<\/p>\n\n\n\n<figure class=\"wp-block-gallery has-nested-images columns-default is-cropped wp-block-gallery-2 is-layout-flex wp-block-gallery-is-layout-flex\">\n<figure class=\"wp-block-image size-large\"><img loading=\"lazy\" decoding=\"async\" width=\"1024\" height=\"771\" data-id=\"2806\" src=\"https:\/\/opus-folyoirat.sk\/wp-content\/uploads\/2025\/10\/95d5a4ce-e601-40e2-a5af-f1f7a963ae03-1024x771.jpeg\" alt=\"\" class=\"wp-image-2806\" srcset=\"https:\/\/opus-folyoirat.sk\/wp-content\/uploads\/2025\/10\/95d5a4ce-e601-40e2-a5af-f1f7a963ae03-1024x771.jpeg 1024w, https:\/\/opus-folyoirat.sk\/wp-content\/uploads\/2025\/10\/95d5a4ce-e601-40e2-a5af-f1f7a963ae03-300x226.jpeg 300w, https:\/\/opus-folyoirat.sk\/wp-content\/uploads\/2025\/10\/95d5a4ce-e601-40e2-a5af-f1f7a963ae03-768x578.jpeg 768w, https:\/\/opus-folyoirat.sk\/wp-content\/uploads\/2025\/10\/95d5a4ce-e601-40e2-a5af-f1f7a963ae03-1536x1156.jpeg 1536w, https:\/\/opus-folyoirat.sk\/wp-content\/uploads\/2025\/10\/95d5a4ce-e601-40e2-a5af-f1f7a963ae03-2048x1542.jpeg 2048w, https:\/\/opus-folyoirat.sk\/wp-content\/uploads\/2025\/10\/95d5a4ce-e601-40e2-a5af-f1f7a963ae03-399x300.jpeg 399w\" sizes=\"auto, (max-width: 1024px) 100vw, 1024px\" \/><\/figure>\n<\/figure>\n\n\n\n<figure class=\"wp-block-gallery has-nested-images columns-3 wp-block-gallery-3 is-layout-flex wp-block-gallery-is-layout-flex\">\n<figure class=\"wp-block-image size-large\"><img loading=\"lazy\" decoding=\"async\" width=\"771\" height=\"1024\" data-id=\"2805\" src=\"https:\/\/opus-folyoirat.sk\/wp-content\/uploads\/2025\/10\/6df95688-2ea7-4527-958d-6aa0aeed7287-771x1024.jpeg\" alt=\"\" class=\"wp-image-2805\" srcset=\"https:\/\/opus-folyoirat.sk\/wp-content\/uploads\/2025\/10\/6df95688-2ea7-4527-958d-6aa0aeed7287-771x1024.jpeg 771w, https:\/\/opus-folyoirat.sk\/wp-content\/uploads\/2025\/10\/6df95688-2ea7-4527-958d-6aa0aeed7287-226x300.jpeg 226w, https:\/\/opus-folyoirat.sk\/wp-content\/uploads\/2025\/10\/6df95688-2ea7-4527-958d-6aa0aeed7287-768x1020.jpeg 768w, https:\/\/opus-folyoirat.sk\/wp-content\/uploads\/2025\/10\/6df95688-2ea7-4527-958d-6aa0aeed7287-1157x1536.jpeg 1157w, https:\/\/opus-folyoirat.sk\/wp-content\/uploads\/2025\/10\/6df95688-2ea7-4527-958d-6aa0aeed7287-1542x2048.jpeg 1542w, https:\/\/opus-folyoirat.sk\/wp-content\/uploads\/2025\/10\/6df95688-2ea7-4527-958d-6aa0aeed7287.jpeg 1626w\" sizes=\"auto, (max-width: 771px) 100vw, 771px\" \/><\/figure>\n\n\n\n<figure class=\"wp-block-image size-large\"><img loading=\"lazy\" decoding=\"async\" width=\"771\" height=\"1024\" data-id=\"2808\" src=\"https:\/\/opus-folyoirat.sk\/wp-content\/uploads\/2025\/10\/90304f61-547a-4d97-a703-6d20cc7650d1-771x1024.jpeg\" alt=\"\" class=\"wp-image-2808\" srcset=\"https:\/\/opus-folyoirat.sk\/wp-content\/uploads\/2025\/10\/90304f61-547a-4d97-a703-6d20cc7650d1-771x1024.jpeg 771w, https:\/\/opus-folyoirat.sk\/wp-content\/uploads\/2025\/10\/90304f61-547a-4d97-a703-6d20cc7650d1-226x300.jpeg 226w, https:\/\/opus-folyoirat.sk\/wp-content\/uploads\/2025\/10\/90304f61-547a-4d97-a703-6d20cc7650d1-768x1020.jpeg 768w, https:\/\/opus-folyoirat.sk\/wp-content\/uploads\/2025\/10\/90304f61-547a-4d97-a703-6d20cc7650d1-1157x1536.jpeg 1157w, https:\/\/opus-folyoirat.sk\/wp-content\/uploads\/2025\/10\/90304f61-547a-4d97-a703-6d20cc7650d1-1542x2048.jpeg 1542w, https:\/\/opus-folyoirat.sk\/wp-content\/uploads\/2025\/10\/90304f61-547a-4d97-a703-6d20cc7650d1.jpeg 1928w\" sizes=\"auto, (max-width: 771px) 100vw, 771px\" \/><\/figure>\n\n\n\n<figure class=\"wp-block-image size-large\"><img loading=\"lazy\" decoding=\"async\" width=\"771\" height=\"1024\" data-id=\"2822\" src=\"https:\/\/opus-folyoirat.sk\/wp-content\/uploads\/2025\/10\/att.Yv7tmtYJyzf3TsuK0Cy6SJWDVI1Zh6yWDUFWPX5VQQk-771x1024.jpeg\" alt=\"\" class=\"wp-image-2822\" srcset=\"https:\/\/opus-folyoirat.sk\/wp-content\/uploads\/2025\/10\/att.Yv7tmtYJyzf3TsuK0Cy6SJWDVI1Zh6yWDUFWPX5VQQk-771x1024.jpeg 771w, https:\/\/opus-folyoirat.sk\/wp-content\/uploads\/2025\/10\/att.Yv7tmtYJyzf3TsuK0Cy6SJWDVI1Zh6yWDUFWPX5VQQk-226x300.jpeg 226w, https:\/\/opus-folyoirat.sk\/wp-content\/uploads\/2025\/10\/att.Yv7tmtYJyzf3TsuK0Cy6SJWDVI1Zh6yWDUFWPX5VQQk-768x1020.jpeg 768w, https:\/\/opus-folyoirat.sk\/wp-content\/uploads\/2025\/10\/att.Yv7tmtYJyzf3TsuK0Cy6SJWDVI1Zh6yWDUFWPX5VQQk-1157x1536.jpeg 1157w, https:\/\/opus-folyoirat.sk\/wp-content\/uploads\/2025\/10\/att.Yv7tmtYJyzf3TsuK0Cy6SJWDVI1Zh6yWDUFWPX5VQQk-1542x2048.jpeg 1542w, https:\/\/opus-folyoirat.sk\/wp-content\/uploads\/2025\/10\/att.Yv7tmtYJyzf3TsuK0Cy6SJWDVI1Zh6yWDUFWPX5VQQk.jpeg 1626w\" sizes=\"auto, (max-width: 771px) 100vw, 771px\" \/><\/figure>\n\n\n\n<figure class=\"wp-block-image size-large\"><img loading=\"lazy\" decoding=\"async\" width=\"771\" height=\"1024\" data-id=\"2807\" src=\"https:\/\/opus-folyoirat.sk\/wp-content\/uploads\/2025\/10\/a3ab9d36-1ab0-41f9-ae59-7a3793f13f25-771x1024.jpeg\" alt=\"\" class=\"wp-image-2807\" srcset=\"https:\/\/opus-folyoirat.sk\/wp-content\/uploads\/2025\/10\/a3ab9d36-1ab0-41f9-ae59-7a3793f13f25-771x1024.jpeg 771w, https:\/\/opus-folyoirat.sk\/wp-content\/uploads\/2025\/10\/a3ab9d36-1ab0-41f9-ae59-7a3793f13f25-226x300.jpeg 226w, https:\/\/opus-folyoirat.sk\/wp-content\/uploads\/2025\/10\/a3ab9d36-1ab0-41f9-ae59-7a3793f13f25-768x1020.jpeg 768w, https:\/\/opus-folyoirat.sk\/wp-content\/uploads\/2025\/10\/a3ab9d36-1ab0-41f9-ae59-7a3793f13f25-1157x1536.jpeg 1157w, https:\/\/opus-folyoirat.sk\/wp-content\/uploads\/2025\/10\/a3ab9d36-1ab0-41f9-ae59-7a3793f13f25-1542x2048.jpeg 1542w, https:\/\/opus-folyoirat.sk\/wp-content\/uploads\/2025\/10\/a3ab9d36-1ab0-41f9-ae59-7a3793f13f25.jpeg 1626w\" sizes=\"auto, (max-width: 771px) 100vw, 771px\" \/><\/figure>\n<\/figure>\n\n\n\n<p>A d\u00edjakat Hodossy Gyula adta \u00e1t P\u00f3da Erzs\u00e9betnek \u00e9s Z. N\u00e9meth Istv\u00e1nnak, ahogy a m\u00e1sik k\u00e9t d\u00edjazottnak is. &nbsp;<\/p>\n\n\n\n<p>A csehszlov\u00e1kiai magyar l\u00edra egyik legsaj\u00e1ts\u00e1gosabb k\u00e9pvisel\u0151je Forb\u00e1th Imre, a huszadik sz\u00e1zad elej\u00e9n felt\u0171n\u0151 modernista k\u00f6lt\u0151i ir\u00e1nyok legf\u0151bb k\u00e9pvisel\u0151je a csehszlov\u00e1kiai magyar irodalomban. Ebben az \u00e9vben a&nbsp;t\u00e1rsas\u00e1g v\u00e1lasztm\u00e1nya Ravasz J\u00f3zsefnek \u00edt\u00e9lte oda a&nbsp;d\u00edjat a&nbsp;V\u00e1mb\u00e9ry Polg\u00e1ri T\u00e1rsul\u00e1s gondoz\u00e1s\u00e1ban megjelent Mindennapi verskeny\u00e9r c\u00edm\u0171 k\u00f6tet\u00e9\u00e9rt.&nbsp;<\/p>\n\n\n\n<p>Morva M\u00e1ty\u00e1s pr\u00f3za\u00edr\u00f3, a SZM\u00cdT v\u00e1lasztm\u00e1ny\u00e1nak tagja laud\u00e1ci\u00f3j\u00e1ban kifejtette: \u201eRavasz J\u00f3zsef 75. sz\u00fclet\u00e9snapj\u00e1ra megjelent Mindennapi verskeny\u00e9r bevallottan 75 \u00e9v l\u00edrai term\u00e9s\u00e9nek legjav\u00e1t vonultatja fel k\u00e9t alegys\u00e9gben. Az els\u0151ben, melynek c\u00edme A v\u00e1logat\u00e1s megk\u00eds\u00e9rt\u00e9se, \u00e9s amely terjedelm\u00e9t tekintve j\u00f3val r\u00f6videbb, Ravasz korai m\u0171veib\u0151l is kapunk v\u00e1logat\u00e1st. A vez\u00e9rfonal a cig\u00e1nyl\u00e9t versbe\u00f6nt\u00e9s\u00e9n t\u00fal \u2013 bele\u00e9rtve a cig\u00e1nyholokauszt iszonytat\u00f3 \u00e9s plasztikus felid\u00e9z\u00e9s\u00e9t, \u2013 a sz\u00fcl\u0151f\u00f6ldh\u00f6z, a gyermekkori eml\u00e9kekhez, a csal\u00e1dhoz \u00e9s a gy\u00f6kerekhez val\u00f3 ragaszkod\u00e1s. M\u00e1r itt \u00e9rezhet\u0151, hogy a verseken \u00e1t\u00edvel\u0151 l\u00edrai \u00e9n k\u00e9t ellent\u00e9tes v\u00e9glet k\u00f6zt h\u00e1nykol\u00f3dik: az \u00f6r\u00f6k idegen \u00e9s a sz\u00fcl\u0151f\u00f6ld hat\u00e1rtalan szerelmese. A m\u00e1sodik alegys\u00e9g A versl\u00e9tez\u00e9s folyamat\u00e1ban haly\u00f3zva c\u00edmet viseli, \u00e9s ha tartalmilag nem is felt\u00e9tlen\u00fcl, de terjedelmi szempontb\u00f3l ez adja a k\u00f6tet derek\u00e1t. 2018-t\u00f3l kezdve eg\u00e9szen a 2022-es \u00e9v v\u00e9g\u00e9ig tal\u00e1ljuk id\u0151rendi sorrendbe szedve kis h\u00edj\u00e1n k\u00e9tezer nap verskenyer\u00e9t. Ez alapj\u00e1n m\u00e9lt\u00e1n kijelenthet\u0151 az is, hogy nem csak az \u00e1tlagos olvas\u00f3 mindennapi kenyere a vers \u2013 b\u00e1r az volna! \u2013, hanem az alkot\u00f3\u00e9 is.\u201d<\/p>\n\n\n\n<figure class=\"wp-block-gallery has-nested-images columns-default is-cropped wp-block-gallery-4 is-layout-flex wp-block-gallery-is-layout-flex\">\n<figure class=\"wp-block-image size-large\"><img loading=\"lazy\" decoding=\"async\" width=\"771\" height=\"1024\" data-id=\"2809\" src=\"https:\/\/opus-folyoirat.sk\/wp-content\/uploads\/2025\/10\/8668f704-372b-4115-bc50-c4b0ae56409a-771x1024.jpeg\" alt=\"\" class=\"wp-image-2809\" srcset=\"https:\/\/opus-folyoirat.sk\/wp-content\/uploads\/2025\/10\/8668f704-372b-4115-bc50-c4b0ae56409a-771x1024.jpeg 771w, https:\/\/opus-folyoirat.sk\/wp-content\/uploads\/2025\/10\/8668f704-372b-4115-bc50-c4b0ae56409a-226x300.jpeg 226w, https:\/\/opus-folyoirat.sk\/wp-content\/uploads\/2025\/10\/8668f704-372b-4115-bc50-c4b0ae56409a-768x1020.jpeg 768w, https:\/\/opus-folyoirat.sk\/wp-content\/uploads\/2025\/10\/8668f704-372b-4115-bc50-c4b0ae56409a-1157x1536.jpeg 1157w, https:\/\/opus-folyoirat.sk\/wp-content\/uploads\/2025\/10\/8668f704-372b-4115-bc50-c4b0ae56409a-1542x2048.jpeg 1542w, https:\/\/opus-folyoirat.sk\/wp-content\/uploads\/2025\/10\/8668f704-372b-4115-bc50-c4b0ae56409a.jpeg 1928w\" sizes=\"auto, (max-width: 771px) 100vw, 771px\" \/><\/figure>\n\n\n\n<figure class=\"wp-block-image size-large\"><img loading=\"lazy\" decoding=\"async\" width=\"771\" height=\"1024\" data-id=\"2810\" src=\"https:\/\/opus-folyoirat.sk\/wp-content\/uploads\/2025\/10\/ef340f10-b06a-49c7-b8e6-0668e5de6898-771x1024.jpeg\" alt=\"\" class=\"wp-image-2810\" srcset=\"https:\/\/opus-folyoirat.sk\/wp-content\/uploads\/2025\/10\/ef340f10-b06a-49c7-b8e6-0668e5de6898-771x1024.jpeg 771w, https:\/\/opus-folyoirat.sk\/wp-content\/uploads\/2025\/10\/ef340f10-b06a-49c7-b8e6-0668e5de6898-226x300.jpeg 226w, https:\/\/opus-folyoirat.sk\/wp-content\/uploads\/2025\/10\/ef340f10-b06a-49c7-b8e6-0668e5de6898-768x1020.jpeg 768w, https:\/\/opus-folyoirat.sk\/wp-content\/uploads\/2025\/10\/ef340f10-b06a-49c7-b8e6-0668e5de6898-1157x1536.jpeg 1157w, https:\/\/opus-folyoirat.sk\/wp-content\/uploads\/2025\/10\/ef340f10-b06a-49c7-b8e6-0668e5de6898-1542x2048.jpeg 1542w, https:\/\/opus-folyoirat.sk\/wp-content\/uploads\/2025\/10\/ef340f10-b06a-49c7-b8e6-0668e5de6898.jpeg 1928w\" sizes=\"auto, (max-width: 771px) 100vw, 771px\" \/><\/figure>\n<\/figure>\n\n\n\n<p>A Turczel Lajos-d\u00edjat 2009-ben alap\u00edtotta a Szlov\u00e1kiai Magyar \u00cdr\u00f3k T\u00e1rsas\u00e1ga az \u00e9venk\u00e9nti legjobb szlov\u00e1kiai magyar tudom\u00e1nyos irodalmi teljes\u00edtm\u00e9ny jutalmaz\u00e1s\u00e1ra. Turczel Lajos (1917\u20132007) irodalomt\u00f6rt\u00e9n\u00e9sz f\u0151k\u00e9nt a csehszlov\u00e1kiai magyar irodalom kutat\u00e1s\u00e1val foglalkozott. P\u00e1lyafut\u00e1sa sor\u00e1n a k\u00e9t vil\u00e1gh\u00e1bor\u00fa k\u00f6z\u00f6tti id\u0151szak csehszlov\u00e1kiai magyar irodalm\u00e1nak \u00e9s kultur\u00e1lis \u00e9let\u00e9nek felt\u00e1r\u00e1s\u00e1ra koncentr\u00e1lt, nagyban hozz\u00e1j\u00e1rult a 20. sz\u00e1zadi szlov\u00e1kiai magyar irodalom \u00e9s kult\u00fara dokument\u00e1l\u00e1s\u00e1hoz \u00e9s meg\u0151rz\u00e9s\u00e9hez. A d\u00edjat 2025-ben B. Kov\u00e1cs Istv\u00e1n g\u00f6m\u00f6rol\u00f3gus vehette \u00e1t Hodossy Gyul\u00e1t\u00f3l.<\/p>\n\n\n\n<p>K\u00f6vesdi K\u00e1roly laud\u00e1ci\u00f3j\u00e1ban arr\u00f3l is besz\u00e9lt, \u201ehogy aki sok mindennel foglalkozik, arra azt szokt\u00e1k mondani, hogy nem lehet el\u00e9g alapos minden \u00e1ltala \u0171z\u00f6tt foglalatoss\u00e1gban, t\u00f6rv\u00e9nyszer\u0171en csak felsz\u00ednes lehet. M\u00e1rpedig Istv\u00e1nra ak\u00e1rmit lehet mondani, csak azt nem, hogy b\u00e1rmit is felk\u00e9sz\u00fclts\u00e9g, alaposs\u00e1g, tud\u00e1s \u00e9s elsz\u00e1nts\u00e1g n\u00e9lk\u00fcl, vagy b\u00e1rmelyiket elhanyagolva m\u0171veln\u00e9, m\u0171velte volna. Ha m\u00e1s nem, kutat\u00e1si eredm\u00e9nyei k\u00e9ts\u00e9get kiz\u00e1r\u00f3an igazolj\u00e1k, hogy t\u00e1jainkon ritka tud\u00e1s\u00fa \u00e9s felk\u00e9sz\u00fclts\u00e9g\u0171 emberr\u0151l besz\u00e9l\u00fcnk. R\u00e9g\u00e9sz, muzeol\u00f3gus, b\u00f6lcs\u00e9sz, aki M\u00e9hiben felt\u00e1rta a k\u00f6z\u00e9p-eur\u00f3pai \u0151skor egyik kulcsfontoss\u00e1g\u00fa lelet\u00e9t, a r\u00e9zkori istentri\u00e1szt, meg\u00e1shatta a saj\u00f3g\u00f6m\u00f6ri isp\u00e1ni v\u00e1rat \u00e9s a rimaszombati v\u00e1rosmagot, gy\u0171jt\u00f6tt baraccai n\u00e9pk\u00f6lt\u00e9szetet, bemutatta G\u00f6m\u00f6r legkev\u00e9sb\u00e9 ismert kist\u00e1j\u00e1t, a V\u00e1ly-v\u00f6lgyet, foglalkozott a pal\u00f3c eredetk\u00e9rd\u00e9ssel, \u00bbrendbe tette\u00ab Rimaszombat t\u00e9vesen haszn\u00e1lt jelk\u00e9peit. S v\u00e9g\u00fcl \u2013 tal\u00e1n az utols\u00f3 pillanatban \u2013 megmentette az elveszettnek hitt magyar h\u0151sepik\u00e1t. S ha mindez kev\u00e9s lenne, k\u00f6nyv\u00e9ben bizony\u00edtja, hogy a magyar m\u0171vel\u0151d\u00e9st\u00f6rt\u00e9net k\u00e9t emblematikus eml\u00e9k\u00e9t, a nagyszentmikl\u00f3si 2. sz\u00e1m\u00fa aranykors\u00f3 jelenetsor\u00e1t \u00e9s a k\u00f6z\u00e9pkori Szent L\u00e1szl\u00f3-legend\u00e1t ez a magyar h\u0151sepika ihlette. De mivel a Szlov\u00e1kiai Magyar \u00cdr\u00f3k T\u00e1rsas\u00e1ga Turczel Lajosr\u00f3l elnevezett d\u00edja mindig az el\u0151z\u0151 \u00e9vi teljes\u00edtm\u00e9nyt hivatott \u00e9rt\u00e9kelni, illetve jutalmazni, legy\u00fcnk konkr\u00e9tak. B. Kov\u00e1cs Istv\u00e1n tavaly megjelent grandi\u00f3zus k\u00f6tete, Az elveszettnek hitt magyar h\u0151seposz c\u00edmet visel\u0151 m\u0171ve term\u00e9szetesen nem egy esztend\u0151 term\u00e9ke, hanem t\u00f6bb \u00e9vtizedes n\u00e9prajzi gy\u0171jt\u00e9s eredm\u00e9nye. A sz\u00e1lak visszany\u00falnak a szerz\u0151 egyetemista \u00e9veire, vagyis k\u00f6zel f\u00e9l \u00e9vsz\u00e1zadra. Akkor gy\u0171jt\u00f6tte fel Istv\u00e1n a mostani k\u00f6tet alapj\u00e1ul szolg\u00e1l\u00f3 anyagot, amelyet el\u0151sz\u00f6r 1998-ban publik\u00e1lt. Akkor m\u0171fajilag h\u0151smesek\u00e9nt mutatta be a rimasz\u00e9csi cig\u00e1nyembert\u0151l, Busa Viktor mes\u00e9l\u0151t\u0151l magn\u00f3ra vett \u00f6t t\u00f6rt\u00e9netet.\u201d<\/p>\n\n\n\n<p>Az \u00fcnnep\u00e9lyes d\u00edj\u00e1tad\u00f3n Bittera Sophie Iman adta el\u0151 Z. N\u00e9meth Istv\u00e1n \u00e9s Ravasz J\u00f3zsef verseit, Nagy Tibor pedig P\u00f3da Erzs\u00e9bet d\u00edjnyertes pr\u00f3z\u00e1j\u00e1nak r\u00e9szlet\u00e9t. Bert\u00f3k Istv\u00e1n Liszt- \u00e9s Harm\u00f3nia-d\u00edjas zongoram\u0171v\u00e9sz ez\u00fattal is elk\u00e1pr\u00e1ztatta el\u0151ad\u00e1s\u00e1val a&nbsp;k\u00f6z\u00f6ns\u00e9get, ahogy az \u00fcnnepi m\u0171sor z\u00e1r\u00e1sak\u00e9nt Hodossy Gyul\u00e1val el\u0151adott k\u00f6z\u00f6s produkci\u00f3val is.<\/p>\n\n\n\n<p class=\"has-text-align-right\"><em>Nagy Erika<\/em><\/p>\n","protected":false},"excerpt":{"rendered":"<p>A Szlov\u00e1kiai Magyar \u00cdr\u00f3k T\u00e1rsas\u00e1ga szervez\u00e9s\u00e9ben a XX. \u0150szi \u00cdr\u00f3fesztiv\u00e1lon \u00fcnnep\u00e9lyes keretek k\u00f6z\u00f6tt \u00e1tad\u00e1sra ker\u00fclt az Arany Opus D\u00edj mindk\u00e9t kateg\u00f3ri\u00e1ban, a Forb\u00e1th- \u00e9s Turczel-d\u00edj.&nbsp; Huszadik alkalommal \u00edrta ki a&nbsp;T\u00e1rsas\u00e1g az Arany&nbsp;Opus D\u00edj p\u00e1ly\u00e1zatot. A p\u00e1lyam\u0171veket id\u00e9n Hodossy Gyula&nbsp;J\u00f3zsef Attila-d\u00edjas &hellip; <a href=\"https:\/\/opus-folyoirat.sk\/?page_id=2802\">Egy kattint\u00e1s ide a folytat\u00e1shoz&#8230;. <span class=\"meta-nav\">&rarr;<\/span><\/a><\/p>\n","protected":false},"author":4,"featured_media":0,"parent":0,"menu_order":0,"comment_status":"closed","ping_status":"closed","template":"","meta":{"footnotes":""},"class_list":["post-2802","page","type-page","status-publish","hentry"],"_links":{"self":[{"href":"https:\/\/opus-folyoirat.sk\/index.php?rest_route=\/wp\/v2\/pages\/2802","targetHints":{"allow":["GET"]}}],"collection":[{"href":"https:\/\/opus-folyoirat.sk\/index.php?rest_route=\/wp\/v2\/pages"}],"about":[{"href":"https:\/\/opus-folyoirat.sk\/index.php?rest_route=\/wp\/v2\/types\/page"}],"author":[{"embeddable":true,"href":"https:\/\/opus-folyoirat.sk\/index.php?rest_route=\/wp\/v2\/users\/4"}],"replies":[{"embeddable":true,"href":"https:\/\/opus-folyoirat.sk\/index.php?rest_route=%2Fwp%2Fv2%2Fcomments&post=2802"}],"version-history":[{"count":7,"href":"https:\/\/opus-folyoirat.sk\/index.php?rest_route=\/wp\/v2\/pages\/2802\/revisions"}],"predecessor-version":[{"id":2824,"href":"https:\/\/opus-folyoirat.sk\/index.php?rest_route=\/wp\/v2\/pages\/2802\/revisions\/2824"}],"wp:attachment":[{"href":"https:\/\/opus-folyoirat.sk\/index.php?rest_route=%2Fwp%2Fv2%2Fmedia&parent=2802"}],"curies":[{"name":"wp","href":"https:\/\/api.w.org\/{rel}","templated":true}]}}