{"id":2838,"date":"2025-10-28T00:49:06","date_gmt":"2025-10-27T22:49:06","guid":{"rendered":"https:\/\/opus-folyoirat.sk\/?page_id=2838"},"modified":"2025-10-28T00:49:06","modified_gmt":"2025-10-27T22:49:06","slug":"a-mult-es-a-jelen-tukreben","status":"publish","type":"page","link":"https:\/\/opus-folyoirat.sk\/?page_id=2838","title":{"rendered":"A m\u00falt \u00e9s a jelen t\u00fckr\u00e9ben"},"content":{"rendered":"<div class=\"wp-block-post-date\"><time datetime=\"2025-10-28T00:49:06+02:00\">2025-10-28<\/time><\/div>\n\n\n<p><\/p>\n\n\n\n<p>Id\u00e9n m\u00e1sodik alkalommal \u00fcnnepelj\u00fck a Felvid\u00e9ki Magyar Irodalom Napj\u00e1t, Dobos L\u00e1szl\u00f3 sz\u00fclet\u00e9snapj\u00e1n, okt\u00f3ber 28-\u00e1n. A rendezv\u00e9nysorozat k\u00fcl\u00f6nb\u00f6z\u0151 helysz\u00edneken irodalmi el\u0151ad\u00e1sokat, koszor\u00faz\u00e1si \u00fcnneps\u00e9geket, lapbemutat\u00f3t, megeml\u00e9kez\u00e9seket, \u00edr\u00f3-olvas\u00f3 tal\u00e1lkoz\u00f3kat, szimp\u00f3ziumot foglal mag\u00e1ban, ez\u00e1ltal is er\u0151s\u00edtve a k\u00f6z\u00f6ss\u00e9get \u00e9s az irodalom ir\u00e1nti \u00e9rdekl\u0151d\u00e9st. Az eml\u00e9knap el\u0151estj\u00e9n, okt\u00f3ber 27-\u00e9n, Hodossy Gyula J\u00f3zsef Attila-d\u00cdjas k\u00f6lt\u0151, a&nbsp;Szlov\u00e1kiai Magyar \u00cdr\u00f3k T\u00e1rsas\u00e1g\u00e1nak&nbsp; eln\u00f6ke nyitotta meg az&nbsp;estet, \u00e9s k\u00f6sz\u00f6nt\u00f6tte a&nbsp;megjelenteket a&nbsp;Region\u00e1lis m\u00fazeumban, Kir\u00e1lyhelmecen, majd Jezs\u00f3 \u00c1kos \u00c9jf\u00e9lre kialszanak a&nbsp;l\u00e1ngok c\u00edm\u0171 k\u00f6tet\u00e9t, a&nbsp;tril\u00f3gia utols\u00f3 fejezet\u00e9t Mih\u00e1lyi Moln\u00e1r L\u00e1szl\u00f3 k\u00f6lt\u0151 mutatta be az \u00e9rdekl\u0151d\u0151knek.&nbsp;<\/p>\n\n\n\n<figure class=\"wp-block-gallery has-nested-images columns-default is-cropped wp-block-gallery-1 is-layout-flex wp-block-gallery-is-layout-flex\">\n<figure class=\"wp-block-image size-large\"><img loading=\"lazy\" decoding=\"async\" width=\"567\" height=\"378\" data-id=\"2839\" src=\"https:\/\/opus-folyoirat.sk\/wp-content\/uploads\/2025\/10\/IMG_1812.jpg\" alt=\"\" class=\"wp-image-2839\" srcset=\"https:\/\/opus-folyoirat.sk\/wp-content\/uploads\/2025\/10\/IMG_1812.jpg 567w, https:\/\/opus-folyoirat.sk\/wp-content\/uploads\/2025\/10\/IMG_1812-300x200.jpg 300w, https:\/\/opus-folyoirat.sk\/wp-content\/uploads\/2025\/10\/IMG_1812-450x300.jpg 450w\" sizes=\"auto, (max-width: 567px) 100vw, 567px\" \/><\/figure>\n\n\n\n<figure class=\"wp-block-image size-large\"><img loading=\"lazy\" decoding=\"async\" width=\"567\" height=\"378\" data-id=\"2840\" src=\"https:\/\/opus-folyoirat.sk\/wp-content\/uploads\/2025\/10\/IMG_1830.jpg\" alt=\"\" class=\"wp-image-2840\" srcset=\"https:\/\/opus-folyoirat.sk\/wp-content\/uploads\/2025\/10\/IMG_1830.jpg 567w, https:\/\/opus-folyoirat.sk\/wp-content\/uploads\/2025\/10\/IMG_1830-300x200.jpg 300w, https:\/\/opus-folyoirat.sk\/wp-content\/uploads\/2025\/10\/IMG_1830-450x300.jpg 450w\" sizes=\"auto, (max-width: 567px) 100vw, 567px\" \/><\/figure>\n<\/figure>\n\n\n\n<p>S&nbsp;hogy ki is val\u00f3j\u00e1ban Jezs\u00f3 \u00c1kos? Milyen szerepet j\u00e1tszik az \u00e9let\u00e9ben a felvid\u00e9ki magyars\u00e1g t\u00f6rt\u00e9nelme \u00e9s sorsa?&nbsp; Meghat\u00e1roz\u00f3, hiszen apai \u00e1gon Felvid\u00e9kr\u0151l sz\u00e1rmazik, nagyapja \u00c9rsek\u00fajv\u00e1ron, nagyanyja pedig Pozsonyban sz\u00fcletett. Mindez m\u00e9g az els\u0151 vil\u00e1gh\u00e1bor\u00fa el\u0151tt t\u00f6rt\u00e9nt, amikor azt a t\u00e1jat \u00fagy h\u00edvt\u00e1k, hogy \u00c9szak-Magyarorsz\u00e1g, vagy Fels\u0151-Magyarorsz\u00e1g. Nagysz\u00fclei ugyanabban az iskol\u00e1ban tan\u00edtottak, munkahelyi szerelemmel indult kettej\u00fck \u00e9letre sz\u00f3l\u00f3 sz\u00f6vets\u00e9ge. \u00c9desapja \u00e9s a testv\u00e9rei a B\u0151s melletti Bak\u00e1n sz\u00fclettek.&nbsp; A csal\u00e1dot 1946-ban kitelep\u00edtett\u00e9k Magyarorsz\u00e1gra, \u00edgy Jezs\u00f3 \u00c1kos m\u00e1r Budapesten sz\u00fcletett, m\u00e9gis a Csall\u00f3k\u00f6z gyermek\u00e9nek tartja mag\u00e1t.<\/p>\n\n\n\n<figure class=\"wp-block-image size-full\"><img loading=\"lazy\" decoding=\"async\" width=\"567\" height=\"378\" src=\"https:\/\/opus-folyoirat.sk\/wp-content\/uploads\/2025\/10\/IMG_1837.jpg\" alt=\"\" class=\"wp-image-2841\" srcset=\"https:\/\/opus-folyoirat.sk\/wp-content\/uploads\/2025\/10\/IMG_1837.jpg 567w, https:\/\/opus-folyoirat.sk\/wp-content\/uploads\/2025\/10\/IMG_1837-300x200.jpg 300w, https:\/\/opus-folyoirat.sk\/wp-content\/uploads\/2025\/10\/IMG_1837-450x300.jpg 450w\" sizes=\"auto, (max-width: 567px) 100vw, 567px\" \/><\/figure>\n\n\n\n<p>Mih\u00e1lyi Moln\u00e1r L\u00e1szl\u00f3 a&nbsp;k\u00f6nyv m\u00e9ltat\u00e1s\u00e1ban ecsetelte, hogy a&nbsp;szerz\u0151 \u201eh\u00e1rom reg\u00e9nyben fogalmazta meg a felvid\u00e9ki \u00e9lethelyzeteket.&nbsp; 2017-ben jelent meg a&nbsp;<em>Megyek t\u00falra<\/em>, majd 2021-ben a&nbsp;<em>M\u00e9cses a k\u00f6dben<\/em>. Az egyik az 1938-as visszacsatol\u00e1st\u00f3l (nagysz\u00fcleim azt nevezt\u00e9k felszabadul\u00e1snak) 48-ig terjed, mondhatn\u00e1nk csal\u00e1dreg\u00e9ny, mert a t\u00f6rt\u00e9netileg pontos t\u00e1rsadalmi h\u00e1tt\u00e9rben&nbsp;&nbsp; hiteles sorsokkal tal\u00e1lkozhatunk. Az \u00edr\u00f3 nagysz\u00fclei \u00e9rsek\u00fajv\u00e1ri illetve pozsonyi sz\u00e1rmaz\u00e1s\u00faak, \u00e9desapja pedig Bak\u00e1n sz\u00fcletett, akiket 1946-ban kitelep\u00edtettek, de Gy\u0151r mellett telepedtek le, v\u00e1rva k\u00f6zeli hazat\u00e9r\u00e9st. \u00c9s a rokonok is k\u00f6zelebb voltak, nagyanyja ikertestv\u00e9re a Felvid\u00e9ken maradt, l\u00e1togatt\u00e1k \u0151ket, de nem Csehszlov\u00e1ki\u00e1ba vagy Cseszk\u00f3ba, hanem a \u201et\u00falra\u201d mentek. A Felvid\u00e9kr\u0151l az\u00e9rt \u00fcld\u00f6zik el \u0151ket, mert magyarok, de Magyarorsz\u00e1gon is k\u00e9nyelmetlenek lesznek R\u00e1kosi idej\u00e9ben, mert kereszt\u00e9nyek. Maradhatn\u00e1nak is, ha reszlovakiz\u00e1lnak, \u00e9s szlov\u00e1kul kellene tan\u00edtaniuk. A M\u00e9cses a k\u00f6dben folytat\u00e1sa az el\u0151z\u0151nek, de ugyanakkor t\u00e1rsadalomrajz a h\u00e1bor\u00fa ut\u00e1ni viszonyokr\u00f3l a gy\u0151ztesnek kiki\u00e1ltott benesi Csehszlov\u00e1ki\u00e1ban, ahol a b\u00e9ke \u00e9s a demokr\u00e1cia nev\u00e9ben megfosztj\u00e1k jogaikt\u00f3l a magyarokat \u00e9s n\u00e9meteket, mintegy \u00f6t milli\u00f3 embert, zajlanak a deport\u00e1l\u00e1sok, el\u00fcld\u00f6z\u00e9s, csehorsz\u00e1gi k\u00e9nyszermunka, majd lakoss\u00e1gcser\u00e9nek nevezett etnikai tisztogat\u00e1s, ugyanakkor val\u00f3di demokrat\u00e1kat hurcolnak l\u00e1gerbe, k\u00f6zt\u00fck Esterh\u00e1zy J\u00e1nost. A vesztesek k\u00f6z\u00e9 sorolt Magyarorsz\u00e1gnak, mik\u00f6zben m\u00e9g h\u00e1bor\u00fas k\u00e1rt\u00e9r\u00edt\u00e9st is kell fizetnie a szomsz\u00e9dainak, \u00e9s be kell fogadnia az elcsatolt ter\u00fcletekr\u0151l menek\u00fclt vagy el\u00fcld\u00f6z\u00f6tt, illetve kitelep\u00edtett magyarokat, a megsz\u00e1ll\u00f3k pedig malenkij robotra hurcolnak t\u00edzezreket, leszerelik az \u00fczemek berendez\u00e9seit, ism\u00e9t hal\u00e1lra lett \u00edt\u00e9lve, \u00e9s mag\u00e1ra hagyva. Azt\u00e1n a kommunista diktat\u00fara arculata a k\u00e9t orsz\u00e1gban kezd hasonlatos lenni, b\u00e1r Magyarorsz\u00e1g gazdas\u00e1gilag a t\u00e9rs\u00e9g legszeg\u00e9nyebbje lett. \u00c9s ebben a reg\u00e9nyben eljutunk 56-ig.\u201d<\/p>\n\n\n\n<p>Az \u00c9jf\u00e9lre kialszanak a&nbsp;l\u00e1ngok c\u00edm\u0171 reg\u00e9nyben technikai \u00e9s tematikus v\u00e1ltoz\u00e1sok is vannak, a&nbsp;<em>Megyek t\u00falra<\/em>&nbsp;\u00e9s a&nbsp;<em>M\u00e9cses a k\u00f6dben<\/em>&nbsp;id\u0151s\u00edkja a kronol\u00f3gia szab\u00e1lyai szerint halad el\u0151re. A harmadik k\u00f6tetn\u00e9l az id\u0151 el\u0151rehaladt\u00e1val folyamatosan visszat\u00e9r\u00fcnk a m\u00falt esem\u00e9nyeihez. A&nbsp;szerz\u0151 az\u00e9rt ny\u00falt ehhez a&nbsp;megold\u00e1shoz, mert&nbsp; hiszi, hogy a m\u00falt alak\u00edtja a jelent, ami pedig befoly\u00e1solja a j\u00f6v\u0151t. Ezzel a megold\u00e1ssal \u00f6sszekapcsolja a h\u00e1rom k\u00f6tetet, amelyek \u00edgy egys\u00e9get alkotnak. A&nbsp;t\u00f6rt\u00e9netnek \u00fczenete van, m\u00e9gpedig az, hogy van rem\u00e9ny, hogy tisztelj\u00fck a sz\u00fcleinket, \u0151seinket, a sz\u00fcl\u0151f\u00f6ld\u00fcnket \u00e9s a&nbsp;m\u00faltunkat.<\/p>\n\n\n\n<figure class=\"wp-block-image size-full\"><img loading=\"lazy\" decoding=\"async\" width=\"567\" height=\"378\" src=\"https:\/\/opus-folyoirat.sk\/wp-content\/uploads\/2025\/10\/IMG_1866.jpg\" alt=\"\" class=\"wp-image-2842\" srcset=\"https:\/\/opus-folyoirat.sk\/wp-content\/uploads\/2025\/10\/IMG_1866.jpg 567w, https:\/\/opus-folyoirat.sk\/wp-content\/uploads\/2025\/10\/IMG_1866-300x200.jpg 300w, https:\/\/opus-folyoirat.sk\/wp-content\/uploads\/2025\/10\/IMG_1866-450x300.jpg 450w\" sizes=\"auto, (max-width: 567px) 100vw, 567px\" \/><\/figure>\n\n\n\n<p>A&nbsp;Felvid\u00e9ki Magyar Irodalom Napja el\u0151estj\u00e9n Hodossy Gyula, a&nbsp;Szlov\u00e1kiai Magyar \u00cdr\u00f3k T\u00e1rsas\u00e1g\u00e1nak eln\u00f6ke k\u00f6sz\u00f6nt\u00f6tte a&nbsp;ny\u00e1ron 60. sz\u00fclet\u00e9snapj\u00e1t \u00fcnnepl\u0151 T\u00f6r\u00f6k N\u00e1ndort, aki&nbsp; Kir\u00e1lyhelmecen sz\u00fcletett 1965. j\u00falius 14-\u00e9n,&nbsp; \u00e9s&nbsp; 18 \u00e9ves kor\u00e1ig sz\u00fcl\u0151faluj\u00e1ban, Leleszen \u00e9lt. 1989-ben kert\u00e9szm\u00e9rn\u00f6ki diplom\u00e1t szerzett Budapesten, \u00e9s jelenleg is ott lakik. 1984 \u00f3ta \u00edr verseket, b\u00e9r nem publik\u00e1lta, majd hossz\u00fa ideig sz\u00fcneteltette az \u00edr\u00e1st \u00e9s 2010-ben \u00fajrakezdte \u00edrni a verseket. A&nbsp;2015-\u00f6s \u00e9v fordul\u00f3pont lett&nbsp; az \u00e9let\u00e9ben, ugyanis&nbsp; az Agria Irodalmi Foly\u00f3iratban els\u0151 alkalommal megjelentek versei \u00e9s nemsok\u00e1ra els\u0151 k\u00f6tete is napvil\u00e1got l\u00e1tott a Hungarovox Kiad\u00f3 gondoz\u00e1s\u00e1ban. Az\u00f3ta meg\u00e1ll\u00edthatatlan.<\/p>\n\n\n\n<p>Hatvan \u00e9v egy ember \u00e9let\u00e9ben m\u00e9rf\u00f6ldk\u0151, amelyre \u00e9rdemes meg\u00e1llni, visszatekinteni, \u00e9s meg\u00fcnnepelni. T\u00f6r\u00f6k N\u00e1ndor k\u00f6lt\u0151 \u00e9let\u00fatja azonban t\u00f6bb, mint egyszer\u0171 \u00e9vsz\u00e1mok \u00f6sszess\u00e9ge. Minden vers\u00e9nek, minden gondolat\u00e1nak a m\u00e9lys\u00e9g\u00e9ben ott rejt\u0151zik egy l\u00e9lek, amely az elm\u00falt \u00e9vtizedek sor\u00e1n folyamatosan gazdagodott tapasztalatokkal, \u00e9rzelmekkel \u00e9s b\u00f6lcsess\u00e9ggel.<\/p>\n\n\n\n<figure class=\"wp-block-image size-full\"><img loading=\"lazy\" decoding=\"async\" width=\"567\" height=\"378\" src=\"https:\/\/opus-folyoirat.sk\/wp-content\/uploads\/2025\/10\/IMG_1880.jpg\" alt=\"\" class=\"wp-image-2843\" srcset=\"https:\/\/opus-folyoirat.sk\/wp-content\/uploads\/2025\/10\/IMG_1880.jpg 567w, https:\/\/opus-folyoirat.sk\/wp-content\/uploads\/2025\/10\/IMG_1880-300x200.jpg 300w, https:\/\/opus-folyoirat.sk\/wp-content\/uploads\/2025\/10\/IMG_1880-450x300.jpg 450w\" sizes=\"auto, (max-width: 567px) 100vw, 567px\" \/><\/figure>\n\n\n\n<p>N\u00e1ndor versei a h\u00e9tk\u00f6znapok \u00e9let\u00e9nek apr\u00f3 pillanatait\u00f3l a legm\u00e9lyebb emberi \u00e9rz\u00e9sekig rep\u00edtenek minket. K\u00f6lt\u00e9szete nem csak eszk\u00f6z, hanem hidak \u00e9s kapuk is a l\u00e9lekhez, melyeken kereszt\u00fcl olvas\u00f3i meg\u00e9rthetik az \u00e9let t\u00f6r\u00e9kenys\u00e9g\u00e9t, sz\u00e9ps\u00e9g\u00e9t \u00e9s ellentmond\u00e1soss\u00e1g\u00e1t. K\u00f6lt\u0151k\u00e9nt N\u00e1ndor mindig is k\u00fcl\u00f6n\u00f6s figyelmet ford\u00edtott arra, hogy szavai egyszerre legyenek szem\u00e9lyesek \u00e9s egyetemesek, \u00edgy el\u00e9rve a lelket \u00e9s a sz\u00edvet is.<\/p>\n\n\n\n<p>Hatvan \u00e9vesen T\u00f6r\u00f6k N\u00e1ndor nem csup\u00e1n egy k\u00f6lt\u0151, hanem egy tan\u00fa, aki maga is az \u00e9let k\u00f6nyv\u00e9nek gazdag lapjait \u00edrja. Ezen az \u00fcnnepen nemcsak az eddig meg\u00edrt verseire eml\u00e9kez\u00fcnk, hanem arra a hatalmas munk\u00e1ra, amit az irodalom \u00e9s a kult\u00fara szolg\u00e1lat\u00e1ban v\u00e9gzett. Szem\u00e9lyis\u00e9ge inspir\u00e1ci\u00f3 mindenkinek, aki a szavak erej\u00e9ben hisz, \u00e9s abban, hogy a k\u00f6lt\u00e9szet k\u00e9pes hidat \u00e9p\u00edteni ember \u00e9s ember k\u00f6z\u00f6tt.<\/p>\n\n\n\n<figure class=\"wp-block-image size-full\"><img loading=\"lazy\" decoding=\"async\" width=\"567\" height=\"378\" src=\"https:\/\/opus-folyoirat.sk\/wp-content\/uploads\/2025\/10\/IMG_1850.jpg\" alt=\"\" class=\"wp-image-2844\" srcset=\"https:\/\/opus-folyoirat.sk\/wp-content\/uploads\/2025\/10\/IMG_1850.jpg 567w, https:\/\/opus-folyoirat.sk\/wp-content\/uploads\/2025\/10\/IMG_1850-300x200.jpg 300w, https:\/\/opus-folyoirat.sk\/wp-content\/uploads\/2025\/10\/IMG_1850-450x300.jpg 450w\" sizes=\"auto, (max-width: 567px) 100vw, 567px\" \/><\/figure>\n\n\n\n<p>Legyen ez a nap egy pillanatnyi meg\u00e1ll\u00e1s, hogy k\u00f6sz\u00f6netet mondjunk T\u00f6r\u00f6k N\u00e1ndornak mindaz\u00e9rt, amit a magyar irodalomnak adott, \u00e9s k\u00edv\u00e1njuk, hogy a k\u00f6vetkez\u0151 \u00e9vtizedek is hasonl\u00f3 alkot\u00f3kedvben gazdagok legyenek.<\/p>\n\n\n\n<p>Az est f\u00e9nypontja Bert\u00f3k T\u00f3th Katalin \u00e9nekes \u00e9rzelemd\u00fas el\u0151ad\u00e1sa volt, amit a k\u00f6z\u00f6ns\u00e9g tapssal \u00e9rt\u00e9kelt.<\/p>\n\n\n\n<p class=\"has-text-align-right\"><em>Nagy Erika<\/em><\/p>\n","protected":false},"excerpt":{"rendered":"<p>Id\u00e9n m\u00e1sodik alkalommal \u00fcnnepelj\u00fck a Felvid\u00e9ki Magyar Irodalom Napj\u00e1t, Dobos L\u00e1szl\u00f3 sz\u00fclet\u00e9snapj\u00e1n, okt\u00f3ber 28-\u00e1n. A rendezv\u00e9nysorozat k\u00fcl\u00f6nb\u00f6z\u0151 helysz\u00edneken irodalmi el\u0151ad\u00e1sokat, koszor\u00faz\u00e1si \u00fcnneps\u00e9geket, lapbemutat\u00f3t, megeml\u00e9kez\u00e9seket, \u00edr\u00f3-olvas\u00f3 tal\u00e1lkoz\u00f3kat, szimp\u00f3ziumot foglal mag\u00e1ban, ez\u00e1ltal is er\u0151s\u00edtve a k\u00f6z\u00f6ss\u00e9get \u00e9s az irodalom ir\u00e1nti \u00e9rdekl\u0151d\u00e9st. Az &hellip; <a href=\"https:\/\/opus-folyoirat.sk\/?page_id=2838\">Egy kattint\u00e1s ide a folytat\u00e1shoz&#8230;. <span class=\"meta-nav\">&rarr;<\/span><\/a><\/p>\n","protected":false},"author":4,"featured_media":0,"parent":0,"menu_order":0,"comment_status":"closed","ping_status":"closed","template":"","meta":{"footnotes":""},"class_list":["post-2838","page","type-page","status-publish","hentry"],"_links":{"self":[{"href":"https:\/\/opus-folyoirat.sk\/index.php?rest_route=\/wp\/v2\/pages\/2838","targetHints":{"allow":["GET"]}}],"collection":[{"href":"https:\/\/opus-folyoirat.sk\/index.php?rest_route=\/wp\/v2\/pages"}],"about":[{"href":"https:\/\/opus-folyoirat.sk\/index.php?rest_route=\/wp\/v2\/types\/page"}],"author":[{"embeddable":true,"href":"https:\/\/opus-folyoirat.sk\/index.php?rest_route=\/wp\/v2\/users\/4"}],"replies":[{"embeddable":true,"href":"https:\/\/opus-folyoirat.sk\/index.php?rest_route=%2Fwp%2Fv2%2Fcomments&post=2838"}],"version-history":[{"count":2,"href":"https:\/\/opus-folyoirat.sk\/index.php?rest_route=\/wp\/v2\/pages\/2838\/revisions"}],"predecessor-version":[{"id":2846,"href":"https:\/\/opus-folyoirat.sk\/index.php?rest_route=\/wp\/v2\/pages\/2838\/revisions\/2846"}],"wp:attachment":[{"href":"https:\/\/opus-folyoirat.sk\/index.php?rest_route=%2Fwp%2Fv2%2Fmedia&parent=2838"}],"curies":[{"name":"wp","href":"https:\/\/api.w.org\/{rel}","templated":true}]}}