{"id":2854,"date":"2025-10-28T13:17:48","date_gmt":"2025-10-28T11:17:48","guid":{"rendered":"https:\/\/opus-folyoirat.sk\/?page_id=2854"},"modified":"2025-10-28T14:07:12","modified_gmt":"2025-10-28T12:07:12","slug":"vadocba-oltott-rozsa","status":"publish","type":"page","link":"https:\/\/opus-folyoirat.sk\/?page_id=2854","title":{"rendered":"Vad\u00f3cba oltott r\u00f3zsa"},"content":{"rendered":"\n<p>Koszor\u00faz\u00e1s M\u00e9cs L\u00e1szl\u00f3 \u00e9desanyja s\u00edrj\u00e1n\u00e1l<\/p>\n\n\n\n<p>A kir\u00e1lyhelmeci temet\u0151ben M\u00e9cs L\u00e1szl\u00f3&nbsp;premontrei szerzetes, pap \u00e9s k\u00f6lt\u0151 \u00e9desanyja s\u00edrj\u00e1nak megkoszor\u00faz\u00e1s\u00e1val vette kezdet\u00e9t a&nbsp;Felvid\u00e9ki Magyar Irodalom Napja okt\u00f3ber 28-\u00e1n, Dobos L\u00e1szl\u00f3 Kossuth-d\u00edjas \u00edr\u00f3 sz\u00fclet\u00e9snapj\u00e1n, aki ma 95 \u00e9vvel ezel\u0151tt sz\u00fcletett.<\/p>\n\n\n\n<figure class=\"wp-block-gallery has-nested-images columns-default is-cropped wp-block-gallery-1 is-layout-flex wp-block-gallery-is-layout-flex\">\n<figure class=\"wp-block-image size-large\"><img loading=\"lazy\" decoding=\"async\" width=\"771\" height=\"1024\" data-id=\"2871\" src=\"https:\/\/opus-folyoirat.sk\/wp-content\/uploads\/2025\/10\/4febe0f2-983e-4bac-9b00-02c0a500f5b5-771x1024.jpeg\" alt=\"\" class=\"wp-image-2871\" srcset=\"https:\/\/opus-folyoirat.sk\/wp-content\/uploads\/2025\/10\/4febe0f2-983e-4bac-9b00-02c0a500f5b5-771x1024.jpeg 771w, https:\/\/opus-folyoirat.sk\/wp-content\/uploads\/2025\/10\/4febe0f2-983e-4bac-9b00-02c0a500f5b5-226x300.jpeg 226w, https:\/\/opus-folyoirat.sk\/wp-content\/uploads\/2025\/10\/4febe0f2-983e-4bac-9b00-02c0a500f5b5-768x1020.jpeg 768w, https:\/\/opus-folyoirat.sk\/wp-content\/uploads\/2025\/10\/4febe0f2-983e-4bac-9b00-02c0a500f5b5-1157x1536.jpeg 1157w, https:\/\/opus-folyoirat.sk\/wp-content\/uploads\/2025\/10\/4febe0f2-983e-4bac-9b00-02c0a500f5b5.jpeg 1542w\" sizes=\"auto, (max-width: 771px) 100vw, 771px\" \/><\/figure>\n\n\n\n<figure class=\"wp-block-image size-large\"><img loading=\"lazy\" decoding=\"async\" width=\"771\" height=\"1024\" data-id=\"2870\" src=\"https:\/\/opus-folyoirat.sk\/wp-content\/uploads\/2025\/10\/0d5e2e16-a57d-49ca-bddd-7a03b50ec5a2-771x1024.jpeg\" alt=\"\" class=\"wp-image-2870\" srcset=\"https:\/\/opus-folyoirat.sk\/wp-content\/uploads\/2025\/10\/0d5e2e16-a57d-49ca-bddd-7a03b50ec5a2-771x1024.jpeg 771w, https:\/\/opus-folyoirat.sk\/wp-content\/uploads\/2025\/10\/0d5e2e16-a57d-49ca-bddd-7a03b50ec5a2-226x300.jpeg 226w, https:\/\/opus-folyoirat.sk\/wp-content\/uploads\/2025\/10\/0d5e2e16-a57d-49ca-bddd-7a03b50ec5a2-768x1020.jpeg 768w, https:\/\/opus-folyoirat.sk\/wp-content\/uploads\/2025\/10\/0d5e2e16-a57d-49ca-bddd-7a03b50ec5a2-1157x1536.jpeg 1157w, https:\/\/opus-folyoirat.sk\/wp-content\/uploads\/2025\/10\/0d5e2e16-a57d-49ca-bddd-7a03b50ec5a2.jpeg 1542w\" sizes=\"auto, (max-width: 771px) 100vw, 771px\" \/><\/figure>\n<\/figure>\n\n\n\n<div class=\"wp-block-group is-vertical is-layout-flex wp-container-core-group-is-layout-8cf370e7 wp-block-group-is-layout-flex\">\n<p>M\u00e9cs L\u00e1szl\u00f3 verseiben gyakran tematiz\u00e1lta az \u00e9desanyj\u00e1hoz val\u00f3 viszony\u00e1t,\u00a0 \u00e9s\u00a0<em>A kir\u00e1lyfi h\u00e1rom b\u00e1nata<\/em>\u00a0c\u00edm\u0171 vers\u00e9ben is nagyon \u00e9rz\u00e9kletesen fejezi ki az anyai szeretet csod\u00e1latos \u00e9s v\u00e9delmez\u0151 erej\u00e9t, valamint az \u00e9desanya ir\u00e1nti h\u00e1l\u00e1j\u00e1t. Dobr\u00e1nszky Ann\u00e1r\u00f3l, a nagys\u00e1rosi v\u00edzimoln\u00e1r le\u00e1ny\u00e1r\u00f3l\u00a0\u00edgy\u00a0\u00edr egy level\u00e9ben:<\/p>\n\n\n\n<p>\u201eAny\u00e1m akarata mint valami Pall\u00e9r \u00e1llt folyton \u0151rt felette \u00e9s a csal\u00e1d felett. Any\u00e1m az akarat embere, \u0151 tervelt ki mindent, \u0151 osztotta ki a munk\u00e1t, osztotta be a kis p\u00e9nzt, \u0151 alkudott, \u0151 hajtotta az eg\u00e9sz csal\u00e1d g\u00e9pezet\u00e9t. \u0150 sz\u00f3rakoztatta a vend\u00e9geket n\u00e9ha \u00e9jjel egyig s reggel m\u00e1r h\u00e1romkor-n\u00e9gykor talpon volt, konyh\u00e1ban, mez\u0151n, kertben, vend\u00e9ggel. Az Isten tudja, hol vette azt a sok er\u0151t.\u201d<\/p>\n<\/div>\n\n\n\n<figure class=\"wp-block-gallery has-nested-images columns-default is-cropped wp-block-gallery-2 is-layout-flex wp-block-gallery-is-layout-flex\">\n<figure class=\"wp-block-image size-large\"><img loading=\"lazy\" decoding=\"async\" width=\"771\" height=\"1024\" data-id=\"2872\" src=\"https:\/\/opus-folyoirat.sk\/wp-content\/uploads\/2025\/10\/8ecce4fd-bb46-4701-ade0-9af5424f836f-771x1024.jpeg\" alt=\"\" class=\"wp-image-2872\" srcset=\"https:\/\/opus-folyoirat.sk\/wp-content\/uploads\/2025\/10\/8ecce4fd-bb46-4701-ade0-9af5424f836f-771x1024.jpeg 771w, https:\/\/opus-folyoirat.sk\/wp-content\/uploads\/2025\/10\/8ecce4fd-bb46-4701-ade0-9af5424f836f-226x300.jpeg 226w, https:\/\/opus-folyoirat.sk\/wp-content\/uploads\/2025\/10\/8ecce4fd-bb46-4701-ade0-9af5424f836f-768x1020.jpeg 768w, https:\/\/opus-folyoirat.sk\/wp-content\/uploads\/2025\/10\/8ecce4fd-bb46-4701-ade0-9af5424f836f-1157x1536.jpeg 1157w, https:\/\/opus-folyoirat.sk\/wp-content\/uploads\/2025\/10\/8ecce4fd-bb46-4701-ade0-9af5424f836f.jpeg 1542w\" sizes=\"auto, (max-width: 771px) 100vw, 771px\" \/><\/figure>\n\n\n\n<figure class=\"wp-block-image size-large\"><img loading=\"lazy\" decoding=\"async\" width=\"771\" height=\"1024\" data-id=\"2873\" src=\"https:\/\/opus-folyoirat.sk\/wp-content\/uploads\/2025\/10\/ba31661c-68c0-4663-aea8-e6fd501a45bd-771x1024.jpeg\" alt=\"\" class=\"wp-image-2873\" srcset=\"https:\/\/opus-folyoirat.sk\/wp-content\/uploads\/2025\/10\/ba31661c-68c0-4663-aea8-e6fd501a45bd-771x1024.jpeg 771w, https:\/\/opus-folyoirat.sk\/wp-content\/uploads\/2025\/10\/ba31661c-68c0-4663-aea8-e6fd501a45bd-226x300.jpeg 226w, https:\/\/opus-folyoirat.sk\/wp-content\/uploads\/2025\/10\/ba31661c-68c0-4663-aea8-e6fd501a45bd-768x1020.jpeg 768w, https:\/\/opus-folyoirat.sk\/wp-content\/uploads\/2025\/10\/ba31661c-68c0-4663-aea8-e6fd501a45bd-1157x1536.jpeg 1157w, https:\/\/opus-folyoirat.sk\/wp-content\/uploads\/2025\/10\/ba31661c-68c0-4663-aea8-e6fd501a45bd.jpeg 1542w\" sizes=\"auto, (max-width: 771px) 100vw, 771px\" \/><\/figure>\n<\/figure>\n\n\n\n<p><\/p>\n\n\n\n<p>A&nbsp;koszor\u00faz\u00e1son Jezs\u00f3 \u00c1kos \u00edr\u00f3, \u00fajs\u00e1g\u00edr\u00f3 mondott eml\u00e9kez\u0151 besz\u00e9det, melyben kihangs\u00falyozta, hogy&nbsp;M\u00e9cs L\u00e1szl\u00f3 papk\u00e9nt a magyar l\u00e9lek tisztas\u00e1g\u00e1t vigy\u00e1zta, k\u00f6lt\u0151k\u00e9nt pedig az anyanyelvet \u0151rizte. \u201eMai szavakkal annak idej\u00e9n, a \u201930-as \u00e9vekben, igazi szuperszt\u00e1r volt. Tal\u00e1n m\u00e9g azt is ki lehet mondani, hogy kor\u00e1nak az egyik legnagyobb k\u00f6z\u00f6ns\u00e9gsikert arat\u00f3 k\u00f6lt\u0151je. Pedig az a kor b\u0151ven el volt l\u00e1tva irodalmi nagy\u00e1gy\u00fakkal, el\u00e9g ha csak Babitsra, vagy J\u00f3zsef Attil\u00e1ra gondolunk.\u201c<\/p>\n\n\n\n<p>Jezs\u00f3 \u00c1kos szerencs\u00e9s ember, ugyanis szem\u00e9lyesen ismerte M\u00e9cs L\u00e1szl\u00f3t, \u00e9s gyermekkor\u00e1ban m\u00e9g a\u00a0t\u00e9rd\u00e9n is lovagolt. Cs\u00f6ndes \u00e9s mosolyg\u00f3s b\u00e1csik\u00e9nt eml\u00e9kszik r\u00e1 \u00e9s\u00a0 \u00fagy adott mint\u00e1t \u00e9s p\u00e9ld\u00e1t, hogy p\u00e9ldak\u00e9p \u00e9s minta lett \u0151 maga. Ezzel oltva vad\u00f3cba r\u00f3zs\u00e1t.<br>&#8222;Vegy\u00fck \u00e1t a staf\u00e9t\u00e1t \u00e9s v\u00e1ljunk m\u00e9lt\u00f3v\u00e1 M\u00e9cs L\u00e1szl\u00f3hoz \u2013 mert csakis akkor j\u00e1rulhatunk tiszta sz\u00edvvel a k\u00f6lt\u0151fejedelem \u00e9desanyj\u00e1nak a s\u00edrj\u00e1hoz, ha mi is olyan, szent vad\u00f3cok lesz\u00fcnk, akiknek a sz\u00edv\u00e9be \u00e9s a lelk\u00e9be M\u00e9cs L\u00e1szl\u00f3 r\u00f3zs\u00e1t \u00fcltetett. &#8221; \u2013 z\u00e1rta gondolatait Jezs\u00f3.<\/p>\n\n\n\n<p>A koszor\u00faz\u00e1son a Felvid\u00e9ki Magyar Irodalom Napja programjainak r\u00e9sztvev\u0151in k\u00edv\u00fcl Pataky K\u00e1roly polg\u00e1rmester, Pakosta Andrea, a Bodrogk\u00f6zi \u00e9s Ung-vid\u00e9ki K\u00f6zm\u0171vel\u0151d\u00e9si Int\u00e9zet igazgat\u00f3ja, \u00e9s a helyi szervezetek vezet\u0151i, munkat\u00e1rsai is r\u00e9szt vettek. A Szlov\u00e1kiai Magyar \u00cdr\u00f3k T\u00e1rsas\u00e1ga nev\u00e9ben Hodossy Gyula eln\u00f6k helyezte el az eml\u00e9kez\u00e9s \u00e9s a tisztelet koszor\u00faj\u00e1t.<\/p>\n\n\n\n<p><\/p>\n\n\n\n<p class=\"has-text-align-right\"><em>Nagy Erika<\/em><\/p>\n","protected":false},"excerpt":{"rendered":"<p>Koszor\u00faz\u00e1s M\u00e9cs L\u00e1szl\u00f3 \u00e9desanyja s\u00edrj\u00e1n\u00e1l A kir\u00e1lyhelmeci temet\u0151ben M\u00e9cs L\u00e1szl\u00f3&nbsp;premontrei szerzetes, pap \u00e9s k\u00f6lt\u0151 \u00e9desanyja s\u00edrj\u00e1nak megkoszor\u00faz\u00e1s\u00e1val vette kezdet\u00e9t a&nbsp;Felvid\u00e9ki Magyar Irodalom Napja okt\u00f3ber 28-\u00e1n, Dobos L\u00e1szl\u00f3 Kossuth-d\u00edjas \u00edr\u00f3 sz\u00fclet\u00e9snapj\u00e1n, aki ma 95 \u00e9vvel ezel\u0151tt sz\u00fcletett. M\u00e9cs L\u00e1szl\u00f3 verseiben gyakran &hellip; <a href=\"https:\/\/opus-folyoirat.sk\/?page_id=2854\">Egy kattint\u00e1s ide a folytat\u00e1shoz&#8230;. <span class=\"meta-nav\">&rarr;<\/span><\/a><\/p>\n","protected":false},"author":4,"featured_media":0,"parent":0,"menu_order":0,"comment_status":"closed","ping_status":"closed","template":"","meta":{"footnotes":""},"class_list":["post-2854","page","type-page","status-publish","hentry"],"_links":{"self":[{"href":"https:\/\/opus-folyoirat.sk\/index.php?rest_route=\/wp\/v2\/pages\/2854","targetHints":{"allow":["GET"]}}],"collection":[{"href":"https:\/\/opus-folyoirat.sk\/index.php?rest_route=\/wp\/v2\/pages"}],"about":[{"href":"https:\/\/opus-folyoirat.sk\/index.php?rest_route=\/wp\/v2\/types\/page"}],"author":[{"embeddable":true,"href":"https:\/\/opus-folyoirat.sk\/index.php?rest_route=\/wp\/v2\/users\/4"}],"replies":[{"embeddable":true,"href":"https:\/\/opus-folyoirat.sk\/index.php?rest_route=%2Fwp%2Fv2%2Fcomments&post=2854"}],"version-history":[{"count":8,"href":"https:\/\/opus-folyoirat.sk\/index.php?rest_route=\/wp\/v2\/pages\/2854\/revisions"}],"predecessor-version":[{"id":2874,"href":"https:\/\/opus-folyoirat.sk\/index.php?rest_route=\/wp\/v2\/pages\/2854\/revisions\/2874"}],"wp:attachment":[{"href":"https:\/\/opus-folyoirat.sk\/index.php?rest_route=%2Fwp%2Fv2%2Fmedia&parent=2854"}],"curies":[{"name":"wp","href":"https:\/\/api.w.org\/{rel}","templated":true}]}}