{"id":2966,"date":"2025-03-26T12:04:00","date_gmt":"2025-03-26T10:04:00","guid":{"rendered":"https:\/\/opus-folyoirat.sk\/?page_id=2966"},"modified":"2025-11-18T12:05:38","modified_gmt":"2025-11-18T10:05:38","slug":"nagy-erika-3","status":"publish","type":"page","link":"https:\/\/opus-folyoirat.sk\/?page_id=2966","title":{"rendered":"Nagy Erika"},"content":{"rendered":"\n<p class=\"has-medium-font-size\"><br><strong>Ma kit ut\u00e1ljak?<\/strong><\/p>\n\n\n<div class=\"has-text-align-right wp-block-post-date\"><time datetime=\"2025-03-26T12:04:00+02:00\">2025-03-26<\/time><\/div>\n\n\n<p>Tess\u00e9k? Hozz\u00e1m sz\u00f3lt\u00e1l? Nem mondod! T\u00f6k\u00f6s csaj vagy, h\u00fa de nagyon. Csak \u00fagy a szemembe? Bele egyenesen? Ja, hogy a f\u00fclembe? A tekerv\u00e9nyes hall\u00f3j\u00e1ratba? S mindent? Az j\u00f3, legal\u00e1bb lenyugodt\u00e1l. Hogy nem? Hogy m\u00e9g mindig ott kavarog gyomrodban az eb\u00e9d? Hogy hi\u00e1ba volt minden, mert nem lett jobb? Szeg\u00e9ny\u2026&nbsp;<\/p>\n\n\n\n<p>Ezt mib\u0151l gondolod? Kit\u0151l hallottad? Ja, csak tudod, mert \u00edgy \u00e9rzed? Meg mondt\u00e1k, mert \u0151k is ut\u00e1lj\u00e1k. S ez el\u00e9g ahhoz, hogy bele, oda a f\u00fclembe? Te tudod. Ja, hogy nem baj, m\u00e9g ha nem is igaz? Csak az\u00e9rt is, mert szerinted meg\u00e9rdemlem? T\u00e9ged nem \u00e9rdekel az, hogy ezzel f\u00e1jdalmat okozol nekem? Hogy ez volt a c\u00e9lod? Ez\u00e9rt \u00e9p\u00edtetted fel apr\u00e1nk\u00e9nt a lelkedben a gy\u0171l\u00f6letet \u00e9vr\u0151l \u00e9vre, mindig hozz\u00e1t\u00e9ve valami \u00fajat? Gy\u00fartad, dagasztottad, m\u00e9rgezett ny\u00e1laddal k\u00f6pk\u00f6dted? T\u00f6k\u00e9letes recept, nem tagadom. S ez mi\u00e9rt is j\u00f3 neked? Hogy nem j\u00f3, de akkor is? Szeg\u00e9ny\u2026<\/p>\n\n\n\n<p>Ezt az\u00e9rt, ugye m\u00e9gse? Tudtad, hogy egy embert az k\u00fcl\u00f6nb\u00f6zteti meg az \u00e1llatt\u00f3l, hogy gondolkod\u00f3 l\u00e9ny? Legal\u00e1bb is az lenne, jobb esetben. Hogy te ember vagy? Tudom, hiszen besz\u00e9lsz. Most jobb neked? Hogy nem? Valahogy meg is \u00e9rtem, mert betegs\u00e9ggel riogatni valakit az alantas cselekedet. Tess\u00e9k? Hogy nem sz\u00f3lt\u00e1l? Lehet, de \u00e9n mintha hallottam volna valamit. Tal\u00e1n a lelkiismereted? Mint annak az ausztr\u00e1liai \u00fcgyv\u00e9dnek, aki h\u00fasz \u00e9v ut\u00e1n feladta mag\u00e1t 79 cent ellop\u00e1s\u00e1\u00e9rt? Hogy ne is \u00e1lmodjak err\u0151l? Ja, hogy olyan nincs neked? Hogy az luxus?&nbsp; Neh\u00e9z teher? Hogy az a vil\u00e1g legnagyobb id\u0151pocs\u00e9kol\u00e1sa?&nbsp; S hogy neked nincs id\u0151d arra? Mi\u00e9rt is ut\u00e1lsz ennyire? Csak az\u00e9rt, mert a f\u00f6ld\u00f6n \u00e9lek, mert k\u00e9t l\u00e1bon j\u00e1rok, mert l\u00e9tezem? Szeg\u00e9ny\u2026<\/p>\n\n\n\n<p>Eddig t\u00fcrelmesen hallgattalak, most hallgass meg te is engem. Jegyezd meg j\u00f3l, hogy ha a gy\u0171l\u00f6let gy\u00f6keret ver a sz\u00edvedben, az bizony betegg\u00e9 tesz. Nagy k\u00e1rokat okoz, mert sz\u00e9p lassan felem\u00e9szti a lelkedet, majd a testedet is. Ennek \u00e9kes bizony\u00edt\u00e9ka az al\u00e1bbi t\u00f6rt\u00e9net. Zs\u00e9 mindenkit ut\u00e1lt, aki magasabb, s\u00e1rmosabb, men\u0151bb volt n\u00e1la. Frusztr\u00e1ci\u00f3ja miatt m\u00e1r csak az \u00e9ltette, ha b\u00e1nthatott valakit. Szeretni, dics\u00e9rni, \u00f6r\u00fclni k\u00e9ptelen volt. A magyar sz\u00f3kincs teljes v\u00e1ltozatoss\u00e1g\u00e1t felmutatva ak\u00e1r bajnoks\u00e1got is nyerhetett volna, amikor valaki a begy\u00e9ben volt. A p\u00e1rkapcsolatra k\u00e9ptelen ember gy\u0171l\u00f6lte a n\u0151ket, de azt a f\u00e9rfit is, aki boldog h\u00e1zas volt, vagy egyszer\u0171en csak szerelmes. Mindenki elp\u00e1rtolt t\u0151le, senki nem maradt meg mellette. Eleg\u00fck volt abb\u00f3l, hogy Zs\u00e9 sz\u00edv\u00e9be bef\u00e9szkelte mag\u00e1t az ar\u00e1nytalanul nagy gy\u0171l\u00f6let. Ezek ut\u00e1n folyamatosan azt \u00e9reztette mindenkivel, hogy h\u00e1l\u00e1tlanok, igazs\u00e1gtalanok. Kesergett, mert senki nem \u00e9rtette meg, nem l\u00e1tta meg benne az igazs\u00e1g bajnok\u00e1t, \u00e9s az \u00e9rt\u00e9keit is k\u00e9ts\u00e9gbe vont\u00e1k. Ez\u00e9rt gonosznak tartotta az embereket maga k\u00f6r\u00fcl, orr\u00e1n, sz\u00e1j\u00e1n g\u0151z\u00f6lg\u00f6tt a gy\u0171l\u00f6let fel\u00e9j\u00fck. Egy nap azt\u00e1n arra \u00e9bredt, hogy nem tud felkelni az \u00e1gy\u00e1b\u00f3l. K\u00e9t \u00e9v telt el az\u00f3ta, orvost\u00f3l orvosig rohang\u00e1l, m\u00e1r persze akkor, ha tud, ha b\u00edr, s nem \u00e9rti, mi\u00e9rt nem esnek hasra el\u0151tte a gonosz rokonok, ismer\u0151s\u00f6k. Nem \u00e9rti, mert \u0151 t\u00f6k\u00e9letes. Szeg\u00e9ny\u2026<\/p>\n\n\n\n<p>\u00c9rted a l\u00e9nyeget? L\u00e9pj ki a gy\u0171l\u00f6letedb\u0151l, tanulj hib\u00e1idb\u00f3l. Nem, v\u00e9letlen\u00fcl sem azt sugallom fel\u00e9d, hogy szeress mindenkit. S\u0151t! De gondolkozz el azon, hogy az el\u0151tted \u00e1ll\u00f3 \u00e9vekben, \u00e9vtizedekben tov\u00e1bbra is azzal a sz\u00e1modra oly magasztos gondolattal akarsz-e felkelni reggelente, hogy \u201ema kit ut\u00e1ljak?\u201d Ne hadd, hogy a gerjesztett gy\u0171l\u00f6let visszaharapjon. Tanulj meg mosolyogni. Sz\u00edvb\u0151l. L\u00e9gy kedves a gyerekekkel, akiket eddig melegebb \u00e9gt\u00e1jra k\u00fcldt\u00e9l, ha \u00fagy \u00e9rezted, hogy csak a te szem\u00e9lyes bosszant\u00e1sodra sz\u00fclte \u0151ket az anyjuk. Seg\u00edtsd \u00e1t a zebr\u00e1n azt az id\u0151s embert, akit szidt\u00e1l, mert \u00fagy gondoltad, hogy kiz\u00e1r\u00f3lag az\u00e9rt kacs\u00e1zik el\u0151tted k\u00e9t bottal, hogy t\u00e9ged elg\u00e1ncsoljon. A p\u00e9nzt\u00e1rn\u00e1l \u00e1ll\u00f3 anyuk\u00e1t, kez\u00e9ben a kicsivel ne szidd le egy kisgyerek f\u00fcl\u00e9nek nem val\u00f3 szavakkal, mert eb\u00e9djeggyel fizet, csak mert \u00fagy tov\u00e1bb tart a m\u0171velet. Ne r\u00fagj bele az utc\u00e1n t\u00e9bl\u00e1bol\u00f3 kuty\u00e1ba se, hidd el, nem tehet r\u00f3la, hogy elk\u00f3borolt, helyette t\u00e9gy meg mindent az\u00e9rt, hogy a gazdi r\u00e1tal\u00e1ljon. Ne irigyeld m\u00e1sok siker\u00e9t, mert bizony a legt\u00f6bben kem\u00e9nyen megdolgoznak \u00e9rte. A hajl\u00e9ktalant sem kell lek\u00f6pn\u00f6d, ink\u00e1bb keresd a v\u00e1laszt a mi\u00e9rtre. Jegyezd meg, az a legfontosabb, hogy mindig abb\u00f3l indulj ki, miel\u0151tt \u00edt\u00e9lkezel, gonoszkodsz, hogy nincs el\u00e9g inform\u00e1ci\u00f3d. Ha \u00edgy teszel, m\u00e9g lehetsz boldog. Tudod, az, aki gy\u0171l\u00f6l, mag\u00e1nak \u00e1rt, s nem annak, akit gy\u0171l\u00f6l. Tess\u00e9k? Hogy ez nem ilyen egyszer\u0171? Igazad van. De egy pr\u00f3b\u00e1t az\u00e9rt meg\u00e9r. Nem? Nincs garancia arra, hogy siker\u00fcl, de ha m\u00e9gis, akkor nem leszel egy megkeseredett boldogtalan. Nem leszel szeg\u00e9ny\u2026&nbsp;<\/p>\n","protected":false},"excerpt":{"rendered":"<p>Ma kit ut\u00e1ljak? Tess\u00e9k? Hozz\u00e1m sz\u00f3lt\u00e1l? Nem mondod! T\u00f6k\u00f6s csaj vagy, h\u00fa de nagyon. Csak \u00fagy a szemembe? Bele egyenesen? Ja, hogy a f\u00fclembe? A tekerv\u00e9nyes hall\u00f3j\u00e1ratba? S mindent? Az j\u00f3, legal\u00e1bb lenyugodt\u00e1l. Hogy nem? Hogy m\u00e9g mindig ott kavarog &hellip; <a href=\"https:\/\/opus-folyoirat.sk\/?page_id=2966\">Egy kattint\u00e1s ide a folytat\u00e1shoz&#8230;. <span class=\"meta-nav\">&rarr;<\/span><\/a><\/p>\n","protected":false},"author":4,"featured_media":0,"parent":0,"menu_order":0,"comment_status":"closed","ping_status":"closed","template":"","meta":{"footnotes":""},"class_list":["post-2966","page","type-page","status-publish","hentry"],"_links":{"self":[{"href":"https:\/\/opus-folyoirat.sk\/index.php?rest_route=\/wp\/v2\/pages\/2966","targetHints":{"allow":["GET"]}}],"collection":[{"href":"https:\/\/opus-folyoirat.sk\/index.php?rest_route=\/wp\/v2\/pages"}],"about":[{"href":"https:\/\/opus-folyoirat.sk\/index.php?rest_route=\/wp\/v2\/types\/page"}],"author":[{"embeddable":true,"href":"https:\/\/opus-folyoirat.sk\/index.php?rest_route=\/wp\/v2\/users\/4"}],"replies":[{"embeddable":true,"href":"https:\/\/opus-folyoirat.sk\/index.php?rest_route=%2Fwp%2Fv2%2Fcomments&post=2966"}],"version-history":[{"count":2,"href":"https:\/\/opus-folyoirat.sk\/index.php?rest_route=\/wp\/v2\/pages\/2966\/revisions"}],"predecessor-version":[{"id":2971,"href":"https:\/\/opus-folyoirat.sk\/index.php?rest_route=\/wp\/v2\/pages\/2966\/revisions\/2971"}],"wp:attachment":[{"href":"https:\/\/opus-folyoirat.sk\/index.php?rest_route=%2Fwp%2Fv2%2Fmedia&parent=2966"}],"curies":[{"name":"wp","href":"https:\/\/api.w.org\/{rel}","templated":true}]}}