{"id":3013,"date":"2025-03-21T15:16:00","date_gmt":"2025-03-21T13:16:00","guid":{"rendered":"https:\/\/opus-folyoirat.sk\/?page_id=3013"},"modified":"2025-11-18T15:20:49","modified_gmt":"2025-11-18T13:20:49","slug":"z-nemeth-istvan-2","status":"publish","type":"page","link":"https:\/\/opus-folyoirat.sk\/?page_id=3013","title":{"rendered":"Z. N\u00e9meth Istv\u00e1n"},"content":{"rendered":"\n<div class=\"wp-block-group is-vertical is-layout-flex wp-container-core-group-is-layout-8cf370e7 wp-block-group-is-layout-flex\">\n<p class=\"has-medium-font-size\"><strong>Elts\u00fasz\u00e1sok<\/strong><\/p>\n\n\n\n<p><em>(r\u00e9szlet egy k\u00e9sz\u00fcl\u0151 novellaf\u00fcz\u00e9rb\u0151l)<\/em><\/p>\n<\/div>\n\n\n<div class=\"has-text-align-right wp-block-post-date\"><time datetime=\"2025-03-21T15:16:00+02:00\">2025-03-21<\/time><\/div>\n\n\n<p><strong>A kar\u00e1tsonyfa<\/strong><\/p>\n\n\n\n<div class=\"wp-block-group is-vertical is-layout-flex wp-container-core-group-is-layout-8cf370e7 wp-block-group-is-layout-flex\">\n<p>S\u00e1ndor, mint azt m\u00e1r tudjuk,&nbsp; fut.<\/p>\n\n\n\n<p>A rendszeres testmozg\u00e1s eg\u00e9szs\u00e9ges, ezt \u0151 is tudja, \u00e1m olyan szek\u00e9r ut\u00e1n futni rendk\u00edv\u00fcl f\u00e1raszt\u00f3, amelyik nem vesz fel.<\/p>\n\n\n\n<p>Pozsonyban vagyunk, 1930. december 20-\u00e1t \u00edrjuk. Odakint igencsak havas arc\u00e1t mutatja a t\u00e9l, idebent viszont kellemesen duruzsol a kandall\u00f3. Meg a k\u00f6lt\u0151 is a sz\u00e9p l\u00e1ny f\u00fcl\u00e9be. Azt\u00e1n hirtelen kiugrik a m\u00e9regdr\u00e1ga, csinos, m\u0171b\u0151rrel bevont k\u00e9tszem\u00e9lyes fotel meghitts\u00e9g\u00e9b\u0151l, \u00e9s kedvese el\u00e9 t\u00e9rdel.<\/p>\n\n\n\n<p>\u2013 Dr\u00e1ga Alzsbeta! Engedd meg\u2026<\/p>\n\n\n\n<p>Alzsbeta barna haj\u00fa, barna szem\u0171, karcs\u00fa teremt\u00e9s: melyik f\u00e9rfi nem lobbanna azonnal szerelemre, ha a h\u00f6lgy \u00e1br\u00e1ndos barna szem\u00e9be pillant? \u00c9s val\u00f3ban dr\u00e1ga le\u00e1nyka, t\u00fals\u00e1gosan is. Egy lapterjeszt\u00e9sb\u0151l \u00e9l\u0151 k\u00f6lt\u0151 sov\u00e1ny \u00e9s \u2013 kimondani is sz\u00f6rny\u0171 \u2013 lyukas zseb\u00e9hez pedig pl\u00e1ne. Ne csod\u00e1lkozzunk azon, hogy ennek tetej\u00e9be m\u00e9g nem is engedi meg.<\/p>\n\n\n\n<p>\u2013 \u00c1lljon fel, S\u00e1ndor, m\u00e9g kikopik a nadr\u00e1gja.<\/p>\n\n\n\n<p>Ts\u00fasz\u00f3 a m\u00e1r megszokott, olcs\u00f3 \u00f6lt\u00f6ny\u00e9ben van, \u00e9s egy nyitott \u00e9kszeres dobozk\u00e1t ny\u00fajt sz\u00edve im\u00e1dottja fel\u00e9, amiben sejthet\u0151, hogy mif\u00e9le holmi tal\u00e1lhat\u00f3. Szerencs\u00e9re a h\u00f6lgy nem n\u00e9zi meg alaposabban, mert a fekete skatulya feh\u00e9r p\u00e1rn\u00e1csk\u00e1ja k\u00f6zti r\u00e9sben nem l\u00e1tna semmit. A k\u00f6lt\u0151 a rengeteg tartoz\u00e1sa miatt nem engedheti meg mag\u00e1nak, hogy dr\u00e1ga karikagy\u0171r\u0171t v\u00e1s\u00e1roljon. Azt elj\u00e1tszani, hogy az \u00e9kszer elveszett, esetleg ellopt\u00e1k pedig egy kezd\u0151 sz\u00edn\u00e9sznek is h\u00e1l\u00e1s, k\u00f6nnyen megoldhat\u00f3 feladat. Szerencs\u00e9re erre most nem ker\u00fcl sor.<\/p>\n\n\n\n<p>\u2013 Dr\u00e1ga Sanyika! Sz\u00e9pek a hozz\u00e1m \u00edrt versei, mind az \u00f6tsz\u00e1ztizenhetet im\u00e1dom, de l\u00e1ssa be: egy bankigazgat\u00f3 fia sokkal megnyugtat\u00f3bb j\u00f6v\u0151t biztos\u00edthat nekem, mint egy\u2026. L\u00e1ngelme!<\/p>\n\n\n\n<p>Alzsbetka haja a kor divatja szerint fel van t\u0171zve. Most l\u00e1tv\u00e1nyosan, mag\u00e1t\u00f3l leomlik arra a kebelre, amelyre b\u00e1rmelyik f\u00e9rfi sz\u00edvesen odahajtan\u00e1 a fej\u00e9t, hogy \u00f6sszehangolja kedvese sz\u00edvdobog\u00e1s\u00e1t a saj\u00e1tj\u00e1\u00e9val. A l\u00e1ny egy \u00edr\u00f3g\u00e9ppel tele\u00edrt pap\u00edrlapot tart a kez\u00e9ben, ennek sark\u00e1t kiss\u00e9 m\u00e1r megr\u00e1gt\u00e1k az egerek. Jaj, dehogy egerek! Val\u00f3sz\u00edn\u0171leg gyorsan fel kellett firkantani valamit egy cetlire, \u00e9s \u00e9pp ez akadt abba a b\u00e1jos k\u00e9zbe, amit nem lehet el\u00e9gszer megcs\u00f3kolni. S\u00e1ndor els\u0151 verse az, amit lelke l\u00e1ngra lobbant\u00f3j\u00e1hoz \u00edrt. A c\u00edme: A h\u00f6lgy kiss\u00e9 pirom\u00e1n.<\/p>\n\n\n\n<p>\u2013 \u00dcgyesen \u00f6sszevonta, kedvesem, azt a k\u00e9t sz\u00f3t, hogy <em>picit<\/em>, meg <em>rom\u00e1ntikus<\/em>.<\/p>\n\n\n\n<p>A l\u00e1ngelm\u00e9nek m\u00e1r nem csak a sz\u00edve l\u00e1ngol, de \u00e9g az arca \u00e9s a f\u00fcle is. A bankigazgat\u00f3 fi\u00e1ra gondol, Dimitrijre, aki a Pozsonyi Torna Egylet ismert sportol\u00f3jak\u00e9nt eljegyezni k\u00e9sz\u00fcl Alzsbetk\u00e1t. Nem j\u00f3k\u00e9p\u0171, de gazdag. Nem nagylelk\u0171, de j\u00f3l\u00f6lt\u00f6z\u00f6tt. Nincs humora, sz\u00f3fukar, magasan hordja az orr\u00e1t \u00e9s a muszklijait, k\u00f6nyveket nem olvas, de van automobilja. \u00c9rthetetlen, mit l\u00e1t benne ez az elragad\u00f3 teremt\u00e9s. Nem sejti, hogy a hossz\u00fa boldog h\u00e1zass\u00e1g titka az, hogy b\u00e1rmikor \u00e9s b\u00e1rhol b\u00e1rmir\u0151l elbesz\u00e9lgethetsz a m\u00e1sik emberrel?<\/p>\n\n\n\n<p>Libben Alzsbetka r\u00f3zsasz\u00edn szokny\u00e1ja.<\/p>\n\n\n\n<p>\u2013 F\u0151z\u00f6k mag\u00e1nak egy j\u00f3 er\u0151s te\u00e1t, S\u00e1ndor, att\u00f3l majd kiss\u00e9 megnyugszik. Kedvelem mag\u00e1t. K\u00e9tszer engedtem is, hogy megcs\u00f3koljon. De mint tudja, Dimitrijnek nemr\u00e9g meghalt a nagyapja. Sz\u00fcks\u00e9ge van az egy\u00fctt\u00e9rz\u00e9semre.<\/p>\n\n\n\n<p>\u2013 Az \u00e9n nagyap\u00e1m is\u2026 M\u00e9g a h\u00e1bor\u00faban! \u00c9s minden rokonom! \u2013 ki\u00e1ltan\u00e1 S\u00e1ndor, de a l\u00e1ny m\u00e1r a cs\u00e9sz\u00e9kkel cs\u00f6r\u00f6mp\u00f6l a konyh\u00e1ban. B\u00fasan k\u00f6rbes\u00e9t\u00e1lja h\u00e1t a szob\u00e1t. V\u00e9gih\u00fazza ujj\u00e1t a neh\u00e9z, s\u00f6t\u00e9tbarna b\u00fatorokon, meg\u00e1ll a csal\u00e1dtagok falra akasztott k\u00e9pei el\u0151tt, \u00e9s szorgalmasan s\u00f3hajtozik. Az ablakon t\u00fal havazik. A sz\u00edv\u00e9t is mintha m\u00e1zs\u00e1s j\u00e9gcsapok h\u00fazn\u00e1k lefel\u00e9, a dr\u00e1ga perzsasz\u0151nyeg ir\u00e1ny\u00e1ba.<\/p>\n\n\n\n<p>De hopp! Ez \u00e9rdekes. A kandall\u00f3ban elszenesedett lev\u00e9lpap\u00edrt pillant meg. Egy szeletke nem hamvadt el, miut\u00e1n \u00f6sszet\u00e9pt\u00e9k, j\u00f3l olvashat\u00f3 rajta az im\u00e1dott n\u0151i k\u00e9z\u00edr\u00e1s: \u201e\u2026a kar\u00e1csonyt a legnagyobb titokban \u00d3t\u00e1traf\u00fcreden, a Grandhotelben t\u00f6lt\u00f6m\u2026\u201d<\/p>\n\n\n\n<p>A k\u00f6lt\u0151 nem adja fel egyk\u00f6nnyen. R\u00e1ad\u00e1sul a Magas-T\u00e1tra fel\u00e9 vonatozva semmi akad\u00e1ly\u00e1t nem l\u00e1tja, hogy egy \u00fajabb k\u00f6ltem\u00e9nyben vallja meg \u00e9rz\u00e9seit Alzsbetka ir\u00e1nt. A kup\u00e9ban klasszikus l\u00fadtollal veti gy\u0171r\u00f6tt kis pap\u00edrj\u00e1ra a sorokat. <em>\u201eSzemedben tiszt\u00e1nak \u00e9s sz\u00e9pnek l\u00e1tom magam, \u00e9n a bukott angyal\u2026\u201d<\/em><\/p>\n\n\n\n<p>A vonat z\u00f6ty\u00f6g\u00e9se miatt a tinta foltokat fr\u00f6ccsent am\u00fagy is k\u00e9k, kock\u00e1s \u00f6lt\u00f6ny\u00e9re, ingujj\u00e1ra, de ez \u0151t egy\u00e1ltal\u00e1n nem zavarja. \u00datit\u00e1rsai elsz\u00f6rnyedve figyelik t\u00e9nyked\u00e9s\u00e9t. F\u0151leg, mivel f\u00e9lig hangosan fel is olvassa mag\u00e1nak a m\u00e1r letiszt\u00e1zott sorokat.<\/p>\n\n\n\n<p>\u2013 Anya! \u0150 t\u00e9nyleg Lucifer? \u2013 b\u00fajik a f\u00fclke sark\u00e1ba egy f\u00e9l\u00e9nk kisfi\u00fa. Azt\u00e1n s\u00edpcsonton r\u00fagja S\u00e1ndort, hogy az belejajdul. A sz\u00fcl\u0151k \u00fagy tesznek, mintha nem l\u00e1tn\u00e1k, mit m\u0171vel a gyermek\u00fck. A k\u00f6lt\u0151 \u00edgy a folyos\u00f3n, az \u00e1lland\u00f3 huzat \u00e9s zakatol\u00e1s k\u00e9nyelmetlens\u00e9g\u00e9ben.k\u00e9nytelen folytatni m\u0171v\u00e9t.<\/p>\n\n\n\n<p>Minden havas. S\u00e1ndor a hotel el\u0151tt \u00e1llva a vil\u00e1g\u00edt\u00f3 ablakokat b\u00e1mulja, \u00e9s er\u0151sen b\u00edzik a szerelem megv\u00e1lt\u00f3 erej\u00e9ben. Egy k\u00f6zeli, sud\u00e1r feny\u0151f\u00e1ra esik a pillant\u00e1sa. Arca felragyog.<\/p>\n\n\n\n<p>\u2013 Ha ezt feld\u00edsz\u00edtem, b\u00e1rmelyik szob\u00e1ban lakjon is Alzsbetka, s\u00edr\u00e1sig meghatja majd!<\/p>\n\n\n\n<p>Szerencs\u00e9re a m\u00e1sik utc\u00e1ban \u00e1ll egy csecsebecs\u00e9kkel teleaggatott fa. Csak \u00e1t kell hordani \u0151ket, \u00e9s k\u00e9sz a var\u00e1zslat. S\u00e1ndor nem hallja, ahogy a k\u00f6zeli h\u00e1z m\u00e1sodik emelet\u00e9n a bok\u00e1nrugdos\u00f3 kisgyerek \u00fcv\u00f6ltve veri az ablakot:<\/p>\n\n\n\n<p>\u2013 Anya! Itt az \u00f6rd\u00f6g! Elviszi a d\u00edszeket!<\/p>\n\n\n\n<p>Bizony, az egyik feny\u0151n egyre kevesebb a csillog\u00f3 g\u00f6mb, angyalhaj meg a cip\u0151sdoboznyi szaloncukor, a m\u00e1sikon meg egyre t\u00f6bb.<\/p>\n\n\n\n<p>A Grandhotel f\u00e9ny\u00e1rban \u00e1ll. S\u00e1ndor egyik szeme az ablakokat lesi, a m\u00e1sik meg a k\u00f6zte \u00e9s a havas talaj k\u00f6zti t\u00e1vols\u00e1got. \u00c9ppen a csillagot tenn\u00e9 fel a fa tetej\u00e9re, amikor\u2026<\/p>\n\n\n\n<p>\u2013 Jajjaj! Sz\u0171z M\u00e1ria, ments meg!<\/p>\n\n\n\n<p>A feny\u0151fa teteje elhajlik a s\u00faly alatt, rajta a bel\u00e9csimpaszkod\u00f3 k\u00f6lt\u0151vel. A nyitott ablak ott van k\u00f6zel, egy fiatal h\u00f6lgy mosolyog bel\u0151le S\u00e1ndorra, \u00e9s bar\u00e1ts\u00e1gosan kez\u00e9t ny\u00fajtja a r\u00e9m\u00fclt fiatalember fel\u00e9. Aki azt hiszi, ha most az egyszer nem pillant le, meg\u00faszhatja a nyakt\u00f6r\u00e9st.<\/p>\n\n\n\n<p>Szerencs\u00e9re a l\u00edrikusok v\u00e9d\u0151szentje nem hagyta el az \u0151rhely\u00e9t, \u00e9s a mer\u00e9sz r\u00edmfarag\u00f3 egy nagy kupac h\u00f3ra pottyan. N\u00e9h\u00e1ny perc m\u00falva egy j\u00f3l f\u0171t\u00f6tt hotelszob\u00e1ban kortyolja a forr\u00f3 te\u00e1t, amit Alzsbetka f\u0151z\u00f6tt neki. Azaz\u2026<\/p>\n\n\n\n<p>\u2013 Dr\u00e1ga Sanyika! Tudom, hogy most csod\u00e1lkozol, de az unokatestv\u00e9rem az utols\u00f3 percben \u00e1tengedte nekem ezt a kir\u00e1ndul\u00e1st\u2026<\/p>\n\n\n\n<p>S\u00e1ndorunk egy fotelben \u00fcl, a szem\u00e9ben m\u00e9g hal\u00e1lf\u00e9lelem, a nyaka k\u00f6r\u00fcl m\u00e9g megrepedt kar\u00e1csonyi g\u00f6mb\u00f6k, ingzseb\u00e9ben \u00e1t\u00e1zott angyalhaj. A kez\u00e9ben rumos\u00fcveg.<\/p>\n\n\n\n<p>\u2013 \u2026de el\u0151tte figyelmeztetett, hogy egy g\u00e1l\u00e1ns lovag a sz\u00edvemig mer\u00e9szkedik majd, \u00e9s meg kell \u0151t mentenem.<\/p>\n\n\n\n<p>Bozsenka cseppet sem hasonl\u00edt Alzsbetk\u00e1ra. Kiss\u00e9 kancsal, egy foga hi\u00e1nyzik el\u00f6l, \u00e9s hogyan fogalmazzunk finoman? Az arcvon\u00e1sait nem Leonardo da Vinci tervezte.<\/p>\n\n\n\n<p>\u2013 \u00dagy tudom, a k\u00f6lt\u0151k szeretik a verseket. Engedje meg, kedves S\u00e1ndor, hogy felolvassam \u00f6nnek n\u00e9h\u00e1ny ifj\u00fakori k\u00f6ltem\u00e9nyemet\u2026<\/p>\n\n\n\n<p>Ezzel Bozsenka a kom\u00f3d legfels\u0151 fi\u00f3kj\u00e1b\u00f3l egy piros szalaggal \u00e1tk\u00f6t\u00f6tt vaskos k\u00e9ziratot vesz el\u0151. Megv\u00e1rja, am\u00edg a r\u00e9m\u00fclten pislog\u00f3 k\u00f6lt\u0151 t\u00f6lt m\u00e9g egy kis rumot a te\u00e1j\u00e1ba, azt\u00e1n szaval\u00f3 poz\u00edci\u00f3t vesz fel, \u00e9s v\u00e9kony, mekeg\u0151 hangon r\u00e1kezdi:<\/p>\n\n\n\n<p>\u2013 Tudd meg, S\u00e1ndor, te f\u00e1radt v\u00e1ndor, velem van \u00c1mor, \u00e9s v\u00e1r r\u00e1d a m\u00e1mor\u2026<\/p>\n\n\n\n<p>Fiatal szerelmes l\u00edrikusunk nem tudja, hogy az \u00e1t\u00e1zott pul\u00f3vere miatt remeg-e, vagy m\u00e9g mindig a vonaton \u00fcl, \u00e9s mindezt csak \u00e1lmodja. Azt se b\u00e1nn\u00e1, ha most valaki j\u00f3l s\u00edpcsonton r\u00fagn\u00e1, \u00e9s ett\u0151l fel\u00e9bredne. Az \u00f6sszetint\u00e1zott ing sem probl\u00e9ma, hiszen a p\u00e9knek folyton lisztes a ruh\u00e1ja, hogy a k\u00e9m\u00e9nysepr\u0151kr\u0151l m\u00e1r ne is besz\u00e9lj\u00fcnk. Mondani akar valamit, de \u00fagy \u00e9rzi, hogy a fogai hely\u00e9n apr\u00f3 j\u00e9gcsapok vannak, \u00e9s ha most kinyitn\u00e1 a sz\u00e1j\u00e1t, cs\u00f6r\u00f6mp\u00f6lve mind a f\u00f6ldre hullana.<\/p>\n\n\n\n<p>A h\u00f6lgy a m\u00e1sik fotelban \u00fcl, \u00e9s sajnos nem sz\u00e9p\u00edti meg a szenved\u00e9ly, amellyel a k\u00f6ltem\u00e9nyeit olvassa. R\u00e1ad\u00e1sul nagyon rosszul tud valamit. A k\u00f6lt\u0151 term\u00e9szetesen szereti a verseket, hogyne szeretn\u00e9, de az Isten szerelm\u00e9re, csak a saj\u00e1tjait!<\/p>\n\n\n\n<p>Marad h\u00e1t a rendszeres testmozg\u00e1s.<\/p>\n\n\n\n<p>Egy ugr\u00e1s az ablakig, egy gyors pillant\u00e1s a m\u00e9lybe, \u00e9s a megnyugtat\u00f3 tudat, hogy a feny\u0151fa egyik \u00e1ga nincs is olyan messze.<\/p>\n\n\n\n<p>\u2013 \u00c1lljon meg, Sanyika! Most j\u00f6nnek a legjobb r\u00e9szek!<\/p>\n\n\n\n<p>A h\u00f6lgy kiss\u00e9 hi\u00e1nyos \u00f6lt\u00f6zetben az erk\u00e9lyr\u0151l kihajolva kiab\u00e1l S\u00e1ndorunk fel\u00e9, aki m\u00f3kus\u00fcgyess\u00e9ggel k\u00faszik egyre lejjebb a feld\u00edsz\u00edtett kar\u00e1csonyf\u00e1n.<\/p>\n<\/div>\n\n\n\n<p class=\"has-text-align-right\"><em>Megjelent az Opus 2025\/1-es sz\u00e1m\u00e1ban<\/em><\/p>\n","protected":false},"excerpt":{"rendered":"<p>Elts\u00fasz\u00e1sok (r\u00e9szlet egy k\u00e9sz\u00fcl\u0151 novellaf\u00fcz\u00e9rb\u0151l) A kar\u00e1tsonyfa S\u00e1ndor, mint azt m\u00e1r tudjuk,&nbsp; fut. A rendszeres testmozg\u00e1s eg\u00e9szs\u00e9ges, ezt \u0151 is tudja, \u00e1m olyan szek\u00e9r ut\u00e1n futni rendk\u00edv\u00fcl f\u00e1raszt\u00f3, amelyik nem vesz fel. Pozsonyban vagyunk, 1930. december 20-\u00e1t \u00edrjuk. Odakint igencsak &hellip; <a href=\"https:\/\/opus-folyoirat.sk\/?page_id=3013\">Egy kattint\u00e1s ide a folytat\u00e1shoz&#8230;. <span class=\"meta-nav\">&rarr;<\/span><\/a><\/p>\n","protected":false},"author":4,"featured_media":0,"parent":0,"menu_order":0,"comment_status":"closed","ping_status":"closed","template":"","meta":{"footnotes":""},"class_list":["post-3013","page","type-page","status-publish","hentry"],"_links":{"self":[{"href":"https:\/\/opus-folyoirat.sk\/index.php?rest_route=\/wp\/v2\/pages\/3013","targetHints":{"allow":["GET"]}}],"collection":[{"href":"https:\/\/opus-folyoirat.sk\/index.php?rest_route=\/wp\/v2\/pages"}],"about":[{"href":"https:\/\/opus-folyoirat.sk\/index.php?rest_route=\/wp\/v2\/types\/page"}],"author":[{"embeddable":true,"href":"https:\/\/opus-folyoirat.sk\/index.php?rest_route=\/wp\/v2\/users\/4"}],"replies":[{"embeddable":true,"href":"https:\/\/opus-folyoirat.sk\/index.php?rest_route=%2Fwp%2Fv2%2Fcomments&post=3013"}],"version-history":[{"count":1,"href":"https:\/\/opus-folyoirat.sk\/index.php?rest_route=\/wp\/v2\/pages\/3013\/revisions"}],"predecessor-version":[{"id":3014,"href":"https:\/\/opus-folyoirat.sk\/index.php?rest_route=\/wp\/v2\/pages\/3013\/revisions\/3014"}],"wp:attachment":[{"href":"https:\/\/opus-folyoirat.sk\/index.php?rest_route=%2Fwp%2Fv2%2Fmedia&parent=3013"}],"curies":[{"name":"wp","href":"https:\/\/api.w.org\/{rel}","templated":true}]}}