{"id":3017,"date":"2025-04-01T15:22:00","date_gmt":"2025-04-01T13:22:00","guid":{"rendered":"https:\/\/opus-folyoirat.sk\/?page_id=3017"},"modified":"2025-11-18T15:24:18","modified_gmt":"2025-11-18T13:24:18","slug":"z-nemeth-istvan-3","status":"publish","type":"page","link":"https:\/\/opus-folyoirat.sk\/?page_id=3017","title":{"rendered":"Z. N\u00e9meth Istv\u00e1n"},"content":{"rendered":"\n<div class=\"wp-block-group is-vertical is-layout-flex wp-container-core-group-is-layout-8cf370e7 wp-block-group-is-layout-flex\">\n<p class=\"has-medium-font-size\"><strong>Elts\u00fasz\u00e1sok<\/strong><\/p>\n\n\n\n<p>(r\u00e9szlet egy k\u00e9sz\u00fcl\u0151 novellaf\u00fcz\u00e9rb\u0151l)<\/p>\n<\/div>\n\n\n<div class=\"has-text-align-right wp-block-post-date\"><time datetime=\"2025-04-01T15:22:00+02:00\">2025-04-01<\/time><\/div>\n\n\n<p><strong>F\u00f6ldtsuszaml\u00e1s<\/strong><\/p>\n\n\n\n<div class=\"wp-block-group is-vertical is-layout-flex wp-container-core-group-is-layout-8cf370e7 wp-block-group-is-layout-flex\">\n<p>S\u00e1ndor nem fut t\u00f6bb\u00e9, nem menek\u00fcl.<\/p>\n\n\n\n<p>\u00c1ll\u00e1sa van. Azaz \u00fcl\u00e9se. Egy \u00edr\u00f3asztal m\u00f6g\u00f6tt. Meg saj\u00e1t iroda. Saj\u00e1t titk\u00e1rn\u0151. Akarhat egy k\u00f6lt\u0151 enn\u00e9l t\u00f6bbet?<\/p>\n\n\n\n<p>Akarhat, de h\u00e1t az \u00e9let nem k\u00edv\u00e1ns\u00e1gm\u0171sor. Az Els\u0151 \u00c1llami Rad\u00edrgy\u00e1r munkat\u00e1rs\u00e1nak lenni igaz\u00e1n megtisztel\u0151 dolog. Nem volt k\u00f6nny\u0171 bejutni, ami azt illeti. Mindent Vilm\u00e1csk\u00e1nak k\u00f6sz\u00f6nhet. A h\u00f6lgy azt mondta, ha S\u00e1ndor meg\u00edg\u00e9ri, hogy nem \u00edr hozz\u00e1 t\u00f6bb verset, \u00e9s felhagy a vir\u00e1gcsokrok k\u00fcld\u00f6zget\u00e9s\u00e9vel, beszerzi valami j\u00f3 helyre. Ahol \u00e9pp \u00fcresed\u00e9s van.<\/p>\n\n\n\n<p>\u2013 \u00c9s mit kell ott csin\u00e1lni? \u2013 k\u00e9rdezte k\u00f6lt\u0151nk aggodalmasan.<\/p>\n\n\n\n<p>\u2013 Semmit \u2013 mondta Vilm\u00e1cska, \u00e9s m\u00e9lyen Ts\u00fasz\u00f3 szem\u00e9be n\u00e9zett.<\/p>\n\n\n\n<p>\u2013 Az j\u00f3 \u2013 nyugodott meg S\u00e1ndor, \u00e9s m\u00e9lyen a h\u00f6lgy dekolt\u00e1zs\u00e1ba pillantott. A l\u00e1tv\u00e1ny hat\u00e1s\u00e1ra egy \u00fajabb szerelmi l\u00edra\u00f6mleny els\u0151 sora fogalmaz\u00f3dott meg benne, de azt\u00e1n hidegv\u00edzzel alaposan megmosta a homlok\u00e1t, \u00e9s a vad \u00e9rzelemgomb\u00f3c engedelmesen sz\u00e9toszlott a semmibe, ahonn\u00e9t j\u00f6tt. \u2013 Ahhoz kiv\u00e1l\u00f3an \u00e9rtek. Csak fizess\u00e9k meg rendesen.<\/p>\n\n\n\n<p>\u2013 Nyugalom. A nagyb\u00e1csim ott az igazgat\u00f3. Ha sz\u00f3t fogadsz neki, nem lesz semmi baj.<\/p>\n\n\n\n<p>Walter \u00far, a f\u0151n\u00f6k igaz\u00e1n szimpatikus volt. Mindig feh\u00e9r k\u00f6penyben j\u00e1rt, \u00e9s csak a jobb hal\u00e1nt\u00e9ka \u0151sz\u00fclt. Cigarett\u00e1j\u00e1t gyakran a vir\u00e1gcser\u00e9pben nyomta el, \u00e9s a szem\u00fcveg\u00e9nek bal \u00fcvegje hi\u00e1nyzott. De nem mondhatjuk, hogy emiatt rossz szemmel n\u00e9zett k\u00f6lt\u0151nkre.<\/p>\n\n\n\n<p>\u2013 Bevezet\u00e9sk\u00e9ppen \u00edrjon egy verset, majd rad\u00edrozza ki, azt\u00e1n sz\u00e1moljon be az eredm\u00e9nyr\u0151l.<\/p>\n\n\n\n<p>S\u00e1ndor egyed\u00fcl maradt az irod\u00e1ban. N\u00e9zte a f\u00fcst\u00f6l\u0151 vir\u00e1gcserepet, a falon a kifakult harmonogramot, a dosszi\u00e9kat az \u00fcveg m\u00f6g\u00f6tt. Kih\u00fazta \u00edr\u00f3asztala fi\u00f3kj\u00e1t, ahonn\u00e9t egy \u00fcres pap\u00edrlapot vett el\u0151. Kihegyezte az asztalon tal\u00e1lhat\u00f3 t\u00edz grafitceruza egyik\u00e9t, azt\u00e1n a rad\u00edrokra esett a pillant\u00e1sa.<\/p>\n\n\n\n<p>Vajon melyik lenne k\u00e9pes elt\u00fcntetni az \u00f6sszes hib\u00e1t, amelyet az \u00e9let\u00e9ben eddig elk\u00f6vetett?<\/p>\n\n\n\n<p>Beh\u00edvta a titk\u00e1rn\u0151t, Juditk\u00e1t. Le\u00fcltette mag\u00e1val szemben, \u00e9s elhat\u00e1rozta, hogy most azonnal bele fog szeretni.<\/p>\n\n\n\n<p>\u2013 F\u00e9rjn\u00e9l vagyok \u2013 mondta a n\u0151.<\/p>\n\n\n\n<p>\u2013 Akkor legyen sz\u00edves, f\u0151zz\u00f6n egy j\u00f3 er\u0151s k\u00e1v\u00e9t! \u2013 rezzent \u00f6ssze S\u00e1ndor, \u00e9s \u00fagy tett, mintha m\u00e1r kital\u00e1lta volna a meg\u00edrand\u00f3 vers c\u00edm\u00e9t. Pedig csak a saj\u00e1t nev\u00e9t maszatolta fel a pap\u00edrra.<\/p>\n\n\n\n<p>\u2013 Prkk!<\/p>\n\n\n\n<p>Kit\u00f6r\u00f6tt a ceruza hegye. Azt\u00e1n elromlott a farag\u00f3, \u00e9s k\u00f6lt\u0151nk kedve is.<\/p>\n\n\n\n<p>\u2013 Micsoda b\u0171nt\u00e9ny! Kirad\u00edrozni egy verset! \u2013 d\u00f6rm\u00f6gte maga el\u00e9, \u00e9s egy m\u00e1sik grafittal kicsinos\u00edtotta nev\u00e9nek kezd\u0151bet\u0171it.<\/p>\n\n\n\n<p>J\u00f6tt Juditka, hozta a k\u00e1v\u00e9t. A haj\u00e1nak \u00e9des eperillata volt, ahogy kiss\u00e9 lehajolt, hogy az asztalra tegye a cs\u00e9sz\u00e9t. \u201eAlacsony, kiss\u00e9 molett, de rengeteg kedvess\u00e9g \u00e1rad bel\u0151le\u201d \u2013 gondolta S\u00e1ndor. Amikor egyed\u00fcl maradt az irod\u00e1ban, levette a cip\u0151j\u00e9t, mert nyomta a l\u00e1b\u00e1t. Azt\u00e1n ny\u00fajt\u00f3zkodott, \u00e1s\u00edtott, \u00e9s a cs\u00e9sze mellett \u00e1rv\u00e1lkod\u00f3 kockacukrot sz\u00ednpadias mozdulattal haj\u00edtotta a g\u0151z\u00f6lg\u0151 italba. Hosszasan keverte a feket\u00e9t, mintha nem b\u00edzott volna benne, hogy az szinte azonnal felold\u00f3dik.<\/p>\n\n\n\n<p>\u00c9let\u00e9ben annyi verset \u00edrt m\u00e1r, hogy nem \u00e9rezte probl\u00e9m\u00e1nak, ha most olyat kell alkotnia, amely v\u00e9g\u00fcl a rad\u00edr apr\u00f3, d\u00f6rzs\u00f6lget\u0151 teste alatt v\u00e9gzi. Egy elrontott szerelmes vers \u00e9ppen megteszi. Mondjuk Vilm\u00e1cska, esetleg Juditka lehetn\u00e9nek a m\u00fazs\u00e1k.<\/p>\n\n\n\n<p>De nem. Egy \u00fariember tartsa be, amit \u00edg\u00e9r! M\u00e9g akkor is, ha k\u00f6ltem\u00e9nye az eny\u00e9szet \u00e1ldozat\u00e1v\u00e1 v\u00e1lik. Ja, \u00e9s az eperillat\u00fa haj sem ad felment\u00e9st.<\/p>\n\n\n\n<p>Gyorsan kiitta a k\u00e1v\u00e9t, majd elindult felm\u00e9rni az Els\u0151 \u00c1llami Rad\u00edrgy\u00e1r h\u00f6lgy\u00e1llom\u00e1ny\u00e1t. A gy\u00e1rt\u00f3r\u00e9szlegben nagy volt a zaj, r\u00e1ad\u00e1sul a n\u0151i munk\u00e1sok fejkend\u0151t viseltek, ami sokat eltakart az arcukb\u00f3l. A dobozol\u00f3kn\u00e1l csupa f\u00e9rfi alkalmazott dolgozott. Emeltek, cipeltek, k\u00e1romkodtak \u00e9s kellemetlen izzadts\u00e1gszaguk volt. A f\u0151n\u00f6k titk\u00e1rn\u0151je, Margitka \u00e9ppen a k\u00f6rm\u00e9t lakkozta. Intett S\u00e1ndornak, hogy \u00fclj\u00f6n le. Megk\u00e9rdezte a k\u00f6lt\u0151t, k\u00e9r-e k\u00e1v\u00e9t. Ts\u00fasz\u00f3 a fej\u00e9t ingatta, hogy ma m\u00e1r ivott egyet.<\/p>\n\n\n\n<p>\u2013 Nos, milyen az \u00faj rad\u00edrunk? \u2013 k\u00e9rdezte kedvesen. \u2013 Maszatol?<\/p>\n\n\n\n<p>\u2013 Nem tudom \u2013 vallotta be a versek mestere, \u00e9s kiss\u00e9 elpirult. \u2013 M\u00e9g nem j\u00f6tt az ihlet.<\/p>\n\n\n\n<p>\u2013 Mes\u00e9ljen nekem arr\u00f3l az ihletr\u0151l \u2013 k\u00e9rte Margitka, mik\u00f6zben furcsa \u00e9s hirtelen mozdulatokat tett, hogy min\u00e9l hamarabb megsz\u00e1radjon a k\u00f6rm\u00e9n a lakk.<\/p>\n\n\n\n<p>S\u00e1ndor elm\u00e9l\u00e1zott.<\/p>\n\n\n\n<p>\u2013 Mintha az ember fej\u00e9ben megny\u00edlna egy \u00e9gi csatorna, s abba bele\u00f6nten\u00e9k a k\u00e9sz verset.<\/p>\n\n\n\n<p>Margitka apr\u00f3kat kuncogott.<\/p>\n\n\n\n<p>\u2013 Izgalmas lehet. Most akkor k\u00e9rje meg az \u00f6nt\u00f6d\u00e9t, hogy valami b\u0171n rossz ballad\u00e1t post\u00e1zzanak, amit azonnal el kell t\u00fcntetni a pap\u00edrr\u00f3l.<\/p>\n\n\n\n<p>\u2013 Azon vagyok \u2013 merengett a k\u00f6lt\u0151 mik\u00f6zben szedel\u0151zk\u00f6d\u00f6tt. \u2013 Megyek, mert v\u00e1r a munka.<\/p>\n\n\n\n<p>\u2013 Hozz\u00e1m m\u00e9g senki soha nem \u00edrt szerelmes verset \u2013 mondta v\u00e1ratlanul Margitka, \u00e9s a pillant\u00e1s\u00e1ban annyi romantika b\u00fajk\u00e1lt, hogy egy szemorvos is zavarba j\u00f6tt volna t\u0151le.<\/p>\n\n\n\n<p>\u2013 Tess\u00e9k? \u2013 d\u00f6bbent meg Ts\u00fasz\u00f3. \u2013 Menjek, \u00e9s \u00edrjak mag\u00e1hoz egy rossz szerelmes verset, amit azt\u00e1n kirad\u00edrozhatok?<\/p>\n\n\n\n<p>\u2013 Rosszat semmik\u00e9pp se \u2013 kacagott a titk\u00e1rn\u0151. \u2013 A f\u00e9rjem d\u00edjbirk\u00f3z\u00f3. Megvern\u00e9, ha kitud\u00f3dna. De egy pomp\u00e1san meg\u00edrt k\u00f6ltem\u00e9ny, aminek k\u00f6sz\u00f6nhet\u0151en beker\u00fcln\u00e9k a tank\u00f6nyvekbe\u2026 A nagy Ts\u00fasz\u00f3 S\u00e1ndor m\u00fazs\u00e1ja, Srapnel \u00d6d\u00f6nn\u00e9 sz\u00fcletett Bukta Am\u00e1lia.<\/p>\n\n\n\n<p>A k\u00f6lt\u0151 megvakarta a f\u00fcle t\u00f6v\u00e9t.<\/p>\n\n\n\n<p>\u2013 Hm. Azt hittem, Margitnak h\u00edvj\u00e1k.<\/p>\n\n\n\n<p>\u2013 Az \u00e9let csupa titok \u00e9s rejtelem \u2013 lehelte Margit (vagy Am\u00e1lia?), \u00e9s visszafordult az \u00edr\u00f3g\u00e9p fel\u00e9. S\u00e1ndor \u00e1llt egy darabig az iroda k\u00f6zep\u00e9n, majd halkan elk\u00f6sz\u00f6nt.<\/p>\n\n\n\n<p>Amikor k\u00e9nyelmesen elhelyezkedett az asztal\u00e1n\u00e1l, kicsit b\u0171v\u00f6lte a pap\u00edrt, amin m\u00e1r ott d\u00edszelgett a neve, majd sorban az orra al\u00e1 nyomta a ceruz\u00e1kat meg a rad\u00edrokat, h\u00e1tha\u2026 Schiller \u00e1ll\u00edt\u00f3lag rohadt alm\u00e1t szagolgatott, hogy megsz\u00e1llja az ihlet. Alma ugyan nem volt a k\u00f6zelben, a grafit sem hozta meg a v\u00e1rt eredm\u00e9nyt, de tal\u00e1n a cserepes vir\u00e1g.<\/p>\n\n\n\n<p>Az meg iszony\u00fa b\u00fcd\u00f6s volt k\u00f6zelr\u0151l.<\/p>\n\n\n\n<p>S\u00e1ndor rendelt m\u00e9g egy k\u00e1v\u00e9t Juditk\u00e1t\u00f3l, majd amikor az le akarta tenni az asztal\u00e1ra, k\u00f6lt\u0151nk megk\u00e9rdezte:<\/p>\n\n\n\n<p>\u2013 Milyen sampont haszn\u00e1l, ha megk\u00e9rdezhetem?<\/p>\n\n\n\n<p>\u2013 Feny\u0151illat\u00fat.<\/p>\n\n\n\n<p>Ts\u00fasz\u00f3 nem ezt a v\u00e1laszt v\u00e1rta.<\/p>\n\n\n\n<p>\u2013 Eperre tippeltem volna\u2026<\/p>\n\n\n\n<p>\u2013 Akkor ma gondosan ker\u00fclje el a fogad\u00f3irod\u00e1kat \u2013 mosolygott Juditka. \u2013 Egy csom\u00f3 p\u00e9nzt megsp\u00f3rol.<\/p>\n\n\n\n<p>A k\u00f6lt\u0151t erre azonnal megsz\u00e1llta az ihlet. Intett a titk\u00e1rn\u0151nek, hogy s\u00fcrg\u0151sen hagyja mag\u00e1ra, majd pillanatok alatt \u00edrt egy nyolc versszakos verset egy olyan irod\u00e1r\u00f3l, ahol nem lovakra vagy sz\u00e1mjegyekre lehet fogadni, hanem k\u00f6lt\u0151i teljes\u00edtm\u00e9nyekre.<\/p>\n\n\n\n<p>El\u00e9gedett volt mag\u00e1val. K\u00e9t k\u00e1v\u00e9 az m\u00e9giscsak k\u00e9t k\u00e1v\u00e9! M\u00e1r ny\u00falt is a rad\u00edr ut\u00e1n. Azt\u00e1n azt gondolta, b\u00facs\u00faz\u00e1sul m\u00e9g elolvassa egyszer a verset.<\/p>\n\n\n\n<p>\u2013 De hiszen ez j\u00f3! \u2013 tekintett fel d\u00f6bbenten. \u2013 Ennek maradnia kell.<\/p>\n\n\n\n<p>Gyorsan \u00faj pap\u00edrt h\u00fazott el\u0151 a fi\u00f3kb\u00f3l, \u00e9s m\u00e9g a nev\u00e9t sem \u00edrta fel, \u00fagy esett neki az \u00fajabb versnek. Ha ki lesz rad\u00edrozva, mindegy, hogy ki a szerz\u0151je, nem?<\/p>\n\n\n\n<p>A feny\u0151, aminek eperillata volt. Ez akkora marhas\u00e1g, hogy \u00f6r\u00f6m lesz elt\u00fcntetni m\u00e9g az eml\u00e9k\u00e9t is.<\/p>\n\n\n\n<p>Nem az lett. T\u00fal j\u00f3kat \u00f6ntenek a fej\u00e9be az \u00e9gi csatorn\u00e1kb\u00f3l. Direkt rosszat kell \u00edrnia. Alapos odafigyel\u00e9ssel menni fog. Mennyi k\u00f6lt\u0151t\u00e1rs\u00e1nak siker\u00fcl az ilyesmi! \u0150 sem lehet kiv\u00e9tel.<\/p>\n\n\n\n<p>De a k\u00f6vetkez\u0151 verset is sajn\u00e1lta volna kirad\u00edrozni. Egy szonett a rem\u00e9nytelen szerelemr\u0151l. \u00c9s az a tizennegyedik sor, amire kifut az eg\u00e9sz k\u00f6ltem\u00e9ny! Shakespeare irigykedhetne.<\/p>\n\n\n\n<p>No, most valami b\u00e1rgy\u00fat, valami \u00f6sszecsapottat, valami eg\u00e9szen borzaszt\u00f3t! Csak esz\u00e9be jut egy cukrozott, \u00e9melyg\u0151s, ezerszer elcs\u00e9pelt gondolat! Megszagolta a szoban\u00f6v\u00e9nyt, m\u00e1r nem t\u0171nt annyira b\u00fcd\u00f6snek. R\u00e1gy\u00fajtott egy cigarett\u00e1ra, majd a cser\u00e9pben nyomta el a csikket, ahogy a f\u0151n\u00f6k\u00e9t\u0151l l\u00e1tta. Sz\u00e9d\u00fclt, \u00e9melygett a gyomra a nikotint\u00f3l, de a f\u00fcst gl\u00f3ri\u00e1t vont a feje k\u00f6r\u00e9, \u00e9s a szekr\u00e9ny \u00fcveg\u00e9ben egy \u0151r\u00fclt Nobel-d\u00edjas k\u00f6lt\u0151nek l\u00e1tta mag\u00e1t, aki \u00e9ppen most gy\u00fajtja fel R\u00f3m\u00e1t, hogy azt\u00e1n meg\u00e9nekelhesse a pusztul\u00e1st.<\/p>\n\n\n\n<p>\u00c9let\u00e9ben nem \u00edrt m\u00e9g ennyire j\u00f3 verset! Olyan er\u0151s k\u00f6lt\u0151i k\u00e9pek kanyarodtak ki ceruz\u00e1j\u00e1nak v\u00e9g\u00e9b\u0151l, hogy szeme elhom\u00e1lyosult, \u00e9s s\u00edrt, s\u00edrt, mint egy kisgyerek.<\/p>\n\n\n\n<p>M\u00e9g akkor is szipogott, amikor Margitka (vagy Am\u00e1lia?) Walter utas\u00edt\u00e1s\u00e1ra kez\u00e9be nyomta a felmond\u00e1s\u00e1t.<\/p>\n<\/div>\n\n\n\n<p class=\"has-text-align-right\"><em>Megjelent az Opus 2025\/1-es sz\u00e1m\u00e1ban<\/em><\/p>\n","protected":false},"excerpt":{"rendered":"<p>Elts\u00fasz\u00e1sok (r\u00e9szlet egy k\u00e9sz\u00fcl\u0151 novellaf\u00fcz\u00e9rb\u0151l) F\u00f6ldtsuszaml\u00e1s S\u00e1ndor nem fut t\u00f6bb\u00e9, nem menek\u00fcl. \u00c1ll\u00e1sa van. Azaz \u00fcl\u00e9se. Egy \u00edr\u00f3asztal m\u00f6g\u00f6tt. Meg saj\u00e1t iroda. Saj\u00e1t titk\u00e1rn\u0151. Akarhat egy k\u00f6lt\u0151 enn\u00e9l t\u00f6bbet? Akarhat, de h\u00e1t az \u00e9let nem k\u00edv\u00e1ns\u00e1gm\u0171sor. Az Els\u0151 \u00c1llami Rad\u00edrgy\u00e1r &hellip; <a href=\"https:\/\/opus-folyoirat.sk\/?page_id=3017\">Egy kattint\u00e1s ide a folytat\u00e1shoz&#8230;. <span class=\"meta-nav\">&rarr;<\/span><\/a><\/p>\n","protected":false},"author":4,"featured_media":0,"parent":0,"menu_order":0,"comment_status":"closed","ping_status":"closed","template":"","meta":{"footnotes":""},"class_list":["post-3017","page","type-page","status-publish","hentry"],"_links":{"self":[{"href":"https:\/\/opus-folyoirat.sk\/index.php?rest_route=\/wp\/v2\/pages\/3017","targetHints":{"allow":["GET"]}}],"collection":[{"href":"https:\/\/opus-folyoirat.sk\/index.php?rest_route=\/wp\/v2\/pages"}],"about":[{"href":"https:\/\/opus-folyoirat.sk\/index.php?rest_route=\/wp\/v2\/types\/page"}],"author":[{"embeddable":true,"href":"https:\/\/opus-folyoirat.sk\/index.php?rest_route=\/wp\/v2\/users\/4"}],"replies":[{"embeddable":true,"href":"https:\/\/opus-folyoirat.sk\/index.php?rest_route=%2Fwp%2Fv2%2Fcomments&post=3017"}],"version-history":[{"count":1,"href":"https:\/\/opus-folyoirat.sk\/index.php?rest_route=\/wp\/v2\/pages\/3017\/revisions"}],"predecessor-version":[{"id":3018,"href":"https:\/\/opus-folyoirat.sk\/index.php?rest_route=\/wp\/v2\/pages\/3017\/revisions\/3018"}],"wp:attachment":[{"href":"https:\/\/opus-folyoirat.sk\/index.php?rest_route=%2Fwp%2Fv2%2Fmedia&parent=3017"}],"curies":[{"name":"wp","href":"https:\/\/api.w.org\/{rel}","templated":true}]}}