{"id":3057,"date":"2025-09-18T21:17:00","date_gmt":"2025-09-18T19:17:00","guid":{"rendered":"https:\/\/opus-folyoirat.sk\/?page_id=3057"},"modified":"2025-11-18T21:20:03","modified_gmt":"2025-11-18T19:20:03","slug":"valami-szepet-meg-csinaljak","status":"publish","type":"page","link":"https:\/\/opus-folyoirat.sk\/?page_id=3057","title":{"rendered":"\u201eValami sz\u00e9pet m\u00e9g csin\u00e1ljak\u201d"},"content":{"rendered":"\n<div class=\"wp-block-group is-vertical is-layout-flex wp-container-core-group-is-layout-8cf370e7 wp-block-group-is-layout-flex\">\n<p class=\"has-medium-font-size\"><\/p>\n\n\n\n<p><em>Interj\u00fa Hars\u00e1nyi G\u00e1bor&nbsp;Kossuth- \u00e9s k\u00e9tszeres J\u00e1szai Mari-d\u00edjas sz\u00edn\u00e9sszel, \u00edr\u00f3val, \u00c9rdemes m\u0171v\u00e9sszel<\/em><\/p>\n<\/div>\n\n\n<div class=\"has-text-align-right wp-block-post-date\"><time datetime=\"2025-09-18T21:17:00+02:00\">2025-09-18<\/time><\/div>\n\n\n<p><\/p>\n\n\n\n<p>Az \u00f6r\u00f6kifj\u00fa Hars\u00e1nyi G\u00e1bor t\u00f6bb mint \u00f6tven \u00e9ve szerzett ismerts\u00e9get, &nbsp;t\u00f6bbek k\u00f6z\u00f6tt az &nbsp;<em>Egy \u00f3ra m\u00falva itt vagyok<\/em>&nbsp;c\u00edm\u0171 t\u00e9v\u00e9sorozat L\u00e1ng Vinc\u00e9jek\u00e9nt, vagy a&nbsp;<em>J\u00f3 est\u00e9t ny\u00e1r, j\u00f3 est\u00e9t szerelem<\/em>&nbsp;c\u00edm\u0171 t\u00e9v\u00e9film f\u0151szerepl\u0151jek\u00e9nt, de felejthetetlen alak\u00edt\u00e1st ny\u00fajtott a&nbsp;<em>Linda<\/em>&nbsp;c\u00edm\u0171 sorozatban is.&nbsp;Gener\u00e1ci\u00f3k n\u0151ttek fel a Palacsint\u00e1s kir\u00e1lyon, melyben&nbsp;zseni\u00e1lisan alak\u00edtotta Cs\u00f6r\u00f6g\u00e9t az udvari bolondot. Utaz\u00f3 t\u00e1rsulatokkal ma is j\u00e1rja az orsz\u00e1got, \u00f6n\u00e1ll\u00f3 esteket tart id\u0151s embereknek, hogy felr\u00e1zza \u0151ket a&nbsp;letargi\u00e1b\u00f3l.<\/p>\n\n\n\n<figure class=\"wp-block-image size-full\"><img loading=\"lazy\" decoding=\"async\" width=\"511\" height=\"287\" src=\"https:\/\/opus-folyoirat.sk\/wp-content\/uploads\/2025\/11\/275733622_486755683116408_4227438985657682723_n.jpeg\" alt=\"\" class=\"wp-image-3059\" srcset=\"https:\/\/opus-folyoirat.sk\/wp-content\/uploads\/2025\/11\/275733622_486755683116408_4227438985657682723_n.jpeg 511w, https:\/\/opus-folyoirat.sk\/wp-content\/uploads\/2025\/11\/275733622_486755683116408_4227438985657682723_n-300x168.jpeg 300w, https:\/\/opus-folyoirat.sk\/wp-content\/uploads\/2025\/11\/275733622_486755683116408_4227438985657682723_n-500x281.jpeg 500w\" sizes=\"auto, (max-width: 511px) 100vw, 511px\" \/><\/figure>\n\n\n\n<div class=\"wp-block-group is-vertical is-layout-flex wp-container-core-group-is-layout-8cf370e7 wp-block-group-is-layout-flex\">\n<p><strong>A hihetetlen\u00fcl gazdag p\u00e1lyafut\u00e1sa sor\u00e1n k\u00f6zel sz\u00e1z j\u00e1t\u00e9k- \u00e9s t\u00e9v\u00e9filmben j\u00e1tszott nagy sikerrel, nagyszer\u0171 koll\u00e9g\u00e1kkal. Napjainkban mivel foglalja le mag\u00e1t?<\/strong><strong><\/strong><\/p>\n\n\n\n<p>Manaps\u00e1g kevesebb t\u00e9v\u00e9film k\u00e9sz\u00fcl, mint annak idej\u00e9n, amikor elv\u00e9geztem a f\u0151iskol\u00e1t, s ezekben a filmekben vagy kap szerepet az id\u0151sebb sz\u00edn\u00e9sz, vagy nem.&nbsp; Az ut\u00f3bbi id\u0151ben ink\u00e1bb portr\u00e9filmekben szerepeltem, vagy az&nbsp;<em>Alm\u00e1riumban<\/em>, a fikci\u00f3s r\u00f6vidfilmsorozatban a Duna Telev\u00edzi\u00f3n. &nbsp;Nemr\u00e9giben pedig egy fiatalabb koll\u00e9ga k\u00e9rt fel szerepre az \u00faj filmj\u00e9ben. \u00d6r\u00fcl\u00f6k a&nbsp;felk\u00e9r\u00e9snek, de az ember egy bizonyos kor ut\u00e1n, ak\u00e1r akarja, ak\u00e1r nem, be kell, hogy l\u00e1ssa, a&nbsp;n\u00e9z\u0151k fiatalokat akarnak l\u00e1tni a&nbsp;k\u00e9perny\u0151n.&nbsp;Kisebb t\u00e1rsulatokkal most is j\u00e1rom az orsz\u00e1got, s b\u00e1r nagyon kem\u00e9nyen benne vagyok a korban, az az \u00e9rz\u00e9sem, hogy m\u00e9g valami sz\u00e9pet fogok csin\u00e1lni. &nbsp;<\/p>\n<\/div>\n\n\n\n<p><\/p>\n\n\n\n<div class=\"wp-block-group is-vertical is-layout-flex wp-container-core-group-is-layout-8cf370e7 wp-block-group-is-layout-flex\">\n<p><strong>K\u00f6ztudott, hogy a sz\u00edn\u00e9szet mellett a m\u00e1sik szenved\u00e9lye az \u00edr\u00e1s.<\/strong><strong><\/strong><\/p>\n\n\n\n<p>Eddigi p\u00e1lyafut\u00e1som sor\u00e1n mindig \u00f6sszefon\u00f3dott a sz\u00ednh\u00e1z \u00e9s az \u00edr\u00e1s. Annak idej\u00e9n a Buday Nagy Antal Gimn\u00e1ziumba j\u00e1rtam, s ott volt egy Miksz\u00e1th-kutat\u00f3 irodalomtan\u00e1runk, R\u00e1dics K\u00e1lm\u00e1n. Egy nagyon izgalmas \u00f6nk\u00e9pz\u0151 k\u00f6rt vezetett, s ott megk\u00e9rt minket, hogy \u00edrjunk \u00e9s p\u00e1ly\u00e1zzunk, ugyanis a Magyar R\u00e1di\u00f3ban Padis\u00e1k Mih\u00e1ly, aki akkor az ifj\u00fas\u00e1gi oszt\u00e1ly vezet\u0151je volt, p\u00e1ly\u00e1zatot hirdetett&nbsp;<em>\u00cdgy \u00edrunk mi<\/em>&nbsp;c\u00edmmel. Tizenhat \u00e9vesen meg\u00edrtam \u00e9letem els\u0151 novell\u00e1j\u00e1t&nbsp;<em>M\u00e1r csak egy h\u00e9t<\/em>&nbsp;c\u00edmmel, egy jav\u00edt\u00f3int\u00e9zetes fi\u00far\u00f3l. Hihetetlen volt sz\u00e1momra, hogy harmadik lettem, s \u00f6r\u00fcltem, amikor megh\u00edvtak a r\u00e1di\u00f3ba a novell\u00e1m dramatiz\u00e1lt v\u00e1ltozat\u00e1nak felv\u00e9tel\u00e9re, ahol nem m\u00e1s, mint Bodrogi Gyula olvasta fel az \u00edr\u00e1somat. Ez volt a d\u00edj. \u00c9letre sz\u00f3l\u00f3, \u00f3ri\u00e1si \u00e9lm\u00e9ny volt ez sz\u00e1momra, aminek hat\u00e1s\u00e1ra meg\u00e1ll\u00edthatatlan voltam, j\u00e1rtam a sz\u00ednh\u00e1zakat, gy\u0171jt\u00f6ttem a reperto\u00e1rt, j\u00f6ttek egym\u00e1s ut\u00e1n a szaval\u00f3versenyek, majd a sz\u00ednm\u0171v\u00e9szeti f\u0151iskola. J\u00f6ttek sorban a filmek is, mint p\u00e9ld\u00e1ul a&nbsp;<em>Fi\u00fak a t\u00e9rr\u0151l, Egy \u00f3ra m\u00falva itt vagyok, J\u00f3 est\u00e9t ny\u00e1r, j\u00f3 est\u00e9t szerelem<\/em>,&nbsp;<em>\u00c1ll\u00edts\u00e1tok meg Arturo Uit!<\/em>,&nbsp;<em>N\u00e9r\u00f3 a v\u00e9res k\u00f6lt\u0151&nbsp;<\/em>\u00e9s m\u00e9g hosszan lehetne sorolni.<\/p>\n<\/div>\n\n\n\n<figure class=\"wp-block-image size-large\"><img loading=\"lazy\" decoding=\"async\" width=\"1024\" height=\"929\" src=\"https:\/\/opus-folyoirat.sk\/wp-content\/uploads\/2025\/11\/492495580_9462562583862899_5886517730878589040_n-1024x929.jpeg\" alt=\"\" class=\"wp-image-3060\" srcset=\"https:\/\/opus-folyoirat.sk\/wp-content\/uploads\/2025\/11\/492495580_9462562583862899_5886517730878589040_n-1024x929.jpeg 1024w, https:\/\/opus-folyoirat.sk\/wp-content\/uploads\/2025\/11\/492495580_9462562583862899_5886517730878589040_n-300x272.jpeg 300w, https:\/\/opus-folyoirat.sk\/wp-content\/uploads\/2025\/11\/492495580_9462562583862899_5886517730878589040_n-768x697.jpeg 768w, https:\/\/opus-folyoirat.sk\/wp-content\/uploads\/2025\/11\/492495580_9462562583862899_5886517730878589040_n-331x300.jpeg 331w, https:\/\/opus-folyoirat.sk\/wp-content\/uploads\/2025\/11\/492495580_9462562583862899_5886517730878589040_n.jpeg 1440w\" sizes=\"auto, (max-width: 1024px) 100vw, 1024px\" \/><\/figure>\n\n\n\n<p><\/p>\n\n\n\n<p><\/p>\n\n\n\n<div class=\"wp-block-group is-vertical is-layout-flex wp-container-core-group-is-layout-8cf370e7 wp-block-group-is-layout-flex\">\n<p><strong>T\u00e9rj\u00fcnk m\u00e9g vissza az \u00edr\u00e1shoz, hiszen nem csak novell\u00e1kat \u00edr, hanem v\u00edgj\u00e1t\u00e9kokat is, a sz\u00ednh\u00e1zba j\u00e1r\u00f3 k\u00f6z\u00f6ns\u00e9g nagy \u00f6r\u00f6m\u00e9re.<\/strong><strong><\/strong><\/p>\n\n\n\n<p>A Magyar \u00cdr\u00f3sz\u00f6vets\u00e9g tagja vagyok, eddig h\u00e9t k\u00f6nyvet \u00edrtam, az els\u0151 k\u00f6nyvem krimi volt \u00e9s Kicker n\u00e9ven jelent meg, vagyis \u00e1ln\u00e9ven. Novell\u00e1k, reg\u00e9nyek mellett v\u00edgj\u00e1t\u00e9kokat \u00edrtam, \u00edrok, jelenleg tizenh\u00e9t v\u00edgj\u00e1t\u00e9kom van, ebb\u0151l kilencet mutattunk be, p\u00e9ld\u00e1ul a Vid\u00e1m Sz\u00ednpadon, Kamara Sz\u00ednh\u00e1zban \u00e9s a Karinthy Sz\u00ednh\u00e1zban, ahol elt\u00f6lt\u00f6ttem majd t\u00edz \u00e9vet, mint sz\u00edn\u00e9sz \u00e9s mint t\u00e1rsigazgat\u00f3, alap\u00edt\u00f3 tulajdonos. \u00c9n \u00edrtam a Nejem a netem c\u00edm\u0171 darabot, vagy a Bazi nagy magyar lagzit, M\u00e1rt\u00edrokat, voltak gyerekdarabok is, mint a Cseng\u0151-Bong\u00f3 Kir\u00e1lys\u00e1g \u00e9s a Csetl\u0151-Botl\u00f3 Fajank\u00f3. A J\u00f3 est\u00e9t ny\u00e1r, j\u00f3 est\u00e9t szerelem folytat\u00e1s\u00e1t is meg\u00edrtam, de ez m\u00e9g jelenleg a fi\u00f3kban van. Azt tal\u00e1ltam ki, hogy a gyilkoss\u00e1g\u00e9rt el\u00edt\u00e9lt Viktor Edmann, aki a hetvenes \u00e9vekben ker\u00fcl r\u00e1csok m\u00f6g\u00e9, kiszabadul a b\u00f6rt\u00f6nb\u0151l, \u00e9s a 21. sz\u00e1zad \u0151r\u00fcletes digit\u00e1lis vil\u00e1gba cs\u00f6ppen bele. Gondoljuk csak el, hogy milyen hat\u00e1st keltene, hogy ha \u00e9n b\u00fajhatn\u00e9k Viktor b\u0151r\u00e9be, hiszen az\u00f3ta nem csak \u0151, hanem \u00e9n is negyven \u00e9vet \u00f6regedtem. A t\u00f6rt\u00e9net annak idej\u00e9n \u00fagy \u00e9rt v\u00e9get, hogy nem lett lez\u00e1rva, \u00edgy \u00e9n ezt haszn\u00e1ltam ki. \u00c9rdekl\u0151d\u00e9s van a folytat\u00e1s ir\u00e1nt, csak \u00e9ppen p\u00e9nzt nem tudunk szerezni, de rem\u00e9lem, hogy el\u0151bb vagy ut\u00f3bb ez is siker\u00fcl. A digit\u00e1lis vil\u00e1gr\u00f3l jut eszembe az a t\u00f6rt\u00e9net, amikor szeg\u00e9ny megboldogult koll\u00e9g\u00e1mmal, Haumann P\u00e9terrel ott \u00e1lltunk k\u00f6r\u00fclbel\u00fcl n\u00e9gy \u00e9vtizede a F\u00e9szek M\u0171v\u00e9szklub el\u0151tt a koll\u00e9gan\u0151kkel, k\u00f6zt\u00fck Alm\u00e1si \u00c9v\u00e1val, \u00e9s arr\u00f3l besz\u00e9lgett\u00fcnk, hogy egykor majd lesz olyan telefon, hogy megnyomjuk a gombot, \u00e9s l\u00e1tjuk azt, akivel besz\u00e9l\u00fcnk. Erre \u00c9va megsz\u00f3lalt, hogy&nbsp;\u201eTe j\u00f3 Isten, akkor \u00e1lland\u00f3an sminkelni kell!\u201d<\/p>\n<\/div>\n\n\n\n<p><\/p>\n\n\n\n<div class=\"wp-block-group is-vertical is-layout-flex wp-container-core-group-is-layout-8cf370e7 wp-block-group-is-layout-flex\">\n<p><strong>Mik\u00e9nt eml\u00e9kszik vissza azokra az \u00e9vekre, amikor fiatalon sz\u00edn\u00e9sz\u00f3ri\u00e1sok vett\u00e9k k\u00f6r\u00fcl?<\/strong><strong><\/strong><\/p>\n\n\n\n<p>Rengeteg t\u00f6rt\u00e9netem van, t\u00f6bbek k\u00f6z\u00f6tt a nagy \u00f6regekkel, Sinkovits Imr\u00e9vel, Besenyei Ferenccel, K\u00e1llai Ferenccel, Ag\u00e1rdi G\u00e1borral nagyon m\u00e9ly bar\u00e1ts\u00e1g alakult ki k\u00f6z\u00f6tt\u00fcnk. Besenyei mindig azzal viccelt, hogy ha valakinek egyszer eladn\u00e1 a lak\u00e1s\u00e1t, az csak \u00e9n lenn\u00e9k. S mit alkotott a sors? Megv\u00e1s\u00e1roltam. Az\u00e9rt m\u00e1s t\u00f6rt\u00e9netem is van, p\u00e9ld\u00e1ul R\u00e9v\u00e9sz Gy\u00f6rgy rendez\u0151vel k\u00e9tszer dolgoztam egy\u00fctt, a&nbsp;<em>Kakuk Marciban<\/em>&nbsp;\u00e9s&nbsp;<em>Az \u00d6reg<\/em>ben. Az volt a szok\u00e1sa, hogy odalopakodott a h\u00e1tam m\u00f6g\u00e9, \u00e9s puff, egy nagyot h\u00fazott a h\u00e1tamra, majd&nbsp;\u201ehehehe\u201d, vagyis nagyot kuncogott rajta. \u00c1lland\u00f3an ezt csin\u00e1lta, amikor nem figyeltem, s bevallom, egy id\u0151 ut\u00e1n m\u00e1r felment bennem a pumpa. Egyszer azonban, amikor \u0151 sem figyelt, odamentem, \u00e9s \u00e9n is r\u00e1v\u00e1gtam egy nagyot a h\u00e1t\u00e1ra. T\u00f6bb filmet nem is csin\u00e1lt velem.<\/p>\n\n\n\n<p><\/p>\n<\/div>\n\n\n\n<p><\/p>\n\n\n\n<div class=\"wp-block-group is-vertical is-layout-flex wp-container-core-group-is-layout-8cf370e7 wp-block-group-is-layout-flex\">\n<p><strong>Most besz\u00e9lj\u00fcnk egy kicsit a&nbsp;<\/strong><strong><em>B\u00f6rt\u00f6nsz\u00ednh\u00e1zr\u00f3l<\/em><\/strong><strong>, mert ennek a darabnak, amelynek \u00d6n a szerz\u0151je, \u00e9rdekes t\u00f6rt\u00e9nete van.<\/strong><strong><\/strong><\/p>\n\n\n\n<p>A&nbsp;<em>B\u00f6rt\u00f6nsz\u00ednh\u00e1z&nbsp;<\/em>c\u00edm\u0171 darabot gyakran megn\u00e9zte egy magyarul j\u00f3l besz\u00e9l\u0151 irodalomtan\u00e1r, \u00e9s egyszer v\u00e1ratlanul megk\u00e9rdezte, hogy nincs-e kedvem megtanulni angolul, mert akkor a nemzetk\u00f6zi Broadway fesztiv\u00e1lra p\u00e1ly\u00e1zhatn\u00e1nk a darabbal. Sok sanszunk nem volt, hogy bejussunk, mert jelentkeztek vagy sz\u00e1zan, \u00e9s nagyon komoly sz\u00ednh\u00e1zak, mint p\u00e9ld\u00e1ul a Royal Shakespeare Utaz\u00f3 Sz\u00ednh\u00e1z. Ennek ellen\u00e9re belev\u00e1gtunk, \u00e9s megtanultuk angolul a sz\u00f6veget. Akcentusom volt, de \u00e9lvezhet\u0151, a partnerem viszont egyform\u00e1n besz\u00e9lte a magyar \u00e9s az angol nyelvet, \u00edgy \u0151 k\u00f6nnyebb helyzetben volt. Elk\u00fcldt\u00fck az anyagot, majd j\u00f6tt az \u00fczenet, hogy bev\u00e1lasztottak minket. A Kultur\u00e1lis Miniszt\u00e9riumnak k\u00f6sz\u00f6nhet\u0151en kiutaztunk, t\u00f6bbsz\u00f6r is, saj\u00e1t forr\u00e1sb\u00f3l erre k\u00e9ptelenek lett\u00fcnk volna. Amikor els\u0151 alkalommal fell\u00e9pt\u00fcnk, \u00f6ten \u00fcltek a n\u00e9z\u0151t\u00e9ren. \u00c9gett a b\u0151r az arcomon. A m\u00e1sodik el\u0151ad\u00e1son m\u00e1r t\u00edzen \u00fcltek, a harmadik pedig m\u00e1r telth\u00e1zas volt. Akkor beh\u00edvott a szervez\u0151, aki addig tudom\u00e1st sem vett r\u00f3lunk, \u00e9s megk\u00e9rdezte, hogy akkor ki is vagyok \u00e9n tulajdonk\u00e9ppen? Tetszett neki az el\u0151ad\u00e1s, \u00edgy m\u00e9g nagyon sokszor kaptunk megh\u00edv\u00e1st a koll\u00e9g\u00e1val, aki v\u00e9g\u00fcl kint maradt szerencs\u00e9t pr\u00f3b\u00e1lni.&nbsp; A t\u00f6rt\u00e9net v\u00e9ge pedig az, hogy elhoztam a legjobb f\u00e9rfi alak\u00edt\u00e1s\u00e9rt j\u00e1r\u00f3 d\u00edjat. Amerik\u00e1b\u00f3l, \u00e9n a magyar, angol nyelven, akcentussal.<\/p>\n<\/div>\n\n\n\n<p><\/p>\n\n\n\n<div class=\"wp-block-group is-vertical is-layout-flex wp-container-core-group-is-layout-8cf370e7 wp-block-group-is-layout-flex\">\n<p><strong>Van egy harmadik szenved\u00e9lye is, az pedig a&nbsp;karat\u00e9.<\/strong><strong><\/strong><\/p>\n\n\n\n<p>1968-ban v\u00e9geztem a sz\u00ednm\u0171v\u00e9szetin, amikor Sz\u00e1sz P\u00e9ter \u00edr\u00f3, dramaturg, rendez\u0151, nagyszer\u0171 bar\u00e1t \u00e9s nagyszer\u0171 m\u0171v\u00e9sz bev\u00e1lasztott a&nbsp;<em>Fi\u00fak a t\u00e9rr\u0151l<\/em>&nbsp;c\u00edm\u0171 filmbe.&nbsp;Rajtam k\u00edv\u00fcl m\u00e9g Tahi T\u00f3th L\u00e1szl\u00f3t, Darvas Iv\u00e1nt, Bujtor Istv\u00e1nt, Kov\u00e1cs Istv\u00e1nt \u00e9s Huszti P\u00e9tert is, mi j\u00e1tszottuk a f\u0151szerepeket. Mivel ebben a filmben verekedni kellett, vagyis sok buny\u00f3 volt benne, a rendez\u0151 egy Poly\u00e1k J\u00f3zsef nevezet\u0171 karatemesterhez k\u00fcld\u00f6tt minket, hogy elsaj\u00e1t\u00edtsuk az alapokat. Mindannyian lelkesedt\u00fcnk, csup\u00e1n Darvas m\u00e9ltatlankodott, hogy&nbsp;\u201eK\u00e9rlek sz\u00e9pen, \u00e9n nem tudom, minek kell nekem odamenni, de ha a rendez\u0151 akarja, nincs mit tenni.\u201d Az ott tanultakat felhaszn\u00e1ltuk a filmben, \u00e9s nekem az\u00f3ta is ez a kedvenc sportom. Szereztem egy fekete \u00f6vet is, formagyakorlatokat csin\u00e1lok a mai napig, s ez form\u00e1ban tart,&nbsp;\u00e1tseg\u00edt minden lelki probl\u00e9m\u00e1n.<\/p>\n<\/div>\n\n\n\n<p class=\"has-text-align-right\"><em>Nagy Erika<\/em><\/p>\n","protected":false},"excerpt":{"rendered":"<p>Interj\u00fa Hars\u00e1nyi G\u00e1bor&nbsp;Kossuth- \u00e9s k\u00e9tszeres J\u00e1szai Mari-d\u00edjas sz\u00edn\u00e9sszel, \u00edr\u00f3val, \u00c9rdemes m\u0171v\u00e9sszel Az \u00f6r\u00f6kifj\u00fa Hars\u00e1nyi G\u00e1bor t\u00f6bb mint \u00f6tven \u00e9ve szerzett ismerts\u00e9get, &nbsp;t\u00f6bbek k\u00f6z\u00f6tt az &nbsp;Egy \u00f3ra m\u00falva itt vagyok&nbsp;c\u00edm\u0171 t\u00e9v\u00e9sorozat L\u00e1ng Vinc\u00e9jek\u00e9nt, vagy a&nbsp;J\u00f3 est\u00e9t ny\u00e1r, j\u00f3 est\u00e9t szerelem&nbsp;c\u00edm\u0171 t\u00e9v\u00e9film &hellip; <a href=\"https:\/\/opus-folyoirat.sk\/?page_id=3057\">Egy kattint\u00e1s ide a folytat\u00e1shoz&#8230;. <span class=\"meta-nav\">&rarr;<\/span><\/a><\/p>\n","protected":false},"author":4,"featured_media":0,"parent":0,"menu_order":0,"comment_status":"closed","ping_status":"closed","template":"","meta":{"footnotes":""},"class_list":["post-3057","page","type-page","status-publish","hentry"],"_links":{"self":[{"href":"https:\/\/opus-folyoirat.sk\/index.php?rest_route=\/wp\/v2\/pages\/3057","targetHints":{"allow":["GET"]}}],"collection":[{"href":"https:\/\/opus-folyoirat.sk\/index.php?rest_route=\/wp\/v2\/pages"}],"about":[{"href":"https:\/\/opus-folyoirat.sk\/index.php?rest_route=\/wp\/v2\/types\/page"}],"author":[{"embeddable":true,"href":"https:\/\/opus-folyoirat.sk\/index.php?rest_route=\/wp\/v2\/users\/4"}],"replies":[{"embeddable":true,"href":"https:\/\/opus-folyoirat.sk\/index.php?rest_route=%2Fwp%2Fv2%2Fcomments&post=3057"}],"version-history":[{"count":7,"href":"https:\/\/opus-folyoirat.sk\/index.php?rest_route=\/wp\/v2\/pages\/3057\/revisions"}],"predecessor-version":[{"id":3069,"href":"https:\/\/opus-folyoirat.sk\/index.php?rest_route=\/wp\/v2\/pages\/3057\/revisions\/3069"}],"wp:attachment":[{"href":"https:\/\/opus-folyoirat.sk\/index.php?rest_route=%2Fwp%2Fv2%2Fmedia&parent=3057"}],"curies":[{"name":"wp","href":"https:\/\/api.w.org\/{rel}","templated":true}]}}