{"id":3085,"date":"2025-03-05T00:52:00","date_gmt":"2025-03-04T22:52:00","guid":{"rendered":"https:\/\/opus-folyoirat.sk\/?page_id=3085"},"modified":"2025-11-19T00:54:55","modified_gmt":"2025-11-18T22:54:55","slug":"jakubecz-marta-2","status":"publish","type":"page","link":"https:\/\/opus-folyoirat.sk\/?page_id=3085","title":{"rendered":"Jakubecz M\u00e1rta"},"content":{"rendered":"\n<p class=\"has-medium-font-size\"><strong>Az ut\u00f3d rem\u00e9nys\u00e9ge<\/strong><\/p>\n\n\n<div class=\"has-text-align-right wp-block-post-date\"><time datetime=\"2025-03-05T00:52:00+02:00\">2025-03-05<\/time><\/div>\n\n\n<div class=\"wp-block-group is-vertical is-layout-flex wp-container-core-group-is-layout-8cf370e7 wp-block-group-is-layout-flex\">\n<p>Moln\u00e1r Antal sz\u00f3rakoz\u00e1sk\u00e9ppen \u00e9s agya kikapcsol\u00e1sa v\u00e9gett gyakran csemeg\u00e9zik az apr\u00f3hirdet\u00e9sek k\u00f6z\u00f6tt. Ilyenkor azon t\u0171n\u0151dik, hogy szinte hihetetlen, milyen \u201earanyk\u00f6p\u00e9sekre\u201d \u00e9s furcsas\u00e1gokra lehet ott tal\u00e1lni. Leg\u00e9rdekesebb a <em>\u201eCserebere\u201d<\/em>, az <em>\u201eAj\u00e1nd\u00e9koz\u00e1s<\/em>\u201d \u00e9s az <em>\u201eEgy\u00e9b<\/em>\u201d rovat. Igaz, a <em>\u201eP\u00e1rkeres\u00e9s\u201d<\/em> se kutya.<\/p>\n\n\n\n<p>Az emberi sz\u00e1nd\u00e9kok rendk\u00edv\u00fcl \u00e9rdekesek: <em>\u201eElcser\u00e9lem t\u00f6rpe nyulaimat csincsilla p\u00e1rra.\u201d<\/em> M\u00e1sok galambokat kuty\u00e1ra, fel\u00faj\u00edtott lak\u00e1st kertes h\u00e1zra vagy babakocsit 36-os est\u00e9lyi ruh\u00e1ra szeretn\u00e9nek cser\u00e9lni. Az <em>\u201eAj\u00e1nd\u00e9koz\u00e1s<\/em>\u201d apr\u00f3hirdet\u00e9seib\u0151l megtudhat\u00f3, hogy az embert\u00e1rsak sz\u00edvesen dobogtatn\u00e1k meg m\u00e1sok sz\u00edv\u00e9t kiskuty\u00e1kkal, lerobbant h\u0171t\u0151szekr\u00e9nnyel vagy tr\u00e1gy\u00e1val, s mindezt igaz felebar\u00e1ti szeretetb\u0151l tenn\u00e9k, titkolv\u00e1n, hogy egyszer\u0171en nincs hov\u00e1 tenni\u00fck a kuty\u00e1t meg a t\u00f6bbi kacatot.&nbsp;<\/p>\n\n\n\n<p>Kedvence k\u00e9ts\u00e9gtelen\u00fcl az apr\u00f3hirdet\u00e9sek <em>\u201eEgy\u00e9b\u201d<\/em> rovata lett, mert mindig ebben lelt a leghajmereszt\u0151bb \u00e9s legszokatlanabb sorokra. Itt azt\u00e1n minden olyasf\u00e9le el\u0151fordul, amire egy\u00e1ltal\u00e1n nem sz\u00e1m\u00edtana az ember! R\u00e9gi bar\u00e1tokat keresnek, gyakran ily m\u00f3don pr\u00f3b\u00e1lj\u00e1k \u00f6sszeh\u00edvni az oszt\u00e1lyt\u00e1rsakat az \u00e9retts\u00e9gi tal\u00e1lkoz\u00f3ra. Egy fi\u00fa a minap e rovaton kereszt\u00fcl h\u00edvta randev\u00fara azt az ismeretlen l\u00e1nyt, akit x id\u0151ben x helyen az utc\u00e1n l\u00e1tott, \u00e9s bizony oly nagy hat\u00e1ssal volt r\u00e1, hogy e m\u00f3dszerhez folyamodva kapaszkodott bel\u00e9 a legeslegutols\u00f3 szalmasz\u00e1lba, hogy ism\u00e9t l\u00e1thassa.<\/p>\n\n\n\n<p>Nyugd\u00edjas f\u0151h\u0151s\u00fcnk ut\u00f3bbi \u00e9veinek igazi aranyfog\u00e1sa az a hirdet\u00e9s lett, melyben egy fiatalember h\u00e1rom sorban \u00edg\u00e9ri, hogy \u201ej\u00f3 ut\u00f3dja\u201d lesz valakinek. A szavakkal sp\u00f3rolva, de m\u00e9gis vel\u0151sen bizonygatja, hogy ha egy gyermektelen v\u00e1llalkoz\u00f3 befogadja, \u0151 majd t\u00e9nyleg t\u00f6r\u0151dik a v\u00e1llalkoz\u00e1s\u00e1val, hiszen a sz\u00e1nd\u00e9kai feddhetetlenek.&nbsp;<\/p>\n\n\n\n<p>Moln\u00e1r Antal fant\u00e1zi\u00e1j\u00e1t igencsak megmozgatt\u00e1k ezek a sorok. \u00dajra \u00e9s \u00fajra megvizsg\u00e1lta a hirdet\u00e9st. Valaki nyilv\u00e1n viccb\u0151l adta fel! \u2013 gondolta el\u0151sz\u00f6r. Azt\u00e1n komolyan elmerengett felette, hogy vajon milyen lehet a val\u00f3s\u00e1gban ez a mag\u00e1t j\u00f3nak kiki\u00e1lt\u00f3 ifj\u00fa, aki a nagyvil\u00e1gban ily m\u00f3don \u201ekeres\u201d. De vajon kit vagy mit keres?! Gondtalan \u00e9letet egy v\u00e1llalkoz\u00f3 oldal\u00e1n, aki azt\u00e1n \u2013 mint a mes\u00e9ben! \u2013 a gyermek\u00e9v\u00e9 fogadja a ritkas\u00e1gsz\u00e1mba men\u0151 sz\u00edvj\u00f3s\u00e1ga l\u00e1tt\u00e1n? Vagy eg\u00e9sz egyszer\u0171en szeretetre, b\u00e9k\u00e9s otthonra v\u00e1gyik, \u00e9s ezt olyan elsz\u00e1ntan keresi, hogy m\u00e9g hirdet\u00e9st sem \u00e1tall feladni? A \u201ej\u00f3 ut\u00f3d\u201d viszontszeret, teh\u00e1t elm\u00e9letben az is el\u0151fordulhat, hogy \u0151 maga akar valakit v\u00e9gre szeretni. Esetleg \u00e1rva, \u00e9s elkeseredetts\u00e9g\u00e9ben ily m\u00f3don keres felmen\u0151t mag\u00e1nak? Ott \u00e1ll a telefonsz\u00e1ma, s bizony\u00e1ra naponk\u00e9nt v\u00e1rja a csodasz\u00e1mba men\u0151 h\u00edv\u00e1st, hogy megcs\u00f6rrenjen a mobilja, majd belesz\u00f3ljon az ismeretlen v\u00e1llalkoz\u00f3: <em>\u201eGyere csak, fiam, hadd ismerjelek meg, s azt\u00e1n a t\u00f6bbit megl\u00e1tjuk!\u201d<\/em> \u0150 meg rohanna. Az is lehet, hogy happyendes t\u00f6rt\u00e9net v\u00e1ln\u00e9k bel\u0151le, ahol a \u201ej\u00f3 ut\u00f3d\u201d \u00f6regkor\u00e1ban is gondoskodna a megtal\u00e1lt \u201erokonr\u00f3l\u201d, \u00e9s vizet adna neki, ha egyszer majd reszket\u0151 k\u00e9zzel inni k\u00e9rne. Betegs\u00e9g\u00e9ben odaad\u00f3an \u00e1poln\u00e1&#8230; Ki tudja? H\u00e1tha ez az ifj\u00fa t\u00e9nyleg a \u201ej\u00f3 ut\u00f3dok\u201d mintak\u00e9pe?<\/p>\n\n\n\n<p>Hetekig t\u00f6prengett. K\u00e1v\u00e9z\u00e1s k\u00f6zben is a k\u00fcl\u00f6n\u00f6s&nbsp; apr\u00f3hirdet\u00e9s f\u00f6l\u00f6tt \u00fclt, \u00e9s ism\u00e9t elk\u00e9pzelte az ifj\u00fat, aki azt \u00edg\u00e9ri, hogy majd \u201ej\u00f3 ut\u00f3dja\u201d lesz egy idegennek. Hirdet\u00e9se m\u00f6g\u00f6tt b\u00e1rmi megb\u00fajhat. A sk\u00e1la t\u00e9nyleg sz\u00e9les! Lehet szimpla sz\u00e9lh\u00e1mos, de megeshet, hogy egy elkeseredett, mag\u00e1nyos \u00e9s zavaros \u00e9rt\u00e9krend\u0171 fiatal, aki t\u00e9nyleg \u00faj \u00e9letet k\u00edv\u00e1n kezdeni, de fogalma sincs annak helyes m\u00f3dj\u00e1r\u00f3l. Ez esetben csak egy dolgot kellene tudnia: a meg\u00fajul\u00e1st mindig ott kell kezdeni, ahol vagyunk! Nem \u201ekifel\u00e9\u201d, hanem \u201ebefel\u00e9\u201d. Ott legyen \u201ej\u00f3\u201d, ahol \u00e9l. M\u00e9g csak hirdet\u00e9st sem kell feladnia\u2026 \u2013&nbsp; hossz\u00fa napok eltelt\u00e9vel \u00edgy jutott el a moraliz\u00e1l\u00e1sig, m\u00e9g d\u00fcnny\u00f6g\u00f6tt is hozz\u00e1..<\/p>\n\n\n\n<p>S m\u00edg ekk\u00e9ppen morfond\u00edrozott, hirtelen elhat\u00e1rozta, hogy kiv\u00e1gja a hirdet\u00e9st, s elviszi a bar\u00e1tj\u00e1nak. \u0150 azt\u00e1n t\u00e9nyleg j\u00f3m\u00f3d\u00fa, tipikus \u00fajgazdag, akinek titkos jegyzetei t\u00f6bb p\u00e9nzr\u0151l tan\u00faskodnak, mint amennyit az emberek a zseb\u00e9ben sejtenek.<\/p>\n\n\n\n<p>Megs\u00fcrgetett tal\u00e1lkoz\u00e1suk sor\u00e1n titokzatoskodva vette el\u0151 a j\u00f3 ut\u00f3dos hirdet\u00e9st. K\u00edv\u00e1ncsi volt a gazdag bar\u00e1t v\u00e9lem\u00e9ny\u00e9re.<\/p>\n\n\n\n<p>Bar\u00e1tja hitetlenkedve olvasta, majd b\u0151 hahot\u00e1val n\u00e9zett r\u00e1:<\/p>\n\n\n\n<p>&#8211; Minek hoztad el ezt a baroms\u00e1got?<\/p>\n\n\n\n<p>&#8211; Mit sz\u00f3lsz hozz\u00e1?<\/p>\n\n\n\n<p>&#8211; Mer\u0151 sz\u00e9lh\u00e1mos vagy egy zavarodott ember adhatta fel.<\/p>\n\n\n\n<p>&#8211; Tegy\u00fcnk pr\u00f3b\u00e1t, h\u00edvjuk fel!<\/p>\n\n\n\n<p>&#8211; Minek?!<\/p>\n\n\n\n<p>&#8211; Hetek \u00f3ta erre a j\u00f3 ut\u00f3dra gondolok. Hogy ki \u00e1llhat m\u00f6g\u00f6tte.<\/p>\n\n\n\n<p>&#8211; Ki, ki, ne h\u00fcly\u00e9skedj m\u00e1r, Anti, nincs m\u00e1s dolgod, mint holmi hirdet\u00e9sek ut\u00e1n nyomozni?<\/p>\n\n\n\n<p>&#8211; Nem hagy nyugodni ez a hirdet\u00e9s. \u00c9n felh\u00edvom, itt, most, hogy halld. Kihangos\u00edtom, j\u00f3?<\/p>\n\n\n\n<p>&#8211; No, nem b\u00e1nom, te barom \u2013 legyintett megad\u00f3an, de m\u00e9g mindig vigyorogva a bar\u00e1tja.<\/p>\n\n\n\n<p>Azonnal el\u0151kapta a telefonj\u00e1t. Mi\u00f3ta v\u00e1rt erre a pillanatra! V\u00e9gre kider\u00fcl a dolog, ilyen k\u00edv\u00e1ncsi m\u00e9g sohasem volt. A k\u00edv\u00e1ncsis\u00e1got eddig nem ismerte, nem volt ideje r\u00e1. V\u00e9gigsz\u00e1guldotta az \u00e9let\u00e9t, igaz\u00e1b\u00f3l nem \u00e9lt \u00e1t semmit, mindig csak k\u00edv\u00fcl\u00e1ll\u00f3 maradt \u2013 teljes\u00edtett. Ami\u00f3ta nyugd\u00edjas, sokat unatkozik. Nem tal\u00e1lja a hely\u00e9t.<\/p>\n\n\n\n<p>&#8211; Hall\u00f3, tess\u00e9k! \u2013 egy nyugodt f\u00e9rfihang. Fiatalos, val\u00f3ban.<\/p>\n\n\n\n<p>&#8211; Itt Moln\u00e1r Antal. \u00d6n adta fel a j\u00f3 ut\u00f3dos hirdet\u00e9st?<\/p>\n\n\n\n<p>&#8211; Igen. \u00d3, igen\u2026 m\u00e1r h\u00e1rom hete \u2013 a hang megremegett.<\/p>\n\n\n\n<p>&#8211; Komolyan gondolja maga azt? \u00c9letemben nem olvastam ilyet.<\/p>\n\n\n\n<p>&#8211; Neh\u00e9z, rem\u00e9nytelen pillanatomban adtam fel. Tudom, hogy nem kellett volna. Semmi \u00e9rtelme.<\/p>\n\n\n\n<p>&#8211; Mi a baj, ha szabad k\u00e9rdeznem?<\/p>\n\n\n\n<p>&#8211; Egyetemista vagyok, rosszul \u00e9lek, eddig is dolgoztam a tanul\u00e1s mellett, de most m\u00e9g nehezebb lett a sorsom. Alig tudom fenntartani magam \u00e9s a kis lak\u00e1st, amit a sz\u00fcleim ut\u00e1n \u00f6r\u00f6k\u00f6ltem. Ott kell hagynom az egyetemet, \u00e9s valami rendes \u00e1ll\u00e1st keresni. Az \u00e1lmaim, miszerint m\u00e9rn\u00f6k leszek, semmibe vesznek. \u00c9p\u00edt\u00e9szetb\u0151l van \u00e9retts\u00e9gim. De nem \u00e9rtem, minek h\u00edvott fel?! K\u00edv\u00e1ncsis\u00e1gb\u00f3l? M\u00e9g senki sem h\u00edvott. Csak maga, aki biztosan a m\u00e1sok nyomor\u00fas\u00e1g\u00e1n sz\u00f3rakozik&#8230; Minden j\u00f3t!<\/p>\n\n\n\n<p>&#8211; V\u00e1rjon, ne tegye le! Tal\u00e1lkozzunk&#8230; Tudn\u00e9k az\u00e9rt seg\u00edteni. Legal\u00e1bb tan\u00e1ccsal.<\/p>\n\n\n\n<p>&#8211; Tan\u00e1csokkal tele a padl\u00e1s, de nem b\u00e1nom. Maga legal\u00e1bb felh\u00edvott&#8230;<\/p>\n\n\n\n<p>&#8211; Holnap h\u00e1romkor a Z\u00f6ld Tulip\u00e1nban.<\/p>\n\n\n\n<p>&#8211; Rendben van, addig is k\u00f6sz\u00f6n\u00f6m \u2013 sz\u00f3lt m\u00e9g halkan a fiatalember.<\/p>\n\n\n\n<p>Moln\u00e1r Antal diadalmasan n\u00e9zett a bar\u00e1tj\u00e1ra, s megd\u00f6bbenve \u00e9szlelte, hogy az t\u00e1gra meresztett szemekkel b\u00e1mul maga el\u00e9. Eddigi vigyorg\u00e1sa az arc\u00e1ra fagyott, majd a k\u00ednvigyorr\u00e1 szel\u00edd\u00fclt von\u00e1sok is a semmibe vesztek, v\u00e9g\u00fcl az eg\u00e9sz arca komorr\u00e1 v\u00e1lt. Tal\u00e1n fiatal \u00e9veire gondolt, azokra a kezdetekre, mikor varr\u00f3n\u0151 \u00e9desanyja fill\u00e9rekkel k\u00fcldte a f\u0151v\u00e1rosba szakm\u00e1t tanulni. A hossz\u00fara ny\u00falt csend ut\u00e1n \u00edgy sz\u00f3lt:<\/p>\n\n\n\n<p>&#8211; Egy \u00e1ll\u00e1ssal tal\u00e1n tudn\u00e9k seg\u00edteni. K\u00f6r\u00fcln\u00e9zek az \u00fczemben, az egyik irod\u00e1ban lehet, hogy akad hely\u2026 De el\u0151bb n\u00e9zd meg j\u00f3l, ismerd meg, s gy\u0151z\u0151dj meg r\u00f3la, t\u00e9nyleg nem sz\u00e9lh\u00e1mos-e. Addig ne \u00edg\u00e9rj neki semmit.<\/p>\n\n\n\n<p>El\u00e9gedetten t\u00e1vozott. Unalma elp\u00e1rolgott: imm\u00e1r reg\u00e9nyes feladata lett. Izgalmas kih\u00edv\u00e1s! Az els\u0151 csat\u00e1t megnyerte. Ut\u00f3dot csin\u00e1l az ismeretlen fiatalemberb\u0151l. Ha meg\u00e9rdemli.&nbsp;<\/p>\n\n\n\n<p>\u00datk\u00f6zben hazafel\u00e9 ism\u00e9t az apr\u00f3hirdet\u00e9sekre gondolt. Alig v\u00e1rta, hogy haza\u00e9rjen, s neki\u00e1lljon az izgalmas csemeg\u00e9z\u00e9snek.<\/p>\n<\/div>\n\n\n\n<p class=\"has-text-align-right\"><em>Megjelent az Opus 2025\/1-es sz\u00e1m\u00e1ban<\/em><\/p>\n","protected":false},"excerpt":{"rendered":"<p>Az ut\u00f3d rem\u00e9nys\u00e9ge Moln\u00e1r Antal sz\u00f3rakoz\u00e1sk\u00e9ppen \u00e9s agya kikapcsol\u00e1sa v\u00e9gett gyakran csemeg\u00e9zik az apr\u00f3hirdet\u00e9sek k\u00f6z\u00f6tt. Ilyenkor azon t\u0171n\u0151dik, hogy szinte hihetetlen, milyen \u201earanyk\u00f6p\u00e9sekre\u201d \u00e9s furcsas\u00e1gokra lehet ott tal\u00e1lni. Leg\u00e9rdekesebb a \u201eCserebere\u201d, az \u201eAj\u00e1nd\u00e9koz\u00e1s\u201d \u00e9s az \u201eEgy\u00e9b\u201d rovat. Igaz, a \u201eP\u00e1rkeres\u00e9s\u201d &hellip; <a href=\"https:\/\/opus-folyoirat.sk\/?page_id=3085\">Egy kattint\u00e1s ide a folytat\u00e1shoz&#8230;. <span class=\"meta-nav\">&rarr;<\/span><\/a><\/p>\n","protected":false},"author":4,"featured_media":0,"parent":0,"menu_order":0,"comment_status":"closed","ping_status":"closed","template":"","meta":{"footnotes":""},"class_list":["post-3085","page","type-page","status-publish","hentry"],"_links":{"self":[{"href":"https:\/\/opus-folyoirat.sk\/index.php?rest_route=\/wp\/v2\/pages\/3085","targetHints":{"allow":["GET"]}}],"collection":[{"href":"https:\/\/opus-folyoirat.sk\/index.php?rest_route=\/wp\/v2\/pages"}],"about":[{"href":"https:\/\/opus-folyoirat.sk\/index.php?rest_route=\/wp\/v2\/types\/page"}],"author":[{"embeddable":true,"href":"https:\/\/opus-folyoirat.sk\/index.php?rest_route=\/wp\/v2\/users\/4"}],"replies":[{"embeddable":true,"href":"https:\/\/opus-folyoirat.sk\/index.php?rest_route=%2Fwp%2Fv2%2Fcomments&post=3085"}],"version-history":[{"count":1,"href":"https:\/\/opus-folyoirat.sk\/index.php?rest_route=\/wp\/v2\/pages\/3085\/revisions"}],"predecessor-version":[{"id":3086,"href":"https:\/\/opus-folyoirat.sk\/index.php?rest_route=\/wp\/v2\/pages\/3085\/revisions\/3086"}],"wp:attachment":[{"href":"https:\/\/opus-folyoirat.sk\/index.php?rest_route=%2Fwp%2Fv2%2Fmedia&parent=3085"}],"curies":[{"name":"wp","href":"https:\/\/api.w.org\/{rel}","templated":true}]}}