{"id":3103,"date":"2025-02-18T01:08:00","date_gmt":"2025-02-17T23:08:00","guid":{"rendered":"https:\/\/opus-folyoirat.sk\/?page_id=3103"},"modified":"2025-11-19T01:13:40","modified_gmt":"2025-11-18T23:13:40","slug":"csato-anita","status":"publish","type":"page","link":"https:\/\/opus-folyoirat.sk\/?page_id=3103","title":{"rendered":"Csat\u00f3 Anita"},"content":{"rendered":"\n<p><strong>nagyany\u00e1m r\u00e9m\u00e1lmai<\/strong><\/p>\n\n\n<div class=\"has-text-align-right wp-block-post-date\"><time datetime=\"2025-02-18T01:08:00+02:00\">2025-02-18<\/time><\/div>\n\n\n<pre class=\"wp-block-verse\">\u00e9bred\u00e9s ut\u00e1n a hortenzia t\u00f6v\u00e9be <br>sz\u00f3rom nagyany\u00e1m r\u00e9m\u00e1lmait<br>tudom a k\u00e1v\u00e9zacc itt kev\u00e9s<br>nem lehet \u00e9letben tartani <br>de nyugtat az \u00f6n\u00e1m\u00edt\u00e1s hogy v\u00e9g\u00fcl is <br>ett\u0151l t\u00f6bbet nem tehetek<br><br>\u00e1llok a t\u00fck\u00f6r el\u0151tt n\u00e9zem<br>a hajamba ragadt morajl\u00f3 s\u00f3hajt<br>hi\u00e1ba pr\u00f3b\u00e1lom hetek \u00f3ta kibogozni<br>nagyany\u00e1m r\u00e9m\u00e1lmaiban<br>pont ilyenek lehetnek a n\u0151k<br>hajukat a nap sz\u00e1razz\u00e1 t\u00f6ri<br>majd a sz\u00e9l \u00f6sszecsom\u00f3zza<br>sz\u00e1jukban mindig a tenger<br>cs\u00edp\u0151j\u00fck hull\u00e1mtemet\u0151 <br><br>mama h\u00e1zi praktik\u00e1i az ilyen n\u0151k\u00f6n <br>nem seg\u00edtenek nem is tan\u00edtotta meg senki <br>hogyan lehet a legkisebb f\u00e1jdalommal<br>magamb\u00f3l a legkevesebbet let\u00f6rve<br>elt\u00e1vol\u00edtani ezeket a csom\u00f3kat<br><br>a szemem m\u00f6g\u00f6tt elkezd l\u00fcktetni <br>az el\u0151z\u0151 \u00e9jszaka de hi\u00e1ba fejten\u00e9m <br>Kr\u00fady nem \u00edr r\u00f3la az \u00c1lmosk\u00f6nyvben <br>hogy mit jelent ha minden \u00e9jjel <br>rizzsel bor\u00edtom szemh\u00e9jad <br>de pont mikor az utols\u00f3 is hely\u00e9re ker\u00fclne<br>nem tudom mi t\u00f6rt\u00e9nik megremeg a l\u00e1bam <br>vagy a pill\u00e1d \u00e9s lepereg mind<br><br>\u00edgy sosem lesz v\u00e9ge <br>mama szavai cs\u00fasznak a t\u00fck\u00f6rre a sz\u00e1mb\u00f3l<br>aki m\u00e9ly tengert szeret tanuljon meg \u00faszni <br>vagy el\u0151bb-ut\u00f3bb belefullad <br>mert egyszer csak megny\u00edlik a szemek <br>alatt a csatorna ki\u00e1rad az \u00e9des s\u00f3s l\u00e9<br>leoldja a rizsszemeket elsodorja a fel\u00e9 ny\u00fal\u00f3t <br>puszt\u00e1n szeretetb\u0151l puszt\u00e1n f\u00e9lt\u00e9sb\u0151l<br>senki nem tan\u00edtotta meg \u00faszni az ilyen n\u0151ket <br>csak h\u00e1zi praktik\u00e1kr\u00f3l mes\u00e9ltek nekik <br>rem\u00e9lve hogy nem \u00f6nt\u00f6zik fullad\u00e1sig <br>a gangon a hortenzi\u00e1kat <br><br>a konyh\u00e1ban csipog az id\u0151z\u00edt\u0151<br>leteszem a f\u00e9s\u0171t a t\u00fck\u00f6rre z\u00e1rom az ajt\u00f3t <br>zubog a v\u00edz megf\u0151tt a k\u00e1sa<\/pre>\n\n\n\n<p><\/p>\n\n\n\n<p><strong>csak a madarak visznek tov\u00e1bb minket<\/strong><\/p>\n\n\n\n<pre class=\"wp-block-verse\">borosty\u00e1n\u00e1g ebben a csal\u00e1dban minden n\u0151<br>romokra kapaszkodunk kisz\u00e1radt t\u00f6rzsekre<br>oml\u00f3 k\u0151szirtekre bontjuk erny\u0151svir\u00e1gzatunk<br>bebor\u00edtjuk nyugalmat \u00e9breszt\u0151 illatunkkal<br>a reped\u00e9seket fiatal test\u00fcnkb\u0151l s\u00f6t\u00e9t \u00f6r\u00f6kz\u00f6ld<br>avart n\u00f6veszt\u00fcnk f\u00e9rfiak \u00e1rny\u00e9ka alatt<br>s\u00falyosak \u00e9s hallgatagok a leveleink mint a<br>v\u00edzbe\u00f6nt\u00f6tt \u00f3lom egym\u00e1s j\u00f6v\u0151j\u00e9t csavarj\u00e1k \u00e1gaink<br>a f\u00f6ldr\u0151l t\u00fal k\u00e9s\u0151n egym\u00e1sr\u00f3l soha nem tudunk<br>lev\u00e1lni hi\u00e1ba indulunk harminc t\u00e9l ut\u00e1n felfel\u00e9<br>a f\u00e9ny nem tudja kibogozni amit egym\u00e1sba<br>dermesztettek a talaj menti fagyok<br>v\u00e9kony borosty\u00e1n\u00e1gak vagyunk akik \u00e9lvezn\u00e9k<br>a naps\u00fct\u00e9st de csak \u0151sszel tudunk vir\u00e1gozni<br>apr\u00f3 csont\u00e1rjainkat t\u00e9li \u00e9jszak\u00e1k \u00e9rlelik be<br>buja sz\u00ednek al\u00e1 fojtjuk magunk el\u0151l is<br>titkainkat a madarakon k\u00edv\u00fcl<br>mindenkit m\u00e9rgez h\u00fasunk <\/pre>\n\n\n\n<p class=\"has-text-align-right\"><em>Megjelentek az Opus 2025\/1-es sz\u00e1m\u00e1ban<\/em><\/p>\n\n\n\n<div class=\"wp-block-group is-vertical is-layout-flex wp-container-core-group-is-layout-8cf370e7 wp-block-group-is-layout-flex\">\n<p>\u00a0<\/p>\n<\/div>\n","protected":false},"excerpt":{"rendered":"<p>nagyany\u00e1m r\u00e9m\u00e1lmai \u00e9bred\u00e9s ut\u00e1n a hortenzia t\u00f6v\u00e9be sz\u00f3rom nagyany\u00e1m r\u00e9m\u00e1lmaittudom a k\u00e1v\u00e9zacc itt kev\u00e9snem lehet \u00e9letben tartani de nyugtat az \u00f6n\u00e1m\u00edt\u00e1s hogy v\u00e9g\u00fcl is ett\u0151l t\u00f6bbet nem tehetek\u00e1llok a t\u00fck\u00f6r el\u0151tt n\u00e9zema hajamba ragadt morajl\u00f3 s\u00f3hajthi\u00e1ba pr\u00f3b\u00e1lom hetek \u00f3ta kibogozninagyany\u00e1m &hellip; <a href=\"https:\/\/opus-folyoirat.sk\/?page_id=3103\">Egy kattint\u00e1s ide a folytat\u00e1shoz&#8230;. <span class=\"meta-nav\">&rarr;<\/span><\/a><\/p>\n","protected":false},"author":4,"featured_media":0,"parent":0,"menu_order":0,"comment_status":"closed","ping_status":"closed","template":"","meta":{"footnotes":""},"class_list":["post-3103","page","type-page","status-publish","hentry"],"_links":{"self":[{"href":"https:\/\/opus-folyoirat.sk\/index.php?rest_route=\/wp\/v2\/pages\/3103","targetHints":{"allow":["GET"]}}],"collection":[{"href":"https:\/\/opus-folyoirat.sk\/index.php?rest_route=\/wp\/v2\/pages"}],"about":[{"href":"https:\/\/opus-folyoirat.sk\/index.php?rest_route=\/wp\/v2\/types\/page"}],"author":[{"embeddable":true,"href":"https:\/\/opus-folyoirat.sk\/index.php?rest_route=\/wp\/v2\/users\/4"}],"replies":[{"embeddable":true,"href":"https:\/\/opus-folyoirat.sk\/index.php?rest_route=%2Fwp%2Fv2%2Fcomments&post=3103"}],"version-history":[{"count":2,"href":"https:\/\/opus-folyoirat.sk\/index.php?rest_route=\/wp\/v2\/pages\/3103\/revisions"}],"predecessor-version":[{"id":3106,"href":"https:\/\/opus-folyoirat.sk\/index.php?rest_route=\/wp\/v2\/pages\/3103\/revisions\/3106"}],"wp:attachment":[{"href":"https:\/\/opus-folyoirat.sk\/index.php?rest_route=%2Fwp%2Fv2%2Fmedia&parent=3103"}],"curies":[{"name":"wp","href":"https:\/\/api.w.org\/{rel}","templated":true}]}}