{"id":3108,"date":"2025-02-10T01:13:00","date_gmt":"2025-02-09T23:13:00","guid":{"rendered":"https:\/\/opus-folyoirat.sk\/?page_id=3108"},"modified":"2025-11-19T01:14:59","modified_gmt":"2025-11-18T23:14:59","slug":"hajdu-laszlo","status":"publish","type":"page","link":"https:\/\/opus-folyoirat.sk\/?page_id=3108","title":{"rendered":"Hajd\u00fa L\u00e1szl\u00f3"},"content":{"rendered":"\n<p class=\"has-medium-font-size\"><strong>Bev\u00e9geztetett<\/strong><\/p>\n\n\n<div class=\"has-text-align-right wp-block-post-date\"><time datetime=\"2025-02-10T01:13:00+02:00\">2025-02-10<\/time><\/div>\n\n\n<p><\/p>\n\n\n\n<div class=\"wp-block-group is-vertical is-layout-flex wp-container-core-group-is-layout-8cf370e7 wp-block-group-is-layout-flex\">\n<p>\u2013 Consummatum est \u2013 sz\u00f3lt a sz\u00e1zados, amikor bel\u00e9pett az iv\u00f3 ajtaj\u00e1n.&nbsp; A kez\u00e9ben tartott pilumot a falhoz t\u00e1masztotta. A l\u00e1ndzsa hegy\u00e9n egy szivacs marad\u00e9kai \u00e9ktelenkedtek, melyb\u0151l er\u0151s szag\u00fa folyad\u00e9k csepegett.<\/p>\n\n\n\n<p>\u2013 Barabb\u00e1s? \u2013 k\u00e9rdezte a csapos, \u00e9s egy mocskos kend\u0151vel, amit izzadt nyak\u00e1b\u00f3l vett le, lecsapkodta a legyeket a b\u00e1rdolt deszk\u00e1r\u00f3l.<\/p>\n\n\n\n<p>\u2013 A n\u00e1z\u00e1reti.<\/p>\n\n\n\n<p>A l\u00e9gi\u00f3s antaliyai bort k\u00e9rt \u00e9s sz\u00f3tlanul felhajtotta a kup\u00e1t. Ut\u00e1na egy \u00fajabb poh\u00e1rral t\u00f6lt\u00f6tt a kocsm\u00e1ros, aki nem mozdult az asztal mell\u0151l.<\/p>\n\n\n\n<p>\u2013 Jajvesz\u00e9kelt? Sikoltozott? \u2013 faggatta k\u00edv\u00e1ncsian.<\/p>\n\n\n\n<p>\u2013 Mi\u00e9rt nem gy\u0151z\u0151dt\u00e9l meg magad? Mindenki ott tolongott.<\/p>\n\n\n\n<p>\u2013 Nem hagyhattam itt az \u00fczletet. M\u00e9g megloptak volna.<\/p>\n\n\n\n<p>\u2013 A saj\u00e1t fajt\u00e1dban sem b\u00edzol?<\/p>\n\n\n\n<p>A csapos lopva k\u00f6rbe n\u00e9zett \u00e9s azt suttogta: \u2013 Ezek Barabb\u00e1s cinkost\u00e1rsai, arra k\u00e9sz\u00fcltek kiszabad\u00edtj\u00e1k, ha kedvez\u0151tlen fordulatot vesz a crucifixion.<\/p>\n\n\n\n<p>\u00dajra ny\u00edlt az ajt\u00f3 \u00e9s a be\u00e1raml\u00f3 f\u00e9nyben egy eltakart arc\u00fa n\u0151 \u00e9s egy f\u00e9rfi l\u00e9pett be a helyis\u00e9gbe.<\/p>\n\n\n\n<p>\u2013 A n\u00e1z\u00e1reti anyja \u2013 s\u00fagtak \u00f6ssze az emberek.<\/p>\n\n\n\n<p>\u2013 Csak vizet k\u00e9rek \u2013 sz\u00f3lt sztoikus nyugalommal az asszony. \u2013 Te j\u00f3 ember vagy, \u2013 fordult a katon\u00e1hoz \u2013 inni adt\u00e1l a fiamnak.<\/p>\n\n\n\n<p>\u2013 Ne kis\u00e9rtsd a sorsot ar\u00e1mi, ecet volt az \u2013 d\u00f6rrent r\u00e1 a centurio.<\/p>\n\n\n\n<p>\u2013 Azt hittem el\u00e9g lesz a k\u00ednz\u00e1s \u2013 ezt m\u00e1r maga el\u00e9 motyogta a tiszt.<\/p>\n\n\n\n<p>\u2013 T\u00e9ged meg l\u00e1ttalak a l\u00e1z\u00edt\u00f3val \u2013 ki\u00e1ltott a n\u0151 t\u00e1rs\u00e1ra az egyik vend\u00e9g, akiben a parancsnok a szabadon engedett Barabb\u00e1st ismerte fel.<\/p>\n\n\n\n<p>\u2013 Engem? \u00c9n Simon vagyok, egyszer\u0171 hal\u00e1sz.<\/p>\n\n\n\n<p>\u2013 L\u00e1ttalak a genez\u00e1reti t\u00f3n\u00e1l, ott voltatok tucatnyian!<\/p>\n\n\n\n<p>\u2013 Jaj, \u00e9n csak halat vittem, mert h\u00e1t a j\u00f3 sz\u00edvemmel nem b\u00edrtam n\u00e9zni a sok \u00e9hez\u0151t.<\/p>\n\n\n\n<p>\u2013 Meg az ersz\u00e9nyed sem b\u00e1nta, ugye?<\/p>\n\n\n\n<p>Erre t\u00f6bben fel\u00e1lltak \u00e9s v\u00e9szj\u00f3sl\u00f3an k\u00f6zeledtek az asztalhoz, ahol azok ketten \u00fcltek.<\/p>\n\n\n\n<p>\u2013 Csituljatok! \u2013 szisszent r\u00e1juk a katona, a l\u00e1ndzs\u00e1t \u00e9s a r\u00f6vid kardot r\u00e1juk szegezve. A fegyverek nagy t\u00f6meg ellen csak alakzatban \u00e9rtek volna valamit, a harami\u00e1k m\u00e9gis visszaereszkedtek a hely\u00fckre \u00e9s folytatt\u00e1k a pusmog\u00e1st.<\/p>\n\n\n\n<p>A nap lassan nyugodni k\u00e9sz\u00fclt a Golgota hegy m\u00f6g\u00f6tt. A fogad\u00f3ra is f\u00e9lhom\u00e1ly ereszkedett. Mikor teljesen bes\u00f6t\u00e9tedett, M\u00e1ria az ajt\u00f3 fel\u00e9 indult, Simon is felt\u00e1p\u00e1szkodott.<\/p>\n\n\n\n<p>\u2013 Meg\u00e1llj! \u2013 figyelmeztette a katona, aki fegyver\u00e9t mag\u00e1hoz v\u00e9ve kil\u00e9pett a fogad\u00f3 el\u00e9. H\u00e1rmat f\u00fajt a s\u00edpj\u00e1ba, mire a keresztn\u00e9l \u00e1ll\u00f3 katon\u00e1k elvonultak \u0151rhely\u00fckr\u0151l.<\/p>\n\n\n\n<p>\u2013 Tiszta a leveg\u0151, mehettek.<\/p>\n\n\n\n<p>Kis id\u0151 m\u00falva a csapos is csatlakozott a katon\u00e1hoz \u00e9s egy\u00fctt figyelt\u00e9k, mi t\u00f6rt\u00e9nik a kereszt k\u00f6r\u00fcl. Odabenn a harami\u00e1k egyre jobban ler\u00e9szegedve \u00fcnnepelt\u00e9k vezet\u0151j\u00fck szabadul\u00e1s\u00e1t.<\/p>\n\n\n\n<p>T\u00e1volban, a veszt\u0151helyen, mint sz\u00e1mtalan szkarabeusz, apr\u00f3 l\u00e1mp\u00e1sok f\u00e9nye cik\u00e1zott a kereszt k\u00f6r\u00fcl.<\/p>\n\n\n\n<p>A hold gyenge sugarain\u00e1l kivett\u00e9k, hogy \u00f3vatos kezek leemelik J\u00e9zust a keresztr\u0151l \u00e9s gyolcsba tekerik.<\/p>\n\n\n\n<p>\u2013 Mostant\u00f3l m\u00e1s vil\u00e1g lesz \u2013 mondta a katona a vend\u00e9gl\u0151snek, aki sz\u00e1jt\u00e1tva n\u00e9zte, hogy a test lumineszk\u00e1lva vil\u00e1g\u00edt \u00e1t a v\u00e1sznon.&nbsp;<\/p>\n\n\n\n<p>Odabentr\u0151l ord\u00edt\u00e1s hallatszott, majd a nyitott ajt\u00f3n \u00e1t lobog\u00f3 t\u0171z f\u00e9nye vet\u0151d\u00f6tt ki az \u00e9jszak\u00e1ba. A vend\u00e9gl\u0151s \u00e9s a csapos egykedv\u0171en vette tudom\u00e1sul, esz\u00fckbe sem jutott oltani. A csapos beh\u00fazta az ajt\u00f3t \u00e9s k\u00edv\u00fclr\u0151l j\u00f3l elreteszelte.<\/p>\n\n\n\n<p>\u2013 J\u00f3l van ez \u00edgy \u2013 jegyezte meg.<\/p>\n\n\n\n<p>\u2013 Bev\u00e9geztetett \u2013 v\u00e1laszolta amaz.<\/p>\n\n\n\n<p>Harmadnap a sz\u00e1zados egy nyitott s\u00edrbarlangot tal\u00e1lt az olajf\u00e1k hegy\u00e9n. Beb\u00fajt a nyilad\u00e9kon \u00e9s egy gy\u0171rt halotti leplet tapodott a saruja. A szabadban kiter\u00edtette \u00e9s \u00e9szrevette a r\u00e1\u00e9gett emberi alak k\u00f6rvonal\u00e1t.&nbsp;<\/p>\n\n\n\n<p>Lenn a v\u00e1rosban alig ismerte fel a kocsm\u00e1rost, aki sz\u0151rcsuh\u00e1ra cser\u00e9lte \u00f6lt\u00f6z\u00e9k\u00e9t \u00e9s az utc\u00e1kon tolong\u00f3 embereket k\u00e9rdezgette.<\/p>\n\n\n\n<p>\u2013 Nem l\u00e1tt\u00e1tok a tan\u00edtv\u00e1nyokat?<\/p>\n\n\n\n<p>A r\u00f3mai megragadta a grabanc\u00e1t, mire m\u00e9ltatlankodva fordult h\u00e1tra.<\/p>\n\n\n\n<p>\u2013 Te vagy az centurio?<\/p>\n\n\n\n<p>\u2013 Holnap indulok Germ\u00e1ni\u00e1ba. Ezt a csomagot \u0151rizd meg! Ne t\u00e9veszd szem el\u0151l, hal\u00e1lod napj\u00e1n megb\u00edzhat\u00f3 embernek add tov\u00e1bb!<\/p>\n\n\n\n<p>\u2013 Mi ez? Ez csak egy leped\u0151.<\/p>\n\n\n\n<p>\u2013 Bizony\u00edt\u00e9k, hogy l\u00e9tezett.<\/p>\n<\/div>\n","protected":false},"excerpt":{"rendered":"<p>Bev\u00e9geztetett \u2013 Consummatum est \u2013 sz\u00f3lt a sz\u00e1zados, amikor bel\u00e9pett az iv\u00f3 ajtaj\u00e1n.&nbsp; A kez\u00e9ben tartott pilumot a falhoz t\u00e1masztotta. A l\u00e1ndzsa hegy\u00e9n egy szivacs marad\u00e9kai \u00e9ktelenkedtek, melyb\u0151l er\u0151s szag\u00fa folyad\u00e9k csepegett. \u2013 Barabb\u00e1s? \u2013 k\u00e9rdezte a csapos, \u00e9s egy &hellip; <a href=\"https:\/\/opus-folyoirat.sk\/?page_id=3108\">Egy kattint\u00e1s ide a folytat\u00e1shoz&#8230;. <span class=\"meta-nav\">&rarr;<\/span><\/a><\/p>\n","protected":false},"author":4,"featured_media":0,"parent":0,"menu_order":0,"comment_status":"closed","ping_status":"closed","template":"","meta":{"footnotes":""},"class_list":["post-3108","page","type-page","status-publish","hentry"],"_links":{"self":[{"href":"https:\/\/opus-folyoirat.sk\/index.php?rest_route=\/wp\/v2\/pages\/3108","targetHints":{"allow":["GET"]}}],"collection":[{"href":"https:\/\/opus-folyoirat.sk\/index.php?rest_route=\/wp\/v2\/pages"}],"about":[{"href":"https:\/\/opus-folyoirat.sk\/index.php?rest_route=\/wp\/v2\/types\/page"}],"author":[{"embeddable":true,"href":"https:\/\/opus-folyoirat.sk\/index.php?rest_route=\/wp\/v2\/users\/4"}],"replies":[{"embeddable":true,"href":"https:\/\/opus-folyoirat.sk\/index.php?rest_route=%2Fwp%2Fv2%2Fcomments&post=3108"}],"version-history":[{"count":1,"href":"https:\/\/opus-folyoirat.sk\/index.php?rest_route=\/wp\/v2\/pages\/3108\/revisions"}],"predecessor-version":[{"id":3109,"href":"https:\/\/opus-folyoirat.sk\/index.php?rest_route=\/wp\/v2\/pages\/3108\/revisions\/3109"}],"wp:attachment":[{"href":"https:\/\/opus-folyoirat.sk\/index.php?rest_route=%2Fwp%2Fv2%2Fmedia&parent=3108"}],"curies":[{"name":"wp","href":"https:\/\/api.w.org\/{rel}","templated":true}]}}