{"id":3120,"date":"2025-11-19T01:39:27","date_gmt":"2025-11-18T23:39:27","guid":{"rendered":"https:\/\/opus-folyoirat.sk\/?page_id=3120"},"modified":"2025-11-19T01:39:28","modified_gmt":"2025-11-18T23:39:28","slug":"farkas-arnold-levente","status":"publish","type":"page","link":"https:\/\/opus-folyoirat.sk\/?page_id=3120","title":{"rendered":"Farkas Arnold Levente"},"content":{"rendered":"\n<pre class=\"wp-block-verse\"><strong>csak l\u00e1tszatk\u00e9nt<\/strong><br><br>f\u00f6l\u00f6sleges f\u00e9rfi, patk\u00e1ny<br>a romok k\u00f6z\u00f6tt, t\u00e9tova<br>talj\u00e1n, m\u00e1jus bolondja, de<br>erk\u00f6lcseire n\u00e9zve nem<br><br>az, megj\u00e1rtam m\u00e1r mindh\u00e1rom<br>vil\u00e1got, de a val\u00f3s\u00e1g<br>csak l\u00e1tszatk\u00e9nt mutatkozott,<br>az \u00e9g\u0151 csipkebokorban<br><br>a piros t\u0171zolt\u00f3k piros<br>telefonsz\u00e1ma, hangszerek<br>n\u00e9mas\u00e1g\u00e1t \u0151rzi a cs\u00f6nd,<br><br>utolj\u00e1ra egy kering\u0151t<br>pr\u00f3b\u00e1ltam pengetni, g\u00f6rcsbe<br>r\u00e1ndultak orosz ujjaim<br><br>*<br><br>m\u00e1jus bolondja \u00e1prilist<br>rajzol a t\u00e9lre, az id\u0151<br>halott s\u00falya terpeszkedik<br>lehangolts\u00e1gt\u00f3l megkopott<br><br>h\u00farokon, ha nem ny\u00fal senki<br>a cs\u00f6ndh\u00f6z, verset kell \u00edrni<br>a gy\u0151zelemr\u0151l, fekete<br>szomor\u00fas\u00e1g sziv\u00e1rog szent<br><br>t\u00e9ved\u00e9sek \u00e1rny\u00e9k\u00e1b\u00f3l,<br>nevets\u00e9ges vagyok, az \u00e9g<br>keresztre fesz\u00edtett mad\u00e1r,<br><br>beletapad mind a kilenc<br>sark\u00e1ba a vil\u00e1gnak, de<br>a t\u00fck\u00f6r csak ill\u00fazi\u00f3<br><br>*<br><br>visszament a hangszer\u00e9\u00e9rt,<br>mert m\u00e1jus bolondja t\u00e9len<br>sz\u0171z h\u00f3ban f\u00fcr\u00f6szt gyermeket,<br>\u00e1lmos \u00e9bred\u00e9s a hajnal,<br><br>dolgok hevernek szertesz\u00e9t,<br>majdnem k\u00e9sz kezdet \u00e9s majdnem<br>bev\u00e9gzett t\u00f6k\u00e9letess\u00e9g,<br>f\u00e1b\u00f3l k\u00e9sz\u00fclnek hangszerek,<br><br>f\u00e1n \u00e9nekelnek madarak,<br>mind a n\u00e9gy sarokba a cs\u00f6nd<br>s\u00e1rg\u00e1sz\u00f6ld foszl\u00e1nya tapad,<br><br>megal\u00e1zott m\u00faland\u00f3s\u00e1g<br>maszkjai m\u00f6g\u00f6tt m\u00e1snapos<br>m\u00f3dszerek m\u00edmelnek mag\u00e1nyt<br><br>*<br><br>a boldogs\u00e1g templom\u00e1ban<br>boldogtalan im\u00e1dkozik,<br>talpas\u00f3ra a szob\u00e1ban,<br>az id\u0151 is elk\u00e1rhozik,<br><br>a mutat\u00f3k cs\u00f6nd\u00e1rny\u00e9ka<br>vet\u00fcl a boldogtalanra,<br>de a teny\u00e9r vonalai<br>\u0151rzik a sors l\u00e1tszat\u00e1t, ki<br><br>fogsz tal\u00e1lni egy j\u00e1t\u00e9kot,<br>amit j\u00e1tszik a k\u00e9pzelet,<br>ez a j\u00e1t\u00e9k lesz a sorsod,<br><br>\u00e9letnek is nevezheted,<br>\u00f6r\u00f6kk\u00e9 az \u00f3r\u00e1t lesed<br><\/pre>\n\n\n\n<p class=\"has-text-align-right\"><em>Megjelent az Opus 2025\/1-es sz\u00e1m\u00e1ban<\/em><\/p>\n","protected":false},"excerpt":{"rendered":"<p>csak l\u00e1tszatk\u00e9ntf\u00f6l\u00f6sleges f\u00e9rfi, patk\u00e1nya romok k\u00f6z\u00f6tt, t\u00e9tovatalj\u00e1n, m\u00e1jus bolondja, deerk\u00f6lcseire n\u00e9zve nemaz, megj\u00e1rtam m\u00e1r mindh\u00e1romvil\u00e1got, de a val\u00f3s\u00e1gcsak l\u00e1tszatk\u00e9nt mutatkozott,az \u00e9g\u0151 csipkebokorbana piros t\u0171zolt\u00f3k pirostelefonsz\u00e1ma, hangszerekn\u00e9mas\u00e1g\u00e1t \u0151rzi a cs\u00f6nd,utolj\u00e1ra egy kering\u0151tpr\u00f3b\u00e1ltam pengetni, g\u00f6rcsber\u00e1ndultak orosz ujjaim*m\u00e1jus bolondja \u00e1prilistrajzol a t\u00e9lre, az &hellip; <a href=\"https:\/\/opus-folyoirat.sk\/?page_id=3120\">Egy kattint\u00e1s ide a folytat\u00e1shoz&#8230;. <span class=\"meta-nav\">&rarr;<\/span><\/a><\/p>\n","protected":false},"author":4,"featured_media":0,"parent":0,"menu_order":0,"comment_status":"closed","ping_status":"closed","template":"","meta":{"footnotes":""},"class_list":["post-3120","page","type-page","status-publish","hentry"],"_links":{"self":[{"href":"https:\/\/opus-folyoirat.sk\/index.php?rest_route=\/wp\/v2\/pages\/3120","targetHints":{"allow":["GET"]}}],"collection":[{"href":"https:\/\/opus-folyoirat.sk\/index.php?rest_route=\/wp\/v2\/pages"}],"about":[{"href":"https:\/\/opus-folyoirat.sk\/index.php?rest_route=\/wp\/v2\/types\/page"}],"author":[{"embeddable":true,"href":"https:\/\/opus-folyoirat.sk\/index.php?rest_route=\/wp\/v2\/users\/4"}],"replies":[{"embeddable":true,"href":"https:\/\/opus-folyoirat.sk\/index.php?rest_route=%2Fwp%2Fv2%2Fcomments&post=3120"}],"version-history":[{"count":1,"href":"https:\/\/opus-folyoirat.sk\/index.php?rest_route=\/wp\/v2\/pages\/3120\/revisions"}],"predecessor-version":[{"id":3121,"href":"https:\/\/opus-folyoirat.sk\/index.php?rest_route=\/wp\/v2\/pages\/3120\/revisions\/3121"}],"wp:attachment":[{"href":"https:\/\/opus-folyoirat.sk\/index.php?rest_route=%2Fwp%2Fv2%2Fmedia&parent=3120"}],"curies":[{"name":"wp","href":"https:\/\/api.w.org\/{rel}","templated":true}]}}