{"id":3133,"date":"2025-03-16T01:48:00","date_gmt":"2025-03-15T23:48:00","guid":{"rendered":"https:\/\/opus-folyoirat.sk\/?page_id=3133"},"modified":"2025-11-19T01:50:11","modified_gmt":"2025-11-18T23:50:11","slug":"balogh-ildiko-versforditasai","status":"publish","type":"page","link":"https:\/\/opus-folyoirat.sk\/?page_id=3133","title":{"rendered":"Balogh Ildik\u00f3 versford\u00edt\u00e1sai"},"content":{"rendered":"<div class=\"has-text-align-right wp-block-post-date\"><time datetime=\"2025-03-16T01:48:00+02:00\">2025-03-16<\/time><\/div>\n\n\n<pre class=\"wp-block-verse\"><strong>Milan Lasica<br><br>Godot nem j\u00f6n<br>(Godot nepr\u00edde<\/strong>)<br><br>Ismerem ezt az\u00a0id\u0151tlen v\u00e1rakoz\u00e1st<br>mikor v\u00e1rod hogy valami v\u00e1ltozzon<br>de nem tudod pontosan mi \u00e9s mikor\u00a0<br>utolj\u00e1ra v\u00e1rakozol minden nap<br>majd holnapt\u00f3l \u00fajra<br>mintha kicser\u00e9ltek volna<br><br>v\u00e1rod mikor \u00e9r v\u00e9get a\u00a0v\u00e1rakoz\u00e1s<br>k\u00e9ts\u00e9gbeesetten de t\u00fcrelemmel<br>a\u00a0v\u00e9g pedig ott bel\u00e1thatatlanul valahol<br>s\u00a0ha m\u00e1r nem vagy teljesen a\u00a0padl\u00f3n<br>e v\u00e1rakoz\u00e1s lehet<br>az eg\u00e9sz \u00e9leted<br><br>fejezd be e\u00a0k\u00e9ptelen sz\u00f3rakoz\u00e1st<br>ne v\u00e1rd m\u00edg valami t\u00f6rt\u00e9nni fog<br>eml\u00e9kezz ki is volt\u00e1l<br>s ha el is felejtetted eml\u00e9kezz<br>hogy az \u00e9letben minden elj\u00f6n<br>j\u00f6n j\u00f6n<br>v\u00e1ratlanul<br><br><br><br><br><strong>J\u00e1n \u0160trasser <br><br>Email rispet<br>(Emailov\u00fd rispet)<\/strong><br><br>Szemh\u00e9jam alatt tapogat\u00f3dzik a\u00a0s\u00edr\u00e1s.<br>A\u00a0szem a\u00a0monitor \u00fcveg\u00e9n kopogtat,<br>Az eg\u00e9r a\u00a0c\u00edmbe harap, amely<br>Felugrik. Sz\u00f3l: neked@<br><br>szervervilagvege.com<br>Meztelen bet\u0171k nyomakodnak egym\u00e1shoz<br><br>Nem tudod mit kezdj az emberrel<br>Ki g\u00e9ped m\u00e1sik oldal\u00e1n van...<\/pre>\n\n\n\n<p class=\"has-text-align-right\"><em>Megjelentek az Opus 2025\/1-es sz\u00e1m\u00e1ban<\/em><\/p>\n","protected":false},"excerpt":{"rendered":"<p>Milan LasicaGodot nem j\u00f6n(Godot nepr\u00edde)Ismerem ezt az\u00a0id\u0151tlen v\u00e1rakoz\u00e1stmikor v\u00e1rod hogy valami v\u00e1ltozzonde nem tudod pontosan mi \u00e9s mikor\u00a0utolj\u00e1ra v\u00e1rakozol minden napmajd holnapt\u00f3l \u00fajramintha kicser\u00e9ltek volnav\u00e1rod mikor \u00e9r v\u00e9get a\u00a0v\u00e1rakoz\u00e1sk\u00e9ts\u00e9gbeesetten de t\u00fcrelemmela\u00a0v\u00e9g pedig ott bel\u00e1thatatlanul valahols\u00a0ha m\u00e1r nem vagy teljesen a\u00a0padl\u00f3ne &hellip; <a href=\"https:\/\/opus-folyoirat.sk\/?page_id=3133\">Egy kattint\u00e1s ide a folytat\u00e1shoz&#8230;. <span class=\"meta-nav\">&rarr;<\/span><\/a><\/p>\n","protected":false},"author":4,"featured_media":0,"parent":0,"menu_order":0,"comment_status":"closed","ping_status":"closed","template":"","meta":{"footnotes":""},"class_list":["post-3133","page","type-page","status-publish","hentry"],"_links":{"self":[{"href":"https:\/\/opus-folyoirat.sk\/index.php?rest_route=\/wp\/v2\/pages\/3133","targetHints":{"allow":["GET"]}}],"collection":[{"href":"https:\/\/opus-folyoirat.sk\/index.php?rest_route=\/wp\/v2\/pages"}],"about":[{"href":"https:\/\/opus-folyoirat.sk\/index.php?rest_route=\/wp\/v2\/types\/page"}],"author":[{"embeddable":true,"href":"https:\/\/opus-folyoirat.sk\/index.php?rest_route=\/wp\/v2\/users\/4"}],"replies":[{"embeddable":true,"href":"https:\/\/opus-folyoirat.sk\/index.php?rest_route=%2Fwp%2Fv2%2Fcomments&post=3133"}],"version-history":[{"count":1,"href":"https:\/\/opus-folyoirat.sk\/index.php?rest_route=\/wp\/v2\/pages\/3133\/revisions"}],"predecessor-version":[{"id":3134,"href":"https:\/\/opus-folyoirat.sk\/index.php?rest_route=\/wp\/v2\/pages\/3133\/revisions\/3134"}],"wp:attachment":[{"href":"https:\/\/opus-folyoirat.sk\/index.php?rest_route=%2Fwp%2Fv2%2Fmedia&parent=3133"}],"curies":[{"name":"wp","href":"https:\/\/api.w.org\/{rel}","templated":true}]}}