{"id":3161,"date":"2025-04-07T09:13:00","date_gmt":"2025-04-07T07:13:00","guid":{"rendered":"https:\/\/opus-folyoirat.sk\/?page_id=3161"},"modified":"2025-11-19T09:14:44","modified_gmt":"2025-11-19T07:14:44","slug":"kiss-balint-bela-2","status":"publish","type":"page","link":"https:\/\/opus-folyoirat.sk\/?page_id=3161","title":{"rendered":"Kiss B\u00e1lint B\u00e9la"},"content":{"rendered":"<div class=\"has-text-align-right wp-block-post-date\"><time datetime=\"2025-04-07T09:13:00+02:00\">2025-04-07<\/time><\/div>\n\n\n<pre class=\"wp-block-verse\"><strong>A gy\u00f6ny\u00f6r nyom\u00e1ban<\/strong><br><br>Villamoson \u00fclve,<br>az utc\u00e1n s\u00e9t\u00e1lva,<br>benn egy k\u00e1v\u00e9z\u00f3ban,<br>vagy ablakb\u00f3l b\u00e1m\u00e9szkodva <br>minden \u00e9ber tekintetem,<br>mint s\u00f6t\u00e9tben a kapcsol\u00f3t,<br>keresi a gy\u00f6ny\u00f6rt.<br><br>Az arcotokban,<br>testetek vonalaiban,<br>d\u00edszruh\u00e1tokban \u00e9s d\u00edszmosolyotokban,<br>k\u00f3cos, sima, g\u00f6nd\u00f6r tincsetekben,<br>abban, ahogy pislogtok,<br>vagy egym\u00e1snak intetek,<br>v\u00e1ratlanul r\u00e1m tal\u00e1l.<br><br>Gy\u00f6ny\u00f6rk\u00f6d\u00f6m bennetek,<br>mintha b\u00e1rmi haszna lenne,<br>mintha ett\u0151l \u00e9n is szebb lenn\u00e9k.<br>Figyelem l\u00e1batok verseny\u00e9t,<br>ahogy egyik be\u00e9ri a m\u00e1sikat,<br>majd \u00fajb\u00f3l h\u00e1tr\u00e1nyba ker\u00fcl,<br>m\u00edg ti jobbra t\u00e9rtek, \u00e9n meg balra.<br><br>Hallom, ahogy n\u00e9h\u00e1ny sz\u00f3 \u00f6sszecseng,<br>vagy egyszerre nevettek \u00e9s sajn\u00e1lkoztok.<br>Mindig r\u00e1csod\u00e1lkozok, mint az \u00fajsz\u00fcl\u00f6tt,<br>hogy mennyire hasonl\u00edtunk egym\u00e1sra.<br>\u00c9s gy\u00f6ny\u00f6r\u0171 a kedvess\u00e9g, val\u00f3ban,<br>az apr\u00f3 \u00e1ldozat, de megr\u00e9miszt,<br>hogy ez m\u00e1r lehet nem el\u00e9g.<br><br>Testetek szimmetri\u00e1ja szembesz\u00e1ll <br>tetteitek aszimmetri\u00e1j\u00e1val.<br>Keresem bennetek a gy\u00f6ny\u00f6rt,<br>m\u00e9g ha nem is l\u00e1tom.<br>M\u00e9g ha nincs is mit l\u00e1tni.<br>S olykor, mikor r\u00e1bukkanok,<br>gyomron \u00fct: \u00e9s akkor mi van?<br><br>N\u00e9zem egy-k\u00e9t m\u00e1sodpercig,<br>mint egy cirkuszi mutatv\u00e1nyt,<br>\u00e9s \u00e9hes a lelkem, nem b\u00edr betelni.<br>Ny\u00e1ladzok, mint Pavlov kuty\u00e1ja,<br>de olyan csak, mint t\u00e9v\u00e9ben a rekl\u00e1m.<br>Megtanulok elengedni, lemondani<br>arr\u00f3l, hogy b\u00e1rmikor is el\u00e9g lesz.<br><\/pre>\n\n\n\n<p class=\"has-text-align-right\"><em>Megjelent az Opus 2025\/1-es sz\u00e1m\u00e1ban<\/em><\/p>\n","protected":false},"excerpt":{"rendered":"<p>A gy\u00f6ny\u00f6r nyom\u00e1banVillamoson \u00fclve,az utc\u00e1n s\u00e9t\u00e1lva,benn egy k\u00e1v\u00e9z\u00f3ban,vagy ablakb\u00f3l b\u00e1m\u00e9szkodva minden \u00e9ber tekintetem,mint s\u00f6t\u00e9tben a kapcsol\u00f3t,keresi a gy\u00f6ny\u00f6rt.Az arcotokban,testetek vonalaiban,d\u00edszruh\u00e1tokban \u00e9s d\u00edszmosolyotokban,k\u00f3cos, sima, g\u00f6nd\u00f6r tincsetekben,abban, ahogy pislogtok,vagy egym\u00e1snak intetek,v\u00e1ratlanul r\u00e1m tal\u00e1l.Gy\u00f6ny\u00f6rk\u00f6d\u00f6m bennetek,mintha b\u00e1rmi haszna lenne,mintha ett\u0151l \u00e9n is szebb lenn\u00e9k.Figyelem &hellip; <a href=\"https:\/\/opus-folyoirat.sk\/?page_id=3161\">Egy kattint\u00e1s ide a folytat\u00e1shoz&#8230;. <span class=\"meta-nav\">&rarr;<\/span><\/a><\/p>\n","protected":false},"author":4,"featured_media":0,"parent":0,"menu_order":0,"comment_status":"closed","ping_status":"closed","template":"","meta":{"footnotes":""},"class_list":["post-3161","page","type-page","status-publish","hentry"],"_links":{"self":[{"href":"https:\/\/opus-folyoirat.sk\/index.php?rest_route=\/wp\/v2\/pages\/3161","targetHints":{"allow":["GET"]}}],"collection":[{"href":"https:\/\/opus-folyoirat.sk\/index.php?rest_route=\/wp\/v2\/pages"}],"about":[{"href":"https:\/\/opus-folyoirat.sk\/index.php?rest_route=\/wp\/v2\/types\/page"}],"author":[{"embeddable":true,"href":"https:\/\/opus-folyoirat.sk\/index.php?rest_route=\/wp\/v2\/users\/4"}],"replies":[{"embeddable":true,"href":"https:\/\/opus-folyoirat.sk\/index.php?rest_route=%2Fwp%2Fv2%2Fcomments&post=3161"}],"version-history":[{"count":1,"href":"https:\/\/opus-folyoirat.sk\/index.php?rest_route=\/wp\/v2\/pages\/3161\/revisions"}],"predecessor-version":[{"id":3162,"href":"https:\/\/opus-folyoirat.sk\/index.php?rest_route=\/wp\/v2\/pages\/3161\/revisions\/3162"}],"wp:attachment":[{"href":"https:\/\/opus-folyoirat.sk\/index.php?rest_route=%2Fwp%2Fv2%2Fmedia&parent=3161"}],"curies":[{"name":"wp","href":"https:\/\/api.w.org\/{rel}","templated":true}]}}