{"id":3215,"date":"2025-11-23T12:42:39","date_gmt":"2025-11-23T10:42:39","guid":{"rendered":"https:\/\/opus-folyoirat.sk\/?page_id=3215"},"modified":"2025-11-23T12:42:39","modified_gmt":"2025-11-23T10:42:39","slug":"az-elet-maga-a-poezis","status":"publish","type":"page","link":"https:\/\/opus-folyoirat.sk\/?page_id=3215","title":{"rendered":"Az \u00e9let maga a po\u00e9zis"},"content":{"rendered":"\n<p><em><strong>Besz\u00e9lget\u00e9s Ravasz J\u00f3zsef k\u00f6lt\u0151vel,<\/strong>\u00a0<strong>A csoda \u00e9n magam vagyok\u00a0c\u00edm\u0171 k\u00f6nyv szerz\u0151j\u00e9vel<\/strong><\/em><\/p>\n\n\n\n<p>Ravasz J\u00f3zsef k\u00f6lt\u0151, romol\u00f3gus, egyetemi docens ragaszkodik a gy\u00f6kereihez. Verseiben vez\u00e9rfonal az identit\u00e1s. Az egykori ap\u00e1caszak\u00e1llasi Gurdony nevet visel\u0151 cig\u00e1nyp\u00e9r\u00f3t sz\u00fclet\u00e9se \u00f3ta az \u0151 meseorsz\u00e1g\u00e1nak, kishaz\u00e1j\u00e1nak tartja. Vallja, burokban sz\u00fcletett,&nbsp;s ez\u00e9rt nagyanyja gyakran mondogatta, hogy&nbsp;szerencs\u00e9s ember lesz bel\u0151le. A bizony\u00edt\u00e1si v\u00e1gy mindig is meghat\u00e1roz\u00f3 t\u00e9nyez\u0151nek sz\u00e1m\u00edtott szem\u00e9lyes \u00e9let\u00e9ben \u00e9s karrierje szempontj\u00e1b\u00f3l is. Bizony\u00edtani akarta, hogy cig\u00e1ny sz\u00e1rmaz\u00e1sa nem lehet akad\u00e1lya a sikernek. \u00c9s igen, magyar ajk\u00fa romak\u00e9nt, hetvenen t\u00fal m\u00e9g ma is akt\u00edvan \u00edr, romol\u00f3gusk\u00e9nt szervezkedik \u00e9s oktat az egyetemen.<\/p>\n\n\n\n<figure class=\"wp-block-image size-large\"><img loading=\"lazy\" decoding=\"async\" width=\"1024\" height=\"682\" src=\"https:\/\/opus-folyoirat.sk\/wp-content\/uploads\/2025\/11\/01_RavaszJozsef02-1024x682.jpg\" alt=\"\" class=\"wp-image-3216\" srcset=\"https:\/\/opus-folyoirat.sk\/wp-content\/uploads\/2025\/11\/01_RavaszJozsef02-1024x682.jpg 1024w, https:\/\/opus-folyoirat.sk\/wp-content\/uploads\/2025\/11\/01_RavaszJozsef02-300x200.jpg 300w, https:\/\/opus-folyoirat.sk\/wp-content\/uploads\/2025\/11\/01_RavaszJozsef02-768x512.jpg 768w, https:\/\/opus-folyoirat.sk\/wp-content\/uploads\/2025\/11\/01_RavaszJozsef02-1536x1024.jpg 1536w, https:\/\/opus-folyoirat.sk\/wp-content\/uploads\/2025\/11\/01_RavaszJozsef02-2048x1365.jpg 2048w, https:\/\/opus-folyoirat.sk\/wp-content\/uploads\/2025\/11\/01_RavaszJozsef02-450x300.jpg 450w\" sizes=\"auto, (max-width: 1024px) 100vw, 1024px\" \/><\/figure>\n\n\n\n<div class=\"wp-block-group is-vertical is-layout-flex wp-container-core-group-is-layout-8cf370e7 wp-block-group-is-layout-flex\">\n<p><strong>A 70. sz\u00fclet\u00e9snapodra jelent meg a<\/strong>\u00a0<strong><em>Csoda \u00e9n magam vagyok<\/em><\/strong>\u00a0<strong>c\u00edm\u0171 k\u00f6nyved<\/strong><strong><em>.<\/em><\/strong><strong>\u00a0Mer\u00e9sz a c\u00edm, de illik hozz\u00e1d. Honnan j\u00f6tt az \u00f6tlet? Mi k\u00e9sztetett arra, hogy meg\u00edrd a k\u00f6nyvet?<\/strong><\/p>\n\n\n\n<p>A k\u00f6nyvben \u00f6sszegezni szerettem volna \u00e9letem azon \u00e1llom\u00e1sait, amelyekre sz\u00edvesen eml\u00e9kszem vissza. Mindent bele akartam \u00edrni, de a v\u00e9g\u00e9n r\u00e1j\u00f6ttem, mennyi minden kimaradt bel\u0151le. Az\u00e9rt az \u00e9letem negyed\u00e9t siker\u00fclt \u00f6sszefoglalnom. Ami a c\u00edmet illeti, az ember, amikor m\u00e1r hetvenkedik, z\u00e1rsz\u00e1mad\u00e1st k\u00e9sz\u00edt, megfogalmazza az \u00e9rt\u00e9keket. Igyekeztem meg\u00edrni mindent a k\u00f6rnyezetemr\u0151l, a csal\u00e1domr\u00f3l, a bar\u00e1taimr\u00f3l, a k\u00f6z\u00f6ss\u00e9gekr\u0151l, \u00e9s az id\u00e9z\u0151jelbe tett forradalmakr\u00f3l, amelyekben r\u00e9szt vettem, r\u00e9szt vett\u00fcnk azokkal, akik a mai napig fontosak sz\u00e1momra. A k\u00f6nyv c\u00edm\u00e9n sokat gondolkodtam, v\u00e9g\u00fcl \u00fagy d\u00f6nt\u00f6ttem, hogy az \u00e9letreg\u00e9nyem c\u00edm\u00e9nek frapp\u00e1nsnak, mer\u00e9sznek kell lennie. Azt\u00e1n azon kezdtem el filozof\u00e1lni, hogy mi is az a csoda? Mit nevez\u00fcnk csod\u00e1nak? V\u00e9g\u00fcl \u00fagy gondoltam, hogy az ember gyakran \u00e9rzi \u00fagy, hogy a\u00a0<em>csoda r\u00e9v\u00e9n megmaradtam<\/em>, vagy, hogy a<em>csoda r\u00e9v\u00e9n siker\u00fclt<\/em>. Ebbe kapaszkodtam, \u00e9s azt mondtam, azok a dolgok, amelyeket letettem az asztalra, csod\u00e1sak, \u00edgy \u00e9n magam vagyok a csoda. Sokan nagyzol\u00e1snak gondolhatt\u00e1k, de az, amit el\u00e9rtem az irodalomban, a k\u00f6z\u00e9letben vagy a politikai \u00e9letben, az\u00e9rt saj\u00e1t magamnak kellett megharcolnom.<\/p>\n<\/div>\n\n\n\n<p><\/p>\n\n\n\n<div class=\"wp-block-group is-vertical is-layout-flex wp-container-core-group-is-layout-8cf370e7 wp-block-group-is-layout-flex\">\n<p><strong>Verseid az 1980-as \u00e9vekben jelentek meg, majd szerepelt\u00e9l a Pr\u00f3ba\u00fat c\u00edm\u0171 antol\u00f3gi\u00e1ban, \u00e9s az Ir\u00f3dia mozgalom tagja is volt\u00e1l.<\/strong><\/p>\n\n\n\n<p>Az volt a legszebb korszak az \u00e9letemben. Olyan emberekkel, k\u00f6z\u00f6ss\u00e9ggel, mozgalommal, m\u0171v\u00e9szek csoportj\u00e1val tal\u00e1lkoztam, akik \u00fatt\u00f6r\u0151 c\u00e9lokat t\u0171ztek ki maguk el\u00e9, olyanokat, amelyek nehezen voltak el\u00e9rhet\u0151k.\u00a0 K\u00f6sz\u00f6nhet\u0151en Hodossy Gyul\u00e1nak, aki neh\u00e9zs\u00e9gek \u00e1r\u00e1n megszervezte, l\u00e9trehozta a\u00a0m\u00e1sk\u00e9nt gondolkod\u00f3k mozgalm\u00e1t.\u00a0\u00a0Magyar \u00e9rtelmis\u00e9gik\u00e9nt\u00a0bekapcsol\u00f3dtunk a\u00a0mozgalom munk\u00e1j\u00e1ba, ahol sokan voltunk, \u00e9s sokf\u00e9l\u00e9k.\u00a0 Csodavil\u00e1g volt az. Na tess\u00e9k, egy \u00fajabb csoda! Az\u00e9rt is, mert \u00fcres zsebbel, egy fill\u00e9r n\u00e9lk\u00fcl is eljutottunk b\u00e1rhov\u00e1, j\u00f3l is laktunk, aludni is volt hol, tanultunk \u00e9s j\u00f3kat besz\u00e9lgett\u00fcnk. Ez az id\u0151szak az \u00e9n \u00e9letemben is meghat\u00e1roz\u00f3 volt, \u00e9s m\u00e1r akkor tudtam, milyen ir\u00e1nyba kell indulnom.<\/p>\n<\/div>\n\n\n\n<p><\/p>\n\n\n\n<div class=\"wp-block-group is-vertical is-layout-flex wp-container-core-group-is-layout-8cf370e7 wp-block-group-is-layout-flex\">\n<p><strong>Roma k\u00f6lt\u0151nek tartod magad, vagy egyszer\u0171en \u201ecsak\u201c k\u00f6lt\u0151nek?<\/strong><\/p>\n\n\n\n<p>Els\u0151sorban k\u00f6lt\u0151nek tartom magam, \u00e9s ha valaki engem pluszban m\u00e9g roma k\u00f6lt\u0151nek is tart, annak csak \u00f6r\u00fclni tudok. Vallom, nincs roma \u00edr\u00f3 vagy roma k\u00f6lt\u0151, csak \u00edr\u00f3 van \u00e9s k\u00f6lt\u0151, az irodalmat nem lehet elk\u00fcl\u00f6n\u00edteni.\u00a0 Ha valaki roma k\u00f6lt\u0151nek tartja mag\u00e1t, akkor is olyan irodalmi teljes\u00edtm\u00e9nyt v\u00e1rnak el t\u0151le, mint egy szerves \u00e9s egys\u00e9ges irodalmon bel\u00fcl.\u00a0 B\u00e1rki foglalkozhat roma tematik\u00e1j\u00fa irodalommal, legyen az l\u00edra vagy pr\u00f3za. A\u00a0t\u00e9ma, a\u00a0m\u0171 tematikai r\u00e9sze a fontos, ami feloldja a\u00a0szerz\u0151t az al\u00f3l, hogy ne kelljen mag\u00e1t behat\u00e1rolnia.<\/p>\n<\/div>\n\n\n\n<p><\/p>\n\n\n\n<div class=\"wp-block-group is-vertical is-layout-flex wp-container-core-group-is-layout-8cf370e7 wp-block-group-is-layout-flex\">\n<p><strong>Sz\u00e1rmaz\u00e1sod miatt \u00e9rt valamilyen h\u00e1tr\u00e1ny, vagy mindig a\u00a0teljes\u00edtm\u00e9ny, a\u00a0min\u0151s\u00e9g sz\u00e1m\u00edtott?<\/strong><\/p>\n\n\n\n<p>A\u00a0h\u00e1tr\u00e1nyt mindig az ember okozza saj\u00e1t mag\u00e1nak. H\u00e1tr\u00e1nyt \u00e9n soha nem \u00e9reztem, ink\u00e1bb mindig azt szerettem volna megmutatni, hogy ig\u00e9ny van a\u00a0roma irodalomra. Szerintem az olvas\u00f3 sok esetben nem is foglalkozik az \u00edr\u00f3val. Csak azt k\u00f6vet\u0151en n\u00e9z ut\u00e1na a\u00a0szerz\u0151nek, miut\u00e1n elolvasta a m\u0171vet \u00e9s tetszik neki, s\u00a0hogy alkot\u00f3ja roma vagy magyar, m\u00e1r mell\u00e9kes. Sz\u00e1momra el\u0151nyt jelent, hogy roma nemzetis\u00e9gik\u00e9nt foglalkozhatok roma tematik\u00e1val. Van egy r\u00e9gi t\u00f6rt\u00e9netem, abb\u00f3l a\u00a0korb\u00f3l, amikor kezd\u0151 tollforgat\u00f3 voltam \u00e9s az \u00a0Ir\u00f3dia tagja. A k\u00e9ziratomra mindig r\u00e1\u00edrtam, hogy cig\u00e1ny k\u00f6lt\u00e9szet. Grendel Lajos egyszer \u00a0megsokallta, \u00e9s megk\u00e9rdezte t\u0151lem:\u00a0<em>\u201eDzs\u00e9zi, mi\u00e9rt \u00edrod oda, hogy cig\u00e1ny k\u00f6lt\u00e9szet?\u201c<\/em>\u00a0Erre \u00e9n:\u00a0<em>\u201eLajos, csak az\u00e9rt, hogy tudj\u00e1tok, most m\u00e1r ilyen is van.\u201c<\/em>\u00a0Val\u00f3j\u00e1ban nem tudtam magamnak sem megmagyar\u00e1zni az ok\u00e1t.\u00a0A\u00a0magyar \u00e9s a \u00a0szlov\u00e1k irodalom mellett nyilv\u00e1n elf\u00e9rt volna \u00a0a cig\u00e1ny irodalom is.<\/p>\n<\/div>\n\n\n\n<p><\/p>\n\n\n\n<div class=\"wp-block-group is-vertical is-layout-flex wp-container-core-group-is-layout-8cf370e7 wp-block-group-is-layout-flex\">\n<p><strong>A h\u00e1rom nyelven kiadott tanmes\u00e9idet kiz\u00e1r\u00f3lag roma gyerekeknek \u00edrtad, vagy \u00e9pp az\u00e9rt van szlov\u00e1kul \u00e9s magyarul is, hogy ezek a gyerekek belel\u00e1ssanak egy sz\u00e1mukra ismeretlen kult\u00far\u00e1ba?<\/strong><\/p>\n\n\n\n<p>Gyerekeknek \u00edr\u00f3dott, mindegy, milyen nyelven besz\u00e9lnek, \u00e9s az iskol\u00e1kban a\u00a0pedag\u00f3gus d\u00f6ntheti el, mi\u00e9rt lehetnek ezek a tanmes\u00e9k fontosak az eg\u00e9sz oszt\u00e1ly sz\u00e1m\u00e1ra. Ebben a\u00a0k\u00f6nyvben a\u00a0tematika a meghat\u00e1roz\u00f3, \u00e9s a gyerek mi\u00e9rt ne akarna roma tanmes\u00e9ket olvasni, hallani? F\u0151 c\u00e9lom az volt, hogy a\u00a0roma gyerekek megtanuljanak v\u00e9lem\u00e9nyt form\u00e1lni. Ilyenkor fontos az, hogy \u00e9n vagyok a\u00a0Ravasz J\u00f3zsi, aki maga is cig\u00e1ny ember, \u00e9s \u00edr\u00f3, k\u00f6lt\u0151 \u2013 vagy nevezzenek annak, aminek \u2013, aki meg\u00edrt egy olyan tanmes\u00e9t, ami arr\u00f3l sz\u00f3l, milyen nagyszer\u0171 dolog p\u00e9ld\u00e1ul, ha a\u00a0gyerekek megtanulj\u00e1k a\u00a0cig\u00e1ny nyelvet \u00e9s m\u00e9g besz\u00e9lik is. Tudni kell, hogy sok cig\u00e1ny sz\u00e1m\u00e1ra ez a\u00a0nyelv sz\u00e9gyenkelt\u0151. Az a\u00a0roma, aki m\u00e1r asszimil\u00e1l\u00f3dott, a\u00a0cig\u00e1nyul besz\u00e9l\u0151 rom\u00e1kat hallva sz\u00e9gyenkezik. El\u0151\u00edt\u00e9lettel van ir\u00e1ntuk. Szeretn\u00e9m kiadni az \u00fajabb k\u00f6nyvemet is, amelynek\u00a0<em>Apolka mes\u00e9i<\/em>\u00a0a\u00a0c\u00edme, s az illusztr\u00e1ci\u00f3it a\u00a0szepsi \u00e9s a\u00a0tall\u00f3si gyerekek k\u00e9sz\u00edtett\u00e9k. Az ekecsi cig\u00e1nyp\u00e9r\u00f3b\u00f3l, Gurdonyb\u00f3l vettem a\u00a0neveket \u00e9s a\u00a0tematik\u00e1t. Arra t\u00f6rekedtem, hogy a\u00a0sz\u00fcl\u0151falumban az a\u00a0kis meseorsz\u00e1g, aminek megvoltak a\u00a0maga sz\u00e9ps\u00e9gei, \u00e9letre keljen a\u00a0k\u00f6nyvben. Az \u00e9n gener\u00e1ci\u00f3m teljesen m\u00e1s \u00e9letform\u00e1ban \u00e9lt, m\u00e1s c\u00e9lokat k\u00f6vetve, \u00e9s sosem voltak konfliktushelyzetek. Hamarosan elk\u00e9sz\u00fcl a\u00a0Csall\u00f3k\u00f6zi Rom\u00e1k N\u00e9prajzi M\u00fazeuma, amit \u00e9n h\u00edvtam \u00e9letre, most kutatok a\u00a0lev\u00e9lt\u00e1rakban. Digitaliz\u00e1lni fogjuk a\u00a0csall\u00f3k\u00f6zi roma \u00e9s nem roma n\u00e9p kult\u00far\u00e1j\u00e1nak szerves r\u00e9szek\u00e9nt ismert \u00e9rt\u00e9keket, olyanokat, mint p\u00e9ld\u00e1ul a\u00a0hangszerk\u00e9sz\u00edt\u00e9s, tekn\u0151v\u00e1j\u00e1s, de lehetne m\u00e9g sorolni. Az a\u00a0fontos, hogy a\u00a0maga \u00e9rt\u00e9kein bel\u00fcl reprezentat\u00edv legyen. A\u00a0m\u00fazeumban \u00e1lland\u00f3 jelleggel tudunk majd ak\u00e1r egy eg\u00e9sz oszt\u00e1ly gyereket fogadni, ahol rengeteg inform\u00e1ci\u00f3t kapnak a\u00a0rom\u00e1k t\u00f6rt\u00e9nelm\u00e9r\u0151l, a\u00a0csall\u00f3k\u00f6zi rom\u00e1kr\u00f3l, de a\u00a0rom\u00e1k vil\u00e1gt\u00f6rt\u00e9nelm\u00e9r\u0151l, szok\u00e1sair\u00f3l, a\u00a0hagyom\u00e1nyokr\u00f3l, a\u00a0babon\u00e1kr\u00f3l, a\u00a0cig\u00e1nyok mentalit\u00e1s\u00e1r\u00f3l, gondolkod\u00e1sm\u00f3dj\u00e1r\u00f3l. Ehhez tartozik a\u00a0roma holokauszt majd k\u00e9t \u00e9vtizedes kutat\u00e1sa is, amivel \u00a0a\u00a0Romol\u00f3giai Kutat\u00f3 Int\u00e9zet kiv\u00edvta az orsz\u00e1gos elismer\u00e9st.<\/p>\n<\/div>\n\n\n\n<p><\/p>\n\n\n\n<div class=\"wp-block-group is-vertical is-layout-flex wp-container-core-group-is-layout-8cf370e7 wp-block-group-is-layout-flex\">\n<p><strong>Az \u00e9desap\u00e1d a\u00a0saj\u00e1t elmond\u00e1sod szerint nagytud\u00e1s\u00fa ember volt, aki valami csoda folyt\u00e1n m\u00e1r gyermekkorodban k\u00f6nyvekkel l\u00e1tott el, ami nem volt mindennapos abban az id\u0151ben \u00a0egy roma csal\u00e1dban.<\/strong><\/p>\n\n\n\n<p>Az irodalom szeretete otthon ragadt r\u00e1m. Az ap\u00e1m, aki 1917-ben sz\u00fcletett, \u00e9s az \u0151 keresztnev\u00e9t viselem, orosz fogs\u00e1gba ker\u00fclt. 1945-ben siker\u00fclt egy falubeli katonat\u00e1rs\u00e1val egy\u00fctt megsz\u00f6kni\u00fck. Mivel a\u00a0katonasz\u00f6kev\u00e9nyekre vad\u00e1sztak, mindig \u00e9jjel indultak \u00fatnak. Egy alkalommal \u00e9jszakai mened\u00e9ket tal\u00e1ltak a\u00a0bethl\u00e9ri kast\u00e9lyban. Akkor m\u00e1r l\u00e9nyeg\u00e9ben egy kirabolt kast\u00e9lyban tal\u00e1lt\u00e1k magukat, minden \u00e9rt\u00e9ket elvittek, csup\u00e1n a\u00a0k\u00f6nyvt\u00e1r \u00e1rv\u00e1lkodott mag\u00e1ban, a\u00a0k\u00f6nyvek ugyanis senkinek nem kellettek. Ap\u00e1n szerzett k\u00e9t zs\u00e1kot, \u00e9s megpakolta k\u00f6nyvekkel. Az\u00e9rt kett\u0151t, hogy azt \u00f6sszek\u00f6tve \u00e1t tudja vetni a\u00a0v\u00e1ll\u00e1n. A\u00a0t\u00e1rsa sz\u00f6rny\u00fclk\u00f6d\u00f6tt, \u00e9s nem \u00e9rtette, hogy am\u00edg neki m\u00e1r sokszor j\u00e1rt\u00e1nyi ereje sem volt, addig ap\u00e1m k\u00e9pes volt cipelni a\u00a0neh\u00e9z zs\u00e1kokat, amelyek ritka, \u00e9rt\u00e9kes k\u00f6nyveket tartalmaztak. K\u00f6zt\u00fck Andr\u00e1ssy gr\u00f3f k\u00f6nyveit is. Ezeket a\u00a0kincseket az ap\u00e1m 1946 elej\u00e9n \u00e9ps\u00e9gben hazahozta. T\u00f6bb kiadv\u00e1nyt k\u00f6z\u00fcl\u00fck a\u00a0n\u0151v\u00e9rem ereklyek\u00e9nt \u0151riz m\u00e9g ma is. Ap\u00e1m mindig arr\u00f3l mes\u00e9lt, hogy neki mennyire fontos a\u00a0k\u00f6nyv. J\u00f3kai, Miksz\u00e1th, M\u00f3ricz Zsigmond \u2013 nekem is a\u00a0kedvenceim voltak, de ha b\u00fajtam a\u00a0k\u00f6nyveket, akkor az ap\u00e1m mindig azt mondta:<em>\u00d6csi, gyere ide, besz\u00e9lgess\u00fcnk!<\/em>\u00a0Azokr\u00f3l a\u00a0k\u00f6nyvekr\u0151l, amelyeket \u00e9ppen olvastam. Mindig visszak\u00e9rdezett, hogy ebben \u00e9s abban a\u00a0fejezeteben kik voltak a\u00a0szerepl\u0151k, mi volt a\u00a0t\u00f6rt\u00e9net, ez\u00e9rt nem mertem megkock\u00e1ztatni, hogy fel\u00fcletesen olvassak. Ap\u00e1m polg\u00e1ri iskol\u00e1t v\u00e9gzett, gy\u00f6ny\u00f6r\u0171en \u00edrt tollsz\u00e1rral, \u0151 \u00edrta a\u00a0passzusokat azoknak, akiknek sz\u00fcks\u00e9g\u00fck volt r\u00e1 hivatalos \u00fcgyek int\u00e9z\u00e9sekor. Mondta is any\u00e1mnak ilyenkor, hogy elj\u00f6tt az id\u0151, amikor a\u00a0g\u00e1dzs\u00f3k a\u00a0cig\u00e1nyhoz j\u00f6nnek k\u00e9rv\u00e9nyt \u00edratni. Ekkor j\u00e1rtunk az \u00f6tvenes \u00e9vek legelej\u00e9n. Az is egy csoda, hogy \u00e9n nem egy cs\u00f3r\u00f3 cig\u00e1nygyerek voltam, hiszen ap\u00e1m 1949-ben az ap\u00e1caszak\u00e1llasi kast\u00e9lysoron fel\u00e9p\u00edtett egy csal\u00e1di h\u00e1zat, \u00a0s\u00a0ennek a\u00a0csal\u00e1di h\u00e1znak \u00a0\u00e9kess\u00e9ge volt, hogy reg\u00e9nyes elk\u00e9pzel\u00e9seit sorban megval\u00f3s\u00edtotta. Volt gy\u00fcm\u00f6lcs\u00f6s\u00fcnk, k\u00f6zep\u00e9n a\u00a0k\u00f6rny\u00e9k legtiszt\u00e1bb \u00e9s leghidegebb vizet ad\u00f3 g\u00e9mesk\u00fatj\u00e1val, saj\u00e1t maga \u00a0k\u00e9sz\u00edtette paddal, ablakban musk\u00e1tlikkal.<\/p>\n<\/div>\n\n\n\n<p><\/p>\n\n\n\n<div class=\"wp-block-group is-vertical is-layout-flex wp-container-core-group-is-layout-8cf370e7 wp-block-group-is-layout-flex\">\n<p><strong>Vallod, hogy az \u00e9let maga a\u00a0po\u00e9zis.<\/strong><\/p>\n\n\n\n<p>Az \u00e9n \u00e9letem val\u00f3ban egy po\u00e9zis. Nagyon k\u00f6zel \u00e1llok a&nbsp;term\u00e9szethez, egy\u00fctt l\u00e9legzem vele, \u00e9s megpr\u00f3b\u00e1lok azon kereszt\u00fcl k\u00e9pekben gondolkodni. Nem tudom, hogy ez k\u00fcl\u00f6n adotts\u00e1g-e, de azt igen, hogy ezek a gondolatok &nbsp;egyediv\u00e9 tesznek engem. Sz\u00e1momra mindig a k\u00e9pi l\u00e1t\u00e1s &nbsp;a meghat\u00e1roz\u00f3, ez azt jelenti, hogy az ember b\u00e1rmire k\u00e9pes asszoci\u00e1lni. Sz\u00e1momra az irodalom akkor sz\u00e9p, ha az irodalom \u00e9n magam vagyok. Az ut\u00f3bbi \u00e9vekben naponta \u00edrok, de ez n\u00e1lam nem tudatos, csak \u00e9rzem a k\u00e9sztet\u00e9st. Ez a&nbsp;k\u00e9sztet\u00e9s kit\u00f6lti a&nbsp;teljes \u00e9nemet, l\u00e9nyemet. Boldognak \u00e9rzem magam. Az irodalom az \u00e9n aminosavam, \u00e9ltet\u0151 elemem. Ha irodalmat \u00e9rt\u0151 \u00e9s csin\u00e1l\u00f3 ember vagy, akkor olyan vagy, mint a tekn\u0151v\u00e1j\u00f3 ember, aki rengeteg tekn\u0151t k\u00e9sz\u00edtett m\u00e1soknak az \u00e9lete sor\u00e1n, &nbsp;de neki is van egy tekn\u0151je, ami csak az \u00f6v\u00e9.<\/p>\n<\/div>\n\n\n\n<p><\/p>\n\n\n\n<div class=\"wp-block-group is-vertical is-layout-flex wp-container-core-group-is-layout-8cf370e7 wp-block-group-is-layout-flex\">\n<p><strong>Milyen terveid vannak a\u00a0j\u00f6v\u0151re n\u00e9zve?<\/strong><\/p>\n\n\n\n<p>Vagy h\u00e1rom k\u00f6tet anyagom van, ami abb\u00f3l az \u00e9vi h\u00e1romsz\u00e1z versemb\u0151l j\u00f6tt \u00f6ssze, amit szinte minden nap \u00edrok. Ezek a&nbsp;versek kilencven sz\u00e1zal\u00e9kban k\u00e9szen vannak. Egyben szeretn\u00e9m kiadatni, nem pedig sz\u00e9tszaggatva, t\u00f6bb k\u00f6tetben. Vannak szociofot\u00f3im, h\u00e1romsz\u00e1z biztosan. Ezeket a&nbsp;t\u00e1rsadalmi dokumentumfot\u00f3kat egy albumban szeretn\u00e9m megjelentetni. Gondolkodom olyan napl\u00f3n is, ami egy szoci\u00e1lis munk\u00e1s napl\u00f3ja lenne. Rengeteg jegyzetet tudok felhaszn\u00e1lni, melyek a dunaszerdahelyi&nbsp;Karcsai \u00fati rom\u00e1khoz k\u00f6thet\u0151k, &nbsp;ritkas\u00e1gsz\u00e1mba men\u0151ek, \u00e9s nem szabad elveszni hagyni ezeket a&nbsp;kincseket. Most azonban a&nbsp;Csall\u00f3k\u00f6zi Rom\u00e1k N\u00e9prajzi M\u00fazeuma \u00e9lvez els\u0151bbs\u00e9get. Az \u00e9n agyamb\u00f3l pattant ki a gondolat, hogy l\u00e9trehozzuk A Szlov\u00e1kiai Magyar Ajk\u00fa Rom\u00e1k Sz\u00f6vets\u00e9g\u00e9t, vagyis a mi \u201ekis roma Csemadokunkat&#8221;. K\u00e9t \u00e9vvel ezel\u0151tt Saj\u00f3g\u00f6m\u00f6rben Czinka Panna sz\u00fcl\u0151faluj\u00e1b\u00f3l indultunk, s m\u00e1ra m\u00e1r egy bejegyzett orsz\u00e1gos t\u00e1rsadalmi szervezet vagyunk. A Csall\u00f3k\u00f6zt\u0151l eg\u00e9szen az Ung-vid\u00e9kig az lesz a&nbsp;legfontosabb feladatunk, hogy hasonl\u00f3an a&nbsp;Csemadokhoz, a&nbsp;mi szervezet\u00fcnk k\u00e9pviselje, m\u00f3dszertanilag szervezze a magyar ajk\u00fa rom\u00e1kat a k\u00f6z\u00e9let \u00e9s a kult\u00fara ter\u00fclet\u00e9n. B\u00edzunk benne, hogy l\u00e9p\u00e9sr\u0151l-l\u00e9p\u00e9sre k\u00f6zelebb ker\u00fcl\u00fcnk c\u00e9ljaink el\u00e9r\u00e9s\u00e9hez, s ezzel egy \u00faj korszak el\u00e9 l\u00e9p\u00fcnk, mely \u00fagy a&nbsp;roma, mint a magyar k\u00f6z\u00f6ss\u00e9g jav\u00e1t &nbsp;lesz hivatott szolg\u00e1lni.<\/p>\n<\/div>\n\n\n\n<p class=\"has-text-align-right\"><em>Nagy Erika<\/em><\/p>\n","protected":false},"excerpt":{"rendered":"<p>Besz\u00e9lget\u00e9s Ravasz J\u00f3zsef k\u00f6lt\u0151vel,\u00a0A csoda \u00e9n magam vagyok\u00a0c\u00edm\u0171 k\u00f6nyv szerz\u0151j\u00e9vel Ravasz J\u00f3zsef k\u00f6lt\u0151, romol\u00f3gus, egyetemi docens ragaszkodik a gy\u00f6kereihez. Verseiben vez\u00e9rfonal az identit\u00e1s. Az egykori ap\u00e1caszak\u00e1llasi Gurdony nevet visel\u0151 cig\u00e1nyp\u00e9r\u00f3t sz\u00fclet\u00e9se \u00f3ta az \u0151 meseorsz\u00e1g\u00e1nak, kishaz\u00e1j\u00e1nak tartja. Vallja, burokban sz\u00fcletett,&nbsp;s &hellip; <a href=\"https:\/\/opus-folyoirat.sk\/?page_id=3215\">Egy kattint\u00e1s ide a folytat\u00e1shoz&#8230;. <span class=\"meta-nav\">&rarr;<\/span><\/a><\/p>\n","protected":false},"author":4,"featured_media":0,"parent":0,"menu_order":0,"comment_status":"closed","ping_status":"closed","template":"","meta":{"footnotes":""},"class_list":["post-3215","page","type-page","status-publish","hentry"],"_links":{"self":[{"href":"https:\/\/opus-folyoirat.sk\/index.php?rest_route=\/wp\/v2\/pages\/3215","targetHints":{"allow":["GET"]}}],"collection":[{"href":"https:\/\/opus-folyoirat.sk\/index.php?rest_route=\/wp\/v2\/pages"}],"about":[{"href":"https:\/\/opus-folyoirat.sk\/index.php?rest_route=\/wp\/v2\/types\/page"}],"author":[{"embeddable":true,"href":"https:\/\/opus-folyoirat.sk\/index.php?rest_route=\/wp\/v2\/users\/4"}],"replies":[{"embeddable":true,"href":"https:\/\/opus-folyoirat.sk\/index.php?rest_route=%2Fwp%2Fv2%2Fcomments&post=3215"}],"version-history":[{"count":1,"href":"https:\/\/opus-folyoirat.sk\/index.php?rest_route=\/wp\/v2\/pages\/3215\/revisions"}],"predecessor-version":[{"id":3217,"href":"https:\/\/opus-folyoirat.sk\/index.php?rest_route=\/wp\/v2\/pages\/3215\/revisions\/3217"}],"wp:attachment":[{"href":"https:\/\/opus-folyoirat.sk\/index.php?rest_route=%2Fwp%2Fv2%2Fmedia&parent=3215"}],"curies":[{"name":"wp","href":"https:\/\/api.w.org\/{rel}","templated":true}]}}