{"id":3289,"date":"2025-03-15T15:15:00","date_gmt":"2025-03-15T13:15:00","guid":{"rendered":"https:\/\/opus-folyoirat.sk\/?page_id=3289"},"modified":"2025-12-19T15:19:30","modified_gmt":"2025-12-19T13:19:30","slug":"szekelyhidi-zsolt","status":"publish","type":"page","link":"https:\/\/opus-folyoirat.sk\/?page_id=3289","title":{"rendered":"Sz\u00e9kelyhidi Zsolt"},"content":{"rendered":"\n<p><strong>T\u00fcnet<\/strong><\/p>\n\n\n<div class=\"has-text-align-right wp-block-post-date\"><time datetime=\"2025-03-15T15:15:00+02:00\">2025-03-15<\/time><\/div>\n\n\n<div class=\"wp-block-group is-vertical is-layout-flex wp-container-core-group-is-layout-8cf370e7 wp-block-group-is-layout-flex\">\n<p>Az \u00e9leten kapni \u00f6ssze,<\/p>\n\n\n\n<p>az id\u0151k hogy teljenek,<\/p>\n\n\n\n<p>a test hov\u00e1 fogyjon,<\/p>\n\n\n\n<p>a k\u00e9z mibe fogjon.<\/p>\n\n\n\n<p>Az \u00e9vek veszt\u00e9sre k\u00e9szen,&nbsp;<\/p>\n\n\n\n<p>az agyat tomp\u00edt\u00e1sba vonni<\/p>\n\n\n\n<p>sejtenk\u00e9nt, nem venni \u00e9szre,<\/p>\n\n\n\n<p>csak a csontokra sz\u0171k\u00fcl\u0151&nbsp;<\/p>\n\n\n\n<p>h\u00fas sajog levezve.<\/p>\n\n\n\n<p>Magunkat kapni \u00f6ssze,<\/p>\n\n\n\n<p>a f\u0151t tolni magasra,<\/p>\n\n\n\n<p>\u00e1llni a puszt\u00e1ba<\/p>\n\n\n\n<p>roggyan\u00f3 t\u00e9rden,<\/p>\n\n\n\n<p>\u00e9s mondani ellent<\/p>\n\n\n\n<p>mindenk\u00e9ppen.<\/p>\n\n\n\n<p>Mennyire ki\u00e1llhatatlanok<\/p>\n\n\n\n<p>lett\u00fcnk v\u00e9ns\u00e9g\u00fcnkre!<\/p>\n\n\n\n<p>T\u00fcntet\u00fcnk sz\u00edvb\u0151l,<\/p>\n\n\n\n<p>m\u00edg az utols\u00f3 mozdulat,<\/p>\n\n\n\n<p>t\u0171nni semmibe,<\/p>\n\n\n\n<p>az id\u0151 \u00fagy marad.<\/p>\n<\/div>\n","protected":false},"excerpt":{"rendered":"<p>T\u00fcnet Az \u00e9leten kapni \u00f6ssze, az id\u0151k hogy teljenek, a test hov\u00e1 fogyjon, a k\u00e9z mibe fogjon. Az \u00e9vek veszt\u00e9sre k\u00e9szen,&nbsp; az agyat tomp\u00edt\u00e1sba vonni sejtenk\u00e9nt, nem venni \u00e9szre, csak a csontokra sz\u0171k\u00fcl\u0151&nbsp; h\u00fas sajog levezve. Magunkat kapni \u00f6ssze, a &hellip; <a href=\"https:\/\/opus-folyoirat.sk\/?page_id=3289\">Egy kattint\u00e1s ide a folytat\u00e1shoz&#8230;. <span class=\"meta-nav\">&rarr;<\/span><\/a><\/p>\n","protected":false},"author":4,"featured_media":0,"parent":0,"menu_order":0,"comment_status":"closed","ping_status":"closed","template":"","meta":{"footnotes":""},"class_list":["post-3289","page","type-page","status-publish","hentry"],"_links":{"self":[{"href":"https:\/\/opus-folyoirat.sk\/index.php?rest_route=\/wp\/v2\/pages\/3289","targetHints":{"allow":["GET"]}}],"collection":[{"href":"https:\/\/opus-folyoirat.sk\/index.php?rest_route=\/wp\/v2\/pages"}],"about":[{"href":"https:\/\/opus-folyoirat.sk\/index.php?rest_route=\/wp\/v2\/types\/page"}],"author":[{"embeddable":true,"href":"https:\/\/opus-folyoirat.sk\/index.php?rest_route=\/wp\/v2\/users\/4"}],"replies":[{"embeddable":true,"href":"https:\/\/opus-folyoirat.sk\/index.php?rest_route=%2Fwp%2Fv2%2Fcomments&post=3289"}],"version-history":[{"count":1,"href":"https:\/\/opus-folyoirat.sk\/index.php?rest_route=\/wp\/v2\/pages\/3289\/revisions"}],"predecessor-version":[{"id":3294,"href":"https:\/\/opus-folyoirat.sk\/index.php?rest_route=\/wp\/v2\/pages\/3289\/revisions\/3294"}],"wp:attachment":[{"href":"https:\/\/opus-folyoirat.sk\/index.php?rest_route=%2Fwp%2Fv2%2Fmedia&parent=3289"}],"curies":[{"name":"wp","href":"https:\/\/api.w.org\/{rel}","templated":true}]}}