{"id":3326,"date":"2025-04-10T17:36:00","date_gmt":"2025-04-10T15:36:00","guid":{"rendered":"https:\/\/opus-folyoirat.sk\/?page_id=3326"},"modified":"2025-12-19T17:38:08","modified_gmt":"2025-12-19T15:38:08","slug":"hajnal-eva","status":"publish","type":"page","link":"https:\/\/opus-folyoirat.sk\/?page_id=3326","title":{"rendered":"Hajnal \u00c9va"},"content":{"rendered":"<div class=\"has-text-align-right wp-block-post-date\"><time datetime=\"2025-04-10T17:36:00+02:00\">2025-04-10<\/time><\/div>\n\n\n<p><strong>ink\u00e1bb<\/strong><\/p>\n\n\n\n<p>ha most szembej\u00f6nn\u00e9l a blah\u00e1n \u00e9s azt mondan\u00e1d<br><em>de j\u00f3 hogy l\u00e1tlak<br><\/em>nem hinn\u00e9k neked<\/p>\n\n\n\n<div class=\"wp-block-group is-vertical is-layout-flex wp-container-core-group-is-layout-8cf370e7 wp-block-group-is-layout-flex\">\n<p>mert igaz<br>a sz\u00e1don kig\u00f6rd\u00fcln\u00e9nek a szavak<br>de a szemedben nem csillogna a dej\u00f3<\/p>\n\n\n\n<p>az a kis de beleakadna a hajamba<br>a j\u00f3 \u00e9ktelen l\u00e1rm\u00e1t csapna k\u00f6r\u00fcl\u00f6ttem v\u00e9resre karistoln\u00e1 a h\u00e1tamat a hogy<br>a l\u00e1tlak pedig szemg\u00f6dreimbe \u00e9kel\u0151dne<\/p>\n<\/div>\n\n\n\n<p>ink\u00e1bb<br>lesz\u00e1llok a keletin\u00e9l<\/p>\n\n\n\n<p><\/p>\n\n\n\n<p><strong>F\u00e9lbe<\/strong><\/p>\n\n\n\n<p><em>Berzsenyinek<\/em><\/p>\n\n\n\n<p>Rossz az ir\u00e1ny, m\u00falt cekkere j\u00f3 neh\u00e9z, \u00e1tl\u00e1t, Pilinszky csendje e sz\u00e1zadon,<br>s a sz\u00f6rny ak\u00e1rmit f\u00e9lbev\u00e1ghat,<br>g\u0151gje \u00f6n\u00f6s diadalra \u0171zi.<\/p>\n","protected":false},"excerpt":{"rendered":"<p>ink\u00e1bb ha most szembej\u00f6nn\u00e9l a blah\u00e1n \u00e9s azt mondan\u00e1dde j\u00f3 hogy l\u00e1tlaknem hinn\u00e9k neked mert igaza sz\u00e1don kig\u00f6rd\u00fcln\u00e9nek a szavakde a szemedben nem csillogna a dej\u00f3 az a kis de beleakadna a hajambaa j\u00f3 \u00e9ktelen l\u00e1rm\u00e1t csapna k\u00f6r\u00fcl\u00f6ttem v\u00e9resre karistoln\u00e1 &hellip; <a href=\"https:\/\/opus-folyoirat.sk\/?page_id=3326\">Egy kattint\u00e1s ide a folytat\u00e1shoz&#8230;. <span class=\"meta-nav\">&rarr;<\/span><\/a><\/p>\n","protected":false},"author":4,"featured_media":0,"parent":0,"menu_order":0,"comment_status":"closed","ping_status":"closed","template":"","meta":{"footnotes":""},"class_list":["post-3326","page","type-page","status-publish","hentry"],"_links":{"self":[{"href":"https:\/\/opus-folyoirat.sk\/index.php?rest_route=\/wp\/v2\/pages\/3326","targetHints":{"allow":["GET"]}}],"collection":[{"href":"https:\/\/opus-folyoirat.sk\/index.php?rest_route=\/wp\/v2\/pages"}],"about":[{"href":"https:\/\/opus-folyoirat.sk\/index.php?rest_route=\/wp\/v2\/types\/page"}],"author":[{"embeddable":true,"href":"https:\/\/opus-folyoirat.sk\/index.php?rest_route=\/wp\/v2\/users\/4"}],"replies":[{"embeddable":true,"href":"https:\/\/opus-folyoirat.sk\/index.php?rest_route=%2Fwp%2Fv2%2Fcomments&post=3326"}],"version-history":[{"count":1,"href":"https:\/\/opus-folyoirat.sk\/index.php?rest_route=\/wp\/v2\/pages\/3326\/revisions"}],"predecessor-version":[{"id":3327,"href":"https:\/\/opus-folyoirat.sk\/index.php?rest_route=\/wp\/v2\/pages\/3326\/revisions\/3327"}],"wp:attachment":[{"href":"https:\/\/opus-folyoirat.sk\/index.php?rest_route=%2Fwp%2Fv2%2Fmedia&parent=3326"}],"curies":[{"name":"wp","href":"https:\/\/api.w.org\/{rel}","templated":true}]}}