{"id":3340,"date":"2025-10-22T01:14:15","date_gmt":"2025-10-21T23:14:15","guid":{"rendered":"https:\/\/opus-folyoirat.sk\/?page_id=3340"},"modified":"2025-12-23T01:17:07","modified_gmt":"2025-12-22T23:17:07","slug":"juhasz-kornelia","status":"publish","type":"page","link":"https:\/\/opus-folyoirat.sk\/?page_id=3340","title":{"rendered":"Juh\u00e1sz Korn\u00e9lia"},"content":{"rendered":"\n<div class=\"wp-block-group is-vertical is-layout-flex wp-container-core-group-is-layout-8cf370e7 wp-block-group-is-layout-flex\">\n<p><strong>Hokedlik, heged\u0171, hal\u00e1l<\/strong><\/p>\n\n\n\n<p>Z\u00e1vada P\u00e1l \u2013 Egy piaci nap dramatiz\u00e1lt v\u00e1ltozat\u00e1nak bemutat\u00e1sa<\/p>\n<\/div>\n\n\n<div class=\"has-text-align-right wp-block-post-date\"><time datetime=\"2025-10-22T01:14:15+02:00\">2025-10-22<\/time><\/div>\n\n\n<p>A&nbsp;kom\u00e1romi J\u00f3kai Sz\u00ednh\u00e1z 2025 okt\u00f3ber\u00e9ben helyezte m\u0171sorra a&nbsp;Z\u00e1vada P\u00e1l <em>Egy piaci nap<\/em> c\u00edm\u0171 reg\u00e9nye alapj\u00e1n k\u00e9sz\u00fclt, azonos megnevez\u00e9s\u0171 sz\u00edndarabot. Nem tudom, hogy m\u00e1sok mik\u00e9pp \u00e1llnak ehhez a k\u00e9rd\u00e9shez, de adapt\u00e1ci\u00f3k eset\u00e9ben mindig elgondolkodok azon, hogy \u00e9rdemes-e a&nbsp;dramatikus feldolgoz\u00e1s befogad\u00e1sa el\u0151tt elolvasni vagy \u00fajraolvasni a&nbsp;reg\u00e9nyt vagy ildomosabb hagyni, hogy prekoncepci\u00f3k terhe n\u00e9lk\u00fcl hasson r\u00e1nk a&nbsp;sz\u00edndarab. Szerencs\u00e9re, az <em>Egy piaci nap<\/em> eset\u00e9ben ez majdnem mindegy, mert b\u00e1r a&nbsp;k\u00e9t m\u00e9diumban l\u00e9tez\u0151 alkot\u00e1s alapkonfliktusa azonos, az \u00fctemez\u00e9s, a&nbsp;feldolgoz\u00e1s m\u00f3dja annyira m\u00e1shov\u00e1 helyezi a&nbsp;f\u00f3kuszokat, hogy a&nbsp;befogad\u00e1s sorrendje alapj\u00e1n a&nbsp;Moh\u00e1csi J\u00e1nos rendez\u00e9s\u00e9ben megn\u00e9zhet\u0151 sz\u00edndarab vagy rekl\u00e1mot csin\u00e1lhat a&nbsp;reg\u00e9nynek, vagy kieg\u00e9sz\u00edtheti, \u00e1rnyalhatja, k\u00e9pi eml\u00e9kfoszl\u00e1nyokkal gazdag\u00edthatja az olvas\u00f3i \u00e9lm\u00e9nyt.&nbsp;<\/p>\n\n\n\n<figure class=\"wp-block-image size-large\"><img loading=\"lazy\" decoding=\"async\" width=\"1024\" height=\"449\" src=\"https:\/\/opus-folyoirat.sk\/wp-content\/uploads\/2025\/12\/202509290906040.JKSZEPNWEBCOVER1290x680px1550x680px2-1024x449.png\" alt=\"\" class=\"wp-image-3341\" srcset=\"https:\/\/opus-folyoirat.sk\/wp-content\/uploads\/2025\/12\/202509290906040.JKSZEPNWEBCOVER1290x680px1550x680px2-1024x449.png 1024w, https:\/\/opus-folyoirat.sk\/wp-content\/uploads\/2025\/12\/202509290906040.JKSZEPNWEBCOVER1290x680px1550x680px2-300x132.png 300w, https:\/\/opus-folyoirat.sk\/wp-content\/uploads\/2025\/12\/202509290906040.JKSZEPNWEBCOVER1290x680px1550x680px2-768x337.png 768w, https:\/\/opus-folyoirat.sk\/wp-content\/uploads\/2025\/12\/202509290906040.JKSZEPNWEBCOVER1290x680px1550x680px2-1536x674.png 1536w, https:\/\/opus-folyoirat.sk\/wp-content\/uploads\/2025\/12\/202509290906040.JKSZEPNWEBCOVER1290x680px1550x680px2-500x219.png 500w, https:\/\/opus-folyoirat.sk\/wp-content\/uploads\/2025\/12\/202509290906040.JKSZEPNWEBCOVER1290x680px1550x680px2.png 1550w\" sizes=\"auto, (max-width: 1024px) 100vw, 1024px\" \/><\/figure>\n\n\n\n<p>A&nbsp;sz\u00edndarab eset\u00e9ben a&nbsp;t\u00f6rt\u00e9net k\u00e9t politikai \u00e9rtelemben nem egy oldalon \u00e1ll\u00f3 r\u00e9gi bar\u00e1tn\u0151 visszaeml\u00e9kez\u00e9seib\u0151l \u00e1ll \u00f6ssze. A&nbsp;t\u00f6rt\u00e9netvezet\u00e9s els\u0151re kaotikusnak t\u0171n\u0151 id\u0151beli \u00e9s t\u00e9rbeli ugr\u00e1ltat\u00e1sa, valamint a&nbsp;t\u00e9ny, hogy n\u00e9h\u00e1ny jelenet v\u00e1ltoztat\u00e1sokkal \u00fajrames\u00e9l\u00e9sre is ker\u00fcl, lek\u00e9pezi az eml\u00e9kez\u00e9s, a&nbsp;traumafeldolgoz\u00e1s k\u00e9pl\u00e9keny mivolt\u00e1t. R\u00e1ad\u00e1sul azt a&nbsp;szerepet is bet\u00f6lti, hogy f\u00f3kusz\u00e1lt figyelemre k\u00e9nyszer\u00edti a&nbsp;n\u00e9z\u0151t, ugyanis, ha valaki egy pillanatra is elkalandozik, k\u00f6nnyen ker\u00fclhet a \u201eMost mi van?!\u201d \u00e1llapot\u00e1ba. A&nbsp;szem\u00e9lyes dr\u00e1m\u00e1k mellett, mint h\u00e1zass\u00e1gon bel\u00fcli er\u0151szak, gyermek elvesz\u00edt\u00e9se, b\u0171ntudat egy r\u00e9gi szerelmi kaland miatt, a&nbsp;f\u0151 dr\u00e1m\u00e1t az otthonukban, Kunvadason lezajlott pogrom szolg\u00e1ltatja. A&nbsp;n\u00e9met csapatok t\u00e1voz\u00e1sa \u00e9s az orosz bevonul\u00e1s ut\u00e1ni \u00edns\u00e9ges id\u0151kben a&nbsp;l\u00e1gerekb\u0151l visszat\u00e9r\u0151 zsid\u00f3 lakoss\u00e1gon veri le a&nbsp;cs\u0151csel\u00e9k a&nbsp;saj\u00e1t \u00e9let\u00fck miatti el\u00e9gedetlens\u00e9g\u00fcket. Ennek a&nbsp;medd\u0151 bossz\u00fahadj\u00e1ratnak a&nbsp;jelenetei, illetve az azt k\u00f6vet\u0151 t\u00e1rgyal\u00e1sok \u00e9s megtorl\u00e1s adja a&nbsp;darab gerinc\u00e9t.<\/p>\n\n\n\n<p>B\u00e1r a&nbsp;d\u00edszlet \u00e9s a&nbsp;jelmezek jellege tagadhatatlanul minimalisztikus, ez nem rontott a&nbsp;befogad\u00f3i \u00e9lm\u00e9nyen. A&nbsp;monokromatikuss\u00e1g ill\u00fazi\u00f3ja \u00fcgyesen r\u00e1j\u00e1tszott arra az \u00e9rzetre, mintha a&nbsp;szerepl\u0151k realit\u00e1s\u00e1nak r\u00e9m\u00e1lm\u00e1ba nyerhetn\u00e9nek betekint\u00e9st a&nbsp;n\u00e9z\u0151k. A&nbsp;d\u00edszlet h\u00e1tter\u00e9t alkot\u00f3 f\u00fcgg\u00f6nyszer\u0171 cs\u00edkok a&nbsp;helyzetbe z\u00e1rts\u00e1g \u00e9s a&nbsp;menek\u00fcl\u00e9s lehet\u0151s\u00e9g\u00e9nek hi\u00e1ny\u00e1ra er\u0151s\u00edtettek r\u00e1. A&nbsp;fenyeget\u00e9s forr\u00e1sa ugyanis t\u00e9rben \u00e9s id\u0151ben v\u00e1ltoz\u00f3, de a&nbsp;biztons\u00e1g hi\u00e1ny\u00e1nak t\u00e9nye \u00e9s a a&nbsp;politikai v\u00e1ltoz\u00e1sok, illetve az aktu\u00e1lis ellens\u00e9g szem\u00e9ly\u00e9nek konkr\u00e9t megnevez\u00e9s\u00e9nek ill\u00e9konys\u00e1ga \u00e1lland\u00f3 vesz\u00e9lyforr\u00e1s.<\/p>\n\n\n\n<p>A&nbsp;v\u00e1s\u00e1rokon szoktak olyan el\u0151ad\u00e1sok szerepelni, melyekben a&nbsp;nagy hang\u00fa sz\u00edn\u00e9szek egy-egy t\u00e1rggyal fejeznek ki sok mindent. Az <em>Egy piaci nap<\/em> sz\u00ednpad\u00e1n is a&nbsp;hokedli szolg\u00e1lt ajt\u00f3k\u00e9nt, sz\u00f3sz\u00e9kk\u00e9nt, dobk\u00e9nt, ty\u00fakketreck\u00e9nt, b\u00e1ntalmaz\u00e1st elszenved\u0151t szimboliz\u00e1l\u00f3 \u00fctlegelnival\u00f3k\u00e9nt, s\u0151t, ha az elvont elk\u00e9pzel\u00e9sekre is nyitottak vagyunk, akkor t\u00falvil\u00e1gi Kh\u00e1ron ladikjak\u00e9nt is funkcion\u00e1lt, ugyanis ezen \u00fclve vagy \u00e1llva mes\u00e9lhett\u00e9k el sirat\u00f3\u00e9nekszer\u0171 monotonit\u00e1ssal az elhunytak azt, hogy milyen atrocit\u00e1sok okozt\u00e1k a&nbsp;hal\u00e1lukat. A&nbsp;t\u00e1rgyak t\u00f6bbf\u00e9le felhaszn\u00e1l\u00e1sa m\u00e1s \u00e9rtelmez\u00e9s szerint kifejezheti azt is, hogy a&nbsp;kunvadasi nyomorban minden emberi kreativit\u00e1s elkelt a&nbsp;t\u00fal\u00e9l\u00e9s \u00e9rdek\u00e9ben. A&nbsp;kell\u00e9kek mellett a&nbsp;szerepl\u0151k is a&nbsp;t\u00f6bbf\u00e9le szerepben jelentek meg. Azonban, am\u00edg a&nbsp;hokedlik bev\u00e1ltak m\u00e1s t\u00e1rgyk\u00e9nt is, a&nbsp;szerepl\u0151k sz\u00edn\u00e9szi teljes\u00edtm\u00e9nye helyenk\u00e9nt ingatagnak bizonyult ahhoz, hogy a sz\u00edn\u00e9szek helyt\u00e1lljanak megk\u00fcl\u00f6nb\u00f6ztethet\u0151 egy\u00e9nekk\u00e9nt. A&nbsp;pozit\u00edv hozz\u00e1\u00e1ll\u00e1s jegy\u00e9ben megeml\u00edtem, hogy Moln\u00e1r X\u00e9nia remek\u00fcl elj\u00e1tszotta a tanulatlan, felt\u00fczelt cs\u0151csel\u00e9k egyik hangad\u00f3j\u00e1t, \u00e9s \u00e9rzelmeket tudott kiv\u00e1ltani p\u00e1r pillanattal k\u00e9s\u0151bb egy pogromt\u00f3l retteg\u0151 zsid\u00f3 asszonyk\u00e9nt is. A&nbsp;f\u00e9rfi f\u0151szerepl\u0151t alak\u00edt\u00f3 Szab\u00f3 Viktor is olyan simul\u00e9konyan vedlett \u00e1t \u00f6njel\u00f6lt n\u00e9pvez\u00e9rb\u0151l ment\u00e1lisan s\u00e9r\u00fclt s\u00edr\u00e1s\u00f3v\u00e1, hogy egy pillanatra elbizonytalanodhatott a&nbsp;n\u00e9z\u0151, hogy ez most biztos, ugyanaz a&nbsp;sz\u00edn\u00e9sz-e. M\u00e1s r\u00e9sztvev\u0151k ilyen szerepv\u00e1lt\u00e1sai kiss\u00e9 kellemetlen hat\u00e1st keltettek, p\u00e9ld\u00e1ul az egyik pillanatban Auschwitzb\u00f3l visszat\u00e9r\u0151 zsid\u00f3k\u00e9nt h\u00e1borg\u00f3 n\u0151alak, aki a&nbsp;m\u00e1sik pillanatban a&nbsp;cs\u0151csel\u00e9k antiszemit\u00e1i k\u00f6zt \u00f3b\u00e9gatott, sajnos ugyanolyan st\u00edlusban, valamint az egyik cs\u00fany\u00e1n b\u00e1ntalmazott \u00e1ldozat hirtelen kommunista vezet\u0151v\u00e9 akart \u00e1tvedleni, de annyira hasonl\u00f3ra siker\u00fclt a&nbsp;k\u00e9t megsz\u00f3lal\u00e1si m\u00f3d, hogy szinte k\u00ednos volt. Azt\u00e1n elgondolkodtam ezen a&nbsp;jelens\u00e9gen. Ezek az els\u0151re f\u00e9lresiker\u00fcltnek tetsz\u0151 v\u00e1lt\u00e1sok szolg\u00e1lhatt\u00e1k azt a&nbsp;c\u00e9lt, hogy fokozz\u00e1k a&nbsp;n\u00e9z\u0151k kellemetlen feszeng\u00e9s\u00e9t, m\u00e1sr\u00e9szt kifejezhetik azt, hogy abban a&nbsp;politikai \u00e9s t\u00f6rt\u00e9nelmi suvad\u00e1sban, mely ezt a&nbsp;korszakot jellemezte, olyan gyorsak voltak a&nbsp;v\u00e1lt\u00e1sok a&nbsp;meggy\u0151z\u0151d\u00e9sek \u00e9s politikai p\u00e1lfordul\u00e1sok k\u00f6zt, hogy az ember k\u00f6nnyen elvesz\u00edthette a&nbsp;fonalat.<\/p>\n\n\n\n<p>A&nbsp;zene is, a&nbsp;n\u00e9pies dallamok mellett, helyenk\u00e9nt a&nbsp;piaci forgatag zajait id\u00e9zte. \u00c9rdekes \u00e9s \u00fcgyes megold\u00e1ssal \u00e9ltek, a&nbsp;kakofonikus h\u00e1tt\u00e9rzaj kelt\u00e9s\u00e9be, a&nbsp;sirat\u00f3\u00e9nekekbe oltott hal\u00e1lesetekn\u00e9l a&nbsp;h\u00e1tt\u00e9r\u00e9nekesek szerep\u00e9be \u00e9s a&nbsp;cs\u0151csel\u00e9k sz\u00f3lam\u00e1ba minden szerepl\u0151 bekapcsol\u00f3dott ilyen-olyan form\u00e1ban. Hangeffektus, hangsz\u00f3r\u00f3k szerep\u00e9t is magukra vett\u00e9k a&nbsp;sz\u00edn\u00e9szek, ty\u00fakkotkod\u00e1csol\u00e1s, ajt\u00f3nyit\u00e1s, \u00fct\u00e9sek hangjai, mindent sz\u00e1jjal, k\u00e9zzel, s\u0151t ak\u00e1r l\u00e1bbal is megoldottak. S\u0171r\u00edtett\u00e9k a&nbsp;teret, \u00e9s lek\u00e9pezt\u00e9k azt a&nbsp;nyughatatlan, mindig zajosan mocorg\u00f3 \u00e1llapotot, mely az idegfesz\u00fclts\u00e9gben tartott egy\u00e9neket jellemzi.&nbsp;<\/p>\n\n\n\n<p>Az el\u0151ad\u00e1s egyik furcsa eleme az, hogy nincs benne sz\u00fcnet. \u00c9rdekess\u00e9g, hogy a&nbsp;ruhat\u00e1ros n\u00e9ni figyelmeztette az \u00e9rkez\u0151ket, hogy k\u00e9sz\u00fcljenek arra, hogy nagyon hossz\u00fa lesz az el\u0151ad\u00e1s megszak\u00edt\u00e1s n\u00e9lk\u00fcl. Els\u0151, kiss\u00e9 szarkasztikusra sikeredett gondolatom az darab v\u00e9gign\u00e9z\u00e9se ut\u00e1n az volt, hogy \u201eH\u00e1t, csak h\u0171 akart lenni a&nbsp;t\u00e9m\u00e1j\u00e1hoz, \u00e9s kicsit megk\u00ednozni a&nbsp;n\u00e9z\u0151t is, nem?\u201d Ut\u00f3lag arra jutottam, sok id\u0151h\u00faz\u00f3 momentumot ki lehetett volna hagyni, mondjuk nem sz\u00e1nni k\u00fcl\u00f6n jelenetet arra, hogy glob\u00e1lis \u00e9rtelemben milyen hat\u00e1ssal volt a&nbsp;sz\u00edndarab k\u00f6zponti pogromja, \u00e9s csak a&nbsp;lok\u00e1lis, felfoghat\u00f3bb \u00e9s \u00edgy intenz\u00edvebb hat\u00e1st gyakorl\u00f3 mozzanatokra f\u00f3kusz\u00e1lni \u2013 \u00edgy r\u00f6videbb lehetett volna a j\u00e1t\u00e9kid\u0151. Az \u00e9rem m\u00e1sik oldal\u00e1n ott van, persze, az, hogy tal\u00e1n a&nbsp;bez\u00e1rts\u00e1g, a&nbsp;szabadul\u00e1s, a fell\u00e9legz\u00e9s, a biol\u00f3giai funkci\u00f3k kiel\u00e9g\u00edt\u00e9s\u00e9nek megvon\u00e1sa szint\u00e9n a&nbsp;n\u00e9z\u0151k bele\u00e9l\u00e9s\u00e9t volt hivatott seg\u00edteni.&nbsp;<\/p>\n\n\n\n<p>Az el\u0151ad\u00e1s legnagyobb gyenges\u00e9ge, hogy a&nbsp;humor fesz\u00fclts\u00e9gold\u00f3 hat\u00e1s\u00e1t kicsik\u00e9t t\u00falz\u00e1sba vitt\u00e9k. Nem lehet tagadni, hogy (pl\u00e1ne sz\u00fcnet h\u00edj\u00e1n) a&nbsp;s\u0171r\u0171 fesz\u00fclts\u00e9gbe kellett valami old\u00f3szer, \u00edgy a&nbsp;k\u00f6z\u00f6ns\u00e9g kapva-kapott azon, hogy egy k\u00f6zbesz\u00fart po\u00e9non vagy vulg\u00e1risabb megfogalmaz\u00e1si m\u00f3don nevethet egyet. Az elgondol\u00e1s j\u00f3 volt, m\u0171k\u00f6d\u00f6tt mindaddig, am\u00edg a&nbsp;m\u00e1r t\u00fal sokszor ism\u00e9tl\u0151d\u0151 \u201eErre j\u00f3l r\u00e1 fogunk b*szni\u201d sor az eg\u00e9sz darab refr\u00e9nj\u00e9v\u00e9 nem v\u00e1lt. Fesz\u00fclts\u00e9gold\u00e1s helyett ink\u00e1bb k\u00ednos mozzanatt\u00e1 v\u00e1lt.&nbsp;<\/p>\n\n\n\n<p>\u00c9pp a&nbsp;darab gondolatprovok\u00e1l\u00f3 jellege miatt a&nbsp;k\u00e9t bar\u00e1tn\u0151 tanuls\u00e1glevon\u00f3 v\u00e9gs\u0151 besz\u00e9lget\u00e9se kiz\u00f6kkent\u0151 hat\u00e1s\u00fa volt. \u00dcres k\u00f6zhelyek puffogtat\u00e1s\u00e1val h\u00edg\u00edtott\u00e1k az eg\u00e9sz darab hat\u00e1smechanizmus\u00e1t, \u00e9s, b\u00e1r tudom, k\u00f6zkedvelt sztereot\u00edpia, hogy a&nbsp;h\u00f6lgyek hajlamosak akkor is csacsogni, amikor nem kellene, a&nbsp;s\u00falyos csend jobban hatott volna lez\u00e1r\u00e1sk\u00e9nt. Nem is besz\u00e9lve arr\u00f3l a csak az\u00e9rt is \u00fajra megjelen\u0151&nbsp;r\u00e1b*sz\u00f3s po\u00e9nr\u00f3l.&nbsp;<\/p>\n\n\n\n<p>Azt ki kell emelnem, hogy az el\u0151bbiekben felsorakoztatott k\u00e9t gyenges\u00e9ggel egy\u00fctt is hatott a darab a n\u00e9z\u0151kre. K\u00fcl\u00f6n\u00f6s volt meg\u00e9lni \u00e9s megfigyelni, hogy elgy\u00f6t\u00f6rt, lincshangulat\u00fa ember\u00e1r hagyta el a&nbsp;termet. A&nbsp;tehetetlens\u00e9g \u00e9rzete \u00e9s a&nbsp;fesz\u00fclts\u00e9g, a&nbsp;k\u00f6r\u00fclm\u00e9nyek l\u00e9leklemer\u00edt\u0151 hat\u00e1sa val\u00f3ban \u00e1tad\u00e1sra ker\u00fclt. Ha di\u00f3h\u00e9jban kellene jellemezni az <em>Egy piaci nap<\/em> ny\u00fajtotta \u00e9lm\u00e9nyt: intenz\u00edv fesz\u00fclts\u00e9g \u00e9s tehetetlens\u00e9g sz\u00fclte agresszi\u00f3 megtapasztaltat\u00e1sa p\u00e1r sz\u00edn\u00e9sszel \u00e9s hokedlikkel.<\/p>\n\n\n\n<p>Aki k\u00f6nnyed felt\u00f6lt\u0151d\u00e9st, audiovizu\u00e1lis gy\u00f6ny\u00f6rk\u00f6dtet\u00e9st \u00e9s \u00e9letigenl\u0151 gondolatok begy\u0171jt\u00e9s\u00e9t keresi egy sz\u00ednh\u00e1zl\u00e1togat\u00e1s sor\u00e1n, annak nehezen tudn\u00e1m aj\u00e1nlani ezt a&nbsp;m\u0171vet. Akik viszont elgondolkodtat\u00f3, az emberi term\u00e9szet \u00f6n- \u00e9s k\u00f6zpuszt\u00edt\u00f3 hajlam\u00e1t p\u00e9ld\u00e1z\u00f3, hideglel\u0151s elmereng\u00e9sre cs\u00e1b\u00edt\u00f3 \u00e9lm\u00e9nyre is nyitottak, azok el lesznek ragadtatva.&nbsp; &nbsp;<\/p>\n","protected":false},"excerpt":{"rendered":"<p>Hokedlik, heged\u0171, hal\u00e1l Z\u00e1vada P\u00e1l \u2013 Egy piaci nap dramatiz\u00e1lt v\u00e1ltozat\u00e1nak bemutat\u00e1sa A&nbsp;kom\u00e1romi J\u00f3kai Sz\u00ednh\u00e1z 2025 okt\u00f3ber\u00e9ben helyezte m\u0171sorra a&nbsp;Z\u00e1vada P\u00e1l Egy piaci nap c\u00edm\u0171 reg\u00e9nye alapj\u00e1n k\u00e9sz\u00fclt, azonos megnevez\u00e9s\u0171 sz\u00edndarabot. Nem tudom, hogy m\u00e1sok mik\u00e9pp \u00e1llnak ehhez a k\u00e9rd\u00e9shez, &hellip; <a href=\"https:\/\/opus-folyoirat.sk\/?page_id=3340\">Egy kattint\u00e1s ide a folytat\u00e1shoz&#8230;. <span class=\"meta-nav\">&rarr;<\/span><\/a><\/p>\n","protected":false},"author":4,"featured_media":0,"parent":0,"menu_order":0,"comment_status":"closed","ping_status":"closed","template":"","meta":{"footnotes":""},"class_list":["post-3340","page","type-page","status-publish","hentry"],"_links":{"self":[{"href":"https:\/\/opus-folyoirat.sk\/index.php?rest_route=\/wp\/v2\/pages\/3340","targetHints":{"allow":["GET"]}}],"collection":[{"href":"https:\/\/opus-folyoirat.sk\/index.php?rest_route=\/wp\/v2\/pages"}],"about":[{"href":"https:\/\/opus-folyoirat.sk\/index.php?rest_route=\/wp\/v2\/types\/page"}],"author":[{"embeddable":true,"href":"https:\/\/opus-folyoirat.sk\/index.php?rest_route=\/wp\/v2\/users\/4"}],"replies":[{"embeddable":true,"href":"https:\/\/opus-folyoirat.sk\/index.php?rest_route=%2Fwp%2Fv2%2Fcomments&post=3340"}],"version-history":[{"count":1,"href":"https:\/\/opus-folyoirat.sk\/index.php?rest_route=\/wp\/v2\/pages\/3340\/revisions"}],"predecessor-version":[{"id":3342,"href":"https:\/\/opus-folyoirat.sk\/index.php?rest_route=\/wp\/v2\/pages\/3340\/revisions\/3342"}],"wp:attachment":[{"href":"https:\/\/opus-folyoirat.sk\/index.php?rest_route=%2Fwp%2Fv2%2Fmedia&parent=3340"}],"curies":[{"name":"wp","href":"https:\/\/api.w.org\/{rel}","templated":true}]}}