{"id":3344,"date":"2025-07-31T01:22:50","date_gmt":"2025-07-30T23:22:50","guid":{"rendered":"https:\/\/opus-folyoirat.sk\/?page_id=3344"},"modified":"2025-12-23T01:25:42","modified_gmt":"2025-12-22T23:25:42","slug":"petrik-viktoria","status":"publish","type":"page","link":"https:\/\/opus-folyoirat.sk\/?page_id=3344","title":{"rendered":"Petrik Vikt\u00f3ria"},"content":{"rendered":"\n<div class=\"wp-block-group is-vertical is-layout-flex wp-container-core-group-is-layout-8cf370e7 wp-block-group-is-layout-flex\">\n<p><strong>Utaz\u00e1s a traum\u00e1kon \u00e1t a l\u00e9lekig<\/strong><\/p>\n\n\n\n<p>Gondolatok Csig\u00f3 Katalin Romok k\u00f6z\u00f6tt c. k\u00f6nyv\u00e9r\u0151l<\/p>\n<\/div>\n\n\n<div class=\"has-text-align-right wp-block-post-date\"><time datetime=\"2025-07-31T01:22:50+02:00\">2025-07-31<\/time><\/div>\n\n\n<p>Vajon meddig vagyunk felel\u0151sek a saj\u00e1t \u00e9let\u00fcnk\u00e9rt, \u00e9s mikort\u00f3l hat\u00e1rozza meg azt a felmen\u0151inkt\u0151l \u00f6r\u00f6k\u00f6lt teher? Net\u00e1n l\u00e9tezhet olyan hely, amely nemcsak vigaszt ny\u00fajt, hanem seg\u00edt szemben\u00e9zni is mindazzal, amit magunkkal hordozunk? T\u00f6bbek k\u00f6z\u00f6tt ilyen \u00e9s ehhez hasonl\u00f3 k\u00e9rd\u00e9sekre keresi a v\u00e1laszt Csig\u00f3 Katalin leg\u00fajabb k\u00f6nyv\u00e9ben, amely t\u00f6bb mint egy egyszer\u0171 reg\u00e9ny \u2013 szinte m\u00e1r pszichol\u00f3giai m\u00e9lys\u00e9g\u0171 utaz\u00e1s a f\u00e1jdalom legapr\u00f3bb r\u00e9tegeibe. A <em>Romok k\u00f6z\u00f6tt<\/em> h\u00e1rom emberi sorson \u00e9s k\u00e9t id\u0151s\u00edkon \u00e1t\u00edvel\u0151 t\u00f6rt\u00e9net, amely egyszerre vizsg\u00e1lja mesteri \u00e9rz\u00e9kenys\u00e9ggel nemcsak a trauma \u00e9s a vesztes\u00e9g okozta k\u00ednokat, hanem a bels\u0151 gy\u00f3gyul\u00e1s es\u00e9lyeit is.<\/p>\n\n\n\n<figure class=\"wp-block-image size-large\"><img loading=\"lazy\" decoding=\"async\" width=\"1024\" height=\"521\" src=\"https:\/\/opus-folyoirat.sk\/wp-content\/uploads\/2025\/12\/20250814_Romok-kozott-recenzio-1024x521.jpeg\" alt=\"\" class=\"wp-image-3345\" srcset=\"https:\/\/opus-folyoirat.sk\/wp-content\/uploads\/2025\/12\/20250814_Romok-kozott-recenzio-1024x521.jpeg 1024w, https:\/\/opus-folyoirat.sk\/wp-content\/uploads\/2025\/12\/20250814_Romok-kozott-recenzio-300x153.jpeg 300w, https:\/\/opus-folyoirat.sk\/wp-content\/uploads\/2025\/12\/20250814_Romok-kozott-recenzio-768x391.jpeg 768w, https:\/\/opus-folyoirat.sk\/wp-content\/uploads\/2025\/12\/20250814_Romok-kozott-recenzio-500x254.jpeg 500w, https:\/\/opus-folyoirat.sk\/wp-content\/uploads\/2025\/12\/20250814_Romok-kozott-recenzio.jpeg 1180w\" sizes=\"auto, (max-width: 1024px) 100vw, 1024px\" \/><\/figure>\n\n\n\n<p>A reg\u00e9ny h\u00e1rom egys\u00e9gb\u0151l, jobban mondva h\u00e1rom k\u00fcl\u00f6nb\u00f6z\u0151, m\u00e9gis szorosan \u00f6sszefon\u00f3d\u00f3 t\u00f6rt\u00e9netb\u0151l \u00e1ll, melyek szerepl\u0151i (els\u0151re) nem is k\u00fcl\u00f6nb\u00f6zhetn\u00e9nek jobban egym\u00e1st\u00f3l: egy 17.sz\u00e1zadi gy\u00f3gyf\u00fcvekkel foglalkoz\u00f3 javasasszony \u2013 Magdal\u00e9na, egy gy\u00e1szol\u00f3 kort\u00e1rs \u00edr\u00f3, aki egy szigeten rejt\u0151zk\u00f6dik a vil\u00e1g el\u0151l, \u00e9s Aliza, a budapesti altat\u00f3orvos, aki elfojtott csal\u00e1di traum\u00e1kt\u00f3l szenved. H\u00e1rom mag\u00e1nyos alak, akiket azonban m\u00e9giscsak \u00f6sszek\u00f6t az Adriai-tenger \u00e9s a l\u00e1tom\u00e1sszer\u0171 \u00e1lomk\u00e9pek. Sorsaik az olvas\u00f3 szeme el\u0151tt fon\u00f3dnak egym\u00e1sba, mialatt az \u00edr\u00f3 az \u00f6r\u00f6k\u00f6lt traum\u00e1k k\u00e9rd\u00e9s\u00e9t, illetve a sors ir\u00e1ny\u00edt\u00e1s\u00e1nak lehet\u0151s\u00e9geit pr\u00f3b\u00e1lja felt\u00e1rni.<\/p>\n\n\n\n<p>Mindh\u00e1rom t\u00f6rt\u00e9net h\u00e1tter\u00e9\u00fcl az Isztriai-f\u00e9lsziget szolg\u00e1l, \u00e1m m\u00edg a m\u00faltban boszork\u00e1nyperek, addig a jelenben a gy\u00e1sz \u00e9s az \u00f6nmarcangol\u00e1s helysz\u00edne. Magdal\u00e9na alakj\u00e1n kereszt\u00fcl egy olyan n\u0151t ismer\u00fcnk meg, akit k\u00fcl\u00f6ncs\u00e9ge \u00e9s rejt\u00e9lyes tud\u00e1sa miatt k\u00f6rnyezete gyanakv\u00e1ssal figyel, \u00e9s aki furcsa l\u00e1tom\u00e1sai ellen\u00e9re is v\u00e1llalja, hogy \u00e1pol egy meggyal\u00e1zott l\u00e1nyt a k\u00f6zeli falub\u00f3l. D\u00f6nt\u00e9se azonban kock\u00e1zatos \u00e9s vesz\u00e9lyes k\u00f6vetkezm\u00e9nyekkel j\u00e1r: boszork\u00e1nys\u00e1g v\u00e1dj\u00e1val illetik, emiatt k\u00e9nytelen szemben\u00e9zni nemcsak a b\u00edr\u00f3s\u00e1g \u00edt\u00e9let\u00e9vel, hanem a saj\u00e1t m\u00faltj\u00e1nak f\u00e1jdalmas \u00e1rnyaival is.<\/p>\n\n\n\n<p>A jelenben k\u00e9t karaktert ismerhet\u00fcnk meg: egy h\u00edres \u00edr\u00f3t, aki elvesztett szerelme miatt menek\u00fcl a tengerhez, \u00e1m hi\u00e1ba pr\u00f3b\u00e1l \u00edrni \u00e9s \u00fasz\u00e1ssal oldani a f\u00e1jdalm\u00e1t, a gy\u00e1sz nem engedi; valamint Aliz\u00e1t, a fiatal orvost, aki b\u00e1rhogy is pr\u00f3b\u00e1lkozik, sehogy sem tal\u00e1lja hely\u00e9t a vil\u00e1gban. Magdal\u00e9n\u00e1hoz hasonl\u00f3an kett\u0151j\u00fck t\u00f6rt\u00e9net\u00e9t is \u00e1lomszer\u0171 v\u00edzi\u00f3k k\u00eds\u00e9rik, amelyek egyre ink\u00e1bb \u00e1tfedik a val\u00f3s\u00e1got \u2013 \u00f6sszek\u00f6tve \u0151ket nemcsak egym\u00e1ssal, hanem a javasasszonnyal is.&nbsp;<\/p>\n\n\n\n<p>A t\u00f6rt\u00e9net egyszerre boszork\u00e1nyperek \u00e9s modern bels\u0151 dr\u00e1m\u00e1k terepe, ahol a m\u00falt f\u00e1jdalma \u00e9s a jelen sebei vet\u00fclnek egym\u00e1sra. A reg\u00e9ny olykor l\u00edrai nyelvezettel, m\u00e1skor egyszer\u0171 elsz\u00e1nts\u00e1ggal t\u00e9rk\u00e9pezi fel a l\u00e9lek s\u00f6t\u00e9tebb r\u00e9szeit, mik\u00f6zben \u00f3vatosan, m\u00e9gis kend\u0151zetlen \u0151szintes\u00e9ggel tesz fel az olvas\u00f3nak megv\u00e1laszolhatatlan k\u00e9rd\u00e9seket. Ez egy m\u00e9lyen elgondolkodtat\u00f3 t\u00f6rt\u00e9net, egyfajta modern m\u00edtosz a gy\u00f3gyul\u00e1sr\u00f3l \u2013 vagy \u00e9ppen annak kudarc\u00e1r\u00f3l. \u00c9s ugyan a k\u00e9rd\u00e9sekre v\u00e1laszt nem kapunk, de a&nbsp;<em>Romok k\u00f6z\u00f6tt<\/em>&nbsp;m\u00e9gis egy olyan \u201eutaz\u00e1s\u201d, amely sok\u00e1ig vel\u00fcnk marad.<\/p>\n\n\n\n<p>Dr. Csig\u00f3 Katalin&nbsp;klinikai szakpszichol\u00f3gus, pszichoterapeuta \u00e9s pszichoanalitikus, aki t\u00f6bb mint h\u00fasz \u00e9ve tev\u00e9kenykedik a pszichi\u00e1triai \u00e9s pszichoter\u00e1pi\u00e1s ell\u00e1t\u00e1s ter\u00fclet\u00e9n, valamint pszichoanalitikus mag\u00e1nrendel\u00e9st is folytat. Egyetemi docens \u00e9s akt\u00edv kutat\u00f3, sz\u00e1mos tudom\u00e1nyos publik\u00e1ci\u00f3 szerz\u0151je. Els\u0151 reg\u00e9nye, az&nbsp;<em>\u00c1tkel\u0151k<\/em>, 2023-ban, a <em>Romok k\u00f6z\u00f6tt<\/em> pedig 2025-ben jelent meg a Jaffa Kiad\u00f3 gondoz\u00e1s\u00e1ban.<\/p>\n","protected":false},"excerpt":{"rendered":"<p>Utaz\u00e1s a traum\u00e1kon \u00e1t a l\u00e9lekig Gondolatok Csig\u00f3 Katalin Romok k\u00f6z\u00f6tt c. k\u00f6nyv\u00e9r\u0151l Vajon meddig vagyunk felel\u0151sek a saj\u00e1t \u00e9let\u00fcnk\u00e9rt, \u00e9s mikort\u00f3l hat\u00e1rozza meg azt a felmen\u0151inkt\u0151l \u00f6r\u00f6k\u00f6lt teher? Net\u00e1n l\u00e9tezhet olyan hely, amely nemcsak vigaszt ny\u00fajt, hanem seg\u00edt szemben\u00e9zni &hellip; <a href=\"https:\/\/opus-folyoirat.sk\/?page_id=3344\">Egy kattint\u00e1s ide a folytat\u00e1shoz&#8230;. <span class=\"meta-nav\">&rarr;<\/span><\/a><\/p>\n","protected":false},"author":4,"featured_media":0,"parent":0,"menu_order":0,"comment_status":"closed","ping_status":"closed","template":"","meta":{"footnotes":""},"class_list":["post-3344","page","type-page","status-publish","hentry"],"_links":{"self":[{"href":"https:\/\/opus-folyoirat.sk\/index.php?rest_route=\/wp\/v2\/pages\/3344","targetHints":{"allow":["GET"]}}],"collection":[{"href":"https:\/\/opus-folyoirat.sk\/index.php?rest_route=\/wp\/v2\/pages"}],"about":[{"href":"https:\/\/opus-folyoirat.sk\/index.php?rest_route=\/wp\/v2\/types\/page"}],"author":[{"embeddable":true,"href":"https:\/\/opus-folyoirat.sk\/index.php?rest_route=\/wp\/v2\/users\/4"}],"replies":[{"embeddable":true,"href":"https:\/\/opus-folyoirat.sk\/index.php?rest_route=%2Fwp%2Fv2%2Fcomments&post=3344"}],"version-history":[{"count":1,"href":"https:\/\/opus-folyoirat.sk\/index.php?rest_route=\/wp\/v2\/pages\/3344\/revisions"}],"predecessor-version":[{"id":3346,"href":"https:\/\/opus-folyoirat.sk\/index.php?rest_route=\/wp\/v2\/pages\/3344\/revisions\/3346"}],"wp:attachment":[{"href":"https:\/\/opus-folyoirat.sk\/index.php?rest_route=%2Fwp%2Fv2%2Fmedia&parent=3344"}],"curies":[{"name":"wp","href":"https:\/\/api.w.org\/{rel}","templated":true}]}}