{"id":3348,"date":"2025-10-12T01:30:12","date_gmt":"2025-10-11T23:30:12","guid":{"rendered":"https:\/\/opus-folyoirat.sk\/?page_id=3348"},"modified":"2025-12-23T01:32:03","modified_gmt":"2025-12-22T23:32:03","slug":"petrik-viktoria-2","status":"publish","type":"page","link":"https:\/\/opus-folyoirat.sk\/?page_id=3348","title":{"rendered":"Petrik Vikt\u00f3ria"},"content":{"rendered":"\n<div class=\"wp-block-group is-vertical is-layout-flex wp-container-core-group-is-layout-8cf370e7 wp-block-group-is-layout-flex\">\n<p><strong>T\u00f6rt\u00e9nelem \u00e9s \u00f6nazonoss\u00e1g Cs\u00e1ky P\u00e1l novell\u00e1iban<\/strong><\/p>\n\n\n\n<p>Gondolatok Cs\u00e1ky P\u00e1l A m\u00e1sik \u00e9n c. k\u00f6tet\u00e9r\u0151l<\/p>\n<\/div>\n\n\n<div class=\"has-text-align-right wp-block-post-date\"><time datetime=\"2025-10-12T01:30:12+02:00\">2025-10-12<\/time><\/div>\n\n<div class=\"wp-block-image\">\n<figure class=\"alignright size-large is-resized\"><img loading=\"lazy\" decoding=\"async\" width=\"634\" height=\"1024\" src=\"https:\/\/opus-folyoirat.sk\/wp-content\/uploads\/2025\/12\/20251012_Csaky-Pal-A-masik-en-recenzio-sajat-szoveg-634x1024.jpeg\" alt=\"\" class=\"wp-image-3349\" style=\"width:247px;height:auto\" srcset=\"https:\/\/opus-folyoirat.sk\/wp-content\/uploads\/2025\/12\/20251012_Csaky-Pal-A-masik-en-recenzio-sajat-szoveg-634x1024.jpeg 634w, https:\/\/opus-folyoirat.sk\/wp-content\/uploads\/2025\/12\/20251012_Csaky-Pal-A-masik-en-recenzio-sajat-szoveg-186x300.jpeg 186w, https:\/\/opus-folyoirat.sk\/wp-content\/uploads\/2025\/12\/20251012_Csaky-Pal-A-masik-en-recenzio-sajat-szoveg-768x1240.jpeg 768w, https:\/\/opus-folyoirat.sk\/wp-content\/uploads\/2025\/12\/20251012_Csaky-Pal-A-masik-en-recenzio-sajat-szoveg.jpeg 800w\" sizes=\"auto, (max-width: 634px) 100vw, 634px\" \/><\/figure><\/div>\n\n\n<p>Cs\u00e1ky P\u00e1l leg\u00fajabb novell\u00e1sk\u00f6tete,&nbsp;<em>A m\u00e1sik \u00e9n<\/em>, egy ig\u00e9nyes \u00e9s sokr\u00e9t\u0171 irodalmi v\u00e1llalkoz\u00e1s, amely finom ar\u00e1ny\u00e9rz\u00e9kkel egyes\u00edti a szem\u00e9lyes tapasztalatot \u00e9s az \u00e1ltal\u00e1nos emberi l\u00e9t k\u00e9rd\u00e9seit. A szerz\u0151 megk\u00eds\u00e9rli olyan dr\u00e1mai helyzetekbe s\u0171r\u00edteni a mondanival\u00f3j\u00e1t, amelyek a l\u00e9t t\u00f6r\u00e9kenys\u00e9g\u00e9t, az emberi kapcsolatok korl\u00e1tait \u00e9s a meg\u00e9rt\u00e9s lehet\u0151s\u00e9geit vizsg\u00e1lj\u00e1k. A k\u00f6nyv h\u00e1rom egys\u00e9gb\u0151l \u00e9p\u00fcl fel, melyek mind k\u00fcl\u00f6nb\u00f6z\u0151 hangv\u00e9telben, m\u00e9gis egym\u00e1st kieg\u00e9sz\u00edtve mutatj\u00e1k be az ember \u00f6nmag\u00e1val \u00e9s a vil\u00e1ggal folytatott p\u00e1rbesz\u00e9d\u00e9t.<\/p>\n\n\n\n<p>Az els\u0151 r\u00e9sz klasszikus novell\u00e1kat, kifinomult st\u00edlus\u00fa, olykor l\u00e9lektani m\u00e9lys\u00e9g\u0171 elbesz\u00e9l\u00e9seket k\u00edn\u00e1l, amelyekben a t\u00f6rt\u00e9nelem \u00e9s a szem\u00e9lyes sors \u00f6sszefon\u00f3d\u00e1sa figyelhet\u0151 meg. Az \u00edr\u00f3 finoman \u00e9p\u00edtkezik az eml\u00e9kez\u00e9s mot\u00edvum\u00e1ra, hiszen a m\u00falttal val\u00f3 szemben\u00e9z\u00e9s n\u00e1la nem csup\u00e1n egyfajta nosztalgikus visszapillant\u00e1s, hanem a jelen meg\u00e9rt\u00e9s\u00e9nek a z\u00e1loga is.&nbsp;<em>A m\u00e1sik \u00e9n<\/em>&nbsp;c\u00edm\u0171 nyit\u00f3novella ennek iskolap\u00e9ld\u00e1ja, melyben Cs\u00e1ky a csal\u00e1di \u00e9s t\u00f6rt\u00e9nelmi traum\u00e1k r\u00e9tegz\u0151d\u00e9s\u00e9t bontja ki egyetlen ember eml\u00e9kez\u00e9s\u00e9nek a t\u00fckr\u00e9ben. Ez a ciklus letisztult, fegyelmezett, m\u00e9g sincs h\u00edj\u00e1n a l\u00edrais\u00e1gnak, ugyanis a nyelv gazdag, a hangulat s\u0171r\u0171, a t\u00f6rt\u00e9netek m\u00f6g\u00f6tt pedig legt\u00f6bbsz\u00f6r a kelet-k\u00f6z\u00e9p-eur\u00f3pai l\u00e9t tapasztalata rezd\u00fcl meg.<\/p>\n\n\n\n<p>A m\u00e1sodik r\u00e9sz ezzel szemben ink\u00e1bb a t\u00e9nyirodalom fel\u00e9 hajlik. Ezekben az \u00edr\u00e1sokban Cs\u00e1ky a huszadik sz\u00e1zadi t\u00f6rt\u00e9nelem sorsfordulatait id\u00e9zi fel, de szerencs\u00e9re nem dokumentarista sz\u00e1razs\u00e1ggal, hanem az emberi eml\u00e9kezet \u00e9s mor\u00e1lis tan\u00fas\u00e1gt\u00e9tel eszk\u00f6zeivel. A szerz\u0151 politikai m\u00faltj\u00e1r\u00f3l egyszer sem esik sz\u00f3, m\u00e9gis v\u00e9gig \u00e9rezni lehet, hogy az esem\u00e9nyek m\u00e9ly ismerete \u00e9s a szem\u00e9lyes tapasztalat egyar\u00e1nt adja meg a sz\u00f6vegek hiteless\u00e9g\u00e9t.<\/p>\n\n\n\n<p>A k\u00f6tet harmadik egys\u00e9ge a kor\u00e1bbi kett\u0151h\u00f6z k\u00e9pest meglep\u0151en k\u00f6nnyed t\u00f3nust \u00fct meg. A humor, az ir\u00f3nia \u00e9s legink\u00e1bb az \u00f6nreflexi\u00f3 ker\u00fcl el\u0151t\u00e9rbe. Ezek a novell\u00e1k a der\u0171s oldal\u00e1r\u00f3l l\u00e1ttatj\u00e1k az embert, aki a neh\u00e9zs\u00e9gek k\u00f6zepette is k\u00e9pes meg\u0151rizni \u00f6nmag\u00e1t, nevetni, s mosollyal oldani a l\u00e9t s\u00faly\u00e1t. Ez a r\u00e9sz egyr\u00e9szt felold\u00e1sa a kor\u00e1bbi sz\u00f6vegek tragikus hangulat\u00e1nak, m\u00e1sr\u00e9szt a szerz\u0151 emberk\u00e9p\u00e9t is kiss\u00e9 \u00e1rnyalja, ez\u00e1ltal a kor\u00e1bban fejtegetett k\u00f6z\u00e9p-eur\u00f3pai l\u00e9t nemcsak szenved\u00e9st\u00f6rt\u00e9netk\u00e9nt van jelen, hanem az \u00e9lethez val\u00f3 makacs ragaszkod\u00e1sk\u00e9nt is.<\/p>\n\n\n\n<p>Mindent \u00f6sszevetve Cs\u00e1ky pr\u00f3z\u00e1ja letisztult \u00e9s kim\u00e9rt, m\u00e9gis szenved\u00e9lyesen emberi. T\u00f6rt\u00e9netei az eml\u00e9kez\u00e9s \u00e9s a felejt\u00e9s, a m\u00falt \u00e9s a jelen, valamint a hit \u00e9s a k\u00e9ts\u00e9g tengelyei k\u00f6r\u00e9 szervez\u0151dnek. <em>A m\u00e1sik \u00e9n<\/em>&nbsp;egyszerre sz\u00f3l a kollekt\u00edv eml\u00e9kezetr\u0151l \u00e9s a szem\u00e9lyes \u00f6nismeretr\u0151l is. Ez egy olyan novell\u00e1sk\u00f6tet, melyben az olvas\u00f3 nemcsak t\u00f6rt\u00e9nelmi \u00e9s erk\u00f6lcsi dilemm\u00e1kkal tal\u00e1lkozhat, hanem a mindennapi emberi l\u00e9t \u00e9rt\u00e9keit is felfedezheti. Cs\u00e1ky k\u00f6nyve (amellett, hogy k\u00e9ts\u00e9gk\u00edv\u00fcl irodalmi \u00e9lm\u00e9nyt ny\u00fajt az elolvas\u00e1sa) egy p\u00e9lda arra is, mik\u00e9nt k\u00e9pes az irodalom visszaadni valamit abb\u00f3l, amit a t\u00f6rt\u00e9nelem elvett.<\/p>\n","protected":false},"excerpt":{"rendered":"<p>T\u00f6rt\u00e9nelem \u00e9s \u00f6nazonoss\u00e1g Cs\u00e1ky P\u00e1l novell\u00e1iban Gondolatok Cs\u00e1ky P\u00e1l A m\u00e1sik \u00e9n c. k\u00f6tet\u00e9r\u0151l Cs\u00e1ky P\u00e1l leg\u00fajabb novell\u00e1sk\u00f6tete,&nbsp;A m\u00e1sik \u00e9n, egy ig\u00e9nyes \u00e9s sokr\u00e9t\u0171 irodalmi v\u00e1llalkoz\u00e1s, amely finom ar\u00e1ny\u00e9rz\u00e9kkel egyes\u00edti a szem\u00e9lyes tapasztalatot \u00e9s az \u00e1ltal\u00e1nos emberi l\u00e9t k\u00e9rd\u00e9seit. A &hellip; <a href=\"https:\/\/opus-folyoirat.sk\/?page_id=3348\">Egy kattint\u00e1s ide a folytat\u00e1shoz&#8230;. <span class=\"meta-nav\">&rarr;<\/span><\/a><\/p>\n","protected":false},"author":4,"featured_media":0,"parent":0,"menu_order":0,"comment_status":"closed","ping_status":"closed","template":"","meta":{"footnotes":""},"class_list":["post-3348","page","type-page","status-publish","hentry"],"_links":{"self":[{"href":"https:\/\/opus-folyoirat.sk\/index.php?rest_route=\/wp\/v2\/pages\/3348","targetHints":{"allow":["GET"]}}],"collection":[{"href":"https:\/\/opus-folyoirat.sk\/index.php?rest_route=\/wp\/v2\/pages"}],"about":[{"href":"https:\/\/opus-folyoirat.sk\/index.php?rest_route=\/wp\/v2\/types\/page"}],"author":[{"embeddable":true,"href":"https:\/\/opus-folyoirat.sk\/index.php?rest_route=\/wp\/v2\/users\/4"}],"replies":[{"embeddable":true,"href":"https:\/\/opus-folyoirat.sk\/index.php?rest_route=%2Fwp%2Fv2%2Fcomments&post=3348"}],"version-history":[{"count":1,"href":"https:\/\/opus-folyoirat.sk\/index.php?rest_route=\/wp\/v2\/pages\/3348\/revisions"}],"predecessor-version":[{"id":3350,"href":"https:\/\/opus-folyoirat.sk\/index.php?rest_route=\/wp\/v2\/pages\/3348\/revisions\/3350"}],"wp:attachment":[{"href":"https:\/\/opus-folyoirat.sk\/index.php?rest_route=%2Fwp%2Fv2%2Fmedia&parent=3348"}],"curies":[{"name":"wp","href":"https:\/\/api.w.org\/{rel}","templated":true}]}}