{"id":3357,"date":"2025-07-09T01:43:02","date_gmt":"2025-07-08T23:43:02","guid":{"rendered":"https:\/\/opus-folyoirat.sk\/?page_id=3357"},"modified":"2025-12-23T01:44:28","modified_gmt":"2025-12-22T23:44:28","slug":"petrik-viktoria-4","status":"publish","type":"page","link":"https:\/\/opus-folyoirat.sk\/?page_id=3357","title":{"rendered":"Petrik Vikt\u00f3ria"},"content":{"rendered":"\n<div class=\"wp-block-group is-vertical is-layout-flex wp-container-core-group-is-layout-8cf370e7 wp-block-group-is-layout-flex\">\n<p><strong>A bels\u0151 sz\u00f6rny \u00e9s az emberi l\u00e9t v\u00e1ls\u00e1ga, avagy apokaliptikus eposz hexameterekbe szedve<\/strong><\/p>\n\n\n\n<p>Babics Imre\u00a0<em>Szfinx<\/em>\u00a0c\u00edm\u0171 vers\u00e9nek elemz\u00e9se<\/p>\n<\/div>\n\n\n<div class=\"has-text-align-right wp-block-post-date\"><time datetime=\"2025-07-09T01:43:02+02:00\">2025-07-09<\/time><\/div>\n\n\n<p><\/p>\n\n\n\n<p>Babics Imre meghat\u00e1roz\u00f3 m\u0171ve, a&nbsp;<em>Gn\u00f3zis<\/em>&nbsp;egy t\u00f6bb t\u00edzezer hexameterben meg\u00edrt pr\u00f3zai eposz a l\u00e9tez\u00e9sr\u0151l \u00e9s a vil\u00e1g szerkezet\u00e9nek megfejt\u00e9s\u00e9r\u0151l. A k\u00f6tet kulcsversek\u00e9nt sz\u00e1montartott <em>Szfinx <\/em>a teljes m\u0171 k\u00f6z\u00e9ppontj\u00e1ban \u00e1ll, hiszen ebben a versben szembes\u00edti \u00f6nmag\u00e1t a k\u00f6lt\u0151i \u00e9n a saj\u00e1t d\u00e9monikus kett\u0151ss\u00e9g\u00e9vel, a benne \u00e9l\u0151 vad\u00e1llatiass\u00e1ggal \u00e9s annak k\u00f6vetkezm\u00e9nyeivel a kult\u00far\u00e1ra, az erk\u00f6lcsre \u00e9s az emberi l\u00e9t eg\u00e9sz\u00e9re n\u00e9zve. A vers k\u00fcl\u00f6nlegess\u00e9ge abban rejlik, hogy egyszerre m\u0171k\u00f6dik vallom\u00e1sk\u00e9nt, diagn\u00f3zisk\u00e9nt \u00e9s pr\u00f3f\u00e9ciak\u00e9nt: vallom\u00e1s a bels\u0151 sz\u00f6rny l\u00e9tez\u00e9s\u00e9r\u0151l, diagn\u00f3zis az emberi civiliz\u00e1ci\u00f3 hanyatl\u00e1s\u00e1r\u00f3l, valamint pr\u00f3f\u00e9cia a v\u00e9gs\u0151 sz\u00e9tes\u00e9sr\u0151l, amelyben tal\u00e1n csak a k\u00f6lt\u0151i sz\u00f3 ny\u00fajthat biztons\u00e1got.<\/p>\n\n\n\n<p>&nbsp;A c\u00edmben megjelen\u0151 szfinx alakja kett\u0151s szimbolik\u00e1t hordoz. A mitol\u00f3giai szfinx az emberi tud\u00e1s \u00e9s a titokzatoss\u00e1g megtestes\u00edt\u0151je, amely v\u00e1laszt\u00e1s el\u00e9 \u00e1ll\u00edtja az embert, \u00e9s aki nem tud felelni a k\u00e9rd\u00e9s\u00e9re, pusztul\u00e1sra \u00edt\u00e9ltetik. A k\u00f6lt\u0151 \u00e9rtelmez\u00e9s\u00e9ben a szfinx nem k\u00fcls\u0151 mitikus l\u00e9nyk\u00e9nt, hanem egyfajta bels\u0151, a k\u00f6lt\u0151i \u00e9nben \u00e9l\u0151 sz\u00f6rnyk\u00e9nt jelenik meg. <em>\u201eAz \u00e1llat, akit magamban felfedeztem, \/ \u0151 lesz valamikor utols\u00f3 keresztem.\u201d<\/em>, \u00edrja Babics, s ebben az \u00e9rtelmez\u00e9sben az \u00e1llat\/sz\u00f6rnyeteg\/szfinx a m\u00e9lyb\u0151l felt\u00f6r\u0151, elfojtott \u00e9s puszt\u00edt\u00f3 \u00f6szt\u00f6n\u00f6k jelk\u00e9pe, amelyek egyben az emberi sors v\u00e9gzet\u00e9re is utalnak. Ez a kett\u0151ss\u00e9g (titok \u00e9s v\u00e9gzet) \u00e1thatja a vers eg\u00e9sz szerkezet\u00e9t.<\/p>\n\n\n\n<p>A vers els\u0151 szakaszaiban a k\u00f6lt\u0151i \u00e9n bels\u0151 k\u00fczdelm\u00e9t l\u00e1tjuk, a sz\u00f6rnnyel v\u00edvott harcot, amely nem csup\u00e1n erk\u00f6lcsi, hanem filoz\u00f3fiai eredet\u0171 is. Az <em>\u201eagyara kezemben pokol-k\u00fcldte k\u00e9s\u201d<\/em> metafora a puszt\u00edt\u00f3 er\u0151k \u201efegyverr\u00e9 v\u00e1l\u00e1s\u00e1t\u201d sugallja, amelyet az ember forgat \u00f6nmaga ellen. Ennek \u00e9rtelm\u00e9ben a sz\u00f6rny teh\u00e1t nem egy legy\u0151zhet\u0151 k\u00fcls\u0151 ellens\u00e9g, hanem az ember bels\u0151j\u00e9hez tartoz\u00f3 entit\u00e1s, amely a <em>\u201ebenned m\u00e9g sok sz\u00f6rny\u0171 dolog van\u201d<\/em> fenyeget\u00e9ssel m\u00e9g ink\u00e1bb felh\u00edvja a figyelmet az ember szem\u00e9lyis\u00e9g\u00e9nek m\u00e9ly\u00e9n rejl\u0151 destrukci\u00f3kra. E bels\u0151 sz\u00f6rny jelenl\u00e9te egyar\u00e1nt utal az emberi jellem sz\u00e9tes\u00e9s\u00e9re, \u00e9s vet\u00edti el\u0151re a kult\u00fara sz\u00e9thull\u00e1s\u00e1t is.<\/p>\n\n\n\n<p>A sz\u00f6veg egyik k\u00f6zponti mot\u00edvuma a DNS-l\u00e1ncra vert, m\u00e9gis szabad \u00f6szt\u00f6nl\u00e9nyek k\u00e9pe. \u00dagy v\u00e9lem ez a paradoxon egyszerre utalhat a genetikai meghat\u00e1rozotts\u00e1gra \u00e9s a szabads\u00e1g ill\u00fazi\u00f3j\u00e1ra is, hiszen az emberbe k\u00f3dolt vad\u00e1llatiass\u00e1g b\u00e1rmikor kit\u00f6rhet, ez\u00e1ltal \u201esivatagg\u00e1 z\u00fcllesztheti\u201d a gondosan fel\u00e9p\u00edtett \u201eKert\u201d-et (amely minden bizonnyal az \u00c9den szimb\u00f3luma). A civiliz\u00e1ci\u00f3 \u00edgy teh\u00e1t nem a k\u00fcls\u0151 t\u00e1mad\u00e1sok, hanem az egy\u00e9n saj\u00e1t \u00f6szt\u00f6nvil\u00e1g\u00e1nak fell\u00e1zad\u00e1sa miatt omlik majd \u00f6ssze. Az erre val\u00f3 utal\u00e1sok (kataklizm\u00e1k, p\u00f3lusv\u00e1lt\u00e1s, fagy, s\u00f6t\u00e9t) pedig egyszerre jelen\u00edtik meg a term\u00e9szeti katasztr\u00f3f\u00e1kat \u00e9s a metaforikus bels\u0151 apokalipszist is.<\/p>\n\n\n\n<p>Babics ezen fel\u00fcl a szem\u00e9lyes sorsot is a t\u00f6rt\u00e9nelmi \u00e9s civiliz\u00e1ci\u00f3s v\u00e9gzethez kapcsolja. Szerinte az emberi faj egyszer eljut arra a pontra, amikor <em>\u201e\u00f6nn\u00f6n vad\u00e1llat\u00e1t k\u00e9s\u0151n oldja el\u201d<\/em>, s ekkor m\u00e1r nem marad m\u00e1s, mint a pusztul\u00e1s. Az ezt k\u00f6vet\u0151 <em>\u201eT\u00e1bort\u0171z f\u00f6l\u00f6tt ny\u00e1rsra h\u00fazva serceg \/ t\u00e1tott sz\u00e1j\u00e1n csod\u00e1lkoz\u00e1ssal: Nah\u00e1t!\u201d<\/em> sorok nemcsak groteszk, hanem egyszerre ironikus k\u00e9pet is teremtenek, melyben a hal\u00e1l pillanat\u00e1t is az ember naiv csod\u00e1lkoz\u00e1sa k\u00eds\u00e9ri. Ebb\u0151l arra k\u00f6vetkeztethet\u00fcnk, hogy a k\u00f6lt\u0151 saj\u00e1t j\u00f6v\u0151j\u00e9t sem l\u00e1tja der\u0171sen, s ezt fokozza az is, hogy vagy a megveszett t\u00f6meg r\u00e9szek\u00e9nt tombol, vagy egy orvl\u00f6v\u00e9sz \u00e1ldozat\u00e1v\u00e1 v\u00e1lik. A civiliz\u00e1ci\u00f3s apokalipszis \u00edgy teh\u00e1t egyszerre t\u00f6rt\u00e9nelmi \u00e9s szem\u00e9lyes is.<\/p>\n\n\n\n<p>Ezt k\u00f6vet\u0151en a k\u00f6lt\u0151 megpr\u00f3b\u00e1l reflekt\u00e1lni saj\u00e1t szerep\u00e9re is. A <em>\u201eNem \u00e9rtett\u00e9k meg m\u00e9g a f\u00f6ldh\u00f6zragadtak, \/ mire k\u00e9pes a k\u00f6lt\u0151i k\u00e9pzelet.\u201d<\/em> sorokkal arra is utalhat, hogy \u00f6nmag\u00e1t nem csup\u00e1n eszt\u00e9tikai alkot\u00f3nak tekinti, hanem pr\u00f3f\u00e9t\u00e1nak is, aki el\u0151re tudja, \u00e9s meg is nevezi a pusztul\u00e1st.&nbsp; A fenti sorok szerint k\u00f6z\u00f6ss\u00e9ge nem \u00e9rti a k\u00e9pzelet erej\u00e9t, s\u0151t a tov\u00e1bbiakban arra is utal, hogy maguk id\u00e9zik el\u0151 a katasztr\u00f3f\u00e1t azzal, hogy sz\u00e1m\u0171zt\u00e9k a szellemis\u00e9get. Ezek alapj\u00e1n a k\u00f6lt\u0151 nem csup\u00e1n szeml\u00e9l\u0151, hanem egyar\u00e1nt r\u00e9sztvev\u0151je \u00e9s \u00e1ldozata is az apokalipszisnek.<\/p>\n\n\n\n<p>A k\u00f6ltem\u00e9ny v\u00e9gs\u0151 szakaszaiban a k\u00f6lt\u0151i \u00e9n \u00e9s annak bels\u0151 sz\u00f6rnye, akit a vers v\u00e9g\u00e9n m\u00e1r saj\u00e1t \u201ekis ragadoz\u00f3ja\u201d-k\u00e9nt eml\u00edt, sorsk\u00f6z\u00f6ss\u00e9gben \u00e9lnek, akik, mint egy rossz gomb \u00fajra \u00e9s \u00fajra \u201evisszavarr\u00f3dnak\u201d az egy\u00fcttes l\u00e9tez\u00e9shez. Ez a k\u00e9p egyszerre utalhat a b\u0171n kiker\u00fclhetetlens\u00e9g\u00e9re \u00e9s a sors ism\u00e9tl\u0151d\u00e9s\u00e9re is. Ezzel szemben a v\u00e9gkifejlet m\u00e9gis egyfajta vigaszt pr\u00f3b\u00e1l ny\u00fajtani, a sz\u00f6rny meglep\u0151, szinte paradox m\u00f3don nem csup\u00e1n puszt\u00edt\u00f3, hanem oltalmaz\u00f3 er\u0151v\u00e9 is v\u00e1lik. <em>\u201e\u00c9n \u00e1llok mell\u00e9d a teljes sz\u00e9tes\u00e9sben\u201d<\/em>, \u00edrja a k\u00f6lt\u0151 az utols\u00f3 sorban, s ez\u00e1ltal a bels\u0151 sz\u00f6rny a v\u00e9gs\u0151 pusztul\u00e1sban a t\u00e1rsa, sz\u00f6vets\u00e9gese lesz.&nbsp;<\/p>\n\n\n\n<p>Babics Imre ebben a vers\u00e9ben a bels\u0151 sz\u00f6rnnyel folytatott k\u00fczdelmet \u00e9s a civiliz\u00e1ci\u00f3 sz\u00e9thull\u00e1s\u00e1t jelen\u00edti meg. A szfinx alakj\u00e1ban megjelen\u0151 bels\u0151 sz\u00f6rny egyar\u00e1nt puszt\u00edt\u00f3 \u00e9s v\u00e9delmez\u0151, hal\u00e1lt hoz\u00f3 \u00e9s \u00e9letet biztos\u00edt\u00f3. A k\u00f6lt\u0151 feladata a vers kontextus\u00e1ban a pr\u00f3f\u00e9tai figyelmeztet\u00e9s, \u0151 az, aki szembes\u00edti az embert saj\u00e1t v\u00e9gzet\u00e9vel, \u00e9s, aki utat mutat a sz\u00e9tes\u00e9sben is. A&nbsp;<em>Szfinx<\/em>&nbsp;okkal lett a m\u0171&nbsp;kulcsverse, ugyanis amellett, hogy mag\u00e1ba foglalja a modern emberi l\u00e9t v\u00e1ls\u00e1gait, el\u00e9nk t\u00e1rja a pusztul\u00e1s v\u00edzi\u00f3j\u00e1t, \u00e9s hordozza a k\u00f6lt\u0151i sz\u00f3 vigasz\u00e1t is.<\/p>\n\n\n\n<p><strong>Babics Imre:<\/strong><\/p>\n\n\n\n<p><strong>Szfinx<\/strong><\/p>\n\n\n\n<div class=\"wp-block-group is-vertical is-layout-flex wp-container-core-group-is-layout-8cf370e7 wp-block-group-is-layout-flex\">\n<p>Az \u00e1llat, akit magamban felfedeztem,<\/p>\n\n\n\n<p>\u0151 lesz valamikor utols\u00f3 keresztem.<\/p>\n\n\n\n<p>Agyara kezemben pokol-k\u00fcldte k\u00e9s,<\/p>\n\n\n\n<p>kifog mindenf\u00e9le idi\u00f3ta teszten,<\/p>\n\n\n\n<p>\u00e9s le nem gy\u0171ri a megm\u00e9rettet\u00e9s.<\/p>\n<\/div>\n\n\n\n<p><\/p>\n\n\n\n<div class=\"wp-block-group is-vertical is-layout-flex wp-container-core-group-is-layout-8cf370e7 wp-block-group-is-layout-flex\">\n<p>Nem el\u00e9g, hogy d\u00e9monnal kell h\u00e1bor\u00faznom,<\/p>\n\n\n\n<p>s az \u00f6r\u00f6k lelkiismeret-furdal\u00e1s,<\/p>\n\n\n\n<p>mely a m\u00faltban \u00f6nk\u00ednz\u00f3 tudattal \u00e1s,<\/p>\n\n\n\n<p>most, mint a h\u00f3ban t\u00e1tog egy \u00faj hi\u00faznyom<\/p>\n\n\n\n<p>a r\u00e9giek mellett a szarvasra: L\u00e1ss!,<\/p>\n\n\n\n<p>itt van m\u00e1r \u00e9rezhet\u0151en, hajszol, ny\u00faz, nyom.<\/p>\n<\/div>\n\n\n\n<p><\/p>\n\n\n\n<div class=\"wp-block-group is-vertical is-layout-flex wp-container-core-group-is-layout-8cf370e7 wp-block-group-is-layout-flex\">\n<p>\u00d6k\u00f6lbe harap\u00e1st gy\u0171jt a holnapokban,<\/p>\n\n\n\n<p>izmait pr\u00f3b\u00e1lja s szemh\u00e9jam remeg,<\/p>\n\n\n\n<p>azt h\u00f6rgi: <em>\u2013 Benned m\u00e9g sok sz\u00f6rny\u0171 dolog van,<\/em><\/p>\n\n\n\n<p><em>s ha majd a legbels\u0151 t\u00f6rv\u00e9ny l\u00e1ngra lobban,<\/em><\/p>\n\n\n\n<p><em>bizony, p\u00f3rr\u00e1 \u00e9g kimunk\u00e1lt jellemed.<\/em><\/p>\n<\/div>\n\n\n\n<p><\/p>\n\n\n\n<div class=\"wp-block-group is-vertical is-layout-flex wp-container-core-group-is-layout-8cf370e7 wp-block-group-is-layout-flex\">\n<p>Mind szabadok a DNS-l\u00e1ncra vertek,<\/p>\n\n\n\n<p>l\u00e9ny\u00fck mindannyiunkban ugr\u00e1sra k\u00e9sz,<\/p>\n\n\n\n<p>hogy megtegy\u00e9k, mit eddig sohasem mertek,<\/p>\n\n\n\n<p>s \u00fajb\u00f3l sivatagg\u00e1 z\u00fcllessz\u00e9k a Kertet,<\/p>\n\n\n\n<p>melyre annyit \u00e1ldozott a sz\u00edv s az \u00e9sz,<\/p>\n\n\n\n<p>s amelyet soha parlagon nem hevertet.<\/p>\n<\/div>\n\n\n\n<p><\/p>\n\n\n\n<div class=\"wp-block-group is-vertical is-layout-flex wp-container-core-group-is-layout-8cf370e7 wp-block-group-is-layout-flex\">\n<p>Nemcsak rajtunk m\u00falik fel- s let\u00e1mad\u00e1suk,<\/p>\n\n\n\n<p>v\u00e9lem, egykor tervbe vett\u00e9k m\u00e1sok, m\u00e1sutt,<\/p>\n\n\n\n<p>kik ismert\u00e9k a vil\u00e1g term\u00e9szet\u00e9t.<\/p>\n\n\n\n<p>Ha civiliz\u00e1ci\u00f3nk s\u00edrj\u00e1t meg\u00e1ssuk<\/p>\n\n\n\n<p>magunk, megmarad nekik n\u00e9h\u00e1ny let\u00e9t:<\/p>\n\n\n\n<p>kataklizm\u00e1k, p\u00f3lusv\u00e1lt\u00e1s, fagy, s\u00f6t\u00e9t.<\/p>\n<\/div>\n\n\n\n<p><\/p>\n\n\n\n<div class=\"wp-block-group is-vertical is-layout-flex wp-container-core-group-is-layout-8cf370e7 wp-block-group-is-layout-flex\">\n<p>\u00c1m fajunk mindenk\u00e9pp meg\u00e9ri a percet<\/p>\n\n\n\n<p>egyszer, mikor ki \u00f6nn\u00f6n vad\u00e1llat\u00e1t<\/p>\n\n\n\n<p>k\u00e9s\u0151n oldja el, mert m\u00e9g emberbar\u00e1t,<\/p>\n\n\n\n<p>az t\u00e1bort\u0171z f\u00f6l\u00f6tt ny\u00e1rsra h\u00fazva serceg<\/p>\n\n\n\n<p>t\u00e1tott sz\u00e1j\u00e1n csod\u00e1lkoz\u00e1ssal: Nah\u00e1t!<\/p>\n<\/div>\n\n\n\n<p><\/p>\n\n\n\n<div class=\"wp-block-group is-vertical is-layout-flex wp-container-core-group-is-layout-8cf370e7 wp-block-group-is-layout-flex\">\n<p>Ilyen <em>lenn\u00e9k<\/em>, ha azt az id\u0151t meg\u00e9rem,<\/p>\n\n\n\n<p>s att\u00f3l tartok, akkor m\u00e1smilyen leszek:<\/p>\n\n\n\n<p>az istentelens\u00e9gt\u0151l felforr a v\u00e9rem,<\/p>\n\n\n\n<p>s csak tomboln\u00e9k, mint a t\u00f6bbi megveszett<\/p>\n\n\n\n<p>n\u00f6velv\u00e9n a k\u00e1oszt utc\u00e1n, parkban, t\u00e9ren,<\/p>\n\n\n\n<p>m\u00edg v\u00e9g\u00fcl egy sunyi orvl\u00f6v\u00e9sz \u201eleszed\u201d.<\/p>\n<\/div>\n\n\n\n<p><\/p>\n\n\n\n<div class=\"wp-block-group is-vertical is-layout-flex wp-container-core-group-is-layout-8cf370e7 wp-block-group-is-layout-flex\">\n<p>Nem \u00e9rtett\u00e9k meg m\u00e9g a f\u00f6ldh\u00f6zragadtak,<\/p>\n\n\n\n<p>mire k\u00e9pes a k\u00f6lt\u0151i k\u00e9pzelet,<\/p>\n\n\n\n<p>melyet a szellemis\u00e9gb\u0151l kitagadtak.<\/p>\n\n\n\n<p>Iszony\u00e1hoz \u0151k maguk adnak jelet,<\/p>\n\n\n\n<p>azt\u00e1n \u00e1mulnak, hogy nem ellenfelek.<\/p>\n<\/div>\n\n\n\n<p><\/p>\n\n\n\n<div class=\"wp-block-group is-vertical is-layout-flex wp-container-core-group-is-layout-8cf370e7 wp-block-group-is-layout-flex\">\n<p>E s\u00e1t\u00e1niaknak lesz f\u00e9lnival\u00f3juk,<\/p>\n\n\n\n<p>ha a Kozmosz, a v\u00e9gzetszavas s\u00fag\u00f3lyuk<\/p>\n\n\n\n<p>hitv\u00e1nys\u00e1guk miatt v\u00e9gk\u00e9pp eldugul.<\/p>\n\n\n\n<p>Hablatyolhatnak hi\u00e1ba hazugul,<\/p>\n\n\n\n<p>minden b\u0171n\u00f6sre t\u00f6bb sz\u00e1zezer b\u00edr\u00f3 jut,<\/p>\n\n\n\n<p>mert m\u00e1r nem a bels\u0151 hadi\u00f6sv\u00e9nyt r\u00f3juk.<\/p>\n<\/div>\n\n\n\n<p><\/p>\n\n\n\n<div class=\"wp-block-group is-vertical is-layout-flex wp-container-core-group-is-layout-8cf370e7 wp-block-group-is-layout-flex\">\n<p>\u00c9n \u00e9s a kis ragadoz\u00f3m. Visszavarr ma<\/p>\n\n\n\n<p>m\u00e9g minket a f\u00e9nyk\u00fap-pal\u00e1stra a <em>karma<\/em><\/p>\n\n\n\n<p>rossz gombk\u00e9nt nap mint nap, b\u00e1r lehullan\u00e1nk,<\/p>\n\n\n\n<p>s emberalattiba gurulv\u00e1n, tany\u00e1nk<\/p>\n\n\n\n<p>ott vern\u00e9nk fel. B\u00e1rmi j\u00f6n, s a s\u00e1rba r\u00e1nt,<\/p>\n\n\n\n<p>ezzel a <em>meta<\/em>jogot test\u00e1lja r\u00e1nk,<\/p>\n\n\n\n<p>s nem nev\u00fcnk t\u00f6bb\u00e9, hogy: a J\u00f3isten barma.<\/p>\n<\/div>\n\n\n\n<p><\/p>\n\n\n\n<div class=\"wp-block-group is-vertical is-layout-flex wp-container-core-group-is-layout-8cf370e7 wp-block-group-is-layout-flex\">\n<p>De ha nem sz\u00e1ll al\u00e1 a mennyb\u0151l k\u00f6p\u00e9s sem,<\/p>\n\n\n\n<p>s k\u00f6nnyben n\u0151tt n\u00e1das s\u00f3hajokt\u00f3l zizeg,<\/p>\n\n\n\n<p>mert agyvel\u0151t jelent kilenced, tized,<\/p>\n\n\n\n<p>m\u00faltunk\u00e9rt sz\u00f6rnyem oltalommal fizet:<\/p>\n\n\n\n<p><em>\u2013 Nem tudod m\u00e9g, s m\u00e1r r\u00e9gen sz\u00edvedbe v\u00e9stem,<\/em><\/p>\n\n\n\n<p><em>visszhangozz\u00e1k majd egek, f\u00f6ldek, vizek:<\/em><\/p>\n\n\n\n<p><em>\u00e9n \u00e1llok mell\u00e9d a teljes sz\u00e9tes\u00e9sben.<\/em><\/p>\n<\/div>\n\n\n\n<p><\/p>\n","protected":false},"excerpt":{"rendered":"<p>A bels\u0151 sz\u00f6rny \u00e9s az emberi l\u00e9t v\u00e1ls\u00e1ga, avagy apokaliptikus eposz hexameterekbe szedve Babics Imre\u00a0Szfinx\u00a0c\u00edm\u0171 vers\u00e9nek elemz\u00e9se Babics Imre meghat\u00e1roz\u00f3 m\u0171ve, a&nbsp;Gn\u00f3zis&nbsp;egy t\u00f6bb t\u00edzezer hexameterben meg\u00edrt pr\u00f3zai eposz a l\u00e9tez\u00e9sr\u0151l \u00e9s a vil\u00e1g szerkezet\u00e9nek megfejt\u00e9s\u00e9r\u0151l. A k\u00f6tet kulcsversek\u00e9nt sz\u00e1montartott Szfinx &hellip; <a href=\"https:\/\/opus-folyoirat.sk\/?page_id=3357\">Egy kattint\u00e1s ide a folytat\u00e1shoz&#8230;. <span class=\"meta-nav\">&rarr;<\/span><\/a><\/p>\n","protected":false},"author":4,"featured_media":0,"parent":0,"menu_order":0,"comment_status":"closed","ping_status":"closed","template":"","meta":{"footnotes":""},"class_list":["post-3357","page","type-page","status-publish","hentry"],"_links":{"self":[{"href":"https:\/\/opus-folyoirat.sk\/index.php?rest_route=\/wp\/v2\/pages\/3357","targetHints":{"allow":["GET"]}}],"collection":[{"href":"https:\/\/opus-folyoirat.sk\/index.php?rest_route=\/wp\/v2\/pages"}],"about":[{"href":"https:\/\/opus-folyoirat.sk\/index.php?rest_route=\/wp\/v2\/types\/page"}],"author":[{"embeddable":true,"href":"https:\/\/opus-folyoirat.sk\/index.php?rest_route=\/wp\/v2\/users\/4"}],"replies":[{"embeddable":true,"href":"https:\/\/opus-folyoirat.sk\/index.php?rest_route=%2Fwp%2Fv2%2Fcomments&post=3357"}],"version-history":[{"count":4,"href":"https:\/\/opus-folyoirat.sk\/index.php?rest_route=\/wp\/v2\/pages\/3357\/revisions"}],"predecessor-version":[{"id":3362,"href":"https:\/\/opus-folyoirat.sk\/index.php?rest_route=\/wp\/v2\/pages\/3357\/revisions\/3362"}],"wp:attachment":[{"href":"https:\/\/opus-folyoirat.sk\/index.php?rest_route=%2Fwp%2Fv2%2Fmedia&parent=3357"}],"curies":[{"name":"wp","href":"https:\/\/api.w.org\/{rel}","templated":true}]}}