{"id":3378,"date":"2025-11-01T12:11:00","date_gmt":"2025-11-01T10:11:00","guid":{"rendered":"https:\/\/opus-folyoirat.sk\/?page_id=3378"},"modified":"2026-01-21T18:18:52","modified_gmt":"2026-01-21T16:18:52","slug":"fekete-tunde","status":"publish","type":"page","link":"https:\/\/opus-folyoirat.sk\/?page_id=3378","title":{"rendered":"Fekete T\u00fcnde"},"content":{"rendered":"\n<p><strong>P\u00f3da Erzs\u00e9bet: Forgatag (k\u00f6nyvrecenzi\u00f3)<\/strong><\/p>\n\n\n<div class=\"has-text-align-right wp-block-post-date\"><time datetime=\"2025-11-01T12:11:00+02:00\">2025-11-01<\/time><\/div>\n\n\n<p><br><\/p>\n\n\n\n<p>T\u00f6bb mint egy k\u00f6nyv \u2013 egy \u00fajdons\u00e1g, egy \u00e9letm\u0171 s megannyi t\u00f6rt\u00e9net. Egy olyan k\u00f6nyv, amelyben nem csup\u00e1n t\u00f6rt\u00e9netek sorakoznak egym\u00e1s ut\u00e1n, hanem sorsok, lelki vil\u00e1gok tal\u00e1lkoznak, titkok \u00e9s felismer\u00e9sek hull\u00e1mai h\u00f6mp\u00f6ly\u00f6gnek v\u00e9gig rajta \u2013 ahogyan azt m\u00e1r a c\u00edme is \u00edg\u00e9ri:&nbsp;<em>Forgatag<\/em>. A fogalomv\u00e1laszt\u00e1s tal\u00e1l\u00f3bb nem is lehetne. A&nbsp;<em>forgatag<\/em>&nbsp;ugyanis nem csak mozg\u00e1st jelent, hanem mindazt az \u00e9rzelmi \u00f6rv\u00e9nyt, amelyen b\u00e1rhogy harcolunk is ellene mindny\u00e1junk \u00e9lete sor\u00e1n kereszt\u00fclmegy: szerelmet, gy\u00e1szt, v\u00e1gy\u00f3d\u00e1st, rem\u00e9nyt, \u00f6sszetartoz\u00e1st \u00e9s d\u00f6nt\u00e9seket, melyek n\u00e9ha felemelnek, m\u00e1skor megsebeznek.<br>Ez a k\u00f6tet olyan, mint amikor hirtelen meg\u00e1llunk egy v\u00e1s\u00e1ri forgatag k\u00f6zep\u00e9n, megfagy az id\u0151, \u00e9s egyszerre r\u00e1j\u00f6v\u00fcnk: mennyi sors, mennyi t\u00f6rt\u00e9net suhan el mellett\u00fcnk egy szempillant\u00e1s alatt \u2013 \u00e9s ezek mind benn\u00fcnk visszhangzanak. Olvas\u00e1sa k\u00f6zben az az \u00e9rz\u00e9s\u00fcnk t\u00e1mad, mint amikor valaki halkan f\u00e9lreh\u00fazza a f\u00fcgg\u00f6nyt saj\u00e1t \u00e9lete ablaka el\u0151tt, \u00e9s beenged minket. Megmutatja mindazt, amit az ember rendszerint elz\u00e1r a vil\u00e1g el\u0151l saj\u00e1t mag\u00e1ban, abba a mikrokozmoszba, ami csak az \u00f6v\u00e9, amit senki nem l\u00e1that. A sebeket, a val\u00f3s v\u00e1gyakat, a f\u00e9lelmeket, a csendbe z\u00e1rt igazs\u00e1gokat.<\/p>\n\n\n\n<figure class=\"wp-block-image size-full\"><img loading=\"lazy\" decoding=\"async\" width=\"714\" height=\"900\" src=\"https:\/\/opus-folyoirat.sk\/wp-content\/uploads\/2025\/12\/Poda-Erzsebet-Forgatag-recenzio.jpeg\" alt=\"\" class=\"wp-image-3379\" srcset=\"https:\/\/opus-folyoirat.sk\/wp-content\/uploads\/2025\/12\/Poda-Erzsebet-Forgatag-recenzio.jpeg 714w, https:\/\/opus-folyoirat.sk\/wp-content\/uploads\/2025\/12\/Poda-Erzsebet-Forgatag-recenzio-238x300.jpeg 238w\" sizes=\"auto, (max-width: 714px) 100vw, 714px\" \/><\/figure>\n\n\n\n<p>Ezek az \u00edr\u00e1sok egyszerre h\u00e9tk\u00f6znapiak \u00e9s id\u0151tlenek, mint egy falusi udvar illata, a farsangi b\u00e1l l\u00fcktet\u00e9se vagy a sz\u00edvben \u00e9vekig \u0151rz\u00f6tt cs\u00f3k \u00edze, ugyanakkor egy t\u00e1voli, m\u00edtoszokkal sz\u00ednezett vil\u00e1g is egyben, ahol v\u00f6r\u00f6s haj\u00fa harcosn\u0151k j\u00e1rnak, s ahol a Vad Szelek cs\u00facs\u00e1n az any\u00e1k m\u00e9g a hal\u00e1l ut\u00e1n is vigaszt ny\u00fajtanak. A&nbsp;<em>Forgatag<\/em>&nbsp;igazi ereje tal\u00e1n \u00e9ppen ebben a kett\u0151ss\u00e9gben rejlik: az \u00e9letb\u0151l kisz\u0171rt val\u00f3s\u00e1g \u00e9s a k\u00e9pzelet t\u00e1gas tere egyszerre l\u00e9legzik benne. A szerz\u0151 t\u00f6rt\u00e9netei \u2013 legyenek ak\u00e1r szociografikus hangulat\u00faak, ak\u00e1r mesei jelleg\u0171ek vagy \u00e9pp sci-fi-be hajl\u00f3ak \u2013 mindig ugyanoda t\u00e9rnek vissza: az emberi l\u00e9lek kiismerhetetlen m\u00e9lys\u00e9geihez.<\/p>\n\n\n\n<p>Ezekben a novell\u00e1kban a n\u0151k \u00e1llnak a k\u00f6z\u00e9ppontban. Asszonyok, akik l\u00e1tsz\u00f3lag csendesen t\u0171rnek, k\u00f6zben azonban bel\u00fcl tombol benn\u00fck a v\u00e1gy a szabads\u00e1gra, szerelemre, tisztess\u00e9gre vagy \u00e9ppen a bossz\u00fara. N\u0151k, akik elbuknak \u00e9s fel\u00e1llnak, akik s\u00edrnak \u00e9s szeretnek, akik olykor maguk sem \u00e9rtik, honnan mer\u00edtenek er\u0151t \u2013 m\u00e9gis tov\u00e1bbmennek. \u00c9s amikor sz\u00f3lnak, nemcsak saj\u00e1t sorsukat mondj\u00e1k el, hanem mindannyiunk\u00e9t, akik hordozunk magunkban titkokat, kimondatlan rem\u00e9nyeket, \u00f6r\u00f6k k\u00e9rd\u00e9seket.<\/p>\n\n\n\n<p>A k\u00f6tet els\u0151 t\u00f6rt\u00e9nete, a&nbsp;<em>Titkom gy\u00fcm\u00f6lcse<\/em>&nbsp;tal\u00e1n a legszebb p\u00e9ld\u00e1ja annak, hogyan fon\u00f3dik \u00f6ssze szerelem, b\u0171n, megbocs\u00e1t\u00e1s \u00e9s sors. Egy \u00e9let, amelyet egyetlen cs\u00f3k m\u00e1s ir\u00e1nyba ford\u00edtott; egy asszony, aki eg\u00e9sz \u00e9let\u00e9n \u00e1t egyetlen f\u00e9rfi nev\u00e9t \u0151rizte a sz\u00edv\u00e9ben. A t\u00f6rt\u00e9net olyan \u0151szinte, hogy olvas\u00e1s k\u00f6zben n\u00e9ha \u00e9rezz\u00fck: ez m\u00e1r nem is mese, hanem vallom\u00e1s. Egy n\u0151, aki egy soha el nem m\u00falt szerelem terh\u00e9t hordozza mag\u00e1ban \u2013 egy \u00e9letfogytig tart\u00f3 \u00e9rzelemnek nemcsak sz\u00e9ps\u00e9g\u00e9t, de f\u00e1jdalm\u00e1t, k\u00f6vetkezm\u00e9nyeit, titkos gy\u00fcm\u00f6lcs\u00e9t is.<br>Ez a t\u00f6rt\u00e9net az anyai szeretetr\u0151l ugyan\u00fagy sz\u00f3l, mint az el nem m\u00fal\u00f3 szerelemr\u0151l, a t\u00e1rsadalmi elv\u00e1r\u00e1sok pokl\u00e1r\u00f3l, \u00e9s arr\u00f3l a l\u00e1thatatlan k\u00f6tel\u00e9kr\u0151l, amely m\u00faltunkhoz k\u00f6t benn\u00fcnket.<\/p>\n\n\n\n<p>A k\u00f6nyv m\u00e1sik vil\u00e1ga \u2013 a m\u00edtoszteremt\u0151, m\u00e1gikus&nbsp;<em>A Vad Szelek l\u00e1nya<\/em>&nbsp;\u2013 azt mutatja meg, hogy a szerz\u0151 pr\u00f3z\u00e1ja nem ismer hat\u00e1rokat. K\u00f6nnyed\u00e9n emeli \u00e1t az olvas\u00f3t egy olyan t\u00e9rbe, ahol a n\u0151k egyszerre harcosok, any\u00e1k, \u00f6r\u00f6k\u00f6s\u00f6k \u00e9s \u00e1lmod\u00f3k. Ahol a l\u00e9lek \u00fatja nem \u00e9r v\u00e9get a hal\u00e1llal, \u00e9s ahol az anyai sz\u00f3 m\u00e9g a sz\u00e9l sz\u00e1rny\u00e1n is hazatal\u00e1l. E t\u00f6rt\u00e9net \u2013 minden fantasy eleme ellen\u00e9re \u2013 m\u00e9lyen emberi. A felel\u0151ss\u00e9g s\u00falya, a v\u00e1laszt\u00e1s terhe, a titkok \u00e1ra, a sz\u00fcl\u0151k \u00e9s gyerekek egym\u00e1sba kapaszkod\u00f3 sorsa mind ott pulz\u00e1l benne.<\/p>\n\n\n\n<p>A&nbsp;<em>Forgatag<\/em>&nbsp;gy\u00f6ngyszemei egyenk\u00e9nt is meg\u00e1llj\u00e1k hely\u00fcket teljes \u00e9rt\u00e9k\u0171 t\u00f6rt\u00e9netekk\u00e9nt, de egy\u00fctt egy teljes k\u00e9pp\u00e9 \u00e1llnak \u00f6ssze: az \u00e9let sz\u00f6vev\u00e9nyes, sokszor f\u00e1jdalmas, m\u00e9gis gy\u00f6ny\u00f6r\u0171 forgatag\u00e1v\u00e1. A szerz\u0151 szel\u00edden, de hat\u00e1rozott k\u00e9zzel vezet v\u00e9gig benn\u00fcnket ezen az \u00faton. Nem \u00edt\u00e9lkezik, nem emeli fel a hangj\u00e1t \u2013 csak mes\u00e9l. Nyitott szemmel j\u00e1r a vil\u00e1gban \u2013 de legink\u00e1bb nyitott sz\u00edvvel. \u00cdr\u00e1sai olyanok, mint egy lass\u00fa, meghitt besz\u00e9lget\u00e9s a konyhaasztal mellett, vagy mint egy mes\u00e9l\u0151 az esti t\u0171z meleg\u00e9n\u00e9l, ahol a f\u00e9ny ugyan pisl\u00e1kol, de a t\u00f6rt\u00e9net igaz \u00e9s \u00e9l\u0151. Minden elbesz\u00e9l\u00e9se m\u00f6g\u00f6tt ott \u00e1ll az emberi tapasztalat: az asszonyok, akik t\u0171rik a sorsot, de k\u00f6zben bel\u00fcl forradalmat v\u00edvnak; az emberek, akik v\u00e1gynak a szeretetre, de n\u00e9ha maguk sem tudj\u00e1k, hogyan fogadj\u00e1k el; \u00e9s azok, akik titkokat hordoznak, hogy m\u00e1sokat meg\u00f3vjanak. Nem \u00e1ll\u00edt p\u00f3diumra tanuls\u00e1gokat. Helyette egy\u00fctt halad vel\u00fcnk \u2013 megengedve, hogy saj\u00e1t \u00e9let\u00fcnk alakjai, eml\u00e9kei, v\u00e1gyai megjelenjenek a lapok t\u00fckr\u00e9ben.<\/p>\n\n\n\n<p>A szerz\u0151 k\u00fcl\u00f6n\u00f6s \u00e9rz\u00e9kenys\u00e9ggel b\u00e1nik n\u0151alakjaival. Nem emeli piedeszt\u00e1lra \u0151ket, de nem is sajn\u00e1ltatja egyik\u00fcket sem, ink\u00e1bb megmutatja val\u00f3di erej\u00fcket \u2013 azt az er\u0151t, amely gyakran csendes, k\u00edv\u00fclr\u0151l alig l\u00e1that\u00f3, m\u00e9gis hegyeket mozgat.<\/p>\n\n\n\n<p>Ez a k\u00f6nyv t\u00f6bb mint egy novell\u00e1sk\u00f6tet: lelki t\u00fck\u00f6r. Ha belen\u00e9z\u00fcnk, tal\u00e1n saj\u00e1t t\u00f6rt\u00e9neteink von\u00e1sait is felfedezz\u00fck benne, felismerhet\u00fcnk benne valamit magunkb\u00f3l. Egy eml\u00e9ket, egy szeretett arcot, egy f\u00e1jdalmat, amelyet \u00e9vek \u00f3ta hordozunk, vagy egy rem\u00e9nyt, amelyet tal\u00e1n el is felejtett\u00fcnk.<\/p>\n\n\n\n<p>A&nbsp;<em>Forgatag<\/em>&nbsp;nem csup\u00e1n elolvas\u00e1sra h\u00edv \u2013 hanem \u00e1t\u00e9l\u00e9sre.<br>Arra, hogy meg\u00e1lljunk, \u00e9s meghalljuk a benn\u00fcnk \u00e9l\u0151 t\u00f6rt\u00e9neteket. Arra, hogy elid\u0151zz\u00fcnk egy-egy mondatn\u00e1l. Arra, hogy felid\u00e9zz\u00fck, h\u00e1nyszor forgatta fel az \u00e9let saj\u00e1t kis vil\u00e1gunkat \u2013 \u00e9s hogyan \u00e9p\u00edtett\u00fck azt \u00fajra.<\/p>\n\n\n\n<p>K\u00e9rem, fogadj\u00e1k szeretettel ezt a k\u00f6tetet, amely nemcsak olvasm\u00e1ny, hanem szel\u00edd, m\u00e9ly emberi tapasztalat. Fogadj\u00e1k \u00fagy, mintha valaki finoman meg\u00e9rinten\u00e9 a v\u00e1llukat, \u00e9s azt mondan\u00e1: \u00dclj le egy percre, hadd mes\u00e9ljek valamit. Valamit neked s tal\u00e1n r\u00f3lad is.<\/p>\n","protected":false},"excerpt":{"rendered":"<p>P\u00f3da Erzs\u00e9bet: Forgatag (k\u00f6nyvrecenzi\u00f3) T\u00f6bb mint egy k\u00f6nyv \u2013 egy \u00fajdons\u00e1g, egy \u00e9letm\u0171 s megannyi t\u00f6rt\u00e9net. Egy olyan k\u00f6nyv, amelyben nem csup\u00e1n t\u00f6rt\u00e9netek sorakoznak egym\u00e1s ut\u00e1n, hanem sorsok, lelki vil\u00e1gok tal\u00e1lkoznak, titkok \u00e9s felismer\u00e9sek hull\u00e1mai h\u00f6mp\u00f6ly\u00f6gnek v\u00e9gig rajta \u2013 ahogyan &hellip; <a href=\"https:\/\/opus-folyoirat.sk\/?page_id=3378\">Egy kattint\u00e1s ide a folytat\u00e1shoz&#8230;. <span class=\"meta-nav\">&rarr;<\/span><\/a><\/p>\n","protected":false},"author":4,"featured_media":0,"parent":0,"menu_order":0,"comment_status":"closed","ping_status":"closed","template":"","meta":{"footnotes":""},"class_list":["post-3378","page","type-page","status-publish","hentry"],"_links":{"self":[{"href":"https:\/\/opus-folyoirat.sk\/index.php?rest_route=\/wp\/v2\/pages\/3378","targetHints":{"allow":["GET"]}}],"collection":[{"href":"https:\/\/opus-folyoirat.sk\/index.php?rest_route=\/wp\/v2\/pages"}],"about":[{"href":"https:\/\/opus-folyoirat.sk\/index.php?rest_route=\/wp\/v2\/types\/page"}],"author":[{"embeddable":true,"href":"https:\/\/opus-folyoirat.sk\/index.php?rest_route=\/wp\/v2\/users\/4"}],"replies":[{"embeddable":true,"href":"https:\/\/opus-folyoirat.sk\/index.php?rest_route=%2Fwp%2Fv2%2Fcomments&post=3378"}],"version-history":[{"count":1,"href":"https:\/\/opus-folyoirat.sk\/index.php?rest_route=\/wp\/v2\/pages\/3378\/revisions"}],"predecessor-version":[{"id":3380,"href":"https:\/\/opus-folyoirat.sk\/index.php?rest_route=\/wp\/v2\/pages\/3378\/revisions\/3380"}],"wp:attachment":[{"href":"https:\/\/opus-folyoirat.sk\/index.php?rest_route=%2Fwp%2Fv2%2Fmedia&parent=3378"}],"curies":[{"name":"wp","href":"https:\/\/api.w.org\/{rel}","templated":true}]}}