{"id":3390,"date":"2025-01-15T10:46:00","date_gmt":"2025-01-15T08:46:00","guid":{"rendered":"https:\/\/opus-folyoirat.sk\/?page_id=3390"},"modified":"2025-12-30T10:49:02","modified_gmt":"2025-12-30T08:49:02","slug":"lassan-kiolvad-a-naput","status":"publish","type":"page","link":"https:\/\/opus-folyoirat.sk\/?page_id=3390","title":{"rendered":"\u201e\u2026lassan kiolvad a nap\u00fat\u2026\u201d"},"content":{"rendered":"\n<p><em>B\u00e1nfai Zsolt els\u0151 k\u00f6tet\u00e9r\u0151l<\/em><\/p>\n\n\n<div class=\"has-text-align-right wp-block-post-date\"><time datetime=\"2025-01-15T10:46:00+02:00\">2025-01-15<\/time><\/div>\n\n\n<p>Els\u0151dleges \u00e9lm\u00e9ny\u00fcnkk\u00e9 a sz\u00f3k\u00e9pfest\u00e9s \u00e1t\u00e9l\u00e9se v\u00e1lik <em>B\u00e1nfai Zsolt <\/em>verseinek olvas\u00e1sa k\u00f6zben. A festm\u00e9nyvil\u00e1g fel\u0151l indulva a hiperrealizmus juthat esz\u00fcnkbe, Lakner, Csernus p\u00e9ld\u00e1ul, ugyanakkor meg\u00e9rezz\u00fck azt a t\u00f6bbletet, amit igaz\u00e1n csak szavakkal lehet\u00fcnk k\u00e9pesek megk\u00f6zel\u00edteni. Nem el\u00e9rni, mert az lehetetlen; \u00f6r\u00f6k igazs\u00e1g, hogy minden alkot\u00f3m\u0171v\u00e9szet alf\u00e1ja \u00e9s \u00f3meg\u00e1ja a szavakon el\u0151tti \u00e9s azokon t\u00fali vil\u00e1g megfejt\u00e9s\u00e9nek k\u00eds\u00e9rlete, az \u00f6sszhang l\u00e9tes\u00edt\u00e9se a bels\u0151 \u00e9s k\u00fcls\u0151 vizualit\u00e1s, a l\u00e1tv\u00e1nyon t\u00fali \u00e9rzelmi k\u00f6t\u0151d\u00e9sek f\u00f6llel\u00e9se, avagy hi\u00e1baval\u00f3s\u00e1ga; ez\u00e9rt nem k\u00f6zhely az, hogy a nagy m\u0171v\u00e9szek majd mindegyike egyszer-egyszer kimondja: nincs t\u00f6k\u00e9letes alkot\u00e1s, nincs befejezett m\u0171; nos, ezt egyszerre c\u00e1folja \u00e9s meger\u0151s\u00edti B\u00e1nfai po\u00e9zise.&nbsp; Tulajdonk\u00e9ppen egyszer\u0171 m\u00f3dszerrel teszi ezt: versei, azok sorai, egyes szavai, noha \u00f6n\u00e1ll\u00f3 eg\u00e9szk\u00e9nt \u00e9rtelmezhet\u0151ek, m\u00e9gis a k\u00f6tet \u00f6sszess\u00e9g\u00e9t n\u00e9zve egy hatalmas pann\u00f3 r\u00e9szletgazdag egys\u00e9gei, a l\u00e9lek s a szellem \u00e1ltal el\u0151h\u00edvott apokaliptikus genezis festm\u00e9nyfotogr\u00e1fi\u00e1j\u00e1nak pixelei; ama bosch-i f\u00f6llelt\u00e1roz\u00e1sa mindama ekfr\u00e1zisos immoralit\u00e1snak, amit majd a k\u00f6tet v\u00e9g\u00e9re a hiperrealizmus eszk\u00f6zt\u00e1ra \u00e9get fresk\u00f3v\u00e1 az olvas\u00f3ba. (Vagy <em>arra<\/em> \u2013 nulladik gy\u00f6ngyk\u00e9nt.) &nbsp;<\/p>\n\n\n\n<figure class=\"wp-block-image size-full\"><img loading=\"lazy\" decoding=\"async\" width=\"800\" height=\"500\" src=\"https:\/\/opus-folyoirat.sk\/wp-content\/uploads\/2025\/12\/fe_800_500_banfaiportre_1.jpeg\" alt=\"\" class=\"wp-image-3391\" srcset=\"https:\/\/opus-folyoirat.sk\/wp-content\/uploads\/2025\/12\/fe_800_500_banfaiportre_1.jpeg 800w, https:\/\/opus-folyoirat.sk\/wp-content\/uploads\/2025\/12\/fe_800_500_banfaiportre_1-300x188.jpeg 300w, https:\/\/opus-folyoirat.sk\/wp-content\/uploads\/2025\/12\/fe_800_500_banfaiportre_1-768x480.jpeg 768w, https:\/\/opus-folyoirat.sk\/wp-content\/uploads\/2025\/12\/fe_800_500_banfaiportre_1-480x300.jpeg 480w\" sizes=\"auto, (max-width: 800px) 100vw, 800px\" \/><\/figure>\n\n\n\n<p>Sz\u00f3k\u00e9pfest\u00e9s, mondom, mert b\u00e1r a verstan \u201ep\u00e9t\u00e9k\u00e1ja\u201d (po\u00e9tika t\u00f6rv\u00e9nyk\u00f6nyv\u2026) t\u00f6bb tartalmi-gondolati besorol\u00e1st is tartalmaz, k\u00edn\u00e1l ennek meg\u00e9rt\u00e9s\u00e9hez, hadd ne soroljuk itt a metafor\u00e1t\u00f3l az alleg\u00f3ri\u00e1n \u00e1t ak\u00e1r a \u2013 sz\u00e1munkra itt \u00e9s most tal\u00e1n a legpontosabb \u2013 sz\u00fcneszt\u00e9zi\u00e1ig terjed\u0151 sk\u00e1l\u00e1t; de tulajdonk\u00e9ppen, torpanok meg, mi\u00e9rt ne? Hiszen a hiperrealizmust\u00f3l indulva a lautr\u00e9amont-i sz\u00fcneszt\u00e9zia sz\u00fcrre\u00e1lis megold\u00e1s\u00e1ig jutunk a B\u00e1nfai-f\u00e9le sz\u00f3k\u00e9pfest\u00e9s f\u00f6lfejt\u00e9s\u00e9ben; olvassunk bele, hogy meg\u00e9rintsen benn\u00fcnket hat\u00e1suk; \u201e<em>A metszett \u00fcvegen angyal olvad \u00e1t<\/em>.\u201d (Kitakart pillanat), \u201e<em>Hol az \u00e1rnyak \u00f6sszel\u00e9pnek \u2026 a f\u00e9nyt majd v\u00e1llvetve emelj\u00fck tov\u00e1bb<\/em>\u201d (Et\u0171d), \u201e<em>ny\u00fcsz\u00edt a szombat<\/em>\u201d (F\u00e1tyol), \u201e<em>csiszolt k\u00f6veit gur\u00edtj\u00e1k egy-egy pillanatnak, szem\u00fckben vitorl\u00e1k<\/em>\u201d (Nyitott ablakb\u00f3l a tenger), \u201e<em>szem\u00e9be n\u00e9zek, a foly\u00f3t l\u00e1tom benne<\/em>\u201d (A k\u00f6z\u00e9ps\u0151 haj\u00f3 titka), s \u2013 mint vernissz\u00e1zson, s\u00e9ta k\u00f6zben \u2013 egy v\u00e1ratlan k\u00e9p el\u0151tt meg is torpanunk.&nbsp;<\/p>\n\n\n\n<p>\u201e<em>Parton \u00fclve apad\u00f3 szemeim szoktatom a l\u00e1tv\u00e1nyhoz<\/em>\u201d, \u00edgy a versfel\u00fct\u00e9s (Gy\u00f6ngy), hogy majd a szavak nyom\u00e1n pillantsuk meg a k\u00e9p rejtett dimenzi\u00f3t: \u201e<em>A retin\u00e1ra festett hajnal \u00e1terjed a felsz\u00edn lemezein, majd lecsorog az \u00e9rz\u00e9kel\u00e9s als\u00f3 bugyraiba<\/em>\u201d. M\u00e9g l\u00e1tjuk a k\u00e9pet, \u00e9rz\u00e9kelj\u00fck a sz\u00e1munkra legink\u00e1bb ismert lakner-i t\u00f3nus\u00e1rnyalatokat, gy\u00f6ny\u00f6rk\u00f6d\u00fcnk a festett hajnal \u00e1terjed majd lecsorog metafor\u00e1j\u00e1ban, \u00e1tsuhan benn\u00fcnk a \u201efestett\u201d sz\u00f3 balj\u00f3s jelent\u00e9se, \u00e9rezni kezdj\u00fck a minden eg\u00e9sz elt\u00f6r\u00f6tt \u00e1thall\u00e1s\u00e1t, l\u00e1m, a szimb\u00f3lum is felbukkan m\u00e1r, majd tov\u00e1bb mer\u00fcl\u00fcnk a sorokban, oda, ahol ecset hi\u00e1ba is igyekezne, nem l\u00e1tjuk, de <em>hat<\/em> k\u00e9pzelet\u00fcnkre \u201e<em>az eml\u00e9kekben lerak\u00f3dott, savany\u00fa \u00fcled\u00e9k<\/em>\u201d megjelen\u00e9se, \u201e<em>A felejt\u00e9s cs\u00f3nakjai k\u00fczdenek az \u00e1rral<\/em>\u201d, de hi\u00e1ba, mert a k\u00f6lt\u0151vel egy\u00fctt ismer\u00fcnk r\u00e1 \u201e<em>a f\u00e9rfira, aki mer\u00fcl\u00e9skor j\u00e1mbor tekintettel alvadt meg az egyszer\u0171v\u00e9 gy\u0171r\u00f6tt vizek biztons\u00e1g\u00e1ban<\/em>\u201d. Lakonikusan jelentem: megjelent a pazar eszk\u00f6zt\u00e1rban a szinekdoch\u00e9, hogy v\u00e9g\u00fcl egy nagyon halk, kicsit frivol, bizarr, morbid \u00e1thall\u00e1ssal vegy\u00edtve, de m\u00e9gis a valamif\u00e9le hit optimizmus\u00e1val z\u00e1r\u00f3djon a vers: \u201e<em>Kagyl\u00f3h\u00e9jban pihent meg \u2013 feh\u00e9r gy\u00f6nggy\u00e9 v\u00e1ltozott<\/em>.\u201d H\u00e1t persze, biccent\u00fcnk, mert a konvencion\u00e1lis jelk\u00e9pek befurakodnak gondolatainkba, mint t\u00fcske a k\u00f6r\u00f6m al\u00e1, mint egy s\u00f3hajt leplez\u0151 kr\u00e1kog\u00e1s, bizakodunk, hogy van rem\u00e9ny, de a tapasztalatok szint\u00e9zise m\u00e9gis azt sugallja: \u201e<em>(sz\u00f6gek, plak\u00e1t, folyos\u00f3, \u00e9s tov\u00e1bbra is \u00e9g a villany)<\/em>\u201d (Eszt\u00e9tika). Ez m\u00e1r egy m\u00e1sik versb\u0151l sz\u00e1rmaz\u00f3 sor, kett\u0151s \u00e9rtelemben is ideill\u0151nek \u00e9reztem, mert r\u00e9szben a B\u00e1nfai-gondolatmenet k\u00f6vetkezetess\u00e9g\u00e9re utal, r\u00e9szben pedig egy\u00e9rtelm\u0171en jelen\u00edti meg a k\u00f6lt\u0151 intertextu\u00e1lis vonzatait.<\/p>\n\n\n\n<figure class=\"wp-block-image size-full\"><img loading=\"lazy\" decoding=\"async\" width=\"1000\" height=\"457\" src=\"https:\/\/opus-folyoirat.sk\/wp-content\/uploads\/2025\/12\/terra_borito_1000xauto.jpeg\" alt=\"\" class=\"wp-image-3392\" srcset=\"https:\/\/opus-folyoirat.sk\/wp-content\/uploads\/2025\/12\/terra_borito_1000xauto.jpeg 1000w, https:\/\/opus-folyoirat.sk\/wp-content\/uploads\/2025\/12\/terra_borito_1000xauto-300x137.jpeg 300w, https:\/\/opus-folyoirat.sk\/wp-content\/uploads\/2025\/12\/terra_borito_1000xauto-768x351.jpeg 768w, https:\/\/opus-folyoirat.sk\/wp-content\/uploads\/2025\/12\/terra_borito_1000xauto-500x229.jpeg 500w\" sizes=\"auto, (max-width: 1000px) 100vw, 1000px\" \/><\/figure>\n\n\n\n<p>Ami nem is \u2013 a magyar k\u00f6lt\u00e9szetben evidenci\u00e1nak sz\u00e1m\u00edt\u00f3 \u2013 Pilinszky-parafr\u00e1zisok ok\u00e1n nyilv\u00e1nval\u00f3 (a mott\u00f3k\u00e9nt a k\u00f6tet el\u00e9 illesztett Pilinszky-id\u00e9zet ezt m\u00e9g egy\u00e9rtelm\u0171bb\u00e9 teszi), hanem az a nyelvi-gondolati t\u00e9r, amely, ahogyan Halmai Tam\u00e1s, a szerz\u0151 egyik m\u00e9ltat\u00f3ja \u00edrta, \u201e<em>a n\u00e9met nyelv\u0171, modern gondolati po\u00e9zissel; mintegy a Rilke\u2013Celan-tengelyt hosszabb\u00edtva kort\u00e1rs \u2013 ak\u00e1r poszthum\u00e1n \u2013 szellemtanokig<\/em>\u201d \u00e9rve rokon\u00edthat\u00f3. S val\u00f3ban, ami persze ak\u00e1r term\u00e9szetesnek is nevezhet\u0151: B\u00e1nfai sokszor \u00e9p\u00edtkezik n\u00e9metorsz\u00e1gi \u00e9lm\u00e9nyekb\u0151l, s a nyelvet is ford\u00edt\u00f3i szintre fejlesztve alkalmazza; alapvet\u0151en egyet\u00e9rtve Halmaival, annyival kieg\u00e9sz\u00edten\u00e9m a mondat\u00e1t, hogy ez a po\u00e9zis ink\u00e1bb huszadik sz\u00e1zadi; Rilke \u2013 hiszen kortalan &#8211; ugyan eltagadhatatlan, s tal\u00e1n Celan sem v\u00e9letlen\u00fcl jelenik meg [b\u00e1r B\u00e1nfai spiritualit\u00e1sa \u00fagy gondolom annak kev\u00e9sb\u00e9 ekfr\u00e1zisos megk\u00f6zel\u00edt\u00e9se; \u201e<em>valaki egy legend\u00e1r\u00f3l mes\u00e9l, h\u00e1tul a pen\u00e9szes falon narancsos sugarak festik fel a Golgot\u00e1ra tart\u00f3 latrok vonul\u00e1s\u00e1t<\/em>\u201d (A k\u00f6z\u00e9ps\u0151 haj\u00f3 titka)] \u00edrja p\u00e9ld\u00e1ul itt, de Celan olvas\u00e1sa k\u00f6zben is \u201e<em>fekete v\u00e9rr\u00e9 \u00e1zott cserj\u00e9k k\u00f6z\u00f6tt porcel\u00e1nr\u00f3zsa ny\u00edlik<\/em>\u201d (Paul Celan) jegyzi meg, m\u00e1r-m\u00e1r szarkazmussal. Bennem a k\u00f6nyvet lapozgatva ink\u00e1bb Grass klasszikusa (A toj\u00e1sban) \u00e9l\u00e9nk\u00fclt meg, annak hasonl\u00f3 lemond\u00e1ssal vegy\u00fcl\u0151 m\u00e9giss\u00e9ge, hiszen \u201e<em>a Styx ki\u00e1rad\u00e1s\u00e1r\u00f3l, v\u00e9rmez\u0151k s\u00edks\u00e1g\u00e1r\u00f3l<\/em>\u201d besz\u00e9lgetve is az a k\u00e9rd\u00e9s: \u201e<em>mennyi b\u00faz\u00e1t kell m\u00e9g lev\u00e1gni, osty\u00e1t kisz\u00f3rni, mire j\u00f3llakatunk minden haldokl\u00f3t<\/em>.\u201d (A k\u00f6z\u00e9ps\u0151 haj\u00f3 titka). De mi lesz, \u201e<em>Ha ez a burok majd sohasem reped meg? \/ Ha horizontunk csak ez a horizont lesz \/ \u00e9s firk\u00e1l\u00e1saink is vel\u00fcnk maradnak?<\/em>\u201d \u2013 k\u00e9rdi, ugye, Grass, s mintha erre \u00e9rkezne B\u00e1nfai v\u00e1lasza: \u201e<em>A Terra ott p\u00f6r\u00f6g a p\u00e1ly\u00e1n, harmadik, sorban a G\u00f6mbt\u0151l. \u00c1llatok lakj\u00e1k, vagy l\u00e9nyek, kik \u00f6nmagukat \u00e9s m\u00e1sokat puszt\u00edt\u00f3 \u00f6szt\u00f6n\u00f6kkel vannak felruh\u00e1zva. \u2026 \u0151k hallj\u00e1k is, szor\u00edt\u00e1sban, ahogy a pattan\u00f3 szalag enged, hord\u00f3dong\u00e1n a vasalt pillanat: robban\u00e1s el\u0151tt.<\/em>\u201d (Terra)<\/p>\n\n\n\n<p>De B\u00e1nfai B\u00e1nfaihoz f\u0171z\u0151d\u0151 kapcsolata is intertextu\u00e1lis, ha szabad megjegyezni. Mot\u00edvumait tov\u00e1bb \u00e9rleli, m\u00e1s \u00e9s m\u00e1s kontextusba helyezi, m\u00e1sk\u00e9pp vagy tov\u00e1bb \u00e9p\u00edti versbesz\u00e9de s\u00falypontjait. Az im\u00e9nt id\u00e9zett versben (Terra) jelenik meg ez a k\u00e9p: \u201e<em>A fi\u00fak k\u00f6nnyen halnak, \u00fagy lebegnek az \u00f6rv\u00e9nyek felett, mint lenge v\u00e1sznak, sz\u00e1r\u00edt\u00f3k\u00f6t\u00e9len<\/em>.\u201d L\u00e9pj\u00fcnk vissza sok oldalnyit a k\u00f6tetben, az Eszt\u00e9tika c\u00edm\u0171 versig, s ebben \u00edgy tal\u00e1lkozunk a k\u00e9ppel: \u201e<em>az apr\u00f3 szoba egy\u00e9bk\u00e9nt rendezett \u2013 ablakb\u00f3l a hull\u00e1mz\u00f3 testek: feh\u00e9r leped\u0151k a f\u00e1n<\/em>.\u201d A k\u00e9p ism\u00e9tl\u0151d\u00e9se evidenci\u00e1lis: az apr\u00f3 szoba bolyg\u00f3nyiv\u00e1 t\u00e1gult, s nincs m\u00e1r szikr\u00e1nyi rem\u00e9ny sem felt\u00e1mad\u00e1sra. Csup\u00e1n a v\u00e1rakoz\u00e1s maradt \u2013 az angyalra. R\u00f3la olvasunk az imm\u00e1r sokadszor id\u00e9zett versben (A k\u00f6z\u00e9ps\u0151 haj\u00f3 titka): \u201e<em>arra v\u00e1runk, mell\u00e9nk szeg\u0151dik-e \u00fcvegsz\u00e1rnyon \u00e9rkezve egy szent, vagy op\u00e1lszem\u0171 angyal<\/em>\u201d; majd kil\u00e9pve a templom k\u00f6z\u00e9ps\u0151 haj\u00f3j\u00e1nak titkai k\u00f6z\u00fcl (ahol a hi\u00e1ny jelenl\u00e9te a legf\u00e1j\u00f3bb titok) bet\u00e9r\u00fcnk a val\u00f3s id\u0151 bugj\u00e1ba \u201e<em>Menek\u00fclni a k\u00e1rhozatt\u00f3l. \u2026 A metszett \u00fcvegen angyal olvad \u00e1t.<\/em>\u201d (Kitakart pillanat). De hi\u00e1baval\u00f3nak t\u0171nik minden v\u00e1rakoz\u00e1s, elj\u00f6tt az extreme unction (itt k\u00e1r a k\u00f6tetb\u00e9li sajt\u00f3hib\u00e1k\u00e9rt) ideje \u2013 \u201e<em>Vill\u00e1m szakad \u00e9ppen, erek k\u00f6t\u00e9lcsom\u00f3k\u00e9nt, \u00e9ji k\u00e9kben<\/em>.\u201d (K\u00e9rd\u00e9s).&nbsp; M\u00e9gis \u2013 v\u00e1rakozni. Ha hi\u00e1baval\u00f3nak t\u0171nik is. Ha rem\u00e9nyt sem sz\u00fcl e v\u00e1rakoz\u00e1s, csup\u00e1n valami m\u00e1sba kapaszkodhat a k\u00e9pzelet. Sut\u00e1n m\u00e9g, hisz \u201e<em>A v\u00e1rakoz\u00e1st is tanulni kell. \u2026 Meg\u00e9rten\u00e9m, hogy att\u00f3l m\u00e9g lehetsz, hogy nem <\/em>l\u00e9tezel<em>, \u00e9s nem lehetsz benne minden \u00e1tszabott t\u00e9rben. Nem a vil\u00e1g sz\u0171k\u00fclt tudatomig, k\u00e9pzeletem kezd megtapadni egy \u00faj frekvenci\u00e1n.<\/em>\u201d (V\u00e1rakoz\u00e1s)<\/p>\n\n\n\n<p>A magyar k\u00f6lt\u00e9szet t\u00f6rt\u00e9nete tele van zegzugos utakkal. Vannak, akik t\u00fal fiatalon, m\u00e1sok t\u00fal k\u00e9s\u0151n jutottak \u00f6n\u00e1ll\u00f3 k\u00f6tet lehet\u0151s\u00e9g\u00e9hez; B\u00e1nfai Zsolt az ut\u00f3bbiakhoz tartozik, k\u00f6z\u00fcl\u00fck is a ritk\u00e1bban el\u0151fordul\u00f3 t\u00f6rt\u00e9netek k\u00f6z\u00f6tt van az \u00f6v\u00e9 \u2013 hiszen egy \u00f6tvennyolc \u00e9ves k\u00f6lt\u0151 k\u00f6tet\u00e9t vehetj\u00fck kez\u00fcnkbe. Mely k\u00f6tet ugyanakkor mintha c\u00e1foln\u00e1 ezt, hiszen tartalm\u00e1ban alf\u00e1t\u00f3l \u00f3meg\u00e1ig, c\u00edmeiben \u00e1t\u00f3l z\u00e9ig, alfabetikus sorrendben sorj\u00e1znak a versek, egyenes utat sugallva, ami egy k\u00fcl\u00f6n\u00f6snek l\u00e1tsz\u00f3 szerkeszt\u00e9si elv, \u00e1m a k\u00f6tet l\u00fcktet\u00e9s\u00e9t, pulz\u00e1l\u00e1s\u00e1t, szimfonikus dinamik\u00e1j\u00e1t vizsg\u00e1lva a versrend mindenk\u00e9pp igazolja \u00f6nmag\u00e1t. A p\u00e1lyakezd\u00e9s k\u00e9sleltet\u00e9se nagyr\u00e9szt rajta m\u00falt, hiszen f\u00e9l \u00e9vtizede jelentkezett els\u0151 \u00edzben a foly\u00f3iratokn\u00e1l, az\u00f3ta t\u00f6bb f\u00f3rum is elismerte tehets\u00e9g\u00e9t, a Dr. Kot\u00e1sz K\u00f6nyvkiad\u00f3 irodalmi p\u00e1ly\u00e1zat\u00e1n els\u0151 d\u00edjat nyert, majd Pr\u00e1gai Tam\u00e1s d\u00edjat vehetett \u00e1t a Nap\u00fat foly\u00f3irat kurat\u00f3rium\u00e1t\u00f3l. A d\u00edj a szerz\u0151 k\u00f6tet\u00e9nek kiad\u00e1s\u00e1val j\u00e1r, jutalomk\u00e9nt \u2013 de mondjuk ki: a jutalmat most mi, olvas\u00f3k kaptuk. &nbsp;<\/p>\n\n\n\n<p><em>B\u00e1nfai Zsolt: Terra. Versek. C\u00e9drus M\u0171v\u00e9szeti Alap\u00edtv\u00e1ny, Budapest, 2023. &nbsp;<\/em><\/p>\n\n\n\n<p class=\"has-text-align-right\"><em>Tam\u00e1si Orosz J\u00e1nos<\/em><\/p>\n","protected":false},"excerpt":{"rendered":"<p>B\u00e1nfai Zsolt els\u0151 k\u00f6tet\u00e9r\u0151l Els\u0151dleges \u00e9lm\u00e9ny\u00fcnkk\u00e9 a sz\u00f3k\u00e9pfest\u00e9s \u00e1t\u00e9l\u00e9se v\u00e1lik B\u00e1nfai Zsolt verseinek olvas\u00e1sa k\u00f6zben. A festm\u00e9nyvil\u00e1g fel\u0151l indulva a hiperrealizmus juthat esz\u00fcnkbe, Lakner, Csernus p\u00e9ld\u00e1ul, ugyanakkor meg\u00e9rezz\u00fck azt a t\u00f6bbletet, amit igaz\u00e1n csak szavakkal lehet\u00fcnk k\u00e9pesek megk\u00f6zel\u00edteni. Nem el\u00e9rni, &hellip; <a href=\"https:\/\/opus-folyoirat.sk\/?page_id=3390\">Egy kattint\u00e1s ide a folytat\u00e1shoz&#8230;. <span class=\"meta-nav\">&rarr;<\/span><\/a><\/p>\n","protected":false},"author":4,"featured_media":0,"parent":0,"menu_order":0,"comment_status":"closed","ping_status":"closed","template":"","meta":{"footnotes":""},"class_list":["post-3390","page","type-page","status-publish","hentry"],"_links":{"self":[{"href":"https:\/\/opus-folyoirat.sk\/index.php?rest_route=\/wp\/v2\/pages\/3390","targetHints":{"allow":["GET"]}}],"collection":[{"href":"https:\/\/opus-folyoirat.sk\/index.php?rest_route=\/wp\/v2\/pages"}],"about":[{"href":"https:\/\/opus-folyoirat.sk\/index.php?rest_route=\/wp\/v2\/types\/page"}],"author":[{"embeddable":true,"href":"https:\/\/opus-folyoirat.sk\/index.php?rest_route=\/wp\/v2\/users\/4"}],"replies":[{"embeddable":true,"href":"https:\/\/opus-folyoirat.sk\/index.php?rest_route=%2Fwp%2Fv2%2Fcomments&post=3390"}],"version-history":[{"count":1,"href":"https:\/\/opus-folyoirat.sk\/index.php?rest_route=\/wp\/v2\/pages\/3390\/revisions"}],"predecessor-version":[{"id":3393,"href":"https:\/\/opus-folyoirat.sk\/index.php?rest_route=\/wp\/v2\/pages\/3390\/revisions\/3393"}],"wp:attachment":[{"href":"https:\/\/opus-folyoirat.sk\/index.php?rest_route=%2Fwp%2Fv2%2Fmedia&parent=3390"}],"curies":[{"name":"wp","href":"https:\/\/api.w.org\/{rel}","templated":true}]}}