{"id":3460,"date":"2025-05-15T10:58:00","date_gmt":"2025-05-15T08:58:00","guid":{"rendered":"https:\/\/opus-folyoirat.sk\/?page_id=3460"},"modified":"2025-12-30T13:00:09","modified_gmt":"2025-12-30T11:00:09","slug":"ago-rak-a-vetesben","status":"publish","type":"page","link":"https:\/\/opus-folyoirat.sk\/?page_id=3460","title":{"rendered":"Ago-r\u00e1k a vet\u00e9sben"},"content":{"rendered":"<div class=\"has-text-align-right wp-block-post-date\"><time datetime=\"2025-05-15T10:58:00+02:00\">2025-05-15<\/time><\/div>\n\n\n<p>Tart\u00f3s szellemi \u00e9lvezettel jutalmazza olvas\u00f3it <em>Filep Tam\u00e1s Guszt\u00e1v<\/em>, nem csup\u00e1n most t\u00e1rgyaland\u00f3 munk\u00e1j\u00e1ban (<em>Agor\u00e1k kora<\/em>), hanem azzal a t\u00f6bb \u00e9vtizede tart\u00f3 al\u00e1zattal, amellyel m\u0171vel\u0151d\u00e9st\u00f6rt\u00e9net\u00fcnk, szellemi kincsest\u00e1runk elfeledett \u00e9letm\u0171veit rost\u00e1lja \u00fajra, szerkeszti meg azok kritikai kiad\u00e1sait. Hatalmas filol\u00f3giai pontoss\u00e1got, k\u00f6nyvt\u00e1rak m\u00e9ly\u00e9ben val\u00f3 j\u00e1rtass\u00e1got, az id\u0151k p\u00e1rhuzamaiban rejl\u0151 \u00e1thall\u00e1s tudom\u00e1ny\u00e1t rejti s k\u00edv\u00e1nja meg ez a sokak \u00e1ltal alig m\u00e9lt\u00e1nyolt munka; mert, bizony, a t\u00f6rt\u00e9net ott kezd\u0151dik, hogy sokan, am\u00fagy a m\u0171veltebbje is, klasszikust m\u00e1r alig olvas, el\u00e9g, amit tanultam r\u00f3la, d\u00fcnny\u00f6g, s ott folytat\u00f3dik, hogy egy-egy klasszikus \u00fajra-kiad\u00e1s\u00e1ban alig-alig \u00e9rti meg a dolgok l\u00e9nyeg\u00e9t. Val\u00f3ban csak jelz\u00e9sszer\u0171en mondom itt, ami, persze, a szakm\u00e1n bel\u00fcl m\u00e9g t\u00f6bb\u00e9-kev\u00e9sb\u00e9 evidens: neve h\u00edr\u00e9re k\u00e9nyes irodalomt\u00f6rt\u00e9n\u00e9sz egy k\u00f6zismert \u00edr\u00f3 novell\u00e1inak \u00fajabb v\u00e1logat\u00e1sakor sorra \u00fajraolvassa a kor\u00e1bban megjelent k\u00f6zl\u00e9seket, \u00f6sszeveti az esetleges sz\u00f6vegelt\u00e9r\u00e9seket, megkutatja, hogy annak oka egy hanyag nyomd\u00e1szban, vagy egy alapos szem\u0171 lektorban keresend\u0151-e, s \u00e1m ez a m\u00e9lys\u00e9gi vizsg\u00e1lat ak\u00e1r egyetlen sz\u00f3 vari\u00e1nsaira is felfigyel; s akkor m\u00e9g maga a munka tulajdonk\u00e9ppen el sem kezd\u0151d\u00f6tt.<\/p>\n\n\n<div class=\"wp-block-image\">\n<figure class=\"alignleft size-full is-resized\"><img loading=\"lazy\" decoding=\"async\" width=\"243\" height=\"371\" src=\"https:\/\/opus-folyoirat.sk\/wp-content\/uploads\/2025\/12\/2014792_4.jpeg\" alt=\"\" class=\"wp-image-3461\" style=\"width:245px;height:auto\" srcset=\"https:\/\/opus-folyoirat.sk\/wp-content\/uploads\/2025\/12\/2014792_4.jpeg 243w, https:\/\/opus-folyoirat.sk\/wp-content\/uploads\/2025\/12\/2014792_4-196x300.jpeg 196w\" sizes=\"auto, (max-width: 243px) 100vw, 243px\" \/><\/figure><\/div>\n\n\n<p>Hiszen a szerkeszt\u00e9s k\u00f6vetheti az els\u0151 megjelen\u00e9sek id\u0151sorrendj\u00e9t, no de d\u00f6nthet a tematikus \u00edvel\u00e9s mellett; ut\u00f3bbi esetben pedig k\u00e9t olyan novella egym\u00e1s mell\u00e9 illeszt\u00e9s\u00e9b\u0151l, amelyek els\u0151dleges megjelen\u00e9se k\u00f6z\u00f6tt sok \u00e9v telt el, el\u00e9nk t\u00e1rulhat az adott szerz\u0151 addig rejtett arc\u00e9le; hogy milyen k\u00f6vetkezetesen t\u00e9rt vissza \u0151 olykor elengedettnek gondolt t\u00e9m\u00e1ihoz, hogyan \u00edrja tov\u00e1bb egy mell\u00e9kalak sors\u00e1n kereszt\u00fcl a kor\u00e1bbi t\u00f6rt\u00e9netet; s mi\u00e9rt? No, m\u00e9g most is csak bontakozik az irodalomt\u00f6rt\u00e9n\u00e9sz dolga, aki, ugye, \u00faj el\u0151sz\u00f3t \u00edr a r\u00e9gi \u2013 s mindaddig ismertnek hitt \u2013 novell\u00e1k gy\u0171jtem\u00e9ny\u00e9hez (de lehet az egy klasszikus reg\u00e9ny \u00fajabb kiad\u00e1sa is), s ebben az el\u0151sz\u00f3ban, ebben a bevezet\u00e9sben az \u00e9letm\u0171 kapcs\u00e1n, a korabeli recepci\u00f3 \u00e1ttekint\u00e9s\u00e9nek seg\u00edts\u00e9g\u00e9vel, olyan relev\u00e1ns k\u00f6zl\u00e9seket t\u00e1r el\u00e9nk, amelyekre addig nem is gondoltunk, noha a szerz\u0151 munk\u00e1ss\u00e1g\u00e1nak relev\u00e1ns \u00e9rt\u00e9keire mi magunk is rendszeresen s szeretettel, mindenekel\u0151tt szeretettel hivatkoztunk addigi kritikai munk\u00e1ss\u00e1gunkban, avagy k\u00e1v\u00e9h\u00e1zi t\u00e1rsalkod\u00e1sok mell\u00e9kmondataiban.<\/p>\n\n\n\n<p>\u00c9s akkor j\u00f6n Filep Tam\u00e1s Guszt\u00e1v, s a maga cs\u00f6ndes m\u00f3dj\u00e1n megtorpan\u00e1sra k\u00e9sztet benn\u00fcnket.<\/p>\n\n\n\n<p>Am\u00fagy vagy h\u00e1rom \u00e9s f\u00e9l \u00e9vtizede csod\u00e1lom a pasast. Amellett, hogy \u2013 legyen ez itt ny\u00edlt szini f\u0151hajt\u00e1s \u2013 b\u00e1rmikor b\u00e1rmit kap\u00e1sb\u00f3l elhittem neki, pedig valamely dial\u00f3gusunkban, els\u0151 t\u00e9telei nyomat\u00e9kos megfogalmaz\u00e1saikor azt gondolom, \u00fagy tizenhat-tizenh\u00e9t \u00e9ves lehetett; de m\u00e1r akkor felmondta az addig megismerhetett erd\u00e9lyi magyar irodalom legfontosabb fejezeteit, bele\u00e9rtve a l\u00e1bjegyzeteket. Ezek ut\u00e1n tank\u00f6nyvk\u00e9nt forgathat\u00f3 irodalomt\u00f6rt\u00e9neteket \u00e9s monogr\u00e1fi\u00e1kat \u00edrt a felvid\u00e9ki magyar irodalomr\u00f3l. Hogy az eg\u00e9sz majd egy olyan \u00e1tfog\u00f3 m\u0171vel\u0151d\u00e9st\u00f6rt\u00e9neti, szellemt\u00f6rt\u00e9neti v\u00e1llalkoz\u00e1s k\u00e9p\u00e9t \u00f6ltse, amelyhez foghat\u00f3 mint\u00e1kat a klasszikus id\u0151kben tal\u00e1lunk, Szerb, Cs. Szab\u00f3 \u00e9s Szab\u00f3 Zolt\u00e1n, esetleg. Nem csak hallom, l\u00e1tom is ebben a pillanatban magam el\u0151tt az \u0151 heves tiltakoz\u00e1s\u00e1t, s h\u00e1t persze, volt itt bennem n\u00e9mi elfogults\u00e1g-l\u00e1tszat, az\u00e9rt a magyar t\u00f6rt\u00e9nettudom\u00e1ny el\u00e9g er\u0151s mind a tudom\u00e1nyoss\u00e1gban, mind annak megfelel\u0151 szint\u0171 \u00e1tad\u00e1s\u00e1ban, tov\u00e1bb\u00edt\u00e1s\u00e1ban; ugyanakkor valami m\u00e9gsem t\u00f6k\u00e9letes abban. Ezt \u00e9pp Filep er\u0151s\u00edti meg, b\u00e1r nem erre gondolva, \u00e1m az\u00e9rt, ha belek\u00f6t\u00fcnk \u2013 akad itt n\u00e9mi magyar\u00e1zat. Mert \u0151, e k\u00f6tet anyag\u00e1ra utalva, arr\u00f3l \u00edr: tapasztalatai szerint sem a mai magyar \u201ejobboldal\u201d, sem a \u201ebaloldal\u201d nem ismeri saj\u00e1t el\u0151zm\u00e9nyeit. Ez nagyon sok, am\u00fagy alapvet\u00e9snek gondolt t\u00f6rt\u00e9netben is \u00edgy van, bizony, a mai politikai paletta szerepl\u0151in\u00e9l l\u00e1tom: olyan evidenci\u00e1kra csod\u00e1lkoznak r\u00e1, egy-egy \u00fajabb kiad\u00e1s kapcs\u00e1n, amelyekr\u0151l legal\u00e1bb nekik m\u00e1r j\u00f3val kor\u00e1bban illett volna sz\u00f3lniuk, kellett volna azokra a szellemi el\u0151d\u00f6kre hivatkozniuk, konzekvensen \u00e9s r\u00e9szletess\u00e9g\u00e9ben, annak plasztikuss\u00e1g\u00e1ban \u2013 amikor fell\u00e9ptek ama r\u00e9gi t\u00f6rt\u00e9nelmi \u00fat k\u00e9pviselet\u00e9ben. S gondolok itt b\u00e1rmelyik demokr\u00e1ci\u00e1ra, a paletta sz\u00e9les, a l\u00e1t\u00f3sz\u00f6g, ugye, nem annyira.<\/p>\n\n\n\n<p>Mondom, panelek vannak ugyan, Kazinczy-toposzok, Kossuth-ornamentik\u00e1k, Babits-pillant\u00e1sok, \u00e1m az eg\u00e9sz, annak az eg\u00e9sznek az eg\u00e9sze, amire a magyar m\u0171vel\u0151d\u00e9st\u00f6rt\u00e9net, a magyar nemzeti gondolkod\u00e1s saj\u00e1tos, egyedi identit\u00e1sa kapcs\u00e1n gondolunk, valami\u00e9rt rosszul, hi\u00e1nyosan, a megfelel\u0151 konzekvenci\u00e1k elmarad\u00e1s\u00e1val \u00f6r\u00f6kl\u0151dik \u00e1t a soron k\u00f6vetkez\u0151 nemzed\u00e9kekre; s ebben \u00e9n az \u00e1tad\u00e1s hi\u00e1nyoss\u00e1gait is okk\u00e9nt v\u00e9lem felfedezni. Sok nagy \u00e9s nyilv\u00e1nval\u00f3an \u00e9rt\u00e9kes \u00e9letm\u0171 cit\u00e1l\u00e1sa v\u00e9sz el a sokszor sz\u00fcks\u00e9gtelen r\u00e9szletekben; ugyanakkor nagyon sok r\u00e9szlet v\u00e9sz el sz\u00e1munkra, az ut\u00f3kor sz\u00e1m\u00e1ra, d\u00f6nt\u0151 \u00e9s meghat\u00e1roz\u00f3 korokb\u00f3l; sok olyan r\u00e1utal\u00e1s a nagy m\u0171vekre, amelyek r\u00e9v\u00e9n pedig ak\u00e1r kultur\u00e1lis, ak\u00e1r politikai \u00e1ramlatok okszer\u0171s\u00e9ge v\u00e1lik \u00e9rtelmezhet\u0151bb\u00e9, v\u00e1lik evidensebb\u00e9. Amire gondolok, arra p\u00e9lda ak\u00e1r a Filep-k\u00f6tet els\u0151 essz\u00e9je, <em>Petrogalli Oszk\u00e1r<\/em>r\u00f3l sz\u00f3l, aki az eggyel kor\u00e1bbi sz\u00e1zadfordul\u00f3 k\u00f6z\u00e9leti embere volt, munk\u00e1ss\u00e1ga 1925-ig tart, r\u00e9szese s tan\u00faja teh\u00e1t azoknak a sorsd\u00f6nt\u0151 \u00e9vtizedeknek, amelyek az els\u0151 vil\u00e1gh\u00e1bor\u00fat s a trianoni d\u00f6nt\u00e9st el\u0151zt\u00e9k; de cselekv\u0151, integr\u00e1l\u00f3 szem\u00e9lyis\u00e9ge a kisebbs\u00e9gben marad\u00f3 felf\u00f6ldi magyar politikusok t\u00e1bor\u00e1nak. Nem az essz\u00e9t ismertetem, azt olvass\u00e1k el, ahogyan a t\u00f6bbi, letehetetlen\u00fcl izgalmas portr\u00e9t \u00e9s cselekv\u00e9s- vagy cselekv\u00e9s-elmarad\u00e1s t\u00f6rt\u00e9netet, amely a k\u00f6tet feszess\u00e9g\u00e9t adja, \u00e1m m\u00e1r az els\u0151 \u00edr\u00e1s alkalmas a Filep-technika megrajzol\u00e1s\u00e1ra. K\u00e9t fontos erre utal\u00f3 adal\u00e9kban. Az els\u0151: az a megjegyz\u00e9s, hogy \u201e<em>a k\u00e9t vil\u00e1gh\u00e1bor\u00fa k\u00f6z\u00f6tti csehszlov\u00e1kiai magyar kisebbs\u00e9gt\u00f6rt\u00e9net kutat\u00e1s\u00e1ban a politikat\u00f6rt\u00e9netet gyakran a harmincas \u00e9vekt\u0151l eredeztetj\u00fck \u2013 teh\u00e1t az okozatb\u00f3l magyar\u00e1zzuk az okokat<\/em>\u201d. Ennek mind igazs\u00e1gtartalma, hogy ugyanis a gyerek m\u00e1r megsz\u00e1r\u00edtkozott, m\u00e1r r\u00e9g a vacsor\u00e1j\u00e1t fogadja \u00e9desanyj\u00e1t\u00f3l, de mi, gondos ap\u00e1k m\u00e9g mindig a f\u00fcrd\u0151v\u00edz megfelel\u0151 h\u0151m\u00e9rs\u00e9klet\u00e9t ellen\u0151rizz\u00fck, az igazs\u00e1g ilyet\u00e9n tartalma teh\u00e1t stimmel. Mik\u00e9pp az is: mind a mai napig ugyanez hib\u00e1dzik p\u00e9ld\u00e1ul abban, hogy a napi aktu\u00e1lpolitikai folyamatok ered\u0151j\u00e9t meg\u00e9rtess\u00fck \u2013 mert h\u00e1t, ugye, abban a speci\u00e1lis helyzetben vagyunk, amikor az eggyel kor\u00e1bbra t\u00f6rt\u00e9n\u0151 visszamutogat\u00e1s kor\u00e1ntsem elegend\u0151, az assz\u00f3 egyik szerepl\u0151j\u00e9t\u0151l sem.<\/p>\n\n\n\n<p>No de l\u00e1ssuk a m\u00e1sik \u00edg\u00e9rt Filep-direkt\u00edv\u00e1t, avagy munkam\u00f3dszer-alapvet\u00e9st. A Petrogalli-portr\u00e9 megfelel\u0151 szakasz\u00e1ban, a Tisztelt H\u00e1zban elt\u00f6lt\u00f6tt \u00e9veinek ismertet\u00e9sekor, megtudjuk a szerz\u0151t\u0151l, hogy&nbsp; \u201e<em>a napl\u00f3b\u00edr\u00e1l\u00f3 bizotts\u00e1g tagja volt.<\/em>\u201d \u00c1m nincs mondatv\u00e9gi pont, mint n\u00e1lam, Filep vessz\u0151, s hozz\u00e1f\u0171zi: \u201e<em>Both\u00e1r szerint az igazs\u00e1g\u00fcgyi bizotts\u00e1g tagja, majd el\u0151ad\u00f3ja lett<\/em>\u201d, tov\u00e1bb nem id\u00e9zem, itt a szem\u00e9lyis\u00e9g eleven\u00edt\u00e9se er\u0151s\u00f6dik tov\u00e1bb, \u00e1m az im\u00e9nti f\u00e9lmondat utols\u00f3 szav\u00e1hoz egy l\u00e1bjegyzet ker\u00fcl: \u201e<em>Forg\u00e1ch azt \u00e1ll\u00edtja, hogy ott volt minden fontosabb bizotts\u00e1gban<\/em>\u201d. Tal\u00e1n \u00e9rtik, s nem untak r\u00e1, \u00edgy az alapsz\u00f6veg folyamata n\u00e9lk\u00fcl, erre a kis illusztr\u00e1ci\u00f3ra. Hogy milyen s mennyire alapos, prec\u00edz, nagyon pontos kirak\u00f3j\u00e1t\u00e9kos Filep Tam\u00e1s Guszt\u00e1v; amit le\u00edr, annak minden l\u00e9tez\u0151 s \u00e1ltalunk ak\u00e1r l\u00e9tez\u0151nek, m\u00e9g megl\u00e9v\u0151nek sem gondolt forr\u00e1s\u00e1t felkutatja, kisz\u00e1lazza a t\u00f6rt\u00e9n\u00e9seket, s minden szerepl\u0151t elhelyez az egyetemes t\u00f6rt\u00e9netben, annak \u00e9rdek\u00e9\u00e9rt, hogy a felmutatott modell, az ered\u0151 tiszt\u00e1n, vil\u00e1gosan, a legapr\u00f3bb r\u00e9szlet\u00e9ben is \u00e9rthet\u0151en \u00e1lljon el\u0151tt\u00fcnk. Nincs elnagyol\u00e1s, nincs k\u00edm\u00e9letesen kezelt r\u00e9szletk\u00e9rd\u00e9s, s legink\u00e1bb nincs \u2013 gyakorlati megold\u00e1s. Elm\u00e9leti persze van, t\u00f6bb, mint kellene, p\u00e9ld\u00e1kkal s p\u00e9ld\u00e1zatokkal tele van kin\u00e9l a padl\u00e1s, kin\u00e9l a l\u00e1dafia, \u00e1m a legfontosabb felismer\u00e9s itt is, ott is hib\u00e1dzik: hogy ugyanis \u201e<em>a r\u00e9gi sebek meg\u00fajul\u00e1s\u00e1r\u00f3l sz\u00f3l\u00f3 l\u00edrai futam nem egy\u00e9b mer\u0151 babon\u00e1n\u00e1l<\/em>\u201d (Filep T. G.) Mert a seb \u2013 eleven. Ha r\u00e9git t\u00e9p\u00fcnk is fel, azt mindig a gy\u00f3gy\u00edthatatlans\u00e1g friss f\u00e1jdalm\u00e1val tessz\u00fck; s j\u00f3, ha csak tett\u00fck. Az id\u00e9zet s a rezon\u00e1l\u00e1s m\u00e1r az essz\u00e9k h\u00e1romsz\u00e1z oldal\u00e1t lez\u00e1r\u00f3 szerz\u0151i ut\u00f3sz\u00f3ra utal; arra a sz\u00e1mvet\u00e9sre, amely Filepben nagyon keser\u0171en, vagy h\u00e1t tal\u00e1n csak nagyon t\u00e9nyszer\u0171en fogalmaz\u00f3dik meg a nemzeti \u00f6sszetartoz\u00e1s fogalm\u00e1r\u00f3l \u2013 miut\u00e1n korban s id\u0151ben, az essz\u00e9f\u00fcz\u00e9r sz\u00e9pen szerkesztett, tematikus \u00edveiben bej\u00e1rjuk e fogalom ezot\u00e9ri\u00e1j\u00e1t, szakralit\u00e1s\u00e1t, realit\u00e1s\u00e1t, apriorisztikusan rusztikus sz\u00f3lamt\u00f6rekv\u00e9seit; s eljutunk az igazs\u00e1g<em>ok<\/em> pillanat\u00e1<em>ig<\/em>. (R\u00e9szemr\u0151l itt nincs nyelvtanhiba, jelezn\u00e9m csak). Rem\u00e9lem, siker\u00fclt v\u00e1rakoz\u00e1st keltenem \u00f6n\u00f6kben a k\u00f6tet fel\u00e9, s n\u00e9zz\u00e9k el, hogy az egyes fejezetek r\u00e9szleteir\u0151l alig sz\u00f3ltam. De h\u00e1t az egys\u00e9gk\u00e9p s az egys\u00e9g k\u00e9pe vagy k\u00e9ptelens\u00e9ge a l\u00e9nyeges; ha csup\u00e1n h\u00e1rom alkalmat emelek ki a r\u00e9szletez\u00e9s aprop\u00f3j\u00e1n, akkor nagyon hosszan besz\u00e9ltem volna a \u201e<em>n\u00e9pnemzetiek \u00e9s n\u00e9pi-nemzetiek<\/em>\u201d fogalmi \u00fctk\u00f6ztet\u00e9s\u00e9r\u0151l, vagy a \u201e<em>bozgorok a hat\u00e1ron<\/em>\u201d nyom\u00e1n a hontalans\u00e1g-k\u00e9p kiteljesed\u00e9s\u00e9r\u0151l, net\u00e1n (no, melyik legyen a harmadik?) a \u201e<em>mer\u00e9nyletetika<\/em>\u201d p\u00e1rhuzamainak ok\u00e1n azok v\u00e9gtelen sz\u00e1m\u00fa lehet\u0151s\u00e9geibe bonyol\u00f3dom. Z\u00e1rsz\u00f3k\u00e9nt fogadj\u00e1k el t\u0151lem az invit\u00e1l\u00e1st, vegy\u00e9k, mindenekel\u0151tt szeretettel, kez\u00fckbe azt a tud\u00e1st\u00e1rat, amely borzaszt\u00f3 k\u00f6zel hozhat benn\u00fcnket \u00f6nmagunkhoz; s szurkolok, hogy ez az \u00f6n\u00fcnk-magunk szeretete meg is maradjon.&nbsp;<\/p>\n\n\n\n<p>Van m\u00e9g valami. \u00cdgy, a z\u00e1rsz\u00f3 ut\u00e1n f\u0171z\u00f6k ide egy id\u00e9zetet Filep Tam\u00e1s Guszt\u00e1vt\u00f3l, kicsit visszakerek\u00edtem ezzel mondand\u00f3mat annak kezdeteihez, ugyanakkor ism\u00e9t s megint m\u00e1sra gondolva, kiss\u00e9 elvonatkoztatva, arra szeretn\u00e9k k\u00e9rni minden gondolkod\u00f3t (s h\u00e1t n\u00e9ha rem\u00e9lem, hogy ebben mindenki \u00e9rintett), t\u0171zz\u00e9k falukra ezt a n\u00e9gy mondatot, s mindig ennek jegy\u00e9ben \u00e9ljenek: \u201e<em>A szerkeszt\u0151 szerz\u0151kkel, eszm\u00e9kkel, mondatokkal, bet\u0171kkel \u00e9s egyebekkel dolgozik. N\u00e9ha mindegyik elviselhetetlen \u2013 de a bet\u0171k mindig. Szerkesztettem olyan k\u00f6nyvet is, amelyben m\u00e1sf\u00e9l milli\u00f3 volt bel\u0151l\u00fck. S t\u00f6bbnyire van egy olyan pillanat, a k\u00f6nyv lead\u00e1sa el\u0151tt, \u00e9jszaka, amikor mindegyik bet\u0171 kiegyenesedik, t\u0171alakot \u00f6lt \u00e9s hegyes v\u00e9g\u00e9vel fordul a szerkeszt\u0151 teste fel\u00e9, hogy led\u00f6fj\u00e9k, ha k\u00f6z\u00fcl\u00fck csak egyet is rossz helyre biggyesztett vagy rossz helyen hagyott<\/em>\u201d.<\/p>\n\n\n\n<p>Bizony mondom n\u00e9ktek: t\u0171n\u0151dj\u00f6n el mindaz, ki a tudott s nem tudott dolgok, az ismert \u00e9s ismeretlen vil\u00e1gok <em>szerkeszt\u00e9s\u00e9re<\/em> v\u00e1llalkozik. (<em>Filep Tam\u00e1s Guszt\u00e1v: Agor\u00e1k kora. M\u00e9ry Ratio Kiad\u00f3, 2014<\/em>).<\/p>\n\n\n\n<p><\/p>\n\n\n\n<p class=\"has-text-align-right\"><em>Tam\u00e1si Orosz J\u00e1nos<\/em><\/p>\n\n\n\n<p>&nbsp;Megjelent 2014-ben, a HYPERLINK &#8222;http:\/\/www.mkdsz.hu&#8221;www.mkdsz.hu (magyar-hon-lap) oldalon. Eredeti hivatkoz\u00e1si link az oldal arch\u00edvum\u00e1nak el\u00e9rhetetlens\u00e9ge miatt nem \u00e1ll rendelkez\u00e9sre.<\/p>\n","protected":false},"excerpt":{"rendered":"<p>Tart\u00f3s szellemi \u00e9lvezettel jutalmazza olvas\u00f3it Filep Tam\u00e1s Guszt\u00e1v, nem csup\u00e1n most t\u00e1rgyaland\u00f3 munk\u00e1j\u00e1ban (Agor\u00e1k kora), hanem azzal a t\u00f6bb \u00e9vtizede tart\u00f3 al\u00e1zattal, amellyel m\u0171vel\u0151d\u00e9st\u00f6rt\u00e9net\u00fcnk, szellemi kincsest\u00e1runk elfeledett \u00e9letm\u0171veit rost\u00e1lja \u00fajra, szerkeszti meg azok kritikai kiad\u00e1sait. Hatalmas filol\u00f3giai pontoss\u00e1got, k\u00f6nyvt\u00e1rak m\u00e9ly\u00e9ben &hellip; <a href=\"https:\/\/opus-folyoirat.sk\/?page_id=3460\">Egy kattint\u00e1s ide a folytat\u00e1shoz&#8230;. <span class=\"meta-nav\">&rarr;<\/span><\/a><\/p>\n","protected":false},"author":4,"featured_media":0,"parent":0,"menu_order":0,"comment_status":"closed","ping_status":"closed","template":"","meta":{"footnotes":""},"class_list":["post-3460","page","type-page","status-publish","hentry"],"_links":{"self":[{"href":"https:\/\/opus-folyoirat.sk\/index.php?rest_route=\/wp\/v2\/pages\/3460","targetHints":{"allow":["GET"]}}],"collection":[{"href":"https:\/\/opus-folyoirat.sk\/index.php?rest_route=\/wp\/v2\/pages"}],"about":[{"href":"https:\/\/opus-folyoirat.sk\/index.php?rest_route=\/wp\/v2\/types\/page"}],"author":[{"embeddable":true,"href":"https:\/\/opus-folyoirat.sk\/index.php?rest_route=\/wp\/v2\/users\/4"}],"replies":[{"embeddable":true,"href":"https:\/\/opus-folyoirat.sk\/index.php?rest_route=%2Fwp%2Fv2%2Fcomments&post=3460"}],"version-history":[{"count":1,"href":"https:\/\/opus-folyoirat.sk\/index.php?rest_route=\/wp\/v2\/pages\/3460\/revisions"}],"predecessor-version":[{"id":3462,"href":"https:\/\/opus-folyoirat.sk\/index.php?rest_route=\/wp\/v2\/pages\/3460\/revisions\/3462"}],"wp:attachment":[{"href":"https:\/\/opus-folyoirat.sk\/index.php?rest_route=%2Fwp%2Fv2%2Fmedia&parent=3460"}],"curies":[{"name":"wp","href":"https:\/\/api.w.org\/{rel}","templated":true}]}}