{"id":3475,"date":"2025-04-22T13:02:00","date_gmt":"2025-04-22T11:02:00","guid":{"rendered":"https:\/\/opus-folyoirat.sk\/?page_id=3475"},"modified":"2026-01-01T13:04:49","modified_gmt":"2026-01-01T11:04:49","slug":"feledni-hiba-is-de-nem-is-szabad","status":"publish","type":"page","link":"https:\/\/opus-folyoirat.sk\/?page_id=3475","title":{"rendered":"Feledni hiba is, de nem is szabad"},"content":{"rendered":"<div class=\"has-text-align-right wp-block-post-date\"><time datetime=\"2025-04-22T13:02:00+02:00\">2025-04-22<\/time><\/div>\n\n\n<p>Nem kisebb s\u00faly\u00fa k\u00e9rd\u00e9st kell feltenn\u00fcnk ann\u00e1l: vajon a m\u00falt sz\u00e1zad nyolcvanas \u00e9veiben, annak is els\u0151 fel\u00e9ben, v\u00e9gk\u00e9pp elt\u0171nt-e a kor\u00e1bbi korok magyar sz\u00e9ppr\u00f3zai \u00e9s k\u00f6z\u00e9leti teljes\u00edtm\u00e9nyeinek <em>k\u00e9zenfekv\u0151<\/em>, h\u00e9tk\u00f6znapi forgat\u00e1sa, azok cit\u00e1tuma? A feladat megold\u00e1sa, megv\u00e1laszol\u00e1sa el\u0151l \u00e9n sem t\u00e9rhetek ki; mindenekel\u0151tt azt kell lesz\u00f6geznem, s kev\u00e9sb\u00e9 szeretettel, mint \u00e1ltalam megsz\u00f3l\u00edtott, hogy kisebbfajta revel\u00e1ci\u00f3k\u00e9nt \u00e9ltem meg <em>Kem\u00e9ny Zsigmond<\/em> m\u00e1ig kiadatlan publicisztik\u00e1j\u00e1nak lapjait (<em>Eszm\u00e9k \u00e9s j\u00e1mbor \u00f3hajt\u00e1sok, Kriterion K\u00f6nyvkiad\u00f3<\/em>). A k\u00f6tet <em>Filep Tam\u00e1s Guszt\u00e1v<\/em> szerkeszt\u00e9s\u00e9ben, gondoz\u00e1s\u00e1ban jelent meg, \u00fajabb jelent\u0151s bizony\u00edt\u00e9k\u00e1t adv\u00e1n annak: olykor nagyon apr\u00f3l\u00e9kos filol\u00f3giai munk\u00e1t jelent egy-egy ismert, neves szerz\u0151 \u00e1ltala csek\u00e9lyebb fontoss\u00e1ggal b\u00edrt sz\u00f6vegeinek beazonos\u00edt\u00e1sa, felt\u00e1r\u00e1sa, sz\u00f6vegh\u0171 k\u00f6zl\u00e9se. Mint jelen esetben, amikor is Kem\u00e9ny t\u00f6bb sz\u00e1z korabeli h\u00edrlapokban megjelent, sz\u00e1mos esetben csup\u00e1n \u00e1ln\u00e9vvel, vagy m\u00e1s k\u00f6rm\u00f6nfonci\u00e1val jelzett, a nagyk\u00f6z\u00f6ns\u00e9g sz\u00e1m\u00e1ra szinte jel\u00f6letlen-jeltelen m\u00f3don lapul\u00f3 \u00edr\u00e1stenger\u00e9ben hal\u00e1szgatott-szemezgetett Filep, s szerkesztett egy remek, ak\u00e1rha a tizenkilencedik sz\u00e1zad k\u00f6zb\u00fcls\u0151 \u00e9vtizedeir\u0151l olvashat\u00f3 essz\u00e9reg\u00e9ny-f\u00fcz\u00e9rt, \u00e9lm\u00e9nyd\u00fas \u00f3r\u00e1kkal aj\u00e1nd\u00e9kozv\u00e1n meg olvas\u00f3it.<\/p>\n\n\n<div class=\"wp-block-image\">\n<figure class=\"alignleft size-large is-resized\"><img loading=\"lazy\" decoding=\"async\" width=\"598\" height=\"1024\" src=\"https:\/\/opus-folyoirat.sk\/wp-content\/uploads\/2026\/01\/3-filep-kemeny-zs-598x1024.jpeg\" alt=\"\" class=\"wp-image-3476\" style=\"width:290px;height:auto\" srcset=\"https:\/\/opus-folyoirat.sk\/wp-content\/uploads\/2026\/01\/3-filep-kemeny-zs-598x1024.jpeg 598w, https:\/\/opus-folyoirat.sk\/wp-content\/uploads\/2026\/01\/3-filep-kemeny-zs-175x300.jpeg 175w, https:\/\/opus-folyoirat.sk\/wp-content\/uploads\/2026\/01\/3-filep-kemeny-zs-768x1315.jpeg 768w, https:\/\/opus-folyoirat.sk\/wp-content\/uploads\/2026\/01\/3-filep-kemeny-zs-897x1536.jpeg 897w, https:\/\/opus-folyoirat.sk\/wp-content\/uploads\/2026\/01\/3-filep-kemeny-zs-1196x2048.jpeg 1196w, https:\/\/opus-folyoirat.sk\/wp-content\/uploads\/2026\/01\/3-filep-kemeny-zs.jpeg 1208w\" sizes=\"auto, (max-width: 598px) 100vw, 598px\" \/><\/figure><\/div>\n\n\n<p>\u00c9s, persze, a m\u00e1r-m\u00e1r szok\u00e1sos k\u00e9rd\u00e9sekkel; hogy vajha olvastuk-e, olvassuk-e manaps\u00e1g Kem\u00e9ny Zsigmond m\u0171veit, azzal a figyelemmel, amelyet mintha ismert, t\u00f6bbsz\u00f6r kiadott, k\u00f6telez\u0151 olvasm\u00e1nyk\u00e9nt forgatott reg\u00e9nyeit\u0151l is megtagadn\u00e1nk. Adja mag\u00e1t itt <em>A rajong\u00f3k<\/em> p\u00e9ld\u00e1ja, mely alapvet\u0151en a &nbsp; \u201etanok\u201d \u00e9rtelmez\u00e9seinek vakbuzg\u00f3, k\u00f6ny\u00f6rtelen, fanatikus, radik\u00e1lis megjelen\u00e9seinek, azok vesz\u00e9lyeinek \u00edr\u00f3i \u201ebesz\u00e9lye\u201d; legyen sz\u00f3 szombatos tanokr\u00f3l, vagy ateista, szocialista fundamentalizmusr\u00f3l; Kem\u00e9ny reg\u00e9ny\u00e9b\u0151l mindennek \u00e9rtelmez\u00e9se kiolvashat\u00f3, de mindhi\u00e1ba fedezik fel \u00fajra \u00e9s \u00fajra \u0151t az irodalomt\u00f6rt\u00e9neti m\u0171helyekben \u2013 a reg\u00e9ny, mint a p\u00e9ld\u00e1zat ak\u00e1r csak ornamense, a h\u00e9tk\u00f6znapokban eml\u00edtetlen marad. \u201e<em>Nemcsak k\u0151b\u0151l \u00e9p\u00fclt templomok vannak; minden ember sz\u00edve az<\/em>\u201d \u2013 \u00edrja Kem\u00e9ny, de h\u00e1t h\u00e1ny olyan \u00f6njel\u00f6lt templom\u00e9p\u00edt\u0151vel tal\u00e1lkozunk, nap mint nap, aki ezt az els\u0151, a legfontosabb templomot elfelejti meg\u00e9p\u00edteni\u2026.&nbsp; Summa summarum: van egy \u00edr\u00f3, akit, mint mondtam, sokkal gyakrabban fedez fel mag\u00e1nak az ut\u00f3kor, mint hogy kiadn\u00e1 \u0151t. Volt egy valamennyire er\u0151s sz\u00e1nd\u00e9k sz\u00e9pirodalmi munk\u00e1inak \u00f6sszegz\u00e9s\u00e9re, \u00e1m az a nyolcvanas \u00e9vekben megjelent sorozat kev\u00e9s csal\u00e1di k\u00f6nyvt\u00e1rban \u0151rz\u0151d\u00f6tt meg az els\u0151 sorban; ma pedig, kil\u00e9pve e recenzi\u00f3 korl\u00e1tai k\u00f6z\u00fcl, m\u00e1r azon t\u00f6prenghet\u00fcnk, szomork\u00e1san: vannak-e m\u00e9g ma csal\u00e1di k\u00f6nyvt\u00e1rak?&nbsp;<\/p>\n\n\n\n<p>No, a nyitatlan z\u00e1r\u00f3jel bez\u00e1rva, maradjunk val\u00f3ban Kem\u00e9ny Zsigmondn\u00e1l: hogy mennyire volt \u0151 evidensen \u00e9s egy\u00e9rtelm\u0171en a kor\u00e1t s ut\u00f3kor\u00e1t meghat\u00e1roz\u00f3 \u00edr\u00f3, v\u00e1laszk\u00e9nt <em>Miksz\u00e1th K\u00e1lm\u00e1n<\/em>t id\u00e9zem: \u201e<em>Az elbesz\u00e9l\u0151 irodalom az utols\u00f3 f\u00e9lsz\u00e1zadban, a hetvenes \u00e9vek k\u00f6r\u00fcl v\u00e9rszeg\u00e9nys\u00e9gbe esett. Kem\u00e9ny, E\u00f6tv\u00f6s, J\u00f3sika m\u00e1r nem \u00e9ltek, csak az egy J\u00f3kai uralkodott. Egy csom\u00f3 \u00edr\u00f3 hiszen elk\u00f6vetett egy-egy reg\u00e9nyt, vagy elbesz\u00e9l\u00e9st, de az vagy selejtes volt, vagy ut\u00e1nz\u00e1s, ha ugyan nem szenvedett m\u00e9g egy\u00e9b betegs\u00e9gekben is. \u00c1ltal\u00e1ban rossz ir\u00e1nyban indult az elbesz\u00e9l\u0151 irodalom. Bef\u00fatta az \u00fatat a k\u00fclf\u00f6ldr\u0151l be\u00f6z\u00f6nl\u0151 sok divatos salak. Pedig az \u00fat vil\u00e1gos, s mutat\u00f3 t\u00e1bl\u00e1i minden\u00fctt l\u00e1that\u00f3k, m\u00e9g a t\u00edzparancsolatban is benne van az aestetikai recept. Tiszteljed aty\u00e1dat, hogy hossz\u00fa \u00e9let\u0171 l\u00e9gy a f\u00f6ld\u00f6n. (T. i. tiszteld Kem\u00e9ny Zsigmondot, J\u00f3kait, sz\u00f3val a magyar el\u0151d\u00f6ket, mert maradand\u00f3 csak \u00fagy lehetsz, ha nemzeti vagy). Ne legyenek idegen isteneid. (Ne<\/em> <em>ut\u00e1nozd Dickenst, se Balzacot \u00e9s semmi idegent). Ne par\u00e1zn\u00e1lkodj. (Ker\u00fcld a franczia reg\u00e9nyek frivolit\u00e1sait). Ne \u00f6lj. (A r\u00e9mreg\u00e9nyek ut\u00e1n, a hol t\u00f6meges gyilkol\u00e1sok okozz\u00e1k a hat\u00e1st, ne indulj). Ne lopj. (Ne plagiz\u00e1lj) stb.<\/em>\u201d Kicsit b\u0151vebben mer\u00edtettem, mint itt \u00e9s most indokolt, de tettem legal\u00e1bb mindenekel\u0151tt szeretettel, t\u00e1rgyunk \u00e9s alkot\u00f3nk ir\u00e1nt, \u00e9s a pillanat old\u00e1s\u00e1t is szolg\u00e1lv\u00e1n kicsit; a l\u00e9nyeg, ami\u00e9rt ezt a n\u00e9h\u00e1ny sort Kem\u00e9ny kapcs\u00e1n felid\u00e9ztem: Miksz\u00e1th a <em>Be\u00f6thy Zsolt <\/em>reg\u00e9ny\u00e9nek (<em>K\u00e1lozdy B\u00e9la, Magyar Reg\u00e9ny\u00edr\u00f3k K\u00e9pes Kiad\u00e1sa<\/em>) beharangoz\u00f3j\u00e1t vezette be \u00edgy, s h\u00e1t fontos ez; tudjuk, minden kezdet neh\u00e9z, legal\u00e1bbis nem k\u00f6nny\u0171, kell egy mank\u00f3, egy kiindul\u00f3pont, kell egy \u201eels\u0151 mondat\u201d, itt fontoss\u00e1 az teszi: Miksz\u00e1th, t\u00fal minden hivatalos \u00e9rt\u00e9k\u00edt\u00e9letn\u00e9l, mintegy spont\u00e1n m\u00f3don bizony\u00edtja, sz\u00e1m\u00e1ra a tizenkilencedik sz\u00e1zad m\u00e1sodik fel\u00e9nek sz\u00e9ppr\u00f3z\u00e1ja Kem\u00e9ny Zsigmond nev\u00e9vel kezd\u0151dik, k\u00e9tszer is tan\u00fajel\u00e9t adja ennek, s majd k\u00f6veti E\u00f6tv\u00f6s, J\u00f3sika; s am\u00fagy elmond, alapvet\u00e9sk\u00e9nt, m\u00e1st is, amit szint\u00e9n \u00e1temeltem az id\u00e9zetbe; tal\u00e1n kicsik\u00e9t \u00e9rdemes t\u0171n\u0151dni f\u00f6l\u00f6tte.<\/p>\n\n\n\n<p>L\u00e1tjuk h\u00e1t, a v\u00e9letlenb\u0151l is lesz\u0171rv\u00e9n, hogy rajong\u00e1sunk t\u00e1rgya mi\u00e9rt is Kem\u00e9ny; kinek, ugyanakkor, \u00e9letm\u0171ve egy\u00e9b birtokait alig ismerj\u00fck. Jelent\u0151s bizony\u00edt\u00e9k erre a Filep Tam\u00e1s Guszt\u00e1v munk\u00e1ja nyom\u00e1n megjelent k\u00f6z\u00e9leti besz\u00e9lyf\u00fcz\u00e9r, ami nagyon komoly hi\u00e1nyp\u00f3tl\u00e1s, mondhatni: ak\u00e1r oktat\u00e1si seg\u00e9danyagk\u00e9nt is forgathat\u00f3v\u00e1 v\u00e1lhatna. Mondom ezt a leghat\u00e1rozottabb j\u00f3akarattal. A szerz\u0151 olyan ismeretlen oldala ismerszik meg, amir\u0151l ugyan tanulm\u00e1nyainak, nagyobb l\u00e9legzet\u0171 k\u00f6z\u00e9leti \u00edr\u00e1sainak n\u00e9h\u00e1ny v\u00e1logat\u00e1sa ok\u00e1n m\u00e1r lehet \u00e1tfog\u00f3 tud\u00e1sunk; itt ugyanakkor a r\u00e9szletek nagyon prec\u00edz felt\u00e1r\u00e1sa val\u00f3sul meg. \u00c9s, bizonyos \u00e9rtelemben, a most megismert pillanatk\u00e9pekb\u0151l egy eddig kev\u00e9ss\u00e9 gondolt arc\u00e9lre vethet\u00fcnk pillant\u00e1st; <em>s vet \u0151 is, r\u00e1nk<\/em>. Mert akkor v\u00e1lik az olvas\u00e1s \u00e9lm\u00e9nye teljess\u00e9, ha olykor mai, friss tapasztalatokkal szembes\u00edtj\u00fck a sorokat. A legenyh\u00e9bb okunk a szomor\u00fas\u00e1gra: mintha Kem\u00e9ny minden olyan t\u00f6rt\u00e9netet, hazai \u00e9s vil\u00e1gpolitikai vonatkoz\u00e1st, amit ma aktu\u00e1lisnak gondolunk, m\u00e1r j\u00f3 el\u0151re beharangozott, elemzett, \u00e9s konklud\u00e1lt volna. Vagy ink\u00e1bb az a helyesebb k\u00f6zel\u00edt\u00e9s: mi minden konklud\u00e1l\u00e1sn\u00e1l jobban szeretj\u00fck magunk em\u00e9szteni a dolgokat; akkor is, ha magunkat em\u00e9sztj\u00fck el azzal? Nem tudom, de k\u00fcl\u00f6n\u00f6s itt \u00fajra olvasni az arr\u00f3l sz\u0151tt gondolatokat: \u201e\u2026.<em>az \u00e1llam k\u00f6zterheinek csak bizonyos oszt\u00e1lyok \u00e1ltali visel\u00e9se m\u00e9g nagyobb m\u00e9rt\u00e9kben szembet\u0171nt, mint az \u00e1llam javadalmainak \u00e9s a k\u00f6zigazgat\u00e1srai befoly\u00e1snak azok \u00e1ltali monopoliz\u00e1l\u00e1sa, kik minden k\u00f6zterhekt\u0151l mentve vannak<\/em>\u201d. A sorok d\u00e1tuma 1851, tal\u00e1n nem v\u00e9letlen\u00fcl v\u00e9lek \u00e9n itt n\u00e9mi \u00e1thall\u00e1st perfektu\u00e1lni, ad ironice. S m\u00e9g mennyi okot tal\u00e1lni erre e kis gy\u0171jtem\u00e9ny forgat\u00e1sa k\u00f6zben; utalok itt ama szeletnyiben id\u00e9zhetetlen elemz\u00e9sre, mely Pitzipios bej biz\u00e1nci birodalmi reformelk\u00e9pzel\u00e9seit hasgatja, okkal, hisz \u201e<em>r\u00f6pirata nagy hat\u00e1st gerjesztett P\u00e1rizsban, s m\u00e9g nagyobbat gerjeszt P\u00e9terv\u00e1rban<\/em>\u201d, \u00e1llap\u00edtja meg Kem\u00e9ny, ki 1858-ban azzal a gondolattal is elj\u00e1tszik: \u201e<em>\u00e9s e hatalmak<\/em> [Anglia, Oroszorsz\u00e1g \u00e9s Amerika] <em>a sok p\u00e9nz\u00e9rt \u00e9s v\u00e9ren nem fognak-e k\u00e1rp\u00f3tl\u00e1st venni?<\/em>\u201d<\/p>\n\n\n\n<p>De, fognak, mondom \u00e9n, ha az egym\u00e1st k\u00f6vet\u0151 ok-okozat l\u00e1ncban v\u00e9gk\u00e9pp feled\u00e9sbe mer\u00fclni l\u00e1tszik is Pitzipios bej szem\u00e9lye, nem besz\u00e9lve r\u00f6pirat\u00e1r\u00f3l.<\/p>\n\n\n\n<p>Eml\u00edtettem: vil\u00e1g- \u00e9s belpolitikai reg\u00e9nyfolyam, karcs\u00fa k\u00f6tetben, s ak\u00e1r a legkisebb tanuls\u00e1got abban hordozva: a szerz\u0151 k\u00f6z\u00e9leti jegyzeteib\u0151l, publicisztik\u00e1ib\u00f3l bizony ez is \u00f6sszerakhat\u00f3, fel\u00e9p\u00edthet\u0151; ami kev\u00e9sb\u00e9 jellemz\u0151je mai, kort\u00e1rs k\u00f6z\u00e9leti jegyzet\u00edr\u00f3ink z\u00f6m\u00e9nek. Ez a felel\u0151ss\u00e9g, ez az ig\u00e9nyess\u00e9g ma messze hi\u00e1nycikk; ak\u00e1r arra gondolva: milyen k\u00f6vetkezetes \u00e1ll\u00e1spont krist\u00e1lyosodik ki Kem\u00e9nyn\u00e9l az elbukott-elj\u00e1tszott forradalom kapcs\u00e1n is; amelyben nem hitt, s amely v\u00e9rvesztes\u00e9g f\u00e1jdalm\u00e1t sohasem tudta sem feldolgozni, sem megbocs\u00e1tani, de k\u00fczd\u00f6tt, ha nem is ellene, de legal\u00e1bb a hamis k\u00f6vetkeztet\u00e9sek r\u00f6gz\u00fcl\u00e9se ellen. Az, hogy \u201eh\u00edrhedtnek\u201d mondott r\u00f6piratai \u2013 <em>Forradalom ut\u00e1n, M\u00e9g egy sz\u00f3 a forradalom ut\u00e1n<\/em> \u2013 nem csup\u00e1n a trag\u00e9dia s\u00faly\u00e1t r\u00f6gz\u00edtett\u00e9k, pontr\u00f3l pontra fel\u00e9p\u00edthet\u0151 e h\u00edrlapi cikkeinek ismeret\u00e9ben; mik\u00e9nt az is, milyen eleven s kiolthatatlan mal\u00edci\u00e1val viseltetett, a maga szempontj\u00e1b\u00f3l m\u00e9lyen \u00e9rthet\u0151en, a trag\u00e9dia \u00e1ltala gondolt felel\u0151s\u00e9vel, Kossuth-tal szemben. Sz\u00e1munkra, k\u00e9sei olvas\u00f3kra, m\u00e1r nem is az igazs\u00e1g ide, vagy oda\u00edt\u00e9l\u00e9se marad, hanem az elsz\u00e1nt csata \u00e9lvez\u00e9se; az ir\u00f3nia, a szarkazmus olyan min\u0151s\u00e9ge, amit sokan megtagadnak Kem\u00e9ny Zsigmondt\u00f3l; nos, h\u00edrlap\u00edr\u00e1s nem l\u00e9tezik ezen er\u00e9nyek n\u00e9lk\u00fcl, s \u0151, mint tudjuk, j\u00f3 h\u00edrlap\u00edr\u00f3 (is) volt. Bizony, a k\u00f6zkedvelt toposszal \u00e9lve, mi m\u00e1r csak egy k\u00e1v\u00e9t k\u00e9r\u00fcnk, nem is f\u00f6lt\u00e9tlen gonoszkod\u00e1s ok\u00e1n, amikor Kem\u00e9ny Kossuth De\u00e1k elleni fell\u00e9p\u00e9s\u00e9t boncolja, em\u00edgyen: \u201e\u2026.<em>ezen eszm\u00e9i egy f\u00fczetbe foglalva nagybecs\u0171ek lehetnek azokn\u00e1l, kik a joglemond\u00e1s sikaml\u00f3s \u00f6sv\u00e9ny\u00e9n m\u00e1r oly messze haladtak, hogy a magyar nemzet t\u00f6rt\u00e9neti \u00e1ll\u00e1s\u00e1t tekintetbe venni feleslegesnek tartj\u00e1k. \u2026 mi megjegyezz\u00fck, hogy ily szempontb\u00f3l vetni kock\u00e1t a nemzet sorsa felett hiba is, de nem is szabad<\/em>\u201d. Okos humor, b\u00e1tor csata \u2013 borzaszt\u00f3an nagy t\u00e9tbe. S nem sz\u0171nik min\u0151s\u00e9ge, \u00e9lcn\u00e9l t\u00f6bbet olvasunk ki p\u00e9ld\u00e1ul ebb\u0151l a miniportr\u00e9b\u00f3l is: \u201e\u2026.<em>eg\u00e9sz sz\u00edvvel \u00fcdv\u00f6zl\u00f6m \u00e9n \u0151t <\/em><em>[<\/em>Kossuthot]<em> ezen t\u00e9ren; mert minden esetben jobb el\u0151szeretettel lenni az alapt\u00f6rv\u00e9nyek ir\u00e1nt, mint folytonosan forradalmi es\u00e9lyekre sz\u00e1m\u00edtani \u00e9s hatni, kiv\u00e1lt annak, kinek ked\u00e9lye \u00f6mleng, \u00e9s kinek szerencs\u00e9s optimizmus\u00e1t az \u00e9vek sem h\u00e1borgatj\u00e1k<\/em>\u201d.<\/p>\n\n\n\n<p>Nem \u00fagy, mint Kem\u00e9ny Zsigmond\u00e9t. Kit\u0151l, l\u00e1m, egy Sz\u00e9chenyi-b\u00facs\u00faztat\u00f3ban azt olvassuk: \u201e<em>b\u00e1r te ne feledted volna el azt a megpr\u00f3b\u00e1ltat\u00e1s egy r\u00f6vid, de s\u00f6t\u00e9t perc\u00e9ben!<\/em>\u201d Sz\u00e9chenyi sokszor id\u00e9zett jelszav\u00e1ra utal itt, \u201eazt mondj\u00e1k, a magyar volt; \u00e9n azt hiszem, a magyar lesz\u201d; \u00e9s valami nagyon furcsa borzong\u00e1s fut v\u00e9gig rajtunk, ismerve Kem\u00e9ny sors\u00e1t: elborult elm\u00e9vel, a t\u00e9boly \u00e1ltal \u00f6lve halt meg.<\/p>\n\n\n\n<p>N\u00e9ha, ha \u00e9lete ezen utols\u00f3 szak\u00e1ban olykor megk\u00eds\u00e9rtette n\u00e9h\u00e1ny vil\u00e1gos pillanat, tal\u00e1n azon mosolygott legt\u00f6bbet: \u00e9les sz\u00e1mvet\u00e9ssel, okos es\u00e9lylatolgat\u00e1ssal k\u00e9sz\u00fcl\u0151 napi sz\u00e1mvet\u00e9sei sok\u00e1ig s\u00e1rgul\u00f3 \u00fajs\u00e1glapokon lappanganak majd, nem zavarv\u00e1n meg \u00faj opportunit\u00e1sok \u00faj or\u00e1torait. \u00c1m de van egy rossz h\u00edrem, kedves Kem\u00e9ny Zsigmond \u00far: e rezign\u00e1ci\u00f3 most Filep Tam\u00e1s Guszt\u00e1v \u00e1ltal nullifik\u00e1ltatv\u00e1n lesz, hisz \u0151 \u00edg\u00e9retet tett arra, hogy Kem\u00e9ny valamennyi \u201epublicisztik\u00e1j\u00e1t a maga eg\u00e9sz\u00e9ben el\u00e9rhet\u0151v\u00e9 tegye a magyar olvas\u00f3k\u00f6z\u00f6ns\u00e9g sz\u00e1m\u00e1ra, lehet\u0151leg k\u00f6nyvekben, ha ez nem megy, akkor a vil\u00e1gh\u00e1l\u00f3n\u201d (Id\u00e9zet FTG el\u0151szav\u00e1b\u00f3l, (M\u00e9g) egy sz\u00f3 a k\u00f6z\u00edr\u00f3 Kem\u00e9ny Zsigmondr\u00f3l, hadd h\u00edvjuk fel itt annak alaposs\u00e1g\u00e1ra is az olvas\u00f3 figyelm\u00e9t). Ez a kis v\u00e1logat\u00e1s remek el\u0151zetes, ugyanakkor, nem gy\u0151z\u00f6m hangs\u00falyozni, p\u00e1ratlanul \u00e9lvezetes olvasm\u00e1ny a tizenkilencedik sz\u00e1zadb\u00f3l arr\u00f3l a huszadikr\u00f3l, amelynek terhei, s\u00falyai, v\u00e9gzetei alatt roskadozva a mai napig oly nehezen hissz\u00fck el, hogy akkor, merre is, \u00e9s lesz-e huszonegyedik, tekintetes urak? (<em>Kem\u00e9ny Zsigmond: Eszm\u00e9k \u00e9s j\u00e1mbor \u00f3hajt\u00e1sok. V\u00e1logatott publicisztikai \u00edr\u00e1sok. A k\u00f6tetet \u00f6ssze\u00e1ll\u00edtotta \u00e9s a bevezet\u0151t \u00edrta Filep Tam\u00e1s Guszt\u00e1v. Kriterion K\u00f6nyvkiad\u00f3 \u2013 T\u00c9KA sorozat, Kolozsv\u00e1r, 2014<\/em>).&nbsp;<\/p>\n\n\n\n<p class=\"has-text-align-right\"><em>Tam\u00e1si Orosz J\u00e1nos<\/em><\/p>\n","protected":false},"excerpt":{"rendered":"<p>Nem kisebb s\u00faly\u00fa k\u00e9rd\u00e9st kell feltenn\u00fcnk ann\u00e1l: vajon a m\u00falt sz\u00e1zad nyolcvanas \u00e9veiben, annak is els\u0151 fel\u00e9ben, v\u00e9gk\u00e9pp elt\u0171nt-e a kor\u00e1bbi korok magyar sz\u00e9ppr\u00f3zai \u00e9s k\u00f6z\u00e9leti teljes\u00edtm\u00e9nyeinek k\u00e9zenfekv\u0151, h\u00e9tk\u00f6znapi forgat\u00e1sa, azok cit\u00e1tuma? A feladat megold\u00e1sa, megv\u00e1laszol\u00e1sa el\u0151l \u00e9n sem t\u00e9rhetek &hellip; <a href=\"https:\/\/opus-folyoirat.sk\/?page_id=3475\">Egy kattint\u00e1s ide a folytat\u00e1shoz&#8230;. <span class=\"meta-nav\">&rarr;<\/span><\/a><\/p>\n","protected":false},"author":4,"featured_media":0,"parent":0,"menu_order":0,"comment_status":"closed","ping_status":"closed","template":"","meta":{"footnotes":""},"class_list":["post-3475","page","type-page","status-publish","hentry"],"_links":{"self":[{"href":"https:\/\/opus-folyoirat.sk\/index.php?rest_route=\/wp\/v2\/pages\/3475","targetHints":{"allow":["GET"]}}],"collection":[{"href":"https:\/\/opus-folyoirat.sk\/index.php?rest_route=\/wp\/v2\/pages"}],"about":[{"href":"https:\/\/opus-folyoirat.sk\/index.php?rest_route=\/wp\/v2\/types\/page"}],"author":[{"embeddable":true,"href":"https:\/\/opus-folyoirat.sk\/index.php?rest_route=\/wp\/v2\/users\/4"}],"replies":[{"embeddable":true,"href":"https:\/\/opus-folyoirat.sk\/index.php?rest_route=%2Fwp%2Fv2%2Fcomments&post=3475"}],"version-history":[{"count":1,"href":"https:\/\/opus-folyoirat.sk\/index.php?rest_route=\/wp\/v2\/pages\/3475\/revisions"}],"predecessor-version":[{"id":3477,"href":"https:\/\/opus-folyoirat.sk\/index.php?rest_route=\/wp\/v2\/pages\/3475\/revisions\/3477"}],"wp:attachment":[{"href":"https:\/\/opus-folyoirat.sk\/index.php?rest_route=%2Fwp%2Fv2%2Fmedia&parent=3475"}],"curies":[{"name":"wp","href":"https:\/\/api.w.org\/{rel}","templated":true}]}}