{"id":3479,"date":"2025-05-19T13:06:00","date_gmt":"2025-05-19T11:06:00","guid":{"rendered":"https:\/\/opus-folyoirat.sk\/?page_id=3479"},"modified":"2026-01-01T13:12:44","modified_gmt":"2026-01-01T11:12:44","slug":"az-ezerszinu-eminencias-toth-laszlo","status":"publish","type":"page","link":"https:\/\/opus-folyoirat.sk\/?page_id=3479","title":{"rendered":"Az ezersz\u00edn\u0171 eminenci\u00e1s: T\u00f3th L\u00e1szl\u00f3"},"content":{"rendered":"<div class=\"has-text-align-right wp-block-post-date\"><time datetime=\"2025-05-19T13:06:00+02:00\">2025-05-19<\/time><\/div>\n\n\n<p>Szem\u00e9lyes k\u00f6t\u0151d\u00e9sekr\u0151l nem illend\u0151 besz\u00e9lni egy m\u0171 objekt\u00edv \u00e9rt\u00e9kel\u00e9se kapcs\u00e1n; ugyanakkor, nem csak irodalomt\u00f6rt\u00e9neti kutat\u00e1sok sor\u00e1n, az (a szem\u00e9lyes \u00e9rdekl\u0151d\u00e9s) mindig megker\u00fclhetetlen. Olyan alapszab\u00e1ly ez, amelyet sokan megszegnek, kutat\u00e1saikat objekt\u00edv m\u00e9rc\u00e9knek rendelik al\u00e1, mondj\u00e1k, holott valamif\u00e9le azonosul\u00e1s a kutatott szem\u00e9ly \u00e9letm\u0171v\u00e9vel, empatikus helykeres\u00e9s \u00e9let\u00fatja szakaszaiban \u2013 elhagyhatatlan feladat. A helyes eredm\u00e9nyre jut\u00e1s a m\u00faltba tekint\u00e9sek eseteiben \u00e1ltal\u00e1ban lehets\u00e9ges, hiszen mindenk\u00e9pp van egy t\u00f6rt\u00e9nelmi r\u00e1l\u00e1t\u00e1sunk, m\u00e1s k\u00e9rd\u00e9s, hogy az adott t\u00f6rt\u00e9nelmi kort hogyan \u00e9rt\u00e9kelj\u00fck? De ez ett\u0151l kezdve felt\u00e9tlen\u00fcl egy m\u00e1sik t\u00f6rt\u00e9net, szerepe itt csak annyiban van, hogy \u00e9rz\u00e9keltess\u00fck: csak akkor \u00e9rdemes \u00e9s szabad belekezden\u00fcnk egy monogr\u00e1fi\u00e1ba, ha a t\u00e1rgyalt szem\u00e9lyr\u0151l vagy korr\u00f3l szubjekt\u00edv \u00e9rz\u00e9seink, elk\u00e9pzel\u00e9seink is vannak; ha nincs, azt meg kell szerezni, de ha van, akkor sz\u0171r\u0151k\u00e9nt alkalmazni. A helyzet akkor a legnehezebb, amikor korunkr\u00f3l \u00e9s kort\u00e1rsainkr\u00f3l \u00edrunk \u00f6sszegz\u00e9st. Majd \u00fagy fokoz\u00f3dik a pillanat dr\u00e1mais\u00e1ga, hogy az \u00f6sszegz\u00e9s b\u00edr\u00e1lat\u00e1ra egy szint\u00e9n az esem\u00e9nyek hasonl\u00f3s\u00e1g\u00e1t \u00e1t\u00e9lt recenzens v\u00e1llalkozik. Kutya kem\u00e9ny helyzet.<\/p>\n\n\n<div class=\"wp-block-image\">\n<figure class=\"alignright size-full is-resized\"><img loading=\"lazy\" decoding=\"async\" width=\"289\" height=\"500\" src=\"https:\/\/opus-folyoirat.sk\/wp-content\/uploads\/2026\/01\/3-filep-toth-l.jpeg\" alt=\"\" class=\"wp-image-3480\" style=\"width:292px;height:auto\" srcset=\"https:\/\/opus-folyoirat.sk\/wp-content\/uploads\/2026\/01\/3-filep-toth-l.jpeg 289w, https:\/\/opus-folyoirat.sk\/wp-content\/uploads\/2026\/01\/3-filep-toth-l-173x300.jpeg 173w\" sizes=\"auto, (max-width: 289px) 100vw, 289px\" \/><\/figure><\/div>\n\n\n<p>Csapjunk bele. A most \u00e1ltalam t\u00e1rgyalt monogr\u00e1fia szerz\u0151je, Filep Tam\u00e1s Guszt\u00e1v m\u00e9g gimnazista volt, amikor megismerkedt\u00fcnk. Csal\u00e1di \u00f6szt\u00f6nz\u00e9sb\u0151l fakad\u00f3an szenved\u00e9ly\u00e9v\u00e9 v\u00e1lt a \u201ehat\u00e1ron t\u00fali magyar irodalom\u201d olvas\u00e1sa, vizsg\u00e1lata, lassank\u00e9nti \u00f6sszegz\u0151 kutat\u00e1sa. Sok alkot\u00f3t szem\u00e9lyesen keresett fel, az \u00e9rdekl\u0151d\u0151 kapcsolat k\u00e9s\u0151bb elm\u00e9ly\u00fclt bar\u00e1ts\u00e1gokk\u00e1 v\u00e1lt, \u00edgy sok esetben els\u0151k\u00e9nt olvashatta, m\u00e9g k\u00e9ziratban, azokat a m\u0171veket, amelyek ma a kort\u00e1rs magyar irodalom klasszikus alkot\u00e1sai. \u00c9s hossz\u00fa besz\u00e9lget\u00e9sekben ismerte meg ezen alkot\u00e1sok szerz\u0151inek \u00e9let\u00fatj\u00e1t, gondolkod\u00e1sm\u00f3dj\u00e1t \u00e9pp \u00fagy, mint \u00e9let\u00fck olykor sorsford\u00edt\u00f3 v\u00e1ltoz\u00e1sainak legapr\u00f3bb r\u00e9szleteit. Magam, s ezt m\u00e1shol is le\u00edrtam m\u00e1r r\u00f3la, csod\u00e1lattal \u00e9s b\u00e1mulattal n\u00e9ztem ezt a tudatos figyelem-megnyilv\u00e1nul\u00e1st; az\u00f3ta sok \u00e9vtized telt el, de \u00e9n magam m\u00e9g most is \u00fagy v\u00e9lem, egy\u00e9bk\u00e9nt helytelen\u00fcl, hogy elegend\u0151 a m\u0171vek folyamatos olvas\u00e1sa. H\u00e1t nem. Nos, szerz\u0151nkb\u0151l id\u0151k\u00f6zben kiv\u00e1l\u00f3 m\u0171vel\u0151d\u00e9s- \u00e9s irodalomt\u00f6rt\u00e9n\u00e9sz lett, ezt sok k\u00f6nyve bizony\u00edtja, n\u00e9h\u00e1nyr\u00f3l m\u00e1r itt is h\u00edrt adtam; \u00e9s most a Nap Kiad\u00f3 M\u0171hely-sorozat\u00e1ban vaskos monogr\u00e1fi\u00e1t \u00edrt arr\u00f3l a T\u00f3th L\u00e1szl\u00f3r\u00f3l, akivel az egyik legszorosabb bar\u00e1ti kapcsolatot \u00e1polta az eml\u00edtett \u00e9vtizedek sor\u00e1n; akivel \u2013 szem\u00e9lyemmel egy\u00fctt \u2013 egyazon szerkeszt\u0151s\u00e9gben is dolgozott; s akivel t\u00f6bb k\u00f6z\u00f6s irodalomt\u00f6rt\u00e9neti munk\u00e1t is jegyez. M\u00e1r-m\u00e1r lehetetlen helyzet. Hiszen ez a t\u00f6bb \u00e9vtized azt\u00e1n alaposan t\u00e1lalja az eml\u00edtett szem\u00e9lyes k\u00f6t\u0151d\u00e9s \u00f6sszes lehet\u0151s\u00e9g\u00e9t; ugyanakkor h\u00e1t hogyan lehet att\u00f3l az\u00e9rt egy kicsit h\u00e1tr\u00e9bb l\u00e9pni, kiss\u00e9 elvonatkoztatni, olykor kritikusabb hangv\u00e9tellel besz\u00e9lni a t\u00e1rgyalt \u00e9letm\u0171 sikertelenebb epiz\u00f3djair\u00f3l? \u00c9s mik\u00e9nt lehet elker\u00fclni a szem\u00e9lyes anekdot\u00e1kba mer\u00fcl\u00e9st, amelyek sz\u00fcks\u00e9gtelen\u00fcl kelten\u00e9k a bennfentess\u00e9g l\u00e1tszat\u00e1t, ugyanakkor azonban n\u00e9h\u00e1ny szem\u00e9lyes vonatkoz\u00e1s n\u00e9lk\u00fcl \u00e9rthetetlenekk\u00e9 v\u00e1lnak az olykori t\u00f6r\u00e9svonalak. Nos, ez a kih\u00edv\u00e1s, \u00e9s \u2013 az el\u0151bb k\u00e9t gondolatjel k\u00f6z\u00f6tt m\u00e1r utaltam r\u00e1 \u2013 ehhez ad\u00f3dik a recenzens b\u0151r\u00e9nek k\u00e9nyelmetlen fesz\u00fcl\u00e9se; aki Filepen kereszt\u00fcl, de szint\u00e9n \u00e9vtizedekkel ezel\u0151tt, ismerte meg szem\u00e9lyesen T\u00f3th L\u00e1szl\u00f3t, vele az \u0151 budapesti \u00e9vei alatt el\u00e9g sok id\u0151t t\u00f6lt\u00f6tt, r\u00e1ad\u00e1sul \u0151 \u00edrta meg eme recenzens els\u0151 k\u00f6tet\u00e9nek kiad\u00f3i aj\u00e1nl\u00e1s\u00e1t, k\u00e9tszeresen is megtisztel\u0151en m\u00e9ly elemz\u00e9ssel. K\u00e9tszeresen, mert az sem mindegy, term\u00e9szetesen, hogy mit \u00edrnak az ember els\u0151 munk\u00e1ir\u00f3l, \u00e1m akkor k\u00fcl\u00f6n\u00f6sen fontoss\u00e1 emel\u0151dik minden elismer\u0151 sz\u00f3, ha annak k\u00f6zl\u0151je \u201eegy\u00e9bk\u00e9nt\u201d az \u00c1tkel\u00e9s c\u00edm\u0171 vers, ut\u00f3bb e c\u00edm\u0171 k\u00f6tet szerz\u0151je; s k\u00e9s\u0151bb j\u00f6n az Ithak\u00e1b\u00f3l Ithak\u00e1ba, nem kev\u00e9sb\u00e9 megrend\u00edt\u0151 er\u0151vel.<\/p>\n\n\n\n<p>H\u00e1t ennyit a szem\u00e9lyes k\u00f6t\u0151d\u00e9sekr\u0151l.<\/p>\n\n\n\n<p>Ennyit arr\u00f3l a t\u00f6bbsz\u00f6r\u00f6sen is neh\u00e9z helyzetr\u0151l, amelybe most belelav\u00edroz\u00f3dtunk, mi h\u00e1rman.<\/p>\n\n\n\n<p>Mert hiszen T\u00f3th L\u00e1szl\u00f3nak sem mindegy \u00e1m, ha ez elfelejt\u0151d\u00f6tt volna. Mik\u00e9nt l\u00e1tt\u00e1k, l\u00e1tj\u00e1k \u0151t a bar\u00e1tok? Ennyire egyszer\u0171, \u00fagysz\u00f3lv\u00e1n cizell\u00e1lhatatlan az \u0151 n\u00e9z\u0151pontja ebben a t\u00f6rt\u00e9netben. Nos, azt kell mondanom: egy mogorv\u00e1n kedves fick\u00f3nak. Aki, \u00e9s itt m\u00e9g a recenzens v\u00e9lem\u00e9nye j\u00f6n, \u00e9vtizedenk\u00e9nt mindig meg\u00edrta az adott kor ut\u00f3bb egyetemes \u00e9rt\u00e9kk\u00e9 v\u00e1l\u00f3 munk\u00e1j\u00e1t, \u00edgy a m\u00e1r eml\u00edtett verset, k\u00e9s\u0151bb nagyon fontos irodalomt\u00f6rt\u00e9neti kor\u00f6sszegz\u00e9seket, ut\u00f3bb majd kisebbs\u00e9gkutat\u00e1si essz\u00e9it, az identit\u00e1s-keres\u00e9s filoz\u00f3fiai k\u00f6zel\u00edt\u00e9seit, alapm\u0171veket bocs\u00e1t k\u00f6zre a szlov\u00e1k\u2013magyar kultur\u00e1lis \u00e9s politikai kapcsolatok viszonyrendszer\u00e9r\u0151l; s ezen eredm\u00e9nyek ut\u00e1n, amolyan \u201ekedves fick\u00f3k\u00e9nt\u201d visszaveti mag\u00e1t abba a szerkeszt\u0151i poz\u00edci\u00f3ba, amellyel egy\u00e9bk\u00e9nt akkor sem hagy fel, amikor \u00e9ppen nincs is lapja. Rovata akkor is; ha nem k\u00edn\u00e1lj\u00e1k fel, akkor \u201egr\u00fcndol\u201d egyet valahol, hogy az a rovat azt\u00e1n valamif\u00e9le k\u00fcl\u00f6n \u00e9letet kezdjen \u00e9lni.<\/p>\n\n\n<div class=\"wp-block-image\">\n<figure class=\"alignleft size-large is-resized\"><img loading=\"lazy\" decoding=\"async\" width=\"683\" height=\"1024\" src=\"https:\/\/opus-folyoirat.sk\/wp-content\/uploads\/2026\/01\/TothLaci-683x1024.jpg\" alt=\"\" class=\"wp-image-3481\" style=\"width:242px;height:auto\" srcset=\"https:\/\/opus-folyoirat.sk\/wp-content\/uploads\/2026\/01\/TothLaci-683x1024.jpg 683w, https:\/\/opus-folyoirat.sk\/wp-content\/uploads\/2026\/01\/TothLaci-200x300.jpg 200w, https:\/\/opus-folyoirat.sk\/wp-content\/uploads\/2026\/01\/TothLaci-768x1152.jpg 768w, https:\/\/opus-folyoirat.sk\/wp-content\/uploads\/2026\/01\/TothLaci-1024x1536.jpg 1024w, https:\/\/opus-folyoirat.sk\/wp-content\/uploads\/2026\/01\/TothLaci-1365x2048.jpg 1365w, https:\/\/opus-folyoirat.sk\/wp-content\/uploads\/2026\/01\/TothLaci-scaled.jpg 1707w\" sizes=\"auto, (max-width: 683px) 100vw, 683px\" \/><figcaption class=\"wp-element-caption\">T\u00f3th L\u00e1szl\u00f3<\/figcaption><\/figure><\/div>\n\n\n<p>Ezt \u2013 \u00e9s t\u00e9rj\u00fcnk v\u00e9gre r\u00e1, mert lassan v\u00e9g\u00e9re jutunk a kiszabhat\u00f3 terjedelemnek \u2013 kiv\u00e1l\u00f3an dokument\u00e1lja Filep Tam\u00e1s Guszt\u00e1v. Csak megism\u00e9telni tudom azt, amit kor\u00e1bban m\u00e1r lejegyeztem r\u00f3la: rendk\u00edv\u00fcli alaposs\u00e1ggal kutatja fel t\u00e1rgyalt szerz\u0151j\u00e9nek vagy az adott kornak valamennyi dokumentum\u00e1t, hivatkoz\u00e1s\u00e1t, mindenk\u00e9pp eredeti anyagokra t\u00e1maszkodva. Nem hivatkozik olyan hivatkoz\u00e1sokra, amelyekre valaki m\u00e1s hivatkozik, kiemelve abb\u00f3l egy&nbsp; \u2013 am\u00fagy rendben l\u00e9v\u0151 \u2013 passzust. Ezt akkor is tudjuk, ha a v\u00e9gleges sz\u00f6veg foly\u00e1s\u00e1ban m\u00e1r az jelenik meg: mik\u00e9nt X \u00edrja, Z-re hivatkozv\u00e1n, aki ebben egyet\u00e9rtve Y-nal id\u00e9zte \u0151t, im\u00edgy fogalmazv\u00e1n. \u00c9s, ilyen k\u00f6rnyezetben, sokszor ker\u00fclnek el\u00e9nk egy\u00e9bk\u00e9nt rendben l\u00e9v\u0151 sz\u00f6vegek, \u00fagy, hogy azok m\u00e9gis \u00f6sszezavarj\u00e1k az adott fejezet bels\u0151 szerkezet\u00e9t, kompoz\u00edci\u00f3j\u00e1t. Nos, Filepn\u00e9l ez kiz\u00e1rt; mondom, akkor is tudjuk, egyszer\u0171en \u00e9rezz\u00fck a kontextusok \u00edv\u00e9b\u0151l, hogy az adott t\u00e9m\u00e1t \u00e1ltala jellemz\u0151 \u2013 mondjuk \u2013 hatvan oldal m\u00f6g\u00f6tt legal\u00e1bb t\u00edzszer annyi, alaposan \u00e1tr\u00e1gott \u00e9s kijegyzetelt oldal ismerete \u00e1ll, mint biztos t\u00e1maszt\u00e9k. N\u00e9ha kicsit t\u00fal biztos is. Mert Filep olykor, \u00e9s ez tal\u00e1n az egyetlen b\u00edr\u00e1l\u00f3 passzus r\u00e9szemr\u0151l, tal\u00e1n t\u00fals\u00e1gosan is elb\u00fajik a hivatkoz\u00e1sok gazdagon reprezent\u00e1lt sz\u00f6vegei m\u00f6g\u00f6tt. K\u00fcl\u00f6n\u00f6sen a k\u00f6lt\u0151 T\u00f3th L\u00e1szl\u00f3t \u00e9r\u0151 \u2013 b\u00edr\u00e1l\u00f3 \u00e9s elismer\u0151 \u2013 kritik\u00e1k \u00f6sszevet\u00e9s\u00e9ben l\u00e1tom ezt megjelenni; b\u00e1r az is lehet, mondjak magamnak ellent, hogy itt \u00e9rhet\u0151 tetten Filep t\u00e1vols\u00e1gtart\u00e1sa a szubjekt\u00edv rangsorol\u00e1st\u00f3l. \u00dcgyes, mondhatjuk. Mert nem azonosul a felt\u00e9tlen\u00fcl pozit\u00edv \u00edt\u00e9letekkel, \u00e1m nagyon m\u00e9lyre \u00e1sva, b\u0151s\u00e9gesen beid\u00e9zi a T\u00f3th-ouvr\u00e9t b\u00edr\u00e1l\u00f3k tan\u00e1cstalans\u00e1g\u00e1t. Ami, p\u00e9ld\u00e1ul, abban is kifejez\u0151dik egyes b\u00edr\u00e1l\u00f3k szerint, hogy T\u00f3th l\u00edr\u00e1ja szerves\u00edtetlen, nincs hozz\u00e1rendelt k\u00f6lt\u00e9szeti iskol\u00e1ja (ami egy\u00e9bk\u00e9nt nem igaz), ez\u00e9rt \u00e9rt\u00e9kel\u00e9s\u00e9t \u00f3vatosabban kell kezelni. Nos, az id\u00e9zetek \u201edial\u00f3gusa\u201d, Filep ellenpontoz\u00e1sa egy\u00e9rtelm\u0171s\u00edti az \u0151 v\u00e9lem\u00e9ny\u00e9t, ugyanakkor a v\u00e9gleges konkl\u00fazi\u00f3kat is m\u00e1sokkal mondatja ki, egyet\u00e9rt\u00e9s\u00e9t hangs\u00falyozva id\u00e9zve be azokat, s lehet, hogy \u2013 egy\u00e9bk\u00e9nt \u2013 val\u00f3ban ez a korrekt a szerz\u0151 r\u00e9sz\u00e9r\u0151l.<\/p>\n\n\n\n<p>\u00c9n azonban harmadszor is idev\u00e9sem: az \u00c1tkel\u00e9s n\u00e9lk\u00fcl sohasem lesz teljes nem csup\u00e1n a magyar k\u00f6lt\u00e9szet hetvenes \u00e9veinek, de a huszadik sz\u00e1zad m\u00e1sodik fel\u00e9nek \u00e1tfog\u00f3 t\u00e1rgyal\u00e1sa sem.<\/p>\n\n\n\n<p>A k\u00f6tet, persze, nem lenne teljes \u2013 \u00e9s eleve nem Filep \u00edrta volna \u2013, ha abban nem kapna vaskos fejezeteket a k\u00f6z\u00edr\u00f3, az irodalomt\u00f6rt\u00e9n\u00e9sz, a szerkeszt\u0151, az identit\u00e1s-filoz\u00f3fus T\u00f3th L\u00e1szl\u00f3 munk\u00e1ss\u00e1ga. Alapos metszetet kapunk, egyszerre definit\u00edv alapvet\u00e9seket \u00e9s tov\u00e1bb-gondol\u00e1sra, tov\u00e1bb-olvas\u00e1sra h\u00edv\u00f3 mutat\u00f3-szavakat. Itt m\u00e1r Filep sem annyira tart\u00f3zkod\u00f3, hazai terep ez, sok eredm\u00e9nyt egy\u00fctt \u00e9rtek el, sz\u00e1mos ter\u00fcletet k\u00f6z\u00f6sen dolgoztak fel, \u00edgy itt ink\u00e1bb a szerz\u0151i m\u00e9rt\u00e9k b\u00e1mulatos. \u00dagy \u00edr (&#8230;\u00far \u00edr :-))T\u00f3th jav\u00e1ra rengeteg \u00e9rt\u00e9kteremt\u00e9st, hogy egy\u00fattal \u00e9rz\u00e9keltetni k\u00e9pes saj\u00e1t, hasonl\u00f3 tev\u00e9kenys\u00e9g\u00e9t; sem szer\u00e9nyen, sem szer\u00e9nytelen\u00fcl. Hanem \u00fagy, amire a magyar szellemt\u00f6rt\u00e9netben tal\u00e1n megfelel\u0151 kifejez\u00e9s sincs \u2013 azt valahogy nem h\u00edvt\u00e1k el\u0151 az ehhez sz\u00fcks\u00e9ges magatart\u00e1s-modellek. (\u201eSomolygok e passzusn\u00e1l, kiss\u00e9 tal\u00e1n gonoszkod\u00f3n\u201d, id\u00e9zem Filepet, noha \u00e9n eg\u00e9szen m\u00e1sra gondolok most. Bocs).<\/p>\n\n\n\n<p>S ak\u00e1r le is z\u00e1rhatn\u00e1m ezen aj\u00e1nl\u00f3 sorokat, azzal, hogy nagyon fontos munka, ne menjenek el mellette, ismerj\u00e9k meg azokat, akik egyszerre alkotj\u00e1k, t\u00f6bbekkel, a j\u00e9ghegy cs\u00facs\u00e1t, ugyanakkor tov\u00e1bbra is \u00e9p\u00edtik azt; k\u00fcl\u00f6n\u00f6sen akkor l\u00e9nyeges ez, ha val\u00f3ban m\u00e9lyen gondolkodnak a szomsz\u00e9dos \u00e1llamokkal val\u00f3 k\u00e9toldal\u00fa j\u00f3 kapcsolataink \u00e1pol\u00e1s\u00e1r\u00f3l, annak m\u00faltj\u00e1r\u00f3l \u00e9s jelen\u00e9r\u0151l. Pontot m\u00e9gsem teszek, mert \u2013 ak\u00e1r m\u00e9g ink\u00e1bb \u00f6szt\u00f6nz\u00e9sk\u00e9nt \u00e9s aj\u00e1nl\u00e1sk\u00e9nt \u2013 aktu\u00e1lis fejezet e honlap olvas\u00f3i sz\u00e1m\u00e1ra is az a t\u00f6rt\u00e9net, amelyben Filep felt\u00e1rja T\u00f3th L\u00e1szl\u00f3 kisebbs\u00e9gkutat\u00f3i tev\u00e9kenys\u00e9g\u00e9nek szakaszait. Annak is els\u0151, kiemelked\u0151en fontos \u00e1llom\u00e1sa az a Pe\u00e9ry-kutat\u00e1s, amelyb\u0151l \u2013 a teljes \u00e9letm\u0171 felt\u00e1r\u00e1sa el\u0151tt \u2013 azonnal \u00f6n\u00e1ll\u00f3 \u00e9letre kel Esterh\u00e1zy J\u00e1nos szem\u00e9ly\u00e9nek megvil\u00e1g\u00edt\u00e1sa. T\u00f3th L\u00e1szl\u00f3, Moln\u00e1r Imr\u00e9vel egy\u00fctt, m\u00e1r 1990-ben megjelenteti a legfontosabb Esterh\u00e1zy-dokumentumokat, \u00edgy Pe\u00e9ry, Szalatnai \u00e9s Cs\u00e1ky r\u00f3la sz\u00f3l\u00f3 \u00edr\u00e1sait, F\u00e1bry megid\u00e9z\u0151 munk\u00e1it, de olvashatjuk abban Karel Koch \u00edr\u00e1s\u00e1t, aki \u00e9let\u00e9t Esterh\u00e1zynak k\u00f6sz\u00f6nhette, illetve megismerhetj\u00fck Szolzsenyicin v\u00e9lem\u00e9ny\u00e9t is \u201ea szlov\u00e1kiai magyarok egykori vezet\u0151j\u00e9r\u0151l\u201d. Term\u00e9szetesen szerepelnek a k\u00f6tetben (amelyet e recenzi\u00f3 szerz\u0151j\u00e9nek akkori foly\u00f3irata is szeml\u00e9zett, tal\u00e1n \u00e9pp Filep \u00e1ltal) Esterh\u00e1zyt\u00f3l sz\u00e1rmaz\u00f3 \u00edr\u00e1sok, parlamenti besz\u00e9dek, illetve az addig fellelt megrend\u00edt\u0151 dokumentumok. Mint p\u00e9ld\u00e1ul a nyitrai \u00e1llami jegyz\u0151s\u00e9g levele az akkor B\u00e9csben \u00e9l\u0151 Esterh\u00e1zy Aliznak c\u00edmezve, amelyben \u00e9rtes\u00edtik, hogy a k\u00e9t \u00e9ve elhunyt \u00e9s minden vagyon\u00e1t\u00f3l megfosztott Esterh\u00e1zy J\u00e1nos hagyat\u00e9ki t\u00e1rgyal\u00e1sa 1959 december\u00e9re lett kit\u0171zve, ezen \u00e1tveheti 110 koron\u00e1s szem\u00e9lyes \u00f6r\u00f6ks\u00e9g\u00e9t, de \u201ejobban j\u00e1r, ha lemond r\u00f3la, &lt;mert azok a k\u00f6lts\u00e9gek, amelyek az ilyen jelent\u00e9ktelen \u00f6sszeg [\u2026] \u00e1tv\u00e9tel\u00e9vel j\u00e1rnak, meg fogj\u00e1k haladni mag\u00e1nak az \u00f6r\u00f6ks\u00e9gnek az \u00f6sszeg\u00e9t is&gt;\u201d.&nbsp; Ism\u00e9telj\u00fck meg a k\u00f6tet megjelen\u00e9s\u00e9nek d\u00e1tum\u00e1t: 1990 \u0151sze.<\/p>\n\n\n\n<p>Tal\u00e1n nem kell hangs\u00falyoznunk, hogy ez a gesztus, ez a reag\u00e1l\u00e1s mennyire id\u0151ben \u00e9rkezett; mennyire megel\u0151zte mindazokat, akik ma \u2013 egy\u00e9bk\u00e9nt helyesen \u2013 felkarolj\u00e1k Esterh\u00e1zy J\u00e1nos m\u00e1rt\u00edrium\u00e1nak szolg\u00e1lat\u00e1t. M\u00e1r csak azt kellene el\u00e9rn\u00fcnk, hogy minden er\u0151fesz\u00edt\u00e9s folyamatos maradhasson; ne szakaszolj\u00e1k azt mindenkori politikai fordulatok; s ne v\u00e1ljanak az egyes \u00e9vtizedek meghat\u00e1roz\u00f3 szellemt\u00f6rt\u00e9neti \u00e9rt\u00e9keit l\u00e9trehoz\u00f3, gesztusait megcselekv\u0151 alkot\u00f3k amolyan majdani \u201ekedves fick\u00f3kk\u00e1\u201d. (Filep Tam\u00e1s Guszt\u00e1v: T\u00f3th L\u00e1szl\u00f3. Nap Kiad\u00f3).<\/p>\n\n\n\n<p class=\"has-text-align-right\"><em>Tam\u00e1si Orosz J\u00e1nos<\/em><\/p>\n","protected":false},"excerpt":{"rendered":"<p>Szem\u00e9lyes k\u00f6t\u0151d\u00e9sekr\u0151l nem illend\u0151 besz\u00e9lni egy m\u0171 objekt\u00edv \u00e9rt\u00e9kel\u00e9se kapcs\u00e1n; ugyanakkor, nem csak irodalomt\u00f6rt\u00e9neti kutat\u00e1sok sor\u00e1n, az (a szem\u00e9lyes \u00e9rdekl\u0151d\u00e9s) mindig megker\u00fclhetetlen. Olyan alapszab\u00e1ly ez, amelyet sokan megszegnek, kutat\u00e1saikat objekt\u00edv m\u00e9rc\u00e9knek rendelik al\u00e1, mondj\u00e1k, holott valamif\u00e9le azonosul\u00e1s a kutatott szem\u00e9ly &hellip; <a href=\"https:\/\/opus-folyoirat.sk\/?page_id=3479\">Egy kattint\u00e1s ide a folytat\u00e1shoz&#8230;. <span class=\"meta-nav\">&rarr;<\/span><\/a><\/p>\n","protected":false},"author":4,"featured_media":0,"parent":0,"menu_order":0,"comment_status":"closed","ping_status":"closed","template":"","meta":{"footnotes":""},"class_list":["post-3479","page","type-page","status-publish","hentry"],"_links":{"self":[{"href":"https:\/\/opus-folyoirat.sk\/index.php?rest_route=\/wp\/v2\/pages\/3479","targetHints":{"allow":["GET"]}}],"collection":[{"href":"https:\/\/opus-folyoirat.sk\/index.php?rest_route=\/wp\/v2\/pages"}],"about":[{"href":"https:\/\/opus-folyoirat.sk\/index.php?rest_route=\/wp\/v2\/types\/page"}],"author":[{"embeddable":true,"href":"https:\/\/opus-folyoirat.sk\/index.php?rest_route=\/wp\/v2\/users\/4"}],"replies":[{"embeddable":true,"href":"https:\/\/opus-folyoirat.sk\/index.php?rest_route=%2Fwp%2Fv2%2Fcomments&post=3479"}],"version-history":[{"count":1,"href":"https:\/\/opus-folyoirat.sk\/index.php?rest_route=\/wp\/v2\/pages\/3479\/revisions"}],"predecessor-version":[{"id":3484,"href":"https:\/\/opus-folyoirat.sk\/index.php?rest_route=\/wp\/v2\/pages\/3479\/revisions\/3484"}],"wp:attachment":[{"href":"https:\/\/opus-folyoirat.sk\/index.php?rest_route=%2Fwp%2Fv2%2Fmedia&parent=3479"}],"curies":[{"name":"wp","href":"https:\/\/api.w.org\/{rel}","templated":true}]}}