{"id":3487,"date":"2025-06-20T13:20:00","date_gmt":"2025-06-20T11:20:00","guid":{"rendered":"https:\/\/opus-folyoirat.sk\/?page_id=3487"},"modified":"2026-01-01T13:24:55","modified_gmt":"2026-01-01T11:24:55","slug":"jelen-ideju-multban-elni","status":"publish","type":"page","link":"https:\/\/opus-folyoirat.sk\/?page_id=3487","title":{"rendered":"Jelen idej\u0171 m\u00faltban \u00e9lni"},"content":{"rendered":"<div class=\"has-text-align-right wp-block-post-date\"><time datetime=\"2025-06-20T13:20:00+02:00\">2025-06-20<\/time><\/div>\n\n<div class=\"wp-block-image\">\n<figure class=\"alignright size-large is-resized\"><img loading=\"lazy\" decoding=\"async\" width=\"743\" height=\"1024\" src=\"https:\/\/opus-folyoirat.sk\/wp-content\/uploads\/2026\/01\/bereck-jozsef-animaportal-743x1024.webp\" alt=\"\" class=\"wp-image-3488\" style=\"width:226px;height:auto\" srcset=\"https:\/\/opus-folyoirat.sk\/wp-content\/uploads\/2026\/01\/bereck-jozsef-animaportal-743x1024.webp 743w, https:\/\/opus-folyoirat.sk\/wp-content\/uploads\/2026\/01\/bereck-jozsef-animaportal-218x300.webp 218w, https:\/\/opus-folyoirat.sk\/wp-content\/uploads\/2026\/01\/bereck-jozsef-animaportal-768x1059.webp 768w, https:\/\/opus-folyoirat.sk\/wp-content\/uploads\/2026\/01\/bereck-jozsef-animaportal-1114x1536.webp 1114w, https:\/\/opus-folyoirat.sk\/wp-content\/uploads\/2026\/01\/bereck-jozsef-animaportal-1485x2048.webp 1485w, https:\/\/opus-folyoirat.sk\/wp-content\/uploads\/2026\/01\/bereck-jozsef-animaportal.webp 1740w\" sizes=\"auto, (max-width: 743px) 100vw, 743px\" \/><\/figure><\/div>\n\n\n<p>\u201e\u2026val\u00f3s\u00e1gig\u00e9nyem t\u00e1pl\u00e1lkozik ebb\u0151l a t\u00e1jb\u00f3l, s ez az\u00e9rt nem l\u00e9nyegtelen sz\u00e1momra, mert a t\u00e1jjal val\u00f3 pr\u00f3b\u00e1lkoz\u00e1saimb\u00f3l esetleg m\u00e1sok val\u00f3s\u00e1gig\u00e9nye is t\u00e1pl\u00e1lkozhat\u2026\u201d \u2013 \u00edrja egyik leger\u0151sebb kisessz\u00e9j\u00e9ben Bereck J\u00f3zsef, s a Gyermekkorom pusztul\u00f3 t\u00e1jai c\u00edm\u0171 textus val\u00f3ban egy nagyon fontos, l\u00e9nyeges \u00fczenet m\u00faltr\u00f3l s jelenr\u0151l a mindenkori olvas\u00f3nak. \u00c9rv\u00e9nyes azokban az id\u0151kben is, amikor a jelenb\u0151l lesz a m\u00falt, s mikor m\u00e1r csak a t\u00e1jak megelevened\u0151 le\u00edr\u00e1saib\u00f3l, az \u00e9letm\u00f3dra utal\u00f3 t\u00f6rt\u00e9netekb\u0151l k\u00f6vetkeztethet\u00fcnk az egykori id\u0151k sz\u00e9ps\u00e9geire, sz\u00fcrkes\u00e9geire, rem\u00e9nytelens\u00e9geire \u00e9s rem\u00e9nyeire.&nbsp;<\/p>\n\n\n\n<p>Mert mindig \u00e9s mindenkinek ki kell mondania azt, hogy: \u201e\u2026jelen idej\u0171 m\u00falttal \u00e9lek\u2026\u201d. &nbsp;<\/p>\n\n\n\n<p>Ez\u00e9rt (is), hogy Bereck J\u00f3zsef novell\u00e1ib\u00f3l, t\u00e1rc\u00e1ib\u00f3l \u00e9s jegyzeteib\u0151l (val\u00f3j\u00e1ban Bereck-egypercesekb\u0151l) \u00e1ll\u00f3 v\u00e1logat\u00e1sban m\u00e9lyedhet el eme kiadv\u00e1nyban az olvas\u00f3. Persze, el\u00e9g lett volna annyit \u00edrnom, hogy sz\u00e9ppr\u00f3za-f\u00fcz\u00e9rb\u0151l \u00e1ll\u00f3 kis t\u00fckre ez Csall\u00f3k\u00f6znek, a \u201ecsall\u00f3k\u00f6zi Faulkner\u201d toll\u00e1b\u00f3l, hiszen &#8211; vegyesnek t\u0171n\u0151 m\u0171faj ide, vagy oda &#8211; a ma m\u00e1r a klasszikus mesterek k\u00f6z\u00e9 tartoz\u00f3 Bereck valamennyi munk\u00e1j\u00e1t a sz\u00e9ppr\u00f3zai ig\u00e9nyess\u00e9g jellemzi. M\u00e9gis, van valamif\u00e9le tart\u00f3zkod\u00e1s &#8211; \u00e1ltal\u00e1ban az irodalomt\u00f6rt\u00e9neti \u00e9rt\u00e9kel\u00e9sek elemz\u00e9seiben &#8211; a kisebb munk\u00e1k fel\u00e9. Furcsa ez. Ami fest\u0151k eset\u00e9ben t\u00f6bbnyire f\u00f6l sem mer\u00fcl, a m\u0171terem-sarkokban f\u00f6lhalmozott v\u00e1zlatrajzok is komoly, \u00e9rt\u00e9kes darabjai \u00e9letm\u0171v\u00fcknek, az a sz\u00e9p\u00edr\u00f3k eset\u00e9ben egyfajta hat\u00e1rk\u0151be \u00fctk\u00f6zik: a t\u00e1rc\u00e1k, amelyek pedig (mondjuk ki ny\u00edltan, ne szem\u00e9rmeskedj\u00fcnk) a napi keny\u00e9rkeresetet, meg\u00e9lhet\u00e9st biztos\u00edtott\u00e1k, s nem egyszer ir\u00e1nymutat\u00f3 k\u00f6zv\u00e9leked\u00e9ss\u00e9 v\u00e1ltak, fontos, megk\u00fcl\u00f6nb\u00f6ztet\u0151 jegyeket kaptak (\u00e9pp \u00fagy, mint egy sz\u00e9nceruza egyedi fut\u00e1sa a rajzlapon) a klasszikus \u00edr\u00f3 saj\u00e1tos fogalmi rendszer\u00e9ben, asszociat\u00edv metaforikus mondat\u00e9p\u00edt\u00e9s\u00e9ben.&nbsp;<\/p>\n\n\n\n<p>Nincs m\u00f3dunk mindezt hosszasan ecsetelni, m\u00e9gis, utal\u00e1sk\u00e9nt f\u00f6l kell friss\u00edten\u00fcnk mindenki eml\u00e9kezet\u00e9t a t\u00e1rcanovell\u00e1k fontoss\u00e1g\u00e1ra \u2013 valaha ez a nyomtatott sajt\u00f3 l\u00e9nyeges elem\u00e9nek, a h\u00edrek mellett ez jelentette az \u00e1tlagolvas\u00f3 napi sz\u00e9pirodalmi kiszolg\u00e1l\u00e1s\u00e1t. Klasszikus \u00edr\u00f3k villantottak fel azokban t\u00f6bbnyire egy s\u0171r\u0171 leveg\u0151j\u0171, t\u00f6m\u00f6r atmoszf\u00e9r\u00e1val hat\u00f3, a h\u00e9tk\u00f6znapok mikrokozmosz\u00e1r\u00f3l tud\u00f3s\u00edt\u00f3 pillanatfelv\u00e9telt, amelyek majd elvezettek a nagyobb leveg\u0151t s t\u00e1gabb perspekt\u00edv\u00e1t hoz\u00f3 novell\u00e1kig, kisreg\u00e9nyekig. Egy ezekre k\u00e9sz\u00fcl\u0151, vagy ebben \u00e9l\u0151 \u00edr\u00f3 n\u00e9h\u00e1ny sorban is nagyon m\u00e9ly sz\u00e9pirodalmi \u00e9lm\u00e9nyt ny\u00fajtott olvas\u00f3inak.<\/p>\n\n\n\n<figure class=\"wp-block-gallery has-nested-images columns-default is-cropped wp-block-gallery-1 is-layout-flex wp-block-gallery-is-layout-flex\">\n<figure class=\"wp-block-image size-large\"><img loading=\"lazy\" decoding=\"async\" width=\"306\" height=\"500\" data-id=\"3491\" src=\"https:\/\/opus-folyoirat.sk\/wp-content\/uploads\/2026\/01\/covers_281755.jpeg\" alt=\"\" class=\"wp-image-3491\" srcset=\"https:\/\/opus-folyoirat.sk\/wp-content\/uploads\/2026\/01\/covers_281755.jpeg 306w, https:\/\/opus-folyoirat.sk\/wp-content\/uploads\/2026\/01\/covers_281755-184x300.jpeg 184w\" sizes=\"auto, (max-width: 306px) 100vw, 306px\" \/><\/figure>\n\n\n\n<figure class=\"wp-block-image size-large\"><img loading=\"lazy\" decoding=\"async\" width=\"273\" height=\"500\" data-id=\"3490\" src=\"https:\/\/opus-folyoirat.sk\/wp-content\/uploads\/2026\/01\/covers_548415.jpeg\" alt=\"\" class=\"wp-image-3490\" srcset=\"https:\/\/opus-folyoirat.sk\/wp-content\/uploads\/2026\/01\/covers_548415.jpeg 273w, https:\/\/opus-folyoirat.sk\/wp-content\/uploads\/2026\/01\/covers_548415-164x300.jpeg 164w\" sizes=\"auto, (max-width: 273px) 100vw, 273px\" \/><\/figure>\n\n\n\n<figure class=\"wp-block-image size-large\"><img loading=\"lazy\" decoding=\"async\" width=\"298\" height=\"500\" data-id=\"3489\" src=\"https:\/\/opus-folyoirat.sk\/wp-content\/uploads\/2026\/01\/covers_822189.jpeg\" alt=\"\" class=\"wp-image-3489\" srcset=\"https:\/\/opus-folyoirat.sk\/wp-content\/uploads\/2026\/01\/covers_822189.jpeg 298w, https:\/\/opus-folyoirat.sk\/wp-content\/uploads\/2026\/01\/covers_822189-179x300.jpeg 179w\" sizes=\"auto, (max-width: 298px) 100vw, 298px\" \/><\/figure>\n<\/figure>\n\n\n\n<p>Mint Bereck J\u00f3zsef. A legapr\u00f3bb terjedelm\u0171 t\u00e1jle\u00edr\u00f3 munk\u00e1i is, mint tapasztalhatj\u00e1k, sz\u00e9lesre nyitott optik\u00e1val k\u00e9sz\u00fclnek. Le\u00edrom, hogy a fotogr\u00e1fusok a sz\u00edv\u00fckh\u00f6z kapjanak: \u201enagyl\u00e1t\u00f3sz\u00f6g\u0171 mikrorealisra\u201d felv\u00e9telek ezek, sokat mond\u00f3 tanulm\u00e1nyrajzok a novell\u00e1k el\u00e9, k\u00f6z\u00e9, hogy majd azokban tov\u00e1bb t\u00e1guljon a perspekt\u00edva \u2013 Bereck elrejtett metafor\u00e1kb\u00f3l \u00e9p\u00fcl\u0151 vil\u00e1girodalmi s k\u00fcl\u00f6n\u00f6sen filmm\u0171v\u00e9szeti kapaszkod\u00f3ira. E kett\u0151 k\u00f6z\u00f6tt: az eml\u00edtett egyetemes kult\u00fara \u00e9s a Csall\u00f3k\u00f6z \u00e9lm\u00e9nyvil\u00e1ga adja a Bereck-\u00e9letm\u0171 saj\u00e1toss\u00e1g\u00e1t.<\/p>\n\n\n\n<p>Ennek, ha nem is teljes, de piciny szelet\u00e9re itt is r\u00e1mutathatunk: tal\u00e1n meglep\u0151, hogy Bereck b\u00facs\u00faj\u00e1t Fellinit\u0151l ide iktattuk, de t\u0171n\u0151dj\u00fcnk el k\u00f6z\u00f6sen azon, mennyire szubjekt\u00edv m\u00f3don fogalmazza ezt meg. Mintegy \u00e1t- \u00e9s belesz\u0151vi mondataiba egyik alkot\u00f3i perspekt\u00edv\u00e1j\u00e1t: azt a m\u00e1gikus realizmust, amit kritikusai m\u00e1r f\u00f6lfedeztek \u00edr\u00e1saiban. \u00c1m itt az egyik ered\u0151, s ott van az a Vihar el\u0151tt-ben \u2013 hiszen annak hangulata (s nem a c\u00edmazonoss\u00e1g trivialit\u00e1sa miatt eml\u00edtj\u00fck) egy\u00e9rtelm\u0171 parabol\u00e1ja Giovanni Verga fojt\u00f3 t\u00f6rt\u00e9net\u00e9nek. De eml\u00edthetn\u00e9nk, itt sem a c\u00edm \u00e1thall\u00e1sa miatt csup\u00e1n, az imm\u00e1r klasszikus Bili\u00e1rd n\u00e9h\u00e1ny h\u0151s eml\u00e9k\u00e9nek c\u00edmen m\u00e9lt\u00e1n k\u00f6zismert (?) \u00e9s n\u00e9pszer\u0171 (?) Bereck-novell\u00e1t \u00e9s Heinrich B\u00f6ll hason c\u00edm\u0171 reg\u00e9ny\u00e9nek \u00f6ssze\u00e9r\u0151 utal\u00e1sait arra, hogy mindannyian jelen idej\u0171 m\u00faltban \u00e9l\u00fcnk. A B\u00f6ll-reg\u00e9ny f\u0151szerepl\u0151je mintha a Bereck-novella f\u0151szerepl\u0151j\u00e9nek lassan \u00e9p\u00fcl\u0151 felismer\u00e9s\u00e9t summ\u00e1zn\u00e1: \u201e&#8230;nem b\u00e9k\u00fcltem meg a megb\u00e9k\u00e9l\u00e9s szellem\u00e9vel, mert nem az elvakult buzgalom rombolt itt, hanem a gy\u0171l\u00f6let, amely nem volt vak, s amelyb\u0151l m\u00e9g megb\u00e1n\u00e1s sem fakadt\u201d.<\/p>\n\n\n\n<p>A felvid\u00e9ki magyar pr\u00f3za egyik remek\u00edr\u00f3j\u00e1nak, klasszikus\u00e1nak munk\u00e1it mutatjuk teh\u00e1t be, m\u00e9lt\u00f3 m\u00f3don \u2013 hiszen Fodor P\u00e9ter fotogr\u00e1fi\u00e1i mintha pillanatk\u00e9pei lenn\u00e9nek a Bereck-\u00edr\u00e1sok nem h\u00e1tter\u00e9nek, de azokhoz szervesen k\u00f6t\u0151d\u0151 mindenkori jelenl\u00e9t\u00e9nek. A k\u00e9pek mindegyik\u00e9ben ott vibr\u00e1l egy-egy jelz\u0151, vagy jelz\u0151s szerkezet, s a mondatok mindegyike ott hordozza mag\u00e1ban a f\u00e9nyeket s a f\u00e9nyt\u00f6r\u00e9seket. A m\u00falt hossz\u00fa-hossz\u00fa \u00e1rny\u00e9k\u00e1t. Hitelesen, hisz, mint Bereck \u00edrja: \u201e\u2026mint a tenyeremet, \u00fagy ismertem falum rozzant hat\u00e1rk\u00f6vek k\u00f6z\u00e9 szor\u00edtott k\u00f6rny\u00e9k\u00e9t, d\u0171l\u0151it, teh\u00e1t a k\u00e9plet (t\u00e9rk\u00e9plet) ilyet\u00e9n ismeret\u00e9ben nem volt neh\u00e9z a behelyettes\u00edt\u00e9s. Lett egy kis sivatagom, egy kis erd\u0151m, tavam, tengerem, s \u00edgy f\u00e9szkel\u0151d\u00f6m bele akkori falusi mikrovil\u00e1gomba az eg\u00e9sz vil\u00e1g. Sz\u0151rzs\u00e1k suta zsomb\u00e9kjai, Petre teh\u00e9nszag\u00fa legel\u0151i, Ist\u00f3szeg z\u00fag\u00f3 n\u00e1dasai, Andr\u00e1s-szigetje t\u0151zegalj\u00fa \u201egumi\u00fatjai\u201c k\u00f6z\u00f6tt nyugodtan elf\u00e9rt a vil\u00e1g egy-egy t\u00e1ja.\u201d<\/p>\n\n\n\n<p>Fejet hajtani, id\u0151r\u0151l id\u0151re f\u00f6leleven\u00edteni ezt az \u00e9letm\u0171vet (is) k\u00f6teless\u00e9gn\u00e9l t\u00f6bb \u00e9s er\u0151sebb szolg\u00e1lat. Mert a felejt\u00e9s beteljes\u00edti azt, amit Bereck m\u00e9g csak sejt\u00e9sk\u00e9nt fogalmazott meg: \u201e\u2026nem szeretn\u00e9k f\u00f6ld\u00f6nfut\u00f3v\u00e1 v\u00e1lni e kicsi honban\u2026\u201d<\/p>\n\n\n\n<p class=\"has-text-align-right\"><em>Tam\u00e1si Orosz J\u00e1nos<\/em><\/p>\n","protected":false},"excerpt":{"rendered":"<p>\u201e\u2026val\u00f3s\u00e1gig\u00e9nyem t\u00e1pl\u00e1lkozik ebb\u0151l a t\u00e1jb\u00f3l, s ez az\u00e9rt nem l\u00e9nyegtelen sz\u00e1momra, mert a t\u00e1jjal val\u00f3 pr\u00f3b\u00e1lkoz\u00e1saimb\u00f3l esetleg m\u00e1sok val\u00f3s\u00e1gig\u00e9nye is t\u00e1pl\u00e1lkozhat\u2026\u201d \u2013 \u00edrja egyik leger\u0151sebb kisessz\u00e9j\u00e9ben Bereck J\u00f3zsef, s a Gyermekkorom pusztul\u00f3 t\u00e1jai c\u00edm\u0171 textus val\u00f3ban egy nagyon fontos, l\u00e9nyeges &hellip; <a href=\"https:\/\/opus-folyoirat.sk\/?page_id=3487\">Egy kattint\u00e1s ide a folytat\u00e1shoz&#8230;. <span class=\"meta-nav\">&rarr;<\/span><\/a><\/p>\n","protected":false},"author":4,"featured_media":0,"parent":0,"menu_order":0,"comment_status":"closed","ping_status":"closed","template":"","meta":{"footnotes":""},"class_list":["post-3487","page","type-page","status-publish","hentry"],"_links":{"self":[{"href":"https:\/\/opus-folyoirat.sk\/index.php?rest_route=\/wp\/v2\/pages\/3487","targetHints":{"allow":["GET"]}}],"collection":[{"href":"https:\/\/opus-folyoirat.sk\/index.php?rest_route=\/wp\/v2\/pages"}],"about":[{"href":"https:\/\/opus-folyoirat.sk\/index.php?rest_route=\/wp\/v2\/types\/page"}],"author":[{"embeddable":true,"href":"https:\/\/opus-folyoirat.sk\/index.php?rest_route=\/wp\/v2\/users\/4"}],"replies":[{"embeddable":true,"href":"https:\/\/opus-folyoirat.sk\/index.php?rest_route=%2Fwp%2Fv2%2Fcomments&post=3487"}],"version-history":[{"count":1,"href":"https:\/\/opus-folyoirat.sk\/index.php?rest_route=\/wp\/v2\/pages\/3487\/revisions"}],"predecessor-version":[{"id":3492,"href":"https:\/\/opus-folyoirat.sk\/index.php?rest_route=\/wp\/v2\/pages\/3487\/revisions\/3492"}],"wp:attachment":[{"href":"https:\/\/opus-folyoirat.sk\/index.php?rest_route=%2Fwp%2Fv2%2Fmedia&parent=3487"}],"curies":[{"name":"wp","href":"https:\/\/api.w.org\/{rel}","templated":true}]}}