{"id":3528,"date":"2025-01-22T10:30:00","date_gmt":"2025-01-22T08:30:00","guid":{"rendered":"https:\/\/opus-folyoirat.sk\/?page_id=3528"},"modified":"2026-01-12T02:31:30","modified_gmt":"2026-01-12T00:31:30","slug":"hajnal-eva-2","status":"publish","type":"page","link":"https:\/\/opus-folyoirat.sk\/?page_id=3528","title":{"rendered":"Hajnal \u00c9va"},"content":{"rendered":"\n<p class=\"has-text-align-center\"><strong>Nyolc apeva<\/strong><\/p>\n\n\n<div class=\"has-text-align-right wp-block-post-date\"><time datetime=\"2025-01-22T10:30:00+02:00\">2025-01-22<\/time><\/div>\n\n\n<div class=\"wp-block-group is-vertical is-content-justification-center is-layout-flex wp-container-core-group-is-layout-4b2eccd6 wp-block-group-is-layout-flex\">\n<p>Ne<\/p>\n\n\n\n<p>n\u00e9zd a<\/p>\n\n\n\n<p>sz\u00e1lk\u00e1t, a<\/p>\n\n\n\n<p>gerend\u00e1val<\/p>\n\n\n\n<p>foglald el magad!<\/p>\n\n\n\n<p><strong>*<\/strong><\/p>\n\n\n\n<p>Nincs<\/p>\n\n\n\n<p>semmi<\/p>\n\n\n\n<p>egyszer\u0171bb,<\/p>\n\n\n\n<p>mint szeretni.<\/p>\n\n\n\n<p>Gy\u0171l\u00f6lni neh\u00e9z.<\/p>\n\n\n\n<p><strong>*<\/strong><\/p>\n\n\n\n<p>L\u00e1m,<\/p>\n\n\n\n<p>arcod<\/p>\n\n\n\n<p>r\u00e1ncai<\/p>\n\n\n\n<p>elsimultak<\/p>\n\n\n\n<p>egy nevet\u00e9sben.<\/p>\n\n\n\n<p><strong>*<\/strong><\/p>\n\n\n\n<p>Ma<\/p>\n\n\n\n<p>deres<\/p>\n\n\n\n<p>hajamba<\/p>\n\n\n\n<p>r\u00f3zs\u00e1t t\u0171zt\u00e9l.<\/p>\n\n\n\n<p>Ifj\u00fak\u00e9nt j\u00e1rok.<\/p>\n\n\n\n<p>*<\/p>\n\n\n\n<p>Csak<\/p>\n\n\n\n<p>apr\u00f3<\/p>\n\n\n\n<p>l\u00e9legzet<\/p>\n\n\n\n<p>a tavasz, cs\u00f3k<\/p>\n\n\n\n<p>t\u00e9l \u00e9s ny\u00e1r k\u00f6z\u00f6tt.<\/p>\n\n\n\n<p>*<\/p>\n\n\n\n<p>Ha<\/p>\n\n\n\n<p>r\u00e9gi<\/p>\n\n\n\n<p>fi\u00f3kban<\/p>\n\n\n\n<p>kutatsz, j\u00f6n a<\/p>\n\n\n\n<p>m\u00falt, ne lep\u0151dj meg!<\/p>\n\n\n\n<p><strong>*<\/strong><\/p>\n\n\n\n<p>M\u00e1r<\/p>\n\n\n\n<p>csak k\u00f6d<\/p>\n\n\n\n<p>\u00fcld\u00f6g\u00e9l<\/p>\n\n\n\n<p>l\u00e9cker\u00edt\u00e9s<\/p>\n\n\n\n<p>nyikorg\u00e1sain.<\/p>\n\n\n\n<p>*<\/p>\n\n\n\n<p>N\u00e9zd,<\/p>\n\n\n\n<p>l\u00e1rm\u00e1s<\/p>\n\n\n\n<p>madarak<\/p>\n\n\n\n<p>fecseg\u00e9s\u00e9n<\/p>\n\n\n\n<p>vibr\u00e1l a h\u0151s\u00e9g.<\/p>\n<\/div>\n","protected":false},"excerpt":{"rendered":"<p>Nyolc apeva Ne n\u00e9zd a sz\u00e1lk\u00e1t, a gerend\u00e1val foglald el magad! * Nincs semmi egyszer\u0171bb, mint szeretni. Gy\u0171l\u00f6lni neh\u00e9z. * L\u00e1m, arcod r\u00e1ncai elsimultak egy nevet\u00e9sben. * Ma deres hajamba r\u00f3zs\u00e1t t\u0171zt\u00e9l. Ifj\u00fak\u00e9nt j\u00e1rok. * Csak apr\u00f3 l\u00e9legzet a tavasz, &hellip; <a href=\"https:\/\/opus-folyoirat.sk\/?page_id=3528\">Egy kattint\u00e1s ide a folytat\u00e1shoz&#8230;. <span class=\"meta-nav\">&rarr;<\/span><\/a><\/p>\n","protected":false},"author":4,"featured_media":0,"parent":0,"menu_order":0,"comment_status":"closed","ping_status":"closed","template":"","meta":{"footnotes":""},"class_list":["post-3528","page","type-page","status-publish","hentry"],"_links":{"self":[{"href":"https:\/\/opus-folyoirat.sk\/index.php?rest_route=\/wp\/v2\/pages\/3528","targetHints":{"allow":["GET"]}}],"collection":[{"href":"https:\/\/opus-folyoirat.sk\/index.php?rest_route=\/wp\/v2\/pages"}],"about":[{"href":"https:\/\/opus-folyoirat.sk\/index.php?rest_route=\/wp\/v2\/types\/page"}],"author":[{"embeddable":true,"href":"https:\/\/opus-folyoirat.sk\/index.php?rest_route=\/wp\/v2\/users\/4"}],"replies":[{"embeddable":true,"href":"https:\/\/opus-folyoirat.sk\/index.php?rest_route=%2Fwp%2Fv2%2Fcomments&post=3528"}],"version-history":[{"count":2,"href":"https:\/\/opus-folyoirat.sk\/index.php?rest_route=\/wp\/v2\/pages\/3528\/revisions"}],"predecessor-version":[{"id":3530,"href":"https:\/\/opus-folyoirat.sk\/index.php?rest_route=\/wp\/v2\/pages\/3528\/revisions\/3530"}],"wp:attachment":[{"href":"https:\/\/opus-folyoirat.sk\/index.php?rest_route=%2Fwp%2Fv2%2Fmedia&parent=3528"}],"curies":[{"name":"wp","href":"https:\/\/api.w.org\/{rel}","templated":true}]}}