{"id":3553,"date":"2025-03-22T13:08:00","date_gmt":"2025-03-22T11:08:00","guid":{"rendered":"https:\/\/opus-folyoirat.sk\/?page_id=3553"},"modified":"2026-01-12T03:09:38","modified_gmt":"2026-01-12T01:09:38","slug":"lipcsey-emoke","status":"publish","type":"page","link":"https:\/\/opus-folyoirat.sk\/?page_id=3553","title":{"rendered":"Lipcsey Em\u0151ke"},"content":{"rendered":"\n<div class=\"wp-block-group is-vertical is-layout-flex wp-container-core-group-is-layout-8cf370e7 wp-block-group-is-layout-flex\">\n<p><strong>A sz\u00e9thull\u00e1s katedr\u00e1lisa<\/strong><\/p>\n\n\n\n<p><em>(gondolatok G\u00e9czi J\u00e1nos munk\u00e1i \u00fcr\u00fcgy\u00e9n)<\/em><\/p>\n<\/div>\n\n\n<div class=\"has-text-align-right wp-block-post-date\"><time datetime=\"2025-03-22T13:08:00+02:00\">2025-03-22<\/time><\/div>\n\n\n<p><\/p>\n\n\n\n<div class=\"wp-block-group is-vertical is-layout-flex wp-container-core-group-is-layout-8cf370e7 wp-block-group-is-layout-flex\">\n<p>Aki R\u00f3m\u00e1ban j\u00e1r, l\u00e9pten-nyomon a m\u00falt, a jelen \u00e9s a j\u00f6v\u0151 folyamatos egym\u00e1sra \u00e9p\u00edtkez\u00e9s\u00e9vel tal\u00e1lkozik. R\u00e1csod\u00e1lkozunk egy-egy \u00f3kori kapu\u00edvre, amelyik egy alig n\u00e9h\u00e1ny \u00e9ve \u00e9p\u00fclt, men\u0151 k\u00e1v\u00e9z\u00f3 terasz\u00e1t \u00f6vez\u0151 falba \u00e9kel\u0151dik, megcsod\u00e1ljuk a Szent P\u00e9ter t\u00e9r 17. sz\u00e1zadi gigantikus oszlopsor\u00e1t, \u00e9s a t\u00e9r k\u00f6zep\u00e9n \u00e1ll\u00f3 kilenc m\u00e9ter magas obeliszket, melyet Caligula hozatott Egyiptomb\u00f3l R\u00f3m\u00e1ba, vagy \u00e9ppen elzar\u00e1ndoklunk az \u00f3kori \u00e9p\u00edt\u00e9szet egyik csod\u00e1j\u00e1ba, a Pantheonba, ahol mellesleg a fest\u0151\u00f3ri\u00e1s Raffaello, \u00e9s II. Viktor Em\u00e1nuel kir\u00e1ly is nyugszik.<\/p>\n\n\n\n<p>R\u00f3ma egy \u00e9p\u00fcletekben, k\u00f6vekben manifeszt\u00e1l\u00e1d\u00f3 id\u0151szint\u00e9zis.&nbsp; Folyamatos \u00fajj\u00e1sz\u00fclet\u00e9se azonban k\u00e9z a k\u00e9zben j\u00e1r a pusztul\u00e1ssal, az eny\u00e9szettel. Romokb\u00f3l, t\u00f6red\u00e9kekekb\u0151l \u00e1ll \u00f6ssze az a v\u00e1rosk\u00e9p, ami elvar\u00e1zsol minket.<\/p>\n\n\n\n<p>Az \u00e9rdekl\u0151d\u0151k a Magyar M\u0171hely Gal\u00e9ri\u00e1ban tekinthett\u00e9k meg G\u00e9czi J\u00e1nos ki\u00e1ll\u00edt\u00e1s\u00e1t, melynek t\u00e9m\u00e1ja R\u00f3ma volt, \u201caz \u00f6r\u00f6k v\u00e1ros\u201d.&nbsp; Az \u00f6r\u00f6k v\u00e1ros c\u00edm alanyi jogon csakis R\u00f3m\u00e1t illeti meg, mely a t\u00f6rt\u00e9nelem sor\u00e1n a folytonos puszul\u00e1s, \u00e9s a folytonos \u00fajj\u00e1sz\u00fclet\u00e9s szimb\u00f3lum\u00e1v\u00e1 v\u00e1lt.&nbsp;<\/p>\n\n\n\n<p>G\u00e9czi J\u00e1nos R\u00f3ma tematik\u00e1j\u00fa koll\u00e1zsai \u00e9s dekoll\u00e1zsai a sz\u00fclet\u00e9s, \u00e9s az eny\u00e9szet kett\u0151ss\u00e9g\u00e9t ragadj\u00e1k meg. Fot\u00f3-\u00e9s textil foszl\u00e1nyokb\u00f3l, szaggatott, t\u00e9pett pap\u00edrdarabokb\u00f3l, sz\u00f3t\u00f6red\u00e9kekb\u0151l, sz\u00e1nd\u00e9kos rombol\u00e1s \u00e9s roncsol\u00e1s \u00e1ltal j\u00f6n l\u00e9tre a sorozat. G\u00e9czi R\u00f3ma ciklusa, ak\u00e1rcsak a v\u00e1ros, t\u00f6red\u00e9kek metamorf\u00f3zisa. Az elpusztult \u00e9p\u00fcletekb\u0151l megmarad\u00f3 k\u00f6vek \u00faj \u00e9p\u00fcletekbe ker\u00fclve egy \u00faj eg\u00e9sz r\u00e9szeiv\u00e9 v\u00e1lnak, egy n\u0151i arc t\u00e9pett sz\u00e9l\u0171 fot\u00f3ja a koll\u00e1zsban \u00faj jelent\u00e9sbe simul. Az egym\u00e1sra rak\u00f3d\u00f3 jelent\u00e9sr\u00e9tegek vizu\u00e1lis vil\u00e1ga azonban \u00e9ppen ellenkez\u0151 hat\u00e1st kelt. \u00dagy \u00e9rz\u00e9kelj\u00fck az egym\u00e1sra halmoz\u00f3d\u00f3 fel\u00fcleteket, mintha szem\u00fcnk l\u00e1tt\u00e1ra r\u00e9tegr\u0151l-r\u00e9tegre h\u00e1mlan\u00e1nak le. Ez adja a k\u00e9pek dinamik\u00e1j\u00e1t, \u00e9s \u00edgy lesznek a r\u00e9szek egym\u00e1s metafor\u00e1i. \u00c9rz\u00e9sekk\u00e9, hangulatsorokk\u00e1, \u00e9s gondolatl\u00e1ncokk\u00e1 f\u0171z\u0151dnek az eny\u00e9szet egym\u00e1sra \u00e9p\u00fcl\u0151 s\u00edkjai, a sz\u00ednek, a form\u00e1k \u00e9s text\u00far\u00e1k gazdags\u00e1ga pedig csak fokozza a rejtett szimb\u00f3lumok \u00e9s metafor\u00e1k erej\u00e9t. Egy-egy k\u00e9p asszoci\u00e1ci\u00f3k t\u00f6mkeleg\u00e9t ind\u00edtja el benn\u00fcnk.&nbsp;<\/p>\n\n\n\n<p>A R\u00f3ma 7 c\u00edm\u0171 dekoll\u00e1zs \u00e9g-\u00e9s tengerk\u00e9kj\u00e9be feh\u00e9r, szaggatott sz\u00e9l\u0171 szigetcsoportok vagy kontinensek \u00fasznak be, melyekb\u0151l jelz\u00e9sszer\u0171en narancssz\u00edn\u0171, kisebb foltok, t\u00fczes g\u00f3cok villannak el\u0151. Tal\u00e1n csat\u00e1k sz\u00ednhelyeit jel\u00f6lik a narancssz\u00edn\u0171 foltok, csat\u00e1k\u00e9t, melyekre a R\u00f3mai Birodalom \u00e9p\u00fclt, vagy amelyek sz\u00e9thull\u00e1s\u00e1hoz vezettek.<\/p>\n\n\n\n<p>Noi la concetto, vagy noi la cono? Vagyis mi vagyunk az eszme, a koncepci\u00f3, vagy egy k\u00fap, mely tal\u00e1n f\u00e1klyak\u00e9nt vil\u00e1g\u00edt? A R\u00f3ma 12 roncsolt sz\u00f6vegr\u00e9szlet\u00e9b\u0151l mindez nem der\u00fcl ki. De a s\u00f6t\u00e9t t\u00f3nus\u00fa koll\u00e1zsban rem\u00e9nyt kelt\u0151 sz\u00f3t\u00f6red\u00e9kek ezek, miel\u0151tt az eg\u00e9sz fel\u00fcletet elnyeli a k\u00e9pbe jobbr\u00f3l be\u00fasz\u00f3 hal.&nbsp;<\/p>\n\n\n\n<p>A R\u00f3ma 37 dekoll\u00e1zsb\u00f3l egyetlen sz\u00f3, az angol reshaped vehet\u0151 ki tiszt\u00e1n, a classical sz\u00f3 \u00e1th\u00fazva, csak sejthet\u0151en van jelen, a k\u00e9t sz\u00f3 \u00f6sszef\u00fcgg\u00e9s\u00e9b\u0151l azonban a klasszikus, az \u00f3kori kult\u00far\u00e1ban gy\u00f6kerez\u0151 \u00e9rt\u00e9kek \u00fajraform\u00e1l\u00e1s\u00e1ra, \u00fajj\u00e1sz\u00fclet\u00e9s\u00e9re k\u00f6vetkeztethet\u00fcnk. A sz\u00f3t\u00f6red\u00e9kek alatt egy er\u0151teljes, ac\u00e9lk\u00e9k fel\u00fclet, alatta egy sz\u00fcrke, bizonytalan folt, mellette egy hatalmas, feh\u00e9r, nyitott fel\u00fclet. Ezek egym\u00e1sra hat\u00f3 er\u0151vonalai ment\u00e9n zajlik a metamorf\u00f3zis, az antik \u00e9rt\u00e9kek \u00fajragondol\u00e1sa.<\/p>\n\n\n\n<p>A R\u00f3ma 11 h\u00e1ttal \u00e1ll\u00f3, integet\u0151, fekete-feh\u00e9r filmekre eml\u00e9keztet\u0151 n\u0151alakj\u00e1nak f\u00fcgg\u0151leges\u00e9t \u00e9rtelmezhetetlen sz\u00f3t\u00f6red\u00e9keket rejt\u0151 v\u00edzszintes k\u00e9k, t\u00fcrkiz \u00e9s piszkossz\u00fcrke fel\u00fclet v\u00e1gja kett\u00e9. A n\u0151 a v\u00e9gtelenbe ny\u00fal\u00f3 feh\u00e9r fel\u00fclet fel\u00e9 fordul, a k\u00e9pb\u0151l egy\u00e9rtelm\u0171en kifel\u00e9 tart, ak\u00e1rcsak a sz\u00fcrke vonat a R\u00f3ma 34 es k\u00e9pen. A vonat m\u00e1sodik vil\u00e1gh\u00e1bor\u00fas nyomaszt\u00f3 hangulat\u00e1t der\u0171s r\u00f3zsasz\u00edn \u00e9s megnyugtat\u00f3 z\u00f6ld fel\u00fcletek ellens\u00falyozz\u00e1k. A R\u00f3ma 34 t\u00f6bb sz\u00f6vegt\u00f6red\u00e9ket is tartalmaz, melyekben elmer\u00fclve szabadon asszoci\u00e1lhatunk.<\/p>\n\n\n\n<p>G\u00e9czi gyakran haszn\u00e1lja a k\u00e9k, a sz\u00fcrke, a feh\u00e9r \u00e9s a fekete k\u00fcl\u00f6nb\u00f6z\u0151 \u00e1rnyalatait. A k\u00e9k \u00e1rnyalatait mesterien kezeli. A v\u00edzszintesen \u00e9p\u00edtkez\u0151 R\u00f3ma 20 szinte csak a k\u00e9k \u00e1rnyalataira \u00e9p\u00fcl, de az \u00e1rnyalatok dinamik\u00e1ja olyan er\u0151s, hogy szinte sodorja mag\u00e1val az alattuk felsejl\u0151 n\u0151alakot. A monocrom sz\u00ednekre \u00e9p\u00fcl\u0151 k\u00e9peken is gyakran megjelenik egy-egy v\u00f6r\u00f6s, narancs, vagy f\u0171z\u00f6ld folt, ami \u00e9ppen azok takar\u00e9kos haszn\u00e1lat\u00e1val v\u00e1lik hangs\u00falyoss\u00e1. Ilyen p\u00e9ld\u00e1ul a R\u00f3ma 35, melyen a sz\u00fcrk\u00e9sfeh\u00e9r semmibe \u00e1gaskod\u00f3 k\u00e9k tornyok \u00e9s katedr\u00e1lisok mell\u00e9 egy \u00e9les r\u00f3zsasz\u00edn\u0171 is \u00e9p\u00fcl. A R\u00f3ma 21-en, 28-on \u00e9s 29-en pedig a naplemente sz\u00ednei is felizzanak.<\/p>\n\n\n\n<p>A sorozat minden egyes darabja \u00f6nmag\u00e1ban is meg\u00e1ll, ugyanakkor szervesen \u00f6sszefon\u00f3dik a t\u00f6bbivel. Katedr\u00e1lisok, antik szobrok, kih\u00edv\u00f3 n\u0151alakok sz\u00fcletnek \u00e9s pusztulnak, majd sz\u00fcletnek \u00fajj\u00e1 \u00f6r\u00f6k k\u00f6rforg\u00e1sban egym\u00e1sba kapaszkodva a m\u00e1ladoz\u00f3 r\u00e9tegek alatt.&nbsp;<\/p>\n\n\n\n<p>G\u00e9czi J\u00e1nos R\u00f3ma sorozat\u00e1ban az \u00f6r\u00f6k v\u00e1rost az eny\u00e9szet katedr\u00e1lis\u00e1v\u00e1 avatja. A koll\u00e1zsok Pilinszky J\u00e1nos Tal\u00e1lkoz\u00e1sok c\u00edm\u0171 vers\u00e9nek utols\u00f3 sorait juttatj\u00e1k eszembe:&nbsp;<\/p>\n<\/div>\n\n\n\n<div class=\"wp-block-group is-vertical is-layout-flex wp-container-core-group-is-layout-8cf370e7 wp-block-group-is-layout-flex\">\n<p>\u00a0\u00a0 \u00a0 \u00a0 \u00a0 \u00a0 \u00a0 \u00a0 \u00a0 \u00a0 &#8222;<em>h\u00e1ny \u00e9s h\u00e1nyf\u00e9le sz\u00ednev\u00e1ltoz\u00e1s,<\/em><\/p>\n\n\n\n<p><em>&nbsp; &nbsp; &nbsp; &nbsp; &nbsp; &nbsp; &nbsp; &nbsp; &nbsp; &nbsp; a m\u00faland\u00f3 s a m\u00falhatatlan<\/em><\/p>\n\n\n\n<p><em>&nbsp; &nbsp; &nbsp; &nbsp; &nbsp; &nbsp; &nbsp; &nbsp; &nbsp; &nbsp; h\u00e1nyf\u00e9le helycser\u00e9je!\u201d<\/em><\/p>\n<\/div>\n","protected":false},"excerpt":{"rendered":"<p>A sz\u00e9thull\u00e1s katedr\u00e1lisa (gondolatok G\u00e9czi J\u00e1nos munk\u00e1i \u00fcr\u00fcgy\u00e9n) Aki R\u00f3m\u00e1ban j\u00e1r, l\u00e9pten-nyomon a m\u00falt, a jelen \u00e9s a j\u00f6v\u0151 folyamatos egym\u00e1sra \u00e9p\u00edtkez\u00e9s\u00e9vel tal\u00e1lkozik. R\u00e1csod\u00e1lkozunk egy-egy \u00f3kori kapu\u00edvre, amelyik egy alig n\u00e9h\u00e1ny \u00e9ve \u00e9p\u00fclt, men\u0151 k\u00e1v\u00e9z\u00f3 terasz\u00e1t \u00f6vez\u0151 falba \u00e9kel\u0151dik, megcsod\u00e1ljuk &hellip; <a href=\"https:\/\/opus-folyoirat.sk\/?page_id=3553\">Egy kattint\u00e1s ide a folytat\u00e1shoz&#8230;. <span class=\"meta-nav\">&rarr;<\/span><\/a><\/p>\n","protected":false},"author":4,"featured_media":0,"parent":0,"menu_order":0,"comment_status":"closed","ping_status":"closed","template":"","meta":{"footnotes":""},"class_list":["post-3553","page","type-page","status-publish","hentry"],"_links":{"self":[{"href":"https:\/\/opus-folyoirat.sk\/index.php?rest_route=\/wp\/v2\/pages\/3553","targetHints":{"allow":["GET"]}}],"collection":[{"href":"https:\/\/opus-folyoirat.sk\/index.php?rest_route=\/wp\/v2\/pages"}],"about":[{"href":"https:\/\/opus-folyoirat.sk\/index.php?rest_route=\/wp\/v2\/types\/page"}],"author":[{"embeddable":true,"href":"https:\/\/opus-folyoirat.sk\/index.php?rest_route=\/wp\/v2\/users\/4"}],"replies":[{"embeddable":true,"href":"https:\/\/opus-folyoirat.sk\/index.php?rest_route=%2Fwp%2Fv2%2Fcomments&post=3553"}],"version-history":[{"count":1,"href":"https:\/\/opus-folyoirat.sk\/index.php?rest_route=\/wp\/v2\/pages\/3553\/revisions"}],"predecessor-version":[{"id":3555,"href":"https:\/\/opus-folyoirat.sk\/index.php?rest_route=\/wp\/v2\/pages\/3553\/revisions\/3555"}],"wp:attachment":[{"href":"https:\/\/opus-folyoirat.sk\/index.php?rest_route=%2Fwp%2Fv2%2Fmedia&parent=3553"}],"curies":[{"name":"wp","href":"https:\/\/api.w.org\/{rel}","templated":true}]}}