{"id":3558,"date":"2025-03-25T17:30:00","date_gmt":"2025-03-25T15:30:00","guid":{"rendered":"https:\/\/opus-folyoirat.sk\/?page_id=3558"},"modified":"2026-01-13T17:34:05","modified_gmt":"2026-01-13T15:34:05","slug":"ispanovics-csapo-julianna","status":"publish","type":"page","link":"https:\/\/opus-folyoirat.sk\/?page_id=3558","title":{"rendered":"Isp\u00e1novics Csap\u00f3 Julianna"},"content":{"rendered":"\n<p><strong>Sokkezes t\u00f6rt\u00e9netek<\/strong><\/p>\n\n\n<div class=\"has-text-align-right wp-block-post-date\"><time datetime=\"2025-03-25T17:30:00+02:00\">2025-03-25<\/time><\/div>\n\n\n<p><em>\u201eA sz\u00f3 ott z\u00f6ldellt a domboldalon, tele volt mad\u00e1rdallal \u00e9s \u00e9g\u0151 vadr\u00f3zs\u00e1kkal (\u2026) Szavak \u00e1llnak a l\u00e9tez\u0151 dolgok \u00e9s viszonyok el\u00e9, \u00e9s ezek a szavak m\u00e1smilyennek mutatj\u00e1k a dolgokat, mint azok val\u00f3j\u00e1ban.\u201d<\/em><\/p>\n\n\n\n<p><em>(G. J.)<\/em><\/p>\n\n\n\n<p>A veszpr\u00e9mi k\u00f3rh\u00e1z n\u00e9vad\u00f3ja, Csolnoky Ferenc egy szerte\u00e1gaz\u00f3, soksz\u00edn\u0171 csal\u00e1d lesz\u00e1rmazottja. Egy olyan csal\u00e1d\u00e9, amelynek csak n\u00e9h\u00e1ny gener\u00e1ci\u00f3ja lakott Veszpr\u00e9mben, vagy k\u00f6t\u0151dik Magyarorsz\u00e1g egyik legr\u00e9gebben alap\u00edtott, a Balaton \u00e9s a Bakony k\u00f6z\u00e9 telepedett v\u00e1ros\u00e1hoz. A fam\u00edlia rom\u00e1n sz\u00e1rmaz\u00e1s\u00fa \u0151se a tat\u00e1rj\u00e1r\u00e1s idej\u00e9n \u00e9rdemelte ki IV. B\u00e9l\u00e1t\u00f3l a Hunyad v\u00e1r\u00e1t\u00f3l d\u00e9lre fekv\u0151 Csolnakos (Csincsis) k\u00f6zs\u00e9get, amely n\u00e9vad\u00f3ja lett a nemesi rangba l\u00e9pett Csolnokosi csal\u00e1dnak.&nbsp; A t\u00f6r\u00f6kver\u0151 Hunyadival is rokons\u00e1gba, f\u00e9ltestv\u00e9ri viszonyba ker\u00fclt erd\u00e9lyi fam\u00edlia m\u00e1sik \u00e1ga Bocskai Istv\u00e1nnal telep\u00fclt Magyarorsz\u00e1gra, sz\u00e9tsz\u00f3r\u00f3dva az orsz\u00e1g minden r\u00e9sz\u00e9be. A Cholnokyak veszpr\u00e9mi vonala, amelynek tagjait imm\u00e1r k\u00f6zhelyszer\u0171en a \u2019zsenik \u00e9s k\u00fcl\u00f6nc\u00f6k\u2019 csal\u00e1djak\u00e9nt illik emlegetni a XIX. sz\u00e1zad k\u00f6zep\u00e9t\u0151l szorosan k\u00f6t\u0151dik a v\u00e1roshoz \u00e9s k\u00f6rny\u00e9k\u00e9hez, kalandos mag\u00e1n\u00e9let\u00fck, m\u0171v\u00e9szeti \u00e9s tudom\u00e1nyos tev\u00e9kenys\u00e9g\u00fck r\u00e9v\u00e9n nagy r\u00e9sz\u00fck van Veszpr\u00e9m \u00e9s a Balaton-felvid\u00e9k polg\u00e1rosod\u00e1s\u00e1ban, kult\u00fart\u00f6rt\u00e9net\u00e9ben.&nbsp;<\/p>\n\n\n\n<figure class=\"wp-block-image size-large\"><img loading=\"lazy\" decoding=\"async\" width=\"724\" height=\"1024\" src=\"https:\/\/opus-folyoirat.sk\/wp-content\/uploads\/2026\/01\/3986287-724x1024.jpeg\" alt=\"\" class=\"wp-image-3560\" srcset=\"https:\/\/opus-folyoirat.sk\/wp-content\/uploads\/2026\/01\/3986287-724x1024.jpeg 724w, https:\/\/opus-folyoirat.sk\/wp-content\/uploads\/2026\/01\/3986287-212x300.jpeg 212w, https:\/\/opus-folyoirat.sk\/wp-content\/uploads\/2026\/01\/3986287.jpeg 752w\" sizes=\"auto, (max-width: 724px) 100vw, 724px\" \/><\/figure>\n\n\n\n<p>A csal\u00e1d region\u00e1lis \u00e9s veszpr\u00e9mi kultusza sokr\u00e9t\u0171. Cholnoky Jen\u0151 rajzaib\u00f3l, festm\u00e9nyeib\u0151l ki\u00e1ll\u00edt\u00e1sok k\u00e9sz\u00fcltek (\u00c9rd, 1986; Balatonf\u00fcred, Veszpr\u00e9m, 1989), eml\u00e9kt\u00e1bl\u00e1t avattak Balatonf\u00fcreden (1989) \u00e9s budapesti, j\u00f3zsefv\u00e1rosi lak\u00f3h\u00e1z\u00e1n (1993). Utc\u00e1t, v\u00e1rosr\u00e9szt (Cholnokyv\u00e1ros), iskol\u00e1t, k\u00f3rh\u00e1zat (Csolnoky Ferenc K\u00f3rh\u00e1z) neveztek el Veszpr\u00e9mben a Cholnokyakr\u00f3l. Cholnoky Jen\u0151nek eml\u00e9kparkot l\u00e9tes\u00edtettek Balatonf\u00fcreden, gejz\u00edrk\u00fap viseli a nev\u00e9t S\u00e1toralja\u00fajhelyen, Kolozsv\u00e1rott pedig Cholnoky Jen\u0151 F\u00f6ldrajzi T\u00e1rsas\u00e1g m\u0171k\u00f6dik.<\/p>\n\n\n\n<p>Napjainkban (2021-2023) Veszpr\u00e9m int\u00e9zm\u00e9nyei (Laczk\u00f3 Dezs\u0151 M\u00fazeum, M\u0171v\u00e9szetek H\u00e1za, Veszpr\u00e9m Megyei Honismereti Egyes\u00fclet, Pannon V\u00e1rsz\u00ednh\u00e1z) helyi identit\u00e1sk\u00e9pz\u0151 er\u0151- \u00e9s ihletforr\u00e1st l\u00e1tnak a Cholnoky-hagyat\u00e9kban, ez\u00e9rt a klasszikus \u00e9s popul\u00e1ris kult\u00fara eszk\u00f6zeivel (v\u00e1ndorki\u00e1ll\u00edt\u00e1s, k\u00f6nyvsorozat, street-art projekt, t\u00f6rt\u00e9neti csal\u00e1dmonogr\u00e1fia, sz\u00edndarab-bemutat\u00f3) igyekszenek be\u00e9p\u00edteni a Cholnoky-p\u00e9ld\u00e1t a k\u00f6ztudatba. A fenti projektsorozatnak egyik jelent\u0151s v\u00e1llalkoz\u00e1sa a veszpr\u00e9mi M\u0171v\u00e9szetek H\u00e1za G\u00e9czi J\u00e1nos szerkesztette k\u00f6nyvsorozata (<em>A veszpr\u00e9mi Cholnokyak<\/em>), amelynek eddigi megjelen\u00e9sei n\u00e9gy k\u00f6tetben \u00e1ll\u00edtj\u00e1k el\u00e9nk a h\u00e1rom fiv\u00e9rt, Viktort (1868\u20131912), Jen\u0151t (1870\u20131950) \u00e9s L\u00e1szl\u00f3t (1879\u20131929).&nbsp;<\/p>\n\n\n\n<p>Az els\u0151 k\u00f6tet, a soksz\u00edn\u0171 magyar geogr\u00e1fus \u00e9letrajza (<em>Cholnoky Jen\u0151 \u00f6n\u00e9let\u00edr\u00e1sa<\/em>, 2021), az\u00e9 a k\u00f6zismert \u00e9s kedvelt egyetemi tan\u00e1r\u00e9, aki nemcsak tan\u00edtani szeretett, de utazni, rajzolni \u00e9s f\u00e9nyk\u00e9pezni is. Kelet-\u00c1zsi\u00e1t, K\u00edn\u00e1t, Erd\u00e9lyt, az Alpokat, It\u00e1li\u00e1t, Sv\u00e9dorsz\u00e1got, \u00c9szak-Amerik\u00e1t Magyarorsz\u00e1got bej\u00e1rva, tanulm\u00e1nyozva m\u0171veit maga illusztr\u00e1lta. A Magyar Turista Egyes\u00fclet eln\u00f6ke (1920-1946) szenved\u00e9lyes amat\u0151r fest\u0151, egyik kedvenc t\u00e9m\u00e1ja a balatoni t\u00e1j. \u00d6n\u00e9let\u00edr\u00e1sa, a sorozatnak k\u00f6sz\u00f6nhet\u0151en, el\u0151sz\u00f6r jelenik meg olyan m\u00f3don, hogy, mik\u00f6zben a magyar tud\u00f3s habitus\u00e1t, kutat\u00e1si lehet\u0151s\u00e9geit, k\u00f6rnyezet\u00e9t vizsg\u00e1lja, a k\u00e9t sz\u00e9p\u00edr\u00f3, Viktor \u00e9s L\u00e1szl\u00f3 \u00e9let\u00e9re is r\u00e1ir\u00e1ny\u00edtja a figyelmet. A sorozat m\u00e1sodik \u00e9s harmadik k\u00f6tete sz\u00e9pirodalom, <em>A sekresty\u00e9s<\/em> (2022) Cholnoky Viktor, a <em>Fekete sz\u00e1rnyak<\/em> (2022) Cholnoky L\u00e1szl\u00f3 novell\u00e1it adja k\u00f6zre. A sorozat negyedik k\u00f6tete visszakanyarodik a f\u00f6ldrajztud\u00f3shoz <em>Balaton \u2013 Veszpr\u00e9m<\/em> (2023) c\u00edmmel.&nbsp;<\/p>\n\n\n\n<p>Cholnoky Jen\u0151 Balaton-k\u00f6nyve \u201ereg\u00e9nyes\u201d imeretterjeszt\u00e9s, az \u00e9desv\u00edzi Rivi\u00e9ra kalandos \u00fajrafelfedez\u00e9se. Cholnoky Viktor elhozta a K\u00e1rp\u00e1t-medenc\u00e9be a messzi keletet, sz\u00f6vegeiben fantasztikus utaz\u00e1sok id\u00e9zik meg a csod\u00e1latos d\u00e9li szigeteket. \u00cdgy v\u00e1lik alkalmass\u00e1, hogy fiv\u00e9reihez hasonl\u00f3an G\u00e9czi-altereg\u00f3v\u00e1 v\u00e1ljon. Megjelenjen \u00e9s kalandozzon annak a ny\u00edrs\u00e9gi sz\u00fclet\u00e9s\u0171, szegedi nevel\u0151d\u00e9s\u0171 G\u00e9czi J\u00e1nosnak a sz\u00f6veguniverzum\u00e1ban, aki, saj\u00e1t bevall\u00e1sa szerint a 20. sz\u00e1zad hetvenes \u00e9veiben tan\u00e1ra, Ilia Mih\u00e1ly hat\u00e1s\u00e1ra fordult Veszpr\u00e9m \u00e9s a Cholnoky csal\u00e1d fel\u00e9. Ilia Mih\u00e1lyt eleven irodalmi kapcsolatok k\u00f6t\u00f6tt\u00e9k \u00dajvid\u00e9khez \u00e9s az itt tan\u00edt\u00f3 Bori Imr\u00e9hez is, aki a magyar irodalmi modernit\u00e1s 20. sz\u00e1zadi \u00fajraolvas\u00f3ja \u00e9s -\u00e9rtelmez\u0151je, \u00e9s aki a hetvenes \u00e9vekt\u0151l gener\u00e1ci\u00f3k sor\u00e1t ismertette meg az \u00fajvid\u00e9ki Magyar Nyelv \u00e9s Irodalom Tansz\u00e9ken a sz\u00e1zadfordul\u00f3s magyar \u00edr\u00f3kkal, t\u00f6bbek k\u00f6zt a Cholnoky-testv\u00e9rek \u00f6r\u00f6ks\u00e9g\u00e9vel. Bori Imre Cholnoky-\u00e9rtelmez\u00e9seinek (<em>Fridolin \u00e9s testv\u00e9rei<\/em>, 1976), az \u00fajvid\u00e9ki nemzed\u00e9kt\u00e1rsaknak, a rajong\u00f3t\u00e1bor viszonyul\u00e1sainak r\u00e9sze van a fiatal G\u00e9czi J\u00e1nos p\u00e1lyakezd\u00e9s\u00e9ben.<\/p>\n\n\n\n<p><em>A veszpr\u00e9mi Cholnokyak<\/em> sz\u00f6vegkiad\u00e1sait a sorozatszerkeszt\u0151, G\u00e9czi J\u00e1nos reg\u00e9nye(?) (sz\u00f6veg)gy\u0171jtem\u00e9nye(?) k\u00f6veti. A szerz\u0151 m\u0171v\u00e9t a rendszerv\u00e1lt\u00e1s ut\u00e1n kezdte \u00edrni, s \u00edgy a Cholnoky-t\u00f6rt\u00e9netek f\u00fcz\u00e9re harminc \u00e9v alatt j\u00f6tt l\u00e9tre. A nyolc k\u00f6tetbe (<em>Fegyverenged\u00e9ly, 1994; 21 rovinj 1994; Angyalh\u00e9j, 1996; D\u00e9l, 1999; Tiltott \u00c1br\u00e1zol\u00e1sok K\u00f6nyve I\u2013IV.<\/em> <em>2001\u20132005<\/em>) be\u00e9p\u00edtett sz\u00f6vegek \u201e\u00e1trendezett, \u00fajra\u00edrt v\u00e1ltozata\u201d olvashat\u00f3 a 2023-as G\u00e9czi-k\u00f6tetben. &nbsp;<\/p>\n\n\n\n<p>A sz\u00f6vegben megb\u00fav\u00f3, a kabbalista misztika hagyom\u00e1nya szerinti (sz\u00f6veg)teremt\u0151 az elbesz\u00e9l\u0151t, a h\u0151st \u00e9s a szerz\u0151t egybeolvaszt\u00f3, val\u00f3s\u00e1g- \u00e9s \u00e1lomj\u00e1r\u00f3 alakm\u00e1sok vari\u00e1ci\u00f3ib\u00f3l, b\u00faj\u00f3csk\u00e1ib\u00f3l rajzol\u00f3dik ki. \u00d6t szerepl\u0151, a h\u00e1rom Cholnoky-testv\u00e9r (Cholnoky, Cso), egy szerz\u0151 (G., G\u00e9czy, G\u00e9czi, Czi) \u00e9s egy r\u00f3k\u00e1b\u00f3l lett v\u00f6r\u00f6s haj\u00fa, csalfa n\u0151 autofikci\u00f3inak folyamatos kevered\u00e9se, egybeolvad\u00e1sa, elv\u00e1laszthatatlan egy\u00fcttes jelenl\u00e9te, \u201ej\u00e1t\u00e9ka\u201d \u00e9p\u00edti a v\u00e9g n\u00e9lk\u00fcl, sz\u00fcntelen\u00fcl k\u00f6rbeforg\u00f3 t\u00f6rt\u00e9neteket, mert \u201e\u201eminden t\u00f6rt\u00e9netnek visszakanyarodik a v\u00e9ge az elej\u00e9hez\u201d \u2013 olvashat\u00f3 a <em>Cholnoky t\u00f6rt\u00e9netek<\/em>ben. Pedig \u201eT\u00f6rt\u00e9neteim \u00e1ltal\u00e1ban nincsenek\u201d, vallja a narr\u00e1tor. Nincsenek alakok, jellemrajz, cselekm\u00e9ny \u201ecsak \u00e9n vagyok\u201d a pap\u00edrv\u00e1rosban \u201ek\u00f6z\u00e9pf\u00f6ld\u00f6n\u201d. Valamif\u00e9le t\u00f6rt\u00e9netek m\u00e9gis kibonthat\u00f3k. Nem \u00f6sszef\u00fcgg\u0151 sz\u00f6vegek, a r\u00e9szletekben lakoznak, a t\u00f6red\u00e9kekben, a darabk\u00e1kban, a neoavantg\u00e1rd po\u00e9tik\u00e1b\u00f3l \u00e9s besz\u00e9dm\u00f3db\u00f3l, a k\u00e9pz\u0151m\u0171v\u00e9szeti koll\u00e1zstechnik\u00e1b\u00f3l is ad\u00f3d\u00f3 vizualit\u00e1s k\u00e9pkock\u00e1iban. A f\u00e9nyk\u00e9pszer\u0171 megjelen\u00edt\u00e9sben, mert \u201e\u00f6sszef\u00fcgg\u0151 t\u00f6rt\u00e9net elbesz\u00e9l\u00e9se helyett apr\u00f3 villan\u00e1sok r\u00f6gz\u00edthet\u0151k\u201d, mint p\u00e9ld\u00e1ul a Cholnokyakat is linkel\u0151 <em>Terepgyakorlatok<\/em>ban (<em>Oleanderszender, Karsztmeleg, Toszk\u00e1n dombok, Galamb, Savonarola, F\u0151t\u00e9r&#8230;Naplemente, rovinj, r\u00f3ma, Levendulam\u00e9z&#8230;A szikla, \u00d6b\u00f6l)<\/em>. A r\u00e9szletekben megmutatkoz\u00f3, k\u00fcl\u00f6nf\u00e9le elbesz\u00e9l\u0151i hagyom\u00e1nyokat \u00e9s regisztereket egybefog\u00f3 t\u00f6rt\u00e9net, ak\u00e1r a Tolnai-f\u00e9le \u201ekis, semmis form\u00e1k\u201d-b\u00f3l \u00e9p\u00fcl\u0151 m\u00edtikus makroterek sz\u00f6vegei, G\u00e9czi J\u00e1nos posztmodern sz\u00f6veguniverzum\u00e1nak alapk\u00f6ve.<\/p>\n\n\n\n<p><em>G. t\u00f6rt\u00e9nete<\/em> a Balaton n\u00e1dasainak \u00e1rny\u00e9k\u00e1b\u00f3l, sz\u00fanyograjainak v\u00e9rszomj\u00e1t\u00f3l ind\u00edttatva, az \u00d6reg-hegy sz\u0151l\u0151hegyeinek t\u00f6v\u00e9b\u0151l r\u00f6pteti Korfura \u00e9s K\u00edn\u00e1ba az \u00e1lomj\u00e1r\u00f3 elbesz\u00e9l\u0151t \u00e9s Cholnokyt. Czi \u00e9s Cso, \u201emintha k\u00e9t toj\u00e1s volna\u2026olyan hasonlatosak\u201d. A helyismeret \u00e9s a term\u00e9szetrajz darabk\u00e1ib\u00f3l \u00e9p\u00fcl meg a Cholnokyak lak\u00f3helye, Veszpr\u00e9m, <em>A v\u00e1ros<\/em> \u00e9s annak t\u00e1gabb k\u00f6rnyezete, a r\u00e9gi\u00f3, sz\u00e9l-, felh\u0151- \u00e9s v\u00edzj\u00e1rta makro- \u00e9s mikroterek, a viharos \u00e9s a k\u00e9ken mosolyg\u00f3 Balaton (<em>Sz\u00e9lvihar<\/em>), a Bakony vadreg\u00e9nyes, r\u00f3kaszag\u00fa ormai a maguk sz\u00edneivel, form\u00e1ival, szagvil\u00e1gukkal. M\u00e1sr\u00e9szt Veszpr\u00e9m egy mediterr\u00e1n v\u00e1ros, napf\u00e9nnyel, f\u00fcgef\u00e1kkal, gr\u00e1n\u00e1talmabokrokkal, d\u00e9l-franciai ez\u00fcstsz\u00fcrke levendul\u00e1kkal \u00e9s Trivulzi\u00f3val, az olasz-horv\u00e1t-dalmata sz\u00e9lh\u00e1mossal, aki \u201eh\u0151s\u00f6m volt, a bar\u00e1tom, cimbor\u00e1m, s mindenekel\u0151tt alkot\u00f3m, aki \u00edrja a sorsomat\u201d (<em>A k\u00eds\u00e9rtetfeles\u00e9g<\/em>). Ebb\u0151l a k\u00f6zegb\u0151l l\u00e9p ki az utaz\u00f3, veti pap\u00edrra \u00edr\u00e1sgyakorlatait, sz\u00f3l\u00edtja meg a l\u00e1bjegyzetekbe linkelt Cholnoky-sz\u00f6vegkorpuszt. It\u00e1liai terepj\u00e1r\u00e1s augusztusban f\u00e9nyk\u00e9pez\u0151g\u00e9ppel, g\u00e9pkocsival. Utaz\u00e1s Velenc\u00e9be, R\u00f3m\u00e1ba (<em>Terepgyakorlatok I\u2013II<\/em>.), a\u201ekoll\u00e1zsv\u00e1rosba\u201d<em>,<\/em> a vil\u00e1gj\u00e1r\u00f3 \u201enapl\u00f3\u00edr\u00f3 \u00e9n\u201d Cholnoky Jen\u0151 nyom\u00e1ban. Cholnoky Jen\u0151? \u201eEgy cholnoky m\u00e1szk\u00e1l az agor\u00e1n, nem tudni, hogy az els\u0151, a m\u00e1sodik vagy a harmadik, annyira egyform\u00e1k. Rumospalack a nehez\u00e9ke, gyerty\u00e1hoz ill\u0151 \u00e9des a szava, keser\u0171 a lehelete (\u2026) A cholnokynak nincs arca \u2013 sima g\u00f6mbfelsz\u00edn bor\u00edtja arckopony\u00e1j\u00e1t, \u00edgy, ha akarom, Viktor, ha akarom, L\u00e1szl\u00f3, ha akarom, Jen\u0151, de Ferenc, a k\u00f3rh\u00e1zorvos nagyb\u00e1csi is lehet valamelyik \u00e1ln\u00e9vbe b\u00fajva (&#8230;) Reg\u00e9ny lesz bel\u0151le\u201d. M\u00e1sutt viszont Jen\u0151be karolva (<em>Terepgyakorlatok II. T\u00e9rk\u00e9psz\u00edv<\/em>) \u201e\u00fagy n\u00e9zem az Adri\u00e1t, ahogyan Jen\u0151\u201d (<em>Terepgyakorlatok II. Ellen\u00e9re<\/em>), vagy \u00e9ppen \u201eegy alak h\u00e1rom k\u00fcl\u00f6nb\u00f6z\u0151 kor\u00fa m\u00e1solata\u201d, V\u00e9, Jen\u0151 \u00e9s L\u00e1szl\u00f3 kortyolgatja a felvid\u00e9ki bort, r\u00e1gja a keser\u0171 mandulamagot valahol Veszpr\u00e9mben (<em>A kij\u00e1rat<\/em>). Egy teny\u00e9r h\u00e1rom \u00e9lete: egy k\u00e9rges, egy n\u0151iesen puha \u00e9s egy kr\u00e9msz\u00edn\u0171 (<em>A j\u00f3sz\u00e1g<\/em>). \u00c9s <em>Harmadnap<\/em> \u00fajrakezd\u00e9s. A narr\u00e1tor negyedik \u00e9let\u00e9re Rovinjban, Isztri\u00e1ban eszm\u00e9l. Lorca versei, Tolnai, Domonkos k\u00f6nyvei utaznak vele. Szabv\u00e1ny\u00e9letb\u0151l m\u0171v\u00e9szl\u00e9tbe, \u00e1lomj\u00e1r\u00e1s oda-vissza, s nem tudni, hogy a d\u00e9li kisv\u00e1ros, Rovinj isz\u00e1kos, fokhagymaszag\u00fa k\u00f6lt\u0151 alakm\u00e1sa, akinek \u201ep\u00f3rusaib\u00f3l \u00e1radt a mediterr\u00e1n szag\u201d vagy az \u00e9szakr\u00f3l j\u00f6tt banktisztvisel\u0151 szenved jobban a t\u0151le idegen \u00e9letforma k\u00e9nyszereit\u0151l. A G\u00e9czi-sz\u00f6vegek sokadik, misztikus altereg\u00f3ja Katerina, a v\u00f6r\u00f6s haj\u00fa aranysak\u00e1lt\u00fcnd\u00e9r, a (var\u00e1zs)gy\u0171r\u0171 asszonya (<em>Az \u00e9den<\/em>), aki alakv\u00e1lt\u00f3 figurak\u00e9nt r\u00f3ka, sz\u00e9l(vihar) (<em>Sz\u00e9lvihar<\/em>), sak\u00e1l m\u00f3dj\u00e1ra bujdosik a t\u00f6rt\u00e9netekben. A t\u00f6rt\u00e9netben, amelyb\u0151l hi\u00e1nyzik a t\u00f6rt\u00e9net \u00e9s a h\u0151s\u00f6k, a boszork\u00e1nyos, \u00e1lomj\u00e1r\u00f3 \u201everes haj\u00fa\u201d dombor\u00fa homloka, ar\u00e1nyos metsz\u00e9s\u0171 asszonyorra, keskeny arc\u00e1nak \u00f6reged\u0151 mosolya (\u201eelvir\u00e1gzanak a r\u00f3zs\u00e1k\u201d) vil\u00e1g\u00edt az alkonyatban. A n\u0151i identit\u00e1s t\u00f6m\u00e9ny sz\u00f6vege (<em>A mosoly<\/em>) f\u00e9rfim\u00f3dra, erotika b\u00f6lcselettel egybefonva, a zsid\u00f3 misztikusokt\u00f3l a g\u00f6r\u00f6g filoz\u00f3fi\u00e1ig.&nbsp; A sak\u00e1lasszony t\u00e1rsa (Trivulzi\u00f3 k\u00f6zvet\u00edt\u00e9s\u00e9vel) J. \u201ea t\u00f3t felmen\u0151ire b\u00fcszke magyar\u201d tud\u00f3s kutat\u00f3, aki testv\u00e9reivel egyetemben nagy vil\u00e1gcsavarg\u00f3. Nem tehet r\u00f3la, hiszen \u201eaz \u0151 csal\u00e1djuk m\u00e1r csak ilyen bujdos\u00f3 fajta\u201d (<em>A k\u00eds\u00e9rtetfeles\u00e9g<\/em>), k\u00fcl\u00f6n\u00f6sen J., aki sz\u00fcntelen\u00fcl rejt\u0151zk\u00f6dik, s olyan ember, \u201eaki, ha egy helyen v\u00e9gre megtelepszik, bizonyosan arr\u00f3l a m\u00e1sik helyr\u0151l fog medit\u00e1lni, amelyr\u0151l \u00e9ppen elmenek\u00fclt, vagy amelyet nagy melank\u00f3li\u00e1k k\u00f6zepette elhagyott\u201d (<em>J.<\/em>).&nbsp;<\/p>\n\n\n\n<p>Az altereg\u00f3k v\u00e1ltozatos gal\u00e9ri\u00e1ja nem csak t\u00e9rben, id\u0151ben is kiterjed. A h\u00e1rom fiv\u00e9r sz\u00fclet\u00e9s\u00e9nek helye, a csal\u00e1di h\u00e1z \u00fcgy\u00e9ben nyomozva \u201ea di\u00e1k Jen\u0151\u201d l\u00e9pked Veszpr\u00e9m utc\u00e1in, boltjaiban, piacterein, fut le a Buhim-v\u00f6lgybe, \u00e1csorog a v\u00e1ros mediterr\u00e1n teraszainak naplement\u00e9iben (<em>Tizenegy \u00f3ra \u00e9s naplemente<\/em>).<\/p>\n\n\n\n<p>Az id\u0151 koncentrikus k\u00f6reiben sodr\u00f3dnak a veszpr\u00e9mi csal\u00e1d, a Cholnoky-m\u00edtosz t\u00f6rt\u00e9netfoszl\u00e1nyai, a Cholnoky-korpusz, j\u00f3r\u00e9szt a fiv\u00e9rek \u201eh\u00e1romlebeny\u0171, m\u00e9gis egytest\u0171 testamentuma\u201d (<em>Tizenegy \u00f3ra \u00e9s naplemente<\/em>). Egy olyan ellentmond\u00e1sos fam\u00edli\u00e1r\u00f3l van sz\u00f3, amelynek tagjai egyr\u00e9szt alkoholista, hedonista \u00e9letm\u00f3djuk kapcs\u00e1n v\u00e1ltak h\u00edrhedtt\u00e9, m\u00e1sr\u00e9szt egy \u00fajfajta m\u0171velts\u00e9gmodellt k\u00f6zvet\u00edtenek a magyar kult\u00far\u00e1ban, a t\u00f6bbnyelv\u0171 sz\u00e9pirodalmi \u00e9s term\u00e9szettudom\u00e1nyos m\u0171velts\u00e9g el\u0151remutat\u00f3 p\u00e9ld\u00e1i region\u00e1lis \u00e9s nemzeti szinten is. G\u00e9czi J\u00e1nos \u00fajra\u00e9rtelmezi a Cholnokyak \u00edr\u00e1stechnik\u00e1j\u00e1t. A napl\u00f3, a novell\u00e1k mozaikk\u00f6veinek \u00faj kontextusba rendez\u00e9s\u00e9vel a G\u00e9czi-sz\u00f6veggalaxis egy gazdag intertextu\u00e1lis h\u00e1l\u00f3t sz\u00f6v\u00f6getve kapcsol\u00f3dik ism\u00e9t, \u00fajra \u00e9s \u00fajra, visszavonhatatlanul a Cholnokyak &nbsp; hagyat\u00e9k\u00e1hoz. \u201eA mag\u00e1nyos st\u00edlusforma odam\u00e1szik a p\u00e1rna mellett felejtett k\u00f6nyvh\u00f6z, beb\u00favik az els\u0151 \u00edvbe, \u00fagy l\u00e1tni, megtal\u00e1lta a hely\u00e9t, mert szuszog, vackol\u00f3dik, t\u00f6rik alatta a sz\u00e1raz pap\u00edr.\u201d \u2013 \u00edrja a szerz\u0151 a <em>M\u00e1sodp\u00e9ld\u00e1ny<\/em>ban. G\u00e9czi J\u00e1nos Cholnoky-k\u00f6nyv\u00e9ben \u201eugyanazt a t\u00f6rt\u00e9netet mondja mindegyik [alakm\u00e1s \u2013 t\u0151lem!] tov\u00e1bb, a maga m\u00f3dj\u00e1n\u201d. G\u00e9czi, az elbesz\u00e9l\u0151, a reg\u00e9nyh\u0151s, a szerz\u0151 a sz\u00f6vegb\u00faj\u00f3csk\u00e1ban \u00f6nmag\u00e1ra tal\u00e1l: egy a \u201echolnokyak\u201d k\u00f6z\u00fcl. A sokr\u00e9t\u0171, sz\u00e9les l\u00e1t\u00f3k\u00f6r\u0171 \u00e9letm\u0171, az egy opusba \u2019foglalt\u2019 tud\u00f3s r\u00f3zsakutat\u00f3, sz\u00e9p\u00edr\u00f3 \u00e9s k\u00e9pz\u0151m\u0171v\u00e9sz \u00e9letmodellje, a sz\u00f6vegalkot\u00e1s m\u00f3dja (amikor a form\u00e1t legy\u0171rik a val\u00f3s\u00e1gdarabok, legyen az kult\u00fart\u00f6rt\u00e9net, fest\u00e9szet, zene, term\u00e9szetrajz, filoz\u00f3fia, t\u00f6rt\u00e9nelem, n\u00e9pmese, helyt\u00f6rt\u00e9net vagy film) egyar\u00e1nt rokon\u00edtja G\u00e9czi J\u00e1nost a Cholnoky csal\u00e1d sz\u00f6vegkorpusz\u00e1val. Egy \u201er\u0151tv\u00f6r\u00f6s novell\u00e1ba\u201d (<em>Fa \u00e9s f\u00fclem\u00fcl\u00e9je<\/em>) \u00e1gyaz\u00f3dik R\u00f3za \u00e9s V\u00e9 vagy Viktor, aki az \u00e9let\u00e9t \u00e1br\u00e1zol\u00f3 k\u00e9p h\u00e1tter\u00e9nek mell\u00e9kjelenet\u00e9t mes\u00e9v\u00e9, \u201eszavakk\u00e1 \u00edrta \u00e1t\u201d. Az intermedi\u00e1lis h\u00e1l\u00f3 bevonzza a G\u00e9czihez \u00e9s a Cholnokyakhoz hasonl\u00f3 sokoldal\u00fa, \u201et\u00f6bbfunkci\u00f3j\u00fa\u201d alkot\u00f3kat, rokon lelkeket. Tolnai Ott\u00f3t, a L\u00f3k\u00faton \u00e9l\u0151, a Vajdas\u00e1gb\u00f3l \u00e1ttelep\u00fclt Szajk\u00f3 fest\u0151t, Garaczi L\u00e1szl\u00f3t, dr. L\u00e9n\u00e1rd S\u00e1ndor orvos\u00edr\u00f3t, aki \u00e9ppen a r\u00f3mai Cafe El Grec\u00f3ban zen\u00e9l, de sz\u00f3 esik Domokos \u201enyaklott fej\u0171 git\u00e1rj\u00e1\u201d-r\u00f3l is.<\/p>\n\n\n\n<p>\u201eA <em>Tiltott \u00c1br\u00e1zol\u00e1sok K\u00f6nyv\u00e9<\/em>vel annyiban vagyok azonos, hogy \u00e9n sem fejez\u0151d\u00f6k be soha, mert tov\u00e1bb \u00e9lek sz\u00e1mozatlanul nemzett ivad\u00e9kaimban\u201d \u2013 vallja az elbesz\u00e9l\u0151, mert az Adria-k\u00e9k bet\u0171kbe k\u00f3dolt \u2019tanuls\u00e1g\u2019 szerint \u201el\u00e9tezik olyan sz\u00e9ps\u00e9g, amelyet k\u00e9t \u00e9let sem k\u00e9pes elviselni, h\u00e1rom sem, hogy form\u00e1ba \u00f6ntse, \u00e9s n\u00e9gy sem, hogy meg\u00e9rtse\u201d (<em>Harmadnap<\/em>). G\u00e9czi alkot\u00f3i \u00f6nfelismer\u00e9se Tolnai Ott\u00f3 festettv\u00edzpr\u00f3z\u00e1j\u00e1nak az(\u00far)j\u00e1t\u00e9k\u00e1t h\u00edvja el\u0151, mert \u201eac\u00e9l, bronzz\u00f6ld, akvamarin, de mindig k\u00e9k a tenger\u201d (<em>Enci\u00e1n<\/em>), a r\u00f3kak\u00e9p\u0171, sak\u00e1lhall\u00e1s\u00fa, sak\u00e1lpuha l\u00e9pt\u0171 n\u0151 esk\u00fcv\u0151i kiskoszt\u00fcmje pedig az\u00farselyem, szeret\u0151i k\u00e9k szem\u0171 f\u00e9rfiak, mint p\u00e9ld\u00e1ul G., \u201eakinek k\u00e9k szeme olyan m\u00e9lys\u00e9get engedett sejtetni, amelynek nincs alja\u201d (<em>G. t\u00f6rt\u00e9nete<\/em>). A Cholnokyak v\u00e1ros\u00e1ba visszat\u00e9r\u0151 R\u00f3za tekintet\u00e9ben is az Adria s\u00f3s tengerviz\u00e9nek k\u00e9kje hull\u00e1mzik (<em>A metaforagy\u0171jt\u0151<\/em>), ak\u00e1r az \u00e9desv\u00edzi Rivi\u00e9r\u00e1n, ahol \u201ek\u00e9k \u00e1rnyalatok futk\u00e1roztak a Balaton hull\u00e1mainak visszf\u00e9nyek\u00e9nt\u201d (<em>House of Pomegranates<\/em>).<\/p>\n\n\n\n<p>\u00cdgy lesz G\u00e9czi J\u00e1nos (sz\u00f6veg)gy\u0171jtem\u00e9nyb\u0151l a sz\u00f6vegteremt\u0151 \u201epap\u00edrlak\u00f3\u201d b\u00faj\u00f3cskareg\u00e9nye. Az olvas\u00f3 pedig, ha egyszer r\u00e1\u00e9rez az \u00edz\u00e9re, a labirintus foglya.<\/p>\n\n\n\n<p><br>(<em>G\u00e9czi J\u00e1nos: Cholnoky-t\u00f6rt\u00e9netek a Tiltott \u00c1br\u00e1zol\u00e1sok K\u00f6nyv\u00e9b\u0151l. Pesti Kalligram, 2023.)<\/em><\/p>\n","protected":false},"excerpt":{"rendered":"<p>Sokkezes t\u00f6rt\u00e9netek \u201eA sz\u00f3 ott z\u00f6ldellt a domboldalon, tele volt mad\u00e1rdallal \u00e9s \u00e9g\u0151 vadr\u00f3zs\u00e1kkal (\u2026) Szavak \u00e1llnak a l\u00e9tez\u0151 dolgok \u00e9s viszonyok el\u00e9, \u00e9s ezek a szavak m\u00e1smilyennek mutatj\u00e1k a dolgokat, mint azok val\u00f3j\u00e1ban.\u201d (G. J.) A veszpr\u00e9mi k\u00f3rh\u00e1z n\u00e9vad\u00f3ja, &hellip; <a href=\"https:\/\/opus-folyoirat.sk\/?page_id=3558\">Egy kattint\u00e1s ide a folytat\u00e1shoz&#8230;. <span class=\"meta-nav\">&rarr;<\/span><\/a><\/p>\n","protected":false},"author":4,"featured_media":0,"parent":0,"menu_order":0,"comment_status":"closed","ping_status":"closed","template":"","meta":{"footnotes":""},"class_list":["post-3558","page","type-page","status-publish","hentry"],"_links":{"self":[{"href":"https:\/\/opus-folyoirat.sk\/index.php?rest_route=\/wp\/v2\/pages\/3558","targetHints":{"allow":["GET"]}}],"collection":[{"href":"https:\/\/opus-folyoirat.sk\/index.php?rest_route=\/wp\/v2\/pages"}],"about":[{"href":"https:\/\/opus-folyoirat.sk\/index.php?rest_route=\/wp\/v2\/types\/page"}],"author":[{"embeddable":true,"href":"https:\/\/opus-folyoirat.sk\/index.php?rest_route=\/wp\/v2\/users\/4"}],"replies":[{"embeddable":true,"href":"https:\/\/opus-folyoirat.sk\/index.php?rest_route=%2Fwp%2Fv2%2Fcomments&post=3558"}],"version-history":[{"count":2,"href":"https:\/\/opus-folyoirat.sk\/index.php?rest_route=\/wp\/v2\/pages\/3558\/revisions"}],"predecessor-version":[{"id":3561,"href":"https:\/\/opus-folyoirat.sk\/index.php?rest_route=\/wp\/v2\/pages\/3558\/revisions\/3561"}],"wp:attachment":[{"href":"https:\/\/opus-folyoirat.sk\/index.php?rest_route=%2Fwp%2Fv2%2Fmedia&parent=3558"}],"curies":[{"name":"wp","href":"https:\/\/api.w.org\/{rel}","templated":true}]}}