{"id":3573,"date":"2025-04-17T17:48:00","date_gmt":"2025-04-17T15:48:00","guid":{"rendered":"https:\/\/opus-folyoirat.sk\/?page_id=3573"},"modified":"2026-01-13T17:50:24","modified_gmt":"2026-01-13T15:50:24","slug":"siska-peter","status":"publish","type":"page","link":"https:\/\/opus-folyoirat.sk\/?page_id=3573","title":{"rendered":"Siska P\u00e9ter"},"content":{"rendered":"<div class=\"has-text-align-right wp-block-post-date\"><time datetime=\"2025-04-17T17:48:00+02:00\">2025-04-17<\/time><\/div>\n\n\n<p><strong>Hazat\u00e9r\u00e9s<\/strong><\/p>\n\n\n\n<div class=\"wp-block-group is-vertical is-layout-flex wp-container-core-group-is-layout-8cf370e7 wp-block-group-is-layout-flex\">\n<p>Saj\u00e1t test\u00e9t<\/p>\n\n\n\n<p>a v\u00e9g fel\u0151l olvassa.<\/p>\n\n\n\n<p><em>Csak \u00edgy van \u00e9rtelme<\/em>, mondja.<\/p>\n\n\n\n<p>Mosolyog. Olyan s\u0171r\u0171<\/p>\n\n\n\n<p>a leveg\u0151. Olyan<\/p>\n\n\n\n<p>neh\u00e9z \u2013<\/p>\n<\/div>\n\n\n\n<p><\/p>\n\n\n\n<div class=\"wp-block-group is-vertical is-layout-flex wp-container-core-group-is-layout-8cf370e7 wp-block-group-is-layout-flex\">\n<p><em>\u00edgy nem lehet<\/em>,<\/p>\n\n\n\n<p>akarom m\u00e9g mondani,<\/p>\n\n\n\n<p>miel\u0151tt sz\u00f6kne<\/p>\n\n\n\n<p>bel\u0151lem<\/p>\n\n\n\n<p>a l\u00e9lek, miel\u0151tt a cs\u00f6nd<\/p>\n\n\n\n<p>mag\u00e1ba fojtana,<\/p>\n<\/div>\n\n\n\n<p><\/p>\n\n\n\n<div class=\"wp-block-group is-vertical is-layout-flex wp-container-core-group-is-layout-8cf370e7 wp-block-group-is-layout-flex\">\n<p>de a szavak helyett<\/p>\n\n\n\n<p>csak gy\u00f6ny\u00f6r\u0171, sz\u00ednes<\/p>\n\n\n\n<p>rovarok,<\/p>\n\n\n\n<p>t\u00f6r\u00e9keny, tarka<\/p>\n\n\n\n<p>lepk\u00e9k sz\u00e1llnak ki<\/p>\n\n\n\n<p>a sz\u00e1mon.<\/p>\n<\/div>\n\n\n\n<p><\/p>\n\n\n\n<p><strong>Chicxulub<\/strong><\/p>\n\n\n\n<div class=\"wp-block-group is-vertical is-layout-flex wp-container-core-group-is-layout-8cf370e7 wp-block-group-is-layout-flex\">\n<p>A nap v\u00e9g\u00e9n<\/p>\n\n\n\n<p>a zuhany alatt \u00e1llsz.<\/p>\n\n\n\n<p>Ak\u00e1r egy t\u00f6r\u00f6tt ed\u00e9nyen,<\/p>\n\n\n\n<p>\u00e1tfolyik rajtad<\/p>\n\n\n\n<p>a forr\u00f3 v\u00edz,<\/p>\n\n\n\n<p>az id\u0151, minden \u0151s\u00f6d<\/p>\n\n\n\n<p>k\u00f6z\u00f6s sorsa:<\/p>\n<\/div>\n\n\n\n<p><\/p>\n\n\n\n<div class=\"wp-block-group is-vertical is-layout-flex wp-container-core-group-is-layout-8cf370e7 wp-block-group-is-layout-flex\">\n<p>r\u00e1 gondolsz. A kertre.<\/p>\n\n\n\n<p>A hossz\u00fa \u00fatra a t\u0171z\u0151 napon,<\/p>\n\n\n\n<p>a homokra, amivel<\/p>\n\n\n\n<p>megtelik majd<\/p>\n\n\n\n<p>a sz\u00e1d.<\/p>\n\n\n\n<p>Elz\u00e1rod a csapot.<\/p>\n\n\n\n<p>M\u00e9g v\u00e1rsz,<\/p>\n<\/div>\n\n\n\n<p><\/p>\n\n\n\n<div class=\"wp-block-group is-vertical is-layout-flex wp-container-core-group-is-layout-8cf370e7 wp-block-group-is-layout-flex\">\n<p>Isten a konyh\u00e1ban<\/p>\n\n\n\n<p>m\u00e1r vil\u00e1god marad\u00e9k\u00e1t eszi \u2013<\/p>\n\n\n\n<p>medd\u0151 \u00e9denek,<\/p>\n\n\n\n<p>kimer\u00fclt,<\/p>\n\n\n\n<p>lakatlan f\u00f6ldek,<\/p>\n\n\n\n<p>&nbsp;recsegnek fogai k\u00f6zt<\/p>\n\n\n\n<p>a homokszemek.<\/p>\n<\/div>\n","protected":false},"excerpt":{"rendered":"<p>Hazat\u00e9r\u00e9s Saj\u00e1t test\u00e9t a v\u00e9g fel\u0151l olvassa. Csak \u00edgy van \u00e9rtelme, mondja. Mosolyog. Olyan s\u0171r\u0171 a leveg\u0151. Olyan neh\u00e9z \u2013 \u00edgy nem lehet, akarom m\u00e9g mondani, miel\u0151tt sz\u00f6kne bel\u0151lem a l\u00e9lek, miel\u0151tt a cs\u00f6nd mag\u00e1ba fojtana, de a szavak helyett &hellip; <a href=\"https:\/\/opus-folyoirat.sk\/?page_id=3573\">Egy kattint\u00e1s ide a folytat\u00e1shoz&#8230;. <span class=\"meta-nav\">&rarr;<\/span><\/a><\/p>\n","protected":false},"author":4,"featured_media":0,"parent":0,"menu_order":0,"comment_status":"closed","ping_status":"closed","template":"","meta":{"footnotes":""},"class_list":["post-3573","page","type-page","status-publish","hentry"],"_links":{"self":[{"href":"https:\/\/opus-folyoirat.sk\/index.php?rest_route=\/wp\/v2\/pages\/3573","targetHints":{"allow":["GET"]}}],"collection":[{"href":"https:\/\/opus-folyoirat.sk\/index.php?rest_route=\/wp\/v2\/pages"}],"about":[{"href":"https:\/\/opus-folyoirat.sk\/index.php?rest_route=\/wp\/v2\/types\/page"}],"author":[{"embeddable":true,"href":"https:\/\/opus-folyoirat.sk\/index.php?rest_route=\/wp\/v2\/users\/4"}],"replies":[{"embeddable":true,"href":"https:\/\/opus-folyoirat.sk\/index.php?rest_route=%2Fwp%2Fv2%2Fcomments&post=3573"}],"version-history":[{"count":1,"href":"https:\/\/opus-folyoirat.sk\/index.php?rest_route=\/wp\/v2\/pages\/3573\/revisions"}],"predecessor-version":[{"id":3574,"href":"https:\/\/opus-folyoirat.sk\/index.php?rest_route=\/wp\/v2\/pages\/3573\/revisions\/3574"}],"wp:attachment":[{"href":"https:\/\/opus-folyoirat.sk\/index.php?rest_route=%2Fwp%2Fv2%2Fmedia&parent=3573"}],"curies":[{"name":"wp","href":"https:\/\/api.w.org\/{rel}","templated":true}]}}