{"id":3611,"date":"2025-04-23T11:17:00","date_gmt":"2025-04-23T09:17:00","guid":{"rendered":"https:\/\/opus-folyoirat.sk\/?page_id=3611"},"modified":"2026-01-13T21:19:27","modified_gmt":"2026-01-13T19:19:27","slug":"erdely-daniel","status":"publish","type":"page","link":"https:\/\/opus-folyoirat.sk\/?page_id=3611","title":{"rendered":"Erd\u00e9ly D\u00e1niel"},"content":{"rendered":"\n<p><strong>Teljesen posztmodern vagyok,<\/strong><\/p>\n\n\n<div class=\"has-text-align-right wp-block-post-date\"><time datetime=\"2025-04-23T11:17:00+02:00\">2025-04-23<\/time><\/div>\n\n\n<div class=\"wp-block-group is-vertical is-layout-flex wp-container-core-group-is-layout-8cf370e7 wp-block-group-is-layout-flex\">\n<p>azaz, ahogy a szegedi b\u00f6lcs\u00e9szek fogalmaztak, posztmagyar. Itt mos k\u00e9rem minden, de minden \u00f6ssze\u00e1llt. Hollywood-i biciklilakat, szuperfinom gumib\u00f3l k\u00e9sz\u00fclt \u00fasz\u00f3szem\u00fcveg, \u00e9tel, ital, gy\u00fcm\u00f6lcs, korszer\u0171 laptop \u00e9s okostelefon. Ha a r\u00f3zsasz\u00edn n\u0151i biciklire felpattanok, pont elerem a 11:55-\u00f6s vonatot. Bea majd utol\u00e9r vagy az \u00e1llom\u00e1son r\u00e1tal\u00e1lal az \u0151rizetlen biciklij\u00e9re. A padon egy id\u0151s \u00far v\u00e1rakozik. Felrajzoltam m\u00e9g a zsebemben felejtett t\u00e1blakr\u00e9t\u00e1val a forgalmi iroda fal\u00e1ra egy szivet. Felvil\u00e1gos\u00edtanak, hogy a &#8222;be\u00e9rt&#8221; vonat mintegy 10 percet k\u00e9sni fog. K\u00f6zben elhagytuk G\u00e1t\u00e9rt. Bevillant, hogy a p\u00f6khendi Napf\u00e9ny Express t\u00f6bbsz\u00f6r nem v\u00e1rta be a z\u00f6ty\u00f6g\u0151s, \u00e9letveszelyesen elhaszn\u00e1l\u00f3dott talpf\u00e1kon lassan a c\u00e9lja fel\u00e9 botork\u00e1l\u00f3, egykocsis &#8222;vicin\u00e1list&#8221;. Mit volt mit tenni, pr\u00f3ba-szerencse, felkapaszkodtam a h\u0151s kis vonatra \u00e9s helyetfogalaltam. K\u00f6zben mesters\u00e9ges intelligencia segitseg\u00e9vel p\u00f3l\u00f3terveket k\u00e9szitgettem: LOVEHUNGER HUNGARY felirattal.\u00a0<\/p>\n\n\n\n<p>K\u00f6zben az \u00e9let nem \u00e1llt meg de a Napf\u00e9ny se v\u00e1rt be minket, hi\u00e1ba drukkolt velem \u00e9s \u00fczengetett a kiskunf\u00e9legyh\u00e1zi \u00e1llom\u00e1sf\u0151n\u00f6knek. Ajjaj, lek\u00e9sem a tokyoi lanyt, aki v\u00e1rja a kalotaszegi h\u00edmz\u00e9st a Nyugatiban.&nbsp;<\/p>\n\n\n\n<p>F\u00e9legyh\u00e1za. Egy \u00f3r\u00e1val kes\u0151bb is megy tov\u00e1bb vonat Pestre. \u00dczenek Haragochinak (nem viccelek, ez a rendes csal\u00e1dneve, ak\u00e1r We\u00f6rest\u0151l kapta volna), hogy j\u00f6jj\u00f6n egy \u00f3r\u00e1val k\u00e9s\u0151bb ki. Csak kapja is meg! Csupa izgalom \u00e9s kaland az \u00e9let. Most itt \u00fcl\u00f6k az \u00e1llom\u00e1son. A v\u00e1rosba nem megyek f\u00e9l \u00f3r\u00e1t csatangolni, mert gy\u0171l\u00f6l\u00f6m a bevezet\u0151 \u00fat r\u00e1kt\u00f3l feldagadt f\u00e1it n\u00e9zni. De a helyiek a far\u00e1kra b\u00fcszk\u00e9k. Ez is idevonz n\u00e9h\u00e1ny l\u00e1togat\u00f3t. \u00cdgy itt \u00fcl\u00f6k a v\u00e1roterem padj\u00e1n \u00e9s szinkronba ker\u00fcltem a mobilon bep\u00f6ty\u00f6g\u00f6tt novell\u00e1val. Egy\u00fctt izgulhat velem a ny\u00e1jas olvas\u00f3m, hogyan fog vegz\u0151dni ez az eset. Sikeres lesz-e a jap\u00e1n magyar talalkoz\u00f3, amelynek c\u00e9lja &#8211; a h\u00edmzett p\u00e1rnahuzat szem\u00fcgyrevetelen t\u00fa -, hogy a p\u00e1lyaudvart\u00f3l nem messze (itt &#8222;k\u0151haj\u00edt\u00e1snyira lev\u0151&#8221;-t lenne irni kedvem) talalhat\u00f3 &#8222;Nept\u00e1ncosok jelmezk\u00f6lcs\u00f6nz\u0151je&#8221; elnevez\u00e9s\u0171 boltot lesz-e id\u0151nk \u00e9s alkalmunk megl\u00e1togatni, egy\u00fctt? Mert Haragochinak 4-re haza kell \u00e9rnie. Most 12:07 van. Varjuk egy\u00fctt, izgalommal a fejlem\u00e9nyeket! K\u00f6zben nehezen megtal\u00e1lt k\u00e1rty\u00e1mmal vettem a restiben egy er\u0151s k\u00e1v\u00e9t. Keresgelesemmel feltartottam egy kedves, k\u00f6z\u00e9pkor\u00fa M\u00c1V tisztvisel\u0151n\u0151t, akit\u0151l egy\u00fattal bocsanatot is k\u00e9rtem, mondv\u00e1n: &#8222;Eln\u00e9z\u00e9st, hogy akad\u00e1lyozom a munkavegz\u00e9s\u00e9ben az \u00fcgyetlenked\u00e9semmel!&#8221;<\/p>\n\n\n\n<p>&#8222;H\u00e1t igen, 14 \u00f3rakat kell leh\u00fazni, de ezt nem bevezn\u00e9m munk\u00e1nak. Egy haszn\u00e1lhat\u00f3 kocsink sincs. Mind elvitte L\u00e1z\u00e1r a mag\u00e1nvas\u00fatj\u00e1hoz!&#8221;<\/p>\n\n\n\n<p>&#8222;A mozdonyokat?&#8221; &#8211; k\u00e9rdeztem.<\/p>\n\n\n\n<p>&#8222;Nem, a vagonokat.&#8221;<\/p>\n\n\n\n<p>&#8222;Azok legal\u00e1bb nem romolhatnak el!&#8221;<\/p>\n\n\n\n<p>&#8222;Dehogynem! M\u0171k\u00f6dnie kell a f\u00e9keknek, a f\u0171t\u00e9snek, az ajt\u00f3knak, mindennek. Nem olyan egyszer\u0171 dolog ez Uram! De az \u00f6sszes haszn\u00e1lhat\u00f3 vagont is elvitte L\u00e1z\u00e1r. Ez \u00edgy nem munka, hanem szenved\u00e9s!&#8221;<\/p>\n\n\n\n<p>Nem gindoltam vilna, hogy ilyen r\u00f6vid id\u0151 alatt ennyi hasznos informaci\u00f3hoz jutok. Le\u00fcltem \u00e9s frissibe&#8217; bep\u00f6ty\u00f6gtem mindent a mobilomba. Egyenesen a f\u0151szerkeszt\u0151 \u00farhoz c\u00edmzett elektronikus levelembe.<\/p>\n\n\n\n<p>K\u00f6zben villog itt rozsdasz\u00edn h\u00e1tt\u00e9r el\u0151tt, talp\u00e1ra \u00e1llitott h\u00e1romsz\u00f6gben egy felki\u00e1lt\u00f3jel, mellette feh\u00e9r sz\u00f6veg: Hamarosan nem fogsz tudni e-maileket k\u00fcldeni. \u00c9rdekes, pedig fizettem valami extra t\u00e1rhelyet is! Mindenesetre feladom, amit eddig irtam. Negyed \u00f3ra m\u00falva indul a k\u00f6vetkez\u0151 vonat. A folytat\u00e1st k\u00e9s\u0151bb k\u00fcld\u00f6m. M\u00e9g egy mondat a c\u00edmr\u0151l. Olyan j\u00f3, hogy mindenkivel lehet besz\u00e9lgetni, hogy megpr\u00f3baltak egyetlen utas miatt visszatartani az expresszt. Igaz, nem siker\u00fclt, de legal\u00e1bb megpr\u00f3b\u00e1lt\u00e1k. Mert uram-b\u00e1ty\u00e1m viszonyok vannak a haz\u00e1mban \u00e9s legal\u00e1bb megpr\u00f3b\u00e1ltak seg\u00edteni. Akkor az \u00fajabb bejelentkez\u00e9sig &#8222;A dios!&#8221; (Nem tudok spanyolul, &#8230; se)<\/p>\n<\/div>\n","protected":false},"excerpt":{"rendered":"<p>Teljesen posztmodern vagyok, azaz, ahogy a szegedi b\u00f6lcs\u00e9szek fogalmaztak, posztmagyar. Itt mos k\u00e9rem minden, de minden \u00f6ssze\u00e1llt. Hollywood-i biciklilakat, szuperfinom gumib\u00f3l k\u00e9sz\u00fclt \u00fasz\u00f3szem\u00fcveg, \u00e9tel, ital, gy\u00fcm\u00f6lcs, korszer\u0171 laptop \u00e9s okostelefon. Ha a r\u00f3zsasz\u00edn n\u0151i biciklire felpattanok, pont elerem a 11:55-\u00f6s &hellip; <a href=\"https:\/\/opus-folyoirat.sk\/?page_id=3611\">Egy kattint\u00e1s ide a folytat\u00e1shoz&#8230;. <span class=\"meta-nav\">&rarr;<\/span><\/a><\/p>\n","protected":false},"author":4,"featured_media":0,"parent":0,"menu_order":0,"comment_status":"closed","ping_status":"closed","template":"","meta":{"footnotes":""},"class_list":["post-3611","page","type-page","status-publish","hentry"],"_links":{"self":[{"href":"https:\/\/opus-folyoirat.sk\/index.php?rest_route=\/wp\/v2\/pages\/3611","targetHints":{"allow":["GET"]}}],"collection":[{"href":"https:\/\/opus-folyoirat.sk\/index.php?rest_route=\/wp\/v2\/pages"}],"about":[{"href":"https:\/\/opus-folyoirat.sk\/index.php?rest_route=\/wp\/v2\/types\/page"}],"author":[{"embeddable":true,"href":"https:\/\/opus-folyoirat.sk\/index.php?rest_route=\/wp\/v2\/users\/4"}],"replies":[{"embeddable":true,"href":"https:\/\/opus-folyoirat.sk\/index.php?rest_route=%2Fwp%2Fv2%2Fcomments&post=3611"}],"version-history":[{"count":1,"href":"https:\/\/opus-folyoirat.sk\/index.php?rest_route=\/wp\/v2\/pages\/3611\/revisions"}],"predecessor-version":[{"id":3612,"href":"https:\/\/opus-folyoirat.sk\/index.php?rest_route=\/wp\/v2\/pages\/3611\/revisions\/3612"}],"wp:attachment":[{"href":"https:\/\/opus-folyoirat.sk\/index.php?rest_route=%2Fwp%2Fv2%2Fmedia&parent=3611"}],"curies":[{"name":"wp","href":"https:\/\/api.w.org\/{rel}","templated":true}]}}