{"id":3628,"date":"2025-05-02T01:35:00","date_gmt":"2025-05-01T23:35:00","guid":{"rendered":"https:\/\/opus-folyoirat.sk\/?page_id=3628"},"modified":"2026-01-13T21:37:27","modified_gmt":"2026-01-13T19:37:27","slug":"lantay-eva","status":"publish","type":"page","link":"https:\/\/opus-folyoirat.sk\/?page_id=3628","title":{"rendered":"Lantay \u00c9va"},"content":{"rendered":"\n<div class=\"wp-block-group is-vertical is-layout-flex wp-container-core-group-is-layout-8cf370e7 wp-block-group-is-layout-flex\">\n<p><strong>ker\u00e9kp\u00e1r a parton<\/strong><\/p>\n\n\n\n<p class=\"has-text-align-left\"><em>e. e. cummingsnak<\/em><\/p>\n<\/div>\n\n\n<div class=\"has-text-align-right wp-block-post-date\"><time datetime=\"2025-05-02T01:35:00+02:00\">2025-05-02<\/time><\/div>\n\n\n<p>foly j\u00f3 parton el<br>hagy ott ker\u00e9k<br>p\u00e1r hol lehet<br>ki ott<br>hagy ta ki csap ta<\/p>\n\n\n\n<p>csak h\u00f6mp\u00f6ly\u00f6g<br>a foly\u00f3 csobban<br>taki b\u00e1 ki csi<br>cs\u00f3k \u00e1t lop<br>ott<\/p>\n\n\n\n<p>vagy csak nagy csi<br>cska volt<br>csacsog<br>j\u00e1k a\u00a0<br>cs\u00f3k\u00e1k<\/p>\n\n\n\n<p><em>Budapest, 2023. december 1.<\/em><\/p>\n","protected":false},"excerpt":{"rendered":"<p>ker\u00e9kp\u00e1r a parton e. e. cummingsnak foly j\u00f3 parton elhagy ott ker\u00e9kp\u00e1r hol lehetki otthagy ta ki csap ta csak h\u00f6mp\u00f6ly\u00f6ga foly\u00f3 csobbantaki b\u00e1 ki csics\u00f3k \u00e1t lopott vagy csak nagy csicska voltcsacsogj\u00e1k a\u00a0cs\u00f3k\u00e1k Budapest, 2023. december 1.<\/p>\n","protected":false},"author":4,"featured_media":0,"parent":0,"menu_order":0,"comment_status":"closed","ping_status":"closed","template":"","meta":{"footnotes":""},"class_list":["post-3628","page","type-page","status-publish","hentry"],"_links":{"self":[{"href":"https:\/\/opus-folyoirat.sk\/index.php?rest_route=\/wp\/v2\/pages\/3628","targetHints":{"allow":["GET"]}}],"collection":[{"href":"https:\/\/opus-folyoirat.sk\/index.php?rest_route=\/wp\/v2\/pages"}],"about":[{"href":"https:\/\/opus-folyoirat.sk\/index.php?rest_route=\/wp\/v2\/types\/page"}],"author":[{"embeddable":true,"href":"https:\/\/opus-folyoirat.sk\/index.php?rest_route=\/wp\/v2\/users\/4"}],"replies":[{"embeddable":true,"href":"https:\/\/opus-folyoirat.sk\/index.php?rest_route=%2Fwp%2Fv2%2Fcomments&post=3628"}],"version-history":[{"count":1,"href":"https:\/\/opus-folyoirat.sk\/index.php?rest_route=\/wp\/v2\/pages\/3628\/revisions"}],"predecessor-version":[{"id":3630,"href":"https:\/\/opus-folyoirat.sk\/index.php?rest_route=\/wp\/v2\/pages\/3628\/revisions\/3630"}],"wp:attachment":[{"href":"https:\/\/opus-folyoirat.sk\/index.php?rest_route=%2Fwp%2Fv2%2Fmedia&parent=3628"}],"curies":[{"name":"wp","href":"https:\/\/api.w.org\/{rel}","templated":true}]}}