{"id":3677,"date":"2025-05-01T01:18:00","date_gmt":"2025-04-30T23:18:00","guid":{"rendered":"https:\/\/opus-folyoirat.sk\/?page_id=3677"},"modified":"2026-01-14T12:21:47","modified_gmt":"2026-01-14T10:21:47","slug":"dr-ivanyi-marton-pal-2","status":"publish","type":"page","link":"https:\/\/opus-folyoirat.sk\/?page_id=3677","title":{"rendered":"Dr. Iv\u00e1nyi M\u00e1rton P\u00e1l"},"content":{"rendered":"\n<div class=\"wp-block-group is-vertical is-layout-flex wp-container-core-group-is-layout-8cf370e7 wp-block-group-is-layout-flex\">\n<p><strong>K\u00f6lcs\u00f6nkeny\u00e9r vagy k\u0151<\/strong><\/p>\n\n\n\n<p><em>A forgand\u00f3 sors toposza a kort\u00e1rs k\u00f6z\u00e9p-kelet-eur\u00f3pai pr\u00f3z\u00e1ban<\/em><\/p>\n<\/div>\n\n\n<div class=\"has-text-align-right wp-block-post-date\"><time datetime=\"2025-05-01T01:18:00+02:00\">2025-05-01<\/time><\/div>\n\n\n<p>A magyar, lengyel, cseh(szlov\u00e1k) \u00e9s szlov\u00e9n irodalom gyakorta foglalkozik a t\u00f6rt\u00e9nelem ingamozg\u00e1s\u00e1val, vagyis azzal, hogy egy-egy huszadik sz\u00e1zadi esem\u00e9ny milyen folyamatokat ind\u00edtott el, milyen alapokon vagy milyen k\u00f6vetkezm\u00e9nyekkel. N\u00e9gy olyan n\u00e9h\u00e1ny \u00e9ves vagy p\u00e1r \u00e9vtizedes kort\u00e1rs munka bemutat\u00e1s\u00e1ra v\u00e1llalkozunk, amelyek arkhim\u00e9d\u00e9szi \u201ct\u00f6rv\u00e9nyszer\u0171s\u00e9gek\u201d sz\u00e1raz t\u00e9nyei helyett az egyes egym\u00e1srautalt emberi vagy csoportos \u00e9letutak eleven t\u00fckr\u00e9ben \u00e1br\u00e1zolj\u00e1k a keletkezett gy\u0171l\u00f6letspir\u00e1l \u00edveit, okait \u00e9s okozatait.&nbsp;<\/p>\n\n\n\n<p>Id\u0151tlen id\u0151k \u00f3ta, ak\u00e1r a P\u00e9ldabesz\u00e9dek, a mitol\u00f3giai Tantalosz esete, vagy a n\u00e9pmes\u00e9k k\u00f6zismert fordulatai \u00f3ta tudjuk, hogy \u201ca gonosz elnyeri m\u00e9lt\u00f3 b\u00fcntet\u00e9s\u00e9t.\u201d Az, hogy ezen axiomatikusnak tekintett k\u00f6zhely a maga v\u00e9gtelen\u00fcl viszonylagos igazs\u00e1g\u00e1val olykor tov\u00e1bbi bonyodalmak \u00fatj\u00e1n k\u00f6vetkezhet be, ha \u00e9ppen bek\u00f6vetkezik, igencsak foglalkoztatja a sz\u00e9pirodalmat. Egyes t\u00f6rt\u00e9nelmi tapasztalatok \u00e9lm\u00e9nyanyaga \u00e1rny\u00e9k\u00e1ban ezt alighanem a legnagyobb hitellel \u00e9s t\u00e9tekkel mindenekel\u0151tt a kort\u00e1rs k\u00f6z\u00e9p-kelet-eur\u00f3pai elbesz\u00e9l\u00e9sekkel teszi.<\/p>\n\n\n\n<p>Mint majd l\u00e1tni fogjuk al\u00e1bb, k\u00f6z\u00f6s e t\u00f6rt\u00e9netekben egyebek mellett az, hogy a huszadik sz\u00e1zadi m\u00falt t\u00f6rt\u00e9nelmi ter\u00edt\u0151j\u00e9nek sz\u00e9tfejt\u00e9se sor\u00e1n horgokba, kereszt(ez\u0151d\u00e9s)ekbe, illetve a szem\u00e9lyes \u00e9s csoportos sorsok balj\u00f3s csillagzatainak v\u00f6r\u00f6s mint\u00e1iba bonyol\u00f3dik az alkot\u00f3i k\u00e9z, m\u00edgnem e sz\u00e1lakat eml\u00e9kezetesen kibogozva k\u00eds\u00e9rel meg kiutat tal\u00e1lni egyes totalit\u00e1rius diktat\u00far\u00e1k csom\u00f3pontjai k\u00f6z\u00fcl.&nbsp;<\/p>\n\n\n\n<p><strong>Se szentek, se angyalok&nbsp;<\/strong><\/p>\n\n\n<div class=\"wp-block-image\">\n<figure class=\"alignright size-full is-resized\"><img loading=\"lazy\" decoding=\"async\" width=\"200\" height=\"337\" src=\"https:\/\/opus-folyoirat.sk\/wp-content\/uploads\/2026\/01\/6dc9da6-00092014-23.jpeg\" alt=\"\" class=\"wp-image-3678\" style=\"width:250px\" srcset=\"https:\/\/opus-folyoirat.sk\/wp-content\/uploads\/2026\/01\/6dc9da6-00092014-23.jpeg 200w, https:\/\/opus-folyoirat.sk\/wp-content\/uploads\/2026\/01\/6dc9da6-00092014-23-178x300.jpeg 178w\" sizes=\"auto, (max-width: 200px) 100vw, 200px\" \/><\/figure><\/div>\n\n\n<p>A cseh kort\u00e1rs Ivan Kl\u00edma (1931- ) l\u00e9lektani reg\u00e9ny\u00e9nek (eredetileg cseh\u00fcl: <em>Ani svati, ani andele<\/em>, 1999) igen deprim\u00e1lt n\u0151i l\u00e1t\u00f3mezej\u00e9ben az elbesz\u00e9l\u0151 Kristyn\u00e1nak a nagyapa \u00e1ltal is mag\u00e1ra hagyott nagymam\u00e1val t\u00f6rt\u00e9ntek adnak teret az \u00e9desanya h\u00e1zass\u00e1g\u00e1nak kommunista f\u00e9rj\u00e9vel. Az imm\u00e1r a m\u00e1sik ir\u00e1nyba kileng\u0151 t\u00f6rt\u00e9nelmi ing\u00e1val hatalomra ker\u00fclt \u00e1llamszocialista diktat\u00fara melletti ideol\u00f3giai fanatizmus az egyik f\u0151 mozgat\u00f3rug\u00f3ja lesz a narr\u00e1tor Kristyna v\u00e9gtelen elidegened\u00e9s\u00e9nek apj\u00e1t\u00f3l.<\/p>\n\n\n\n<p>Kristyna ez\u00e9rt vall arr\u00f3l, hogy apja szem\u00e9ben Ilse Koch, a \u201cbuchenwaldi boszork\u00e1ny\u201d \u201cSS-sz\u00f6rnyeteg volt. De ez a sz\u00f6rnyeteg csak az\u00e9rt viselkedhetek \u00fagy, ahogyan viselkedett, mert az elvetem\u00fclt hatalom az emberis\u00e9get fels\u0151- \u00e9s als\u00f3rend\u0171 emberekre osztotta. Az als\u00f3rend\u0171 embereket be lehetett b\u00f6rt\u00f6n\u00f6zni, meg lehetett k\u00ednozni \u00e9s m\u00e9rgezni &#8211; b\u00edr\u00f3s\u00e1g \u00edt\u00e9let \u00e9s irgalom n\u00e9lk\u00fcl.\u201d&nbsp;<\/p>\n\n\n\n<p>E ponton az elbesz\u00e9l\u00e9s nem szakad meg, elv\u00e9gre a t\u00f6rt\u00e9nelmi esem\u00e9nyl\u00e1nc is tov\u00e1bbgy\u0171r\u0171zik: \u201cValamivel k\u00e9s\u0151bb h\u00e1ny hasonl\u00f3 sz\u00f6rnyeteg gar\u00e1zd\u00e1lkodott n\u00e1lunk is &#8211; ap\u00e1m egyet\u00e9rt\u00e9s\u00e9vel vagy legal\u00e1bbis tudt\u00e1val? H\u00e1ny embert k\u00ednoztak hal\u00e1lra? L\u00e1mpaerny\u0151t ugyan nem csin\u00e1ltak emberb\u0151rb\u0151l &#8211; de nem a l\u00e1mpaerny\u0151 a l\u00e9nyeg\u201d (2002: 132)<\/p>\n\n\n\n<p>Ezen \u201c- nem szabadna \u00edgy besz\u00e9lned ap\u00e1dr\u00f3l, Kristyna. Soha nem akart rosszat. Szt\u00e1lin, vagyis az oroszok megmentett\u00e9k az \u00e9let\u00e9t. Ha csak egy nappal k\u00e9s\u0151bb j\u00f6nnek, ap\u00e1d nem \u00e9li t\u00fal [&#8230;] \u00dagy n\u00e9zett ki, mint egy csontv\u00e1z. Csont-b\u0151r volt.&nbsp;<\/p>\n\n\n\n<p>&#8211; De az\u00e9rt seg\u00edtett n\u00e1lunk is hasonl\u00f3 t\u00e1borokat l\u00e9trehozni.&nbsp;<\/p>\n\n\n\n<p>&#8211; Ap\u00e1d soha semmif\u00e9le t\u00e1bort nem hozott l\u00e9tre.<\/p>\n\n\n\n<p>&#8211; \u0150 tal\u00e1n szem\u00e9ly szerint nem, de a p\u00e1rtja, az igen.<\/p>\n\n\n\n<p>&#8211; Ap\u00e1d a n\u00e9metek ellen harcolt. Legal\u00e1bb ez\u00e9rt becs\u00fcln\u00f6d k\u00e9ne, amikor nagyon j\u00f3l tudod, mit m\u0171veltek a n\u00e9metek az \u00e9desany\u00e1mmal\u201d (2002: 23).<\/p>\n\n\n\n<p>Kl\u00edma, \u00e9s karaktere, Kristyna&nbsp; e relat\u00edv vs. abszol\u00fat vit\u00e1t egy m\u00e1sik ponton a vitatott szerepl\u0151 apa f\u00fczeteibe, \u00fajs\u00e1gkiv\u00e1g\u00e1sokhoz f\u0171z\u00f6tt szem\u00e9lyes jegyzeteibe olvasva igyekszik feloldani: \u201cEgyvalami k\u00e9ts\u00e9gtelen. Olyan cseh, aki nem akart rosszal fizetni a rosszert \u00e9s aki nem akarta a b\u0171n\u00f6s\u00f6kkel egy\u00fctt az \u00e1rtatlanokat is b\u00fcntetni, ma m\u00e1r val\u00f3sz\u00edn\u0171leg egy sincs\u201d (2002: 31).<\/p>\n\n\n\n<p>Az elvakult apuka meggy\u0151z\u0151d\u00e9s\u00e9nek meg\u00edt\u00e9l\u00e9s\u00e9t\u0151l t\u00f6bbet nyom a latban alkalmasint&nbsp; az, hogy &#8211; aff\u00e9le saj\u00e1tos t\u00e9rs\u00e9gi arkhim\u00e9deszi t\u00f6rv\u00e9nyk\u00e9nt\u201d &#8211; az egyik mozzanat kitermeli a m\u00e1sikat. &nbsp;<\/p>\n\n\n\n<p>***<\/p>\n\n\n\n<p><strong>Focialista forradalom<\/strong><\/p>\n\n\n<div class=\"wp-block-image\">\n<figure class=\"alignright size-full is-resized\"><img loading=\"lazy\" decoding=\"async\" width=\"300\" height=\"493\" src=\"https:\/\/opus-folyoirat.sk\/wp-content\/uploads\/2026\/01\/731344f.jpg\" alt=\"\" class=\"wp-image-3679\" style=\"width:250px\" srcset=\"https:\/\/opus-folyoirat.sk\/wp-content\/uploads\/2026\/01\/731344f.jpg 300w, https:\/\/opus-folyoirat.sk\/wp-content\/uploads\/2026\/01\/731344f-183x300.jpg 183w\" sizes=\"auto, (max-width: 300px) 100vw, 300px\" \/><\/figure><\/div>\n\n\n<p>Benedek Szabolcs 2013-as reg\u00e9nye a XX. sz\u00e1zadi magyar t\u00f6rt\u00e9nelem sz\u00e9lesebb spektrum\u00e1ba foglalt, j\u00f3szer\u00e9vel ismeretlen szelet\u00e9re, m\u00e9ghozz\u00e1 az 1954-es elbukott vil\u00e1gbajnoki d\u00f6nt\u0151 kapcs\u00e1n is megnyilv\u00e1nult t\u00e1rsadalmi konfliktusokra ir\u00e1nyul. Ut\u00f3bbiak sodr\u00e1ban, egy\u00fattal a m\u00e1sodik vil\u00e1gh\u00e1bor\u00fa ut\u00e1n l\u00e9tes\u00fclt \u00e1llamszocialista rendszer c\u00e9lkeresztj\u00e9ben, egy fiatalember, jeles\u00fcl ifj. Balla R\u00f3bert \u00e1ll.&nbsp;<\/p>\n\n\n\n<p>\u0150 azon karakter, akit v\u00e9g\u00fcl a sz\u00f3ban forg\u00f3 1954. j\u00falius 4-5-i, &#8222;enged\u00e9ly n\u00e9lk\u00fcl megrendez\u00e9sre ker\u00fclt&#8221; spont\u00e1n utcai megmozdul\u00e1sokban \u00e9s egy k\u00e9s\u0151bbi esem\u00e9nysorozatban, jeles\u00fcl az 1956-os forradalom \u00e9s szabads\u00e1gharcban folytatott \u201cellenforradalmi tev\u00e9kenys\u00e9g miatt\u201d hal\u00e1lra \u00edt\u00e9lnek \u00e9s kiv\u00e9geznek (2013: 347-348).<\/p>\n\n\n\n<p>Csakhogy a t\u00f6rt\u00e9net sz\u00e1lai, k\u00f6zvetetten b\u00e1r, \u00e1m ann\u00e1l is komolyabban kanyarogva, kor\u00e1bbra vezetnek. Apj\u00e1t t\u00edz \u00e9vvel k\u00e9s\u0151bb, 1967 j\u00fanius\u00e1ban, \u00e9ppen a Fradi huszadik bajnoki c\u00edm\u00e9vel p\u00e1rhuzamosan lez\u00e1rult nyilasperben nyolc\u00e9vi szabads\u00e1gra veszt\u00e9sre \u00edt\u00e9lt\u00e9k (2013: 347-348). Hiszen mint kider\u00fcl, \u201calacsonyabb beoszt\u00e1s\u00fa p\u00e1rtszolg\u00e1latosk\u00e9nt\u201d ott volt, \u201camikor a v\u00f6r\u00f6s haj\u00fa vez\u00e9r parancs\u00e1ra \u00e1rtatlan embereket l\u0151ttek a Dun\u00e1ba vagy \u00e9ppens\u00e9ggel vertek agyon a Th\u00f6k\u00f6ly \u00fati nyilash\u00e1z udvar\u00e1n\u201d (2013: 332-333).<\/p>\n\n\n\n<p>Mint azonban az \u00edt\u00e9lethozatal el\u0151tt az \u0151 vallom\u00e1s\u00e1b\u00f3l szint\u00e9n kirajzol\u00f3dik, m\u00e9g ett\u0151l is r\u00e9gebbre ny\u00falnak vissza az el\u0151zm\u00e9nyek, \u00fajfent egy saj\u00e1tos, huszadik sz\u00e1zadi \u00f6rv\u00e9ny kiterjedts\u00e9g\u00e9vel: \u201c-Teh\u00e1t a bolsevikok vagyis a kommunist\u00e1k ellen akart harcolni. Mi\u00e9rt?&nbsp;<\/p>\n\n\n\n<ul class=\"wp-block-list\">\n<li>Legink\u00e1bb szem\u00e9lyes okokb\u00f3l.&nbsp;<\/li>\n\n\n\n<li>Mif\u00e9le szem\u00e9lyes okokb\u00f3l?&nbsp;<\/li>\n\n\n\n<li>A komm\u00fcn idej\u00e9n a Lenin-fi\u00fak a szemem l\u00e1tt\u00e1ra agyonvert\u00e9k az ap\u00e1mat\u201d (2013: 335).<\/li>\n<\/ul>\n\n\n\n<p>Ezt az epiz\u00f3dot az el\u00edt\u00e9lt apa a fi\u00e1nak a k\u00f6vetkez\u0151k\u00e9pp r\u00e9szletezi a k\u00f6nyv egy kor\u00e1bbi pontj\u00e1n: \u201cNagyap\u00e1dat a kommunist\u00e1k agyonvert\u00e9k 1919-ben [&#8230;] Nem k\u00f6vetett el semmit, egyszer\u0171en volt egy kis szat\u00f3csboltja, ahol nem volt hajland\u00f3 elfogadni az \u00e1ltaluk nyomott, egyik oldal\u00e1n teljesen \u00fcres, \u00e9rt\u00e9ktelen p\u00e9nzt. A Lenin-fi\u00fak&nbsp; meghallott\u00e1k ezt, bementek az \u00fczletbe \u00e9s addig \u00fct\u00f6tt\u00e9k puskatussal, am\u00edg volt benne \u00e9let. Nagyany\u00e1d el\u00e1jult k\u00f6zben, de \u00e9n v\u00e9gign\u00e9ztem az eg\u00e9szet\u201d (2013: 282).<\/p>\n\n\n\n<p>A v\u00f6r\u00f6s- \u00e9s feh\u00e9rterror egym\u00e1sba kapcsol\u00f3d\u00f3, ok-okozati viszonyba is hozhat\u00f3 mozzanatait n\u00e9mileg ellenpontozza, hogy ifjabb Balla R\u00f3bertet a polg\u00e1ri sz\u00e1rmaz\u00e1s\u00fa Kerepeczky igyekszik kijuttatni az \u00e1llambiztons\u00e1g b\u00f6rt\u00f6n\u00e9b\u0151l. Szerelm\u00e9t pedig, a zsid\u00f3 sz\u00e1rmaz\u00e1s\u00fa Luk\u00e1cs Kati apja szint\u00e9n polg\u00e1r (szab\u00f3) volt, aki \u201cnem t\u00e9rt vissza a munkaszolg\u00e1latr\u00f3l\u201d (2013: 119). Ezt k\u00f6vet\u0151en \u00e9desanyj\u00e1val egy\u00fctt egy \u201ckedves \u00e9s bar\u00e1ts\u00e1gos\u201d h\u00e1zasp\u00e1r, bizonyos Gr\u00e9ta n\u00e9ni \u00e9s S\u00e1ndor b\u00e1csi b\u00fajtatta, jelezve, hogy a t\u00f6rt\u00e9net egyes cselekm\u00e9nysz\u00e1lai h\u00e1tter\u00e9ben az\u00e9rt az \u00f6nzetlen seg\u00edt\u0151k\u00e9szs\u00e9g is megjelenik a k\u00f6nyvben.<\/p>\n\n\n\n<p>***<\/p>\n\n\n\n<p><strong>A mi oszt\u00e1lyunk<\/strong><\/p>\n\n\n<div class=\"wp-block-image\">\n<figure class=\"alignright size-full is-resized\"><img loading=\"lazy\" decoding=\"async\" width=\"300\" height=\"489\" src=\"https:\/\/opus-folyoirat.sk\/wp-content\/uploads\/2026\/01\/nasza-klasa-tadeusz-slobodzianek309399-l.jpeg\" alt=\"\" class=\"wp-image-3680\" style=\"width:250px\" srcset=\"https:\/\/opus-folyoirat.sk\/wp-content\/uploads\/2026\/01\/nasza-klasa-tadeusz-slobodzianek309399-l.jpeg 300w, https:\/\/opus-folyoirat.sk\/wp-content\/uploads\/2026\/01\/nasza-klasa-tadeusz-slobodzianek309399-l-184x300.jpeg 184w\" sizes=\"auto, (max-width: 300px) 100vw, 300px\" \/><\/figure><\/div>\n\n\n<p>S\u0142obodzianek 2008-as sz\u00edndarabj\u00e1nak (lengy.: <em>Nasza klasa<\/em>)&nbsp; kezdetei az 1930-as \u00e9vekre ny\u00falnak vissza. Az \u00e1llamalap\u00edt\u00f3 Pi\u0142sudski marsall hal\u00e1l\u00e1t k\u00f6vet\u0151en az iskol\u00e1sok l\u00e1tsz\u00f3lag b\u00e9k\u00e9s egy\u00fctt\u00e9l\u00e9s\u00e9t megrontja az antiszemita el\u0151\u00edt\u00e9letek \u00e1ltal teremtett l\u00e9gk\u00f6r. A h\u00e1bor\u00fa kit\u00f6r\u00e9se ut\u00e1n el\u0151bb a V\u00f6r\u00f6s Hadsereg, majd a n\u00e1cik vonulnak be a v\u00e1rosba. Az emberek hozz\u00e1\u00e1ll\u00e1sa elt\u00e9r\u0151 &#8211; a lengyelek f\u00f6ldalatti szervezetet alak\u00edtanak, de n\u00e9h\u00e1nyan a kollabor\u00e1ci\u00f3 mellett d\u00f6ntenek, mind az NKVD-vel, mind a n\u00e1cikkal. A zsid\u00f3k megk\u00f6nnyebb\u00fclten fogadj\u00e1k az oroszokat.&nbsp;<\/p>\n\n\n\n<p>Csakhogy a szovjet megsz\u00e1ll\u00e1s 1939-ben tov\u00e1bbi ellens\u00e9gesked\u00e9st sz\u00fcla&nbsp; kollabor\u00e1nsok \u00e9s az ellen\u00e1ll\u00f3k k\u00f6z\u00f6tt. Amikor ezt k\u00f6vet\u0151en a n\u00e1cik \u00e1tveszik a hatalmat, a zsid\u00f3k t\u00f6bbs\u00e9g\u00e9t brut\u00e1lisan meggyilkolj\u00e1k a telep\u00fcl\u00e9s f\u0151ter\u00e9n, illetve r\u00e1juk gy\u00fajtva a pajt\u00e1t, ahov\u00e1 menek\u00fcltek. A gyilkoss\u00e1gokban, nemi er\u0151szakban, k\u00ednz\u00e1sban \u00e9s rabl\u00e1sban r\u00e9szt vesznek egykori oszt\u00e1lyt\u00e1rsaik is, n\u00e9h\u00e1ny f\u0151 kiv\u00e9tel\u00e9vel, akik seg\u00edtenek a zsid\u00f3knak. A h\u00e1bor\u00fa ut\u00e1n a m\u00e9sz\u00e1rl\u00e1s t\u00fal\u00e9l\u0151i k\u00f6z\u00fcl n\u00e9h\u00e1nyan csatlakoznak a titkosrend\u0151rs\u00e9ghez (SB), \u00edgy lehet\u0151s\u00e9get kapnak arra, hogy bossz\u00fat \u00e1lljanak egykori k\u00ednz\u00f3ikon. V\u00e9g\u00fcl a legt\u00f6bb szerepl\u0151 megpr\u00f3b\u00e1l megegyezni a fenn\u00e1ll\u00f3 val\u00f3s\u00e1ggal &#8211; ak\u00e1r a N\u00e9pi Lengyelorsz\u00e1gban, ak\u00e1r Izraelben, ak\u00e1r Amerik\u00e1ban.<\/p>\n\n\n\n<p>A k\u00f6rforg\u00e1st kozmikuss\u00e1 t\u00e1g\u00edtva \u00f6nti szavakba Abram (Abr\u00e1h\u00e1m), aki n\u00e9hai bar\u00e1tj\u00e1ra, Jakub Kacra (Katz) eml\u00e9kezve azt mondja: \u201ca hit a dolgok legjobbika [najlepsz\u0105 z rzeczy], amelyet az Egyetlen adhatott nek\u00fcnk, akinek a kez\u00e9ben nyugszik minden kezdete \u00e9s v\u00e9ge [spoczywa pocz\u0105tek i koniec wszystkiego].\u201d V\u00e9g\u00fcl ugyan\u0151, visszaeml\u00e9kezve az \u00e1ldozatokra, e szerepl\u0151 a k\u00f6vetkez\u0151, 37. zsolt\u00e1r (7-9) recit\u00e1lja, amely a megbocs\u00e1t\u00e1s \u00e9s megb\u00e9k\u00e9l\u00e9s \u00fczenet\u00e9vel a transzcendensre b\u00edzva k\u00edv\u00e1nja megszak\u00edtani a gy\u0171l\u00f6letspir\u00e1lt: \u201cCsillapodj\u00e1l le az \u00darban \u00e9s v\u00e1rjad \u0151t; ne bosszankodj\u00e1l arra, a kinek \u00fatja szerencs\u00e9s, se arra, a ki \u00e1lnok tan\u00e1csokat k\u00f6vet. Sz\u00fcnj meg a haragt\u00f3l, hagyd el hevesked\u00e9sedet; ne bosszankodj\u00e1l, csak rosszra vinne! Mert az elvetem\u00fcltek kiv\u00e1gattatnak; de a kik az Urat v\u00e1rj\u00e1k, \u00f6r\u00f6klik a f\u00f6ldet.\u201d<\/p>\n\n\n\n<p><strong>***<\/strong><\/p>\n\n\n\n<p><strong>F\u00fcgefa 2016<\/strong><\/p>\n\n\n<div class=\"wp-block-image\">\n<figure class=\"alignright size-full is-resized\"><img loading=\"lazy\" decoding=\"async\" width=\"652\" height=\"1000\" src=\"https:\/\/opus-folyoirat.sk\/wp-content\/uploads\/2026\/01\/43401916.jpeg\" alt=\"\" class=\"wp-image-3681\" style=\"width:250px\" srcset=\"https:\/\/opus-folyoirat.sk\/wp-content\/uploads\/2026\/01\/43401916.jpeg 652w, https:\/\/opus-folyoirat.sk\/wp-content\/uploads\/2026\/01\/43401916-196x300.jpeg 196w\" sizes=\"auto, (max-width: 652px) 100vw, 652px\" \/><\/figure><\/div>\n\n\n<p>Goran Vojnovi\u0107 (szlov\u00e9n: <em>Figa<\/em>, 2016) reg\u00e9nye sz\u00e1mos karakter \u00f6sszefon\u00f3d\u00f3 t\u00f6rt\u00e9net\u00e9t mes\u00e9li el, f\u0151k\u00e9nt Jadran\u00e9t. Harmincas \u00e9veiben a f\u0151h\u0151s azon f\u00e1radozik, hogy kibogozza csal\u00e1dja t\u00f6rt\u00e9net\u00e9nek bonyolult sz\u00e1lait, hogy jobban meg\u00e9rthesse saj\u00e1t \u00e9let\u00e9t. A t\u00f6rt\u00e9net f\u00f3kusz\u00e1ban \u00e1ll a nagymam\u00e1ja, Jana visszah\u00faz\u00f3d\u00e1sa \u00e9s demenci\u00e1ja, valamint az apja, Safet elt\u0171n\u00e9se a balk\u00e1ni h\u00e1bor\u00fa els\u0151 \u00e9v\u00e9ben. Vojnovi\u0107 reg\u00e9ny\u00e9ben, amely szem\u00e9lyes \u00e9s t\u00f6rt\u00e9nelmi dimenzi\u00f3kat fon \u00f6ssze egy \u00f6sszetett t\u00f6bbgener\u00e1ci\u00f3s elbesz\u00e9l\u00e9ss\u00e9, Jadrant, az unok\u00e1t sz\u00fcntelen\u00fcl nyomasztja a gondolat, hogy csal\u00e1dja t\u00f6rt\u00e9nete szorosan kapcsol\u00f3dik Momjan, Otoka, Ljubljana \u00e9s Buje v\u00e1rosainak esem\u00e9nyeihez \u00e9s sorsaihoz. Ezek a helysz\u00ednek olyan esem\u00e9nyekkel f\u00fcggenek \u00f6ssze, mint a zsid\u00f3 d\u00e9dnagymama bujk\u00e1l\u00e1sa, az olasz megsz\u00e1ll\u00e1s, a m\u00e1sodik vil\u00e1gh\u00e1bor\u00fa ut\u00e1ni \u00e1llamos\u00edt\u00e1sok, valamint azok a szem\u00e9lyek, akiket megfosztottak szlov\u00e9n \u00e1llampolg\u00e1rs\u00e1gukt\u00f3l, \u00e9s akik elt\u0171ntek, hogy <em>A mi oszt\u00e1lyunk<\/em>hoz hasonl\u00f3an \u00fajra a k\u00f6zelm\u00faltig tekinthess\u00fcnk. A csal\u00e1di dinamik\u00e1k, kapcsolatok, szerelem, szabads\u00e1g, m\u00falt, jelen \u00e9s az egy\u00e9nek \u00e1ltal hozott d\u00f6nt\u00e9sek m\u00e9lyrehat\u00f3 \u00e1br\u00e1zol\u00e1s\u00e1ra v\u00e1llalkoz\u00f3 szerz\u0151 reg\u00e9ny\u00e9ben felfedi a karakterek v\u00e1laszt\u00e1sait, amelyek gyakran a Balk\u00e1n t\u00f6rt\u00e9nelmi h\u00e1tter\u00e9nek k\u00f6vetkezm\u00e9nyei.&nbsp;<\/p>\n\n\n\n<p>***<\/p>\n\n\n\n<p>Hannah Arendt munk\u00e1i a huszadik sz\u00e1zadi diktat\u00far\u00e1k eset\u00e9ben az emberi atomiz\u00e1lts\u00e1gra \u00e9s terrorra \u00f6sszpontos\u00edtanak, Zygmunt Bauman el\u0151bbiekben a modernit\u00e1s betet\u0151z\u00e9s\u00e9t \u00e9s \u201ct\u00f6k\u00e9lyre fejlesztett\u201d t\u00falkap\u00e1sainak steril k\u00f6vetkezm\u00e9nyeit l\u00e1tja, Carl J. Friedrich a totalit\u00e1rius diktat\u00far\u00e1k t\u00f6rt\u00e9nelmi \u00fajszer\u0171s\u00e9g\u00e9re, el\u0151zm\u00e9nyn\u00e9k\u00fclis\u00e9g\u00e9re helyezi a hangs\u00falyt, J\u00f6rg Baberowski az egyes kulcsszerepl\u0151k szem\u00e9lyes l\u00e9lektani von\u00e1saira \u00e9s szocializ\u00e1ci\u00f3s saj\u00e1toss\u00e1gaira helyezik a hangs\u00falyt.&nbsp;<\/p>\n\n\n\n<p>E roppant izgalmas \u00e9s bonyolult t\u00e1rsadalom- \u00e9s embertudom\u00e1nyi k\u00e9rd\u00e9sfeltev\u00e9sek \u00e9s el\u00e1gaz\u00e1sok t\u00e1rgyal\u00e1sa helyett ez\u00fattal be\u00e9rn\u00e9nk annak meg\u00e1llap\u00edt\u00e1s\u00e1val, hogy a sz\u00e9pirodalomra, amely &#8211; mint l\u00e1ttuk -, a maga m\u00f3dj\u00e1n szint\u00e9n t\u00e1rgyalja ezeket az id\u0151ket, h\u00e1rul annak meg\u00e9rt\u00e9se, \u00e9rtelmez\u00e9se, kifejez\u00e9se, hogy mik\u00e9nt fon\u00f3dnak \u00f6ssze az akkori \u00e9s azut\u00e1ni \u00e9letutak.&nbsp;<\/p>\n\n\n\n<p>Kristyna, Balla Robi, Abram vagy Jadran, ak\u00e1rcsak szerz\u0151ik, mind-mind mag\u00e1ban hordozza ezeket az \u00f6szt\u00f6nz\u0151ket, \u00e1ldozati \u00e9s elk\u00f6vet\u0151i perspekt\u00edv\u00e1kat. A k\u00f6z\u00e9p-kelet-eur\u00f3pai munk\u00e1k fontos er\u00e9nye, hogy nem ex nihilo, a semmib\u0151l keletkez\u00e9sben l\u00e1tja ezeket a trag\u00e9di\u00e1kat, hanem olykor \u00e9ppens\u00e9ggel egym\u00e1sb\u00f3l eredezteti azok okait.&nbsp;<\/p>\n\n\n\n<p>***<\/p>\n\n\n\n<p>Benedek Szabolcs. Focialista forradalom. Budapest: Libri, 2013.<\/p>\n\n\n\n<p>Ivan Kl\u00edma. <em>Se szentek, se angyalok. <\/em>Budapest: Eur\u00f3pa 2002.<\/p>\n\n\n\n<p>Tadeusz S\u0142obodzianek. <em>Nasza klasa.<\/em> Gdy\u0144ska Nagroda Dramaturgiczna. <a href=\"http:\/\/www.gnd.art.pl\/wp-content\/uploads\/2014\/05\/nasza_klasa_tadeusz_slobodzianek.pdf\">http:\/\/www.gnd.art.pl\/wp-content\/uploads\/2014\/05\/nasza_klasa_tadeusz_slobodzianek.pdf<\/a><\/p>\n\n\n\n<p>Goran Vojnovi\u0107. <em>The Fig Tree. <\/em>Istros Books, 2020.<\/p>\n","protected":false},"excerpt":{"rendered":"<p>K\u00f6lcs\u00f6nkeny\u00e9r vagy k\u0151 A forgand\u00f3 sors toposza a kort\u00e1rs k\u00f6z\u00e9p-kelet-eur\u00f3pai pr\u00f3z\u00e1ban A magyar, lengyel, cseh(szlov\u00e1k) \u00e9s szlov\u00e9n irodalom gyakorta foglalkozik a t\u00f6rt\u00e9nelem ingamozg\u00e1s\u00e1val, vagyis azzal, hogy egy-egy huszadik sz\u00e1zadi esem\u00e9ny milyen folyamatokat ind\u00edtott el, milyen alapokon vagy milyen k\u00f6vetkezm\u00e9nyekkel. N\u00e9gy &hellip; <a href=\"https:\/\/opus-folyoirat.sk\/?page_id=3677\">Egy kattint\u00e1s ide a folytat\u00e1shoz&#8230;. <span class=\"meta-nav\">&rarr;<\/span><\/a><\/p>\n","protected":false},"author":4,"featured_media":0,"parent":0,"menu_order":0,"comment_status":"closed","ping_status":"closed","template":"","meta":{"footnotes":""},"class_list":["post-3677","page","type-page","status-publish","hentry"],"_links":{"self":[{"href":"https:\/\/opus-folyoirat.sk\/index.php?rest_route=\/wp\/v2\/pages\/3677","targetHints":{"allow":["GET"]}}],"collection":[{"href":"https:\/\/opus-folyoirat.sk\/index.php?rest_route=\/wp\/v2\/pages"}],"about":[{"href":"https:\/\/opus-folyoirat.sk\/index.php?rest_route=\/wp\/v2\/types\/page"}],"author":[{"embeddable":true,"href":"https:\/\/opus-folyoirat.sk\/index.php?rest_route=\/wp\/v2\/users\/4"}],"replies":[{"embeddable":true,"href":"https:\/\/opus-folyoirat.sk\/index.php?rest_route=%2Fwp%2Fv2%2Fcomments&post=3677"}],"version-history":[{"count":2,"href":"https:\/\/opus-folyoirat.sk\/index.php?rest_route=\/wp\/v2\/pages\/3677\/revisions"}],"predecessor-version":[{"id":3687,"href":"https:\/\/opus-folyoirat.sk\/index.php?rest_route=\/wp\/v2\/pages\/3677\/revisions\/3687"}],"wp:attachment":[{"href":"https:\/\/opus-folyoirat.sk\/index.php?rest_route=%2Fwp%2Fv2%2Fmedia&parent=3677"}],"curies":[{"name":"wp","href":"https:\/\/api.w.org\/{rel}","templated":true}]}}