{"id":3691,"date":"2025-05-11T10:47:00","date_gmt":"2025-05-11T08:47:00","guid":{"rendered":"https:\/\/opus-folyoirat.sk\/?page_id=3691"},"modified":"2026-01-14T12:51:14","modified_gmt":"2026-01-14T10:51:14","slug":"vasi-szabo-janos","status":"publish","type":"page","link":"https:\/\/opus-folyoirat.sk\/?page_id=3691","title":{"rendered":"Vasi Szab\u00f3 J\u00e1nos\u00a0"},"content":{"rendered":"\n<div class=\"wp-block-group is-vertical is-layout-flex wp-container-core-group-is-layout-8cf370e7 wp-block-group-is-layout-flex\">\n<p><strong>A csod\u00e1k konverg\u00e1lnak Cinnabarban<\/strong><\/p>\n\n\n\n<p><em>(ism\u00e9t egy \u00f6r\u00f6kk\u00e9val\u00f3 v\u00e1ros az Id\u0151 perem\u00e9n is t\u00falr\u00f3l)<\/em><\/p>\n<\/div>\n\n\n<div class=\"has-text-align-right wp-block-post-date\"><time datetime=\"2025-05-11T10:47:00+02:00\">2025-05-11<\/time><\/div>\n\n<div class=\"wp-block-image\">\n<figure class=\"alignleft size-large is-resized\"><img loading=\"lazy\" decoding=\"async\" width=\"798\" height=\"1024\" src=\"https:\/\/opus-folyoirat.sk\/wp-content\/uploads\/2026\/01\/Ed_Bryant_by_Gage_Skidmore-798x1024.jpeg\" alt=\"\" class=\"wp-image-3693\" style=\"width:207px;height:auto\" srcset=\"https:\/\/opus-folyoirat.sk\/wp-content\/uploads\/2026\/01\/Ed_Bryant_by_Gage_Skidmore-798x1024.jpeg 798w, https:\/\/opus-folyoirat.sk\/wp-content\/uploads\/2026\/01\/Ed_Bryant_by_Gage_Skidmore-234x300.jpeg 234w, https:\/\/opus-folyoirat.sk\/wp-content\/uploads\/2026\/01\/Ed_Bryant_by_Gage_Skidmore-768x986.jpeg 768w, https:\/\/opus-folyoirat.sk\/wp-content\/uploads\/2026\/01\/Ed_Bryant_by_Gage_Skidmore-1197x1536.jpeg 1197w, https:\/\/opus-folyoirat.sk\/wp-content\/uploads\/2026\/01\/Ed_Bryant_by_Gage_Skidmore-1596x2048.jpeg 1596w, https:\/\/opus-folyoirat.sk\/wp-content\/uploads\/2026\/01\/Ed_Bryant_by_Gage_Skidmore-scaled.jpeg 1995w\" sizes=\"auto, (max-width: 798px) 100vw, 798px\" \/><\/figure><\/div>\n\n\n<p>Edward Bryant 1945-ben sz\u00fcletett, a hetvenes \u00e9vekben, a nyugati sci fi \u00fajb\u00f3li fellend\u00fcl\u00e9se idej\u00e9n bontakozott ki a karrierje. (Hasonl\u00f3an az Opusban kor\u00e1bban bemutatott Tanith Lee-hez.) 2017-ben hunyt el. Nem a reg\u00e9ny volt a f\u0151 m\u0171faja, \u00e1m r\u00f6videbb pr\u00f3z\u00e1i a zs\u00e1ner kiemelked\u0151 alkot\u00f3i k\u00f6z\u00e9 emelt\u00e9k, sz\u00e1mos alkalommal jel\u00f6lt\u00e9k a legnagyobb sci fi d\u00edjakra, a Nebul\u00e1t k\u00e9tszer siker\u00fclt elnyernie. Bryant m\u00edg hivat\u00e1sos \u00edr\u00f3v\u00e1 v\u00e1lt sok mindennel foglalkozott, volt lemezlovas, r\u00e1di\u00f3s h\u00edrszerkeszt\u0151, m\u00e9g tan\u00e1rk\u00e9nt is dolgozott r\u00f6vid ideig. A kritikusok szerint munk\u00e1ira mentora, Harlan Ellison volt el\u0151sz\u00f6r hat\u00e1ssal, \u00e1m eg\u00e9sz p\u00e1lyafut\u00e1s\u00e1t tekintve J.G.Ballard \u00e9s Cordwainer Smith befoly\u00e1sa mutathat\u00f3 ki legink\u00e1bb. (Ut\u00f3bbiak a kritikusn\u00e1l j\u00f3 pontnak sz\u00e1m\u00edtanak.)<\/p>\n\n\n\n<p>Legjobb munk\u00e1j\u00e1nak, k\u00f6zfelki\u00e1lt\u00e1ssal, a Cinnabar c\u00edm\u0171 novell\u00e1s k\u00f6tetet tartj\u00e1k. Bryant a r\u00f6videbb sztorik mestere, ez a m\u0171ve is nyolc laz\u00e1n \u00f6sszef\u00fcgg\u0151 novell\u00e1b\u00f3l \u00e9s kisreg\u00e9nyb\u0151l \u00e1ll. B\u00e1r nem besz\u00e9lhet\u00fcnk komplett reg\u00e9nyr\u0151l, az elbesz\u00e9l\u00e9seket \u00f6sszef\u0171zi a k\u00f6z\u00f6s helysz\u00edn illetve a karakterek is \u00e1tfedik a novell\u00e1kat. Ez a szerkezet nem volt meglep\u0151 a zs\u00e1ner korai m\u0171veiben, bizony\u00edtva, hogy a pulp- magazinok oldalair\u00f3l n\u0151tt ki, ahol adott volt a terjedelem, a negyvenes, \u00f6tvenes \u00e9vek sz\u00e1mos remekm\u0171ve ilyen sorozat: Ray Bradbury: Marsb\u00e9li kr\u00f3nik\u00e1k, A tetov\u00e1lt ember, Clifford D. Simak: A v\u00e1ros, Henry Kuttner: Mut\u00e1ns, de kisreg\u00e9nyekb\u0151l \u00e1llt \u00f6ssze Asimov vil\u00e1gh\u00edr\u0171 Alap\u00edtv\u00e1ny tril\u00f3gi\u00e1ja \u00e9s Ted Sturgeon :T\u00f6bb mint emberi c\u00edm\u0171 m\u0171remeke is. A hetvenes \u00e9vek konjunkt\u00far\u00e1j\u00e1ban viszont m\u00e1r a reg\u00e9nyek\u00e9 \u2013 ha nem is t\u00fal terjedelmes, \u00fagynevezett \u201eDAW Books\u201d m\u00e9ret\u0171ek\u00e9 \u2013 a f\u0151szerep. (Az elm\u00falt \u00e9vtizedek \u201esorozatitiszes\u201d \u00edr\u00f3inak megalom\u00e1ni\u00e1s, ezer oldaln\u00e1l is t\u00f6bbre r\u00fag\u00f3 gy\u0171jtem\u00e9nyeir\u0151l most ne besz\u00e9lj\u00fcnk.) Bryant novellaf\u00fcz\u00e9re angolsz\u00e1sz nyelvter\u00fcleten az egyik utols\u00f3 ilyen sikeres v\u00e1llalkoz\u00e1snak sz\u00e1m\u00edt, ma m\u00e1r a klasszikusok k\u00f6z\u00e9 sorolj\u00e1k.<\/p>\n\n\n\n<p>Eml\u00e9kezetesen nyit az els\u0151 novella: \u201e<em>Egy poros \u00fat haladt a sivatagi sz\u00e9l \u00e1ltal kiv\u00e1gott dombok k\u00f6z\u00f6tt, a kisz\u00e1radt patak\u00e1gyakon kereszt\u00fcl, \u00f6sszecs\u00faszva a sz\u00fcrk\u00e9sz\u00f6ld bokros aljn\u00f6v\u00e9nyzettel. Egyenesen, mindig a l\u00e1t\u00f3t\u00e1vols\u00e1gon bel\u00fcl futott. Az \u00fat mellett vas\u00fati t\u00f6lt\u00e9s emelkedett, de a vonatok \u00e9vsz\u00e1zadokkal kor\u00e1bban meg\u00e1lltak, s a s\u00edneket gyomn\u00f6v\u00e9ny n\u0151tte be. A jelvezet\u00e9kek k\u00f6zt a sz\u00e9l aton\u00e1lis scherz\u00f3t f\u00fajt, de ritk\u00e1n j\u00f6tt valaki, aki hallhatta. A v\u00e1ros fel\u00e9 sorakoztak az \u00fatsz\u00e9l\u00e9n hagyott j\u00e1rm\u0171vek csupasz f\u00e9mv\u00e1zai. Azt\u00e1n z\u00f6ld\u00f6vezet k\u00f6vetkezett, m\u00e9rf\u00f6ldnyi f\u00e1kkal teli \u00e9l\u0151 szalag, majd ny\u00edrt f\u00fcv\u0171 r\u00e9tek, amiket a csendesen suhan\u00f3 g\u00e9pezetek folyamatosan karbantartottak. a szerelmesek \u00e9s a term\u00e9szet kedvel\u0151i n\u00e9ha megl\u00e1togatt\u00e1k ezt a s\u00e1vot. V\u00e9g\u00fcl Cinnabar v\u00e1rosa, \u00fcvegtornyok \u00e9s f\u00e9mfalak t\u00fcleked\u00e9se a v\u00f6r\u00f6s szikl\u00e1k tetej\u00e9n. A szikl\u00e1k l\u00e1b\u00e1n\u00e1l t\u00f6rmel\u00e9kmez\u0151, majd egy keskeny strandszakasz, ami a tengerig terjeszkedik. A sivatag. A z\u00f6ld\u00f6vezet. A v\u00e1ros. A tenger. Ez volt a vil\u00e1g \u2013 nem sokkal t\u00f6bb<\/em>.\u201d E l\u00e1tom\u00e1sos sorok egy\u00e9bk\u00e9nt keretbe foglalj\u00e1k a k\u00f6nyvet, n\u00e9mi m\u00f3dos\u00edt\u00e1ssal, de err\u0151l k\u00e9s\u0151bb.<\/p>\n\n\n\n<figure class=\"wp-block-image size-large\"><img loading=\"lazy\" decoding=\"async\" width=\"629\" height=\"1024\" src=\"https:\/\/opus-folyoirat.sk\/wp-content\/uploads\/2026\/01\/169276-629x1024.jpeg\" alt=\"\" class=\"wp-image-3694\" srcset=\"https:\/\/opus-folyoirat.sk\/wp-content\/uploads\/2026\/01\/169276-629x1024.jpeg 629w, https:\/\/opus-folyoirat.sk\/wp-content\/uploads\/2026\/01\/169276-184x300.jpeg 184w, https:\/\/opus-folyoirat.sk\/wp-content\/uploads\/2026\/01\/169276-768x1250.jpeg 768w, https:\/\/opus-folyoirat.sk\/wp-content\/uploads\/2026\/01\/169276-944x1536.jpeg 944w, https:\/\/opus-folyoirat.sk\/wp-content\/uploads\/2026\/01\/169276.jpeg 1258w\" sizes=\"auto, (max-width: 629px) 100vw, 629px\" \/><\/figure>\n\n\n\n<p>Cinnabar egy moorcocki \u00e9rtelemben vett \u201eid\u0151n k\u00edv\u00fcli v\u00e1ros\u201d Olyan telep\u00fcl\u00e9s, ahol az abszurd is norm\u00e1lis, a lehetetlen h\u00e9tk\u00f6znapiv\u00e1 v\u00e1lik, egyfajta metszete a bels\u0151 \u00e9s k\u00fcls\u0151 val\u00f3s\u00e1gnak, t\u00e9rben \u00e9s id\u0151ben mindent\u0151l t\u00e1vol van, m\u00e9gis akadnak pontok a vil\u00e1gmindens\u00e9gben, ahonn\u00e9t el\u00e9rhet\u0151. J. L. Borges Alef c\u00edm\u0171 novell\u00e1j\u00e1ban van egy kiv\u00e9teles hely, ahol minden, ami a f\u00f6ld\u00f6n t\u00f6rt\u00e9nik l\u00e1that\u00f3 \u00e9s megfigyelhet\u0151, Cinnabar ennek az anal\u00edzisnek kozmikus m\u00e9ret\u0171v\u00e9 t\u00e1gult v\u00e1ltozata. Maga a n\u00e9v is szimb\u00f3lumot sejtet, a cin\u00f3ber, angolul vermilion, egy sz\u00edv\u00f3s anyag, higany-szulfit, vil\u00e1gos v\u00f6r\u00f6s sz\u00edn\u0171, az emberis\u00e9g leg\u0151sibb kult\u00far\u00e1i is haszn\u00e1lt\u00e1k, ezzel sz\u00ednezt\u00e9k a pecs\u00e9tviaszt, a c\u00edmertanban a cin\u00f3ber v\u00f6r\u00f6se \u00f6n\u00e1ll\u00f3 heraldikai sz\u00edn. A nyugati alkimist\u00e1k nagy becsben tartott\u00e1k, a t\u00e1vol- keleti b\u00f6lcseletben egyfajta bels\u0151 t\u00e9gelyt szimboliz\u00e1l, ami a jint \u00e9s jangot egyes\u00edti. Ami t\u00fckr\u00f6z\u0151dik a c\u00edmben is, de az olvas\u00f3 csak nagy sok\u00e1ra fedezi fel a m\u00e9lyebb jelent\u00e9s\u00e9t. A v\u00e1rosban az id\u0151 folyama t\u00f6bbdimenzi\u00f3s \u00f6rv\u00e9nyt kelt, ez\u00e9rt neh\u00e9z bet\u00e1jolni, hogy Cinnabar mindennek a k\u00f6zepe, esetleg a v\u00e9ge: az \u201eutols\u00f3 v\u00e1rkast\u00e9ly\u201d. Maga a telep\u00fcl\u00e9s is sz\u00e1mos alternat\u00edv\u00e1t k\u00edn\u00e1l, \u00e1m ezek t\u00f6bbs\u00e9ge ink\u00e1bb elterel\u00e9snek t\u0171nik. Ez tal\u00e1n a szerz\u0151 kikacsint\u00e1sa a hatvanas-hetvenes \u00e9vek sz\u00e9pirodalmi mozgalmaira, jeles\u00fcl a filozofikus antireg\u00e9nyekre, ahol a val\u00f3s\u00e1g elveszt\u00e9se titokban zajlik, s mindent lass\u00fa elnyel\u00e9ssel fenyeget az entr\u00f3pia. De a sz\u00fcrke k\u00e1osznak \u00e9pp az ellent\u00e9te Cinnabar, a soksz\u00edn\u0171s\u00e9g \u00fcnnepe.&nbsp;<\/p>\n\n\n\n<p>A novell\u00e1k sorrendbe \u00e1ll\u00edtva a k\u00f6vetkez\u0151k: The Road to Cinnabar, Jade Blue, Gray Matrers, The Legend of Cougar Lou Landis, Hayes and the Heterogyne, Years Later, Sharking Down,Brain Terminal. A szerepl\u0151k a legk\u00fcl\u00f6nb\u00f6z\u0151bb karakterek: Turmaline Hayes egy porn\u00f3szt\u00e1r a m\u00e9di\u00e1b\u00f3l, Timnah Obregon eszement, \u00e1m zseni\u00e1lis tud\u00f3s, Jade Blue, aki val\u00f3j\u00e1ban n\u0151st\u00e9nymacska hibrid (kihallani Cordwainer Smith dorombol\u00e1s\u00e1t\u2026), egy \u0151skori c\u00e1pa ( a Megalodon fajt\u00e1b\u00f3l) n\u00e9v szerint Sidhe, Cogar Lou Landis akir\u0151l a \u201efeh\u00e9rm\u00e1j\u00fa n\u0151-szobr\u00e1t\u201d lehetne megform\u00e1zni, a polig\u00e1mia cs\u00facs\u00e1n ezernyi f\u00e9rjjel, v\u00e9g\u00fcl, de nem utolj\u00e1ra Terminx sz\u00e1m\u00edt\u00f3g\u00e9p, a hipochonder mesters\u00e9ges intelligencia\u2026<\/p>\n\n\n\n<p>B\u00e1r a t\u00f6rt\u00e9netf\u00fcz\u00e9rben felsejlik a linearit\u00e1s is, a k\u00f6lt\u0151i le\u00edr\u00e1sok \u00e9s hallucin\u00e1ci\u00f3k kaleidoszk\u00f3pja er\u0151s k\u00e9pzeletet \u00e9s a lekt\u0171r m\u0171h\u00f6z k\u00e9pest szokatlanul nagy intu\u00edci\u00f3s k\u00e9pess\u00e9get k\u00f6vetel az olvas\u00f3t\u00f3l. A szerz\u0151 s\u0171r\u00edtett pr\u00f3z\u00e1ja se k\u00f6nny\u00edti meg a dolgot, az els\u0151 hat t\u00f6rt\u00e9netet kiss\u00e9 sz\u00e9t is apr\u00f3zza, b\u00e1r az \u00edr\u00f3 igyekszik feldobni a korszellemhez h\u0171 buja erotik\u00e1val, vagy ak\u00e1r n\u00e9mi darabol\u00f3s gyilkoss\u00e1ggal is az egyik r\u00f6vid sztori fin\u00e1l\u00e9j\u00e1ban. A szex jeleneteken igaz\u00e1b\u00f3l nem lep\u0151d\u00fcnk meg, hisz a v\u00e1rosban val\u00f3j\u00e1ban mindenki \u0151s\u00f6reg, csak fiatal testben \u00e9l, nincsenek g\u00e1tl\u00e1sok, r\u00e9g kivesztek a mor\u00e1lb\u00f3l, neh\u00e9z igazi \u00fajdons\u00e1got kieszelni a v\u00e9gtelennek t\u0171n\u0151 szabadid\u0151 el\u00fct\u00e9s\u00e9re. Egy\u00e9bk\u00e9nt a fentebb eml\u00edtett bizarr szereposzt\u00e1s nem v\u00e1lik zavar\u00f3v\u00e1, mert a k\u00f6nyv legal\u00e1bb annyira a paradox v\u00e1rosr\u00f3l sz\u00f3l, mint a karakterekr\u0151l. Aki meg akarja \u00e9rteni a h\u0151s\u00f6k ind\u00edt\u00e9kait, annak el\u0151bb a v\u00e1rost kell meg\u00e9rteni.&nbsp;<\/p>\n\n\n\n<p>*<\/p>\n\n\n\n<p>A befejez\u0151 elbesz\u00e9l\u00e9s, a <em>Brain Terminal <\/em>egyfajta \u00f6sszegz\u00e9se a k\u00f6nyvben sorj\u00e1z\u00f3 t\u00f6rt\u00e9neteknek. Utolj\u00e1ra \u00f6sszegy\u0171jti a szerepl\u0151ket a porn\u00f3csillagt\u00f3l a kiss\u00e9 hab\u00f3kos tud\u00f3sig, mert el kell jutniuk a titokzatos v\u00e1rosk\u00f6zpontba. Terminx a Cinnabart mindenhat\u00f3k\u00e9nt ir\u00e1ny\u00edt\u00f3 sz\u00e1m\u00edt\u00f3g\u00e9p \u2013 \u00faj\u00f3lag \u2013 megzavarodott, \u00f6ngyilkoss\u00e1got forgat az agyi \u00e1ramk\u00f6reiben, \u00e1m ha ez bek\u00f6vetkezik, a halhatatlannak t\u0171n\u0151 v\u00e1ros most v\u00e9glegesen megsemmis\u00fcl\u2026 A v\u00e1rosk\u00f6zpontba nehezebb eljutni, mint az \u00f6sszegy\u0171lt, sz\u00ednes t\u00e1rsas\u00e1g gondolta, a t\u00e9r \u00e9s id\u0151 ellen\u00fck fordul minden pr\u00f3b\u00e1lkoz\u00e1suk alkalm\u00e1val, az \u00fatjuk sor\u00e1n egyre t\u00f6bb k\u00e9rd\u00e9s mer\u00fcl fel a karakterekben, saj\u00e1t \u00e9s Cinnabar l\u00e9tez\u00e9s\u00e9nek \u00e9rtelm\u00e9r\u0151l. V\u00e9g\u00fcl el\u00e9rnek a K\u00f6zpontba, ahol Terminx mint fekete, hatalmas toj\u00e1s tr\u00f3nol egy oszlopon, a teremben egy mesters\u00e9gesen gener\u00e1lt fekete lyuk csalogatja a furcsa g\u00e9pintelligenci\u00e1t. Obregonnal val\u00f3 utols\u00f3 p\u00e1rbesz\u00e9db\u0151l kider\u00fcl, sz\u00f3 sincs arr\u00f3l, hogy&nbsp; megbolondult volna: elhagyni k\u00e9sz\u00fcl Cinnabart \u00e9s lak\u00f3it, a szingularit\u00e1son \u00e1t egy m\u00e1sik, \u00e1ltala kre\u00e1lt kibernetikus univerzumba. A tud\u00f3s&nbsp; le akarja besz\u00e9lni a v\u00e9gzetes tervr\u0151l, mert el fog pusztulni a v\u00e1ros az ir\u00e1ny\u00edt\u00e1sa n\u00e9lk\u00fcl, \u00e1m Terminx szerint Cinnabar meg volt \u0151 el\u0151tte is, \u00e9s meg lesz ut\u00e1na is.<\/p>\n\n\n\n<p>Konrad Lorenz <em>A civiliz\u00e1lt emberis\u00e9g nyolc hal\u00e1los b\u0171ne<\/em> c\u00edm\u0171 remek \u00e9rtekez\u00e9s\u00e9ben olvasni: <em>\u201e Az, hogy a kellemetlens\u00e9geket egyre kev\u00e9sb\u00e9 vagyunk k\u00e9pesek elt\u0171rni, az emberi \u00e9letnek a term\u00e9szet \u00e1ltal elrendelt cs\u00facsait \u00e9s m\u00e9lys\u00e9geit mesters\u00e9gesen elegyengetett s\u00edks\u00e1gg\u00e1 v\u00e1ltoztatja, a nagyszab\u00e1s\u00fa hull\u00e1mhegyekb\u0151l \u00e9s \u2013v\u00f6lgyekb\u0151l alig \u00e9szlelhet\u0151 fodroz\u00f3d\u00e1st, a f\u00e9nyb\u0151l \u00e9s \u00e1rny\u00e9kb\u00f3l unalmas sz\u00fcrkes\u00e9get, egysz\u00f3val hal\u00e1los unalmat teremt. Ez az \u201e\u00e9rzelmi fagyhal\u00e1l\u201d k\u00fcl\u00f6n\u00f6sen azokat az \u00f6r\u00f6m\u00f6ket \u00e9s f\u00e1jdalmakat fenyegeti, melyek t\u00e1rsas kapcsolatainkat \u2013 h\u00e1zast\u00e1rsunkhoz, gyermekeinkhez,sz\u00fcleinkhez, bar\u00e1tainkhoz val\u00f3 k\u00f6t\u0151d\u00e9s\u00fcnket \u2013 jellemzik.\u201d<\/em> <em>(Helikon kiad\u00f3, ford\u00edt\u00f3 Gell\u00e9rt Katalin)&nbsp;<\/em><\/p>\n\n\n\n<p>A Cinnabar \u00edr\u00f3ja meghagy egy r\u00e9snyi menek\u00fcl\u00e9si utat a novellaf\u00fcz\u00e9r szerepl\u0151inek.&nbsp; A k\u00f6nyv kezd\u0151 sorait ism\u00e9tli meg Bryant a befejez\u00e9sben; am\u00edg a m\u0171 elej\u00e9n egy \u00f6r\u00f6kk\u00e9val\u00f3, de mozdulatlans\u00e1gra \u00edt\u00e9lt t\u00e1rsadalom fel\u00e9 haladnak halhatatlans\u00e1gukban k\u00f6z\u00f6ny\u00f6ss\u00e9 v\u00e1lt h\u0151seink, most egy v\u00e1ltoz\u00f3, a t\u00fal\u00e9l\u00e9s\u00e9hez az egy\u00e9n \u00e9s k\u00f6z\u00f6ss\u00e9g felel\u0151ss\u00e9g\u00e9t \u00e9s a cselekv\u00e9s\u00e9t sz\u00fcks\u00e9gesnek elfogad\u00f3 karakterek k\u00f6zelednek.&nbsp; S ahogy az utols\u00f3 mondata lesz\u00f6gezi: \u201eCinnabar, a haldokl\u00f3 v\u00e1ros v\u00e1r r\u00e1juk.\u201d<\/p>\n","protected":false},"excerpt":{"rendered":"<p>A csod\u00e1k konverg\u00e1lnak Cinnabarban (ism\u00e9t egy \u00f6r\u00f6kk\u00e9val\u00f3 v\u00e1ros az Id\u0151 perem\u00e9n is t\u00falr\u00f3l) Edward Bryant 1945-ben sz\u00fcletett, a hetvenes \u00e9vekben, a nyugati sci fi \u00fajb\u00f3li fellend\u00fcl\u00e9se idej\u00e9n bontakozott ki a karrierje. (Hasonl\u00f3an az Opusban kor\u00e1bban bemutatott Tanith Lee-hez.) 2017-ben hunyt &hellip; <a href=\"https:\/\/opus-folyoirat.sk\/?page_id=3691\">Egy kattint\u00e1s ide a folytat\u00e1shoz&#8230;. <span class=\"meta-nav\">&rarr;<\/span><\/a><\/p>\n","protected":false},"author":4,"featured_media":0,"parent":0,"menu_order":0,"comment_status":"closed","ping_status":"closed","template":"","meta":{"footnotes":""},"class_list":["post-3691","page","type-page","status-publish","hentry"],"_links":{"self":[{"href":"https:\/\/opus-folyoirat.sk\/index.php?rest_route=\/wp\/v2\/pages\/3691","targetHints":{"allow":["GET"]}}],"collection":[{"href":"https:\/\/opus-folyoirat.sk\/index.php?rest_route=\/wp\/v2\/pages"}],"about":[{"href":"https:\/\/opus-folyoirat.sk\/index.php?rest_route=\/wp\/v2\/types\/page"}],"author":[{"embeddable":true,"href":"https:\/\/opus-folyoirat.sk\/index.php?rest_route=\/wp\/v2\/users\/4"}],"replies":[{"embeddable":true,"href":"https:\/\/opus-folyoirat.sk\/index.php?rest_route=%2Fwp%2Fv2%2Fcomments&post=3691"}],"version-history":[{"count":1,"href":"https:\/\/opus-folyoirat.sk\/index.php?rest_route=\/wp\/v2\/pages\/3691\/revisions"}],"predecessor-version":[{"id":3695,"href":"https:\/\/opus-folyoirat.sk\/index.php?rest_route=\/wp\/v2\/pages\/3691\/revisions\/3695"}],"wp:attachment":[{"href":"https:\/\/opus-folyoirat.sk\/index.php?rest_route=%2Fwp%2Fv2%2Fmedia&parent=3691"}],"curies":[{"name":"wp","href":"https:\/\/api.w.org\/{rel}","templated":true}]}}