{"id":3723,"date":"2025-05-20T13:16:00","date_gmt":"2025-05-20T11:16:00","guid":{"rendered":"https:\/\/opus-folyoirat.sk\/?page_id=3723"},"modified":"2026-01-14T13:17:00","modified_gmt":"2026-01-14T11:17:00","slug":"meszaros-emily","status":"publish","type":"page","link":"https:\/\/opus-folyoirat.sk\/?page_id=3723","title":{"rendered":"M\u00e9sz\u00e1ros Emily"},"content":{"rendered":"\n<p><strong>Nefelejcs<\/strong><\/p>\n\n\n<div class=\"has-text-align-right wp-block-post-date\"><time datetime=\"2025-05-20T13:16:00+02:00\">2025-05-20<\/time><\/div>\n\n\n<p>A hatalmas, \u00f6reg di\u00f3fa \u00e1rny\u00e9k\u00e1ban \u00e1llva, t\u00f6k\u00e9letes tavaszi szell\u0151 f\u00faj v\u00e9gig a fa z\u00f6ldell\u0151 levelein, mik\u00f6zben fekete szokny\u00e1mba t\u00f6rl\u00f6m idegess\u00e9gt\u0151l izzadt tenyerem. Hiszen ideges vagyok. Mi\u00e9rt ne lenn\u00e9k ideges, amikor ekkora figyelem ir\u00e1nyul r\u00e1m? Utolj\u00e1ra a tavalyi szaval\u00f3verseny j\u00e1r\u00e1si fordul\u00f3j\u00e1n voltam ekkora p\u00e1nikhelyzetben. Ott \u00e1lltam a h\u00e1romtag\u00fa zs\u0171ri el\u0151tt, vir\u00e1gos ruh\u00e1mban a versem els\u0151 szavait ism\u00e9telgetve magamban. <em>Piros tulip\u00e1n&#8230; piros tulip\u00e1n&#8230; <\/em>Most viszont a ,,piros tulip\u00e1n\u201d ism\u00e9telget\u00e9se helyett a di\u00f3fa t\u00f6v\u00e9hez helyezett feh\u00e9r nefelejcseket szugger\u00e1lom, \u00fagy, mintha az \u00e9letem m\u00falna rajta. V\u00e9g\u00fcl is ki tudja, mi v\u00e1rna r\u00e1m, ha k\u00f6rben\u00e9zn\u00e9k. K\u00e9rd\u00e9semre hamar v\u00e1laszt kapok, mivel anya biztat\u00f3an v\u00e1llamra teszi kez\u00e9t, \u00e9s r\u00e1m mosolyog, ezzel jelezve, hogy ideje lenne megmozdulnom. \u00cdgy teszek. Elszak\u00edtva tekintetem a vir\u00e1gokr\u00f3l, k\u00f6rben\u00e9zek, \u00e9s hatalmas megnyugv\u00e1s t\u00f6lt el. Anya, apa, nagysz\u00fcleim \u00e9s testv\u00e9rem mind \u00e9rdekl\u0151dve \u00e9s b\u00e1tor\u00edt\u00f3an figyelnek az \u00f6reg fa al\u00e1 ter\u00edtett pokr\u00f3cokr\u00f3l, amiket apa a padl\u00e1sr\u00f3l hozott le. Kiegyenesedek, \u00e9s megk\u00f6sz\u00f6r\u00fcl\u00f6m a torkom, ezzel b\u00e1tor\u00edtva saj\u00e1t magamat is a besz\u00e9d megkezd\u00e9s\u00e9re.<\/p>\n\n\n\n<p>&nbsp; \u2013 K\u00f6sz\u00f6n\u00f6m mindenkinek, hogy elj\u00f6tt. Ari nagyon boldog lenne, ha tudn\u00e1, mindenki jelen van, akit szeretett. \u2013 A t\u00e1mogat\u00f3, kedves mosolyoknak h\u00e1la nyugodtan veszem kezembe a kis n\u00e9gyzet alak\u00fa lapokra \u00edrt besz\u00e9demet, amit p\u00e1r \u00f3r\u00e1ja m\u00e9g k\u00f6nnyek k\u00f6zt \u00edrtam az asztalomn\u00e1l kuporogva, haszn\u00e1lt pap\u00edrzsepik kupaca k\u00f6zt.&nbsp;<\/p>\n\n\n\n<p>\u2013&nbsp; Hol is kezdjem? Ari sz\u00e1momra egy nagyon fontos szem\u00e9ly volt, nemcsak legjobb bar\u00e1t, hanem csal\u00e1dtag is, amivel szerintem mindegyik\u0151t\u00f6k egyet\u00e9rt.&nbsp; \u2013 Miut\u00e1n mindenki b\u00f3logatni kezdett, jelezve egyet\u00e9rt\u00e9s\u00fcket, belekezdek a mes\u00e9l\u00e9sbe.<\/p>\n\n\n\n<p>\u2013 Sok k\u00f6ny\u00f6rg\u00e9s \u00e9s gy\u0151zk\u00f6d\u00e9s ut\u00e1n egy ny\u00e1ri napon siker\u00fclt r\u00e1szednem any\u00e1\u00e9kat, hogy igenis \u00e9rett vagyok ahhoz, hogy legyen egy aranyhalam. K\u00e9pzelhetitek, milyen boldog voltam. Bar\u00e1ts\u00e1gunk m\u00e1r megismerked\u00e9s\u00fcnk el\u0151tt kaotikus volt, de ezt szerettem benne igaz\u00e1n. Miel\u0151tt ment\u00fcnk volna az \u00e1llatkeresked\u00e9sbe, anya r\u00e9gies st\u00edlus\u00fa feh\u00e9r asztal\u00e1n\u00e1l \u00fclve \u00edrtam egy list\u00e1t arr\u00f3l, mikre lesz sz\u00fcks\u00e9g\u00fcnk, csakhogy izgatotts\u00e1gomban a sima lap helyett kop\u00edrpap\u00edrra \u00edrtam a hossz\u00fa list\u00e1mat. Igen, val\u00f3sz\u00edn\u0171leg ismeritek a t\u00f6rt\u00e9netet, mivel anya nem volt a legboldogabb t\u0151le, hiszen a pap\u00edr, rendeltet\u00e9s\u00e9hez h\u0171en az eg\u00e9sz list\u00e1mat \u00e1tnyomtatta a feh\u00e9r \u00edr\u00f3asztalra. A haleledel, a kincsesl\u00e1da, a sz\u00ednes kavicsok \u00e9s a bubor\u00e9k szavak az\u00f3ta is ott d\u00edszelegnek t\u00fcrkizk\u00e9ken anya asztal\u00e1n, ami\u00e9rt \u00fajra bocs\u00e1natot k\u00e9rek.<\/p>\n\n\n\n<p>A boltban rengeteg fajta hal volt, de \u00e9n elsz\u00e1ntan meg\u00e1lltam az aranyhalak akv\u00e1riuma el\u0151tt, \u00e9s az \u00fcveghez \u00e9rintettem kisujjamat. A gy\u00f6ny\u00f6r\u0171, narancss\u00e1rg\u00e1san csillog\u00f3 halak mindegyike sz\u00e9tsz\u00e9ledt az ijeszt\u0151 mozdulatom miatt. Egy kiv\u00e9tel\u00e9vel. Egy, szinte g\u00f6mb\u00f6ly\u0171, narancss\u00e1rga hal ott maradt. El\u0151sz\u00f6r azt hihette az ember, hogy teljesen narancss\u00e1rga, de ha jobban megn\u00e9zt\u00e9k, tal\u00e1ltak az oldal\u00e1n egyetlen egy s\u00e1rga foltot. Hatalmas szemeivel r\u00e1m n\u00e9zett, mik\u00f6zben meg\u00e1llt a kisujjam el\u0151tt. Egy ideig gondolkodott, megfigyelt, majd k\u00e9t bubor\u00e9k hagyta el sz\u00e1j\u00e1t, mik\u00f6zben k\u00f6zelebb j\u00f6tt az ujjamhoz. Ez volt az a pillanat, amikor kisujjesk\u00fct k\u00f6t\u00f6tt\u00fcnk, \u00e9s \u00f6r\u00f6k bar\u00e1ts\u00e1got fogadtunk. \u00d6r\u00f6m\u00f6mben elki\u00e1ltottam magam, hogy ,,Apa, megtal\u00e1ltam Ari Halit!\u201d, mire az \u00f6sszes hal ism\u00e9t sz\u00e9tsz\u00e9ledt, Arit kiv\u00e9ve, aki kitart\u00f3an figyelte az esem\u00e9nyeket az ujjamn\u00e1l keringve. \u00cdgy ismerkedtem meg Ari Halival, \u00e9s \u00edgy vette kezdet\u00e9t kalandokkal teli bar\u00e1ts\u00e1gunk.&nbsp;<\/p>\n\n\n\n<p>Annyi vicces \u00e9s eml\u00e9kezetes t\u00f6rt\u00e9netet tudn\u00e9k mondani, de el\u0151sz\u00f6r ink\u00e1bb el szeretn\u00e9m mes\u00e9lni, milyen hal is volt igaz\u00e1b\u00f3l. Ari im\u00e1dta a kis kast\u00e9lyt, ami alatt \u00e1t tudott \u00faszni, \u00e9s b\u00faj\u00f3csk\u00e1z\u00e1skor elb\u00fajni benne. Ha megl\u00e1tta, hogy vacsoraid\u0151 van, \u00f6r\u00f6m\u00e9ben mindig gyorsan k\u00f6rbe\u00faszta az akv\u00e1rium\u00e1t, kiadva mag\u00e1b\u00f3l a felgy\u00fclemlett izgatotts\u00e1g\u00e1t, majd meg\u00e1llt egy helyben, \u00e9s v\u00e1rta az \u00e9telt. Ev\u00e9s ut\u00e1n mindig kif\u00e1radt, \u00e9s pihent egyet a kast\u00e9ly sark\u00e1ban. A tanul\u00e1sban is sokat seg\u00edtett, ak\u00e1rh\u00e1nyszor elakadtam, csak r\u00e1n\u00e9ztem, \u00e9s felolvastam a k\u00e9rd\u00e9st, amire mindig tudott valami tan\u00e1csot adni. A kedvence a matek volt, sosem \u00e9rtettem meg, mi\u00e9rt. Ak\u00e1rh\u00e1nyszor el\u0151vettem a sz\u00e1mol\u00f3g\u00e9pem, \u00f6r\u00f6m\u00e9ben ism\u00e9t k\u00f6rbe\u00faszta az akv\u00e1rium\u00e1t, majd visszat\u00e9rt hozz\u00e1m, \u00e9s gy\u00f6ny\u00f6rk\u00f6dve b\u00e1multa, ahogy k\u00fcl\u00f6nb\u00f6z\u0151 egyenleteket oldok meg a lapon. Okoss\u00e1ga \u00e9s kedvess\u00e9ge mellett viszont el\u00e9g nehezen viselte, ha vesz\u00edtett az \u00e1ltalam kital\u00e1lt j\u00e1t\u00e9kokban. Ilyenkor vigasztal\u00e1sk\u00e9pp mindig elind\u00edtottam a kedvenc rajzfilm\u00e9t, a N\u00e9m\u00f3 nyom\u00e1ban-t. Az elej\u00e9n m\u00e9g k\u00e9retni szokta mag\u00e1t, de amint meghallotta Szenilla hangj\u00e1t, azonnal kidugta fej\u00e9t kis rejtekhely\u00e9r\u0151l, majd v\u00e9g\u00fcl m\u00e1r szorosan az \u00fcvegn\u00e9l \u00faszk\u00e1lva n\u00e9zte a t\u00f6rt\u00e9n\u00e9seket. Szenilla volt \u00e9lete els\u0151 szerelme. Onnan tudom, hogy ak\u00e1rh\u00e1nyszor megl\u00e1tta, zavar\u00e1ban forgott egyet. Ezt nagyon aranyosnak tartottam, \u00e9s \u00f6r\u00fcltem a boldogs\u00e1g\u00e1nak. Persze, mint minden bar\u00e1t \u00e9s csal\u00e1dtag, mi is \u00f6sszeveszt\u00fcnk p\u00e1rszor, de sose b\u00edrtuk hosszabb ideig haragban. Bocs\u00e1natk\u00e9r\u00e9s gyan\u00e1nt mindig odatettem a kisujjam az \u00fcveghez, mire hozz\u00e1nyomta apr\u00f3 arc\u00e1t, vagy \u00e9ppen ford\u00edtva, \u00e9s ki tudna haragudni egy gy\u00f6ny\u00f6r\u0171, narancss\u00e1rg\u00e1n csillog\u00f3, bocs\u00e1natk\u00e9r\u0151en n\u00e9z\u0151 aranyhalnak?<\/p>\n\n\n\n<p>Az egyik kedvenc t\u00f6rt\u00e9netem egy szerdai naphoz k\u00f6thet\u0151. El\u0151tte val\u00f3 este egyed\u00fcl tiszt\u00edtottam ki az akv\u00e1rium\u00e1t, \u00e9s kicsivel t\u00f6bb vizet tettem bele a kellet\u00e9n\u00e9l. De ezt nem tartottam probl\u00e9m\u00e1nak. B\u00e1r szerda reggel k\u00e9s\u00e9sben voltam, m\u00e9g indul\u00e1s el\u0151tt le\u00fcltem az asztalomhoz megcsin\u00e1lni a h\u00e1zi feladatom, mert h\u00e1t ki nem csin\u00e1lt m\u00e9g ilyet? M\u00e1r raktam volna el a f\u00fczetem, amikor Ari hirtelen nagy csobban\u00e1ssal elrugaszkodva a magasabban l\u00e9v\u0151 v\u00edznek k\u00f6sz\u00f6nhet\u0151en az \u00f6lembe ugrott. Nagyon megijesztett ezzel a hirtelen tett\u00e9vel, \u00e9s sz\u00e1mon is k\u00e9rtem \u00e9rte, miut\u00e1n biztons\u00e1gosan visszahelyeztem vizes otthon\u00e1ba. L\u00e1ttam rajta, hogy sz\u00e9gyelli mag\u00e1t, ami\u00e9rt \u00edgy megijesztett, de ismertem m\u00e1r annyira, hogy szavak n\u00e9lk\u00fcl is tudjam, mi b\u00e1ntja igaz\u00e1b\u00f3l. Nem akart egyed\u00fcl lenni, \u00e9n pedig megsajn\u00e1ltam. Szereztem egy er\u0151sebbnek t\u0171n\u0151 zacsk\u00f3t \u00e9s egy bef\u0151ttes gumit. Ari azonnal tudta, mit akarok, \u00e9s \u00f6r\u00f6m\u00e9ben k\u00f6rbe\u00faszk\u00e1lta a kast\u00e9ly\u00e1t, majd amint megt\u00f6lt\u00f6ttem v\u00edzzel a zacsk\u00f3t, f\u00fcrg\u00e9n bele\u00faszott. Az \u00e1tl\u00e1tsz\u00f3 zacsk\u00f3 tetej\u00e9t szorosan megk\u00f6t\u00f6ztem gumival, majd \u00f3vatosan elrejtettem az iskolat\u00e1sk\u00e1mban. Nagyon izgatottak voltunk, ez volt az els\u0151 k\u00f6z\u00f6s iskolai napunk. Sajnos nem tartott sok\u00e1ig. Mint ahogy any\u00e1t\u00f3l m\u00e1r hallhatt\u00e1tok, matek\u00f3r\u00e1n Ari nagyon izgatott lett, annyira, hogy a t\u00e1sk\u00e1m felt\u0171n\u0151en mozogni kezdett a hely\u00e9n. A tan\u00e1rn\u0151 k\u00e9r\u00e9s\u00e9re kinyitottam, \u00e9s kivettem a vid\u00e1man \u00faszk\u00e1l\u00f3 halacsk\u00e1mat hely\u00e9r\u0151l. B\u00e1r a tan\u00e1rn\u0151 nagyon m\u00e9rges volt, \u00e9s azonnal h\u00edvta any\u00e1t. Az azut\u00e1n elk\u00f6vetkez\u0151 tizen\u00f6t percben \u00e9n \u00e9s Ari voltunk az oszt\u00e1ly legmen\u0151bb tagjai. Persze a szobafogs\u00e1got m\u00e1r nem \u00e9lvezt\u00fck annyira, de eg\u00e9sz este az aznap t\u00f6rt\u00e9nteken nevettem vele.<\/p>\n\n\n\n<p>Ari Hali volt a vil\u00e1g legjobb bar\u00e1tja, mindig meg tudott nevettetni, meg\u00e9rtett, \u00e9s jobbn\u00e1l jobb tan\u00e1csokkal l\u00e1tott el. Im\u00e1dtam, ahogy nem tudta visszafogni \u00f6r\u00f6m\u00e9t, \u00e9s mindig vill\u00e1msebess\u00e9gben \u00faszta k\u00f6rbe akv\u00e1rium\u00e1t. Im\u00e1dtam, ahogy vicces arcokat v\u00e1gott, csak az\u00e9rt, hogy felvid\u00edtson egy f\u00e1raszt\u00f3 nap ut\u00e1n, de legink\u00e1bb azt im\u00e1dtam, hogy az \u00e9n aranyhalam volt. Nem csak \u00e9n v\u00e1lasztottam \u0151t, hanem \u00e9pp annyira \u0151 is engem. \u2013 K\u00e9zfejemmel megt\u00f6rl\u00f6m k\u00f6nnyes szemem, \u00e9s leteszem a kis pap\u00edrokat az apr\u00f3 s\u00edrra, majd hagyom, hogy any\u00e1\u00e9k megvigasztaljanak. \u00dagy, ahogy Ari tenn\u00e9.<\/p>\n","protected":false},"excerpt":{"rendered":"<p>Nefelejcs A hatalmas, \u00f6reg di\u00f3fa \u00e1rny\u00e9k\u00e1ban \u00e1llva, t\u00f6k\u00e9letes tavaszi szell\u0151 f\u00faj v\u00e9gig a fa z\u00f6ldell\u0151 levelein, mik\u00f6zben fekete szokny\u00e1mba t\u00f6rl\u00f6m idegess\u00e9gt\u0151l izzadt tenyerem. Hiszen ideges vagyok. Mi\u00e9rt ne lenn\u00e9k ideges, amikor ekkora figyelem ir\u00e1nyul r\u00e1m? Utolj\u00e1ra a tavalyi szaval\u00f3verseny j\u00e1r\u00e1si &hellip; <a href=\"https:\/\/opus-folyoirat.sk\/?page_id=3723\">Egy kattint\u00e1s ide a folytat\u00e1shoz&#8230;. <span class=\"meta-nav\">&rarr;<\/span><\/a><\/p>\n","protected":false},"author":4,"featured_media":0,"parent":0,"menu_order":0,"comment_status":"closed","ping_status":"closed","template":"","meta":{"footnotes":""},"class_list":["post-3723","page","type-page","status-publish","hentry"],"_links":{"self":[{"href":"https:\/\/opus-folyoirat.sk\/index.php?rest_route=\/wp\/v2\/pages\/3723","targetHints":{"allow":["GET"]}}],"collection":[{"href":"https:\/\/opus-folyoirat.sk\/index.php?rest_route=\/wp\/v2\/pages"}],"about":[{"href":"https:\/\/opus-folyoirat.sk\/index.php?rest_route=\/wp\/v2\/types\/page"}],"author":[{"embeddable":true,"href":"https:\/\/opus-folyoirat.sk\/index.php?rest_route=\/wp\/v2\/users\/4"}],"replies":[{"embeddable":true,"href":"https:\/\/opus-folyoirat.sk\/index.php?rest_route=%2Fwp%2Fv2%2Fcomments&post=3723"}],"version-history":[{"count":1,"href":"https:\/\/opus-folyoirat.sk\/index.php?rest_route=\/wp\/v2\/pages\/3723\/revisions"}],"predecessor-version":[{"id":3724,"href":"https:\/\/opus-folyoirat.sk\/index.php?rest_route=\/wp\/v2\/pages\/3723\/revisions\/3724"}],"wp:attachment":[{"href":"https:\/\/opus-folyoirat.sk\/index.php?rest_route=%2Fwp%2Fv2%2Fmedia&parent=3723"}],"curies":[{"name":"wp","href":"https:\/\/api.w.org\/{rel}","templated":true}]}}